{"id":422,"date":"2022-02-10T17:50:56","date_gmt":"2022-02-10T17:50:56","guid":{"rendered":"https:\/\/intl.phonak.com\/hr-hr\/hearing-screener\/"},"modified":"2025-09-08T11:50:44","modified_gmt":"2025-09-08T11:50:44","slug":"online-test-sluha","status":"publish","type":"page","link":"https:\/\/intl.phonak.com\/hr-hr\/online-test-sluha\/","title":{"rendered":"Online test sluha"},"content":{"rendered":"\n<div style=\"height:64px\" aria-hidden=\"true\" class=\"wp-block-spacer\"><\/div>   \n<figure class=\"wp-block-image aligncenter size-large\"><img decoding=\"async\" src=\"https:\/\/intl.phonak.com\/hr-hr\/wp-content\/uploads\/sites\/3\/2022\/02\/eScreener.jpg?w=550\" alt=\"Hearing screener\" class=\"wp-image-4464\"\/><\/figure>   \n<div class=\"wp-block-group is-style-align-small is-layout-flow wp-block-group-is-layout-flow\" style=\"padding-top:0px\">\n<div style=\"height:28px\" aria-hidden=\"true\" class=\"wp-block-spacer\"><\/div>   \n<h2 class=\"wp-block-heading has-text-align-center\" id=\"take-our-five-minute-online-hearing-test\">Uzmite na\u0161 3 minutni online test sluha<\/h2>   <div class=\"wp-block-buttons is-layout-flex wp-block-buttons-is-layout-flex\">\n<div class=\"wp-block-button aligncenter\"><a class=\"wp-block-button__link wp-element-button\" href=\"https:\/\/hearing-screener.beyondhearing.org\/phonak\/t5LE0m\/welcome?Brand=Phonak&#038;Country=CA&#038;Language=EN\" target=\"_blank\" rel=\"noreferrer noopener\">Provjerite sluh<\/a><\/div>\n<\/div>   \n<div style=\"height:62px\" aria-hidden=\"true\" class=\"wp-block-spacer\"><\/div>   \n<p class=\"has-text-align-center\">Ponekad ne primje\u0107ujemo gubitak sluha dok ne po\u010dne utjecati na na\u0161 \u017eivotni stil. Borba da \u010dujete kolege s posla, prijatelje ili obitelj ili propu\u0161tanje zvuka mo\u017ee zna\u010diti propu\u0161tanje cijele pri\u010de.<\/p>   \n<p class=\"has-text-align-center\">Dovr\u0161ite Phonak online test sluha iz udobnosti vlastitog doma. Stru\u010dnjak za slu\u0161na pomagala tada \u0107e s vama razgovarati o tim rezultatima i procijeniti va\u0161u kandidaturu za slu\u0161ni aparat. Daljnji pregledi, uklju\u010duju\u0107i potpunu dijagnosti\u010dku procjenu, ugradnju slu\u0161nog aparata i prilagodbe, mogu se obaviti u ordinaciji stru\u010dnjaka za slu\u0161na pomagala ili virtualno. S digitalnim alternativama posjetima licem u lice, mo\u017eete pristupiti svim svojim uslugama slu\u0161nih pomagala koje odgovaraju va\u0161im individualnim potrebama uz isti pristup profesionalnoj i personaliziranoj stru\u010dnosti.<\/p>   \n<p class=\"has-text-align-center\">Ako umjesto toga \u017eelite napraviti test sluha u svom podru\u010dju, molimo <a href=\"https:\/\/intl.phonak.com\/hr-hr\/pronadite-strucnjaka\/\">Prona\u0111ite stru\u010dnjaka<\/a> za slu\u0161na pomagala u svojoj blizini.<\/p>\n<\/div>   \n<div class=\"wp-block-group alignfull has-light-grey-background-color has-background is-layout-flow wp-block-group-is-layout-flow\">\n<h3 class=\"wp-block-heading has-text-align-center has-blue-color has-text-color\" id=\"how-to-get-the-most-out-of-this-test\">Kako izvu\u0107i maksimum iz ovog testa<\/h3>   \n<div class=\"wp-block-group is-style-align-small is-layout-flow wp-block-group-is-layout-flow\"><div class=\"wp-list-block\">\n<ul class=\"wp-block-list\">\n<li>Provjerite jeste li u mirnom podru\u010dju prije nego \u0161to zapo\u010dnete test sluha<\/li>   <li>Koristite slu\u0161alice umjesto ugra\u0111enih zvu\u010dnika i postavite glasno\u0107u ure\u0111aja na 50%<\/li>\n<\/ul>\n<\/div><\/div>\n<\/div>   \n<div style=\"height:47px\" aria-hidden=\"true\" class=\"wp-block-spacer\"><\/div>   \n<h3 class=\"wp-block-heading has-text-align-center has-blue-color has-text-color\" id=\"how-the-online-hearing-test-works\">Kako funkcionira online test sluha<\/h3>   \n<div class=\"wp-block-media-text alignwide is-stacked-on-mobile\"><figure class=\"wp-block-media-text__media\"><img decoding=\"async\" src=\"https:\/\/intl.phonak.com\/hr-hr\/wp-content\/uploads\/sites\/3\/2022\/02\/Screener.jpg?w=550\" alt=\"Hearing screener\" class=\"wp-image-4525 size-full\"\/><\/figure><div class=\"wp-block-media-text__content\"><div class=\"wp-list-block\">\n<ul class=\"wp-block-list\">\n<li>Prvi dio testa odre\u0111uje koliko dobro mo\u017eete \u010duti na razli\u010ditim frekvencijskim razinama. \u010cut \u0107ete brojne tonove na razli\u010ditim visinama i od vas se tra\u017ei da prilagodite glasno\u0107u dok ne \u010dujete zvuk<\/li>   <li>U drugom dijelu testa postavit \u0107emo vam niz pitanja o va\u0161oj sposobnosti sluha u izazovnim situacijama slu\u0161anja<\/li>   <li>Nakon toga bit \u0107e vam predstavljeni rezultati testa sluha i smjernice \u0161to u\u010diniti sljede\u0107e ako nai\u0111emo na znakove gubitka sluha<\/li>\n<\/ul>\n<\/div><\/div><\/div>   \n<div class=\"wp-block-group alignfull is-style-default has-light-grey-background-color has-background is-layout-flow wp-block-group-is-layout-flow\">\n<div class=\"wp-block-group is-style-align-small is-layout-flow wp-block-group-is-layout-flow\">\n<h3 class=\"wp-block-heading has-blue-color has-text-color\" id=\"what-to-expect-at-your-first-appointment-1\">\u0160to mo\u017eete o\u010dekivati na prvom terminu<\/h3>\n<\/div>   \n<p class=\"has-text-align-center\">Stalo nam je do va\u0161eg sluha i problema koje je va\u0161 gubitak sluha mogao predstavljati u va\u0161im \u017eivotima. Tu smo da vam pomognemo. Gubitak sluha je prirodan i nema se \u010dega bojati. S modernim rje\u0161enjem tvrtke Phonak mo\u017eemo vam pomo\u0107i da ponovno bolje \u010dujete.<\/p>   \n<p class=\"has-text-align-center\"><\/p>\n<\/div>   \n<div style=\"height:52px\" aria-hidden=\"true\" class=\"wp-block-spacer\"><\/div>   \n<h3 class=\"wp-block-heading has-text-align-center has-blue-color has-text-color\" id=\"i-have-a-hearing-loss-what-comes-next\">Imam gubitak sluha, \u0161to slijedi?<\/h3>   \n<div style=\"height:37px\" aria-hidden=\"true\" class=\"wp-block-spacer\"><\/div>   <div class=\"wp-block-columns is-layout-flex wp-container-core-columns-is-layout-9d6595d7 wp-block-columns-is-layout-flex\">\n<div class=\"wp-block-column is-layout-flow wp-block-column-is-layout-flow\">\n<h4 class=\"wp-block-heading\">1) Vi govorite, mi slu\u0161amo<\/h4>   <p>Va\u0161e putovanje zapo\u010dinje posjetom stru\u010dnjaku za slu\u0161na pomagala; Oni su tu da vas upute do ispravne opcije za vas. Govorite o svom sluhu, kako se promijenio, s kojim se izazovima suo\u010davate, a mi slu\u0161amo.<\/p>\n<\/div>   <div class=\"wp-block-column is-layout-flow wp-block-column-is-layout-flow\">\n<h4 class=\"wp-block-heading\">2) Test sluha<\/h4>   <p>Nakon \u0161to podijelite svoja iskustva, testirat \u0107emo \u0161to \u010dujete. Test sluha jednostavan je kao sjedenje i slu\u0161anje. Nakon dovr\u0161etka uzimamo te rezultate, uparujemo ih s va\u0161im izazovima kako bismo osigurali da na\u0161i podaci odgovaraju va\u0161im iskustvima i dajemo preporuke o tome \u0161to je najbolje za vas.<\/p>\n<\/div>   <div class=\"wp-block-column is-layout-flow wp-block-column-is-layout-flow\">\n<h4 class=\"wp-block-heading\">3) TI odlu\u010duje\u0161<\/h4>   <p>Svoje nalaze prikazujemo i dajemo preporuke na temelju onoga \u0161to ste nam rekli. U kona\u010dnici, VI mo\u017eete donositi odluke o tome koja opcija najbolje odgovara va\u0161em \u017eivotu. Stvari poput va\u0161e obitelji, posla i dru\u0161tvenog \u017eivota sve su stvari koje biste trebali uzeti u obzir prije nego \u0161to odlu\u010dite osigurati da rje\u0161enje koje odaberete bude ispravno za sve aspekte va\u0161eg \u017eivota.<\/p>\n<\/div>\n<\/div>   \n<div style=\"height:50px\" aria-hidden=\"true\" class=\"wp-block-spacer\"><\/div>   \n<div class=\"wp-block-media-text is-stacked-on-mobile cta-block\" style=\"grid-template-columns:35% auto\"><figure class=\"wp-block-media-text__media\"><img decoding=\"async\" src=\"https:\/\/intl.phonak.com\/main-english\/wp-content\/uploads\/sites\/3\/2021\/11\/cta-image.jpg?w=401\" alt=\"\" class=\"wp-image-6738 size-full\"\/><\/figure><div class=\"wp-block-media-text__content\">\n<div class=\"wp-block-create-block-icon-selector\"><i class=\"fal fa-map-marker-alt\"><\/i><\/div>   \n<h3 class=\"wp-block-heading\">Stru\u010dnjaci za sluh u va\u0161oj blizini<\/h3>   <p>Stru\u010dnjaci za slu\u0161na pomagala mogu vam pomo\u0107i da napravite izbor koji je savr\u0161en za vas. Razmotrit \u0107e va\u0161e potrebe za sluhom, va\u0161 prora\u010dun, va\u0161 \u017eivotni stil i va\u0161e individualne preferencije sluha. <\/p>   <div class=\"wp-block-buttons is-layout-flex wp-block-buttons-is-layout-flex\">\n<div class=\"wp-block-button is-style-marker-green\"><a class=\"wp-block-button__link wp-element-button\" href=\"https:\/\/intl.phonak.com\/hr-hr\/pronadite-strucnjaka\/\">Prona\u0111ite stru\u010dnjaka<\/a><\/div>\n<\/div>\n<\/div><\/div> ","protected":false},"excerpt":{"rendered":"<p>Uzmite na\u0161 minutni online test sluha Ponekad ne primje\u0107ujemo gubitak sluha dok ne po\u010dne utjecati na na\u0161 \u017eivotni stil. Borba&#8230;<\/p>\n","protected":false},"author":14,"featured_media":0,"parent":0,"menu_order":0,"comment_status":"closed","ping_status":"closed","template":"","meta":{"_acf_changed":false,"inline_featured_image":false,"footnotes":""},"class_list":["post-422","page","type-page","status-publish","hentry"],"acf":[],"yoast_head":"<!-- This site is optimized with the Yoast SEO plugin v26.9 - https:\/\/yoast.com\/product\/yoast-seo-wordpress\/ -->\n<title>Online test sluha - Phonak - Hrvatska<\/title>\n<meta name=\"robots\" content=\"index, follow, max-snippet:-1, max-image-preview:large, max-video-preview:-1\" \/>\n<link rel=\"canonical\" href=\"https:\/\/intl.phonak.com\/main-english\/hearing-screener\/\" \/>\n<meta property=\"og:locale\" content=\"hr_HR\" \/>\n<meta property=\"og:type\" content=\"article\" \/>\n<meta property=\"og:title\" content=\"Online test sluha - Phonak - Hrvatska\" \/>\n<meta property=\"og:description\" content=\"Uzmite na\u0161 minutni online test sluha Ponekad ne primje\u0107ujemo gubitak sluha dok ne po\u010dne utjecati na na\u0161 \u017eivotni stil. Borba...\" \/>\n<meta property=\"og:url\" content=\"https:\/\/intl.phonak.com\/hr-hr\/online-test-sluha\/\" \/>\n<meta property=\"og:site_name\" content=\"Phonak - Hrvatska\" \/>\n<meta property=\"article:modified_time\" content=\"2025-09-08T11:50:44+00:00\" \/>\n<meta name=\"twitter:card\" content=\"summary_large_image\" \/>\n<meta name=\"twitter:label1\" content=\"Est. reading time\" \/>\n\t<meta name=\"twitter:data1\" content=\"6 minutes\" \/>\n<script type=\"application\/ld+json\" class=\"yoast-schema-graph\">{\"@context\":\"https:\/\/schema.org\",\"@graph\":[{\"@type\":\"WebPage\",\"@id\":\"https:\/\/intl.phonak.com\/hr-hr\/online-test-sluha\/\",\"url\":\"https:\/\/intl.phonak.com\/hr-hr\/online-test-sluha\/\",\"name\":\"Online test sluha - Phonak - Hrvatska\",\"isPartOf\":{\"@id\":\"https:\/\/intl.phonak.com\/hr-hr\/#website\"},\"primaryImageOfPage\":{\"@id\":\"https:\/\/intl.phonak.com\/hr-hr\/online-test-sluha\/#primaryimage\"},\"image\":{\"@id\":\"https:\/\/intl.phonak.com\/hr-hr\/online-test-sluha\/#primaryimage\"},\"thumbnailUrl\":\"https:\/\/intl.phonak.com\/hr-hr\/wp-content\/uploads\/sites\/3\/2022\/02\/eScreener.jpg?w=550\",\"datePublished\":\"2022-02-10T17:50:56+00:00\",\"dateModified\":\"2025-09-08T11:50:44+00:00\",\"breadcrumb\":{\"@id\":\"https:\/\/intl.phonak.com\/hr-hr\/online-test-sluha\/#breadcrumb\"},\"inLanguage\":\"hr-HR\",\"potentialAction\":[{\"@type\":\"ReadAction\",\"target\":[\"https:\/\/intl.phonak.com\/hr-hr\/online-test-sluha\/\"]}]},{\"@type\":\"ImageObject\",\"inLanguage\":\"hr-HR\",\"@id\":\"https:\/\/intl.phonak.com\/hr-hr\/online-test-sluha\/#primaryimage\",\"url\":\"\",\"contentUrl\":\"\"},{\"@type\":\"BreadcrumbList\",\"@id\":\"https:\/\/intl.phonak.com\/hr-hr\/online-test-sluha\/#breadcrumb\",\"itemListElement\":[{\"@type\":\"ListItem\",\"position\":1,\"name\":\"Home\",\"item\":\"https:\/\/intl.phonak.com\/hr-hr\/\"},{\"@type\":\"ListItem\",\"position\":2,\"name\":\"Online test sluha\"}]},{\"@type\":\"WebSite\",\"@id\":\"https:\/\/intl.phonak.com\/hr-hr\/#website\",\"url\":\"https:\/\/intl.phonak.com\/hr-hr\/\",\"name\":\"Phonak - Hrvatska\",\"description\":\"Posve\u0107eni promjeni \u017eivota\",\"publisher\":{\"@id\":\"https:\/\/intl.phonak.com\/hr-hr\/#organization\"},\"potentialAction\":[{\"@type\":\"SearchAction\",\"target\":{\"@type\":\"EntryPoint\",\"urlTemplate\":\"https:\/\/intl.phonak.com\/hr-hr\/?s={search_term_string}\"},\"query-input\":{\"@type\":\"PropertyValueSpecification\",\"valueRequired\":true,\"valueName\":\"search_term_string\"}}],\"inLanguage\":\"hr-HR\"},{\"@type\":\"Organization\",\"@id\":\"https:\/\/intl.phonak.com\/hr-hr\/#organization\",\"name\":\"Phonak - Hrvatska\",\"url\":\"https:\/\/intl.phonak.com\/hr-hr\/\",\"logo\":{\"@type\":\"ImageObject\",\"inLanguage\":\"hr-HR\",\"@id\":\"https:\/\/intl.phonak.com\/hr-hr\/#\/schema\/logo\/image\/\",\"url\":\"https:\/\/intl.phonak.com\/hr-hr\/wp-content\/uploads\/sites\/67\/2025\/06\/logo-phonak.svg\",\"contentUrl\":\"https:\/\/intl.phonak.com\/hr-hr\/wp-content\/uploads\/sites\/67\/2025\/06\/logo-phonak.svg\",\"caption\":\"Phonak - Hrvatska\"},\"image\":{\"@id\":\"https:\/\/intl.phonak.com\/hr-hr\/#\/schema\/logo\/image\/\"}}]}<\/script>\n<!-- \/ Yoast SEO plugin. -->","yoast_head_json":{"title":"Online test sluha - Phonak - Hrvatska","robots":{"index":"index","follow":"follow","max-snippet":"max-snippet:-1","max-image-preview":"max-image-preview:large","max-video-preview":"max-video-preview:-1"},"canonical":"https:\/\/intl.phonak.com\/main-english\/hearing-screener\/","og_locale":"hr_HR","og_type":"article","og_title":"Online test sluha - Phonak - Hrvatska","og_description":"Uzmite na\u0161 minutni online test sluha Ponekad ne primje\u0107ujemo gubitak sluha dok ne po\u010dne utjecati na na\u0161 \u017eivotni stil. Borba...","og_url":"https:\/\/intl.phonak.com\/hr-hr\/online-test-sluha\/","og_site_name":"Phonak - Hrvatska","article_modified_time":"2025-09-08T11:50:44+00:00","twitter_card":"summary_large_image","twitter_misc":{"Est. reading time":"6 minutes"},"schema":{"@context":"https:\/\/schema.org","@graph":[{"@type":"WebPage","@id":"https:\/\/intl.phonak.com\/hr-hr\/online-test-sluha\/","url":"https:\/\/intl.phonak.com\/hr-hr\/online-test-sluha\/","name":"Online test sluha - Phonak - Hrvatska","isPartOf":{"@id":"https:\/\/intl.phonak.com\/hr-hr\/#website"},"primaryImageOfPage":{"@id":"https:\/\/intl.phonak.com\/hr-hr\/online-test-sluha\/#primaryimage"},"image":{"@id":"https:\/\/intl.phonak.com\/hr-hr\/online-test-sluha\/#primaryimage"},"thumbnailUrl":"https:\/\/intl.phonak.com\/hr-hr\/wp-content\/uploads\/sites\/3\/2022\/02\/eScreener.jpg?w=550","datePublished":"2022-02-10T17:50:56+00:00","dateModified":"2025-09-08T11:50:44+00:00","breadcrumb":{"@id":"https:\/\/intl.phonak.com\/hr-hr\/online-test-sluha\/#breadcrumb"},"inLanguage":"hr-HR","potentialAction":[{"@type":"ReadAction","target":["https:\/\/intl.phonak.com\/hr-hr\/online-test-sluha\/"]}]},{"@type":"ImageObject","inLanguage":"hr-HR","@id":"https:\/\/intl.phonak.com\/hr-hr\/online-test-sluha\/#primaryimage","url":"","contentUrl":""},{"@type":"BreadcrumbList","@id":"https:\/\/intl.phonak.com\/hr-hr\/online-test-sluha\/#breadcrumb","itemListElement":[{"@type":"ListItem","position":1,"name":"Home","item":"https:\/\/intl.phonak.com\/hr-hr\/"},{"@type":"ListItem","position":2,"name":"Online test sluha"}]},{"@type":"WebSite","@id":"https:\/\/intl.phonak.com\/hr-hr\/#website","url":"https:\/\/intl.phonak.com\/hr-hr\/","name":"Phonak - Hrvatska","description":"Posve\u0107eni promjeni \u017eivota","publisher":{"@id":"https:\/\/intl.phonak.com\/hr-hr\/#organization"},"potentialAction":[{"@type":"SearchAction","target":{"@type":"EntryPoint","urlTemplate":"https:\/\/intl.phonak.com\/hr-hr\/?s={search_term_string}"},"query-input":{"@type":"PropertyValueSpecification","valueRequired":true,"valueName":"search_term_string"}}],"inLanguage":"hr-HR"},{"@type":"Organization","@id":"https:\/\/intl.phonak.com\/hr-hr\/#organization","name":"Phonak - Hrvatska","url":"https:\/\/intl.phonak.com\/hr-hr\/","logo":{"@type":"ImageObject","inLanguage":"hr-HR","@id":"https:\/\/intl.phonak.com\/hr-hr\/#\/schema\/logo\/image\/","url":"https:\/\/intl.phonak.com\/hr-hr\/wp-content\/uploads\/sites\/67\/2025\/06\/logo-phonak.svg","contentUrl":"https:\/\/intl.phonak.com\/hr-hr\/wp-content\/uploads\/sites\/67\/2025\/06\/logo-phonak.svg","caption":"Phonak - Hrvatska"},"image":{"@id":"https:\/\/intl.phonak.com\/hr-hr\/#\/schema\/logo\/image\/"}}]}},"jetpack_sharing_enabled":true,"distributor_meta":false,"distributor_terms":false,"distributor_media":false,"distributor_original_site_name":"Phonak - Hrvatska","distributor_original_site_url":"https:\/\/intl.phonak.com\/hr-hr","push-errors":false,"_links":{"self":[{"href":"https:\/\/intl.phonak.com\/hr-hr\/wp-json\/wp\/v2\/pages\/422","targetHints":{"allow":["GET"]}}],"collection":[{"href":"https:\/\/intl.phonak.com\/hr-hr\/wp-json\/wp\/v2\/pages"}],"about":[{"href":"https:\/\/intl.phonak.com\/hr-hr\/wp-json\/wp\/v2\/types\/page"}],"author":[{"embeddable":true,"href":"https:\/\/intl.phonak.com\/hr-hr\/wp-json\/wp\/v2\/users\/14"}],"replies":[{"embeddable":true,"href":"https:\/\/intl.phonak.com\/hr-hr\/wp-json\/wp\/v2\/comments?post=422"}],"version-history":[{"count":6,"href":"https:\/\/intl.phonak.com\/hr-hr\/wp-json\/wp\/v2\/pages\/422\/revisions"}],"predecessor-version":[{"id":1280,"href":"https:\/\/intl.phonak.com\/hr-hr\/wp-json\/wp\/v2\/pages\/422\/revisions\/1280"}],"wp:attachment":[{"href":"https:\/\/intl.phonak.com\/hr-hr\/wp-json\/wp\/v2\/media?parent=422"}],"curies":[{"name":"wp","href":"https:\/\/api.w.org\/{rel}","templated":true}]}}