{"id":410,"date":"2021-11-17T21:17:45","date_gmt":"2021-11-17T21:17:45","guid":{"rendered":"https:\/\/intl.phonak.com\/hr-hr\/solutions\/"},"modified":"2025-11-05T14:16:41","modified_gmt":"2025-11-05T14:16:41","slug":"rjesenja","status":"publish","type":"page","link":"https:\/\/intl.phonak.com\/hr-hr\/rjesenja\/","title":{"rendered":"Rje\u0161enja"},"content":{"rendered":"\n<div class=\"wp-block-cover alignfull is-light\"><img decoding=\"async\" class=\"wp-block-cover__image-background wp-image-4530\" alt=\"Solutions\" src=\"https:\/\/intl.phonak.com\/hr-hr\/wp-content\/uploads\/sites\/3\/2022\/02\/Banner-solutions.jpg\" style=\"object-position:77% 33%\" data-object-fit=\"cover\" data-object-position=\"77% 33%\"\/><span aria-hidden=\"true\" class=\"wp-block-cover__background has-light-grey-background-color has-background-dim\"><\/span><div class=\"wp-block-cover__inner-container is-layout-flow wp-block-cover-is-layout-flow\">\n<h1 class=\"wp-block-heading has-text-align-center has-dark-grey-color has-text-color\" id=\"signs-of-hearing-loss-1\">Savr\u0161eno pristajanje<\/h1>\n\n\n\n<p class=\"has-text-align-center has-dark-grey-color has-text-color has-lead-font-size\">Rje\u0161enja za svaku potrebu<\/p>\n<\/div><\/div>\n\n\n\n<h2 class=\"wp-block-heading has-text-align-center\" id=\"simplifying-life-with-a-brilliant-solution\">Pojednostavljenje \u017eivota s briljantnim rje\u0161enjem<\/h2>\n\n\n\n<p class=\"has-text-align-center\">Sloboda da idete kamo god \u017eelite, bez ograni\u010denja povezanih s gubitkom sluha, va\u017ena je za ispunjen \u017eivot. To je na\u0161 klju\u010dni fokus pri stvaranju novih platformi za Phonak slu\u0161na pomagala i pribor.<\/p>\n\n\n\n<p class=\"has-text-align-center\">Cilj nam je stvoriti razli\u010dite vrste slu\u0161nih aparata, koji \u0107e pojednostaviti \u017eivot, automatski i bez napora, a istovremeno vam pru\u017eiti iznimno iskustvo sluha, svugdje i svaki put!<\/p>\n\n\n\n<p class=\"has-text-align-center\">Slu\u0161ni aparati posljednjih su godina pre\u0161li dug put. Bez obzira na va\u0161 stupanj gubitka sluha &#8211; od primjetnog do dubokog &#8211; Phonak slu\u0161ni aparati uvelike se razlikuju po veli\u010dini i zna\u010dajkama kako bi se besprijekorno uklopili u va\u0161 \u017eivot.<\/p>\n\n\n\n<div style=\"height:37px\" aria-hidden=\"true\" class=\"wp-block-spacer\"><\/div>\n\n\n\n\t<div class=\"wp-block-pho-product-selection wp-block-pho-product-selection\">\n\t\t<div class=\"grid-x grid-padding-x grid-padding-y\">\n\n\t\t\t\t\t\t\t<div class=\"cell\">\n\t\t\t\t\t<h2 class=\"text-center\">Istra\u017eite rje\u0161enja<\/h2>\n\t\t\t\t<\/div>\n\t\t\t\t\n\t\t\t\t<div class=\"cell medium-6 large-4 flex-container\">\n\t\t\t\t\t\n<article id=\"post-7\" class=\"product-card post-7 pho_products type-pho_products status-publish has-post-thumbnail hentry pho_product_type-prvi-put pho_product_category-slusni-aparati pho_product_platforms-infinio\">\n\t\t<a class=\"flex-container flex-dir-column align-justify align-top\" href=\"https:\/\/intl.phonak.com\/hr-hr\/proizvodi\/phonak-audeo-sphere-infinio\/\">\n\t\t<div class=\"product-card-content-wrapper\">\n\t\t\t\n\t\t\t\t<div class=\"product-image-wrapper\">\n\t\t\t\t\t<img loading=\"lazy\" decoding=\"async\" width=\"1024\" height=\"1024\" src=\"https:\/\/intl.phonak.com\/hr-hr\/wp-content\/uploads\/sites\/67\/2026\/02\/PH_Packshot_Audeo-ISphereUltra-transparentIntl_1080x1080.png?w=1024\" class=\"attachment-post-thumbnail size-post-thumbnail wp-post-image\" alt=\"\" srcset=\"https:\/\/intl.phonak.com\/hr-hr\/wp-content\/uploads\/sites\/67\/2026\/02\/PH_Packshot_Audeo-ISphereUltra-transparentIntl_1080x1080.png 4500w, https:\/\/intl.phonak.com\/hr-hr\/wp-content\/uploads\/sites\/67\/2026\/02\/PH_Packshot_Audeo-ISphereUltra-transparentIntl_1080x1080.png?resize=150,150 150w, https:\/\/intl.phonak.com\/hr-hr\/wp-content\/uploads\/sites\/67\/2026\/02\/PH_Packshot_Audeo-ISphereUltra-transparentIntl_1080x1080.png?resize=300,300 300w, https:\/\/intl.phonak.com\/hr-hr\/wp-content\/uploads\/sites\/67\/2026\/02\/PH_Packshot_Audeo-ISphereUltra-transparentIntl_1080x1080.png?resize=768,768 768w, https:\/\/intl.phonak.com\/hr-hr\/wp-content\/uploads\/sites\/67\/2026\/02\/PH_Packshot_Audeo-ISphereUltra-transparentIntl_1080x1080.png?resize=1024,1024 1024w, https:\/\/intl.phonak.com\/hr-hr\/wp-content\/uploads\/sites\/67\/2026\/02\/PH_Packshot_Audeo-ISphereUltra-transparentIntl_1080x1080.png?resize=1536,1536 1536w, https:\/\/intl.phonak.com\/hr-hr\/wp-content\/uploads\/sites\/67\/2026\/02\/PH_Packshot_Audeo-ISphereUltra-transparentIntl_1080x1080.png?resize=2048,2048 2048w\" sizes=\"auto, (max-width: 1024px) 100vw, 1024px\" \/>\t\t\t\t<\/div>\n\n\t\t\t\t<h3 class=\"entry-title\">Phonak Aud\u00e9o Infinio (Ultra) Sphere\u2122<\/h3><p>Infinio Ultra Sphere poma\u017ee vam bolje \u010duti \u010dak i u najzahtjevnijim situacijama. AI u stvarnom vremenu pobolj\u0161ava govor iz bilo kojeg smjera i od vi\u0161e osoba, olak\u0161avaju\u0107i razumijevanje razgovora u buci.<\/p>\n\t\t<\/div>\n\t\t<div class=\"wp-block-button\">\n\t\t\t<div class=\"wp-block-button__link\">Pro\u010ditaj vi\u0161e<\/div>\n\t\t<\/div>\n\t<\/a>\n<\/article><!-- #post-7 -->\n\t\t\t\t<\/div>\n\n\t\t\t\t\n\t\t\t\t<div class=\"cell medium-6 large-4 flex-container\">\n\t\t\t\t\t\n<article id=\"post-13\" class=\"product-card post-13 pho_products type-pho_products status-publish has-post-thumbnail hentry pho_product_type-prvi-put pho_product_category-slusni-aparati pho_product_platforms-infinio\">\n\t\t<a class=\"flex-container flex-dir-column align-justify align-top\" href=\"https:\/\/intl.phonak.com\/hr-hr\/proizvodi\/phonak-audeo-infinio\/\">\n\t\t<div class=\"product-card-content-wrapper\">\n\t\t\t\n\t\t\t\t<div class=\"product-image-wrapper\">\n\t\t\t\t\t<img loading=\"lazy\" decoding=\"async\" width=\"1024\" height=\"1024\" src=\"https:\/\/intl.phonak.com\/hr-hr\/wp-content\/uploads\/sites\/67\/2026\/02\/PH_Packshot_Audeo-I-RUltra-transparentIntl_1080x1080.png?w=1024\" class=\"attachment-post-thumbnail size-post-thumbnail wp-post-image\" alt=\"\" srcset=\"https:\/\/intl.phonak.com\/hr-hr\/wp-content\/uploads\/sites\/67\/2026\/02\/PH_Packshot_Audeo-I-RUltra-transparentIntl_1080x1080.png 4500w, https:\/\/intl.phonak.com\/hr-hr\/wp-content\/uploads\/sites\/67\/2026\/02\/PH_Packshot_Audeo-I-RUltra-transparentIntl_1080x1080.png?resize=150,150 150w, https:\/\/intl.phonak.com\/hr-hr\/wp-content\/uploads\/sites\/67\/2026\/02\/PH_Packshot_Audeo-I-RUltra-transparentIntl_1080x1080.png?resize=300,300 300w, https:\/\/intl.phonak.com\/hr-hr\/wp-content\/uploads\/sites\/67\/2026\/02\/PH_Packshot_Audeo-I-RUltra-transparentIntl_1080x1080.png?resize=768,768 768w, https:\/\/intl.phonak.com\/hr-hr\/wp-content\/uploads\/sites\/67\/2026\/02\/PH_Packshot_Audeo-I-RUltra-transparentIntl_1080x1080.png?resize=1024,1024 1024w, https:\/\/intl.phonak.com\/hr-hr\/wp-content\/uploads\/sites\/67\/2026\/02\/PH_Packshot_Audeo-I-RUltra-transparentIntl_1080x1080.png?resize=1536,1536 1536w, https:\/\/intl.phonak.com\/hr-hr\/wp-content\/uploads\/sites\/67\/2026\/02\/PH_Packshot_Audeo-I-RUltra-transparentIntl_1080x1080.png?resize=2048,2048 2048w\" sizes=\"auto, (max-width: 1024px) 100vw, 1024px\" \/>\t\t\t\t<\/div>\n\n\t\t\t\t<h3 class=\"entry-title\">Phonak Aud\u00e9o\u2122 Infinio (Ultra) R<\/h3><p>Gdje god vas \u017eivot odvede, lnfinio Ultra R je ultra prilagodljiv. S AutoSense OS 7.0 dobivate jedinstveno personalizirane, kombinirane programe za sluh i AI-pogonjen, optimalan zvuk. Bez obzira na va\u0161 stil \u017eivota, Ultra se prilago\u0111ava vama.<\/p>\n\t\t<\/div>\n\t\t<div class=\"wp-block-button\">\n\t\t\t<div class=\"wp-block-button__link\">Pro\u010ditaj vi\u0161e<\/div>\n\t\t<\/div>\n\t<\/a>\n<\/article><!-- #post-13 -->\n\t\t\t\t<\/div>\n\n\t\t\t\t\n\t\t\t\t<div class=\"cell medium-6 large-4 flex-container\">\n\t\t\t\t\t\n<article id=\"post-21\" class=\"product-card post-21 pho_products type-pho_products status-publish has-post-thumbnail hentry pho_product_type-prilagodeno pho_product_type-prvi-put pho_product_category-slusni-aparati pho_product_platforms-infinio\">\n\t\t<a class=\"flex-container flex-dir-column align-justify align-top\" href=\"https:\/\/intl.phonak.com\/hr-hr\/proizvodi\/phonak-virto-infinio\/\">\n\t\t<div class=\"product-card-content-wrapper\">\n\t\t\t\n\t\t\t\t<div class=\"product-image-wrapper\">\n\t\t\t\t\t<img loading=\"lazy\" decoding=\"async\" width=\"1024\" height=\"1024\" src=\"https:\/\/intl.phonak.com\/hr-hr\/wp-content\/uploads\/sites\/67\/2025\/06\/PH_Packshot_Virto-I-10-NW-O_CIC-F22-S22-left-PB.png?w=1024\" class=\"attachment-post-thumbnail size-post-thumbnail wp-post-image\" alt=\"Phonak Virto I-10 NW O\" srcset=\"https:\/\/intl.phonak.com\/hr-hr\/wp-content\/uploads\/sites\/67\/2025\/06\/PH_Packshot_Virto-I-10-NW-O_CIC-F22-S22-left-PB.png 2750w, https:\/\/intl.phonak.com\/hr-hr\/wp-content\/uploads\/sites\/67\/2025\/06\/PH_Packshot_Virto-I-10-NW-O_CIC-F22-S22-left-PB.png?resize=150,150 150w, https:\/\/intl.phonak.com\/hr-hr\/wp-content\/uploads\/sites\/67\/2025\/06\/PH_Packshot_Virto-I-10-NW-O_CIC-F22-S22-left-PB.png?resize=300,300 300w, https:\/\/intl.phonak.com\/hr-hr\/wp-content\/uploads\/sites\/67\/2025\/06\/PH_Packshot_Virto-I-10-NW-O_CIC-F22-S22-left-PB.png?resize=768,768 768w, https:\/\/intl.phonak.com\/hr-hr\/wp-content\/uploads\/sites\/67\/2025\/06\/PH_Packshot_Virto-I-10-NW-O_CIC-F22-S22-left-PB.png?resize=1024,1024 1024w, https:\/\/intl.phonak.com\/hr-hr\/wp-content\/uploads\/sites\/67\/2025\/06\/PH_Packshot_Virto-I-10-NW-O_CIC-F22-S22-left-PB.png?resize=1536,1536 1536w, https:\/\/intl.phonak.com\/hr-hr\/wp-content\/uploads\/sites\/67\/2025\/06\/PH_Packshot_Virto-I-10-NW-O_CIC-F22-S22-left-PB.png?resize=2048,2048 2048w\" sizes=\"auto, (max-width: 1024px) 100vw, 1024px\" \/>\t\t\t\t<\/div>\n\n\t\t\t\t<h3 class=\"entry-title\">Phonak Virto\u2122 Infinio<\/h3><p>Slu\u0161ni aparati Virto Infinio namijenjeni su onima koji preferiraju diskretno, prilago\u0111eno rje\u0161enje. <\/p>\n\t\t<\/div>\n\t\t<div class=\"wp-block-button\">\n\t\t\t<div class=\"wp-block-button__link\">Pro\u010ditaj vi\u0161e<\/div>\n\t\t<\/div>\n\t<\/a>\n<\/article><!-- #post-21 -->\n\t\t\t\t<\/div>\n\n\t\t\t\t\n\t\t<\/div>\n\t<\/div>\n\n\t\n\n\n<div style=\"height:25px\" aria-hidden=\"true\" class=\"wp-block-spacer\"><\/div>\n\n\n\n<p class=\"has-text-align-center\"><a href=\"https:\/\/intl.phonak.com\/hr-hr\/rjesenja\/vrste-slusnih-aparata\/\">Razumjeti razli\u010dite vrste stilova slu\u0161nih pomagala<\/a><\/p>\n\n\n\n<div style=\"height:34px\" aria-hidden=\"true\" class=\"wp-block-spacer\"><\/div>\n\n\n\n<div class=\"wp-block-media-text is-stacked-on-mobile cta-block\" style=\"grid-template-columns:35% auto\"><figure class=\"wp-block-media-text__media\"><img decoding=\"async\" src=\"https:\/\/intl.phonak.com\/main-english\/wp-content\/uploads\/sites\/3\/2021\/11\/cta-image.jpg?w=401\" alt=\"\" class=\"wp-image-6738 size-full\"\/><\/figure><div class=\"wp-block-media-text__content\">\n<div class=\"wp-block-create-block-icon-selector\"><i class=\"fal fa-map-marker-alt\"><\/i><\/div>   \n<h3 class=\"wp-block-heading\">Stru\u010dnjaci za sluh u va\u0161oj blizini<\/h3>   <p>Stru\u010dnjaci za slu\u0161na pomagala mogu vam pomo\u0107i da napravite izbor koji je savr\u0161en za vas. Razmotrit \u0107e va\u0161e potrebe za sluhom, va\u0161 prora\u010dun, va\u0161 \u017eivotni stil i va\u0161e individualne preferencije sluha. <\/p>   <div class=\"wp-block-buttons is-layout-flex wp-block-buttons-is-layout-flex\">\n<div class=\"wp-block-button is-style-marker-green\"><a class=\"wp-block-button__link wp-element-button\" href=\"https:\/\/intl.phonak.com\/hr-hr\/pronadite-strucnjaka\/\">Prona\u0111ite stru\u010dnjaka<\/a><\/div>\n<\/div>\n<\/div><\/div> ","protected":false},"excerpt":{"rendered":"<p>Pojednostavljenje \u017eivota s briljantnim rje\u0161enjem Sloboda da idete kamo god \u017eelite, bez ograni\u010denja povezanih s gubitkom sluha, va\u017ena je za&#8230;<\/p>\n","protected":false},"author":5,"featured_media":0,"parent":0,"menu_order":0,"comment_status":"closed","ping_status":"closed","template":"","meta":{"_acf_changed":false,"inline_featured_image":false,"footnotes":""},"class_list":["post-410","page","type-page","status-publish","hentry"],"acf":[],"yoast_head":"<!-- This site is optimized with the Yoast SEO plugin v26.9 - https:\/\/yoast.com\/product\/yoast-seo-wordpress\/ -->\n<title>Rje\u0161enja - Phonak - Hrvatska<\/title>\n<meta name=\"robots\" content=\"index, follow, max-snippet:-1, max-image-preview:large, max-video-preview:-1\" \/>\n<link rel=\"canonical\" href=\"https:\/\/intl.phonak.com\/main-english\/solutions\/\" \/>\n<meta property=\"og:locale\" content=\"hr_HR\" \/>\n<meta property=\"og:type\" content=\"article\" \/>\n<meta property=\"og:title\" content=\"Rje\u0161enja - Phonak - Hrvatska\" \/>\n<meta property=\"og:description\" content=\"Pojednostavljenje \u017eivota s briljantnim rje\u0161enjem Sloboda da idete kamo god \u017eelite, bez ograni\u010denja povezanih s gubitkom sluha, va\u017ena je za...\" \/>\n<meta property=\"og:url\" content=\"https:\/\/intl.phonak.com\/hr-hr\/rjesenja\/\" \/>\n<meta property=\"og:site_name\" content=\"Phonak - Hrvatska\" \/>\n<meta property=\"article:modified_time\" content=\"2025-11-05T14:16:41+00:00\" \/>\n<meta name=\"twitter:card\" content=\"summary_large_image\" \/>\n<meta name=\"twitter:label1\" content=\"Est. reading time\" \/>\n\t<meta name=\"twitter:data1\" content=\"2 minutes\" \/>\n<script type=\"application\/ld+json\" class=\"yoast-schema-graph\">{\"@context\":\"https:\/\/schema.org\",\"@graph\":[{\"@type\":\"WebPage\",\"@id\":\"https:\/\/intl.phonak.com\/hr-hr\/rjesenja\/\",\"url\":\"https:\/\/intl.phonak.com\/hr-hr\/rjesenja\/\",\"name\":\"Rje\u0161enja - Phonak - Hrvatska\",\"isPartOf\":{\"@id\":\"https:\/\/intl.phonak.com\/hr-hr\/#website\"},\"primaryImageOfPage\":{\"@id\":\"https:\/\/intl.phonak.com\/hr-hr\/rjesenja\/#primaryimage\"},\"image\":{\"@id\":\"https:\/\/intl.phonak.com\/hr-hr\/rjesenja\/#primaryimage\"},\"thumbnailUrl\":\"https:\/\/intl.phonak.com\/hr-hr\/wp-content\/uploads\/sites\/3\/2022\/02\/Banner-solutions.jpg\",\"datePublished\":\"2021-11-17T21:17:45+00:00\",\"dateModified\":\"2025-11-05T14:16:41+00:00\",\"breadcrumb\":{\"@id\":\"https:\/\/intl.phonak.com\/hr-hr\/rjesenja\/#breadcrumb\"},\"inLanguage\":\"hr-HR\",\"potentialAction\":[{\"@type\":\"ReadAction\",\"target\":[\"https:\/\/intl.phonak.com\/hr-hr\/rjesenja\/\"]}]},{\"@type\":\"ImageObject\",\"inLanguage\":\"hr-HR\",\"@id\":\"https:\/\/intl.phonak.com\/hr-hr\/rjesenja\/#primaryimage\",\"url\":\"\",\"contentUrl\":\"\"},{\"@type\":\"BreadcrumbList\",\"@id\":\"https:\/\/intl.phonak.com\/hr-hr\/rjesenja\/#breadcrumb\",\"itemListElement\":[{\"@type\":\"ListItem\",\"position\":1,\"name\":\"Home\",\"item\":\"https:\/\/intl.phonak.com\/hr-hr\/\"},{\"@type\":\"ListItem\",\"position\":2,\"name\":\"Rje\u0161enja\"}]},{\"@type\":\"WebSite\",\"@id\":\"https:\/\/intl.phonak.com\/hr-hr\/#website\",\"url\":\"https:\/\/intl.phonak.com\/hr-hr\/\",\"name\":\"Phonak - Hrvatska\",\"description\":\"Posve\u0107eni promjeni \u017eivota\",\"publisher\":{\"@id\":\"https:\/\/intl.phonak.com\/hr-hr\/#organization\"},\"potentialAction\":[{\"@type\":\"SearchAction\",\"target\":{\"@type\":\"EntryPoint\",\"urlTemplate\":\"https:\/\/intl.phonak.com\/hr-hr\/?s={search_term_string}\"},\"query-input\":{\"@type\":\"PropertyValueSpecification\",\"valueRequired\":true,\"valueName\":\"search_term_string\"}}],\"inLanguage\":\"hr-HR\"},{\"@type\":\"Organization\",\"@id\":\"https:\/\/intl.phonak.com\/hr-hr\/#organization\",\"name\":\"Phonak - Hrvatska\",\"url\":\"https:\/\/intl.phonak.com\/hr-hr\/\",\"logo\":{\"@type\":\"ImageObject\",\"inLanguage\":\"hr-HR\",\"@id\":\"https:\/\/intl.phonak.com\/hr-hr\/#\/schema\/logo\/image\/\",\"url\":\"https:\/\/intl.phonak.com\/hr-hr\/wp-content\/uploads\/sites\/67\/2025\/06\/logo-phonak.svg\",\"contentUrl\":\"https:\/\/intl.phonak.com\/hr-hr\/wp-content\/uploads\/sites\/67\/2025\/06\/logo-phonak.svg\",\"caption\":\"Phonak - Hrvatska\"},\"image\":{\"@id\":\"https:\/\/intl.phonak.com\/hr-hr\/#\/schema\/logo\/image\/\"}}]}<\/script>\n<!-- \/ Yoast SEO plugin. -->","yoast_head_json":{"title":"Rje\u0161enja - Phonak - Hrvatska","robots":{"index":"index","follow":"follow","max-snippet":"max-snippet:-1","max-image-preview":"max-image-preview:large","max-video-preview":"max-video-preview:-1"},"canonical":"https:\/\/intl.phonak.com\/main-english\/solutions\/","og_locale":"hr_HR","og_type":"article","og_title":"Rje\u0161enja - Phonak - Hrvatska","og_description":"Pojednostavljenje \u017eivota s briljantnim rje\u0161enjem Sloboda da idete kamo god \u017eelite, bez ograni\u010denja povezanih s gubitkom sluha, va\u017ena je za...","og_url":"https:\/\/intl.phonak.com\/hr-hr\/rjesenja\/","og_site_name":"Phonak - Hrvatska","article_modified_time":"2025-11-05T14:16:41+00:00","twitter_card":"summary_large_image","twitter_misc":{"Est. reading time":"2 minutes"},"schema":{"@context":"https:\/\/schema.org","@graph":[{"@type":"WebPage","@id":"https:\/\/intl.phonak.com\/hr-hr\/rjesenja\/","url":"https:\/\/intl.phonak.com\/hr-hr\/rjesenja\/","name":"Rje\u0161enja - Phonak - Hrvatska","isPartOf":{"@id":"https:\/\/intl.phonak.com\/hr-hr\/#website"},"primaryImageOfPage":{"@id":"https:\/\/intl.phonak.com\/hr-hr\/rjesenja\/#primaryimage"},"image":{"@id":"https:\/\/intl.phonak.com\/hr-hr\/rjesenja\/#primaryimage"},"thumbnailUrl":"https:\/\/intl.phonak.com\/hr-hr\/wp-content\/uploads\/sites\/3\/2022\/02\/Banner-solutions.jpg","datePublished":"2021-11-17T21:17:45+00:00","dateModified":"2025-11-05T14:16:41+00:00","breadcrumb":{"@id":"https:\/\/intl.phonak.com\/hr-hr\/rjesenja\/#breadcrumb"},"inLanguage":"hr-HR","potentialAction":[{"@type":"ReadAction","target":["https:\/\/intl.phonak.com\/hr-hr\/rjesenja\/"]}]},{"@type":"ImageObject","inLanguage":"hr-HR","@id":"https:\/\/intl.phonak.com\/hr-hr\/rjesenja\/#primaryimage","url":"","contentUrl":""},{"@type":"BreadcrumbList","@id":"https:\/\/intl.phonak.com\/hr-hr\/rjesenja\/#breadcrumb","itemListElement":[{"@type":"ListItem","position":1,"name":"Home","item":"https:\/\/intl.phonak.com\/hr-hr\/"},{"@type":"ListItem","position":2,"name":"Rje\u0161enja"}]},{"@type":"WebSite","@id":"https:\/\/intl.phonak.com\/hr-hr\/#website","url":"https:\/\/intl.phonak.com\/hr-hr\/","name":"Phonak - Hrvatska","description":"Posve\u0107eni promjeni \u017eivota","publisher":{"@id":"https:\/\/intl.phonak.com\/hr-hr\/#organization"},"potentialAction":[{"@type":"SearchAction","target":{"@type":"EntryPoint","urlTemplate":"https:\/\/intl.phonak.com\/hr-hr\/?s={search_term_string}"},"query-input":{"@type":"PropertyValueSpecification","valueRequired":true,"valueName":"search_term_string"}}],"inLanguage":"hr-HR"},{"@type":"Organization","@id":"https:\/\/intl.phonak.com\/hr-hr\/#organization","name":"Phonak - Hrvatska","url":"https:\/\/intl.phonak.com\/hr-hr\/","logo":{"@type":"ImageObject","inLanguage":"hr-HR","@id":"https:\/\/intl.phonak.com\/hr-hr\/#\/schema\/logo\/image\/","url":"https:\/\/intl.phonak.com\/hr-hr\/wp-content\/uploads\/sites\/67\/2025\/06\/logo-phonak.svg","contentUrl":"https:\/\/intl.phonak.com\/hr-hr\/wp-content\/uploads\/sites\/67\/2025\/06\/logo-phonak.svg","caption":"Phonak - Hrvatska"},"image":{"@id":"https:\/\/intl.phonak.com\/hr-hr\/#\/schema\/logo\/image\/"}}]}},"jetpack_sharing_enabled":true,"distributor_meta":false,"distributor_terms":false,"distributor_media":false,"distributor_original_site_name":"Phonak - Hrvatska","distributor_original_site_url":"https:\/\/intl.phonak.com\/hr-hr","push-errors":false,"_links":{"self":[{"href":"https:\/\/intl.phonak.com\/hr-hr\/wp-json\/wp\/v2\/pages\/410","targetHints":{"allow":["GET"]}}],"collection":[{"href":"https:\/\/intl.phonak.com\/hr-hr\/wp-json\/wp\/v2\/pages"}],"about":[{"href":"https:\/\/intl.phonak.com\/hr-hr\/wp-json\/wp\/v2\/types\/page"}],"author":[{"embeddable":true,"href":"https:\/\/intl.phonak.com\/hr-hr\/wp-json\/wp\/v2\/users\/5"}],"replies":[{"embeddable":true,"href":"https:\/\/intl.phonak.com\/hr-hr\/wp-json\/wp\/v2\/comments?post=410"}],"version-history":[{"count":10,"href":"https:\/\/intl.phonak.com\/hr-hr\/wp-json\/wp\/v2\/pages\/410\/revisions"}],"predecessor-version":[{"id":1521,"href":"https:\/\/intl.phonak.com\/hr-hr\/wp-json\/wp\/v2\/pages\/410\/revisions\/1521"}],"wp:attachment":[{"href":"https:\/\/intl.phonak.com\/hr-hr\/wp-json\/wp\/v2\/media?parent=410"}],"curies":[{"name":"wp","href":"https:\/\/api.w.org\/{rel}","templated":true}]}}