{"id":405,"date":"2022-12-16T15:10:22","date_gmt":"2022-12-16T15:10:22","guid":{"rendered":"https:\/\/intl.phonak.com\/hr-hr\/privacy-notice\/"},"modified":"2025-09-17T13:57:37","modified_gmt":"2025-09-17T13:57:37","slug":"obavijest-o-privatnosti","status":"publish","type":"page","link":"https:\/\/intl.phonak.com\/hr-hr\/obavijest-o-privatnosti\/","title":{"rendered":"Obavijest o privatnosti"},"content":{"rendered":" <p id=\"block-3110c4d0-6c3e-4d55-8d38-129cb027a120\">Zadnje a\u017euriranje: travanj 2022<\/p>   <p id=\"block-e56d30a9-ff57-4997-85c2-75b5ef2450eb\">Ova Obavijest o privatnosti opisuje kako se va\u0161i osobni podaci, uklju\u010duju\u0107i osjetljive podatke, prikupljaju i obra\u0111uju u vezi s obrascem za kontakt. U ovom kontekstu, ova Obavijest o privatnosti pokriva obradu va\u0161ih osobnih podataka putem obrasca koji ispunjavate<\/p>   <p id=\"block-a3df515b-e1a3-4d69-a8f9-fd6a5dfd602e\">Obrada va\u0161ih osobnih podataka u skladu je, prema va\u0161oj zemlji, s lokalnim zahtjevima za za\u0161titu podataka, uklju\u010duju\u0107i \u0160vicarski savezni zakon o za\u0161titi podataka (&#8220;FDPA&#8221;), Uredbu (EU) 2016\/679 Europskog parlamenta i Vije\u0107a od 27. travnja 2016. (&#8220;GDPR&#8221;), i \/ ili, ako je primjenjivo, Zakon o prenosivosti i odgovornosti zdravstvenog osiguranja iz 1996. (&#8220;HIPAA&#8221;) za va\u0161e osobne podatke kvalificirane kao za\u0161ti\u0107ene zdravstvene informacije.<\/p>   <p id=\"block-1d87e0d9-df83-49dd-aaa9-7ee608294736\">Ova Obavijest o privatnosti mo\u017ee se povremeno a\u017eurirati. U ovom slu\u010daju, obavijestit \u0107emo vas da je ova Obavijest o privatnosti izmijenjena i datum &#8220;zadnje a\u017eurirano&#8221; na vrhu ovog dokumenta bit \u0107e izmijenjen. Preporu\u010dujemo da povremeno pregledate najnoviju verziju ove Obavijesti o privatnosti.<\/p>   <p id=\"block-96a81fc1-3995-437b-a025-3900acfc3713\"><strong>1. TKO SMO MI<\/strong><\/p>   <p id=\"block-5ec04ce4-ca54-430d-8742-940907142fc8\">Sonova AG, Laubisr\u00fctistrasse 28, 8712 St\u00e4fa, \u0160vicarska (<a href=\"http:\/\/www.sonova.com\/\">www.sonova.com<\/a>), (&#8220;Sonova AG&#8221;) djeluje kao kontrolor za obradu navedenu u sljede\u0107em odjeljku.<\/p>   <p id=\"block-4bcd26ae-20ae-4ab9-adef-a0bcbd2a5eb2\"><strong>2. OSOBNI PODACI KOJE PRIKUPLJAMO OD VAS I ZA\u0160TO<\/strong><\/p>   <p id=\"block-5381e53f-4ece-4513-b300-72951215d601\">Sonova AG obra\u0111uje va\u0161e osobne podatke i\/ili osobne podatke osobe koju predstavljate (koje ste podijelili s nama nakon \u0161to ste dobili njihov informirani pristanak), tj.: titula, ime, prezime, email, predmet, poruka.&nbsp;<\/p>   <p id=\"block-9d6808e7-302c-45ea-9296-ebf9f8a2f24b\">\u0160to se ti\u010de poruke koju \u0107ete poslati, imajte na umu da \u0107e va\u0161 upisani komentar biti prenesen u obi\u010dnom tekstu. Kako bi se uskladili s na\u010delom za\u0161tite podataka o minimizaciji podataka, molimo vas da unesete samo potrebne informacije koje trebate izraziti u vezi s isklju\u010divo svrhom za koju je alat namijenjen.&nbsp; Molimo vas da ne unosite vi\u0161e informacija nego \u0161to je potrebno ili nepotrebne informacije o vama ili drugoj osobi, kao \u0161to su informacije o zaposleniku ili kupcu. Razmotrite ovo posebno kada \u017eelite unijeti podatke u posebnu kategoriju\/osjetljive podatke, \u0161to su svi podaci koji otkrivaju rasno ili etni\u010dko podrijetlo, politi\u010dka mi\u0161ljenja, vjerska ili filozofska uvjerenja, \u010dlanstvo u sindikatu, genetski podaci, biometrijski podaci, podaci o zdravlju, seksualnom \u017eivotu ili seksualnoj orijentaciji.<\/p>   <p id=\"block-6ef8b4dc-fbc7-4339-b081-42fdd5e72f92\">Imajte na umu da se osobni podaci navedeni gore obra\u0111uju kako bi se osiguralo da vi ili netko koga zastupate bude ispravno procijenjen kako bi se rije\u0161io va\u0161 zahtjev i pru\u017eila odgovaraju\u0107a podr\u0161ka te, ako je zatra\u017eeno, preporu\u010deni proizvodi \/ usluge.<\/p>   <p id=\"block-d694b16d-bb1d-4f2a-ba31-dab1778385dc\">Imajte na umu da je ova svrha nu\u017ena za izvr\u0161enje va\u0161eg zahtjeva kao dio izvr\u0161enja ugovora kako biste stupili u kontakt s nama i na\u0161im pouzdanim distributerima. U tom pogledu, kao dio pru\u017eanja va\u0161ih kontaktnih podataka, kontaktirat \u0107e vas na\u0161a tre\u0107a strana koja djeluje u na\u0161e ime nekoliko dana nakon \u0161to po\u0161aljete svoj online obrazac. &nbsp;<\/p>   <p id=\"block-107ecf70-8699-4e51-9212-2b3c45c196d4\"><strong>3. KAKO DIJELIMO VA\u0160E OSOBNE PODATKE<\/strong><\/p>   <p id=\"block-bf3f85e8-d40b-4cdc-946e-cf7d14df10bd\">Kori\u0161tenjem gore navedenih usluga va\u0161i osobni podaci mogu biti podijeljeni u ograni\u010denom opsegu s na\u0161im poslovnim partnerima kao \u0161to su HCP-ovi, koji djeluju kao neovisni ili zajedni\u010dki kontrolori, pru\u017eaju\u0107i uslugu koju ste zatra\u017eili, kontaktiraju\u0107i vas kako bi odgovorili na va\u0161 zahtjev; i sljede\u0107im pru\u017eateljima usluga tre\u0107ih strana koji djeluju kao procesori:<\/p>  <div class=\"wp-list-block\"> <ul class=\"wp-block-list\" id=\"block-47a21154-6aea-47d7-b9de-279ba3c17e2d\">\n<li>Trew Knowledge: developer web stranice<\/li>   <li>WordPress VIP: sustav za upravljanje sadr\u017eajem\/platforma za web stranice<\/li>   <li>Microsoft: upravljati i odr\u017eavati infrastrukturu u oblaku te pru\u017eati tehni\u010dku podr\u0161ku.<\/li>\n<\/ul> <\/div>  <p id=\"block-d9424a7a-f94b-4d8a-8b17-41bc7dbc520a\">Va\u0161i osobni podaci tako\u0111er mogu biti otkriveni drugim tvrtkama u na\u0161oj grupi tvrtki, kao \u0161to su na\u0161e podru\u017enice, ili drugim organizacijama i javnim tijelima, uklju\u010duju\u0107i agencije za provedbu zakona, kako to mo\u017ee zahtijevati zakon.<\/p>   <p id=\"block-8145bbcd-69e8-40f0-9111-3a95298b2a8f\">Prije nego \u0161to otkrijemo bilo kakve osobne podatke tre\u0107im stranama osim onima navedenim gore, izri\u010dito \u0107emo vas tra\u017eiti va\u0161 pristanak. Me\u0111utim, ako smo zakonski obvezni otkriti osobne podatke bez va\u0161eg pristanka, otkrit \u0107emo samo osobne podatke koji su strogo potrebni za tu svrhu kako bismo ispunili na\u0161e zakonske obveze.<\/p>   <p id=\"block-e2ea32e7-a956-4300-9695-09d24ebba013\"><strong>4. ME\u0110UNARODNI PRIJENOSI OSOBNIH PODATAKA<\/strong><\/p>   <p id=\"block-72500bcf-8d04-47e8-b9d3-4df058b23228\">Imajte na umu da neki od gore spomenutih tre\u0107ih strana mogu biti smje\u0161teni izvan va\u0161e zemlje. Stoga, va\u0161i osobni podaci mogu biti preneseni u zemlje koje ne pru\u017eaju istu razinu za\u0161tite osobnih podataka kao va\u0161a vlastita zemlja. U takvim slu\u010dajevima, provest \u0107emo odgovaraju\u0107e mjere uklju\u010duju\u0107i odgovaraju\u0107e organizacijske, tehni\u010dke i pravne za\u0161titne mjere kako bismo upravljali relevantnim prijenosom i osigurali potrebnu razinu za\u0161tite prema va\u017ee\u0107em zakonu. &nbsp;<\/p>   <p id=\"block-533e1e30-9ef4-4e09-83f3-652b26c27011\"><strong>5. KOLIKO DUGO \u010cUVAMO VA\u0160E OSOBNE PODATKE<\/strong><\/p>   <p id=\"block-348682c7-3643-476c-a078-b6f347994d0c\">Osobni podaci se bri\u0161u nakon 3 mjeseca od zavr\u0161etka na\u0161eg komercijalnog kontakta. U slu\u010daju da va\u017ee\u0107i zakon ili druge regulative zahtijevaju du\u017ei period zadr\u017eavanja, primijenit \u0107emo du\u017ei period zadr\u017eavanja kako bismo ispunili na\u0161e zakonske obveze<\/p>   <p id=\"block-355074d9-2315-49f6-8b4f-bb2027139a72\">Osim toga, va\u0161i osobni podaci obra\u0111eni od strane distributera (uklju\u010duju\u0107i HCP-ove) bit \u0107e zadr\u017eani u skladu s va\u017ee\u0107im zakonima. Za vi\u0161e informacija o njihovim specifi\u010dnim razdobljima zadr\u017eavanja, molimo kontaktirajte svog HCP.<\/p>   <p id=\"block-af4238c1-82d9-4b87-950a-7ea13455900f\"><strong>6. VA\u0160A PRAVNA PRAVA<\/strong><\/p>   <p id=\"block-f63d6cd0-5a52-499d-9d2d-84666073602c\">Prema va\u017ee\u0107em zakonu, mo\u017eda imate pravo zatra\u017eiti pristup, ispravak, brisanje va\u0161ih osobnih podataka ili ograni\u010denje obrade. Osim toga, mo\u017eete prigovoriti obradi, zatra\u017eiti prijenos podataka i povu\u0107i svoj pristanak u bilo kojem trenutku. Prema va\u0161oj zemlji, mo\u017eete imati druga prava, kao \u0161to su davanje uputa o tome kako bi se va\u0161i osobni podaci trebali obra\u0111ivati nakon smrti. Prema HIPAA-i tako\u0111er mo\u017eete imati pravo zatra\u017eiti izvje\u0161\u0107e o otkrivanju va\u0161ih osobnih podataka i pravo primiti papirnatu kopiju ove obavijesti na pisani zahtjev.<\/p>   <p id=\"block-040fd872-a10c-401e-9d23-e9925f35b59a\">Mo\u017eete iskoristiti svoje pravo na prigovor na daljnji kontakt tako da nas obavijestite u bilo kojem trenutku tijekom poziva, koriste\u0107i na\u0161 &#8220;link za odjavu&#8221; sadr\u017ean u na\u0161em emailu, ili nas kontaktirate na&nbsp;<a href=\"mailto:privacy@sonova.com\">privacy@sonova.com<\/a>. Nakon provjere, osobni podaci koje ste dali bit \u0107e izbrisani s popisa kontakata koje koriste Sonova podru\u017enice i tre\u0107e strane.<\/p>   <p id=\"block-e17f8407-1be6-4178-b813-3435b39b5d41\">Imajte na umu da je ostvarivanje takvih prava podlo\u017eno ograni\u010denjima predvi\u0111enim va\u017ee\u0107im zakonom.<\/p>   <p id=\"block-94f85d78-fad6-479b-8e63-5dc84d7183e2\">Ako smatrate da obrada va\u0161ih osobnih podataka kr\u0161i va\u017ee\u0107i zakon, mo\u017eete tako\u0111er podnijeti pritu\u017ebu lokalnom nadzornom tijelu ili nadle\u017enom regulatoru.&nbsp;<\/p>   <p id=\"block-6e3d22c7-d924-4d86-a9d5-248990bfa7da\"><strong>7. KAKO NAS KONTAKTIRATI<\/strong><\/p>   <p id=\"block-0199cf36-d52c-4ccd-bd03-5b4ad64ab128\">U slu\u010daju pitanja o ovoj Obavijesti o privatnosti ili obradi va\u0161ih osobnih podataka, molimo kontaktirajte na\u0161 Tim za za\u0161titu podataka na <a href=\"mailto:privacy@sonova.com\">privacy@sonova.com<\/a>\u00a0ili +41 58 928 01 01.<br><br>Zadnje a\u017euriranje: travanj 2022<\/p> ","protected":false},"excerpt":{"rendered":"<p>Zadnje a\u017euriranje: travanj 2022 Ova Obavijest o privatnosti opisuje kako se va\u0161i osobni podaci, uklju\u010duju\u0107i osjetljive podatke, prikupljaju i obra\u0111uju&#8230;<\/p>\n","protected":false},"author":4,"featured_media":0,"parent":0,"menu_order":0,"comment_status":"closed","ping_status":"closed","template":"","meta":{"_acf_changed":false,"inline_featured_image":false,"footnotes":""},"class_list":["post-405","page","type-page","status-publish","hentry"],"acf":[],"yoast_head":"<!-- This site is optimized with the Yoast SEO plugin v26.9 - https:\/\/yoast.com\/product\/yoast-seo-wordpress\/ -->\n<title>Obavijest o privatnosti - Phonak - Hrvatska<\/title>\n<meta name=\"robots\" content=\"index, follow, max-snippet:-1, max-image-preview:large, max-video-preview:-1\" \/>\n<link rel=\"canonical\" href=\"https:\/\/intl.phonak.com\/main-english\/privacy-notice\/\" \/>\n<meta property=\"og:locale\" content=\"hr_HR\" \/>\n<meta property=\"og:type\" content=\"article\" \/>\n<meta property=\"og:title\" content=\"Obavijest o privatnosti - Phonak - Hrvatska\" \/>\n<meta property=\"og:description\" content=\"Zadnje a\u017euriranje: travanj 2022 Ova Obavijest o privatnosti opisuje kako se va\u0161i osobni podaci, uklju\u010duju\u0107i osjetljive podatke, prikupljaju i obra\u0111uju...\" \/>\n<meta property=\"og:url\" content=\"https:\/\/intl.phonak.com\/hr-hr\/obavijest-o-privatnosti\/\" \/>\n<meta property=\"og:site_name\" content=\"Phonak - Hrvatska\" \/>\n<meta property=\"article:modified_time\" content=\"2025-09-17T13:57:37+00:00\" \/>\n<meta name=\"twitter:card\" content=\"summary_large_image\" \/>\n<meta name=\"twitter:label1\" content=\"Est. reading time\" \/>\n\t<meta name=\"twitter:data1\" content=\"6 minutes\" \/>\n<script type=\"application\/ld+json\" class=\"yoast-schema-graph\">{\"@context\":\"https:\/\/schema.org\",\"@graph\":[{\"@type\":\"WebPage\",\"@id\":\"https:\/\/intl.phonak.com\/hr-hr\/obavijest-o-privatnosti\/\",\"url\":\"https:\/\/intl.phonak.com\/hr-hr\/obavijest-o-privatnosti\/\",\"name\":\"Obavijest o privatnosti - Phonak - Hrvatska\",\"isPartOf\":{\"@id\":\"https:\/\/intl.phonak.com\/hr-hr\/#website\"},\"datePublished\":\"2022-12-16T15:10:22+00:00\",\"dateModified\":\"2025-09-17T13:57:37+00:00\",\"breadcrumb\":{\"@id\":\"https:\/\/intl.phonak.com\/hr-hr\/obavijest-o-privatnosti\/#breadcrumb\"},\"inLanguage\":\"hr-HR\",\"potentialAction\":[{\"@type\":\"ReadAction\",\"target\":[\"https:\/\/intl.phonak.com\/hr-hr\/obavijest-o-privatnosti\/\"]}]},{\"@type\":\"BreadcrumbList\",\"@id\":\"https:\/\/intl.phonak.com\/hr-hr\/obavijest-o-privatnosti\/#breadcrumb\",\"itemListElement\":[{\"@type\":\"ListItem\",\"position\":1,\"name\":\"Home\",\"item\":\"https:\/\/intl.phonak.com\/hr-hr\/\"},{\"@type\":\"ListItem\",\"position\":2,\"name\":\"Obavijest o privatnosti\"}]},{\"@type\":\"WebSite\",\"@id\":\"https:\/\/intl.phonak.com\/hr-hr\/#website\",\"url\":\"https:\/\/intl.phonak.com\/hr-hr\/\",\"name\":\"Phonak - Hrvatska\",\"description\":\"Posve\u0107eni promjeni \u017eivota\",\"publisher\":{\"@id\":\"https:\/\/intl.phonak.com\/hr-hr\/#organization\"},\"potentialAction\":[{\"@type\":\"SearchAction\",\"target\":{\"@type\":\"EntryPoint\",\"urlTemplate\":\"https:\/\/intl.phonak.com\/hr-hr\/?s={search_term_string}\"},\"query-input\":{\"@type\":\"PropertyValueSpecification\",\"valueRequired\":true,\"valueName\":\"search_term_string\"}}],\"inLanguage\":\"hr-HR\"},{\"@type\":\"Organization\",\"@id\":\"https:\/\/intl.phonak.com\/hr-hr\/#organization\",\"name\":\"Phonak - Hrvatska\",\"url\":\"https:\/\/intl.phonak.com\/hr-hr\/\",\"logo\":{\"@type\":\"ImageObject\",\"inLanguage\":\"hr-HR\",\"@id\":\"https:\/\/intl.phonak.com\/hr-hr\/#\/schema\/logo\/image\/\",\"url\":\"https:\/\/intl.phonak.com\/hr-hr\/wp-content\/uploads\/sites\/67\/2025\/06\/logo-phonak.svg\",\"contentUrl\":\"https:\/\/intl.phonak.com\/hr-hr\/wp-content\/uploads\/sites\/67\/2025\/06\/logo-phonak.svg\",\"caption\":\"Phonak - Hrvatska\"},\"image\":{\"@id\":\"https:\/\/intl.phonak.com\/hr-hr\/#\/schema\/logo\/image\/\"}}]}<\/script>\n<!-- \/ Yoast SEO plugin. -->","yoast_head_json":{"title":"Obavijest o privatnosti - Phonak - Hrvatska","robots":{"index":"index","follow":"follow","max-snippet":"max-snippet:-1","max-image-preview":"max-image-preview:large","max-video-preview":"max-video-preview:-1"},"canonical":"https:\/\/intl.phonak.com\/main-english\/privacy-notice\/","og_locale":"hr_HR","og_type":"article","og_title":"Obavijest o privatnosti - Phonak - Hrvatska","og_description":"Zadnje a\u017euriranje: travanj 2022 Ova Obavijest o privatnosti opisuje kako se va\u0161i osobni podaci, uklju\u010duju\u0107i osjetljive podatke, prikupljaju i obra\u0111uju...","og_url":"https:\/\/intl.phonak.com\/hr-hr\/obavijest-o-privatnosti\/","og_site_name":"Phonak - Hrvatska","article_modified_time":"2025-09-17T13:57:37+00:00","twitter_card":"summary_large_image","twitter_misc":{"Est. reading time":"6 minutes"},"schema":{"@context":"https:\/\/schema.org","@graph":[{"@type":"WebPage","@id":"https:\/\/intl.phonak.com\/hr-hr\/obavijest-o-privatnosti\/","url":"https:\/\/intl.phonak.com\/hr-hr\/obavijest-o-privatnosti\/","name":"Obavijest o privatnosti - Phonak - Hrvatska","isPartOf":{"@id":"https:\/\/intl.phonak.com\/hr-hr\/#website"},"datePublished":"2022-12-16T15:10:22+00:00","dateModified":"2025-09-17T13:57:37+00:00","breadcrumb":{"@id":"https:\/\/intl.phonak.com\/hr-hr\/obavijest-o-privatnosti\/#breadcrumb"},"inLanguage":"hr-HR","potentialAction":[{"@type":"ReadAction","target":["https:\/\/intl.phonak.com\/hr-hr\/obavijest-o-privatnosti\/"]}]},{"@type":"BreadcrumbList","@id":"https:\/\/intl.phonak.com\/hr-hr\/obavijest-o-privatnosti\/#breadcrumb","itemListElement":[{"@type":"ListItem","position":1,"name":"Home","item":"https:\/\/intl.phonak.com\/hr-hr\/"},{"@type":"ListItem","position":2,"name":"Obavijest o privatnosti"}]},{"@type":"WebSite","@id":"https:\/\/intl.phonak.com\/hr-hr\/#website","url":"https:\/\/intl.phonak.com\/hr-hr\/","name":"Phonak - Hrvatska","description":"Posve\u0107eni promjeni \u017eivota","publisher":{"@id":"https:\/\/intl.phonak.com\/hr-hr\/#organization"},"potentialAction":[{"@type":"SearchAction","target":{"@type":"EntryPoint","urlTemplate":"https:\/\/intl.phonak.com\/hr-hr\/?s={search_term_string}"},"query-input":{"@type":"PropertyValueSpecification","valueRequired":true,"valueName":"search_term_string"}}],"inLanguage":"hr-HR"},{"@type":"Organization","@id":"https:\/\/intl.phonak.com\/hr-hr\/#organization","name":"Phonak - Hrvatska","url":"https:\/\/intl.phonak.com\/hr-hr\/","logo":{"@type":"ImageObject","inLanguage":"hr-HR","@id":"https:\/\/intl.phonak.com\/hr-hr\/#\/schema\/logo\/image\/","url":"https:\/\/intl.phonak.com\/hr-hr\/wp-content\/uploads\/sites\/67\/2025\/06\/logo-phonak.svg","contentUrl":"https:\/\/intl.phonak.com\/hr-hr\/wp-content\/uploads\/sites\/67\/2025\/06\/logo-phonak.svg","caption":"Phonak - Hrvatska"},"image":{"@id":"https:\/\/intl.phonak.com\/hr-hr\/#\/schema\/logo\/image\/"}}]}},"jetpack_sharing_enabled":true,"distributor_meta":false,"distributor_terms":false,"distributor_media":false,"distributor_original_site_name":"Phonak - Hrvatska","distributor_original_site_url":"https:\/\/intl.phonak.com\/hr-hr","push-errors":false,"_links":{"self":[{"href":"https:\/\/intl.phonak.com\/hr-hr\/wp-json\/wp\/v2\/pages\/405","targetHints":{"allow":["GET"]}}],"collection":[{"href":"https:\/\/intl.phonak.com\/hr-hr\/wp-json\/wp\/v2\/pages"}],"about":[{"href":"https:\/\/intl.phonak.com\/hr-hr\/wp-json\/wp\/v2\/types\/page"}],"author":[{"embeddable":true,"href":"https:\/\/intl.phonak.com\/hr-hr\/wp-json\/wp\/v2\/users\/4"}],"replies":[{"embeddable":true,"href":"https:\/\/intl.phonak.com\/hr-hr\/wp-json\/wp\/v2\/comments?post=405"}],"version-history":[{"count":3,"href":"https:\/\/intl.phonak.com\/hr-hr\/wp-json\/wp\/v2\/pages\/405\/revisions"}],"predecessor-version":[{"id":1439,"href":"https:\/\/intl.phonak.com\/hr-hr\/wp-json\/wp\/v2\/pages\/405\/revisions\/1439"}],"wp:attachment":[{"href":"https:\/\/intl.phonak.com\/hr-hr\/wp-json\/wp\/v2\/media?parent=405"}],"curies":[{"name":"wp","href":"https:\/\/api.w.org\/{rel}","templated":true}]}}