{"id":403,"date":"2022-12-16T15:11:36","date_gmt":"2022-12-16T15:11:36","guid":{"rendered":"https:\/\/intl.phonak.com\/hr-hr\/cookie-privacy-notice\/"},"modified":"2025-09-17T13:59:15","modified_gmt":"2025-09-17T13:59:15","slug":"obavijest-o-privatnosti-kolacica","status":"publish","type":"page","link":"https:\/\/intl.phonak.com\/hr-hr\/obavijest-o-privatnosti-kolacica\/","title":{"rendered":"Obavijest o privatnosti kola\u010di\u0107a"},"content":{"rendered":"\n<div class=\"wp-block-group is-style-align-small is-layout-flow wp-block-group-is-layout-flow\">\n<p>Vrijedi od: sije\u010danj 2025<\/p>   <p><strong>A. \u0160TO SU KOLA\u010cI\u0106I I DRUGI ALATI ZA PRA\u0106ENJE?<\/strong><\/p>   <p>Kola\u010di\u0107i su male datoteke koje ve\u0107ina internetskih preglednika pohranjuje za pra\u0107enje informacija o posjetiteljima i omogu\u0107uju Sonovi da u\u010dini svoju web ponudu relevantnijom za vas. Tijekom va\u0161eg posjeta na\u0161oj web stranici, Sonova koristi \u010detiri vrste kola\u010di\u0107a. Razdoblje zadr\u017eavanja ovisi o svakoj zemlji i relevantnom primjenjivom zakonu.<\/p>   <p><strong>A.2 KOJE KOLA\u010cI\u0106E KORISTIMO I ZA\u0160TO?<\/strong><\/p>  <div class=\"wp-list-block\"> <ul class=\"wp-block-list\">\n<li> Strogo potrebni kola\u010di\u0107i: ovi kola\u010di\u0107i su potrebni kako bismo vam pru\u017eili osnovne funkcionalnosti na\u0161e web stranice i ne mogu se isklju\u010diti u na\u0161im sustavima.<\/li>   <li>Kola\u010di\u0107i za performanse i analitiku: ovi kola\u010di\u0107i nam omogu\u0107uju brojanje posjeta i izvora prometa kako bismo mogli mjeriti i pobolj\u0161ati performanse na\u0161e web stranice.<\/li>   <li>Funkcionalni kola\u010di\u0107i: ovi kola\u010di\u0107i se koriste za pru\u017eanje pobolj\u0161ane funkcionalnosti i personalizacije tijekom va\u0161eg posjeta.<\/li>   <li>Ciljane ili reklamne kola\u010di\u0107e: ovi kola\u010di\u0107i mogu biti postavljeni putem na\u0161e web stranice od strane na\u0161ih reklamnih partnera kako bi izgradili profil va\u0161ih interesa i predlo\u017eili vam relevantne reklame.<\/li>\n<\/ul> <\/div>  <p>Neke od kola\u010di\u0107a koje koriste na\u0161e web stranice postavljamo mi, a neke postavljaju tre\u0107e strane u ime Sonove. Molimo prona\u0111ite dolje popis svih kola\u010di\u0107a i drugih alata za pra\u0107enje koje koristi ova web stranica:<\/p>   \n<figure class=\"wp-block-table has-legal-font-size\"><table><tbody><tr><td><strong>Doma\u0107in<\/strong><\/td><td class=\"has-text-align-left\" data-align=\"left\"><strong>Kola\u010di\u0107i ili drugi alati za pra\u0107enje<\/strong><\/td><td><strong>Kategorija<\/strong><\/td><td><strong>\u017divotni vijek<\/strong><\/td><td><strong>Tre\u0107i ili vlastiti kola\u010di\u0107<\/strong><\/td><\/tr><tr><td>intl.phonak.com<\/td><td class=\"has-text-align-left\" data-align=\"left\">wordpressuser_XXXXXXXXXXXXXXXXXXXXXXXXXXXXX, OptanonConsent, wordpress_test_cookie, wordpress_XXXXXXXXXXXXXXXXXXXXXXXXXXXX, wordpress_logged_in_XXXXXXXXXXXXXXXXXXXXXXXXXXX, jetpack_sso_original_request, wp-postpass_XXXXXXXXXXXXXXXXXXXXXXXXXXXX, wp-settings-, wordpress_sec_, jetpack_sso_redirect_to, wordpresspass_XXXXXXXXXXXXXXXXXXXXXXXXXXXX, OptanonAlertBoxClosed, wp-settings-time-X<\/td><td><\/td><td><\/td><td><\/td><\/tr><tr><td>phonak.com<\/td><td class=\"has-text-align-left\" data-align=\"left\">_ga_xxxxxxxxxx, _ga<\/td><td>Kola\u010di\u0107i izvedbe<\/td><td>1 godina<\/td><td>Prva stranka<\/td><\/tr><\/tbody><\/table><\/figure>   <p><br><strong>A.3 KAKO UPRAVLJATI KOLA\u010cI\u0106IMA?<\/strong><\/p>   <p>Svaka vrsta kola\u010di\u0107a odra\u017eava odre\u0111enu svrhu, na na\u0161oj web stranici mo\u017eete lako pristati na svaku svrhu. Prihva\u0107anjem svih kola\u010di\u0107a imat \u0107ete potpuno personalizirano web iskustvo. Dopu\u0161tamo vam da odaberete koje vrste kola\u010di\u0107a prihva\u0107ate ili blokirate, ali to mo\u017ee utjecati na va\u0161e iskustvo na web stranici i usluge koje nudimo. Ipak, mo\u017eete koristiti uslugu \u010dak i u slu\u010daju odbijanja pristanka na neke kola\u010di\u0107e, osim za strogo potrebne kola\u010di\u0107e.<br><br>Da biste povukli ili izmijenili svoj pristanak, kliknite ovdje.<\/p>   <p>Ako niste zainteresirani za prednosti na\u0161ih kola\u010di\u0107a, funkcija &#8220;Pomo\u0107&#8221; va\u0161eg preglednika mo\u017ee pru\u017eiti upute o tome kako sprije\u010diti kola\u010di\u0107e ili izbrisati postoje\u0107e kola\u010di\u0107e. Tako\u0111er, mo\u017eete nau\u010diti kako blokirati sve nove kola\u010di\u0107e u svom pregledniku i koji su koraci konfiguracije potrebni za primanje obavijesti o novim kola\u010di\u0107ima.<br><br>U svakom slu\u010daju, va\u0161 izbor (pristanak\/odbijanje) bit \u0107e \u010duvan na razdoblje od 6 mjeseci. <br><br>Vrlo korisne informacije o kola\u010di\u0107ima op\u0107enito mogu se prona\u0107i na ovim web stranicama: <a href=\"http:\/\/www.allaboutcookies.org\/\" target=\"_blank\" rel=\"noreferrer noopener\">http:\/\/www.allaboutcookies.org\/<\/a> or <a href=\"https:\/\/cookiepedia.co.uk\" target=\"_blank\" rel=\"noreferrer noopener\">https:\/\/cookiepedia.co.uk<\/a><\/p>   <p><strong>A.4 KAKO NAS KONTAKTIRATI?<\/strong><\/p>   <p>Za sva pitanja, komentare ili zabrinutosti u vezi s ovom Politikom, ili kako biste ostvarili svoja prava na privatnost dopu\u0161tena primjenjivim zakonom u vezi s Osobnim Podacima, molimo kontaktirajte na\u0161eg slu\u017ebenika za za\u0161titu podataka na sljede\u0107u e-mail adresu: <a href=\"mailto:privacy@sonova.com\">privacy@sonova.com<\/a>.<br>Za dodatne informacije molimo konzultirajte na\u0161 <a href=\"https:\/\/intl.phonak.com\/hr-hr\/web-privacy-cookie-policy\/\">web i politika kola\u010di\u0107a<\/a>.<\/p>   <p>Vrijedi od: sije\u010danj 2025<\/p>\n<\/div> ","protected":false},"excerpt":{"rendered":"<p>Vrijedi od: sije\u010danj 2025 A. \u0160TO SU KOLA\u010cI\u0106I I DRUGI ALATI ZA PRA\u0106ENJE? Kola\u010di\u0107i su male datoteke koje ve\u0107ina internetskih&#8230;<\/p>\n","protected":false},"author":4,"featured_media":0,"parent":0,"menu_order":0,"comment_status":"closed","ping_status":"closed","template":"","meta":{"_acf_changed":false,"inline_featured_image":false,"footnotes":""},"class_list":["post-403","page","type-page","status-publish","hentry"],"acf":[],"yoast_head":"<!-- This site is optimized with the Yoast SEO plugin v26.9 - https:\/\/yoast.com\/product\/yoast-seo-wordpress\/ -->\n<title>Obavijest o privatnosti kola\u010di\u0107a - Phonak - Hrvatska<\/title>\n<meta name=\"robots\" content=\"index, follow, max-snippet:-1, max-image-preview:large, max-video-preview:-1\" \/>\n<link rel=\"canonical\" href=\"https:\/\/intl.phonak.com\/main-english\/cookie-privacy-notice\/\" \/>\n<meta property=\"og:locale\" content=\"hr_HR\" \/>\n<meta property=\"og:type\" content=\"article\" \/>\n<meta property=\"og:title\" content=\"Obavijest o privatnosti kola\u010di\u0107a - Phonak - Hrvatska\" \/>\n<meta property=\"og:description\" content=\"Vrijedi od: sije\u010danj 2025 A. \u0160TO SU KOLA\u010cI\u0106I I DRUGI ALATI ZA PRA\u0106ENJE? Kola\u010di\u0107i su male datoteke koje ve\u0107ina internetskih...\" \/>\n<meta property=\"og:url\" content=\"https:\/\/intl.phonak.com\/hr-hr\/obavijest-o-privatnosti-kolacica\/\" \/>\n<meta property=\"og:site_name\" content=\"Phonak - Hrvatska\" \/>\n<meta property=\"article:modified_time\" content=\"2025-09-17T13:59:15+00:00\" \/>\n<meta name=\"twitter:card\" content=\"summary_large_image\" \/>\n<meta name=\"twitter:label1\" content=\"Est. reading time\" \/>\n\t<meta name=\"twitter:data1\" content=\"3 minutes\" \/>\n<script type=\"application\/ld+json\" class=\"yoast-schema-graph\">{\"@context\":\"https:\/\/schema.org\",\"@graph\":[{\"@type\":\"WebPage\",\"@id\":\"https:\/\/intl.phonak.com\/hr-hr\/obavijest-o-privatnosti-kolacica\/\",\"url\":\"https:\/\/intl.phonak.com\/hr-hr\/obavijest-o-privatnosti-kolacica\/\",\"name\":\"Obavijest o privatnosti kola\u010di\u0107a - Phonak - Hrvatska\",\"isPartOf\":{\"@id\":\"https:\/\/intl.phonak.com\/hr-hr\/#website\"},\"datePublished\":\"2022-12-16T15:11:36+00:00\",\"dateModified\":\"2025-09-17T13:59:15+00:00\",\"breadcrumb\":{\"@id\":\"https:\/\/intl.phonak.com\/hr-hr\/obavijest-o-privatnosti-kolacica\/#breadcrumb\"},\"inLanguage\":\"hr-HR\",\"potentialAction\":[{\"@type\":\"ReadAction\",\"target\":[\"https:\/\/intl.phonak.com\/hr-hr\/obavijest-o-privatnosti-kolacica\/\"]}]},{\"@type\":\"BreadcrumbList\",\"@id\":\"https:\/\/intl.phonak.com\/hr-hr\/obavijest-o-privatnosti-kolacica\/#breadcrumb\",\"itemListElement\":[{\"@type\":\"ListItem\",\"position\":1,\"name\":\"Home\",\"item\":\"https:\/\/intl.phonak.com\/hr-hr\/\"},{\"@type\":\"ListItem\",\"position\":2,\"name\":\"Obavijest-o-privatnosti-kola\u010di\u0107a\"}]},{\"@type\":\"WebSite\",\"@id\":\"https:\/\/intl.phonak.com\/hr-hr\/#website\",\"url\":\"https:\/\/intl.phonak.com\/hr-hr\/\",\"name\":\"Phonak - Hrvatska\",\"description\":\"Posve\u0107eni promjeni \u017eivota\",\"publisher\":{\"@id\":\"https:\/\/intl.phonak.com\/hr-hr\/#organization\"},\"potentialAction\":[{\"@type\":\"SearchAction\",\"target\":{\"@type\":\"EntryPoint\",\"urlTemplate\":\"https:\/\/intl.phonak.com\/hr-hr\/?s={search_term_string}\"},\"query-input\":{\"@type\":\"PropertyValueSpecification\",\"valueRequired\":true,\"valueName\":\"search_term_string\"}}],\"inLanguage\":\"hr-HR\"},{\"@type\":\"Organization\",\"@id\":\"https:\/\/intl.phonak.com\/hr-hr\/#organization\",\"name\":\"Phonak - Hrvatska\",\"url\":\"https:\/\/intl.phonak.com\/hr-hr\/\",\"logo\":{\"@type\":\"ImageObject\",\"inLanguage\":\"hr-HR\",\"@id\":\"https:\/\/intl.phonak.com\/hr-hr\/#\/schema\/logo\/image\/\",\"url\":\"https:\/\/intl.phonak.com\/hr-hr\/wp-content\/uploads\/sites\/67\/2025\/06\/logo-phonak.svg\",\"contentUrl\":\"https:\/\/intl.phonak.com\/hr-hr\/wp-content\/uploads\/sites\/67\/2025\/06\/logo-phonak.svg\",\"caption\":\"Phonak - Hrvatska\"},\"image\":{\"@id\":\"https:\/\/intl.phonak.com\/hr-hr\/#\/schema\/logo\/image\/\"}}]}<\/script>\n<!-- \/ Yoast SEO plugin. -->","yoast_head_json":{"title":"Obavijest o privatnosti kola\u010di\u0107a - Phonak - Hrvatska","robots":{"index":"index","follow":"follow","max-snippet":"max-snippet:-1","max-image-preview":"max-image-preview:large","max-video-preview":"max-video-preview:-1"},"canonical":"https:\/\/intl.phonak.com\/main-english\/cookie-privacy-notice\/","og_locale":"hr_HR","og_type":"article","og_title":"Obavijest o privatnosti kola\u010di\u0107a - Phonak - Hrvatska","og_description":"Vrijedi od: sije\u010danj 2025 A. \u0160TO SU KOLA\u010cI\u0106I I DRUGI ALATI ZA PRA\u0106ENJE? Kola\u010di\u0107i su male datoteke koje ve\u0107ina internetskih...","og_url":"https:\/\/intl.phonak.com\/hr-hr\/obavijest-o-privatnosti-kolacica\/","og_site_name":"Phonak - Hrvatska","article_modified_time":"2025-09-17T13:59:15+00:00","twitter_card":"summary_large_image","twitter_misc":{"Est. reading time":"3 minutes"},"schema":{"@context":"https:\/\/schema.org","@graph":[{"@type":"WebPage","@id":"https:\/\/intl.phonak.com\/hr-hr\/obavijest-o-privatnosti-kolacica\/","url":"https:\/\/intl.phonak.com\/hr-hr\/obavijest-o-privatnosti-kolacica\/","name":"Obavijest o privatnosti kola\u010di\u0107a - Phonak - Hrvatska","isPartOf":{"@id":"https:\/\/intl.phonak.com\/hr-hr\/#website"},"datePublished":"2022-12-16T15:11:36+00:00","dateModified":"2025-09-17T13:59:15+00:00","breadcrumb":{"@id":"https:\/\/intl.phonak.com\/hr-hr\/obavijest-o-privatnosti-kolacica\/#breadcrumb"},"inLanguage":"hr-HR","potentialAction":[{"@type":"ReadAction","target":["https:\/\/intl.phonak.com\/hr-hr\/obavijest-o-privatnosti-kolacica\/"]}]},{"@type":"BreadcrumbList","@id":"https:\/\/intl.phonak.com\/hr-hr\/obavijest-o-privatnosti-kolacica\/#breadcrumb","itemListElement":[{"@type":"ListItem","position":1,"name":"Home","item":"https:\/\/intl.phonak.com\/hr-hr\/"},{"@type":"ListItem","position":2,"name":"Obavijest-o-privatnosti-kola\u010di\u0107a"}]},{"@type":"WebSite","@id":"https:\/\/intl.phonak.com\/hr-hr\/#website","url":"https:\/\/intl.phonak.com\/hr-hr\/","name":"Phonak - Hrvatska","description":"Posve\u0107eni promjeni \u017eivota","publisher":{"@id":"https:\/\/intl.phonak.com\/hr-hr\/#organization"},"potentialAction":[{"@type":"SearchAction","target":{"@type":"EntryPoint","urlTemplate":"https:\/\/intl.phonak.com\/hr-hr\/?s={search_term_string}"},"query-input":{"@type":"PropertyValueSpecification","valueRequired":true,"valueName":"search_term_string"}}],"inLanguage":"hr-HR"},{"@type":"Organization","@id":"https:\/\/intl.phonak.com\/hr-hr\/#organization","name":"Phonak - Hrvatska","url":"https:\/\/intl.phonak.com\/hr-hr\/","logo":{"@type":"ImageObject","inLanguage":"hr-HR","@id":"https:\/\/intl.phonak.com\/hr-hr\/#\/schema\/logo\/image\/","url":"https:\/\/intl.phonak.com\/hr-hr\/wp-content\/uploads\/sites\/67\/2025\/06\/logo-phonak.svg","contentUrl":"https:\/\/intl.phonak.com\/hr-hr\/wp-content\/uploads\/sites\/67\/2025\/06\/logo-phonak.svg","caption":"Phonak - Hrvatska"},"image":{"@id":"https:\/\/intl.phonak.com\/hr-hr\/#\/schema\/logo\/image\/"}}]}},"jetpack_sharing_enabled":true,"distributor_meta":false,"distributor_terms":false,"distributor_media":false,"distributor_original_site_name":"Phonak - Hrvatska","distributor_original_site_url":"https:\/\/intl.phonak.com\/hr-hr","push-errors":false,"_links":{"self":[{"href":"https:\/\/intl.phonak.com\/hr-hr\/wp-json\/wp\/v2\/pages\/403","targetHints":{"allow":["GET"]}}],"collection":[{"href":"https:\/\/intl.phonak.com\/hr-hr\/wp-json\/wp\/v2\/pages"}],"about":[{"href":"https:\/\/intl.phonak.com\/hr-hr\/wp-json\/wp\/v2\/types\/page"}],"author":[{"embeddable":true,"href":"https:\/\/intl.phonak.com\/hr-hr\/wp-json\/wp\/v2\/users\/4"}],"replies":[{"embeddable":true,"href":"https:\/\/intl.phonak.com\/hr-hr\/wp-json\/wp\/v2\/comments?post=403"}],"version-history":[{"count":3,"href":"https:\/\/intl.phonak.com\/hr-hr\/wp-json\/wp\/v2\/pages\/403\/revisions"}],"predecessor-version":[{"id":1440,"href":"https:\/\/intl.phonak.com\/hr-hr\/wp-json\/wp\/v2\/pages\/403\/revisions\/1440"}],"wp:attachment":[{"href":"https:\/\/intl.phonak.com\/hr-hr\/wp-json\/wp\/v2\/media?parent=403"}],"curies":[{"name":"wp","href":"https:\/\/api.w.org\/{rel}","templated":true}]}}