{"id":259,"date":"2021-11-30T15:12:48","date_gmt":"2021-11-30T15:12:48","guid":{"rendered":"https:\/\/intl.phonak.com\/es-uy\/hearing-aid-styles\/"},"modified":"2026-02-16T12:45:17","modified_gmt":"2026-02-16T12:45:17","slug":"estilos-de-audifonos","status":"publish","type":"page","link":"https:\/\/intl.phonak.com\/es-uy\/soluciones\/estilos-de-audifonos\/","title":{"rendered":"Estilos de aud\u00edfonos"},"content":{"rendered":"\n<div class=\"wp-block-cover alignfull is-light\"><img decoding=\"async\" class=\"wp-block-cover__image-background wp-image-4536\" alt=\"Hearing aid styles\" src=\"https:\/\/intl.phonak.com\/main-english\/wp-content\/uploads\/sites\/3\/2022\/02\/Banner-hearing-aid-styles.jpg\" data-object-fit=\"cover\"\/><span aria-hidden=\"true\" class=\"wp-block-cover__background has-white-background-color has-background-dim\"><\/span><div class=\"wp-block-cover__inner-container is-layout-flow wp-block-cover-is-layout-flow\">\n<h1 class=\"wp-block-heading has-text-align-center has-dark-grey-color has-text-color\" id=\"phonak-hearing-aid-styles\">Estilos de aud\u00edfonos de Phonak<\/h1>\n\n\n\n<p class=\"has-text-align-center margin-bottom-0 has-dark-grey-color has-text-color has-lead-font-size\">C\u00f3modamente conectado<\/p>\n<\/div><\/div>\n\n\n\n<div class=\"wp-block-group is-style-align-small is-layout-flow wp-block-group-is-layout-flow\" style=\"padding-top:0px\">\n<h2 class=\"wp-block-heading has-text-align-center\" id=\"discover-the-style-that-fits-perfect-to-you\">Descubre el estilo que se adapta perfectamente a usted<\/h2>\n\n\n\n<p class=\"has-text-align-center\">Los aud\u00edfonos modernos ofrecen una amplia gama de funciones y variedad. Su audi\u00f3logo le ayudar\u00e1 a tomar la decisi\u00f3n perfecta para usted. Tendr\u00e1n en cuenta sus necesidades auditivas, su presupuesto, su estilo de vida y sus preferencias auditivas individuales.<\/p>\n<\/div>\n\n\n\n<div class=\"wp-block-columns is-layout-flex wp-container-core-columns-is-layout-9d6595d7 wp-block-columns-is-layout-flex\">\n<div class=\"wp-block-column is-layout-flow wp-block-column-is-layout-flow\">\n<figure class=\"wp-block-image size-large is-resized is-style-default\"><img decoding=\"async\" src=\"https:\/\/intl.phonak.com\/wp-content\/uploads\/2021\/11\/custom-products.jpeg?w=292\" alt=\"\" class=\"wp-image-2201\" style=\"width:289px;height:221px\"\/><\/figure>\n\n\n\n<h4 class=\"wp-block-heading\" id=\"custom-products-ite\">Aud\u00edfono a medida (ITE)<\/h4>\n\n\n\n<p>Estos modelos est\u00e1n hechos espec\u00edficamente para adaptarse a la forma de su canal auditivo para obtener el m\u00e1ximo beneficio y la mejor comodidad posible. Est\u00e1n disponibles en muchos tonos de piel, son discretos y muy efectivos. Los modelos m\u00e1s peque\u00f1os se colocan en el canal auditivo y son pr\u00e1cticamente invisibles. Estos modelos son adecuados para p\u00e9rdidas auditivas de leves a severas.<\/p>\n\n\n\n<p class=\"has-text-align-left\"><strong>Aud\u00edfonos disponibles:<\/strong><\/p>\n\n\n\n<p><strong><a href=\"https:\/\/intl.phonak.com\/main-english\/product\/phonak-virto-paradise\/\">Virto<\/a><\/strong><\/p>\n<\/div>\n\n\n\n<div class=\"wp-block-column is-layout-flow wp-block-column-is-layout-flow\">\n<figure class=\"wp-block-image size-large is-style-not-rounded\"><img decoding=\"async\" src=\"https:\/\/intl.phonak.com\/wp-content\/uploads\/2021\/11\/receiver-in-canal.jpeg?w=292\" alt=\"\" class=\"wp-image-2202\"\/><\/figure>\n\n\n\n<h4 class=\"wp-block-heading\" id=\"receiver-in-canal-ric\">Auricular en el canal (RIC)<\/h4>\n\n\n\n<p>Estos modelos son m\u00e1s peque\u00f1os que los modelos BTE est\u00e1ndar y est\u00e1n disponibles para la p\u00e9rdida auditiva de leve a grave. Se pueden usar c\u00f3modamente detr\u00e1s de la oreja. Estos modelos est\u00e1n disponibles en muchos colores, estilos y dise\u00f1os diferentes.<\/p>\n\n\n\n<p><strong>Aud\u00edfonos disponibles:<\/strong><\/p>\n\n\n\n<p><strong><a href=\"https:\/\/intl.phonak.com\/main-english\/product\/phonak-audeo-lumity\/\">Aud\u00e9o<\/a><\/strong><\/p>\n<\/div>\n\n\n\n<div class=\"wp-block-column is-layout-flow wp-block-column-is-layout-flow\">\n<figure class=\"wp-block-image size-large is-style-not-rounded\"><img decoding=\"async\" src=\"https:\/\/intl.phonak.com\/wp-content\/uploads\/2021\/11\/behind-the-ear.jpeg?w=292\" alt=\"\" class=\"wp-image-2200\"\/><\/figure>\n\n\n\n<h4 class=\"wp-block-heading\" id=\"behind-the-ear-bte\">Retroauricular (BTE)<\/h4>\n\n\n\n<p>BTE est\u00e1n disponibles para todos los grados de p\u00e9rdida auditiva y, como su nombre indica, se pueden usar c\u00f3modamente detr\u00e1s de la oreja. Estos modelos est\u00e1n disponibles en muchos colores, estilos y dise\u00f1os diferentes.<\/p>\n\n\n\n<p><strong>Aud\u00edfonos disponibles:<\/strong><\/p>\n\n\n\n<p><strong><a href=\"https:\/\/intl.phonak.com\/main-english\/product\/phonak-naida-lumity\/\">Na\u00edda<\/a><\/strong> <strong>| <strong><a href=\"https:\/\/intl.phonak.com\/main-english\/product\/phonak-sky-lumity\/\">Sky<\/a> <\/strong><\/strong><\/p>\n<\/div>\n<\/div>\n\n\n\n<div class=\"wp-block-group alignfull has-light-grey-background-color has-background is-layout-flow wp-block-group-is-layout-flow\">\n<div class=\"wp-block-group is-style-align-small is-layout-flow wp-block-group-is-layout-flow\">\n<h3 class=\"wp-block-heading has-text-align-center\" id=\"get-professional-help-1\">Busca ayuda profesional<\/h3>\n\n\n\n<p class=\"has-text-align-center\">Los aud\u00edfonos modernos ofrecen una amplia gama de funciones y variedad. Su audi\u00f3logo le ayudar\u00e1 a tomar la decisi\u00f3n perfecta para usted. Tendr\u00e1n en cuenta sus necesidades auditivas, su presupuesto, su estilo de vida y sus preferencias auditivas individuales.<\/p>\n<\/div>\n<\/div>\n\n\n\n<div style=\"height:24px\" aria-hidden=\"true\" class=\"wp-block-spacer\"><\/div>\n\n\n\n<p class=\"has-text-align-center\"><a href=\"https:\/\/intl.phonak.com\/es-uy\/soluciones\/audifonos\/\">Explore las opciones de aud\u00edfonos<\/a><\/p>\n\n\n\n<div style=\"height:28px\" aria-hidden=\"true\" class=\"wp-block-spacer\"><\/div>\n\n\n\n<div class=\"wp-block-media-text is-stacked-on-mobile cta-block\" style=\"grid-template-columns:35% auto\"><figure class=\"wp-block-media-text__media\"><img decoding=\"async\" src=\"https:\/\/intl.phonak.com\/main-english\/wp-content\/uploads\/sites\/3\/2021\/11\/cta-image.jpg?w=401\" alt=\"\" class=\"wp-image-6738 size-full\"\/><\/figure><div class=\"wp-block-media-text__content\">\n<div class=\"wp-block-create-block-icon-selector\"><i class=\"fal fa-map-marker-alt\"><\/i><\/div>\n\n\n\n<h3 class=\"wp-block-heading\">Expertos en audici\u00f3n cerca de usted <\/h3>\n\n\n\n<p>Los profesionales de la salud auditiva pueden ayudarle a tomar la decisi\u00f3n perfecta para usted. Tendr\u00e1n en cuenta sus necesidades auditivas, su presupuesto, su estilo de vida y sus preferencias auditivas individuales. <\/p>\n\n\n\n<div class=\"wp-block-buttons is-layout-flex wp-block-buttons-is-layout-flex\">\n<div class=\"wp-block-button is-style-marker-green\"><a class=\"wp-block-button__link wp-element-button\" href=\"https:\/\/intl.phonak.com\/es-uy\/encontrar-un-experto\/\">Encontrar un experto<\/a><\/div>\n<\/div>\n<\/div><\/div>\n","protected":false},"excerpt":{"rendered":"<p>Descubre el estilo que se adapta perfectamente a usted Los aud\u00edfonos modernos ofrecen una amplia gama de funciones y variedad&#8230;.<\/p>\n","protected":false},"author":5,"featured_media":0,"parent":237,"menu_order":0,"comment_status":"closed","ping_status":"closed","template":"","meta":{"_acf_changed":false,"inline_featured_image":false,"footnotes":""},"class_list":["post-259","page","type-page","status-publish","hentry"],"acf":[],"yoast_head":"<!-- This site is optimized with the Yoast SEO plugin v26.9 - https:\/\/yoast.com\/product\/yoast-seo-wordpress\/ -->\n<title>Estilos de aud\u00edfonos - Phonak - Uruguay<\/title>\n<meta name=\"robots\" content=\"index, follow, max-snippet:-1, max-image-preview:large, max-video-preview:-1\" \/>\n<link rel=\"canonical\" href=\"https:\/\/intl.phonak.com\/main-spanish\/soluciones\/estilos-de-audifonos\/\" \/>\n<meta property=\"og:locale\" content=\"es_ES\" \/>\n<meta property=\"og:type\" content=\"article\" \/>\n<meta property=\"og:title\" content=\"Estilos de aud\u00edfonos - Phonak - Uruguay\" \/>\n<meta property=\"og:description\" content=\"Descubre el estilo que se adapta perfectamente a usted Los aud\u00edfonos modernos ofrecen una amplia gama de funciones y variedad....\" \/>\n<meta property=\"og:url\" content=\"https:\/\/intl.phonak.com\/es-uy\/soluciones\/estilos-de-audifonos\/\" \/>\n<meta property=\"og:site_name\" content=\"Phonak - Uruguay\" \/>\n<meta property=\"article:modified_time\" content=\"2026-02-16T12:45:17+00:00\" \/>\n<meta property=\"og:image\" content=\"https:\/\/intl.phonak.com\/main-english\/wp-content\/uploads\/sites\/3\/2022\/02\/Banner-hearing-aid-styles.jpg\" \/>\n<meta name=\"twitter:card\" content=\"summary_large_image\" \/>\n<meta name=\"twitter:label1\" content=\"Est. reading time\" \/>\n\t<meta name=\"twitter:data1\" content=\"2 minutos\" \/>\n<script type=\"application\/ld+json\" class=\"yoast-schema-graph\">{\"@context\":\"https:\/\/schema.org\",\"@graph\":[{\"@type\":\"WebPage\",\"@id\":\"https:\/\/intl.phonak.com\/es-uy\/soluciones\/hearing-aid-styles\/\",\"url\":\"https:\/\/intl.phonak.com\/es-uy\/soluciones\/hearing-aid-styles\/\",\"name\":\"Estilos de aud\u00edfonos - Phonak - Uruguay\",\"isPartOf\":{\"@id\":\"https:\/\/intl.phonak.com\/es-uy\/#website\"},\"primaryImageOfPage\":{\"@id\":\"https:\/\/intl.phonak.com\/es-uy\/soluciones\/hearing-aid-styles\/#primaryimage\"},\"image\":{\"@id\":\"https:\/\/intl.phonak.com\/es-uy\/soluciones\/hearing-aid-styles\/#primaryimage\"},\"thumbnailUrl\":\"https:\/\/intl.phonak.com\/main-english\/wp-content\/uploads\/sites\/3\/2022\/02\/Banner-hearing-aid-styles.jpg\",\"datePublished\":\"2021-11-30T15:12:48+00:00\",\"dateModified\":\"2026-02-16T12:45:17+00:00\",\"breadcrumb\":{\"@id\":\"https:\/\/intl.phonak.com\/es-uy\/soluciones\/hearing-aid-styles\/#breadcrumb\"},\"inLanguage\":\"es\",\"potentialAction\":[{\"@type\":\"ReadAction\",\"target\":[\"https:\/\/intl.phonak.com\/es-uy\/soluciones\/hearing-aid-styles\/\"]}]},{\"@type\":\"ImageObject\",\"inLanguage\":\"es\",\"@id\":\"https:\/\/intl.phonak.com\/es-uy\/soluciones\/hearing-aid-styles\/#primaryimage\",\"url\":\"https:\/\/intl.phonak.com\/main-english\/wp-content\/uploads\/sites\/3\/2022\/02\/Banner-hearing-aid-styles.jpg\",\"contentUrl\":\"https:\/\/intl.phonak.com\/main-english\/wp-content\/uploads\/sites\/3\/2022\/02\/Banner-hearing-aid-styles.jpg\"},{\"@type\":\"BreadcrumbList\",\"@id\":\"https:\/\/intl.phonak.com\/es-uy\/soluciones\/hearing-aid-styles\/#breadcrumb\",\"itemListElement\":[{\"@type\":\"ListItem\",\"position\":1,\"name\":\"Home\",\"item\":\"https:\/\/intl.phonak.com\/es-uy\/\"},{\"@type\":\"ListItem\",\"position\":2,\"name\":\"Soluciones\",\"item\":\"https:\/\/intl.phonak.com\/es-uy\/soluciones\/\"},{\"@type\":\"ListItem\",\"position\":3,\"name\":\"Estilos de aud\u00edfonos\"}]},{\"@type\":\"WebSite\",\"@id\":\"https:\/\/intl.phonak.com\/es-uy\/#website\",\"url\":\"https:\/\/intl.phonak.com\/es-uy\/\",\"name\":\"Phonak - Uruguay\",\"description\":\"Comprometidos con el cambio de vidas\",\"potentialAction\":[{\"@type\":\"SearchAction\",\"target\":{\"@type\":\"EntryPoint\",\"urlTemplate\":\"https:\/\/intl.phonak.com\/es-uy\/?s={search_term_string}\"},\"query-input\":{\"@type\":\"PropertyValueSpecification\",\"valueRequired\":true,\"valueName\":\"search_term_string\"}}],\"inLanguage\":\"es\"}]}<\/script>\n<!-- \/ Yoast SEO plugin. -->","yoast_head_json":{"title":"Estilos de aud\u00edfonos - Phonak - Uruguay","robots":{"index":"index","follow":"follow","max-snippet":"max-snippet:-1","max-image-preview":"max-image-preview:large","max-video-preview":"max-video-preview:-1"},"canonical":"https:\/\/intl.phonak.com\/main-spanish\/soluciones\/estilos-de-audifonos\/","og_locale":"es_ES","og_type":"article","og_title":"Estilos de aud\u00edfonos - Phonak - Uruguay","og_description":"Descubre el estilo que se adapta perfectamente a usted Los aud\u00edfonos modernos ofrecen una amplia gama de funciones y variedad....","og_url":"https:\/\/intl.phonak.com\/es-uy\/soluciones\/estilos-de-audifonos\/","og_site_name":"Phonak - Uruguay","article_modified_time":"2026-02-16T12:45:17+00:00","og_image":[{"url":"https:\/\/intl.phonak.com\/main-english\/wp-content\/uploads\/sites\/3\/2022\/02\/Banner-hearing-aid-styles.jpg","type":"","width":"","height":""}],"twitter_card":"summary_large_image","twitter_misc":{"Est. reading time":"2 minutos"},"schema":{"@context":"https:\/\/schema.org","@graph":[{"@type":"WebPage","@id":"https:\/\/intl.phonak.com\/es-uy\/soluciones\/hearing-aid-styles\/","url":"https:\/\/intl.phonak.com\/es-uy\/soluciones\/hearing-aid-styles\/","name":"Estilos de aud\u00edfonos - Phonak - Uruguay","isPartOf":{"@id":"https:\/\/intl.phonak.com\/es-uy\/#website"},"primaryImageOfPage":{"@id":"https:\/\/intl.phonak.com\/es-uy\/soluciones\/hearing-aid-styles\/#primaryimage"},"image":{"@id":"https:\/\/intl.phonak.com\/es-uy\/soluciones\/hearing-aid-styles\/#primaryimage"},"thumbnailUrl":"https:\/\/intl.phonak.com\/main-english\/wp-content\/uploads\/sites\/3\/2022\/02\/Banner-hearing-aid-styles.jpg","datePublished":"2021-11-30T15:12:48+00:00","dateModified":"2026-02-16T12:45:17+00:00","breadcrumb":{"@id":"https:\/\/intl.phonak.com\/es-uy\/soluciones\/hearing-aid-styles\/#breadcrumb"},"inLanguage":"es","potentialAction":[{"@type":"ReadAction","target":["https:\/\/intl.phonak.com\/es-uy\/soluciones\/hearing-aid-styles\/"]}]},{"@type":"ImageObject","inLanguage":"es","@id":"https:\/\/intl.phonak.com\/es-uy\/soluciones\/hearing-aid-styles\/#primaryimage","url":"https:\/\/intl.phonak.com\/main-english\/wp-content\/uploads\/sites\/3\/2022\/02\/Banner-hearing-aid-styles.jpg","contentUrl":"https:\/\/intl.phonak.com\/main-english\/wp-content\/uploads\/sites\/3\/2022\/02\/Banner-hearing-aid-styles.jpg"},{"@type":"BreadcrumbList","@id":"https:\/\/intl.phonak.com\/es-uy\/soluciones\/hearing-aid-styles\/#breadcrumb","itemListElement":[{"@type":"ListItem","position":1,"name":"Home","item":"https:\/\/intl.phonak.com\/es-uy\/"},{"@type":"ListItem","position":2,"name":"Soluciones","item":"https:\/\/intl.phonak.com\/es-uy\/soluciones\/"},{"@type":"ListItem","position":3,"name":"Estilos de aud\u00edfonos"}]},{"@type":"WebSite","@id":"https:\/\/intl.phonak.com\/es-uy\/#website","url":"https:\/\/intl.phonak.com\/es-uy\/","name":"Phonak - Uruguay","description":"Comprometidos con el cambio de vidas","potentialAction":[{"@type":"SearchAction","target":{"@type":"EntryPoint","urlTemplate":"https:\/\/intl.phonak.com\/es-uy\/?s={search_term_string}"},"query-input":{"@type":"PropertyValueSpecification","valueRequired":true,"valueName":"search_term_string"}}],"inLanguage":"es"}]}},"jetpack_sharing_enabled":true,"distributor_meta":false,"distributor_terms":false,"distributor_media":false,"distributor_original_site_name":"Phonak - Uruguay","distributor_original_site_url":"https:\/\/intl.phonak.com\/es-uy","push-errors":false,"_links":{"self":[{"href":"https:\/\/intl.phonak.com\/es-uy\/wp-json\/wp\/v2\/pages\/259","targetHints":{"allow":["GET"]}}],"collection":[{"href":"https:\/\/intl.phonak.com\/es-uy\/wp-json\/wp\/v2\/pages"}],"about":[{"href":"https:\/\/intl.phonak.com\/es-uy\/wp-json\/wp\/v2\/types\/page"}],"author":[{"embeddable":true,"href":"https:\/\/intl.phonak.com\/es-uy\/wp-json\/wp\/v2\/users\/5"}],"replies":[{"embeddable":true,"href":"https:\/\/intl.phonak.com\/es-uy\/wp-json\/wp\/v2\/comments?post=259"}],"version-history":[{"count":17,"href":"https:\/\/intl.phonak.com\/es-uy\/wp-json\/wp\/v2\/pages\/259\/revisions"}],"predecessor-version":[{"id":1370,"href":"https:\/\/intl.phonak.com\/es-uy\/wp-json\/wp\/v2\/pages\/259\/revisions\/1370"}],"up":[{"embeddable":true,"href":"https:\/\/intl.phonak.com\/es-uy\/wp-json\/wp\/v2\/pages\/237"}],"wp:attachment":[{"href":"https:\/\/intl.phonak.com\/es-uy\/wp-json\/wp\/v2\/media?parent=259"}],"curies":[{"name":"wp","href":"https:\/\/api.w.org\/{rel}","templated":true}]}}