{"id":250,"date":"2021-12-06T20:25:14","date_gmt":"2021-12-06T20:25:14","guid":{"rendered":"https:\/\/intl.phonak.com\/es-uy\/proteccion-auditiva\/"},"modified":"2025-02-28T14:05:49","modified_gmt":"2025-02-28T14:05:49","slug":"proteccion-auditiva","status":"publish","type":"page","link":"https:\/\/intl.phonak.com\/es-uy\/proteccion-auditiva\/","title":{"rendered":"Protecci\u00f3n auditiva"},"content":{"rendered":"\n<div class=\"wp-block-cover alignfull is-light\"><span aria-hidden=\"true\" class=\"wp-block-cover__background has-white-background-color has-background-dim\"><\/span><img decoding=\"async\" class=\"wp-block-cover__image-background wp-image-4557\" alt=\"Hearing prorection\" src=\"https:\/\/intl.phonak.com\/es-uy\/wp-content\/uploads\/sites\/3\/2022\/02\/Banner-Serenity-Choice.jpg\" data-object-fit=\"cover\"\/><div class=\"wp-block-cover__inner-container is-layout-flow wp-block-cover-is-layout-flow\">\n<h1 class=\"wp-block-heading has-text-align-center\" id=\"serenity-choice\">Serenity Choice\u2122 <\/h1>\n\n\n\n<h2 class=\"wp-block-heading has-text-align-center\" id=\"high-end-hearing-protection\">Protecci\u00f3n auditiva de alta gama<\/h2>\n<\/div><\/div>\n\n\n\n<div class=\"wp-block-columns is-layout-flex wp-container-core-columns-is-layout-9d6595d7 wp-block-columns-is-layout-flex\">\n<div class=\"wp-block-column is-layout-flow wp-block-column-is-layout-flow\" style=\"flex-basis:100%\">\n<figure class=\"wp-block-jetpack-image-compare\"><div class=\"juxtapose\" data-mode=\"horizontal\"><img loading=\"lazy\" decoding=\"async\" id=\"6134\" src=\"https:\/\/i0.wp.com\/intl.phonak.com\/main-spanish\/wp-content\/uploads\/sites\/26\/2025\/02\/Serenity-Choice-generic-slider-ES.jpg?ssl=1\" alt=\"\" width=\"1020\" height=\"197\" class=\"image-compare__image-before\"\/><img loading=\"lazy\" decoding=\"async\" id=\"6135\" src=\"https:\/\/i0.wp.com\/intl.phonak.com\/main-spanish\/wp-content\/uploads\/sites\/26\/2025\/02\/Serenity-Choice-plus-slider-ES.jpg?ssl=1\" alt=\"\" width=\"1020\" height=\"197\" class=\"image-compare__image-after\"\/><\/div><\/figure>\n<\/div>\n<\/div>\n\n\n\n<h3 class=\"wp-block-heading has-text-align-left has-blue-color has-text-color\" id=\"cancels-noise-and-loud-sound\">Suprime el ruido y el sonido intenso<\/h3>\n\n\n\n<p class=\"has-text-align-left\">Phonak Serenity Choice\u2122 cancela el ruido y los sonidos fuertes de 9 a 16 NRR (clasificaci\u00f3n de reducci\u00f3n de ruido EE. UU.) o de 16 a 24 SNR (clasificaci\u00f3n de n\u00famero \u00fanico de la UE)* <\/p>\n\n\n\n<h3 class=\"wp-block-heading has-blue-color has-text-color\" id=\"keeps-relevant-sound-and-speech\">Permite o\u00edr el sonido y las conversaciones relevantes<\/h3>\n\n\n\n<p>Phonak Serenity Choice\u2122 permite o\u00edr el sonido y las conversaciones relevantes y, por lo tanto, permite el conocimiento de la situaci\u00f3n y la comunicaci\u00f3n.<\/p>\n\n\n\n<h3 class=\"wp-block-heading has-blue-color has-text-color\" id=\"lets-the-ear-breathe\">Deja que el o\u00eddo respire<\/h3>\n\n\n\n<p>Phonak Serenity Choice\u2122 permite que el o\u00eddo respire ventilando el o\u00eddo para evitar la acumulaci\u00f3n de excesos humedad<\/p>\n\n\n\n<div style=\"height:47px\" aria-hidden=\"true\" class=\"wp-block-spacer\"><\/div>\n\n\n\n<div\n\tclass=\"wp-block-phonak-products is-forntend alignwide\"\n\tdata-attributes=\"{&quot;categories&quot;:&quot;215&quot;,&quot;align&quot;:&quot;wide&quot;,&quot;perPage&quot;:10,&quot;showPagination&quot;:true,&quot;showFilter&quot;:true,&quot;enabledFilters&quot;:[&quot;platforms&quot;,&quot;categories&quot;,&quot;productTypes&quot;],&quot;defaultPlatforms&quot;:[],&quot;defaultCategories&quot;:[],&quot;defaultProductTypes&quot;:[]}\"\n\tdata-locale=\"es_ES\">\n<\/div>\n\n\n\n<div class=\"wp-block-media-text is-stacked-on-mobile cta-block\" style=\"grid-template-columns:35% auto\"><figure class=\"wp-block-media-text__media\"><img decoding=\"async\" src=\"https:\/\/intl.phonak.com\/main-english\/wp-content\/uploads\/sites\/3\/2021\/11\/cta-image.jpg?w=401\" alt=\"\" class=\"wp-image-6738 size-full\"\/><\/figure><div class=\"wp-block-media-text__content\">\n<div class=\"wp-block-create-block-icon-selector\"><i class=\"fal fa-map-marker-alt\"><\/i><\/div>\n\n\n\n<h3 class=\"wp-block-heading\">Expertos en audici\u00f3n cerca de usted <\/h3>\n\n\n\n<p>Los profesionales de la salud auditiva pueden ayudarle a tomar la decisi\u00f3n perfecta para usted. Tendr\u00e1n en cuenta sus necesidades auditivas, su presupuesto, su estilo de vida y sus preferencias auditivas individuales. <\/p>\n\n\n\n<div class=\"wp-block-buttons is-layout-flex wp-block-buttons-is-layout-flex\">\n<div class=\"wp-block-button is-style-marker-green\"><a class=\"wp-block-button__link wp-element-button\" href=\"https:\/\/intl.phonak.com\/es-uy\/encontrar-un-experto\/\">Encontrar un experto<\/a><\/div>\n<\/div>\n<\/div><\/div>\n","protected":false},"excerpt":{"rendered":"<p>Suprime el ruido y el sonido intenso Phonak Serenity Choice\u2122 cancela el ruido y los sonidos fuertes de 9 a&#8230;<\/p>\n","protected":false},"author":5,"featured_media":0,"parent":0,"menu_order":0,"comment_status":"closed","ping_status":"closed","template":"","meta":{"_acf_changed":false,"inline_featured_image":false,"footnotes":""},"class_list":["post-250","page","type-page","status-publish","hentry"],"acf":[],"yoast_head":"<!-- This site is optimized with the Yoast SEO plugin v26.9 - https:\/\/yoast.com\/product\/yoast-seo-wordpress\/ -->\n<title>Protecci\u00f3n auditiva - Phonak - Uruguay<\/title>\n<meta name=\"robots\" content=\"index, follow, max-snippet:-1, max-image-preview:large, max-video-preview:-1\" \/>\n<link rel=\"canonical\" href=\"https:\/\/intl.phonak.com\/main-spanish\/proteccion-auditiva\/\" \/>\n<meta property=\"og:locale\" content=\"es_ES\" \/>\n<meta property=\"og:type\" content=\"article\" \/>\n<meta property=\"og:title\" content=\"Protecci\u00f3n auditiva - Phonak - Uruguay\" \/>\n<meta property=\"og:description\" content=\"Suprime el ruido y el sonido intenso Phonak Serenity Choice\u2122 cancela el ruido y los sonidos fuertes de 9 a...\" \/>\n<meta property=\"og:url\" content=\"https:\/\/intl.phonak.com\/es-uy\/proteccion-auditiva\/\" \/>\n<meta property=\"og:site_name\" content=\"Phonak - Uruguay\" \/>\n<meta property=\"article:modified_time\" content=\"2025-02-28T14:05:49+00:00\" \/>\n<meta property=\"og:image\" content=\"https:\/\/intl.phonak.com\/main-english\/wp-content\/uploads\/sites\/3\/2022\/02\/Banner-Serenity-Choice.jpg\" \/>\n<meta name=\"twitter:card\" content=\"summary_large_image\" \/>\n<meta name=\"twitter:label1\" content=\"Est. reading time\" \/>\n\t<meta name=\"twitter:data1\" content=\"2 minutos\" \/>\n<script type=\"application\/ld+json\" class=\"yoast-schema-graph\">{\"@context\":\"https:\/\/schema.org\",\"@graph\":[{\"@type\":\"WebPage\",\"@id\":\"https:\/\/intl.phonak.com\/es-uy\/proteccion-auditiva\/\",\"url\":\"https:\/\/intl.phonak.com\/es-uy\/proteccion-auditiva\/\",\"name\":\"Protecci\u00f3n auditiva - Phonak - Uruguay\",\"isPartOf\":{\"@id\":\"https:\/\/intl.phonak.com\/es-uy\/#website\"},\"primaryImageOfPage\":{\"@id\":\"https:\/\/intl.phonak.com\/es-uy\/proteccion-auditiva\/#primaryimage\"},\"image\":{\"@id\":\"https:\/\/intl.phonak.com\/es-uy\/proteccion-auditiva\/#primaryimage\"},\"thumbnailUrl\":\"https:\/\/intl.phonak.com\/es-uy\/wp-content\/uploads\/sites\/3\/2022\/02\/Banner-Serenity-Choice.jpg\",\"datePublished\":\"2021-12-06T20:25:14+00:00\",\"dateModified\":\"2025-02-28T14:05:49+00:00\",\"breadcrumb\":{\"@id\":\"https:\/\/intl.phonak.com\/es-uy\/proteccion-auditiva\/#breadcrumb\"},\"inLanguage\":\"es\",\"potentialAction\":[{\"@type\":\"ReadAction\",\"target\":[\"https:\/\/intl.phonak.com\/es-uy\/proteccion-auditiva\/\"]}]},{\"@type\":\"ImageObject\",\"inLanguage\":\"es\",\"@id\":\"https:\/\/intl.phonak.com\/es-uy\/proteccion-auditiva\/#primaryimage\",\"url\":\"https:\/\/intl.phonak.com\/es-uy\/wp-content\/uploads\/sites\/3\/2022\/02\/Banner-Serenity-Choice.jpg\",\"contentUrl\":\"https:\/\/intl.phonak.com\/es-uy\/wp-content\/uploads\/sites\/3\/2022\/02\/Banner-Serenity-Choice.jpg\"},{\"@type\":\"BreadcrumbList\",\"@id\":\"https:\/\/intl.phonak.com\/es-uy\/proteccion-auditiva\/#breadcrumb\",\"itemListElement\":[{\"@type\":\"ListItem\",\"position\":1,\"name\":\"Home\",\"item\":\"https:\/\/intl.phonak.com\/es-uy\/\"},{\"@type\":\"ListItem\",\"position\":2,\"name\":\"Protecci\u00f3n auditiva\"}]},{\"@type\":\"WebSite\",\"@id\":\"https:\/\/intl.phonak.com\/es-uy\/#website\",\"url\":\"https:\/\/intl.phonak.com\/es-uy\/\",\"name\":\"Phonak - Uruguay\",\"description\":\"Comprometidos con el cambio de vidas\",\"potentialAction\":[{\"@type\":\"SearchAction\",\"target\":{\"@type\":\"EntryPoint\",\"urlTemplate\":\"https:\/\/intl.phonak.com\/es-uy\/?s={search_term_string}\"},\"query-input\":{\"@type\":\"PropertyValueSpecification\",\"valueRequired\":true,\"valueName\":\"search_term_string\"}}],\"inLanguage\":\"es\"}]}<\/script>\n<!-- \/ Yoast SEO plugin. -->","yoast_head_json":{"title":"Protecci\u00f3n auditiva - Phonak - Uruguay","robots":{"index":"index","follow":"follow","max-snippet":"max-snippet:-1","max-image-preview":"max-image-preview:large","max-video-preview":"max-video-preview:-1"},"canonical":"https:\/\/intl.phonak.com\/main-spanish\/proteccion-auditiva\/","og_locale":"es_ES","og_type":"article","og_title":"Protecci\u00f3n auditiva - Phonak - Uruguay","og_description":"Suprime el ruido y el sonido intenso Phonak Serenity Choice\u2122 cancela el ruido y los sonidos fuertes de 9 a...","og_url":"https:\/\/intl.phonak.com\/es-uy\/proteccion-auditiva\/","og_site_name":"Phonak - Uruguay","article_modified_time":"2025-02-28T14:05:49+00:00","og_image":[{"url":"https:\/\/intl.phonak.com\/main-english\/wp-content\/uploads\/sites\/3\/2022\/02\/Banner-Serenity-Choice.jpg","type":"","width":"","height":""}],"twitter_card":"summary_large_image","twitter_misc":{"Est. reading time":"2 minutos"},"schema":{"@context":"https:\/\/schema.org","@graph":[{"@type":"WebPage","@id":"https:\/\/intl.phonak.com\/es-uy\/proteccion-auditiva\/","url":"https:\/\/intl.phonak.com\/es-uy\/proteccion-auditiva\/","name":"Protecci\u00f3n auditiva - Phonak - Uruguay","isPartOf":{"@id":"https:\/\/intl.phonak.com\/es-uy\/#website"},"primaryImageOfPage":{"@id":"https:\/\/intl.phonak.com\/es-uy\/proteccion-auditiva\/#primaryimage"},"image":{"@id":"https:\/\/intl.phonak.com\/es-uy\/proteccion-auditiva\/#primaryimage"},"thumbnailUrl":"https:\/\/intl.phonak.com\/es-uy\/wp-content\/uploads\/sites\/3\/2022\/02\/Banner-Serenity-Choice.jpg","datePublished":"2021-12-06T20:25:14+00:00","dateModified":"2025-02-28T14:05:49+00:00","breadcrumb":{"@id":"https:\/\/intl.phonak.com\/es-uy\/proteccion-auditiva\/#breadcrumb"},"inLanguage":"es","potentialAction":[{"@type":"ReadAction","target":["https:\/\/intl.phonak.com\/es-uy\/proteccion-auditiva\/"]}]},{"@type":"ImageObject","inLanguage":"es","@id":"https:\/\/intl.phonak.com\/es-uy\/proteccion-auditiva\/#primaryimage","url":"https:\/\/intl.phonak.com\/es-uy\/wp-content\/uploads\/sites\/3\/2022\/02\/Banner-Serenity-Choice.jpg","contentUrl":"https:\/\/intl.phonak.com\/es-uy\/wp-content\/uploads\/sites\/3\/2022\/02\/Banner-Serenity-Choice.jpg"},{"@type":"BreadcrumbList","@id":"https:\/\/intl.phonak.com\/es-uy\/proteccion-auditiva\/#breadcrumb","itemListElement":[{"@type":"ListItem","position":1,"name":"Home","item":"https:\/\/intl.phonak.com\/es-uy\/"},{"@type":"ListItem","position":2,"name":"Protecci\u00f3n auditiva"}]},{"@type":"WebSite","@id":"https:\/\/intl.phonak.com\/es-uy\/#website","url":"https:\/\/intl.phonak.com\/es-uy\/","name":"Phonak - Uruguay","description":"Comprometidos con el cambio de vidas","potentialAction":[{"@type":"SearchAction","target":{"@type":"EntryPoint","urlTemplate":"https:\/\/intl.phonak.com\/es-uy\/?s={search_term_string}"},"query-input":{"@type":"PropertyValueSpecification","valueRequired":true,"valueName":"search_term_string"}}],"inLanguage":"es"}]}},"jetpack_sharing_enabled":true,"distributor_meta":false,"distributor_terms":false,"distributor_media":false,"distributor_original_site_name":"Phonak - Uruguay","distributor_original_site_url":"https:\/\/intl.phonak.com\/es-uy","push-errors":false,"_links":{"self":[{"href":"https:\/\/intl.phonak.com\/es-uy\/wp-json\/wp\/v2\/pages\/250","targetHints":{"allow":["GET"]}}],"collection":[{"href":"https:\/\/intl.phonak.com\/es-uy\/wp-json\/wp\/v2\/pages"}],"about":[{"href":"https:\/\/intl.phonak.com\/es-uy\/wp-json\/wp\/v2\/types\/page"}],"author":[{"embeddable":true,"href":"https:\/\/intl.phonak.com\/es-uy\/wp-json\/wp\/v2\/users\/5"}],"replies":[{"embeddable":true,"href":"https:\/\/intl.phonak.com\/es-uy\/wp-json\/wp\/v2\/comments?post=250"}],"version-history":[{"count":47,"href":"https:\/\/intl.phonak.com\/es-uy\/wp-json\/wp\/v2\/pages\/250\/revisions"}],"predecessor-version":[{"id":1127,"href":"https:\/\/intl.phonak.com\/es-uy\/wp-json\/wp\/v2\/pages\/250\/revisions\/1127"}],"wp:attachment":[{"href":"https:\/\/intl.phonak.com\/es-uy\/wp-json\/wp\/v2\/media?parent=250"}],"curies":[{"name":"wp","href":"https:\/\/api.w.org\/{rel}","templated":true}]}}