{"id":237,"date":"2021-11-17T21:17:45","date_gmt":"2021-11-17T21:17:45","guid":{"rendered":"https:\/\/intl.phonak.com\/es-uy\/soluciones\/"},"modified":"2026-02-03T16:20:42","modified_gmt":"2026-02-03T16:20:42","slug":"soluciones","status":"publish","type":"page","link":"https:\/\/intl.phonak.com\/es-uy\/soluciones\/","title":{"rendered":"Soluciones"},"content":{"rendered":"\n<div class=\"wp-block-cover alignfull is-light\"><img decoding=\"async\" class=\"wp-block-cover__image-background wp-image-4530\" alt=\"Solutions\" src=\"https:\/\/intl.phonak.com\/es-uy\/wp-content\/uploads\/sites\/3\/2022\/02\/Banner-solutions.jpg\" style=\"object-position:77% 33%\" data-object-fit=\"cover\" data-object-position=\"77% 33%\"\/><span aria-hidden=\"true\" class=\"wp-block-cover__background has-light-grey-background-color has-background-dim\"><\/span><div class=\"wp-block-cover__inner-container is-layout-flow wp-block-cover-is-layout-flow\">\n<h1 class=\"wp-block-heading has-text-align-center has-dark-grey-color has-text-color\" id=\"signs-of-hearing-loss-1\">Un ajuste perfecto <\/h1>\n\n\n\n<p class=\"has-text-align-center has-dark-grey-color has-text-color has-lead-font-size\">Soluciones para todas las necesidades  <\/p>\n<\/div><\/div>\n\n\n\n<h2 class=\"wp-block-heading has-text-align-center\" id=\"simplifying-life-with-a-brilliant-solution\">Hacer su vida m\u00e1s sencilla con una soluci\u00f3n brillante<\/h2>\n\n\n\n<p class=\"has-text-align-center\">Tener la libertad de ir a donde quiera, sin limitaciones relacionadas con la p\u00e9rdida auditiva, es importante para vivir una vida plena. Esta premisa constituye nuestro enfoque principal a la hora de crear nuevas plataformas para los aud\u00edfonos y accesorios de Phonak.<\/p>\n\n\n\n<p class=\"has-text-align-center\">Nuestro objetivo es crear distintos tipos de dispositivos auditivos, que le simplificar\u00e1n la vida de forma autom\u00e1tica y sin esfuerzos, a la vez que tambi\u00e9n le brindar\u00e1n una experiencia auditiva excepcional, en cualquier lugar y momento.<\/p>\n\n\n\n<p class=\"has-text-align-center\">Los aud\u00edfonos han recorrido un largo camino en los \u00faltimos a\u00f1os. Sea cual sea su grado de p\u00e9rdida auditiva, desde la m\u00e1s notable hasta la m\u00e1s profunda, los aud\u00edfonos de Phonak var\u00edan enormemente en tama\u00f1o y caracter\u00edsticas para adaptarse perfectamente a su vida.<\/p>\n\n\n\n<div style=\"height:37px\" aria-hidden=\"true\" class=\"wp-block-spacer\"><\/div>\n\n\n\n\t<div class=\"wp-block-pho-product-selection wp-block-pho-product-selection\">\n\t\t<div class=\"grid-x grid-padding-x grid-padding-y\">\n\n\t\t\t\t\t\t\t<div class=\"cell\">\n\t\t\t\t\t<h2 class=\"text-center\">Explorar soluciones<\/h2>\n\t\t\t\t<\/div>\n\t\t\t\t\n\t\t\t\t<div class=\"cell medium-6 large-4 flex-container\">\n\t\t\t\t\t\n<article id=\"post-77\" class=\"product-card post-77 pho_products type-pho_products status-publish has-post-thumbnail hentry pho_product_type-roger pho_product_category-microfonos-roger pho_product_platforms-roger\">\n\t\t<a class=\"flex-container flex-dir-column align-justify align-top\" href=\"https:\/\/intl.phonak.com\/es-uy\/producto\/roger-on\/\">\n\t\t<div class=\"product-card-content-wrapper\">\n\t\t\t\n\t\t\t\t<div class=\"product-image-wrapper\">\n\t\t\t\t\t<img loading=\"lazy\" decoding=\"async\" width=\"600\" height=\"600\" src=\"https:\/\/intl.phonak.com\/es-uy\/wp-content\/uploads\/sites\/46\/2021\/11\/PH_Packshot_Roger_On_front_perspective_056-3010-P7-1.png?w=600\" class=\"attachment-post-thumbnail size-post-thumbnail wp-post-image\" alt=\"Roger On\" srcset=\"https:\/\/intl.phonak.com\/es-uy\/wp-content\/uploads\/sites\/46\/2021\/11\/PH_Packshot_Roger_On_front_perspective_056-3010-P7-1.png 600w, https:\/\/intl.phonak.com\/es-uy\/wp-content\/uploads\/sites\/46\/2021\/11\/PH_Packshot_Roger_On_front_perspective_056-3010-P7-1.png?resize=150,150 150w, https:\/\/intl.phonak.com\/es-uy\/wp-content\/uploads\/sites\/46\/2021\/11\/PH_Packshot_Roger_On_front_perspective_056-3010-P7-1.png?resize=300,300 300w\" sizes=\"auto, (max-width: 600px) 100vw, 600px\" \/>\t\t\t\t<\/div>\n\n\t\t\t\t<h3 class=\"entry-title\">Roger On\u2122<\/h3><p>Micr\u00f3fono vers\u00e1til dise\u00f1ado para que las conversaciones sean m\u00e1s n\u00edtidas en ambientes sonoros dif\u00edciles y en constante cambio. Ofrece sonido est\u00e9reo y reconoce la direcci\u00f3n de la que proceden los sonidos.<\/p>\n\t\t<\/div>\n\t\t<div class=\"wp-block-button\">\n\t\t\t<div class=\"wp-block-button__link\">Leer m\u00e1s<\/div>\n\t\t<\/div>\n\t<\/a>\n<\/article><!-- #post-77 -->\n\t\t\t\t<\/div>\n\n\t\t\t\t\n\t\t\t\t<div class=\"cell medium-6 large-4 flex-container\">\n\t\t\t\t\t\n<article id=\"post-17\" class=\"product-card post-17 pho_products type-pho_products status-publish has-post-thumbnail hentry pho_product_type-potencia pho_product_category-audifonos pho_product_platforms-lumity\">\n\t\t<a class=\"flex-container flex-dir-column align-justify align-top\" href=\"https:\/\/intl.phonak.com\/es-uy\/producto\/phonak-naida-lumity\/\">\n\t\t<div class=\"product-card-content-wrapper\">\n\t\t\t\n\t\t\t\t<div class=\"product-image-wrapper\">\n\t\t\t\t\t<img loading=\"lazy\" decoding=\"async\" width=\"600\" height=\"600\" src=\"https:\/\/intl.phonak.com\/es-uy\/wp-content\/uploads\/sites\/46\/2023\/10\/PH_Packshot_Naida_L-PR_050-1069-P5_af412e-1.png?w=600\" class=\"attachment-post-thumbnail size-post-thumbnail wp-post-image\" alt=\"Phonak Na\u00edda L-PR\" srcset=\"https:\/\/intl.phonak.com\/es-uy\/wp-content\/uploads\/sites\/46\/2023\/10\/PH_Packshot_Naida_L-PR_050-1069-P5_af412e-1.png 600w, https:\/\/intl.phonak.com\/es-uy\/wp-content\/uploads\/sites\/46\/2023\/10\/PH_Packshot_Naida_L-PR_050-1069-P5_af412e-1.png?resize=150,150 150w, https:\/\/intl.phonak.com\/es-uy\/wp-content\/uploads\/sites\/46\/2023\/10\/PH_Packshot_Naida_L-PR_050-1069-P5_af412e-1.png?resize=300,300 300w\" sizes=\"auto, (max-width: 600px) 100vw, 600px\" \/>\t\t\t\t<\/div>\n\n\t\t\t\t<h3 class=\"entry-title\">Phonak Na\u00edda\u2122 Lumity<\/h3><p>Nuestros aud\u00edfonos m\u00e1s potentes, que ofrecen una soluci\u00f3n robusta y fiable a quienes desean aprovechar todas las oportunidades con las funciones de Lumity m\u00e1s recientes. <\/p>\n\t\t<\/div>\n\t\t<div class=\"wp-block-button\">\n\t\t\t<div class=\"wp-block-button__link\">Leer m\u00e1s<\/div>\n\t\t<\/div>\n\t<\/a>\n<\/article><!-- #post-17 -->\n\t\t\t\t<\/div>\n\n\t\t\t\t\n\t\t<\/div>\n\t<\/div>\n\n\t\n\n\n<div style=\"height:25px\" aria-hidden=\"true\" class=\"wp-block-spacer\"><\/div>\n\n\n\n<p class=\"has-text-align-center\"><a href=\"https:\/\/intl.phonak.com\/es-uy\/solutions\/hearing-aid-styles\/\">Comprender los diferentes tipos de estilos de aud\u00edfonos <\/a><\/p>\n\n\n\n<div style=\"height:34px\" aria-hidden=\"true\" class=\"wp-block-spacer\"><\/div>\n\n\n\n<div class=\"wp-block-media-text is-stacked-on-mobile cta-block\" style=\"grid-template-columns:35% auto\"><figure class=\"wp-block-media-text__media\"><img decoding=\"async\" src=\"https:\/\/intl.phonak.com\/main-english\/wp-content\/uploads\/sites\/3\/2021\/11\/cta-image.jpg?w=401\" alt=\"\" class=\"wp-image-6738 size-full\"\/><\/figure><div class=\"wp-block-media-text__content\">\n<div class=\"wp-block-create-block-icon-selector\"><i class=\"fal fa-map-marker-alt\"><\/i><\/div>\n\n\n\n<h3 class=\"wp-block-heading\">Expertos en audici\u00f3n cerca de usted <\/h3>\n\n\n\n<p>Los profesionales de la salud auditiva pueden ayudarle a tomar la decisi\u00f3n perfecta para usted. Tendr\u00e1n en cuenta sus necesidades auditivas, su presupuesto, su estilo de vida y sus preferencias auditivas individuales. <\/p>\n\n\n\n<div class=\"wp-block-buttons is-layout-flex wp-block-buttons-is-layout-flex\">\n<div class=\"wp-block-button is-style-marker-green\"><a class=\"wp-block-button__link wp-element-button\" href=\"https:\/\/intl.phonak.com\/es-uy\/encontrar-un-experto\/\">Encontrar un experto<\/a><\/div>\n<\/div>\n<\/div><\/div>\n\n\n\n<p><\/p>\n","protected":false},"excerpt":{"rendered":"<p>Hacer su vida m\u00e1s sencilla con una soluci\u00f3n brillante Tener la libertad de ir a donde quiera, sin limitaciones relacionadas&#8230;<\/p>\n","protected":false},"author":5,"featured_media":0,"parent":0,"menu_order":0,"comment_status":"closed","ping_status":"closed","template":"","meta":{"_acf_changed":false,"inline_featured_image":false,"footnotes":""},"class_list":["post-237","page","type-page","status-publish","hentry"],"acf":[],"yoast_head":"<!-- This site is optimized with the Yoast SEO plugin v26.9 - https:\/\/yoast.com\/product\/yoast-seo-wordpress\/ -->\n<title>Soluciones - Phonak - Uruguay<\/title>\n<meta name=\"robots\" content=\"index, follow, max-snippet:-1, max-image-preview:large, max-video-preview:-1\" \/>\n<link rel=\"canonical\" href=\"https:\/\/intl.phonak.com\/main-spanish\/soluciones\/\" \/>\n<meta property=\"og:locale\" content=\"es_ES\" \/>\n<meta property=\"og:type\" content=\"article\" \/>\n<meta property=\"og:title\" content=\"Soluciones - Phonak - Uruguay\" \/>\n<meta property=\"og:description\" content=\"Hacer su vida m\u00e1s sencilla con una soluci\u00f3n brillante Tener la libertad de ir a donde quiera, sin limitaciones relacionadas...\" \/>\n<meta property=\"og:url\" content=\"https:\/\/intl.phonak.com\/es-uy\/soluciones\/\" \/>\n<meta property=\"og:site_name\" content=\"Phonak - Uruguay\" \/>\n<meta property=\"article:modified_time\" content=\"2026-02-03T16:20:42+00:00\" \/>\n<meta property=\"og:image\" content=\"https:\/\/intl.phonak.com\/main-english\/wp-content\/uploads\/sites\/3\/2022\/02\/Banner-solutions.jpg\" \/>\n<meta name=\"twitter:card\" content=\"summary_large_image\" \/>\n<script type=\"application\/ld+json\" class=\"yoast-schema-graph\">{\"@context\":\"https:\/\/schema.org\",\"@graph\":[{\"@type\":\"WebPage\",\"@id\":\"https:\/\/intl.phonak.com\/es-uy\/soluciones\/\",\"url\":\"https:\/\/intl.phonak.com\/es-uy\/soluciones\/\",\"name\":\"Soluciones - Phonak - Uruguay\",\"isPartOf\":{\"@id\":\"https:\/\/intl.phonak.com\/es-uy\/#website\"},\"primaryImageOfPage\":{\"@id\":\"https:\/\/intl.phonak.com\/es-uy\/soluciones\/#primaryimage\"},\"image\":{\"@id\":\"https:\/\/intl.phonak.com\/es-uy\/soluciones\/#primaryimage\"},\"thumbnailUrl\":\"https:\/\/intl.phonak.com\/es-uy\/wp-content\/uploads\/sites\/3\/2022\/02\/Banner-solutions.jpg\",\"datePublished\":\"2021-11-17T21:17:45+00:00\",\"dateModified\":\"2026-02-03T16:20:42+00:00\",\"breadcrumb\":{\"@id\":\"https:\/\/intl.phonak.com\/es-uy\/soluciones\/#breadcrumb\"},\"inLanguage\":\"es\",\"potentialAction\":[{\"@type\":\"ReadAction\",\"target\":[\"https:\/\/intl.phonak.com\/es-uy\/soluciones\/\"]}]},{\"@type\":\"ImageObject\",\"inLanguage\":\"es\",\"@id\":\"https:\/\/intl.phonak.com\/es-uy\/soluciones\/#primaryimage\",\"url\":\"https:\/\/intl.phonak.com\/es-uy\/wp-content\/uploads\/sites\/3\/2022\/02\/Banner-solutions.jpg\",\"contentUrl\":\"https:\/\/intl.phonak.com\/es-uy\/wp-content\/uploads\/sites\/3\/2022\/02\/Banner-solutions.jpg\"},{\"@type\":\"BreadcrumbList\",\"@id\":\"https:\/\/intl.phonak.com\/es-uy\/soluciones\/#breadcrumb\",\"itemListElement\":[{\"@type\":\"ListItem\",\"position\":1,\"name\":\"Home\",\"item\":\"https:\/\/intl.phonak.com\/es-uy\/\"},{\"@type\":\"ListItem\",\"position\":2,\"name\":\"Soluciones\"}]},{\"@type\":\"WebSite\",\"@id\":\"https:\/\/intl.phonak.com\/es-uy\/#website\",\"url\":\"https:\/\/intl.phonak.com\/es-uy\/\",\"name\":\"Phonak - Uruguay\",\"description\":\"Comprometidos con el cambio de vidas\",\"potentialAction\":[{\"@type\":\"SearchAction\",\"target\":{\"@type\":\"EntryPoint\",\"urlTemplate\":\"https:\/\/intl.phonak.com\/es-uy\/?s={search_term_string}\"},\"query-input\":{\"@type\":\"PropertyValueSpecification\",\"valueRequired\":true,\"valueName\":\"search_term_string\"}}],\"inLanguage\":\"es\"}]}<\/script>\n<!-- \/ Yoast SEO plugin. -->","yoast_head_json":{"title":"Soluciones - Phonak - Uruguay","robots":{"index":"index","follow":"follow","max-snippet":"max-snippet:-1","max-image-preview":"max-image-preview:large","max-video-preview":"max-video-preview:-1"},"canonical":"https:\/\/intl.phonak.com\/main-spanish\/soluciones\/","og_locale":"es_ES","og_type":"article","og_title":"Soluciones - Phonak - Uruguay","og_description":"Hacer su vida m\u00e1s sencilla con una soluci\u00f3n brillante Tener la libertad de ir a donde quiera, sin limitaciones relacionadas...","og_url":"https:\/\/intl.phonak.com\/es-uy\/soluciones\/","og_site_name":"Phonak - Uruguay","article_modified_time":"2026-02-03T16:20:42+00:00","og_image":[{"url":"https:\/\/intl.phonak.com\/main-english\/wp-content\/uploads\/sites\/3\/2022\/02\/Banner-solutions.jpg","type":"","width":"","height":""}],"twitter_card":"summary_large_image","schema":{"@context":"https:\/\/schema.org","@graph":[{"@type":"WebPage","@id":"https:\/\/intl.phonak.com\/es-uy\/soluciones\/","url":"https:\/\/intl.phonak.com\/es-uy\/soluciones\/","name":"Soluciones - Phonak - Uruguay","isPartOf":{"@id":"https:\/\/intl.phonak.com\/es-uy\/#website"},"primaryImageOfPage":{"@id":"https:\/\/intl.phonak.com\/es-uy\/soluciones\/#primaryimage"},"image":{"@id":"https:\/\/intl.phonak.com\/es-uy\/soluciones\/#primaryimage"},"thumbnailUrl":"https:\/\/intl.phonak.com\/es-uy\/wp-content\/uploads\/sites\/3\/2022\/02\/Banner-solutions.jpg","datePublished":"2021-11-17T21:17:45+00:00","dateModified":"2026-02-03T16:20:42+00:00","breadcrumb":{"@id":"https:\/\/intl.phonak.com\/es-uy\/soluciones\/#breadcrumb"},"inLanguage":"es","potentialAction":[{"@type":"ReadAction","target":["https:\/\/intl.phonak.com\/es-uy\/soluciones\/"]}]},{"@type":"ImageObject","inLanguage":"es","@id":"https:\/\/intl.phonak.com\/es-uy\/soluciones\/#primaryimage","url":"https:\/\/intl.phonak.com\/es-uy\/wp-content\/uploads\/sites\/3\/2022\/02\/Banner-solutions.jpg","contentUrl":"https:\/\/intl.phonak.com\/es-uy\/wp-content\/uploads\/sites\/3\/2022\/02\/Banner-solutions.jpg"},{"@type":"BreadcrumbList","@id":"https:\/\/intl.phonak.com\/es-uy\/soluciones\/#breadcrumb","itemListElement":[{"@type":"ListItem","position":1,"name":"Home","item":"https:\/\/intl.phonak.com\/es-uy\/"},{"@type":"ListItem","position":2,"name":"Soluciones"}]},{"@type":"WebSite","@id":"https:\/\/intl.phonak.com\/es-uy\/#website","url":"https:\/\/intl.phonak.com\/es-uy\/","name":"Phonak - Uruguay","description":"Comprometidos con el cambio de vidas","potentialAction":[{"@type":"SearchAction","target":{"@type":"EntryPoint","urlTemplate":"https:\/\/intl.phonak.com\/es-uy\/?s={search_term_string}"},"query-input":{"@type":"PropertyValueSpecification","valueRequired":true,"valueName":"search_term_string"}}],"inLanguage":"es"}]}},"jetpack_sharing_enabled":true,"distributor_meta":false,"distributor_terms":false,"distributor_media":false,"distributor_original_site_name":"Phonak - Uruguay","distributor_original_site_url":"https:\/\/intl.phonak.com\/es-uy","push-errors":false,"_links":{"self":[{"href":"https:\/\/intl.phonak.com\/es-uy\/wp-json\/wp\/v2\/pages\/237","targetHints":{"allow":["GET"]}}],"collection":[{"href":"https:\/\/intl.phonak.com\/es-uy\/wp-json\/wp\/v2\/pages"}],"about":[{"href":"https:\/\/intl.phonak.com\/es-uy\/wp-json\/wp\/v2\/types\/page"}],"author":[{"embeddable":true,"href":"https:\/\/intl.phonak.com\/es-uy\/wp-json\/wp\/v2\/users\/5"}],"replies":[{"embeddable":true,"href":"https:\/\/intl.phonak.com\/es-uy\/wp-json\/wp\/v2\/comments?post=237"}],"version-history":[{"count":67,"href":"https:\/\/intl.phonak.com\/es-uy\/wp-json\/wp\/v2\/pages\/237\/revisions"}],"predecessor-version":[{"id":1340,"href":"https:\/\/intl.phonak.com\/es-uy\/wp-json\/wp\/v2\/pages\/237\/revisions\/1340"}],"wp:attachment":[{"href":"https:\/\/intl.phonak.com\/es-uy\/wp-json\/wp\/v2\/media?parent=237"}],"curies":[{"name":"wp","href":"https:\/\/api.w.org\/{rel}","templated":true}]}}