{"id":245,"date":"2022-02-10T21:54:30","date_gmt":"2022-02-10T21:54:30","guid":{"rendered":"https:\/\/intl.phonak.com\/es-sv\/phonak-bienestar-oir-es-bienestar\/"},"modified":"2025-10-31T12:35:09","modified_gmt":"2025-10-31T12:35:09","slug":"phonak-bienestar-oir-es-bienestar","status":"publish","type":"page","link":"https:\/\/intl.phonak.com\/es-sv\/phonak-bienestar-oir-es-bienestar\/","title":{"rendered":"O\u00edr bien es sentirse bien\u2122 de Phonak"},"content":{"rendered":"\n<div class=\"wp-block-cover alignfull is-light\" style=\"min-height:430px;aspect-ratio:unset;\"><span aria-hidden=\"true\" class=\"wp-block-cover__background has-white-background-color has-background-dim\"><\/span><img decoding=\"async\" class=\"wp-block-cover__image-background wp-image-7289\" alt=\"Well-Hearing is Well-Being\" src=\"https:\/\/intl.phonak.com\/es-sv\/wp-content\/uploads\/sites\/3\/2023\/12\/WHWB-banner_ComputeGame-OptionB.jpg\" data-object-fit=\"cover\"\/><div class=\"wp-block-cover__inner-container is-layout-flow wp-block-cover-is-layout-flow\">\n<h1 class=\"wp-block-heading has-text-align-center\" id=\"why-hearing-health-matters\">La importancia de la salud auditiva <\/h1>   \n<p class=\"has-text-align-center has-grey-500-color has-text-color has-lead-font-size\">Cuando escucha bien, est\u00e1 bien equipado para abrazar la vida que desea <\/p>   \n<div class=\"wp-block-buttons is-horizontal is-content-justification-center is-layout-flex wp-container-core-buttons-is-layout-499968f5 wp-block-buttons-is-layout-flex\">\n<div class=\"wp-block-button is-style-download\"><a class=\"wp-block-button__link wp-element-button\" href=\"https:\/\/intl.phonak.com\/es-sv\/wp-content\/uploads\/sites\/26\/2024\/12\/PH_WHWB_Leaflet_148x210_ES_V1.00_028-2136-06_LR.pdf\" target=\"_blank\" rel=\"noreferrer noopener\">Descargar folleto<\/a><\/div>\n<\/div>\n<\/div><\/div>   \n<div class=\"wp-block-media-text has-media-on-the-right is-stacked-on-mobile\"><div class=\"wp-block-media-text__content\">\n<p>En Phonak, creemos que o\u00edr bien es igual que sentirse bien y que es esencial para vivir la vida al m\u00e1ximo.<\/p>   <p> Cada vez hay m\u00e1s pruebas de que el tratamiento de la p\u00e9rdida auditiva puede tener un impacto positivo en su bienestar socioemocional, cognitivo y f\u00edsico.<sup>1<\/sup><\/p>\n<\/div><figure class=\"wp-block-media-text__media\"><img decoding=\"async\" src=\"https:\/\/intl.phonak.com\/es-sv\/wp-content\/uploads\/sites\/3\/2023\/03\/WHWB-wheel-neutral.jpg\" alt=\"\" class=\"wp-image-6565 size-full\"\/><\/figure><\/div>   \n<div class=\"wp-block-media-text is-stacked-on-mobile\"><figure class=\"wp-block-media-text__media\"><img decoding=\"async\" src=\"https:\/\/intl.phonak.com\/es-sv\/wp-content\/uploads\/sites\/3\/2023\/12\/Visual_WHWB_Restaurant_02_592x396-with-icon.jpg?w=592\" alt=\"Social-Emotional well-being\" class=\"wp-image-7300 size-full\"\/><\/figure><div class=\"wp-block-media-text__content\">\n<h4 class=\"wp-block-heading has-text-align-left has-blue-color has-text-color\" id=\"social-emotional-well-being\">Bienestar socio-emocional<\/h4>   <p>O\u00edr bien nos permite tener una vida social activa, conectar con los dem\u00e1s y comunicarnos de manera eficaz: sin barreras.<\/p>   <p> El uso de aud\u00edfonos puede mejorar su calidad de vida, las interacciones sociales y la satisfacci\u00f3n de sus relaciones y las de sus seres queridos.<sup>2<\/sup><\/p>\n<\/div><\/div>   \n<div class=\"wp-block-media-text has-media-on-the-right is-stacked-on-mobile\"><div class=\"wp-block-media-text__content\">\n<h4 class=\"wp-block-heading has-blue-color has-text-color\" id=\"cognitive-well-being\">Bienestar cognitivo<\/h4>   <p>El cerebro desempe\u00f1a un papel crucial en la audici\u00f3n y la comprensi\u00f3n verbal: es importante no dejar de estimularlo.<\/p>   <p>Es aqu\u00ed donde entran en juego los aud\u00edfonos. El uso de aud\u00edfonos est\u00e1 relacionado con la mejora de la memoria<sup>3<\/sup>&nbsp; Y se ha demostrado que facilita la escucha.<sup>4<\/sup><\/p>\n<\/div><figure class=\"wp-block-media-text__media\"><img decoding=\"async\" src=\"https:\/\/intl.phonak.com\/es-sv\/wp-content\/uploads\/sites\/3\/2023\/12\/WHWB-Cognitive-Dimension-Office-OptionB_592x396-with-icon.jpg?w=592\" alt=\"Cognitive well-being\" class=\"wp-image-7302 size-full\"\/><\/figure><\/div>   \n<div class=\"wp-block-media-text is-stacked-on-mobile\"><figure class=\"wp-block-media-text__media\"><img decoding=\"async\" src=\"https:\/\/intl.phonak.com\/es-sv\/wp-content\/uploads\/sites\/3\/2023\/12\/Visual_WHWB-ActivityOutdoors_01_592x396-with-icon.jpg?w=592\" alt=\"Physical well-being\" class=\"wp-image-7303 size-full\"\/><\/figure><div class=\"wp-block-media-text__content\">\n<h4 class=\"wp-block-heading has-blue-color has-text-color\" id=\"physical-well-being\">Bienestar f\u00edsico<\/h4>   <p>Disponer de la soluci\u00f3n auditiva adecuada significa estar preparado para enfrentarse a diferentes ambientes sonoros.<\/p>   <p>O\u00edr bien le proporciona una mayor conciencia ambiental y le ayuda a sentir m\u00e1s seguridad y confianza.<\/p>\n<\/div><\/div>   <p><\/p>   \n<p class=\"is-style-default has-small-font-size\">Notas al pie<br>Vercammen, C., Ferguson, M., Kramer, S.E., et al. (2020). Well-Hearing is Well-Being.&nbsp;<em>Hearing Review<\/em>, 27(3), 18-22.<br>2. Kamil RJ, Lin FR. The Effects of Hearing Impairment in Older Adults on Communication Partners:&nbsp;<em>A Systematic Review<\/em>. J Am Acad Audiol. 2015; 26(2):155-182.3.<br>3. Karawani, H., Jenkins, K., &#038; Anderson, S. (2018). Restoration of sensory input may improve cognitive and neural function.&nbsp;<em>Neuropsychologia<\/em>, 114, 203\u2013213.<br>4. Winneke, A., Schulte, M., Vormann, M., Latzel, M. (2018). El procesamiento del ruido espacial en aud\u00edfonos modula los marcadores neuronales relacionados con el esfuerzo de escucha: un estudio EEG.&nbsp;<em>AudiologyOnline<\/em>, Article 23858.<\/p>   \n<div style=\"height:38px\" aria-hidden=\"true\" class=\"wp-block-spacer\"><\/div>   \n<p class=\"has-text-align-center is-style-default\"><a href=\"https:\/\/intl.phonak.com\/es-sv\/hearing-loss\/causes-of-hearing-loss\/\">Averig\u00fce cu\u00e1les son las causas de la p\u00e9rdida auditiva <\/a><\/p>   \n<div style=\"height:42px\" aria-hidden=\"true\" class=\"wp-block-spacer\"><\/div>   \n<div class=\"wp-block-media-text is-stacked-on-mobile cta-block\" style=\"grid-template-columns:35% auto\"><figure class=\"wp-block-media-text__media\"><img decoding=\"async\" src=\"https:\/\/intl.phonak.com\/main-english\/wp-content\/uploads\/sites\/3\/2021\/11\/cta-image.jpg?w=401\" alt=\"\" class=\"wp-image-6738 size-full\"\/><\/figure><div class=\"wp-block-media-text__content\">\n<div class=\"wp-block-create-block-icon-selector\"><i class=\"fal fa-map-marker-alt\"><\/i><\/div>\n\n\n\n<h3 class=\"wp-block-heading\">Expertos en audici\u00f3n cerca de usted <\/h3>\n\n\n\n<p>Los profesionales de la salud auditiva pueden ayudarle a tomar la decisi\u00f3n perfecta para usted. Tendr\u00e1n en cuenta sus necesidades auditivas, su presupuesto, su estilo de vida y sus preferencias auditivas individuales. <\/p>\n\n\n\n<div class=\"wp-block-buttons is-layout-flex wp-block-buttons-is-layout-flex\">\n<div class=\"wp-block-button is-style-marker-green\"><a class=\"wp-block-button__link wp-element-button\" href=\"https:\/\/intl.phonak.com\/es-sv\/encontrar-un-experto\/\">Encontrar un experto<\/a><\/div>\n<\/div>\n<\/div><\/div>\n","protected":false},"excerpt":{"rendered":"<p>En Phonak, creemos que o\u00edr bien es igual que sentirse bien y que es esencial para vivir la vida al&#8230;<\/p>\n","protected":false},"author":14,"featured_media":0,"parent":0,"menu_order":0,"comment_status":"closed","ping_status":"closed","template":"","meta":{"_acf_changed":false,"inline_featured_image":false,"footnotes":""},"class_list":["post-245","page","type-page","status-publish","hentry"],"acf":[],"yoast_head":"<!-- This site is optimized with the Yoast SEO plugin v26.9 - https:\/\/yoast.com\/product\/yoast-seo-wordpress\/ -->\n<title>O\u00edr bien es sentirse bien\u2122 de Phonak - Phonak - El Salvador<\/title>\n<meta name=\"robots\" content=\"index, follow, max-snippet:-1, max-image-preview:large, max-video-preview:-1\" \/>\n<link rel=\"canonical\" href=\"https:\/\/intl.phonak.com\/main-spanish\/hearing-loss\/phonak-bienestar-oir-es-bienestar\/\" \/>\n<meta property=\"og:locale\" content=\"es_ES\" \/>\n<meta property=\"og:type\" content=\"article\" \/>\n<meta property=\"og:title\" content=\"O\u00edr bien es sentirse bien\u2122 de Phonak - Phonak - El Salvador\" \/>\n<meta property=\"og:description\" content=\"En Phonak, creemos que o\u00edr bien es igual que sentirse bien y que es esencial para vivir la vida al...\" \/>\n<meta property=\"og:url\" content=\"https:\/\/intl.phonak.com\/es-sv\/phonak-bienestar-oir-es-bienestar\/\" \/>\n<meta property=\"og:site_name\" content=\"Phonak - El Salvador\" \/>\n<meta property=\"article:modified_time\" content=\"2025-10-31T12:35:09+00:00\" \/>\n<meta property=\"og:image\" content=\"https:\/\/intl.phonak.com\/main-english\/wp-content\/uploads\/sites\/3\/2023\/12\/WHWB-banner_ComputeGame-OptionB.jpg\" \/>\n<meta name=\"twitter:card\" content=\"summary_large_image\" \/>\n<script type=\"application\/ld+json\" class=\"yoast-schema-graph\">{\"@context\":\"https:\/\/schema.org\",\"@graph\":[{\"@type\":\"WebPage\",\"@id\":\"https:\/\/intl.phonak.com\/es-sv\/perdida-de-la-audicion\/phonak-bienestar-oir-es-bienestar\/\",\"url\":\"https:\/\/intl.phonak.com\/es-sv\/perdida-de-la-audicion\/phonak-bienestar-oir-es-bienestar\/\",\"name\":\"O\u00edr bien es sentirse bien\u2122 de Phonak - Phonak - El Salvador\",\"isPartOf\":{\"@id\":\"https:\/\/intl.phonak.com\/es-sv\/#website\"},\"primaryImageOfPage\":{\"@id\":\"https:\/\/intl.phonak.com\/es-sv\/perdida-de-la-audicion\/phonak-bienestar-oir-es-bienestar\/#primaryimage\"},\"image\":{\"@id\":\"https:\/\/intl.phonak.com\/es-sv\/perdida-de-la-audicion\/phonak-bienestar-oir-es-bienestar\/#primaryimage\"},\"thumbnailUrl\":\"https:\/\/intl.phonak.com\/es-sv\/wp-content\/uploads\/sites\/3\/2023\/12\/WHWB-banner_ComputeGame-OptionB.jpg\",\"datePublished\":\"2022-02-10T21:54:30+00:00\",\"dateModified\":\"2025-10-31T12:35:09+00:00\",\"breadcrumb\":{\"@id\":\"https:\/\/intl.phonak.com\/es-sv\/perdida-de-la-audicion\/phonak-bienestar-oir-es-bienestar\/#breadcrumb\"},\"inLanguage\":\"es\",\"potentialAction\":[{\"@type\":\"ReadAction\",\"target\":[\"https:\/\/intl.phonak.com\/es-sv\/perdida-de-la-audicion\/phonak-bienestar-oir-es-bienestar\/\"]}]},{\"@type\":\"ImageObject\",\"inLanguage\":\"es\",\"@id\":\"https:\/\/intl.phonak.com\/es-sv\/perdida-de-la-audicion\/phonak-bienestar-oir-es-bienestar\/#primaryimage\",\"url\":\"https:\/\/intl.phonak.com\/es-sv\/wp-content\/uploads\/sites\/3\/2023\/12\/WHWB-banner_ComputeGame-OptionB.jpg\",\"contentUrl\":\"https:\/\/intl.phonak.com\/es-sv\/wp-content\/uploads\/sites\/3\/2023\/12\/WHWB-banner_ComputeGame-OptionB.jpg\"},{\"@type\":\"BreadcrumbList\",\"@id\":\"https:\/\/intl.phonak.com\/es-sv\/perdida-de-la-audicion\/phonak-bienestar-oir-es-bienestar\/#breadcrumb\",\"itemListElement\":[{\"@type\":\"ListItem\",\"position\":1,\"name\":\"Home\",\"item\":\"https:\/\/intl.phonak.com\/es-sv\/\"},{\"@type\":\"ListItem\",\"position\":2,\"name\":\"P\u00e9rdida auditiva\",\"item\":\"https:\/\/intl.phonak.com\/es-sv\/perdida-de-la-audicion\/\"},{\"@type\":\"ListItem\",\"position\":3,\"name\":\"O\u00edr bien, es bienestar\u2122 de Phonak\"}]},{\"@type\":\"WebSite\",\"@id\":\"https:\/\/intl.phonak.com\/es-sv\/#website\",\"url\":\"https:\/\/intl.phonak.com\/es-sv\/\",\"name\":\"Phonak - El Salvador\",\"description\":\"Comprometidos con el cambio de vidas\",\"potentialAction\":[{\"@type\":\"SearchAction\",\"target\":{\"@type\":\"EntryPoint\",\"urlTemplate\":\"https:\/\/intl.phonak.com\/es-sv\/?s={search_term_string}\"},\"query-input\":{\"@type\":\"PropertyValueSpecification\",\"valueRequired\":true,\"valueName\":\"search_term_string\"}}],\"inLanguage\":\"es\"}]}<\/script>\n<!-- \/ Yoast SEO plugin. -->","yoast_head_json":{"title":"O\u00edr bien es sentirse bien\u2122 de Phonak - Phonak - El Salvador","robots":{"index":"index","follow":"follow","max-snippet":"max-snippet:-1","max-image-preview":"max-image-preview:large","max-video-preview":"max-video-preview:-1"},"canonical":"https:\/\/intl.phonak.com\/main-spanish\/hearing-loss\/phonak-bienestar-oir-es-bienestar\/","og_locale":"es_ES","og_type":"article","og_title":"O\u00edr bien es sentirse bien\u2122 de Phonak - Phonak - El Salvador","og_description":"En Phonak, creemos que o\u00edr bien es igual que sentirse bien y que es esencial para vivir la vida al...","og_url":"https:\/\/intl.phonak.com\/es-sv\/phonak-bienestar-oir-es-bienestar\/","og_site_name":"Phonak - El Salvador","article_modified_time":"2025-10-31T12:35:09+00:00","og_image":[{"url":"https:\/\/intl.phonak.com\/main-english\/wp-content\/uploads\/sites\/3\/2023\/12\/WHWB-banner_ComputeGame-OptionB.jpg","type":"","width":"","height":""}],"twitter_card":"summary_large_image","schema":{"@context":"https:\/\/schema.org","@graph":[{"@type":"WebPage","@id":"https:\/\/intl.phonak.com\/es-sv\/perdida-de-la-audicion\/phonak-bienestar-oir-es-bienestar\/","url":"https:\/\/intl.phonak.com\/es-sv\/perdida-de-la-audicion\/phonak-bienestar-oir-es-bienestar\/","name":"O\u00edr bien es sentirse bien\u2122 de Phonak - Phonak - El Salvador","isPartOf":{"@id":"https:\/\/intl.phonak.com\/es-sv\/#website"},"primaryImageOfPage":{"@id":"https:\/\/intl.phonak.com\/es-sv\/perdida-de-la-audicion\/phonak-bienestar-oir-es-bienestar\/#primaryimage"},"image":{"@id":"https:\/\/intl.phonak.com\/es-sv\/perdida-de-la-audicion\/phonak-bienestar-oir-es-bienestar\/#primaryimage"},"thumbnailUrl":"https:\/\/intl.phonak.com\/es-sv\/wp-content\/uploads\/sites\/3\/2023\/12\/WHWB-banner_ComputeGame-OptionB.jpg","datePublished":"2022-02-10T21:54:30+00:00","dateModified":"2025-10-31T12:35:09+00:00","breadcrumb":{"@id":"https:\/\/intl.phonak.com\/es-sv\/perdida-de-la-audicion\/phonak-bienestar-oir-es-bienestar\/#breadcrumb"},"inLanguage":"es","potentialAction":[{"@type":"ReadAction","target":["https:\/\/intl.phonak.com\/es-sv\/perdida-de-la-audicion\/phonak-bienestar-oir-es-bienestar\/"]}]},{"@type":"ImageObject","inLanguage":"es","@id":"https:\/\/intl.phonak.com\/es-sv\/perdida-de-la-audicion\/phonak-bienestar-oir-es-bienestar\/#primaryimage","url":"https:\/\/intl.phonak.com\/es-sv\/wp-content\/uploads\/sites\/3\/2023\/12\/WHWB-banner_ComputeGame-OptionB.jpg","contentUrl":"https:\/\/intl.phonak.com\/es-sv\/wp-content\/uploads\/sites\/3\/2023\/12\/WHWB-banner_ComputeGame-OptionB.jpg"},{"@type":"BreadcrumbList","@id":"https:\/\/intl.phonak.com\/es-sv\/perdida-de-la-audicion\/phonak-bienestar-oir-es-bienestar\/#breadcrumb","itemListElement":[{"@type":"ListItem","position":1,"name":"Home","item":"https:\/\/intl.phonak.com\/es-sv\/"},{"@type":"ListItem","position":2,"name":"P\u00e9rdida auditiva","item":"https:\/\/intl.phonak.com\/es-sv\/perdida-de-la-audicion\/"},{"@type":"ListItem","position":3,"name":"O\u00edr bien, es bienestar\u2122 de Phonak"}]},{"@type":"WebSite","@id":"https:\/\/intl.phonak.com\/es-sv\/#website","url":"https:\/\/intl.phonak.com\/es-sv\/","name":"Phonak - El Salvador","description":"Comprometidos con el cambio de vidas","potentialAction":[{"@type":"SearchAction","target":{"@type":"EntryPoint","urlTemplate":"https:\/\/intl.phonak.com\/es-sv\/?s={search_term_string}"},"query-input":{"@type":"PropertyValueSpecification","valueRequired":true,"valueName":"search_term_string"}}],"inLanguage":"es"}]}},"jetpack_sharing_enabled":true,"distributor_meta":false,"distributor_terms":false,"distributor_media":false,"distributor_original_site_name":"Phonak - El Salvador","distributor_original_site_url":"https:\/\/intl.phonak.com\/es-sv","push-errors":false,"_links":{"self":[{"href":"https:\/\/intl.phonak.com\/es-sv\/wp-json\/wp\/v2\/pages\/245","targetHints":{"allow":["GET"]}}],"collection":[{"href":"https:\/\/intl.phonak.com\/es-sv\/wp-json\/wp\/v2\/pages"}],"about":[{"href":"https:\/\/intl.phonak.com\/es-sv\/wp-json\/wp\/v2\/types\/page"}],"author":[{"embeddable":true,"href":"https:\/\/intl.phonak.com\/es-sv\/wp-json\/wp\/v2\/users\/14"}],"replies":[{"embeddable":true,"href":"https:\/\/intl.phonak.com\/es-sv\/wp-json\/wp\/v2\/comments?post=245"}],"version-history":[{"count":18,"href":"https:\/\/intl.phonak.com\/es-sv\/wp-json\/wp\/v2\/pages\/245\/revisions"}],"predecessor-version":[{"id":1290,"href":"https:\/\/intl.phonak.com\/es-sv\/wp-json\/wp\/v2\/pages\/245\/revisions\/1290"}],"wp:attachment":[{"href":"https:\/\/intl.phonak.com\/es-sv\/wp-json\/wp\/v2\/media?parent=245"}],"curies":[{"name":"wp","href":"https:\/\/api.w.org\/{rel}","templated":true}]}}