{"id":270,"date":"2021-11-29T20:47:45","date_gmt":"2021-11-29T20:47:45","guid":{"rendered":"https:\/\/intl.phonak.com\/es-pe\/causes-of-hearing-loss\/"},"modified":"2024-06-19T19:48:33","modified_gmt":"2024-06-19T19:48:33","slug":"causas-de-la-perdida-auditiva","status":"publish","type":"page","link":"https:\/\/intl.phonak.com\/es-pe\/perdida-auditiva\/causas-de-la-perdida-auditiva\/","title":{"rendered":"Causas de la p\u00e9rdida auditiva"},"content":{"rendered":"\n<div class=\"wp-block-cover alignfull is-light\"><span aria-hidden=\"true\" class=\"wp-block-cover__background has-white-background-color has-background-dim-40 has-background-dim\"><\/span><img decoding=\"async\" class=\"wp-block-cover__image-background wp-image-4482\" alt=\"Signs of hearing loss\" src=\"https:\/\/intl.phonak.com\/es-pe\/wp-content\/uploads\/sites\/3\/2022\/02\/Banner_ways-to-better-hearing.jpg\" style=\"object-position:15% 88%\" data-object-fit=\"cover\" data-object-position=\"15% 88%\"\/><div class=\"wp-block-cover__inner-container is-layout-flow wp-block-cover-is-layout-flow\">\n<h1 class=\"wp-block-heading has-text-align-center has-dark-grey-color has-text-color\" id=\"causes-of-hearing-loss\">Causas de la p\u00e9rdida auditiva<\/h1>\n\n\n\n<p class=\"has-text-align-center has-dark-grey-color has-text-color has-lead-font-size\">Un vistazo r\u00e1pido a por qu\u00e9 usted o un ser querido podr\u00eda estar experimentando p\u00e9rdida auditiva<\/p>\n<\/div><\/div>\n\n\n\n<h2 class=\"wp-block-heading has-text-align-center\" id=\"listen-to-your-hearing\">Escuche su audici\u00f3n<\/h2>\n\n\n\n<p class=\"has-text-align-center\">En \u00faltima instancia, s\u00f3lo puede o\u00edr lo que se oye. Es por eso que las cosas que usted escucha pueden parecerse correctas, aunque ya experimenta una ligera p\u00e9rdida auditiva. La verdad es que su cerebro simplemente se adapta a la nueva situaci\u00f3n y compensa las se\u00f1ales debilitadas que provienen de los o\u00eddos. Despu\u00e9s de un tiempo, su cerebro simplemente olvida c\u00f3mo escuchar, porque no recuerda el sonido de las palabras.<br><\/p>\n\n\n\n<p class=\"has-text-align-center\">La p\u00e9rdida auditiva puede ser el resultado de da\u00f1os en cualquiera de estas secciones:<\/p>\n\n\n\n<div style=\"height:62px\" aria-hidden=\"true\" class=\"wp-block-spacer\"><\/div>\n\n\n\n<figure class=\"wp-block-image aligncenter size-large\"><img decoding=\"async\" src=\"https:\/\/intl.phonak.com\/es-pe\/wp-content\/uploads\/sites\/3\/2024\/05\/Anatomy_Ear-neutral.jpg?w=809\" alt=\"\" class=\"wp-image-8161\"\/><\/figure>\n\n\n\n<div style=\"height:53px\" aria-hidden=\"true\" class=\"wp-block-spacer\"><\/div>\n\n\n\n<div class=\"wp-block-columns is-layout-flex wp-container-core-columns-is-layout-9d6595d7 wp-block-columns-is-layout-flex\">\n<div class=\"wp-block-column is-layout-flow wp-block-column-is-layout-flow\">\n<h4 class=\"wp-block-heading has-text-align-center has-blue-color has-text-color\" id=\"causes-in-the-outer-ear\">1. Causas en el o\u00eddo externo<\/h4>\n\n\n\n<p class=\"has-text-align-center\">Los problemas t\u00edpicos con el o\u00eddo externo incluyen tapones de cera e infecciones del conducto auditivo. Por lo general, abordar estos problemas es muy f\u00e1cil. Pero es importante actuar con rapidez para evitar da\u00f1os auditivos.<\/p>\n<\/div>\n\n\n\n<div class=\"wp-block-column is-layout-flow wp-block-column-is-layout-flow\">\n<h4 class=\"wp-block-heading has-text-align-center has-blue-color has-text-color\" id=\"causes-in-the-middle-ear\">2. Causas en el o\u00eddo medio<\/h4>\n\n\n\n<p class=\"has-text-align-center\">La inflamaci\u00f3n, el l\u00edquido detr\u00e1s del t\u00edmpano, las perforaciones del t\u00edmpano y la otosclerosis (rigidez de los huesos del o\u00eddo medio) son los problemas m\u00e1s comunes que interfieren con la funci\u00f3n del o\u00eddo medio. La mayor\u00eda de los problemas del o\u00eddo externo y medio se pueden tratar de manera efectiva con medicamentos o cirug\u00eda. Si esto no es posible, la p\u00e9rdida auditiva permanente se puede compensar con un aud\u00edfono en la mayor\u00eda de los casos.<\/p>\n<\/div>\n\n\n\n<div class=\"wp-block-column is-layout-flow wp-block-column-is-layout-flow\">\n<h4 class=\"wp-block-heading has-text-align-center has-blue-color has-text-color\" id=\"causes-in-the-inner-ear\">3. Causas en el o\u00eddo interno<\/h4>\n\n\n\n<p class=\"has-text-align-center\">La mayor\u00eda de los problemas de audici\u00f3n se refieren al o\u00eddo interno. La causa m\u00e1s com\u00fan es el proceso natural de envejecimiento. Pero los ruidos fuertes, la toma de algunos tipos de medicamentos o las fracturas de cr\u00e1neo tambi\u00e9n pueden tener una influencia negativa en la capacidad auditiva de una persona. Estas influencias da\u00f1an las c\u00e9lulas ciliadas finas y afectan la transmisi\u00f3n de se\u00f1ales a los nervios auditivos. Por lo general, la p\u00e9rdida auditiva del o\u00eddo interno no tiene tratamiento m\u00e9dico. Sin embargo, este tipo de p\u00e9rdida auditiva se puede corregir con un aud\u00edfono en la mayor\u00eda de los casos.<\/p>\n<\/div>\n<\/div>\n\n\n\n<p><\/p>\n\n\n\n<p class=\"has-text-align-center\">La p\u00e9rdida auditiva causada por un defecto del o\u00eddo externo o medio se denomina p\u00e9rdida auditiva conductiva. El da\u00f1o al o\u00eddo interno se denomina p\u00e9rdida auditiva neurosensorial. Si ambos tipos se presentan juntos, la afecci\u00f3n se denomina p\u00e9rdida auditiva mixta.<\/p>\n\n\n\n<div style=\"height:26px\" aria-hidden=\"true\" class=\"wp-block-spacer\"><\/div>\n\n\n\n<div class=\"wp-block-group alignfull has-light-grey-background-color has-background is-layout-flow wp-block-group-is-layout-flow\">\n<div class=\"wp-block-group is-style-align-small is-layout-flow wp-block-group-is-layout-flow\">\n<h3 class=\"wp-block-heading has-text-align-center has-blue-color has-text-color\" id=\"get-professional-help\">Busca ayuda profesional<\/h3>\n\n\n\n<p class=\"has-text-align-center\">Su audi\u00f3logo le ayudar\u00e1 a tomar la decisi\u00f3n perfecta para usted. Tendr\u00e1n en cuenta sus necesidades auditivas, su presupuesto, su estilo de vida y sus preferencias auditivas individuales.<\/p>\n\n\n\n<p class=\"has-text-align-center\"><a href=\"https:\/\/intl.phonak.com\/es-pe\/perdida-auditiva\/consulte-un-experto-en-audicion\/\">Averig\u00fce qu\u00e9 esperar en su primera cita<\/a><\/p>\n<\/div>\n<\/div>\n\n\n\n<div class=\"wp-block-media-text is-stacked-on-mobile cta-block\" style=\"grid-template-columns:35% auto\"><figure class=\"wp-block-media-text__media\"><img decoding=\"async\" src=\"https:\/\/intl.phonak.com\/main-english\/wp-content\/uploads\/sites\/3\/2021\/11\/cta-image.jpg?w=401\" alt=\"\" class=\"wp-image-6738 size-full\"\/><\/figure><div class=\"wp-block-media-text__content\">\n<div class=\"wp-block-create-block-icon-selector\"><i class=\"fal fa-map-marker-alt\"><\/i><\/div>\n\n\n\n<h3 class=\"wp-block-heading\">Expertos en audici\u00f3n cerca de usted <\/h3>\n\n\n\n<p>Los profesionales de la salud auditiva pueden ayudarle a tomar la decisi\u00f3n perfecta para usted. Tendr\u00e1n en cuenta sus necesidades auditivas, su presupuesto, su estilo de vida y sus preferencias auditivas individuales. <\/p>\n\n\n\n<div class=\"wp-block-buttons is-layout-flex wp-block-buttons-is-layout-flex\">\n<div class=\"wp-block-button is-style-marker-green\"><a class=\"wp-block-button__link wp-element-button\" href=\"https:\/\/intl.phonak.com\/es-pe\/encontrar-un-experto\/\">Encontrar un experto<\/a><\/div>\n<\/div>\n<\/div><\/div>\n\n\n\n<p>r<\/p>\n","protected":false},"excerpt":{"rendered":"<p>Escuche su audici\u00f3n En \u00faltima instancia, s\u00f3lo puede o\u00edr lo que se oye. Es por eso que las cosas que&#8230;<\/p>\n","protected":false},"author":5,"featured_media":0,"parent":250,"menu_order":0,"comment_status":"closed","ping_status":"closed","template":"","meta":{"_acf_changed":false,"inline_featured_image":false,"footnotes":""},"class_list":["post-270","page","type-page","status-publish","hentry"],"acf":[],"yoast_head":"<!-- This site is optimized with the Yoast SEO plugin v26.9 - https:\/\/yoast.com\/product\/yoast-seo-wordpress\/ -->\n<title>Causas de la p\u00e9rdida auditiva - Phonak - Peru<\/title>\n<meta name=\"robots\" content=\"index, follow, max-snippet:-1, max-image-preview:large, max-video-preview:-1\" \/>\n<link rel=\"canonical\" href=\"https:\/\/intl.phonak.com\/main-spanish\/perdida-auditiva\/causas-de-la-perdida-auditiva\/\" \/>\n<meta property=\"og:locale\" content=\"es_ES\" \/>\n<meta property=\"og:type\" content=\"article\" \/>\n<meta property=\"og:title\" content=\"Causas de la p\u00e9rdida auditiva - Phonak - Peru\" \/>\n<meta property=\"og:description\" content=\"Escuche su audici\u00f3n En \u00faltima instancia, s\u00f3lo puede o\u00edr lo que se oye. Es por eso que las cosas que...\" \/>\n<meta property=\"og:url\" content=\"https:\/\/intl.phonak.com\/es-pe\/perdida-auditiva\/causas-de-la-perdida-auditiva\/\" \/>\n<meta property=\"og:site_name\" content=\"Phonak - Peru\" \/>\n<meta property=\"article:modified_time\" content=\"2024-06-19T19:48:33+00:00\" \/>\n<meta property=\"og:image\" content=\"https:\/\/intl.phonak.com\/es-pe\/wp-content\/uploads\/sites\/3\/2022\/02\/Banner_ways-to-better-hearing.jpg\" \/>\n<meta name=\"twitter:card\" content=\"summary_large_image\" \/>\n<meta name=\"twitter:label1\" content=\"Est. reading time\" \/>\n\t<meta name=\"twitter:data1\" content=\"3 minutos\" \/>\n<script type=\"application\/ld+json\" class=\"yoast-schema-graph\">{\"@context\":\"https:\/\/schema.org\",\"@graph\":[{\"@type\":\"WebPage\",\"@id\":\"https:\/\/intl.phonak.com\/es-pe\/perdida-de-la-audicion\/causes-of-hearing-loss\/\",\"url\":\"https:\/\/intl.phonak.com\/es-pe\/perdida-de-la-audicion\/causes-of-hearing-loss\/\",\"name\":\"Causas de la p\u00e9rdida auditiva - Phonak - Peru\",\"isPartOf\":{\"@id\":\"https:\/\/intl.phonak.com\/es-pe\/#website\"},\"primaryImageOfPage\":{\"@id\":\"https:\/\/intl.phonak.com\/es-pe\/perdida-de-la-audicion\/causes-of-hearing-loss\/#primaryimage\"},\"image\":{\"@id\":\"https:\/\/intl.phonak.com\/es-pe\/perdida-de-la-audicion\/causes-of-hearing-loss\/#primaryimage\"},\"thumbnailUrl\":\"https:\/\/intl.phonak.com\/es-pe\/wp-content\/uploads\/sites\/3\/2022\/02\/Banner_ways-to-better-hearing.jpg\",\"datePublished\":\"2021-11-29T20:47:45+00:00\",\"dateModified\":\"2024-06-19T19:48:33+00:00\",\"breadcrumb\":{\"@id\":\"https:\/\/intl.phonak.com\/es-pe\/perdida-de-la-audicion\/causes-of-hearing-loss\/#breadcrumb\"},\"inLanguage\":\"es\",\"potentialAction\":[{\"@type\":\"ReadAction\",\"target\":[\"https:\/\/intl.phonak.com\/es-pe\/perdida-de-la-audicion\/causes-of-hearing-loss\/\"]}]},{\"@type\":\"ImageObject\",\"inLanguage\":\"es\",\"@id\":\"https:\/\/intl.phonak.com\/es-pe\/perdida-de-la-audicion\/causes-of-hearing-loss\/#primaryimage\",\"url\":\"\",\"contentUrl\":\"\"},{\"@type\":\"BreadcrumbList\",\"@id\":\"https:\/\/intl.phonak.com\/es-pe\/perdida-de-la-audicion\/causes-of-hearing-loss\/#breadcrumb\",\"itemListElement\":[{\"@type\":\"ListItem\",\"position\":1,\"name\":\"Home\",\"item\":\"https:\/\/intl.phonak.com\/es-pe\/\"},{\"@type\":\"ListItem\",\"position\":2,\"name\":\"Causas de la p\u00e9rdida auditiva\"}]},{\"@type\":\"WebSite\",\"@id\":\"https:\/\/intl.phonak.com\/es-pe\/#website\",\"url\":\"https:\/\/intl.phonak.com\/es-pe\/\",\"name\":\"Phonak - Peru\",\"description\":\"Comprometidos con el cambio de vidas\",\"potentialAction\":[{\"@type\":\"SearchAction\",\"target\":{\"@type\":\"EntryPoint\",\"urlTemplate\":\"https:\/\/intl.phonak.com\/es-pe\/?s={search_term_string}\"},\"query-input\":{\"@type\":\"PropertyValueSpecification\",\"valueRequired\":true,\"valueName\":\"search_term_string\"}}],\"inLanguage\":\"es\"}]}<\/script>\n<!-- \/ Yoast SEO plugin. -->","yoast_head_json":{"title":"Causas de la p\u00e9rdida auditiva - Phonak - Peru","robots":{"index":"index","follow":"follow","max-snippet":"max-snippet:-1","max-image-preview":"max-image-preview:large","max-video-preview":"max-video-preview:-1"},"canonical":"https:\/\/intl.phonak.com\/main-spanish\/perdida-auditiva\/causas-de-la-perdida-auditiva\/","og_locale":"es_ES","og_type":"article","og_title":"Causas de la p\u00e9rdida auditiva - Phonak - Peru","og_description":"Escuche su audici\u00f3n En \u00faltima instancia, s\u00f3lo puede o\u00edr lo que se oye. Es por eso que las cosas que...","og_url":"https:\/\/intl.phonak.com\/es-pe\/perdida-auditiva\/causas-de-la-perdida-auditiva\/","og_site_name":"Phonak - Peru","article_modified_time":"2024-06-19T19:48:33+00:00","og_image":[{"url":"https:\/\/intl.phonak.com\/es-pe\/wp-content\/uploads\/sites\/3\/2022\/02\/Banner_ways-to-better-hearing.jpg","type":"","width":"","height":""}],"twitter_card":"summary_large_image","twitter_misc":{"Est. reading time":"3 minutos"},"schema":{"@context":"https:\/\/schema.org","@graph":[{"@type":"WebPage","@id":"https:\/\/intl.phonak.com\/es-pe\/perdida-de-la-audicion\/causes-of-hearing-loss\/","url":"https:\/\/intl.phonak.com\/es-pe\/perdida-de-la-audicion\/causes-of-hearing-loss\/","name":"Causas de la p\u00e9rdida auditiva - Phonak - Peru","isPartOf":{"@id":"https:\/\/intl.phonak.com\/es-pe\/#website"},"primaryImageOfPage":{"@id":"https:\/\/intl.phonak.com\/es-pe\/perdida-de-la-audicion\/causes-of-hearing-loss\/#primaryimage"},"image":{"@id":"https:\/\/intl.phonak.com\/es-pe\/perdida-de-la-audicion\/causes-of-hearing-loss\/#primaryimage"},"thumbnailUrl":"https:\/\/intl.phonak.com\/es-pe\/wp-content\/uploads\/sites\/3\/2022\/02\/Banner_ways-to-better-hearing.jpg","datePublished":"2021-11-29T20:47:45+00:00","dateModified":"2024-06-19T19:48:33+00:00","breadcrumb":{"@id":"https:\/\/intl.phonak.com\/es-pe\/perdida-de-la-audicion\/causes-of-hearing-loss\/#breadcrumb"},"inLanguage":"es","potentialAction":[{"@type":"ReadAction","target":["https:\/\/intl.phonak.com\/es-pe\/perdida-de-la-audicion\/causes-of-hearing-loss\/"]}]},{"@type":"ImageObject","inLanguage":"es","@id":"https:\/\/intl.phonak.com\/es-pe\/perdida-de-la-audicion\/causes-of-hearing-loss\/#primaryimage","url":"","contentUrl":""},{"@type":"BreadcrumbList","@id":"https:\/\/intl.phonak.com\/es-pe\/perdida-de-la-audicion\/causes-of-hearing-loss\/#breadcrumb","itemListElement":[{"@type":"ListItem","position":1,"name":"Home","item":"https:\/\/intl.phonak.com\/es-pe\/"},{"@type":"ListItem","position":2,"name":"Causas de la p\u00e9rdida auditiva"}]},{"@type":"WebSite","@id":"https:\/\/intl.phonak.com\/es-pe\/#website","url":"https:\/\/intl.phonak.com\/es-pe\/","name":"Phonak - Peru","description":"Comprometidos con el cambio de vidas","potentialAction":[{"@type":"SearchAction","target":{"@type":"EntryPoint","urlTemplate":"https:\/\/intl.phonak.com\/es-pe\/?s={search_term_string}"},"query-input":{"@type":"PropertyValueSpecification","valueRequired":true,"valueName":"search_term_string"}}],"inLanguage":"es"}]}},"jetpack_sharing_enabled":true,"distributor_meta":false,"distributor_terms":false,"distributor_media":false,"distributor_original_site_name":"Phonak - Peru","distributor_original_site_url":"https:\/\/intl.phonak.com\/es-pe","push-errors":false,"_links":{"self":[{"href":"https:\/\/intl.phonak.com\/es-pe\/wp-json\/wp\/v2\/pages\/270","targetHints":{"allow":["GET"]}}],"collection":[{"href":"https:\/\/intl.phonak.com\/es-pe\/wp-json\/wp\/v2\/pages"}],"about":[{"href":"https:\/\/intl.phonak.com\/es-pe\/wp-json\/wp\/v2\/types\/page"}],"author":[{"embeddable":true,"href":"https:\/\/intl.phonak.com\/es-pe\/wp-json\/wp\/v2\/users\/5"}],"replies":[{"embeddable":true,"href":"https:\/\/intl.phonak.com\/es-pe\/wp-json\/wp\/v2\/comments?post=270"}],"version-history":[{"count":17,"href":"https:\/\/intl.phonak.com\/es-pe\/wp-json\/wp\/v2\/pages\/270\/revisions"}],"predecessor-version":[{"id":668,"href":"https:\/\/intl.phonak.com\/es-pe\/wp-json\/wp\/v2\/pages\/270\/revisions\/668"}],"up":[{"embeddable":true,"href":"https:\/\/intl.phonak.com\/es-pe\/wp-json\/wp\/v2\/pages\/250"}],"wp:attachment":[{"href":"https:\/\/intl.phonak.com\/es-pe\/wp-json\/wp\/v2\/media?parent=270"}],"curies":[{"name":"wp","href":"https:\/\/api.w.org\/{rel}","templated":true}]}}