{"id":267,"date":"2021-11-29T21:39:57","date_gmt":"2021-11-29T21:39:57","guid":{"rendered":"https:\/\/intl.phonak.com\/es-pe\/consulte-un-experto-en-audicion\/"},"modified":"2024-05-29T20:42:13","modified_gmt":"2024-05-29T20:42:13","slug":"consulte-un-experto-en-audicion","status":"publish","type":"page","link":"https:\/\/intl.phonak.com\/es-pe\/perdida-auditiva\/consulte-un-experto-en-audicion\/","title":{"rendered":"Consulte un experto en audici\u00f3n"},"content":{"rendered":"\n<div class=\"wp-block-cover alignfull\"><span aria-hidden=\"true\" class=\"wp-block-cover__background has-light-grey-background-color has-background-dim-60 has-background-dim\"><\/span><img decoding=\"async\" class=\"wp-block-cover__image-background wp-image-7280\" alt=\"HCP fitting a Client\" src=\"https:\/\/intl.phonak.com\/main-english\/wp-content\/uploads\/sites\/3\/2023\/12\/Hearing-banner_HCPFittingClient_01-1.jpg\" data-object-fit=\"cover\"\/><div class=\"wp-block-cover__inner-container is-layout-flow wp-block-cover-is-layout-flow\">\n<h1 class=\"wp-block-heading has-text-align-center has-grey-500-color has-text-color\" id=\"your-first-appointment-with-a-hearing-expert\">Su primera cita con un especialista en audici\u00f3n.<\/h1>\n\n\n\n<p class=\"has-text-align-center has-grey-500-color has-text-color has-lead-font-size\">Las pruebas de audici\u00f3n regulares le ayudan a reconocer la p\u00e9rdida auditiva desde el principio. <br>\u00bfCu\u00e1ndo fue la \u00faltima vez que se hizo una prueba de audici\u00f3n?<\/p>\n\n\n\n<div class=\"wp-block-buttons is-horizontal is-content-justification-center is-layout-flex wp-container-core-buttons-is-layout-499968f5 wp-block-buttons-is-layout-flex\">\n<div class=\"wp-block-button is-style-marker-green\"><a class=\"wp-block-button__link wp-element-button\" href=\"https:\/\/intl.phonak.com\/es-pe\/encontrar-un-experto\/\">Encontrar un experto<\/a><\/div>\n<\/div>\n<\/div><\/div>\n\n\n\n<div class=\"wp-block-group is-style-align-small is-layout-flow wp-block-group-is-layout-flow\" style=\"padding-top:0px\">\n<h2 class=\"wp-block-heading has-text-align-center\" id=\"what-to-expect\">\u00bfQu\u00e9 esperar?<\/h2>\n\n\n\n<p class=\"has-text-align-center\">Probablemente ya se haya preguntado qu\u00e9 suceder\u00e1 durante una consulta con un experto. Perm\u00edtanos tranquilizarlo y darle una idea de lo que puede esperar en su primera cita. <\/p>\n\n\n\n<h3 class=\"wp-block-heading has-blue-color has-text-color\" id=\"1-plan-enough-time\">1. Planifica el tiempo suficiente<\/h3>\n\n\n\n<p class=\"has-text-align-left\">Su primera visita durar\u00e1 aproximadamente una hora. Si lo desea, puede pedirle a un familiar o amigo que le acompa\u00f1e. Muchas personas se sienten m\u00e1s seguras de esa manera. Una cara amable a su lado es particularmente \u00fatil si hay problemas de comunicaci\u00f3n.<\/p>\n\n\n\n<h3 class=\"wp-block-heading has-blue-color has-text-color\" id=\"2-ear-examination\">2. Examen del o\u00eddo<\/h3>\n\n\n\n<p>El audi\u00f3logo, audioprotesista o el otorrinolaring\u00f3logo examinar\u00e1 sus o\u00eddos. Esto es para verificar si hay problemas como cerumen excesivo o infecciones de o\u00eddo.<\/p>\n\n\n\n<h3 class=\"wp-block-heading has-blue-color has-text-color\" id=\"3-hearing-test\">3. Prueba de audici\u00f3n<\/h3>\n\n\n\n<p>Despu\u00e9s del examen, el audi\u00f3logo, el audioprotesista o el especialista en otorrinolaringolog\u00eda realizar\u00e1n una prueba de audici\u00f3n. Se le dar\u00e1n auriculares y el experto reproducir\u00e1 una secuencia de tonos, algunos de estos tonos ser\u00e1n fuertes y f\u00e1ciles de escuchar y otros ser\u00e1n suaves y un poco m\u00e1s dif\u00edciles de escuchar. Lo \u00fanico que tiene que hacer es avisar al experto o pulsar un bot\u00f3n cuando escuche un tono. Despu\u00e9s del examen y las pruebas de audici\u00f3n, el experto podr\u00e1 informarle m\u00e1s sobre su audici\u00f3n y su p\u00e9rdida auditiva.<\/p>\n\n\n\n<h3 class=\"wp-block-heading has-blue-color has-text-color\" id=\"selection-of-hearing-solutions-1\">4. Selecci\u00f3n de soluciones auditivas<\/h3>\n\n\n\n<p>Al final de la consulta, el experto le explicar\u00e1 todas las opciones disponibles para recuperar su audici\u00f3n. Se le mostrar\u00e1 una selecci\u00f3n de aud\u00edfonos que son apropiados para su p\u00e9rdida auditiva. Se le explicar\u00e1n las diferencias y ventajas de los productos.<\/p>\n\n\n\n<p>Ahora es un buen momento para hacer todas las preguntas que pueda tener y darle al experto la mayor cantidad de informaci\u00f3n posible. Cuanto m\u00e1s sepa de usted, mejor ser\u00e1 la ayuda que recibir\u00e1. Por lo tanto, es aconsejable pensar en situaciones en las que tenga dificultades auditivas (durante reuniones familiares, durante reuniones, en entornos ruidosos, mientras ve televisi\u00f3n, habla por tel\u00e9fono, mientras escucha m\u00fasica, etc.) &nbsp; antes de acudir a la cita.<\/p>\n\n\n\n<div style=\"height:35px\" aria-hidden=\"true\" class=\"wp-block-spacer\"><\/div>\n<\/div>\n\n\n\n<div class=\"wp-block-group alignfull has-light-grey-background-color has-background is-layout-flow wp-block-group-is-layout-flow\">\n<div class=\"wp-block-group is-style-align-small is-layout-flow wp-block-group-is-layout-flow\">\n<p class=\"has-text-align-center is-style-default\"><strong>SIGUIENTE PASO:<\/strong><\/p>\n\n\n\n<h3 class=\"wp-block-heading has-text-align-center\" id=\"customization-of-your-new-hearing-aid-1\">Personalizaci\u00f3n de su nuevo aud\u00edfono<\/h3>\n\n\n\n<p class=\"has-text-align-center is-style-default\">Phonak es l\u00edder mundial en el desarrollo de soluciones auditivas. Con nuestros continuos esfuerzos por encontrar nuevas soluciones, logramos alcanzar una de las tasas de innovaci\u00f3n m\u00e1s altas de la industria. <\/p>\n\n\n\n<p class=\"has-text-align-center\"><a href=\"https:\/\/intl.phonak.com\/main-english\/solutions\/hearing-aids\/\">M\u00e1s informaci\u00f3n sobre los aud\u00edfonos Phonak<\/a><\/p>\n\n\n\n<p class=\"has-text-align-center is-style-default\">Los aud\u00edfonos se pueden personalizar para adaptarse a sus necesidades, sin embargo, deben optimizarse para asegurarse de que permanezca sintonizado, independientemente de su paradero.<\/p>\n\n\n\n<p class=\"has-text-align-center\"><a href=\"https:\/\/intl.phonak.com\/main-english\/hearing-loss\/hearing-aid-customization\/\">Conozca m\u00e1s sobre la personalizaci\u00f3n de aud\u00edfonos<\/a><\/p>\n<\/div>\n<\/div>\n\n\n\n<div class=\"wp-block-media-text is-stacked-on-mobile cta-block\" style=\"grid-template-columns:35% auto\"><figure class=\"wp-block-media-text__media\"><img decoding=\"async\" src=\"https:\/\/intl.phonak.com\/main-english\/wp-content\/uploads\/sites\/3\/2021\/11\/cta-image.jpg?w=401\" alt=\"\" class=\"wp-image-6738 size-full\"\/><\/figure><div class=\"wp-block-media-text__content\">\n<div class=\"wp-block-create-block-icon-selector\"><i class=\"fal fa-map-marker-alt\"><\/i><\/div>\n\n\n\n<h3 class=\"wp-block-heading\">Expertos en audici\u00f3n cerca de usted<\/h3>\n\n\n\n<p>Los profesionales de la salud auditiva pueden ayudarle a tomar la decisi\u00f3n perfecta para usted. Tendr\u00e1n en cuenta sus necesidades auditivas, su presupuesto, su estilo de vida y sus preferencias auditivas individuales.<\/p>\n\n\n\n<div class=\"wp-block-buttons is-layout-flex wp-block-buttons-is-layout-flex\">\n<div class=\"wp-block-button is-style-marker-green\"><a class=\"wp-block-button__link wp-element-button\" href=\"https:\/\/intl.phonak.com\/es-pe\/encontrar-un-experto\/\">Encontrar un experto<\/a><\/div>\n<\/div>\n<\/div><\/div>\n","protected":false},"excerpt":{"rendered":"<p>\u00bfQu\u00e9 esperar? Probablemente ya se haya preguntado qu\u00e9 suceder\u00e1 durante una consulta con un experto. Perm\u00edtanos tranquilizarlo y darle una&#8230;<\/p>\n","protected":false},"author":5,"featured_media":0,"parent":250,"menu_order":0,"comment_status":"closed","ping_status":"closed","template":"","meta":{"_acf_changed":false,"inline_featured_image":false,"footnotes":""},"class_list":["post-267","page","type-page","status-publish","hentry"],"acf":[],"yoast_head":"<!-- This site is optimized with the Yoast SEO plugin v26.9 - https:\/\/yoast.com\/product\/yoast-seo-wordpress\/ -->\n<title>Consulte un experto en audici\u00f3n - Phonak - Peru<\/title>\n<meta name=\"robots\" content=\"index, follow, max-snippet:-1, max-image-preview:large, max-video-preview:-1\" \/>\n<link rel=\"canonical\" href=\"https:\/\/intl.phonak.com\/main-spanish\/perdida-de-la-audicion\/consulte-un-experto-en-audicion\/\" \/>\n<meta property=\"og:locale\" content=\"es_ES\" \/>\n<meta property=\"og:type\" content=\"article\" \/>\n<meta property=\"og:title\" content=\"Consulte un experto en audici\u00f3n - Phonak - Peru\" \/>\n<meta property=\"og:description\" content=\"\u00bfQu\u00e9 esperar? Probablemente ya se haya preguntado qu\u00e9 suceder\u00e1 durante una consulta con un experto. Perm\u00edtanos tranquilizarlo y darle una...\" \/>\n<meta property=\"og:url\" content=\"https:\/\/intl.phonak.com\/es-pe\/perdida-auditiva\/consulte-un-experto-en-audicion\/\" \/>\n<meta property=\"og:site_name\" content=\"Phonak - Peru\" \/>\n<meta property=\"article:modified_time\" content=\"2024-05-29T20:42:13+00:00\" \/>\n<meta property=\"og:image\" content=\"https:\/\/intl.phonak.com\/main-english\/wp-content\/uploads\/sites\/3\/2023\/12\/Hearing-banner_HCPFittingClient_01-1.jpg\" \/>\n<meta name=\"twitter:card\" content=\"summary_large_image\" \/>\n<meta name=\"twitter:label1\" content=\"Est. reading time\" \/>\n\t<meta name=\"twitter:data1\" content=\"3 minutos\" \/>\n<script type=\"application\/ld+json\" class=\"yoast-schema-graph\">{\"@context\":\"https:\/\/schema.org\",\"@graph\":[{\"@type\":\"WebPage\",\"@id\":\"https:\/\/intl.phonak.com\/es-pe\/perdida-de-la-audicion\/consulte-un-experto-en-audicion\/\",\"url\":\"https:\/\/intl.phonak.com\/es-pe\/perdida-de-la-audicion\/consulte-un-experto-en-audicion\/\",\"name\":\"Consulte un experto en audici\u00f3n - Phonak - Peru\",\"isPartOf\":{\"@id\":\"https:\/\/intl.phonak.com\/es-pe\/#website\"},\"primaryImageOfPage\":{\"@id\":\"https:\/\/intl.phonak.com\/es-pe\/perdida-de-la-audicion\/consulte-un-experto-en-audicion\/#primaryimage\"},\"image\":{\"@id\":\"https:\/\/intl.phonak.com\/es-pe\/perdida-de-la-audicion\/consulte-un-experto-en-audicion\/#primaryimage\"},\"thumbnailUrl\":\"https:\/\/intl.phonak.com\/main-english\/wp-content\/uploads\/sites\/3\/2023\/12\/Hearing-banner_HCPFittingClient_01-1.jpg\",\"datePublished\":\"2021-11-29T21:39:57+00:00\",\"dateModified\":\"2024-05-29T20:42:13+00:00\",\"breadcrumb\":{\"@id\":\"https:\/\/intl.phonak.com\/es-pe\/perdida-de-la-audicion\/consulte-un-experto-en-audicion\/#breadcrumb\"},\"inLanguage\":\"es\",\"potentialAction\":[{\"@type\":\"ReadAction\",\"target\":[\"https:\/\/intl.phonak.com\/es-pe\/perdida-de-la-audicion\/consulte-un-experto-en-audicion\/\"]}]},{\"@type\":\"ImageObject\",\"inLanguage\":\"es\",\"@id\":\"https:\/\/intl.phonak.com\/es-pe\/perdida-de-la-audicion\/consulte-un-experto-en-audicion\/#primaryimage\",\"url\":\"https:\/\/intl.phonak.com\/main-english\/wp-content\/uploads\/sites\/3\/2023\/12\/Hearing-banner_HCPFittingClient_01-1.jpg\",\"contentUrl\":\"https:\/\/intl.phonak.com\/main-english\/wp-content\/uploads\/sites\/3\/2023\/12\/Hearing-banner_HCPFittingClient_01-1.jpg\"},{\"@type\":\"BreadcrumbList\",\"@id\":\"https:\/\/intl.phonak.com\/es-pe\/perdida-de-la-audicion\/consulte-un-experto-en-audicion\/#breadcrumb\",\"itemListElement\":[{\"@type\":\"ListItem\",\"position\":1,\"name\":\"Home\",\"item\":\"https:\/\/intl.phonak.com\/es-pe\/\"},{\"@type\":\"ListItem\",\"position\":2,\"name\":\"Consulte un experto en audici\u00f3n\"}]},{\"@type\":\"WebSite\",\"@id\":\"https:\/\/intl.phonak.com\/es-pe\/#website\",\"url\":\"https:\/\/intl.phonak.com\/es-pe\/\",\"name\":\"Phonak - Peru\",\"description\":\"Comprometidos con el cambio de vidas\",\"potentialAction\":[{\"@type\":\"SearchAction\",\"target\":{\"@type\":\"EntryPoint\",\"urlTemplate\":\"https:\/\/intl.phonak.com\/es-pe\/?s={search_term_string}\"},\"query-input\":{\"@type\":\"PropertyValueSpecification\",\"valueRequired\":true,\"valueName\":\"search_term_string\"}}],\"inLanguage\":\"es\"}]}<\/script>\n<!-- \/ Yoast SEO plugin. -->","yoast_head_json":{"title":"Consulte un experto en audici\u00f3n - Phonak - Peru","robots":{"index":"index","follow":"follow","max-snippet":"max-snippet:-1","max-image-preview":"max-image-preview:large","max-video-preview":"max-video-preview:-1"},"canonical":"https:\/\/intl.phonak.com\/main-spanish\/perdida-de-la-audicion\/consulte-un-experto-en-audicion\/","og_locale":"es_ES","og_type":"article","og_title":"Consulte un experto en audici\u00f3n - Phonak - Peru","og_description":"\u00bfQu\u00e9 esperar? Probablemente ya se haya preguntado qu\u00e9 suceder\u00e1 durante una consulta con un experto. Perm\u00edtanos tranquilizarlo y darle una...","og_url":"https:\/\/intl.phonak.com\/es-pe\/perdida-auditiva\/consulte-un-experto-en-audicion\/","og_site_name":"Phonak - Peru","article_modified_time":"2024-05-29T20:42:13+00:00","og_image":[{"url":"https:\/\/intl.phonak.com\/main-english\/wp-content\/uploads\/sites\/3\/2023\/12\/Hearing-banner_HCPFittingClient_01-1.jpg","type":"","width":"","height":""}],"twitter_card":"summary_large_image","twitter_misc":{"Est. reading time":"3 minutos"},"schema":{"@context":"https:\/\/schema.org","@graph":[{"@type":"WebPage","@id":"https:\/\/intl.phonak.com\/es-pe\/perdida-de-la-audicion\/consulte-un-experto-en-audicion\/","url":"https:\/\/intl.phonak.com\/es-pe\/perdida-de-la-audicion\/consulte-un-experto-en-audicion\/","name":"Consulte un experto en audici\u00f3n - Phonak - Peru","isPartOf":{"@id":"https:\/\/intl.phonak.com\/es-pe\/#website"},"primaryImageOfPage":{"@id":"https:\/\/intl.phonak.com\/es-pe\/perdida-de-la-audicion\/consulte-un-experto-en-audicion\/#primaryimage"},"image":{"@id":"https:\/\/intl.phonak.com\/es-pe\/perdida-de-la-audicion\/consulte-un-experto-en-audicion\/#primaryimage"},"thumbnailUrl":"https:\/\/intl.phonak.com\/main-english\/wp-content\/uploads\/sites\/3\/2023\/12\/Hearing-banner_HCPFittingClient_01-1.jpg","datePublished":"2021-11-29T21:39:57+00:00","dateModified":"2024-05-29T20:42:13+00:00","breadcrumb":{"@id":"https:\/\/intl.phonak.com\/es-pe\/perdida-de-la-audicion\/consulte-un-experto-en-audicion\/#breadcrumb"},"inLanguage":"es","potentialAction":[{"@type":"ReadAction","target":["https:\/\/intl.phonak.com\/es-pe\/perdida-de-la-audicion\/consulte-un-experto-en-audicion\/"]}]},{"@type":"ImageObject","inLanguage":"es","@id":"https:\/\/intl.phonak.com\/es-pe\/perdida-de-la-audicion\/consulte-un-experto-en-audicion\/#primaryimage","url":"https:\/\/intl.phonak.com\/main-english\/wp-content\/uploads\/sites\/3\/2023\/12\/Hearing-banner_HCPFittingClient_01-1.jpg","contentUrl":"https:\/\/intl.phonak.com\/main-english\/wp-content\/uploads\/sites\/3\/2023\/12\/Hearing-banner_HCPFittingClient_01-1.jpg"},{"@type":"BreadcrumbList","@id":"https:\/\/intl.phonak.com\/es-pe\/perdida-de-la-audicion\/consulte-un-experto-en-audicion\/#breadcrumb","itemListElement":[{"@type":"ListItem","position":1,"name":"Home","item":"https:\/\/intl.phonak.com\/es-pe\/"},{"@type":"ListItem","position":2,"name":"Consulte un experto en audici\u00f3n"}]},{"@type":"WebSite","@id":"https:\/\/intl.phonak.com\/es-pe\/#website","url":"https:\/\/intl.phonak.com\/es-pe\/","name":"Phonak - Peru","description":"Comprometidos con el cambio de vidas","potentialAction":[{"@type":"SearchAction","target":{"@type":"EntryPoint","urlTemplate":"https:\/\/intl.phonak.com\/es-pe\/?s={search_term_string}"},"query-input":{"@type":"PropertyValueSpecification","valueRequired":true,"valueName":"search_term_string"}}],"inLanguage":"es"}]}},"jetpack_sharing_enabled":true,"distributor_meta":false,"distributor_terms":false,"distributor_media":false,"distributor_original_site_name":"Phonak - Peru","distributor_original_site_url":"https:\/\/intl.phonak.com\/es-pe","push-errors":false,"_links":{"self":[{"href":"https:\/\/intl.phonak.com\/es-pe\/wp-json\/wp\/v2\/pages\/267","targetHints":{"allow":["GET"]}}],"collection":[{"href":"https:\/\/intl.phonak.com\/es-pe\/wp-json\/wp\/v2\/pages"}],"about":[{"href":"https:\/\/intl.phonak.com\/es-pe\/wp-json\/wp\/v2\/types\/page"}],"author":[{"embeddable":true,"href":"https:\/\/intl.phonak.com\/es-pe\/wp-json\/wp\/v2\/users\/5"}],"replies":[{"embeddable":true,"href":"https:\/\/intl.phonak.com\/es-pe\/wp-json\/wp\/v2\/comments?post=267"}],"version-history":[{"count":5,"href":"https:\/\/intl.phonak.com\/es-pe\/wp-json\/wp\/v2\/pages\/267\/revisions"}],"predecessor-version":[{"id":394,"href":"https:\/\/intl.phonak.com\/es-pe\/wp-json\/wp\/v2\/pages\/267\/revisions\/394"}],"up":[{"embeddable":true,"href":"https:\/\/intl.phonak.com\/es-pe\/wp-json\/wp\/v2\/pages\/250"}],"wp:attachment":[{"href":"https:\/\/intl.phonak.com\/es-pe\/wp-json\/wp\/v2\/media?parent=267"}],"curies":[{"name":"wp","href":"https:\/\/api.w.org\/{rel}","templated":true}]}}