{"id":893,"date":"2021-10-26T15:19:51","date_gmt":"2021-10-26T15:19:51","guid":{"rendered":"https:\/\/intl.phonak.com\/es-pa\/acerca-de-phonak\/"},"modified":"2024-07-31T13:28:29","modified_gmt":"2024-07-31T13:28:29","slug":"acerca-de-phonak","status":"publish","type":"page","link":"https:\/\/intl.phonak.com\/es-pa\/acerca-de-phonak\/","title":{"rendered":"Acerca de Phonak"},"content":{"rendered":"\n<div class=\"wp-block-cover alignfull is-light\"><span aria-hidden=\"true\" class=\"wp-block-cover__background has-white-background-color has-background-dim-10 has-background-dim\"><\/span><img decoding=\"async\" class=\"wp-block-cover__image-background wp-image-6573\" alt=\"\" src=\"https:\/\/intl.phonak.com\/es-pa\/wp-content\/uploads\/sites\/3\/2023\/03\/Banner-gray.jpg\" data-object-fit=\"cover\"\/><div class=\"wp-block-cover__inner-container is-layout-flow wp-block-cover-is-layout-flow\">\n<h1 class=\"wp-block-heading has-text-align-center has-dark-grey-color has-text-color\" id=\"about-us\">Acerca de Phonak<\/h1>\n\n\n\n<h6 class=\"wp-block-heading has-text-align-center\">La Cl\u00ednica de Audiolog\u00eda Especializada - CLAUDIE junto con Phonak<\/h6>\n<\/div><\/div>\n\n\n\n<div class=\"wp-block-group is-style-align-small is-layout-flow wp-block-group-is-layout-flow\" style=\"padding-top:0px;padding-bottom:0px\">\n<p class=\"has-text-align-center has-lead-font-size\">La Cl\u00ednica de Audiolog\u00eda Especializada - CLAUDIE consolida su cooperaci\u00f3n a lo largo de los a\u00f1os con Phonak<\/p>\n\n\n\t<div class=\"wp-block-phonak-about wp-block-phonak-partner-details\">\n\t\t<div class=\"partner-details-wrapper grid-x align-middle align-justify\">\n\t\t\t\t\t\t\t\t<div class=\"partner\">\n\t\t\t\t\t\t\t\t\t\t\t\t\t<div class=\"partner-logo\">\n\t\t\t\t\t\t\t\t<img decoding=\"async\" src=\"https:\/\/intl.phonak.com\/es-pa\/wp-content\/uploads\/sites\/53\/2025\/12\/Logo_CLAUDIE.png\" alt=\"La Cl\u00ednica de Audiolog\u00eda Especializada - CLAUDIE\" \/>\n\t\t\t\t\t\t\t<\/div>\n\t\t\t\t\t\t\t\t\t\t\t\t<div class=\"partner-details-content\">\n\t\t\t\t\t\t\t\t\t\t\t\t\t\t\t<h4 class=\"partner-name\">La Cl\u00ednica de Audiolog\u00eda Especializada &#8211; CLAUDIE<\/h4>\n\t\t\t\t\t\t\t\t\t\t\t\t\t\t\t\t\t\t\t\t<\/div>\n\t\t\t\t\t\t<div class=\"grid-x align-middle align-justify\">\n\t\t\t\t\t\t\t<div class=\"cell small-12\">\n\t\t\t\t\t\t\t\t\t\t\t\t\t\t\t\t\t<div class=\"wp-block-phonak-about__text\"><p>La Cl\u00ednica de Audiolog\u00eda Especializada \u2013 CLAUDIE, en el prestigioso hospital de Punta Pac\u00edfica, cuenta con la variedad de los aud\u00edfonos digitales de \u00faltima generaci\u00f3n y los accesorios de avanzada tecnolog\u00eda ROGER de PHONAK.<\/p>\n<p>CLAUDIE garantiza la mejor atenci\u00f3n personalizada, tanto a ni\u00f1os como adultos, que requieran los productos de mayor calidad a nivel mundial de PHONAK; distribuidos en Panam\u00e1 por la compa\u00f1\u00eda AUDITIVA, S.A., que a su vez ofrece servicios de revisi\u00f3n y reparaci\u00f3n de aud\u00edfonos PHONAK, honrando as\u00ed su garant\u00eda internacional. 2 de cada 1000 nacidos vivos presentan sorderas profundas y el 60% de los adultos mayores, desarrollan un grado de p\u00e9rdida auditiva, que repercute directamente en sus actividades del diario vivir.<br \/>\nDe aqu\u00ed nace el compromiso entre PHONAK (marca mundial reconocida) y Clinica de Audiolog\u00eda Especializada \u2013 CLAUDIE y AUDITIVA S.A., grupo de profesionales especialistas y capacitados para dar soluciones auditivas, de acuerdo a las actividades de la vida diaria.<br \/>\nAdem\u00e1s contamos con laboratorio, servicio t\u00e9cnico y equipamiento necesario para realizar ex\u00e1menes de audiometr\u00eda e impedanciomentr\u00edas.<\/p>\n <\/div>\n\t\t\t\t\t\t\t\t\t\t\t\t\t\t\t<\/div>\n\t\t\t\t\t\t<\/div>\n\t\t\t\t\t<\/div><!-- .partner -->\n\t\t\t\t\t<\/div><!-- .partner-details-wrapper -->\n\t<\/div><!-- .wp-block-phonak-about -->\n<\/div>\n\n\n\n\n\n<div class=\"wp-block-media-text is-stacked-on-mobile cta-block\" style=\"grid-template-columns:35% auto\"><figure class=\"wp-block-media-text__media\"><img decoding=\"async\" src=\"https:\/\/intl.phonak.com\/main-english\/wp-content\/uploads\/sites\/3\/2021\/11\/cta-image.jpg?w=401\" alt=\"\" class=\"wp-image-6738 size-full\"\/><\/figure><div class=\"wp-block-media-text__content\">\n<div class=\"wp-block-create-block-icon-selector\"><i class=\"fal fa-map-marker-alt\"><\/i><\/div>\n\n\n\n<h3 class=\"wp-block-heading\">Expertos en audici\u00f3n cerca de usted <\/h3>\n\n\n\n<p>Los profesionales de la salud auditiva pueden ayudarle a tomar la decisi\u00f3n perfecta para usted. Tendr\u00e1n en cuenta sus necesidades auditivas, su presupuesto, su estilo de vida y sus preferencias auditivas individuales. <\/p>\n\n\n\n<div class=\"wp-block-buttons is-layout-flex wp-block-buttons-is-layout-flex\">\n<div class=\"wp-block-button is-style-marker-green\"><a class=\"wp-block-button__link wp-element-button\" href=\"https:\/\/intl.phonak.com\/es-pa\/encontrar-un-experto\/\">Encontrar un experto<\/a><\/div>\n<\/div>\n<\/div><\/div>\n","protected":false},"excerpt":{"rendered":"<p>consolida su cooperaci\u00f3n a lo largo de los a\u00f1os con Phonak<\/p>\n","protected":false},"author":5,"featured_media":0,"parent":0,"menu_order":0,"comment_status":"closed","ping_status":"closed","template":"","meta":{"_acf_changed":false,"inline_featured_image":false,"footnotes":""},"class_list":["post-893","page","type-page","status-publish","hentry"],"acf":[],"yoast_head":"<!-- This site is optimized with the Yoast SEO plugin v26.9 - https:\/\/yoast.com\/product\/yoast-seo-wordpress\/ -->\n<title>Acerca de Phonak - Phonak - Panama<\/title>\n<meta name=\"robots\" content=\"index, follow, max-snippet:-1, max-image-preview:large, max-video-preview:-1\" \/>\n<link rel=\"canonical\" href=\"https:\/\/intl.phonak.com\/main-spanish\/acerca-de-phonak\/\" \/>\n<meta property=\"og:locale\" content=\"es_ES\" \/>\n<meta property=\"og:type\" content=\"article\" \/>\n<meta property=\"og:title\" content=\"Acerca de Phonak - Phonak - Panama\" \/>\n<meta property=\"og:description\" content=\"consolida su cooperaci\u00f3n a lo largo de los a\u00f1os con Phonak\" \/>\n<meta property=\"og:url\" content=\"https:\/\/intl.phonak.com\/es-pa\/acerca-de-phonak\/\" \/>\n<meta property=\"og:site_name\" content=\"Phonak - Panama\" \/>\n<meta property=\"article:modified_time\" content=\"2024-07-31T13:28:29+00:00\" \/>\n<meta property=\"og:image\" content=\"https:\/\/intl.phonak.com\/es-pa\/wp-content\/uploads\/sites\/3\/2023\/03\/Banner-gray.jpg\" \/>\n<meta name=\"twitter:card\" content=\"summary_large_image\" \/>\n<meta name=\"twitter:label1\" content=\"Est. reading time\" \/>\n\t<meta name=\"twitter:data1\" content=\"1 minuto\" \/>\n<script type=\"application\/ld+json\" class=\"yoast-schema-graph\">{\"@context\":\"https:\/\/schema.org\",\"@graph\":[{\"@type\":\"WebPage\",\"@id\":\"https:\/\/intl.phonak.com\/es-pa\/acerca-de-phonak\/\",\"url\":\"https:\/\/intl.phonak.com\/es-pa\/acerca-de-phonak\/\",\"name\":\"Acerca de Phonak - Phonak - Panama\",\"isPartOf\":{\"@id\":\"https:\/\/intl.phonak.com\/es-pa\/#website\"},\"primaryImageOfPage\":{\"@id\":\"https:\/\/intl.phonak.com\/es-pa\/acerca-de-phonak\/#primaryimage\"},\"image\":{\"@id\":\"https:\/\/intl.phonak.com\/es-pa\/acerca-de-phonak\/#primaryimage\"},\"thumbnailUrl\":\"https:\/\/intl.phonak.com\/es-pa\/wp-content\/uploads\/sites\/3\/2023\/03\/Banner-gray.jpg\",\"datePublished\":\"2021-10-26T15:19:51+00:00\",\"dateModified\":\"2024-07-31T13:28:29+00:00\",\"breadcrumb\":{\"@id\":\"https:\/\/intl.phonak.com\/es-pa\/acerca-de-phonak\/#breadcrumb\"},\"inLanguage\":\"es\",\"potentialAction\":[{\"@type\":\"ReadAction\",\"target\":[\"https:\/\/intl.phonak.com\/es-pa\/acerca-de-phonak\/\"]}]},{\"@type\":\"ImageObject\",\"inLanguage\":\"es\",\"@id\":\"https:\/\/intl.phonak.com\/es-pa\/acerca-de-phonak\/#primaryimage\",\"url\":\"\",\"contentUrl\":\"\"},{\"@type\":\"BreadcrumbList\",\"@id\":\"https:\/\/intl.phonak.com\/es-pa\/acerca-de-phonak\/#breadcrumb\",\"itemListElement\":[{\"@type\":\"ListItem\",\"position\":1,\"name\":\"Home\",\"item\":\"https:\/\/intl.phonak.com\/es-pa\/\"},{\"@type\":\"ListItem\",\"position\":2,\"name\":\"Acerca de Phonak\"}]},{\"@type\":\"WebSite\",\"@id\":\"https:\/\/intl.phonak.com\/es-pa\/#website\",\"url\":\"https:\/\/intl.phonak.com\/es-pa\/\",\"name\":\"Phonak - Panama\",\"description\":\"Comprometidos con el cambio de vidas\",\"potentialAction\":[{\"@type\":\"SearchAction\",\"target\":{\"@type\":\"EntryPoint\",\"urlTemplate\":\"https:\/\/intl.phonak.com\/es-pa\/?s={search_term_string}\"},\"query-input\":{\"@type\":\"PropertyValueSpecification\",\"valueRequired\":true,\"valueName\":\"search_term_string\"}}],\"inLanguage\":\"es\"}]}<\/script>\n<!-- \/ Yoast SEO plugin. -->","yoast_head_json":{"title":"Acerca de Phonak - Phonak - Panama","robots":{"index":"index","follow":"follow","max-snippet":"max-snippet:-1","max-image-preview":"max-image-preview:large","max-video-preview":"max-video-preview:-1"},"canonical":"https:\/\/intl.phonak.com\/main-spanish\/acerca-de-phonak\/","og_locale":"es_ES","og_type":"article","og_title":"Acerca de Phonak - Phonak - Panama","og_description":"consolida su cooperaci\u00f3n a lo largo de los a\u00f1os con Phonak","og_url":"https:\/\/intl.phonak.com\/es-pa\/acerca-de-phonak\/","og_site_name":"Phonak - Panama","article_modified_time":"2024-07-31T13:28:29+00:00","og_image":[{"url":"https:\/\/intl.phonak.com\/es-pa\/wp-content\/uploads\/sites\/3\/2023\/03\/Banner-gray.jpg","type":"","width":"","height":""}],"twitter_card":"summary_large_image","twitter_misc":{"Est. reading time":"1 minuto"},"schema":{"@context":"https:\/\/schema.org","@graph":[{"@type":"WebPage","@id":"https:\/\/intl.phonak.com\/es-pa\/acerca-de-phonak\/","url":"https:\/\/intl.phonak.com\/es-pa\/acerca-de-phonak\/","name":"Acerca de Phonak - Phonak - Panama","isPartOf":{"@id":"https:\/\/intl.phonak.com\/es-pa\/#website"},"primaryImageOfPage":{"@id":"https:\/\/intl.phonak.com\/es-pa\/acerca-de-phonak\/#primaryimage"},"image":{"@id":"https:\/\/intl.phonak.com\/es-pa\/acerca-de-phonak\/#primaryimage"},"thumbnailUrl":"https:\/\/intl.phonak.com\/es-pa\/wp-content\/uploads\/sites\/3\/2023\/03\/Banner-gray.jpg","datePublished":"2021-10-26T15:19:51+00:00","dateModified":"2024-07-31T13:28:29+00:00","breadcrumb":{"@id":"https:\/\/intl.phonak.com\/es-pa\/acerca-de-phonak\/#breadcrumb"},"inLanguage":"es","potentialAction":[{"@type":"ReadAction","target":["https:\/\/intl.phonak.com\/es-pa\/acerca-de-phonak\/"]}]},{"@type":"ImageObject","inLanguage":"es","@id":"https:\/\/intl.phonak.com\/es-pa\/acerca-de-phonak\/#primaryimage","url":"","contentUrl":""},{"@type":"BreadcrumbList","@id":"https:\/\/intl.phonak.com\/es-pa\/acerca-de-phonak\/#breadcrumb","itemListElement":[{"@type":"ListItem","position":1,"name":"Home","item":"https:\/\/intl.phonak.com\/es-pa\/"},{"@type":"ListItem","position":2,"name":"Acerca de Phonak"}]},{"@type":"WebSite","@id":"https:\/\/intl.phonak.com\/es-pa\/#website","url":"https:\/\/intl.phonak.com\/es-pa\/","name":"Phonak - Panama","description":"Comprometidos con el cambio de vidas","potentialAction":[{"@type":"SearchAction","target":{"@type":"EntryPoint","urlTemplate":"https:\/\/intl.phonak.com\/es-pa\/?s={search_term_string}"},"query-input":{"@type":"PropertyValueSpecification","valueRequired":true,"valueName":"search_term_string"}}],"inLanguage":"es"}]}},"jetpack_sharing_enabled":true,"distributor_meta":false,"distributor_terms":false,"distributor_media":false,"distributor_original_site_name":"Phonak - Panama","distributor_original_site_url":"https:\/\/intl.phonak.com\/es-pa","push-errors":false,"_links":{"self":[{"href":"https:\/\/intl.phonak.com\/es-pa\/wp-json\/wp\/v2\/pages\/893","targetHints":{"allow":["GET"]}}],"collection":[{"href":"https:\/\/intl.phonak.com\/es-pa\/wp-json\/wp\/v2\/pages"}],"about":[{"href":"https:\/\/intl.phonak.com\/es-pa\/wp-json\/wp\/v2\/types\/page"}],"author":[{"embeddable":true,"href":"https:\/\/intl.phonak.com\/es-pa\/wp-json\/wp\/v2\/users\/5"}],"replies":[{"embeddable":true,"href":"https:\/\/intl.phonak.com\/es-pa\/wp-json\/wp\/v2\/comments?post=893"}],"version-history":[{"count":8,"href":"https:\/\/intl.phonak.com\/es-pa\/wp-json\/wp\/v2\/pages\/893\/revisions"}],"predecessor-version":[{"id":901,"href":"https:\/\/intl.phonak.com\/es-pa\/wp-json\/wp\/v2\/pages\/893\/revisions\/901"}],"wp:attachment":[{"href":"https:\/\/intl.phonak.com\/es-pa\/wp-json\/wp\/v2\/media?parent=893"}],"curies":[{"name":"wp","href":"https:\/\/api.w.org\/{rel}","templated":true}]}}