{"id":295,"date":"2021-10-26T15:25:04","date_gmt":"2021-10-26T15:25:04","guid":{"rendered":"https:\/\/intl.phonak.com\/es-pa\/encontrar-un-experto\/"},"modified":"2024-05-30T16:36:24","modified_gmt":"2024-05-30T16:36:24","slug":"encontrar-un-experto","status":"publish","type":"page","link":"https:\/\/intl.phonak.com\/es-pa\/encontrar-un-experto\/","title":{"rendered":"Encontrar un experto"},"content":{"rendered":"\n<div class=\"wp-block-cover alignfull is-light\"><span aria-hidden=\"true\" class=\"has-white-background-color has-background-dim-60 wp-block-cover__gradient-background has-background-dim\"><\/span><img decoding=\"async\" class=\"wp-block-cover__image-background wp-image-60\" alt=\"\" src=\"http:\/\/stage-intl.phonak.com\/main-english\/wp-content\/uploads\/sites\/3\/2021\/10\/phonak-marvel-rechargeable.jpeg\" style=\"object-position:50% 50%\" data-object-fit=\"cover\" data-object-position=\"50% 50%\"\/><div class=\"wp-block-cover__inner-container is-layout-flow wp-block-cover-is-layout-flow\">\n<h1 class=\"has-text-align-center wp-block-heading\">Expertos en audici\u00f3n cerca de usted<\/h1>   \n<p class=\"has-text-align-center has-lead-font-size\">Nuestros expertos en audici\u00f3n altamente cualificados est\u00e1n disponibles para responder a todas sus preguntas sobre su p\u00e9rdida auditiva y la soluci\u00f3n adecuada para usted<\/p> <\/div><\/div>  \n<div class=\"locations-block  alignwide\">\n\t<div class=\"grid-x align-center grid-padding-x grid-padding-y\">\n\t\t<div class=\"cell small-12 medium-6 hide-for-large\">\n\t\t\t<button class=\"location-toggle flex-container align-spaced align-middle\">\n\t\t\t\t<span class=\"list-view active\">List View<\/span>\n\t\t\t\t<span class=\"map-view\">Map View<\/span>\n\t\t\t<\/button>\n\t\t<\/div>\n\t\t\t\t<div class=\"cell small-12 large-3\">\n\t\t\t<div class=\"location-card-wrapper\">\n\n\t\t\t\t\n\t\t\t\t\t<div class=\"location-card\">\n\t\t\t\t\t\t<button class=\"location-zoom\" data-lat=\"8.5089612\" data-lng=\"-80.3494404\">\n\t\t\t\t\t\t\t<h2 class=\"location\">Cl\u00ednica de Audiolog\u00eda Especializada CLAUDIE<\/h2>\n\t\t\t\t\t\t\t\t<div class=\"location-hours location-section\">\n\t\t\t\t\t\t\t\t\t<h3 class=\"margin-bottom-0\">horario de atenci\u00f3n al p\u00fablico<\/h3>\n\t\t\t\t\t\t\t\t\t<p>Lunes, Martes y Viernes de 8:00AM a 12:00mediod\u00eda, y de 1:00PM a 4:00PM<\/p>\n\t\t\t\t\t\t\t\t<\/div>\n\n\t\t\t\t\t\t\t\t\n\t\t\t\t\t\t\t\t<div class=\"location-section\">\n\t\t\t\t\t\t\t\t\t<h3 class=\"margin-bottom-0\">Tel\u00e9fono<\/h3>\n\t\t\t\t\t\t\t\t\t<p class=\"margin-bottom-0\">(507) 6644-5644<\/p>\n\t\t\t\t\t\t\t\t<\/div>\n\n\t\t\t\t\t\t\t\t\n\t\t\t\t\t\t\t\t<div class=\"location-section\">\n\t\t\t\t\t\t\t\t\t<h3 class=\"margin-bottom-0\">Correo electr\u00f3nico<\/h3>\n\t\t\t\t\t\t\t\t\t<p class=\"margin-bottom-0\">audiologiaespecializada@yahoo.com<\/p>\n\t\t\t\t\t\t\t\t<\/div>\n\n\t\t\t\t\t\t\t\t\n\t\t\t\t\t\t\t\t<div class=\"location-links\">\n\n\t\t\t\t\t\t\t\t\t\n\t\t\t\t\t\t\t\t\t\t<p><a href=\"http:\/\/www.audiologiaespecializada.org\" target=\"_blank\">Ver p\u00e1gina web de la empresa<\/a><\/p>\n\n\t\t\t\t\t\t\t\t\t\t\n\t\t\t\t\t\t\t\t\t\t<p class=\"margin-bottom-0\"><a href=\"https:\/\/maps.app.goo.gl\/BZtpxJbuzFh8rhJR7\" target=\"__blank\">Obtenga la direcci\u00f3n<\/a><\/p>\n\n\t\t\t\t\t\t\t\t\t\t\n\t\t\t\t\t\t\t\t<\/div>\n\n\t\t\t\t\t\t\t\t\t\t\t\t\t\t<\/button>\n\t\t\t\t\t<\/div>\n\n\t\t\t\t\t\n\t\t\t\t\t<div class=\"location-card\">\n\t\t\t\t\t\t<button class=\"location-zoom\" data-lat=\"8.9816134\" data-lng=\"-79.5103328\">\n\t\t\t\t\t\t\t<h2 class=\"location\">Cl\u00ednica de Audiolog\u00eda Especializada CLAUDIE<\/h2>\n\t\t\t\t\t\t\t\t<div class=\"location-hours location-section\">\n\t\t\t\t\t\t\t\t\t<h3 class=\"margin-bottom-0\">horario de atenci\u00f3n al p\u00fablico<\/h3>\n\t\t\t\t\t\t\t\t\t<p>Lunes a Viernes de 10:00AM a 1:00PM y de 2:30PM a 5:00PM<\/p>\n\t\t\t\t\t\t\t\t<\/div>\n\n\t\t\t\t\t\t\t\t\n\t\t\t\t\t\t\t\t<div class=\"location-section\">\n\t\t\t\t\t\t\t\t\t<h3 class=\"margin-bottom-0\">Tel\u00e9fono<\/h3>\n\t\t\t\t\t\t\t\t\t<p class=\"margin-bottom-0\">(507) 204-8436<\/p>\n\t\t\t\t\t\t\t\t<\/div>\n\n\t\t\t\t\t\t\t\t\n\t\t\t\t\t\t\t\t<div class=\"location-section\">\n\t\t\t\t\t\t\t\t\t<h3 class=\"margin-bottom-0\">Correo electr\u00f3nico<\/h3>\n\t\t\t\t\t\t\t\t\t<p class=\"margin-bottom-0\">audiologiaespecializada@yahoo.com<\/p>\n\t\t\t\t\t\t\t\t<\/div>\n\n\t\t\t\t\t\t\t\t\n\t\t\t\t\t\t\t\t<div class=\"location-links\">\n\n\t\t\t\t\t\t\t\t\t\n\t\t\t\t\t\t\t\t\t\t<p><a href=\"http:\/\/www.audiologiaespecializada.org\" target=\"_blank\">Ver p\u00e1gina web de la empresa<\/a><\/p>\n\n\t\t\t\t\t\t\t\t\t\t\n\t\t\t\t\t\t\t\t\t\t<p class=\"margin-bottom-0\"><a href=\"https:\/\/maps.app.goo.gl\/1Rq7a5sUfQwY8ae37\" target=\"__blank\">Obtenga la direcci\u00f3n<\/a><\/p>\n\n\t\t\t\t\t\t\t\t\t\t\n\t\t\t\t\t\t\t\t<\/div>\n\n\t\t\t\t\t\t\t\t\t\t\t\t\t\t<\/button>\n\t\t\t\t\t<\/div>\n\n\t\t\t\t\t\n\t\t\t<\/div>\n\t\t<\/div>\n\n\t\t<div class=\"cell small-12 large-9 location-map-wrapper\">\n\n\t\t\t\n\t\t\t\t<div class=\"acf-map\" data-zoom=\"16\">\n\n\t\t\t\t\t\n\t\t\t\t\t\t<div class=\"marker\" data-lat=\"8.5089612\" data-lng=\"-80.3494404\">\n\t\t\t\t\t\t\t<h2 class=\"location\">Cl\u00ednica de Audiolog\u00eda Especializada CLAUDIE<\/h2>\n\t\t\t\t\t\t\t\t<div class=\"location-hours location-section\">\n\t\t\t\t\t\t\t\t\t<h3 class=\"margin-bottom-0\">horario de atenci\u00f3n al p\u00fablico<\/h3>\n\t\t\t\t\t\t\t\t\t<p>Lunes, Martes y Viernes de 8:00AM a 12:00mediod\u00eda, y de 1:00PM a 4:00PM<\/p>\n\t\t\t\t\t\t\t\t<\/div>\n\n\t\t\t\t\t\t\t\t\n\t\t\t\t\t\t\t\t<div class=\"location-section\">\n\t\t\t\t\t\t\t\t\t<h3 class=\"margin-bottom-0\">Tel\u00e9fono<\/h3>\n\t\t\t\t\t\t\t\t\t<p class=\"margin-bottom-0\">(507) 6644-5644<\/p>\n\t\t\t\t\t\t\t\t<\/div>\n\n\t\t\t\t\t\t\t\t\n\t\t\t\t\t\t\t\t<div class=\"location-section\">\n\t\t\t\t\t\t\t\t\t<h3 class=\"margin-bottom-0\">Correo electr\u00f3nico<\/h3>\n\t\t\t\t\t\t\t\t\t<p class=\"margin-bottom-0\">audiologiaespecializada@yahoo.com<\/p>\n\t\t\t\t\t\t\t\t<\/div>\n\n\t\t\t\t\t\t\t\t\n\t\t\t\t\t\t\t\t<div class=\"location-links\">\n\n\t\t\t\t\t\t\t\t\t\n\t\t\t\t\t\t\t\t\t\t<p><a href=\"http:\/\/www.audiologiaespecializada.org\" target=\"_blank\">Ver p\u00e1gina web de la empresa<\/a><\/p>\n\n\t\t\t\t\t\t\t\t\t\t\n\t\t\t\t\t\t\t\t\t\t<p class=\"margin-bottom-0\"><a href=\"https:\/\/maps.app.goo.gl\/BZtpxJbuzFh8rhJR7\" target=\"__blank\">Obtenga la direcci\u00f3n<\/a><\/p>\n\n\t\t\t\t\t\t\t\t\t\t\n\t\t\t\t\t\t\t\t<\/div>\n\n\t\t\t\t\t\t\t\n\t\t\t\t\t\t<\/div>\n\n\t\t\t\t\t\t\n\t\t\t\t\t\t<div class=\"marker\" data-lat=\"8.9816134\" data-lng=\"-79.5103328\">\n\t\t\t\t\t\t\t<h2 class=\"location\">Cl\u00ednica de Audiolog\u00eda Especializada CLAUDIE<\/h2>\n\t\t\t\t\t\t\t\t<div class=\"location-hours location-section\">\n\t\t\t\t\t\t\t\t\t<h3 class=\"margin-bottom-0\">horario de atenci\u00f3n al p\u00fablico<\/h3>\n\t\t\t\t\t\t\t\t\t<p>Lunes a Viernes de 10:00AM a 1:00PM y de 2:30PM a 5:00PM<\/p>\n\t\t\t\t\t\t\t\t<\/div>\n\n\t\t\t\t\t\t\t\t\n\t\t\t\t\t\t\t\t<div class=\"location-section\">\n\t\t\t\t\t\t\t\t\t<h3 class=\"margin-bottom-0\">Tel\u00e9fono<\/h3>\n\t\t\t\t\t\t\t\t\t<p class=\"margin-bottom-0\">(507) 204-8436<\/p>\n\t\t\t\t\t\t\t\t<\/div>\n\n\t\t\t\t\t\t\t\t\n\t\t\t\t\t\t\t\t<div class=\"location-section\">\n\t\t\t\t\t\t\t\t\t<h3 class=\"margin-bottom-0\">Correo electr\u00f3nico<\/h3>\n\t\t\t\t\t\t\t\t\t<p class=\"margin-bottom-0\">audiologiaespecializada@yahoo.com<\/p>\n\t\t\t\t\t\t\t\t<\/div>\n\n\t\t\t\t\t\t\t\t\n\t\t\t\t\t\t\t\t<div class=\"location-links\">\n\n\t\t\t\t\t\t\t\t\t\n\t\t\t\t\t\t\t\t\t\t<p><a href=\"http:\/\/www.audiologiaespecializada.org\" target=\"_blank\">Ver p\u00e1gina web de la empresa<\/a><\/p>\n\n\t\t\t\t\t\t\t\t\t\t\n\t\t\t\t\t\t\t\t\t\t<p class=\"margin-bottom-0\"><a href=\"https:\/\/maps.app.goo.gl\/1Rq7a5sUfQwY8ae37\" target=\"__blank\">Obtenga la direcci\u00f3n<\/a><\/p>\n\n\t\t\t\t\t\t\t\t\t\t\n\t\t\t\t\t\t\t\t<\/div>\n\n\t\t\t\t\t\t\t\n\t\t\t\t\t\t<\/div>\n\n\t\t\t\t\t\t\n\t\t\t\t<\/div>\n\n\t\t\t\t\n\t\t<\/div>\n\t<\/div>\n<\/div>\n","protected":false},"excerpt":{"rendered":"","protected":false},"author":5,"featured_media":0,"parent":0,"menu_order":0,"comment_status":"closed","ping_status":"closed","template":"","meta":{"_acf_changed":false,"inline_featured_image":false,"footnotes":""},"class_list":["post-295","page","type-page","status-publish","hentry"],"acf":[],"yoast_head":"<!-- This site is optimized with the Yoast SEO plugin v26.9 - https:\/\/yoast.com\/product\/yoast-seo-wordpress\/ -->\n<title>Encontrar un experto - Phonak - Panama<\/title>\n<meta name=\"robots\" content=\"index, follow, max-snippet:-1, max-image-preview:large, max-video-preview:-1\" \/>\n<link rel=\"canonical\" href=\"https:\/\/intl.phonak.com\/main-spanish\/encontrar-un-experto\/\" \/>\n<meta property=\"og:locale\" content=\"es_ES\" \/>\n<meta property=\"og:type\" content=\"article\" \/>\n<meta property=\"og:title\" content=\"Encontrar un experto - Phonak - Panama\" \/>\n<meta property=\"og:url\" content=\"https:\/\/intl.phonak.com\/es-pa\/encontrar-un-experto\/\" \/>\n<meta property=\"og:site_name\" content=\"Phonak - Panama\" \/>\n<meta property=\"article:modified_time\" content=\"2024-05-30T16:36:24+00:00\" \/>\n<meta property=\"og:image\" content=\"http:\/\/stage-intl.phonak.com\/main-english\/wp-content\/uploads\/sites\/3\/2021\/10\/phonak-marvel-rechargeable.jpeg\" \/>\n<meta name=\"twitter:card\" content=\"summary_large_image\" \/>\n<meta name=\"twitter:label1\" content=\"Est. reading time\" \/>\n\t<meta name=\"twitter:data1\" content=\"1 minuto\" \/>\n<script type=\"application\/ld+json\" class=\"yoast-schema-graph\">{\"@context\":\"https:\/\/schema.org\",\"@graph\":[{\"@type\":\"WebPage\",\"@id\":\"https:\/\/intl.phonak.com\/es-pa\/encontrar-un-experto\/\",\"url\":\"https:\/\/intl.phonak.com\/es-pa\/encontrar-un-experto\/\",\"name\":\"Encontrar un experto - Phonak - Panama\",\"isPartOf\":{\"@id\":\"https:\/\/intl.phonak.com\/es-pa\/#website\"},\"primaryImageOfPage\":{\"@id\":\"https:\/\/intl.phonak.com\/es-pa\/encontrar-un-experto\/#primaryimage\"},\"image\":{\"@id\":\"https:\/\/intl.phonak.com\/es-pa\/encontrar-un-experto\/#primaryimage\"},\"thumbnailUrl\":\"http:\/\/stage-intl.phonak.com\/main-english\/wp-content\/uploads\/sites\/3\/2021\/10\/phonak-marvel-rechargeable.jpeg\",\"datePublished\":\"2021-10-26T15:25:04+00:00\",\"dateModified\":\"2024-05-30T16:36:24+00:00\",\"breadcrumb\":{\"@id\":\"https:\/\/intl.phonak.com\/es-pa\/encontrar-un-experto\/#breadcrumb\"},\"inLanguage\":\"es\",\"potentialAction\":[{\"@type\":\"ReadAction\",\"target\":[\"https:\/\/intl.phonak.com\/es-pa\/encontrar-un-experto\/\"]}]},{\"@type\":\"ImageObject\",\"inLanguage\":\"es\",\"@id\":\"https:\/\/intl.phonak.com\/es-pa\/encontrar-un-experto\/#primaryimage\",\"url\":\"http:\/\/stage-intl.phonak.com\/main-english\/wp-content\/uploads\/sites\/3\/2021\/10\/phonak-marvel-rechargeable.jpeg\",\"contentUrl\":\"http:\/\/stage-intl.phonak.com\/main-english\/wp-content\/uploads\/sites\/3\/2021\/10\/phonak-marvel-rechargeable.jpeg\"},{\"@type\":\"BreadcrumbList\",\"@id\":\"https:\/\/intl.phonak.com\/es-pa\/encontrar-un-experto\/#breadcrumb\",\"itemListElement\":[{\"@type\":\"ListItem\",\"position\":1,\"name\":\"Home\",\"item\":\"https:\/\/intl.phonak.com\/es-pa\/\"},{\"@type\":\"ListItem\",\"position\":2,\"name\":\"Encontrar un experto\"}]},{\"@type\":\"WebSite\",\"@id\":\"https:\/\/intl.phonak.com\/es-pa\/#website\",\"url\":\"https:\/\/intl.phonak.com\/es-pa\/\",\"name\":\"Phonak - Panama\",\"description\":\"Comprometidos con el cambio de vidas\",\"potentialAction\":[{\"@type\":\"SearchAction\",\"target\":{\"@type\":\"EntryPoint\",\"urlTemplate\":\"https:\/\/intl.phonak.com\/es-pa\/?s={search_term_string}\"},\"query-input\":{\"@type\":\"PropertyValueSpecification\",\"valueRequired\":true,\"valueName\":\"search_term_string\"}}],\"inLanguage\":\"es\"}]}<\/script>\n<!-- \/ Yoast SEO plugin. -->","yoast_head_json":{"title":"Encontrar un experto - Phonak - Panama","robots":{"index":"index","follow":"follow","max-snippet":"max-snippet:-1","max-image-preview":"max-image-preview:large","max-video-preview":"max-video-preview:-1"},"canonical":"https:\/\/intl.phonak.com\/main-spanish\/encontrar-un-experto\/","og_locale":"es_ES","og_type":"article","og_title":"Encontrar un experto - Phonak - Panama","og_url":"https:\/\/intl.phonak.com\/es-pa\/encontrar-un-experto\/","og_site_name":"Phonak - Panama","article_modified_time":"2024-05-30T16:36:24+00:00","og_image":[{"url":"http:\/\/stage-intl.phonak.com\/main-english\/wp-content\/uploads\/sites\/3\/2021\/10\/phonak-marvel-rechargeable.jpeg","type":"","width":"","height":""}],"twitter_card":"summary_large_image","twitter_misc":{"Est. reading time":"1 minuto"},"schema":{"@context":"https:\/\/schema.org","@graph":[{"@type":"WebPage","@id":"https:\/\/intl.phonak.com\/es-pa\/encontrar-un-experto\/","url":"https:\/\/intl.phonak.com\/es-pa\/encontrar-un-experto\/","name":"Encontrar un experto - Phonak - Panama","isPartOf":{"@id":"https:\/\/intl.phonak.com\/es-pa\/#website"},"primaryImageOfPage":{"@id":"https:\/\/intl.phonak.com\/es-pa\/encontrar-un-experto\/#primaryimage"},"image":{"@id":"https:\/\/intl.phonak.com\/es-pa\/encontrar-un-experto\/#primaryimage"},"thumbnailUrl":"http:\/\/stage-intl.phonak.com\/main-english\/wp-content\/uploads\/sites\/3\/2021\/10\/phonak-marvel-rechargeable.jpeg","datePublished":"2021-10-26T15:25:04+00:00","dateModified":"2024-05-30T16:36:24+00:00","breadcrumb":{"@id":"https:\/\/intl.phonak.com\/es-pa\/encontrar-un-experto\/#breadcrumb"},"inLanguage":"es","potentialAction":[{"@type":"ReadAction","target":["https:\/\/intl.phonak.com\/es-pa\/encontrar-un-experto\/"]}]},{"@type":"ImageObject","inLanguage":"es","@id":"https:\/\/intl.phonak.com\/es-pa\/encontrar-un-experto\/#primaryimage","url":"http:\/\/stage-intl.phonak.com\/main-english\/wp-content\/uploads\/sites\/3\/2021\/10\/phonak-marvel-rechargeable.jpeg","contentUrl":"http:\/\/stage-intl.phonak.com\/main-english\/wp-content\/uploads\/sites\/3\/2021\/10\/phonak-marvel-rechargeable.jpeg"},{"@type":"BreadcrumbList","@id":"https:\/\/intl.phonak.com\/es-pa\/encontrar-un-experto\/#breadcrumb","itemListElement":[{"@type":"ListItem","position":1,"name":"Home","item":"https:\/\/intl.phonak.com\/es-pa\/"},{"@type":"ListItem","position":2,"name":"Encontrar un experto"}]},{"@type":"WebSite","@id":"https:\/\/intl.phonak.com\/es-pa\/#website","url":"https:\/\/intl.phonak.com\/es-pa\/","name":"Phonak - Panama","description":"Comprometidos con el cambio de vidas","potentialAction":[{"@type":"SearchAction","target":{"@type":"EntryPoint","urlTemplate":"https:\/\/intl.phonak.com\/es-pa\/?s={search_term_string}"},"query-input":{"@type":"PropertyValueSpecification","valueRequired":true,"valueName":"search_term_string"}}],"inLanguage":"es"}]}},"jetpack_sharing_enabled":true,"distributor_meta":false,"distributor_terms":false,"distributor_media":false,"distributor_original_site_name":"Phonak - Panama","distributor_original_site_url":"https:\/\/intl.phonak.com\/es-pa","push-errors":false,"_links":{"self":[{"href":"https:\/\/intl.phonak.com\/es-pa\/wp-json\/wp\/v2\/pages\/295","targetHints":{"allow":["GET"]}}],"collection":[{"href":"https:\/\/intl.phonak.com\/es-pa\/wp-json\/wp\/v2\/pages"}],"about":[{"href":"https:\/\/intl.phonak.com\/es-pa\/wp-json\/wp\/v2\/types\/page"}],"author":[{"embeddable":true,"href":"https:\/\/intl.phonak.com\/es-pa\/wp-json\/wp\/v2\/users\/5"}],"replies":[{"embeddable":true,"href":"https:\/\/intl.phonak.com\/es-pa\/wp-json\/wp\/v2\/comments?post=295"}],"version-history":[{"count":1,"href":"https:\/\/intl.phonak.com\/es-pa\/wp-json\/wp\/v2\/pages\/295\/revisions"}],"predecessor-version":[{"id":296,"href":"https:\/\/intl.phonak.com\/es-pa\/wp-json\/wp\/v2\/pages\/295\/revisions\/296"}],"wp:attachment":[{"href":"https:\/\/intl.phonak.com\/es-pa\/wp-json\/wp\/v2\/media?parent=295"}],"curies":[{"name":"wp","href":"https:\/\/api.w.org\/{rel}","templated":true}]}}