{"id":279,"date":"2021-11-18T16:56:57","date_gmt":"2021-11-18T16:56:57","guid":{"rendered":"https:\/\/intl.phonak.com\/es-pa\/pediatric-solutions\/"},"modified":"2025-07-11T09:35:41","modified_gmt":"2025-07-11T09:35:41","slug":"soluciones-pediatricas","status":"publish","type":"page","link":"https:\/\/intl.phonak.com\/es-pa\/soluciones\/soluciones-pediatricas\/","title":{"rendered":"Soluciones pedi\u00e1tricas"},"content":{"rendered":"\n<div class=\"wp-block-cover alignfull is-light\"><img decoding=\"async\" class=\"wp-block-cover__image-background wp-image-6552\" alt=\"\" src=\"https:\/\/intl.phonak.com\/es-pa\/wp-content\/uploads\/sites\/3\/2023\/02\/PH_Pic_generic_kids_01.png\" data-object-fit=\"cover\"\/><span aria-hidden=\"true\" class=\"wp-block-cover__background has-white-background-color has-background-dim\"><\/span><div class=\"wp-block-cover__inner-container is-layout-flow wp-block-cover-is-layout-flow\">\n<h1 class=\"wp-block-heading has-text-align-center has-dark-grey-color has-text-color\" id=\"discover-your-child-s-hearing\">Descubra la audici\u00f3n de su hijo <\/h1>   \n<p class=\"has-text-align-center has-dark-grey-color has-text-color has-lead-font-size\">Soluciones auditivas pedi\u00e1tricas para todas las edades  <\/p>\n<\/div><\/div>   \n<div style=\"height:21px\" aria-hidden=\"true\" class=\"wp-block-spacer\"><\/div>   \n<h2 class=\"wp-block-heading has-text-align-center\">Soluciones auditivas para ni\u00f1os y adolescentes <\/h2>   \n<p class=\"has-text-align-center is-style-default\">Cada ni\u00f1o es \u00fanico y tambi\u00e9n lo son sus necesidades auditivas. Con una amplia gama de aud\u00edfonos y accesorios inal\u00e1mbricas de Phonak, hay una soluci\u00f3n tecnol\u00f3gica para cada edad de ni\u00f1o.<\/p>   \n<p class=\"has-text-align-center\">El acceso a las palabras y a las conversaciones es vital en el desarrollo de los ni\u00f1os y adolescentes. Las conversaciones con los seres queridos, en la cena, en el parque, en el autom\u00f3vil, se encuentran entre los ingredientes m\u00e1s esenciales para dar forma al desarrollo del lenguaje.<\/p>   \n<p class=\"has-text-align-center\">Crear un entorno rico en lenguaje para los ni\u00f1os con p\u00e9rdida auditiva significa maximizar todas las oportunidades de interacci\u00f3n, y los aud\u00edfonos para ni\u00f1os dise\u00f1ados para usarse c\u00f3modamente durante todo el d\u00eda ayudan a los ni\u00f1os y adolescentes con p\u00e9rdida auditiva a maximizar las interacciones de \u00abservir y devolver\u00bb disponibles para ellos a trav\u00e9s de una serie de situaciones en constante cambio.<\/p>   \n<div style=\"height:53px\" aria-hidden=\"true\" class=\"wp-block-spacer\"><\/div>   \n<div class=\"wp-block-media-text has-media-on-the-right is-stacked-on-mobile\"><div class=\"wp-block-media-text__content\">\n<h3 class=\"wp-block-heading has-blue-color has-text-color\">Beb\u00e9s y ni\u00f1os peque\u00f1os<\/h3>   <p>Para este grupo de edad, es importante proporcionar estimulaci\u00f3n auditiva y que el ni\u00f1o use sus aud\u00edfonos tanto como sea posible. Los beb\u00e9s y los ni\u00f1os peque\u00f1os generalmente usan aud\u00edfonos retroauriculares, ya que brindan la mejor comodidad, estabilidad y seguridad para este grupo de edad.<\/p>   \n<h5 class=\"wp-block-heading\"><strong>Chequeos auditivos para ni\u00f1os<\/strong><\/h5>   <p>La capacidad auditiva se puede evaluar en el beb\u00e9 reci\u00e9n nacido poco despu\u00e9s del nacimiento. Cuanto antes se detecte una p\u00e9rdida auditiva, mejor ser\u00e1, porque la intervenci\u00f3n adecuada es muy importante para el desarrollo del habla y el lenguaje de su hijo.<\/p>\n<\/div><figure class=\"wp-block-media-text__media\"><img decoding=\"async\" src=\"https:\/\/intl.phonak.com\/es-pa\/wp-content\/uploads\/sites\/3\/2023\/12\/Visual_Sky-L-PR_ChildAndMomExhibitionBackdropCropped.jpg?w=592\" alt=\"Mom and daughter \" class=\"wp-image-7305 size-full\"\/><\/figure><\/div>   \n<div class=\"wp-block-media-text is-stacked-on-mobile\"><figure class=\"wp-block-media-text__media\"><img decoding=\"async\" src=\"https:\/\/intl.phonak.com\/es-pa\/wp-content\/uploads\/sites\/3\/2023\/12\/Visual_Sky-L-UP_Kid.jpg?w=592\" alt=\"Kids\" class=\"wp-image-7308 size-full\"\/><\/figure><div class=\"wp-block-media-text__content\">\n<h3 class=\"wp-block-heading has-blue-color has-text-color\">Ni\u00f1os en edad escolar<\/h3>   <p>Los ni\u00f1os comienzan a ser m\u00e1s independientes y est\u00e1n expuestos a situaciones de comunicaci\u00f3n m\u00e1s complejas a esta edad. Para que sea m\u00e1s f\u00e1cil para su hijo entender lo que el maestro est\u00e1 diciendo o escucharlo cuando usted est\u00e1 llamando, existen herramientas de comunicaci\u00f3n inal\u00e1mbrica para ayudarlo. Las diferentes combinaciones de colores hacen que sea divertido para su hijo usar sus aud\u00edfonos.<\/p>\n<\/div><\/div>   \n<div class=\"wp-block-media-text has-media-on-the-right is-stacked-on-mobile\"><div class=\"wp-block-media-text__content\">\n<h3 class=\"wp-block-heading has-blue-color has-text-color\">Adolescentes<\/h3>   <p>Adolescentes   Su hijo adolescente quiere ser como cualquier otro adolescente: hacer deporte, escuchar m\u00fasica, salir con amigos, mostrar su singularidad a trav\u00e9s de la moda o los peinados, etc. Su hijo adolescente puede hacer todo esto gracias a los accesorios inal\u00e1mbricos que conectan los aud\u00edfonos con el reproductor de mp3, el m\u00f3vil, la tableta o el televisor. Escuchar al entrenador o a los amigos, incluso a distancia o en entornos ruidosos, ser\u00e1 f\u00e1cil.<\/p>\n<\/div><figure class=\"wp-block-media-text__media\"><img decoding=\"async\" src=\"https:\/\/intl.phonak.com\/es-pa\/wp-content\/uploads\/sites\/3\/2023\/12\/Visual_Audeo-L-RL_Teen-1-1-Converstations-in-Loud-1.jpg?w=592\" alt=\"Teenagers\" class=\"wp-image-7310 size-full\"\/><\/figure><\/div>   \n<div style=\"height:39px\" aria-hidden=\"true\" class=\"wp-block-spacer\"><\/div>   \n<div class=\"wp-block-media-text is-stacked-on-mobile\"><figure class=\"wp-block-media-text__media\"><img decoding=\"async\" src=\"https:\/\/intl.phonak.com\/es-pa\/wp-content\/uploads\/sites\/3\/2022\/03\/Roger-Ped-accessories-RGB.jpg?w=1024\" alt=\"\" class=\"wp-image-5309 size-full\"\/><\/figure><div class=\"wp-block-media-text__content\">\n<h3 class=\"wp-block-heading has-blue-color has-text-color\" id=\"meet-roger\">Conozca a Roger para la educaci\u00f3n<\/h3>   <p>Muchas situaciones pueden plantear un desaf\u00edo auditivo, por lo que a veces incluso la tecnolog\u00eda de aud\u00edfonos m\u00e1s avanzada necesita un impulso. Con nuestros accesorios inal\u00e1mbricos, su hijo puede comunicarse m\u00e1s f\u00e1cilmente y conectarse a la tecnolog\u00eda de audio actual, como tel\u00e9fonos inteligentes, dispositivos Bluetooth\u00ae, reproductores de MP3 y televisores.<\/p>   <p><a href=\"https:\/\/intl.phonak.com\/es-pa\/solutions\/roger-for-education\/\">Leer m\u00e1s sobre Roger para la educaci\u00f3n<\/a><\/p>\n<\/div><\/div>   \n<div class=\"wp-block-group alignfull has-light-grey-background-color has-background is-layout-flow wp-block-group-is-layout-flow\">\n\t<div class=\"wp-block-pho-product-selection \">\n\t\t<div class=\"grid-x grid-padding-x grid-padding-y\">\n\n\t\t\t\t\t\t\t<div class=\"cell\">\n\t\t\t\t\t<h2 class=\"text-center\">Productos<\/h2>\n\t\t\t\t<\/div>\n\t\t\t\t\n\t\t\t\t<div class=\"cell medium-6 large-4 flex-container\">\n\t\t\t\t\t\n<article id=\"post-33\" class=\"product-card post-33 pho_products type-pho_products status-publish has-post-thumbnail hentry pho_product_type-ninos-y-adolescentes pho_product_type-potencia pho_product_category-pediatrico pho_product_platforms-lumity\">\n\t\t<a class=\"flex-container flex-dir-column align-justify align-top\" href=\"https:\/\/intl.phonak.com\/es-pa\/producto\/phonak-sky-lumity\/\">\n\t\t<div class=\"product-card-content-wrapper\">\n\t\t\t\n\t\t\t\t<div class=\"product-image-wrapper\">\n\t\t\t\t\t<img loading=\"lazy\" decoding=\"async\" width=\"600\" height=\"600\" src=\"https:\/\/intl.phonak.com\/es-pa\/wp-content\/uploads\/sites\/53\/2023\/10\/PH_Packshot_Love-Sky-L-Hook_M8-1-1_4b31be.png?w=600\" class=\"attachment-post-thumbnail size-post-thumbnail wp-post-image\" alt=\"Phonak Sky Lumity\" srcset=\"https:\/\/intl.phonak.com\/es-pa\/wp-content\/uploads\/sites\/53\/2023\/10\/PH_Packshot_Love-Sky-L-Hook_M8-1-1_4b31be.png 600w, https:\/\/intl.phonak.com\/es-pa\/wp-content\/uploads\/sites\/53\/2023\/10\/PH_Packshot_Love-Sky-L-Hook_M8-1-1_4b31be.png?resize=150,150 150w, https:\/\/intl.phonak.com\/es-pa\/wp-content\/uploads\/sites\/53\/2023\/10\/PH_Packshot_Love-Sky-L-Hook_M8-1-1_4b31be.png?resize=300,300 300w\" sizes=\"auto, (max-width: 600px) 100vw, 600px\" \/>\t\t\t\t<\/div>\n\n\t\t\t\t<h3 class=\"entry-title\">Phonak Sky\u2122 Lumity<\/h3><p>La opci\u00f3n pedi\u00e1trica, equipada con la tecnolog\u00eda Lumity m\u00e1s reciente. Cuenta con una amplia gama de combinaciones de color pedi\u00e1tricas para que los ni\u00f1os puedan aceptar su singularidad.<\/p>\n\t\t<\/div>\n\t\t<div class=\"wp-block-button\">\n\t\t\t<div class=\"wp-block-button__link\">Leer m\u00e1s<\/div>\n\t\t<\/div>\n\t<\/a>\n<\/article><!-- #post-33 -->\n\t\t\t\t<\/div>\n\n\t\t\t\t\n\t\t\t\t<div class=\"cell medium-6 large-4 flex-container\">\n\t\t\t\t\t\n<article id=\"post-51\" class=\"product-card post-51 pho_products type-pho_products status-publish has-post-thumbnail hentry pho_product_type-bimodal pho_product_type-ninos-y-adolescentes pho_product_type-potencia pho_product_category-audifonos pho_product_platforms-marvel\">\n\t\t<a class=\"flex-container flex-dir-column align-justify align-top\" href=\"https:\/\/intl.phonak.com\/es-pa\/producto\/phonak-sky-link-m\/\">\n\t\t<div class=\"product-card-content-wrapper\">\n\t\t\t\n\t\t\t\t<div class=\"product-image-wrapper\">\n\t\t\t\t\t<img loading=\"lazy\" decoding=\"async\" width=\"1024\" height=\"1024\" src=\"https:\/\/intl.phonak.com\/es-pa\/wp-content\/uploads\/sites\/53\/2022\/02\/PH_Packshot_Love_Sky_Link_M_Hook_R2_050-0802-Q3-e1654235126717_b04839.png?w=1024\" class=\"attachment-post-thumbnail size-post-thumbnail wp-post-image\" alt=\"Phonak Sky Link M pair\" srcset=\"https:\/\/intl.phonak.com\/es-pa\/wp-content\/uploads\/sites\/53\/2022\/02\/PH_Packshot_Love_Sky_Link_M_Hook_R2_050-0802-Q3-e1654235126717_b04839.png 1200w, https:\/\/intl.phonak.com\/es-pa\/wp-content\/uploads\/sites\/53\/2022\/02\/PH_Packshot_Love_Sky_Link_M_Hook_R2_050-0802-Q3-e1654235126717_b04839.png?resize=150,150 150w, https:\/\/intl.phonak.com\/es-pa\/wp-content\/uploads\/sites\/53\/2022\/02\/PH_Packshot_Love_Sky_Link_M_Hook_R2_050-0802-Q3-e1654235126717_b04839.png?resize=300,300 300w, https:\/\/intl.phonak.com\/es-pa\/wp-content\/uploads\/sites\/53\/2022\/02\/PH_Packshot_Love_Sky_Link_M_Hook_R2_050-0802-Q3-e1654235126717_b04839.png?resize=768,768 768w, https:\/\/intl.phonak.com\/es-pa\/wp-content\/uploads\/sites\/53\/2022\/02\/PH_Packshot_Love_Sky_Link_M_Hook_R2_050-0802-Q3-e1654235126717_b04839.png?resize=1024,1024 1024w\" sizes=\"auto, (max-width: 1024px) 100vw, 1024px\" \/>\t\t\t\t<\/div>\n\n\t\t\t\t<h3 class=\"entry-title\">Phonak Sky\u2122 Link M<\/h3><p>Sky\u2122 Link M se puede combinar con un procesador de sonido pedi\u00e1trico Advanced Bionics (AB), lo que lo convierte en una soluci\u00f3n verdaderamente bimodal.<\/p>\n\t\t<\/div>\n\t\t<div class=\"wp-block-button\">\n\t\t\t<div class=\"wp-block-button__link\">Leer m\u00e1s<\/div>\n\t\t<\/div>\n\t<\/a>\n<\/article><!-- #post-51 -->\n\t\t\t\t<\/div>\n\n\t\t\t\t\n\t\t\t\t<div class=\"cell medium-6 large-4 flex-container\">\n\t\t\t\t\t\n<article id=\"post-20\" class=\"product-card post-20 pho_products type-pho_products status-publish has-post-thumbnail hentry pho_product_type-primera-vez pho_product_category-audifonos pho_product_platforms-lumity\">\n\t\t<a class=\"flex-container flex-dir-column align-justify align-top\" href=\"https:\/\/intl.phonak.com\/es-pa\/producto\/phonak-audeo-lumity\/\">\n\t\t<div class=\"product-card-content-wrapper\">\n\t\t\t\n\t\t\t\t<div class=\"product-image-wrapper\">\n\t\t\t\t\t<img loading=\"lazy\" decoding=\"async\" width=\"600\" height=\"600\" src=\"https:\/\/intl.phonak.com\/es-pa\/wp-content\/uploads\/sites\/53\/2024\/05\/PH_Packshot_Audeo-L-R-P8-Pair_WithoutReceiver-18.png?w=600\" class=\"attachment-post-thumbnail size-post-thumbnail wp-post-image\" alt=\"Phonak Aud\u00e9o Lumity pair\" srcset=\"https:\/\/intl.phonak.com\/es-pa\/wp-content\/uploads\/sites\/53\/2024\/05\/PH_Packshot_Audeo-L-R-P8-Pair_WithoutReceiver-18.png 600w, https:\/\/intl.phonak.com\/es-pa\/wp-content\/uploads\/sites\/53\/2024\/05\/PH_Packshot_Audeo-L-R-P8-Pair_WithoutReceiver-18.png?resize=150,150 150w, https:\/\/intl.phonak.com\/es-pa\/wp-content\/uploads\/sites\/53\/2024\/05\/PH_Packshot_Audeo-L-R-P8-Pair_WithoutReceiver-18.png?resize=300,300 300w\" sizes=\"auto, (max-width: 600px) 100vw, 600px\" \/>\t\t\t\t<\/div>\n\n\t\t\t\t<h3 class=\"entry-title\">Phonak Aud\u00e9o\u2122 Lumity<\/h3><p>La soluci\u00f3n Lumity ideal para aquellos que desean una carcasa RIC discreta, con la tecnolog\u00eda m\u00e1s avanzada para personas con p\u00e9rdida auditiva de leve a grave. <\/p>\n\t\t<\/div>\n\t\t<div class=\"wp-block-button\">\n\t\t\t<div class=\"wp-block-button__link\">Leer m\u00e1s<\/div>\n\t\t<\/div>\n\t<\/a>\n<\/article><!-- #post-20 -->\n\t\t\t\t<\/div>\n\n\t\t\t\t\n\t\t<\/div>\n\t<\/div>\n\n\t\n\n\n<div class=\"wp-block-buttons is-content-justification-center is-layout-flex wp-container-core-buttons-is-layout-16018d1d wp-block-buttons-is-layout-flex\">\n<div class=\"wp-block-button\"><a class=\"wp-block-button__link wp-element-button\" href=\"https:\/\/intl.phonak.com\/es-pa\/solutions\/products\/\">Todos los productos   <\/a><\/div>\n<\/div>\n<\/div>   \n<div class=\"wp-block-media-text is-stacked-on-mobile cta-block\" style=\"grid-template-columns:35% auto\"><figure class=\"wp-block-media-text__media\"><img decoding=\"async\" src=\"https:\/\/intl.phonak.com\/main-english\/wp-content\/uploads\/sites\/3\/2021\/11\/cta-image.jpg?w=401\" alt=\"\" class=\"wp-image-6738 size-full\"\/><\/figure><div class=\"wp-block-media-text__content\">\n<div class=\"wp-block-create-block-icon-selector\"><i class=\"fal fa-map-marker-alt\"><\/i><\/div>\n\n\n\n<h3 class=\"wp-block-heading\">Expertos en audici\u00f3n cerca de usted <\/h3>\n\n\n\n<p>Los profesionales de la salud auditiva pueden ayudarle a tomar la decisi\u00f3n perfecta para usted. Tendr\u00e1n en cuenta sus necesidades auditivas, su presupuesto, su estilo de vida y sus preferencias auditivas individuales. <\/p>\n\n\n\n<div class=\"wp-block-buttons is-layout-flex wp-block-buttons-is-layout-flex\">\n<div class=\"wp-block-button is-style-marker-green\"><a class=\"wp-block-button__link wp-element-button\" href=\"https:\/\/intl.phonak.com\/es-pa\/encontrar-un-experto\/\">Encontrar un experto<\/a><\/div>\n<\/div>\n<\/div><\/div>\n","protected":false},"excerpt":{"rendered":"<p>Soluciones auditivas para ni\u00f1os y adolescentes Cada ni\u00f1o es \u00fanico y tambi\u00e9n lo son sus necesidades auditivas. Con una amplia&#8230;<\/p>\n","protected":false},"author":5,"featured_media":0,"parent":286,"menu_order":0,"comment_status":"closed","ping_status":"closed","template":"","meta":{"_acf_changed":false,"inline_featured_image":false,"footnotes":""},"class_list":["post-279","page","type-page","status-publish","hentry"],"acf":[],"yoast_head":"<!-- This site is optimized with the Yoast SEO plugin v26.9 - https:\/\/yoast.com\/product\/yoast-seo-wordpress\/ -->\n<title>Soluciones pedi\u00e1tricas - Phonak - Panama<\/title>\n<meta name=\"robots\" content=\"index, follow, max-snippet:-1, max-image-preview:large, max-video-preview:-1\" \/>\n<link rel=\"canonical\" href=\"https:\/\/intl.phonak.com\/main-spanish\/soluciones\/soluciones-pediatricas\/\" \/>\n<meta property=\"og:locale\" content=\"es_ES\" \/>\n<meta property=\"og:type\" content=\"article\" \/>\n<meta property=\"og:title\" content=\"Soluciones pedi\u00e1tricas - Phonak - Panama\" \/>\n<meta property=\"og:description\" content=\"Soluciones auditivas para ni\u00f1os y adolescentes Cada ni\u00f1o es \u00fanico y tambi\u00e9n lo son sus necesidades auditivas. Con una amplia...\" \/>\n<meta property=\"og:url\" content=\"https:\/\/intl.phonak.com\/es-pa\/soluciones\/soluciones-pediatricas\/\" \/>\n<meta property=\"og:site_name\" content=\"Phonak - Panama\" \/>\n<meta property=\"article:modified_time\" content=\"2025-07-11T09:35:41+00:00\" \/>\n<meta property=\"og:image\" content=\"https:\/\/intl.phonak.com\/main-english\/wp-content\/uploads\/sites\/3\/2023\/02\/PH_Pic_generic_kids_01.png\" \/>\n<meta name=\"twitter:card\" content=\"summary_large_image\" \/>\n<meta name=\"twitter:label1\" content=\"Est. reading time\" \/>\n\t<meta name=\"twitter:data1\" content=\"3 minutos\" \/>\n<script type=\"application\/ld+json\" class=\"yoast-schema-graph\">{\"@context\":\"https:\/\/schema.org\",\"@graph\":[{\"@type\":\"WebPage\",\"@id\":\"https:\/\/intl.phonak.com\/es-pa\/soluciones-2\/pediatric-solutions\/\",\"url\":\"https:\/\/intl.phonak.com\/es-pa\/soluciones-2\/pediatric-solutions\/\",\"name\":\"Soluciones pedi\u00e1tricas - Phonak - Panama\",\"isPartOf\":{\"@id\":\"https:\/\/intl.phonak.com\/es-pa\/#website\"},\"primaryImageOfPage\":{\"@id\":\"https:\/\/intl.phonak.com\/es-pa\/soluciones-2\/pediatric-solutions\/#primaryimage\"},\"image\":{\"@id\":\"https:\/\/intl.phonak.com\/es-pa\/soluciones-2\/pediatric-solutions\/#primaryimage\"},\"thumbnailUrl\":\"https:\/\/intl.phonak.com\/es-pa\/wp-content\/uploads\/sites\/3\/2023\/02\/PH_Pic_generic_kids_01.png\",\"datePublished\":\"2021-11-18T16:56:57+00:00\",\"dateModified\":\"2025-07-11T09:35:41+00:00\",\"breadcrumb\":{\"@id\":\"https:\/\/intl.phonak.com\/es-pa\/soluciones-2\/pediatric-solutions\/#breadcrumb\"},\"inLanguage\":\"es\",\"potentialAction\":[{\"@type\":\"ReadAction\",\"target\":[\"https:\/\/intl.phonak.com\/es-pa\/soluciones-2\/pediatric-solutions\/\"]}]},{\"@type\":\"ImageObject\",\"inLanguage\":\"es\",\"@id\":\"https:\/\/intl.phonak.com\/es-pa\/soluciones-2\/pediatric-solutions\/#primaryimage\",\"url\":\"https:\/\/intl.phonak.com\/es-pa\/wp-content\/uploads\/sites\/3\/2023\/02\/PH_Pic_generic_kids_01.png\",\"contentUrl\":\"https:\/\/intl.phonak.com\/es-pa\/wp-content\/uploads\/sites\/3\/2023\/02\/PH_Pic_generic_kids_01.png\"},{\"@type\":\"BreadcrumbList\",\"@id\":\"https:\/\/intl.phonak.com\/es-pa\/soluciones-2\/pediatric-solutions\/#breadcrumb\",\"itemListElement\":[{\"@type\":\"ListItem\",\"position\":1,\"name\":\"Home\",\"item\":\"https:\/\/intl.phonak.com\/es-pa\/\"},{\"@type\":\"ListItem\",\"position\":2,\"name\":\"Soluciones\",\"item\":\"https:\/\/intl.phonak.com\/es-pa\/soluciones-2\/\"},{\"@type\":\"ListItem\",\"position\":3,\"name\":\"Soluciones pedi\u00e1tricas\"}]},{\"@type\":\"WebSite\",\"@id\":\"https:\/\/intl.phonak.com\/es-pa\/#website\",\"url\":\"https:\/\/intl.phonak.com\/es-pa\/\",\"name\":\"Phonak - Panama\",\"description\":\"Comprometidos con el cambio de vidas\",\"potentialAction\":[{\"@type\":\"SearchAction\",\"target\":{\"@type\":\"EntryPoint\",\"urlTemplate\":\"https:\/\/intl.phonak.com\/es-pa\/?s={search_term_string}\"},\"query-input\":{\"@type\":\"PropertyValueSpecification\",\"valueRequired\":true,\"valueName\":\"search_term_string\"}}],\"inLanguage\":\"es\"}]}<\/script>\n<!-- \/ Yoast SEO plugin. -->","yoast_head_json":{"title":"Soluciones pedi\u00e1tricas - Phonak - Panama","robots":{"index":"index","follow":"follow","max-snippet":"max-snippet:-1","max-image-preview":"max-image-preview:large","max-video-preview":"max-video-preview:-1"},"canonical":"https:\/\/intl.phonak.com\/main-spanish\/soluciones\/soluciones-pediatricas\/","og_locale":"es_ES","og_type":"article","og_title":"Soluciones pedi\u00e1tricas - Phonak - Panama","og_description":"Soluciones auditivas para ni\u00f1os y adolescentes Cada ni\u00f1o es \u00fanico y tambi\u00e9n lo son sus necesidades auditivas. Con una amplia...","og_url":"https:\/\/intl.phonak.com\/es-pa\/soluciones\/soluciones-pediatricas\/","og_site_name":"Phonak - Panama","article_modified_time":"2025-07-11T09:35:41+00:00","og_image":[{"url":"https:\/\/intl.phonak.com\/main-english\/wp-content\/uploads\/sites\/3\/2023\/02\/PH_Pic_generic_kids_01.png","type":"","width":"","height":""}],"twitter_card":"summary_large_image","twitter_misc":{"Est. reading time":"3 minutos"},"schema":{"@context":"https:\/\/schema.org","@graph":[{"@type":"WebPage","@id":"https:\/\/intl.phonak.com\/es-pa\/soluciones-2\/pediatric-solutions\/","url":"https:\/\/intl.phonak.com\/es-pa\/soluciones-2\/pediatric-solutions\/","name":"Soluciones pedi\u00e1tricas - Phonak - Panama","isPartOf":{"@id":"https:\/\/intl.phonak.com\/es-pa\/#website"},"primaryImageOfPage":{"@id":"https:\/\/intl.phonak.com\/es-pa\/soluciones-2\/pediatric-solutions\/#primaryimage"},"image":{"@id":"https:\/\/intl.phonak.com\/es-pa\/soluciones-2\/pediatric-solutions\/#primaryimage"},"thumbnailUrl":"https:\/\/intl.phonak.com\/es-pa\/wp-content\/uploads\/sites\/3\/2023\/02\/PH_Pic_generic_kids_01.png","datePublished":"2021-11-18T16:56:57+00:00","dateModified":"2025-07-11T09:35:41+00:00","breadcrumb":{"@id":"https:\/\/intl.phonak.com\/es-pa\/soluciones-2\/pediatric-solutions\/#breadcrumb"},"inLanguage":"es","potentialAction":[{"@type":"ReadAction","target":["https:\/\/intl.phonak.com\/es-pa\/soluciones-2\/pediatric-solutions\/"]}]},{"@type":"ImageObject","inLanguage":"es","@id":"https:\/\/intl.phonak.com\/es-pa\/soluciones-2\/pediatric-solutions\/#primaryimage","url":"https:\/\/intl.phonak.com\/es-pa\/wp-content\/uploads\/sites\/3\/2023\/02\/PH_Pic_generic_kids_01.png","contentUrl":"https:\/\/intl.phonak.com\/es-pa\/wp-content\/uploads\/sites\/3\/2023\/02\/PH_Pic_generic_kids_01.png"},{"@type":"BreadcrumbList","@id":"https:\/\/intl.phonak.com\/es-pa\/soluciones-2\/pediatric-solutions\/#breadcrumb","itemListElement":[{"@type":"ListItem","position":1,"name":"Home","item":"https:\/\/intl.phonak.com\/es-pa\/"},{"@type":"ListItem","position":2,"name":"Soluciones","item":"https:\/\/intl.phonak.com\/es-pa\/soluciones-2\/"},{"@type":"ListItem","position":3,"name":"Soluciones pedi\u00e1tricas"}]},{"@type":"WebSite","@id":"https:\/\/intl.phonak.com\/es-pa\/#website","url":"https:\/\/intl.phonak.com\/es-pa\/","name":"Phonak - Panama","description":"Comprometidos con el cambio de vidas","potentialAction":[{"@type":"SearchAction","target":{"@type":"EntryPoint","urlTemplate":"https:\/\/intl.phonak.com\/es-pa\/?s={search_term_string}"},"query-input":{"@type":"PropertyValueSpecification","valueRequired":true,"valueName":"search_term_string"}}],"inLanguage":"es"}]}},"jetpack_sharing_enabled":true,"distributor_meta":false,"distributor_terms":false,"distributor_media":false,"distributor_original_site_name":"Phonak - Panama","distributor_original_site_url":"https:\/\/intl.phonak.com\/es-pa","push-errors":false,"_links":{"self":[{"href":"https:\/\/intl.phonak.com\/es-pa\/wp-json\/wp\/v2\/pages\/279","targetHints":{"allow":["GET"]}}],"collection":[{"href":"https:\/\/intl.phonak.com\/es-pa\/wp-json\/wp\/v2\/pages"}],"about":[{"href":"https:\/\/intl.phonak.com\/es-pa\/wp-json\/wp\/v2\/types\/page"}],"author":[{"embeddable":true,"href":"https:\/\/intl.phonak.com\/es-pa\/wp-json\/wp\/v2\/users\/5"}],"replies":[{"embeddable":true,"href":"https:\/\/intl.phonak.com\/es-pa\/wp-json\/wp\/v2\/comments?post=279"}],"version-history":[{"count":11,"href":"https:\/\/intl.phonak.com\/es-pa\/wp-json\/wp\/v2\/pages\/279\/revisions"}],"predecessor-version":[{"id":1139,"href":"https:\/\/intl.phonak.com\/es-pa\/wp-json\/wp\/v2\/pages\/279\/revisions\/1139"}],"up":[{"embeddable":true,"href":"https:\/\/intl.phonak.com\/es-pa\/wp-json\/wp\/v2\/pages\/286"}],"wp:attachment":[{"href":"https:\/\/intl.phonak.com\/es-pa\/wp-json\/wp\/v2\/media?parent=279"}],"curies":[{"name":"wp","href":"https:\/\/api.w.org\/{rel}","templated":true}]}}