{"id":247,"date":"2022-12-16T15:10:22","date_gmt":"2022-12-16T15:10:22","guid":{"rendered":"https:\/\/intl.phonak.com\/es-pa\/aviso-de-privacidad\/"},"modified":"2024-12-03T08:43:29","modified_gmt":"2024-12-03T08:43:29","slug":"aviso-de-privacidad","status":"publish","type":"page","link":"https:\/\/intl.phonak.com\/es-pa\/aviso-de-privacidad\/","title":{"rendered":"Aviso de Pr\u00edvacidad"},"content":{"rendered":"\n<p id=\"block-3110c4d0-6c3e-4d55-8d38-129cb027a120\">Diciembre 2024<br><br>Formulario de Consentimiento \u2013 Privacidad de Datos Personales<br><br>Esta declaraci\u00f3n de privacidad describe c\u00f3mo se recopilan y procesan sus datos personales, incluidos los datos sensibles. <\/p>\n\n\n\n<p><br>1. Los datos personales recopilados incluyen, pero no se limitan a: nombre, direcci\u00f3n, n\u00famero de tel\u00e9fono, direcci\u00f3n de correo electr\u00f3nico, datos de salud auditiva (audiogramas, historial auditivo, resultados de pruebas) y otros datos necesarios para la prestaci\u00f3n de los servicios.<\/p>\n\n\n\n<p><br>2. Los datos ser\u00e1n utilizados para los siguientes fines: (i) prestaci\u00f3n de los servicios contratados; (ii) comunicaci\u00f3n sobre productos, servicios y acciones de marketing; (iii) cumplimiento de obligaciones legales; y (iv) mejora de los servicios ofrecidos.<\/p>\n\n\n\n<p><br>3. Los datos ser\u00e1n registrados, almacenados y compartidos por el Grupo Sonova y con autoridades p\u00fablicas, si as\u00ed lo exige la ley. Es importante resaltar que la informaci\u00f3n ser\u00e1 utilizada y compartida internamente solo para los fines mencionados, sin necesidad de nueva autorizaci\u00f3n, siempre respetando los derechos y la privacidad de los titulares de los datos.<\/p>\n\n\n\n<p><br>4. El Grupo Sonova implementa medidas t\u00e9cnicas y organizacionales robustas para proteger los datos personales contra el acceso no autorizado, el uso indebido, la p\u00e9rdida o la divulgaci\u00f3n. Estas medidas incluyen, pero no se limitan a, cifrado de datos, control de acceso basado en roles, monitoreo continuo de sistemas y capacitaci\u00f3n regular de los empleados sobre pr\u00e1cticas de seguridad de la informaci\u00f3n.<\/p>\n\n\n\n<p>5. Este proceso de recopilaci\u00f3n se realiza de acuerdo con las directrices establecidas por la Ley General de Protecci\u00f3n de Datos (LGPD), garantizando as\u00ed la protecci\u00f3n y el uso responsable de esta informaci\u00f3n.<br><br>Sonova Brasil | Hear The World | Tel 0800 011 1000<br>Av. Maria Coelho Aguiar, 215, Bl. A | 4\u00ba andar, conj. 02 e 03 | Jd. S\u00e3o Lu\u00eds | S\u00e3o Paulo | SP | CEP 05804-900<br><a href=\"mailto:contato@sonova.com.br\">contato@sonova.com.br<\/a> | <a href=\"https:\/\/www.sonova.com\/brazil\/pt\">https:\/\/www.sonova.com\/brazil\/pt<\/a><\/p>\n","protected":false},"excerpt":{"rendered":"<p>Diciembre 2024 Formulario de Consentimiento \u2013 Privacidad de Datos Personales Esta declaraci\u00f3n de privacidad describe c\u00f3mo se recopilan y procesan&#8230;<\/p>\n","protected":false},"author":4,"featured_media":0,"parent":0,"menu_order":0,"comment_status":"closed","ping_status":"closed","template":"","meta":{"_acf_changed":false,"inline_featured_image":false,"footnotes":""},"class_list":["post-247","page","type-page","status-publish","hentry"],"acf":[],"yoast_head":"<!-- This site is optimized with the Yoast SEO plugin v26.9 - https:\/\/yoast.com\/product\/yoast-seo-wordpress\/ -->\n<title>Aviso de Pr\u00edvacidad - Phonak - Panama<\/title>\n<meta name=\"robots\" content=\"index, follow, max-snippet:-1, max-image-preview:large, max-video-preview:-1\" \/>\n<link rel=\"canonical\" href=\"https:\/\/intl.phonak.com\/main-spanish\/aviso-de-privacidad\/\" \/>\n<meta property=\"og:locale\" content=\"es_ES\" \/>\n<meta property=\"og:type\" content=\"article\" \/>\n<meta property=\"og:title\" content=\"Aviso de Pr\u00edvacidad - Phonak - Panama\" \/>\n<meta property=\"og:description\" content=\"Diciembre 2024 Formulario de Consentimiento \u2013 Privacidad de Datos Personales Esta declaraci\u00f3n de privacidad describe c\u00f3mo se recopilan y procesan...\" \/>\n<meta property=\"og:url\" content=\"https:\/\/intl.phonak.com\/es-pa\/aviso-de-privacidad\/\" \/>\n<meta property=\"og:site_name\" content=\"Phonak - Panama\" \/>\n<meta property=\"article:modified_time\" content=\"2024-12-03T08:43:29+00:00\" \/>\n<meta name=\"twitter:card\" content=\"summary_large_image\" \/>\n<meta name=\"twitter:label1\" content=\"Est. reading time\" \/>\n\t<meta name=\"twitter:data1\" content=\"5 minutos\" \/>\n<script type=\"application\/ld+json\" class=\"yoast-schema-graph\">{\"@context\":\"https:\/\/schema.org\",\"@graph\":[{\"@type\":\"WebPage\",\"@id\":\"https:\/\/intl.phonak.com\/es-pa\/aviso-de-privacidad\/\",\"url\":\"https:\/\/intl.phonak.com\/es-pa\/aviso-de-privacidad\/\",\"name\":\"Aviso de Pr\u00edvacidad - Phonak - Panama\",\"isPartOf\":{\"@id\":\"https:\/\/intl.phonak.com\/es-pa\/#website\"},\"datePublished\":\"2022-12-16T15:10:22+00:00\",\"dateModified\":\"2024-12-03T08:43:29+00:00\",\"breadcrumb\":{\"@id\":\"https:\/\/intl.phonak.com\/es-pa\/aviso-de-privacidad\/#breadcrumb\"},\"inLanguage\":\"es\",\"potentialAction\":[{\"@type\":\"ReadAction\",\"target\":[\"https:\/\/intl.phonak.com\/es-pa\/aviso-de-privacidad\/\"]}]},{\"@type\":\"BreadcrumbList\",\"@id\":\"https:\/\/intl.phonak.com\/es-pa\/aviso-de-privacidad\/#breadcrumb\",\"itemListElement\":[{\"@type\":\"ListItem\",\"position\":1,\"name\":\"Home\",\"item\":\"https:\/\/intl.phonak.com\/es-pa\/\"},{\"@type\":\"ListItem\",\"position\":2,\"name\":\"Aviso de Pr\u00edvacidad\"}]},{\"@type\":\"WebSite\",\"@id\":\"https:\/\/intl.phonak.com\/es-pa\/#website\",\"url\":\"https:\/\/intl.phonak.com\/es-pa\/\",\"name\":\"Phonak - Panama\",\"description\":\"Comprometidos con el cambio de vidas\",\"potentialAction\":[{\"@type\":\"SearchAction\",\"target\":{\"@type\":\"EntryPoint\",\"urlTemplate\":\"https:\/\/intl.phonak.com\/es-pa\/?s={search_term_string}\"},\"query-input\":{\"@type\":\"PropertyValueSpecification\",\"valueRequired\":true,\"valueName\":\"search_term_string\"}}],\"inLanguage\":\"es\"}]}<\/script>\n<!-- \/ Yoast SEO plugin. -->","yoast_head_json":{"title":"Aviso de Pr\u00edvacidad - Phonak - Panama","robots":{"index":"index","follow":"follow","max-snippet":"max-snippet:-1","max-image-preview":"max-image-preview:large","max-video-preview":"max-video-preview:-1"},"canonical":"https:\/\/intl.phonak.com\/main-spanish\/aviso-de-privacidad\/","og_locale":"es_ES","og_type":"article","og_title":"Aviso de Pr\u00edvacidad - Phonak - Panama","og_description":"Diciembre 2024 Formulario de Consentimiento \u2013 Privacidad de Datos Personales Esta declaraci\u00f3n de privacidad describe c\u00f3mo se recopilan y procesan...","og_url":"https:\/\/intl.phonak.com\/es-pa\/aviso-de-privacidad\/","og_site_name":"Phonak - Panama","article_modified_time":"2024-12-03T08:43:29+00:00","twitter_card":"summary_large_image","twitter_misc":{"Est. reading time":"5 minutos"},"schema":{"@context":"https:\/\/schema.org","@graph":[{"@type":"WebPage","@id":"https:\/\/intl.phonak.com\/es-pa\/aviso-de-privacidad\/","url":"https:\/\/intl.phonak.com\/es-pa\/aviso-de-privacidad\/","name":"Aviso de Pr\u00edvacidad - Phonak - Panama","isPartOf":{"@id":"https:\/\/intl.phonak.com\/es-pa\/#website"},"datePublished":"2022-12-16T15:10:22+00:00","dateModified":"2024-12-03T08:43:29+00:00","breadcrumb":{"@id":"https:\/\/intl.phonak.com\/es-pa\/aviso-de-privacidad\/#breadcrumb"},"inLanguage":"es","potentialAction":[{"@type":"ReadAction","target":["https:\/\/intl.phonak.com\/es-pa\/aviso-de-privacidad\/"]}]},{"@type":"BreadcrumbList","@id":"https:\/\/intl.phonak.com\/es-pa\/aviso-de-privacidad\/#breadcrumb","itemListElement":[{"@type":"ListItem","position":1,"name":"Home","item":"https:\/\/intl.phonak.com\/es-pa\/"},{"@type":"ListItem","position":2,"name":"Aviso de Pr\u00edvacidad"}]},{"@type":"WebSite","@id":"https:\/\/intl.phonak.com\/es-pa\/#website","url":"https:\/\/intl.phonak.com\/es-pa\/","name":"Phonak - Panama","description":"Comprometidos con el cambio de vidas","potentialAction":[{"@type":"SearchAction","target":{"@type":"EntryPoint","urlTemplate":"https:\/\/intl.phonak.com\/es-pa\/?s={search_term_string}"},"query-input":{"@type":"PropertyValueSpecification","valueRequired":true,"valueName":"search_term_string"}}],"inLanguage":"es"}]}},"jetpack_sharing_enabled":true,"distributor_meta":false,"distributor_terms":false,"distributor_media":false,"distributor_original_site_name":"Phonak - Panama","distributor_original_site_url":"https:\/\/intl.phonak.com\/es-pa","push-errors":false,"_links":{"self":[{"href":"https:\/\/intl.phonak.com\/es-pa\/wp-json\/wp\/v2\/pages\/247","targetHints":{"allow":["GET"]}}],"collection":[{"href":"https:\/\/intl.phonak.com\/es-pa\/wp-json\/wp\/v2\/pages"}],"about":[{"href":"https:\/\/intl.phonak.com\/es-pa\/wp-json\/wp\/v2\/types\/page"}],"author":[{"embeddable":true,"href":"https:\/\/intl.phonak.com\/es-pa\/wp-json\/wp\/v2\/users\/4"}],"replies":[{"embeddable":true,"href":"https:\/\/intl.phonak.com\/es-pa\/wp-json\/wp\/v2\/comments?post=247"}],"version-history":[{"count":3,"href":"https:\/\/intl.phonak.com\/es-pa\/wp-json\/wp\/v2\/pages\/247\/revisions"}],"predecessor-version":[{"id":909,"href":"https:\/\/intl.phonak.com\/es-pa\/wp-json\/wp\/v2\/pages\/247\/revisions\/909"}],"wp:attachment":[{"href":"https:\/\/intl.phonak.com\/es-pa\/wp-json\/wp\/v2\/media?parent=247"}],"curies":[{"name":"wp","href":"https:\/\/api.w.org\/{rel}","templated":true}]}}