{"id":254,"date":"2021-12-02T15:55:10","date_gmt":"2021-12-02T15:55:10","guid":{"rendered":"https:\/\/intl.phonak.com\/es-gt\/audifonos\/"},"modified":"2026-02-24T13:04:40","modified_gmt":"2026-02-24T13:04:40","slug":"audifonos","status":"publish","type":"page","link":"https:\/\/intl.phonak.com\/es-gt\/soluciones\/audifonos\/","title":{"rendered":"Aud\u00edfonos"},"content":{"rendered":"\n<div class=\"wp-block-cover alignfull is-light\"><img decoding=\"async\" class=\"wp-block-cover__image-background wp-image-6488 size-large\" alt=\"\" src=\"https:\/\/intl.phonak.com\/es-gt\/wp-content\/uploads\/sites\/26\/2026\/02\/Banner_Hearing-aids.jpg?w=1024\" data-object-fit=\"cover\"\/><span aria-hidden=\"true\" class=\"wp-block-cover__background has-white-background-color has-background-dim-40 has-background-dim\"><\/span><div class=\"wp-block-cover__inner-container is-layout-flow wp-block-cover-is-layout-flow\">\n<h1 class=\"wp-block-heading has-text-align-center has-dark-grey-color has-text-color\" id=\"participate-fully-in-life\">Participe plenamente en la vida<\/h1>\n\n\n\n<p class=\"has-text-align-center margin-bottom-0 has-dark-grey-color has-text-color has-lead-font-size\">Disfrute m\u00e1s de los momentos m\u00e1gicos de la vida<\/p>\n<\/div><\/div>\n\n\n\n<div class=\"wp-block-group is-style-align-small is-layout-flow wp-block-group-is-layout-flow\" style=\"padding-top:0px\">\n<h2 class=\"wp-block-heading has-text-align-center\" id=\"phonak-hearing-aids-flexible-forms-colors-and-styles\">Aud\u00edfonos Phonak &#8211; <\/h2>\n\n\n\n<h2 class=\"wp-block-heading has-text-align-center\" id=\"phonak-hearing-aids-flexible-forms-colors-and-styles\">formas, colores y estilos flexibles<\/h2>\n\n\n\n<p class=\"has-text-align-center\">Phonak tiene el aud\u00edfono adecuado para usted, independientemente de su tipo de p\u00e9rdida auditiva, estilo de vida, preferencias personales, edad o presupuesto. Decidimos desarrollar soluciones auditivas excepcionales para todos. Puede encontrar m\u00e1s detalles de estos productos a continuaci\u00f3n o puede preguntar a su audi\u00f3logo.<\/p>\n<\/div>\n\n\n\n<div\n\tclass=\"wp-block-phonak-products is-forntend alignwide\"\n\tdata-attributes=\"{&quot;perPage&quot;:&quot;9&quot;,&quot;align&quot;:&quot;wide&quot;,&quot;categories&quot;:&quot;&quot;,&quot;showPagination&quot;:true,&quot;showFilter&quot;:true,&quot;enabledFilters&quot;:[&quot;platforms&quot;,&quot;categories&quot;,&quot;productTypes&quot;],&quot;defaultPlatforms&quot;:[],&quot;defaultCategories&quot;:[],&quot;defaultProductTypes&quot;:[]}\"\n\tdata-locale=\"es_ES\">\n<\/div>\n","protected":false},"excerpt":{"rendered":"<p>Aud\u00edfonos Phonak &#8211; formas, colores y estilos flexibles Phonak tiene el aud\u00edfono adecuado para usted, independientemente de su tipo de&#8230;<\/p>\n","protected":false},"author":5,"featured_media":0,"parent":238,"menu_order":0,"comment_status":"closed","ping_status":"closed","template":"","meta":{"_acf_changed":false,"inline_featured_image":false,"footnotes":""},"class_list":["post-254","page","type-page","status-publish","hentry"],"acf":[],"yoast_head":"<!-- This site is optimized with the Yoast SEO plugin v26.9 - https:\/\/yoast.com\/product\/yoast-seo-wordpress\/ -->\n<title>Aud\u00edfonos - Phonak \u2013 Guatemala<\/title>\n<meta name=\"robots\" content=\"index, follow, max-snippet:-1, max-image-preview:large, max-video-preview:-1\" \/>\n<link rel=\"canonical\" href=\"https:\/\/intl.phonak.com\/main-spanish\/soluciones\/audifonos\/\" \/>\n<meta property=\"og:locale\" content=\"es_ES\" \/>\n<meta property=\"og:type\" content=\"article\" \/>\n<meta property=\"og:title\" content=\"Aud\u00edfonos - Phonak \u2013 Guatemala\" \/>\n<meta property=\"og:description\" content=\"Aud\u00edfonos Phonak &#8211; formas, colores y estilos flexibles Phonak tiene el aud\u00edfono adecuado para usted, independientemente de su tipo de...\" \/>\n<meta property=\"og:url\" content=\"https:\/\/intl.phonak.com\/es-gt\/soluciones\/audifonos\/\" \/>\n<meta property=\"og:site_name\" content=\"Phonak \u2013 Guatemala\" \/>\n<meta property=\"article:modified_time\" content=\"2026-02-24T13:04:40+00:00\" \/>\n<meta property=\"og:image\" content=\"https:\/\/intl.phonak.com\/main-english\/wp-content\/uploads\/sites\/3\/2022\/02\/Banner_life-to-the-fullest.jpg\" \/>\n<meta name=\"twitter:card\" content=\"summary_large_image\" \/>\n<meta name=\"twitter:label1\" content=\"Est. reading time\" \/>\n\t<meta name=\"twitter:data1\" content=\"1 minuto\" \/>\n<script type=\"application\/ld+json\" class=\"yoast-schema-graph\">{\"@context\":\"https:\/\/schema.org\",\"@graph\":[{\"@type\":\"WebPage\",\"@id\":\"https:\/\/intl.phonak.com\/es-gt\/soluciones\/audifonos\/\",\"url\":\"https:\/\/intl.phonak.com\/es-gt\/soluciones\/audifonos\/\",\"name\":\"Aud\u00edfonos - Phonak \u2013 Guatemala\",\"isPartOf\":{\"@id\":\"https:\/\/intl.phonak.com\/es-gt\/#website\"},\"primaryImageOfPage\":{\"@id\":\"https:\/\/intl.phonak.com\/es-gt\/soluciones\/audifonos\/#primaryimage\"},\"image\":{\"@id\":\"https:\/\/intl.phonak.com\/es-gt\/soluciones\/audifonos\/#primaryimage\"},\"thumbnailUrl\":\"https:\/\/intl.phonak.com\/es-gt\/wp-content\/uploads\/sites\/26\/2026\/02\/Banner_Hearing-aids.jpg?w=1024\",\"datePublished\":\"2021-12-02T15:55:10+00:00\",\"dateModified\":\"2026-02-24T13:04:40+00:00\",\"breadcrumb\":{\"@id\":\"https:\/\/intl.phonak.com\/es-gt\/soluciones\/audifonos\/#breadcrumb\"},\"inLanguage\":\"es\",\"potentialAction\":[{\"@type\":\"ReadAction\",\"target\":[\"https:\/\/intl.phonak.com\/es-gt\/soluciones\/audifonos\/\"]}]},{\"@type\":\"ImageObject\",\"inLanguage\":\"es\",\"@id\":\"https:\/\/intl.phonak.com\/es-gt\/soluciones\/audifonos\/#primaryimage\",\"url\":\"https:\/\/intl.phonak.com\/es-gt\/wp-content\/uploads\/sites\/26\/2026\/02\/Banner_Hearing-aids.jpg?w=1024\",\"contentUrl\":\"https:\/\/intl.phonak.com\/es-gt\/wp-content\/uploads\/sites\/26\/2026\/02\/Banner_Hearing-aids.jpg?w=1024\"},{\"@type\":\"BreadcrumbList\",\"@id\":\"https:\/\/intl.phonak.com\/es-gt\/soluciones\/audifonos\/#breadcrumb\",\"itemListElement\":[{\"@type\":\"ListItem\",\"position\":1,\"name\":\"Home\",\"item\":\"https:\/\/intl.phonak.com\/es-gt\/\"},{\"@type\":\"ListItem\",\"position\":2,\"name\":\"Aud\u00edfonos\"}]},{\"@type\":\"WebSite\",\"@id\":\"https:\/\/intl.phonak.com\/es-gt\/#website\",\"url\":\"https:\/\/intl.phonak.com\/es-gt\/\",\"name\":\"Phonak \u2013 Guatemala\",\"description\":\"Comprometidos con el cambio de vidas\",\"potentialAction\":[{\"@type\":\"SearchAction\",\"target\":{\"@type\":\"EntryPoint\",\"urlTemplate\":\"https:\/\/intl.phonak.com\/es-gt\/?s={search_term_string}\"},\"query-input\":{\"@type\":\"PropertyValueSpecification\",\"valueRequired\":true,\"valueName\":\"search_term_string\"}}],\"inLanguage\":\"es\"}]}<\/script>\n<!-- \/ Yoast SEO plugin. -->","yoast_head_json":{"title":"Aud\u00edfonos - Phonak \u2013 Guatemala","robots":{"index":"index","follow":"follow","max-snippet":"max-snippet:-1","max-image-preview":"max-image-preview:large","max-video-preview":"max-video-preview:-1"},"canonical":"https:\/\/intl.phonak.com\/main-spanish\/soluciones\/audifonos\/","og_locale":"es_ES","og_type":"article","og_title":"Aud\u00edfonos - Phonak \u2013 Guatemala","og_description":"Aud\u00edfonos Phonak &#8211; formas, colores y estilos flexibles Phonak tiene el aud\u00edfono adecuado para usted, independientemente de su tipo de...","og_url":"https:\/\/intl.phonak.com\/es-gt\/soluciones\/audifonos\/","og_site_name":"Phonak \u2013 Guatemala","article_modified_time":"2026-02-24T13:04:40+00:00","og_image":[{"url":"https:\/\/intl.phonak.com\/main-english\/wp-content\/uploads\/sites\/3\/2022\/02\/Banner_life-to-the-fullest.jpg","type":"","width":"","height":""}],"twitter_card":"summary_large_image","twitter_misc":{"Est. reading time":"1 minuto"},"schema":{"@context":"https:\/\/schema.org","@graph":[{"@type":"WebPage","@id":"https:\/\/intl.phonak.com\/es-gt\/soluciones\/audifonos\/","url":"https:\/\/intl.phonak.com\/es-gt\/soluciones\/audifonos\/","name":"Aud\u00edfonos - Phonak \u2013 Guatemala","isPartOf":{"@id":"https:\/\/intl.phonak.com\/es-gt\/#website"},"primaryImageOfPage":{"@id":"https:\/\/intl.phonak.com\/es-gt\/soluciones\/audifonos\/#primaryimage"},"image":{"@id":"https:\/\/intl.phonak.com\/es-gt\/soluciones\/audifonos\/#primaryimage"},"thumbnailUrl":"https:\/\/intl.phonak.com\/es-gt\/wp-content\/uploads\/sites\/26\/2026\/02\/Banner_Hearing-aids.jpg?w=1024","datePublished":"2021-12-02T15:55:10+00:00","dateModified":"2026-02-24T13:04:40+00:00","breadcrumb":{"@id":"https:\/\/intl.phonak.com\/es-gt\/soluciones\/audifonos\/#breadcrumb"},"inLanguage":"es","potentialAction":[{"@type":"ReadAction","target":["https:\/\/intl.phonak.com\/es-gt\/soluciones\/audifonos\/"]}]},{"@type":"ImageObject","inLanguage":"es","@id":"https:\/\/intl.phonak.com\/es-gt\/soluciones\/audifonos\/#primaryimage","url":"https:\/\/intl.phonak.com\/es-gt\/wp-content\/uploads\/sites\/26\/2026\/02\/Banner_Hearing-aids.jpg?w=1024","contentUrl":"https:\/\/intl.phonak.com\/es-gt\/wp-content\/uploads\/sites\/26\/2026\/02\/Banner_Hearing-aids.jpg?w=1024"},{"@type":"BreadcrumbList","@id":"https:\/\/intl.phonak.com\/es-gt\/soluciones\/audifonos\/#breadcrumb","itemListElement":[{"@type":"ListItem","position":1,"name":"Home","item":"https:\/\/intl.phonak.com\/es-gt\/"},{"@type":"ListItem","position":2,"name":"Aud\u00edfonos"}]},{"@type":"WebSite","@id":"https:\/\/intl.phonak.com\/es-gt\/#website","url":"https:\/\/intl.phonak.com\/es-gt\/","name":"Phonak \u2013 Guatemala","description":"Comprometidos con el cambio de vidas","potentialAction":[{"@type":"SearchAction","target":{"@type":"EntryPoint","urlTemplate":"https:\/\/intl.phonak.com\/es-gt\/?s={search_term_string}"},"query-input":{"@type":"PropertyValueSpecification","valueRequired":true,"valueName":"search_term_string"}}],"inLanguage":"es"}]}},"jetpack_sharing_enabled":true,"distributor_meta":false,"distributor_terms":false,"distributor_media":false,"distributor_original_site_name":"Phonak \u2013 Guatemala","distributor_original_site_url":"https:\/\/intl.phonak.com\/es-gt","push-errors":false,"_links":{"self":[{"href":"https:\/\/intl.phonak.com\/es-gt\/wp-json\/wp\/v2\/pages\/254","targetHints":{"allow":["GET"]}}],"collection":[{"href":"https:\/\/intl.phonak.com\/es-gt\/wp-json\/wp\/v2\/pages"}],"about":[{"href":"https:\/\/intl.phonak.com\/es-gt\/wp-json\/wp\/v2\/types\/page"}],"author":[{"embeddable":true,"href":"https:\/\/intl.phonak.com\/es-gt\/wp-json\/wp\/v2\/users\/5"}],"replies":[{"embeddable":true,"href":"https:\/\/intl.phonak.com\/es-gt\/wp-json\/wp\/v2\/comments?post=254"}],"version-history":[{"count":5,"href":"https:\/\/intl.phonak.com\/es-gt\/wp-json\/wp\/v2\/pages\/254\/revisions"}],"predecessor-version":[{"id":1428,"href":"https:\/\/intl.phonak.com\/es-gt\/wp-json\/wp\/v2\/pages\/254\/revisions\/1428"}],"up":[{"embeddable":true,"href":"https:\/\/intl.phonak.com\/es-gt\/wp-json\/wp\/v2\/pages\/238"}],"wp:attachment":[{"href":"https:\/\/intl.phonak.com\/es-gt\/wp-json\/wp\/v2\/media?parent=254"}],"curies":[{"name":"wp","href":"https:\/\/api.w.org\/{rel}","templated":true}]}}