{"id":247,"date":"2021-11-18T15:12:00","date_gmt":"2021-11-18T15:12:00","guid":{"rendered":"https:\/\/intl.phonak.com\/es-gt\/perdida-de-la-audicion\/"},"modified":"2024-06-03T16:19:17","modified_gmt":"2024-06-03T16:19:17","slug":"perdida-auditiva","status":"publish","type":"page","link":"https:\/\/intl.phonak.com\/es-gt\/perdida-auditiva\/","title":{"rendered":"P\u00e9rdida auditiva"},"content":{"rendered":"\n<div class=\"wp-block-cover alignfull\"><span aria-hidden=\"true\" class=\"wp-block-cover__background has-light-grey-background-color has-background-dim-60 has-background-dim\"><\/span><img decoding=\"async\" class=\"wp-block-cover__image-background wp-image-4769\" alt=\"\" src=\"https:\/\/intl.phonak.com\/es-gt\/wp-content\/uploads\/sites\/3\/2022\/02\/Banner-hearing-loss.jpg\" style=\"object-position:56% 51%\" data-object-fit=\"cover\" data-object-position=\"56% 51%\"\/><div class=\"wp-block-cover__inner-container is-layout-flow wp-block-cover-is-layout-flow\">\n<h1 class=\"wp-block-heading has-text-align-center has-grey-500-color has-text-color\" id=\"signs-of-hearing-loss-1\">Se\u00f1ales de p\u00e9rdida auditiva<\/h1>   \n<p class=\"has-text-align-center has-grey-500-color has-text-color has-lead-font-size\">C\u00f3mo detectar la p\u00e9rdida auditiva<\/p> <\/div><\/div>   \n<h2 class=\"wp-block-heading has-text-align-center\" id=\"what-are-the-signs-and-symptoms-of-hearing-loss\">\u00bfCu\u00e1les son los signos y s\u00edntomas de la p\u00e9rdida auditiva?<\/h2>   \n<p class=\"has-text-align-center\">Nuestros o\u00eddos siempre est\u00e1n encendidos, al igual que los sonidos que nos rodean. Los tel\u00e9fonos celulares suenan, la gente conversa, los perros ladran, el tr\u00e1fico retumba, los p\u00e1jaros cantan, est\u00e1n sucediendo muchas cosas. Nuestro cerebro nos permite identificar e interpretar diferentes sonidos y centrarnos en lo que queremos escuchar. Puede reconocer instant\u00e1neamente la voz de un ser querido o le permite leer un libro en silencio sin reconocer los sonidos de fondo.<\/p>   \n<p class=\"has-text-align-center\">Pero a veces, no funciona as\u00ed. A veces, nuestro cerebro no puede identificar un sonido porque nuestros o\u00eddos no pueden escucharlo para empezar.<\/p>   \n<p class=\"has-text-align-center\">\u00bfUsted es consciente de los sonidos que no puede escuchar?<\/p>   \n<div style=\"height:60px\" aria-hidden=\"true\" class=\"wp-block-spacer\"><\/div>   \n<h3 class=\"wp-block-heading has-text-align-center has-blue-color has-text-color\" id=\"signs-of-hearing-loss\">Signos de p\u00e9rdida auditiva<\/h3>   \n<p class=\"has-text-align-center\">La p\u00e9rdida auditiva no significa simplemente que alguien tiene problemas para o\u00edr sonidos suaves. M\u00e1s bien, es m\u00e1s com\u00fan, especialmente en la p\u00e9rdida auditiva relacionada con la edad, que la capacidad de escuchar sonidos agudos se vea afectada primero. Por ejemplo, los primeros sonidos que alguien puede no ser capaz de escuchar tan bien son el canto de los p\u00e1jaros y las voces femeninas o infantiles. La p\u00e9rdida auditiva tambi\u00e9n disminuye la capacidad de escuchar ciertas consonantes en el habla, lo que puede dificultar que la persona con p\u00e9rdida auditiva siga las conversaciones. Dependiendo de la causa y el tipo de p\u00e9rdida auditiva, tambi\u00e9n es posible experimentar dificultades para escuchar las frecuencias medias o incluso bajas, o de manera uniforme en todas las frecuencias. Otro signo de p\u00e9rdida auditiva podr\u00eda ser el tinnitus<\/p>   \n<div style=\"height:64px\" aria-hidden=\"true\" class=\"wp-block-spacer\"><\/div>   \n<h3 class=\"wp-block-heading has-text-align-center has-blue-color has-text-color\" id=\"take-the-first-step-1\">Es una se\u00f1al<\/h3>   \n<p class=\"has-text-align-left\"><strong>Las siguientes preguntas le ayudar\u00e1n a comprender si presenta s\u00edntomas de p\u00e9rdida auditiva:<\/strong><\/p>   <div class=\"wp-block-columns is-layout-flex wp-container-core-columns-is-layout-9d6595d7 wp-block-columns-is-layout-flex\">\n<div class=\"wp-block-column is-layout-flow wp-block-column-is-layout-flow\" style=\"flex-basis:66.66%\"><div class=\"wp-list-block\"> <ul class=\"wp-block-list\"> <li>\u00bfParece que la gente est\u00e1 murmurando?<\/li>   <li>\u00bfTienes que subir el volumen de la televisi\u00f3n o la radio?<\/li>   <li>\u00bfLe resulta m\u00e1s f\u00e1cil entender la voz de un hombre en comparaci\u00f3n con la voz de una mujer o un ni\u00f1o?<\/li>   <li>\u00bfLe resulta dif\u00edcil escuchar el timbre o el timbre del tel\u00e9fono?<\/li>   <li>Cuando est\u00e1s en un grupo o en un restaurante lleno de gente, \u00bfle resulta dif\u00edcil seguir la conversaci\u00f3n?<\/li>   <li>\u00bfEvita sus actividades sociales porque es dif\u00edcil escuchar y comunicarse?<\/li>   <li>\u00bfAlguien cercano a usted ha mencionado que puede tener un problema con su audici\u00f3n?<\/li> <\/ul> <\/div><\/div>   \n<div class=\"wp-block-column is-vertically-aligned-center is-layout-flow wp-block-column-is-layout-flow\" style=\"flex-basis:33.33%\">\n<figure class=\"wp-block-image size-large\"><img decoding=\"async\" src=\"https:\/\/intl.phonak.com\/es-gt\/wp-content\/uploads\/sites\/3\/2023\/12\/Hearing-loss_GenericIndoorsPC_01.jpg?w=329\" alt=\"Happy couple\" class=\"wp-image-7274\"\/><\/figure>   <p><\/p> <\/div> <\/div>   \n<div class=\"wp-block-group alignfull has-light-grey-background-color has-background is-layout-flow wp-block-group-is-layout-flow\">\n<div class=\"wp-block-group is-style-align-small is-layout-flow wp-block-group-is-layout-flow\">\n<p class=\"has-text-align-center\">Si ha respondido \u00ab<strong>s\u00ed<\/strong>\u00bb a una o m\u00e1s de las preguntas, le recomendamos que un profesional de la audici\u00f3n eval\u00fae su capacidad auditiva. Puede encontrar un audi\u00f3logo certificado, un profesional de la audici\u00f3n o una cl\u00ednica en su \u00e1rea con nuestro buscador de expertos.<\/p>   <p><\/p>   \n<p class=\"has-text-align-center\">Para obtener inmediatamente una indicaci\u00f3n de su capacidad auditiva, tambi\u00e9n puede probar nuestra prueba de audici\u00f3n en l\u00ednea.<\/p>   <div class=\"wp-block-buttons is-layout-flex wp-block-buttons-is-layout-flex\">\n<div class=\"wp-block-button aligncenter\"><a class=\"wp-block-button__link wp-element-button\" href=\"\" target=\"_blank\" rel=\"noreferrer noopener\">Test auditivo online<\/a><\/div> <\/div> <\/div> <\/div>   \n<div style=\"height:55px\" aria-hidden=\"true\" class=\"wp-block-spacer\"><\/div>   \n<p class=\"has-text-align-center\"><a href=\"https:\/\/intl.phonak.com\/es-gt\/hearing-loss\/phonak-well-hearing-is-well-being\/\">Descubra por qu\u00e9 o\u00edr bien es tan importante para su bienestar<\/a><\/p>   \n<div style=\"height:55px\" aria-hidden=\"true\" class=\"wp-block-spacer\"><\/div>   \n<div class=\"wp-block-media-text is-stacked-on-mobile cta-block\" style=\"grid-template-columns:35% auto\"><figure class=\"wp-block-media-text__media\"><img decoding=\"async\" src=\"https:\/\/intl.phonak.com\/main-english\/wp-content\/uploads\/sites\/3\/2021\/11\/cta-image.jpg?w=401\" alt=\"\" class=\"wp-image-6738 size-full\"\/><\/figure><div class=\"wp-block-media-text__content\">\n<div class=\"wp-block-create-block-icon-selector\"><i class=\"fal fa-map-marker-alt\"><\/i><\/div>\n\n\n\n<h3 class=\"wp-block-heading\">Expertos en audici\u00f3n cerca de usted <\/h3>\n\n\n\n<p>Los profesionales de la salud auditiva pueden ayudarle a tomar la decisi\u00f3n perfecta para usted. Tendr\u00e1n en cuenta sus necesidades auditivas, su presupuesto, su estilo de vida y sus preferencias auditivas individuales. <\/p>\n\n\n\n<div class=\"wp-block-buttons is-layout-flex wp-block-buttons-is-layout-flex\">\n<div class=\"wp-block-button is-style-marker-green\"><a class=\"wp-block-button__link wp-element-button\" href=\"https:\/\/intl.phonak.com\/es-gt\/encontrar-un-experto\/\">Encontrar un experto<\/a><\/div>\n<\/div>\n<\/div><\/div>\n","protected":false},"excerpt":{"rendered":"<p>\u00bfCu\u00e1les son los signos y s\u00edntomas de la p\u00e9rdida auditiva? Nuestros o\u00eddos siempre est\u00e1n encendidos, al igual que los sonidos&#8230;<\/p>\n","protected":false},"author":5,"featured_media":0,"parent":0,"menu_order":0,"comment_status":"closed","ping_status":"closed","template":"","meta":{"_acf_changed":false,"inline_featured_image":false,"footnotes":""},"class_list":["post-247","page","type-page","status-publish","hentry"],"acf":[],"yoast_head":"<!-- This site is optimized with the Yoast SEO plugin v26.9 - https:\/\/yoast.com\/product\/yoast-seo-wordpress\/ -->\n<title>P\u00e9rdida auditiva - Phonak \u2013 Guatemala<\/title>\n<meta name=\"robots\" content=\"index, follow, max-snippet:-1, max-image-preview:large, max-video-preview:-1\" \/>\n<link rel=\"canonical\" href=\"https:\/\/intl.phonak.com\/main-spanish\/perdida-auditiva\/\" \/>\n<meta property=\"og:locale\" content=\"es_ES\" \/>\n<meta property=\"og:type\" content=\"article\" \/>\n<meta property=\"og:title\" content=\"P\u00e9rdida auditiva - Phonak \u2013 Guatemala\" \/>\n<meta property=\"og:description\" content=\"\u00bfCu\u00e1les son los signos y s\u00edntomas de la p\u00e9rdida auditiva? Nuestros o\u00eddos siempre est\u00e1n encendidos, al igual que los sonidos...\" \/>\n<meta property=\"og:url\" content=\"https:\/\/intl.phonak.com\/es-gt\/perdida-auditiva\/\" \/>\n<meta property=\"og:site_name\" content=\"Phonak \u2013 Guatemala\" \/>\n<meta property=\"article:modified_time\" content=\"2024-06-03T16:19:17+00:00\" \/>\n<meta property=\"og:image\" content=\"https:\/\/intl.phonak.com\/main-english\/wp-content\/uploads\/sites\/3\/2022\/02\/Banner-hearing-loss.jpg\" \/>\n<meta name=\"twitter:card\" content=\"summary_large_image\" \/>\n<meta name=\"twitter:label1\" content=\"Est. reading time\" \/>\n\t<meta name=\"twitter:data1\" content=\"3 minutos\" \/>\n<script type=\"application\/ld+json\" class=\"yoast-schema-graph\">{\"@context\":\"https:\/\/schema.org\",\"@graph\":[{\"@type\":\"WebPage\",\"@id\":\"https:\/\/intl.phonak.com\/es-gt\/perdida-de-la-audicion\/\",\"url\":\"https:\/\/intl.phonak.com\/es-gt\/perdida-de-la-audicion\/\",\"name\":\"P\u00e9rdida auditiva - Phonak \u2013 Guatemala\",\"isPartOf\":{\"@id\":\"https:\/\/intl.phonak.com\/es-gt\/#website\"},\"primaryImageOfPage\":{\"@id\":\"https:\/\/intl.phonak.com\/es-gt\/perdida-de-la-audicion\/#primaryimage\"},\"image\":{\"@id\":\"https:\/\/intl.phonak.com\/es-gt\/perdida-de-la-audicion\/#primaryimage\"},\"thumbnailUrl\":\"https:\/\/intl.phonak.com\/es-gt\/wp-content\/uploads\/sites\/3\/2022\/02\/Banner-hearing-loss.jpg\",\"datePublished\":\"2021-11-18T15:12:00+00:00\",\"dateModified\":\"2024-06-03T16:19:17+00:00\",\"breadcrumb\":{\"@id\":\"https:\/\/intl.phonak.com\/es-gt\/perdida-de-la-audicion\/#breadcrumb\"},\"inLanguage\":\"es\",\"potentialAction\":[{\"@type\":\"ReadAction\",\"target\":[\"https:\/\/intl.phonak.com\/es-gt\/perdida-de-la-audicion\/\"]}]},{\"@type\":\"ImageObject\",\"inLanguage\":\"es\",\"@id\":\"https:\/\/intl.phonak.com\/es-gt\/perdida-de-la-audicion\/#primaryimage\",\"url\":\"\",\"contentUrl\":\"\"},{\"@type\":\"BreadcrumbList\",\"@id\":\"https:\/\/intl.phonak.com\/es-gt\/perdida-de-la-audicion\/#breadcrumb\",\"itemListElement\":[{\"@type\":\"ListItem\",\"position\":1,\"name\":\"Home\",\"item\":\"https:\/\/intl.phonak.com\/es-gt\/\"},{\"@type\":\"ListItem\",\"position\":2,\"name\":\"P\u00e9rdida auditiva\"}]},{\"@type\":\"WebSite\",\"@id\":\"https:\/\/intl.phonak.com\/es-gt\/#website\",\"url\":\"https:\/\/intl.phonak.com\/es-gt\/\",\"name\":\"Phonak \u2013 Guatemala\",\"description\":\"Comprometidos con el cambio de vidas\",\"potentialAction\":[{\"@type\":\"SearchAction\",\"target\":{\"@type\":\"EntryPoint\",\"urlTemplate\":\"https:\/\/intl.phonak.com\/es-gt\/?s={search_term_string}\"},\"query-input\":{\"@type\":\"PropertyValueSpecification\",\"valueRequired\":true,\"valueName\":\"search_term_string\"}}],\"inLanguage\":\"es\"}]}<\/script>\n<!-- \/ Yoast SEO plugin. -->","yoast_head_json":{"title":"P\u00e9rdida auditiva - Phonak \u2013 Guatemala","robots":{"index":"index","follow":"follow","max-snippet":"max-snippet:-1","max-image-preview":"max-image-preview:large","max-video-preview":"max-video-preview:-1"},"canonical":"https:\/\/intl.phonak.com\/main-spanish\/perdida-auditiva\/","og_locale":"es_ES","og_type":"article","og_title":"P\u00e9rdida auditiva - Phonak \u2013 Guatemala","og_description":"\u00bfCu\u00e1les son los signos y s\u00edntomas de la p\u00e9rdida auditiva? Nuestros o\u00eddos siempre est\u00e1n encendidos, al igual que los sonidos...","og_url":"https:\/\/intl.phonak.com\/es-gt\/perdida-auditiva\/","og_site_name":"Phonak \u2013 Guatemala","article_modified_time":"2024-06-03T16:19:17+00:00","og_image":[{"url":"https:\/\/intl.phonak.com\/main-english\/wp-content\/uploads\/sites\/3\/2022\/02\/Banner-hearing-loss.jpg","type":"","width":"","height":""}],"twitter_card":"summary_large_image","twitter_misc":{"Est. reading time":"3 minutos"},"schema":{"@context":"https:\/\/schema.org","@graph":[{"@type":"WebPage","@id":"https:\/\/intl.phonak.com\/es-gt\/perdida-de-la-audicion\/","url":"https:\/\/intl.phonak.com\/es-gt\/perdida-de-la-audicion\/","name":"P\u00e9rdida auditiva - Phonak \u2013 Guatemala","isPartOf":{"@id":"https:\/\/intl.phonak.com\/es-gt\/#website"},"primaryImageOfPage":{"@id":"https:\/\/intl.phonak.com\/es-gt\/perdida-de-la-audicion\/#primaryimage"},"image":{"@id":"https:\/\/intl.phonak.com\/es-gt\/perdida-de-la-audicion\/#primaryimage"},"thumbnailUrl":"https:\/\/intl.phonak.com\/es-gt\/wp-content\/uploads\/sites\/3\/2022\/02\/Banner-hearing-loss.jpg","datePublished":"2021-11-18T15:12:00+00:00","dateModified":"2024-06-03T16:19:17+00:00","breadcrumb":{"@id":"https:\/\/intl.phonak.com\/es-gt\/perdida-de-la-audicion\/#breadcrumb"},"inLanguage":"es","potentialAction":[{"@type":"ReadAction","target":["https:\/\/intl.phonak.com\/es-gt\/perdida-de-la-audicion\/"]}]},{"@type":"ImageObject","inLanguage":"es","@id":"https:\/\/intl.phonak.com\/es-gt\/perdida-de-la-audicion\/#primaryimage","url":"","contentUrl":""},{"@type":"BreadcrumbList","@id":"https:\/\/intl.phonak.com\/es-gt\/perdida-de-la-audicion\/#breadcrumb","itemListElement":[{"@type":"ListItem","position":1,"name":"Home","item":"https:\/\/intl.phonak.com\/es-gt\/"},{"@type":"ListItem","position":2,"name":"P\u00e9rdida auditiva"}]},{"@type":"WebSite","@id":"https:\/\/intl.phonak.com\/es-gt\/#website","url":"https:\/\/intl.phonak.com\/es-gt\/","name":"Phonak \u2013 Guatemala","description":"Comprometidos con el cambio de vidas","potentialAction":[{"@type":"SearchAction","target":{"@type":"EntryPoint","urlTemplate":"https:\/\/intl.phonak.com\/es-gt\/?s={search_term_string}"},"query-input":{"@type":"PropertyValueSpecification","valueRequired":true,"valueName":"search_term_string"}}],"inLanguage":"es"}]}},"jetpack_sharing_enabled":true,"distributor_meta":false,"distributor_terms":false,"distributor_media":false,"distributor_original_site_name":"Phonak \u2013 Guatemala","distributor_original_site_url":"https:\/\/intl.phonak.com\/es-gt","push-errors":false,"_links":{"self":[{"href":"https:\/\/intl.phonak.com\/es-gt\/wp-json\/wp\/v2\/pages\/247","targetHints":{"allow":["GET"]}}],"collection":[{"href":"https:\/\/intl.phonak.com\/es-gt\/wp-json\/wp\/v2\/pages"}],"about":[{"href":"https:\/\/intl.phonak.com\/es-gt\/wp-json\/wp\/v2\/types\/page"}],"author":[{"embeddable":true,"href":"https:\/\/intl.phonak.com\/es-gt\/wp-json\/wp\/v2\/users\/5"}],"replies":[{"embeddable":true,"href":"https:\/\/intl.phonak.com\/es-gt\/wp-json\/wp\/v2\/comments?post=247"}],"version-history":[{"count":4,"href":"https:\/\/intl.phonak.com\/es-gt\/wp-json\/wp\/v2\/pages\/247\/revisions"}],"predecessor-version":[{"id":425,"href":"https:\/\/intl.phonak.com\/es-gt\/wp-json\/wp\/v2\/pages\/247\/revisions\/425"}],"wp:attachment":[{"href":"https:\/\/intl.phonak.com\/es-gt\/wp-json\/wp\/v2\/media?parent=247"}],"curies":[{"name":"wp","href":"https:\/\/api.w.org\/{rel}","templated":true}]}}