{"id":264,"date":"2021-11-30T14:36:50","date_gmt":"2021-11-30T14:36:50","guid":{"rendered":"https:\/\/intl.phonak.com\/es-do\/personalizacion-de-audifonos\/"},"modified":"2025-02-20T09:43:48","modified_gmt":"2025-02-20T09:43:48","slug":"personalizacion-de-audifonos","status":"publish","type":"page","link":"https:\/\/intl.phonak.com\/es-do\/personalizacion-de-audifonos\/","title":{"rendered":"Ajuste de aud\u00edfonos"},"content":{"rendered":"\n<div class=\"wp-block-cover alignfull is-light\"><span aria-hidden=\"true\" class=\"wp-block-cover__background has-light-grey-background-color has-background-dim\"><\/span><img decoding=\"async\" class=\"wp-block-cover__image-background wp-image-5329\" alt=\"\" src=\"https:\/\/intl.phonak.com\/es-do\/wp-content\/uploads\/sites\/3\/2022\/03\/Banner-01.jpg\" style=\"object-position:16% 56%\" data-object-fit=\"cover\" data-object-position=\"16% 56%\"\/><div class=\"wp-block-cover__inner-container is-layout-flow wp-block-cover-is-layout-flow\">\n<h1 class=\"wp-block-heading has-text-align-center has-dark-grey-color has-text-color\" id=\"your-personal-hearing-aid\">Su aud\u00edfono personal <\/h1>   \n<p class=\"has-text-align-center margin-bottom-0 is-style-default has-dark-grey-color has-text-color has-lead-font-size\">El ajuste de un aud\u00edfono se realiza en varios pasos para adaptarse a su p\u00e9rdida auditiva, la forma de su o\u00eddo y sus h\u00e1bitos auditivos.<\/p>\n<\/div><\/div>   \n<div class=\"wp-block-group is-style-align-small is-layout-flow wp-block-group-is-layout-flow\" style=\"padding-top:0px\">\n<h3 class=\"wp-block-heading has-text-align-center has-blue-color has-text-color\" id=\"get-to-know-your-hearing-aid\">Conozca su aud\u00edfono <\/h3>   \n<p class=\"has-text-align-center\">El audi\u00f3logo le dar\u00e1 instrucciones detalladas: modo de insertarlo, c\u00f3mo usarlo y c\u00f3mo controlar el volumen. Tambi\u00e9n le explicar\u00e1 el mantenimiento, c\u00f3mo reemplazar las bater\u00edas, limpiar y secar los dispositivos. Por \u00faltimo, descubrir\u00e1 m\u00e1s sobre c\u00f3mo reacciona su aud\u00edfono en diferentes situaciones auditivas. Ahora puede llevarse sus nuevos aud\u00edfonos a casa.<\/p>\n<\/div>   \n<div class=\"wp-block-group alignfull has-light-grey-background-color has-background is-layout-flow wp-block-group-is-layout-flow\">\n<div class=\"wp-block-group is-style-align-small is-layout-flow wp-block-group-is-layout-flow\">\n<h3 class=\"wp-block-heading has-text-align-center has-blue-color has-text-color\" id=\"first-days-with-your-new-hearing-aid\">Los primeros d\u00edas con su nuevo aud\u00edfono <\/h3>   \n<p class=\"has-text-align-center\">Durante los primeros d\u00edas, debe familiarizarse con su nuevo aud\u00edfono. Al principio, debe usarlo durante unas horas al d\u00eda en un entorno familiar. Algunas cosas pueden parecerse extra\u00f1as durante este tiempo. La mejor manera de explorar la nueva sensaci\u00f3n auditiva es hablar con la gente o ver la televisi\u00f3n. Su propia voz puede sonar extra\u00f1a o demasiado fuerte para usted, porque es posible que hayas desarrollado el h\u00e1bito de hablar demasiado alto para escuchar su propia voz. Practica hablar m\u00e1s suavemente. Anote sus experiencias: ayudar\u00e1 a su audi\u00f3logo a afinar su ayuda.<\/p>\n<\/div>\n<\/div>   \n<div class=\"wp-block-group is-style-align-small is-layout-flow wp-block-group-is-layout-flow\">\n<h3 class=\"wp-block-heading has-text-align-center has-blue-color has-text-color\" id=\"final-adjustment-by-your-hearing-care-professional\">Ajuste final por parte de su audi\u00f3logo <\/h3>   \n<p class=\"has-text-align-center\">Ahora tendr\u00e1 la oportunidad de hablar de sus primeras experiencias con su audi\u00f3logo. Su aud\u00edfono se ajustar\u00e1 para adaptarse a sus necesidades muy espec\u00edficas. El especialista responder\u00e1 a todas sus preguntas y se dar\u00e1 consejos generales. Es posible que le ajusten el aud\u00edfono en esta cita para mejorar a\u00fan m\u00e1s su comodidad y comprensi\u00f3n del habla.<\/p>   \n<p class=\"has-text-align-center\">Ahora entrar\u00e1s en una fase en la que podr\u00e1s recuperar un poco de calidad de vida cada d\u00eda. Siga usando su aud\u00edfono durante unas horas al d\u00eda. T\u00f3mese tiempo. Aprender\u00e1 a hacer el mejor uso de su aud\u00edfono y pronto disfrutar\u00e1 de todos los beneficios que tiene para ofrecer.<\/p>   \n<div class=\"wp-block-buttons is-horizontal is-content-justification-center is-layout-flex wp-container-core-buttons-is-layout-499968f5 wp-block-buttons-is-layout-flex\">\n<div class=\"wp-block-button is-style-download\"><a class=\"wp-block-button__link wp-element-button\" href=\"https:\/\/intl.phonak.com\/es-do\/wp-content\/uploads\/sites\/26\/2024\/12\/PH_Folleto_ReviveSuAudicionIntl_94x210_ES_028-0776-06.pdf\" target=\"_blank\" rel=\"noreferrer noopener\">Revive su audici\u00f3n   <\/a><\/div>\n<\/div>\n<\/div>   \n<p class=\"has-text-align-center\"><a href=\"https:\/\/intl.phonak.com\/es-do\/soluciones\/\">Inf\u00f3rmese sobre las soluciones auditivas <\/a><\/p>   \n<div class=\"wp-block-media-text is-stacked-on-mobile cta-block\" style=\"grid-template-columns:35% auto\"><figure class=\"wp-block-media-text__media\"><img decoding=\"async\" src=\"https:\/\/intl.phonak.com\/main-english\/wp-content\/uploads\/sites\/3\/2021\/11\/cta-image.jpg?w=401\" alt=\"\" class=\"wp-image-6738 size-full\"\/><\/figure><div class=\"wp-block-media-text__content\">\n<div class=\"wp-block-create-block-icon-selector\"><i class=\"fal fa-map-marker-alt\"><\/i><\/div>\n\n\n\n<h3 class=\"wp-block-heading\">Expertos en audici\u00f3n cerca de usted <\/h3>\n\n\n\n<p>Los profesionales de la salud auditiva pueden ayudarle a tomar la decisi\u00f3n perfecta para usted. Tendr\u00e1n en cuenta sus necesidades auditivas, su presupuesto, su estilo de vida y sus preferencias auditivas individuales. <\/p>\n\n\n\n<div class=\"wp-block-buttons is-layout-flex wp-block-buttons-is-layout-flex\">\n<div class=\"wp-block-button is-style-marker-green\"><a class=\"wp-block-button__link wp-element-button\" href=\"https:\/\/intl.phonak.com\/es-do\/encontrar-un-experto\/\">Encontrar un experto<\/a><\/div>\n<\/div>\n<\/div><\/div>\n","protected":false},"excerpt":{"rendered":"<p>Conozca su aud\u00edfono El audi\u00f3logo le dar\u00e1 instrucciones detalladas: modo de insertarlo, c\u00f3mo usarlo y c\u00f3mo controlar el volumen. Tambi\u00e9n&#8230;<\/p>\n","protected":false},"author":5,"featured_media":0,"parent":0,"menu_order":0,"comment_status":"closed","ping_status":"closed","template":"","meta":{"_acf_changed":false,"inline_featured_image":false,"footnotes":""},"class_list":["post-264","page","type-page","status-publish","hentry"],"acf":[],"yoast_head":"<!-- This site is optimized with the Yoast SEO plugin v26.9 - https:\/\/yoast.com\/product\/yoast-seo-wordpress\/ -->\n<title>Ajuste de aud\u00edfonos - Phonak - Rep\u00fablica Dominicana<\/title>\n<meta name=\"robots\" content=\"index, follow, max-snippet:-1, max-image-preview:large, max-video-preview:-1\" \/>\n<link rel=\"canonical\" href=\"https:\/\/intl.phonak.com\/main-spanish\/hearing-loss\/personalizacion-de-audifonos\/\" \/>\n<meta property=\"og:locale\" content=\"es_ES\" \/>\n<meta property=\"og:type\" content=\"article\" \/>\n<meta property=\"og:title\" content=\"Ajuste de aud\u00edfonos - Phonak - Rep\u00fablica Dominicana\" \/>\n<meta property=\"og:description\" content=\"Conozca su aud\u00edfono El audi\u00f3logo le dar\u00e1 instrucciones detalladas: modo de insertarlo, c\u00f3mo usarlo y c\u00f3mo controlar el volumen. Tambi\u00e9n...\" \/>\n<meta property=\"og:url\" content=\"https:\/\/intl.phonak.com\/es-do\/personalizacion-de-audifonos\/\" \/>\n<meta property=\"og:site_name\" content=\"Phonak - Rep\u00fablica Dominicana\" \/>\n<meta property=\"article:modified_time\" content=\"2025-02-20T09:43:48+00:00\" \/>\n<meta property=\"og:image\" content=\"https:\/\/intl.phonak.com\/main-english\/wp-content\/uploads\/sites\/3\/2022\/03\/Banner-01.jpg\" \/>\n<meta name=\"twitter:card\" content=\"summary_large_image\" \/>\n<meta name=\"twitter:label1\" content=\"Est. reading time\" \/>\n\t<meta name=\"twitter:data1\" content=\"2 minutos\" \/>\n<script type=\"application\/ld+json\" class=\"yoast-schema-graph\">{\"@context\":\"https:\/\/schema.org\",\"@graph\":[{\"@type\":\"WebPage\",\"@id\":\"https:\/\/intl.phonak.com\/es-do\/perdida-de-la-audicion\/personalizacion-de-audifonos\/\",\"url\":\"https:\/\/intl.phonak.com\/es-do\/perdida-de-la-audicion\/personalizacion-de-audifonos\/\",\"name\":\"Ajuste de aud\u00edfonos - Phonak - Rep\u00fablica Dominicana\",\"isPartOf\":{\"@id\":\"https:\/\/intl.phonak.com\/es-do\/#website\"},\"primaryImageOfPage\":{\"@id\":\"https:\/\/intl.phonak.com\/es-do\/perdida-de-la-audicion\/personalizacion-de-audifonos\/#primaryimage\"},\"image\":{\"@id\":\"https:\/\/intl.phonak.com\/es-do\/perdida-de-la-audicion\/personalizacion-de-audifonos\/#primaryimage\"},\"thumbnailUrl\":\"https:\/\/intl.phonak.com\/es-do\/wp-content\/uploads\/sites\/3\/2022\/03\/Banner-01.jpg\",\"datePublished\":\"2021-11-30T14:36:50+00:00\",\"dateModified\":\"2025-02-20T09:43:48+00:00\",\"breadcrumb\":{\"@id\":\"https:\/\/intl.phonak.com\/es-do\/perdida-de-la-audicion\/personalizacion-de-audifonos\/#breadcrumb\"},\"inLanguage\":\"es\",\"potentialAction\":[{\"@type\":\"ReadAction\",\"target\":[\"https:\/\/intl.phonak.com\/es-do\/perdida-de-la-audicion\/personalizacion-de-audifonos\/\"]}]},{\"@type\":\"ImageObject\",\"inLanguage\":\"es\",\"@id\":\"https:\/\/intl.phonak.com\/es-do\/perdida-de-la-audicion\/personalizacion-de-audifonos\/#primaryimage\",\"url\":\"https:\/\/intl.phonak.com\/es-do\/wp-content\/uploads\/sites\/3\/2022\/03\/Banner-01.jpg\",\"contentUrl\":\"https:\/\/intl.phonak.com\/es-do\/wp-content\/uploads\/sites\/3\/2022\/03\/Banner-01.jpg\"},{\"@type\":\"BreadcrumbList\",\"@id\":\"https:\/\/intl.phonak.com\/es-do\/perdida-de-la-audicion\/personalizacion-de-audifonos\/#breadcrumb\",\"itemListElement\":[{\"@type\":\"ListItem\",\"position\":1,\"name\":\"Home\",\"item\":\"https:\/\/intl.phonak.com\/es-do\/\"},{\"@type\":\"ListItem\",\"position\":2,\"name\":\"Ajuste de aud\u00edfonos\"}]},{\"@type\":\"WebSite\",\"@id\":\"https:\/\/intl.phonak.com\/es-do\/#website\",\"url\":\"https:\/\/intl.phonak.com\/es-do\/\",\"name\":\"Phonak - Rep\u00fablica Dominicana\",\"description\":\"Comprometidos con el cambio de vidas\",\"potentialAction\":[{\"@type\":\"SearchAction\",\"target\":{\"@type\":\"EntryPoint\",\"urlTemplate\":\"https:\/\/intl.phonak.com\/es-do\/?s={search_term_string}\"},\"query-input\":{\"@type\":\"PropertyValueSpecification\",\"valueRequired\":true,\"valueName\":\"search_term_string\"}}],\"inLanguage\":\"es\"}]}<\/script>\n<!-- \/ Yoast SEO plugin. -->","yoast_head_json":{"title":"Ajuste de aud\u00edfonos - Phonak - Rep\u00fablica Dominicana","robots":{"index":"index","follow":"follow","max-snippet":"max-snippet:-1","max-image-preview":"max-image-preview:large","max-video-preview":"max-video-preview:-1"},"canonical":"https:\/\/intl.phonak.com\/main-spanish\/hearing-loss\/personalizacion-de-audifonos\/","og_locale":"es_ES","og_type":"article","og_title":"Ajuste de aud\u00edfonos - Phonak - Rep\u00fablica Dominicana","og_description":"Conozca su aud\u00edfono El audi\u00f3logo le dar\u00e1 instrucciones detalladas: modo de insertarlo, c\u00f3mo usarlo y c\u00f3mo controlar el volumen. Tambi\u00e9n...","og_url":"https:\/\/intl.phonak.com\/es-do\/personalizacion-de-audifonos\/","og_site_name":"Phonak - Rep\u00fablica Dominicana","article_modified_time":"2025-02-20T09:43:48+00:00","og_image":[{"url":"https:\/\/intl.phonak.com\/main-english\/wp-content\/uploads\/sites\/3\/2022\/03\/Banner-01.jpg","type":"","width":"","height":""}],"twitter_card":"summary_large_image","twitter_misc":{"Est. reading time":"2 minutos"},"schema":{"@context":"https:\/\/schema.org","@graph":[{"@type":"WebPage","@id":"https:\/\/intl.phonak.com\/es-do\/perdida-de-la-audicion\/personalizacion-de-audifonos\/","url":"https:\/\/intl.phonak.com\/es-do\/perdida-de-la-audicion\/personalizacion-de-audifonos\/","name":"Ajuste de aud\u00edfonos - Phonak - Rep\u00fablica Dominicana","isPartOf":{"@id":"https:\/\/intl.phonak.com\/es-do\/#website"},"primaryImageOfPage":{"@id":"https:\/\/intl.phonak.com\/es-do\/perdida-de-la-audicion\/personalizacion-de-audifonos\/#primaryimage"},"image":{"@id":"https:\/\/intl.phonak.com\/es-do\/perdida-de-la-audicion\/personalizacion-de-audifonos\/#primaryimage"},"thumbnailUrl":"https:\/\/intl.phonak.com\/es-do\/wp-content\/uploads\/sites\/3\/2022\/03\/Banner-01.jpg","datePublished":"2021-11-30T14:36:50+00:00","dateModified":"2025-02-20T09:43:48+00:00","breadcrumb":{"@id":"https:\/\/intl.phonak.com\/es-do\/perdida-de-la-audicion\/personalizacion-de-audifonos\/#breadcrumb"},"inLanguage":"es","potentialAction":[{"@type":"ReadAction","target":["https:\/\/intl.phonak.com\/es-do\/perdida-de-la-audicion\/personalizacion-de-audifonos\/"]}]},{"@type":"ImageObject","inLanguage":"es","@id":"https:\/\/intl.phonak.com\/es-do\/perdida-de-la-audicion\/personalizacion-de-audifonos\/#primaryimage","url":"https:\/\/intl.phonak.com\/es-do\/wp-content\/uploads\/sites\/3\/2022\/03\/Banner-01.jpg","contentUrl":"https:\/\/intl.phonak.com\/es-do\/wp-content\/uploads\/sites\/3\/2022\/03\/Banner-01.jpg"},{"@type":"BreadcrumbList","@id":"https:\/\/intl.phonak.com\/es-do\/perdida-de-la-audicion\/personalizacion-de-audifonos\/#breadcrumb","itemListElement":[{"@type":"ListItem","position":1,"name":"Home","item":"https:\/\/intl.phonak.com\/es-do\/"},{"@type":"ListItem","position":2,"name":"Ajuste de aud\u00edfonos"}]},{"@type":"WebSite","@id":"https:\/\/intl.phonak.com\/es-do\/#website","url":"https:\/\/intl.phonak.com\/es-do\/","name":"Phonak - Rep\u00fablica Dominicana","description":"Comprometidos con el cambio de vidas","potentialAction":[{"@type":"SearchAction","target":{"@type":"EntryPoint","urlTemplate":"https:\/\/intl.phonak.com\/es-do\/?s={search_term_string}"},"query-input":{"@type":"PropertyValueSpecification","valueRequired":true,"valueName":"search_term_string"}}],"inLanguage":"es"}]}},"jetpack_sharing_enabled":true,"distributor_meta":false,"distributor_terms":false,"distributor_media":false,"distributor_original_site_name":"Phonak - Rep\u00fablica Dominicana","distributor_original_site_url":"https:\/\/intl.phonak.com\/es-do","push-errors":false,"_links":{"self":[{"href":"https:\/\/intl.phonak.com\/es-do\/wp-json\/wp\/v2\/pages\/264","targetHints":{"allow":["GET"]}}],"collection":[{"href":"https:\/\/intl.phonak.com\/es-do\/wp-json\/wp\/v2\/pages"}],"about":[{"href":"https:\/\/intl.phonak.com\/es-do\/wp-json\/wp\/v2\/types\/page"}],"author":[{"embeddable":true,"href":"https:\/\/intl.phonak.com\/es-do\/wp-json\/wp\/v2\/users\/5"}],"replies":[{"embeddable":true,"href":"https:\/\/intl.phonak.com\/es-do\/wp-json\/wp\/v2\/comments?post=264"}],"version-history":[{"count":15,"href":"https:\/\/intl.phonak.com\/es-do\/wp-json\/wp\/v2\/pages\/264\/revisions"}],"predecessor-version":[{"id":1022,"href":"https:\/\/intl.phonak.com\/es-do\/wp-json\/wp\/v2\/pages\/264\/revisions\/1022"}],"wp:attachment":[{"href":"https:\/\/intl.phonak.com\/es-do\/wp-json\/wp\/v2\/media?parent=264"}],"curies":[{"name":"wp","href":"https:\/\/api.w.org\/{rel}","templated":true}]}}