{"id":245,"date":"2022-03-07T11:51:55","date_gmt":"2022-03-07T11:51:55","guid":{"rendered":"https:\/\/intl.phonak.com\/es-do\/centro-pediatrico\/"},"modified":"2024-05-29T20:11:14","modified_gmt":"2024-05-29T20:11:14","slug":"centro-pediatrico","status":"publish","type":"page","link":"https:\/\/intl.phonak.com\/es-do\/centro-pediatrico\/","title":{"rendered":"Centro Pedi\u00e1trico"},"content":{"rendered":"\n<div class=\"wp-block-cover alignfull is-light\"><span aria-hidden=\"true\" class=\"wp-block-cover__background has-white-background-color has-background-dim-60 has-background-dim\"><\/span><img decoding=\"async\" class=\"wp-block-cover__image-background wp-image-5374\" alt=\"\" src=\"https:\/\/intl.phonak.com\/main-english\/wp-content\/uploads\/sites\/3\/2022\/03\/Banner-Ped-center.jpg\" style=\"object-position:45% 65%\" data-object-fit=\"cover\" data-object-position=\"45% 65%\" \/><div class=\"wp-block-cover__inner-container is-layout-flow wp-block-cover-is-layout-flow\">\n<h1 class=\"wp-block-heading has-text-align-center has-dark-grey-color has-text-color\" id=\"discover-your-child-s-hearing\">Descubra la audici\u00f3n de su hijo<\/h1>   \n<p class=\"has-text-align-center has-dark-grey-color has-text-color has-lead-font-size\">Soluciones auditivas pedi\u00e1tricas para todas las edades<\/p> <\/div><\/div>   \n<figure class=\"wp-block-image aligncenter size-full is-resized\"><img decoding=\"async\" src=\"https:\/\/intl.phonak.com\/main-english\/wp-content\/uploads\/sites\/3\/2022\/03\/Secondary_Logo_Inter_Approved_Pediatric_Hearing_Center.png\" alt=\"\" class=\"wp-image-5429\" style=\"width:411px;height:136px\" \/><\/figure>   \n<div style=\"height:62px\" aria-hidden=\"true\" class=\"wp-block-spacer\"><\/div>   \n<p class=\"has-text-align-center is-style-default\">Un centro auditivo pedi\u00e1trico aprobado por Phonak International es una certificaci\u00f3n internacional que se otorga a los centros l\u00edderes que cumplen con los siguientes requisitos: infraestructura ajustada a los ni\u00f1os y sus necesidades, equipos especializados de medici\u00f3n y diagn\u00f3stico y, por supuesto, especialistas en audici\u00f3n pedi\u00e1trica dedicados y calificados para atender las necesidades de su hijo y de usted como padre.<\/p>   \n<div style=\"height:63px\" aria-hidden=\"true\" class=\"wp-block-spacer\"><\/div>   \n<h2 class=\"wp-block-heading has-text-align-center has-dark-grey-color has-text-color\">Nuestros centros auditivos pedi\u00e1tricos aprobados<\/h2>   \n<div style=\"height:54px\" aria-hidden=\"true\" class=\"wp-block-spacer\"><\/div>   <div class=\"wp-block-columns is-layout-flex wp-container-core-columns-is-layout-9d6595d7 wp-block-columns-is-layout-flex\">\n<div class=\"wp-block-column is-layout-flow wp-block-column-is-layout-flow\">\n<figure class=\"wp-block-image aligncenter size-large is-resized\"><img decoding=\"async\" src=\"https:\/\/intl.phonak.com\/main-english\/wp-content\/uploads\/sites\/3\/2022\/03\/Ped-center-Phonak-logo.jpg?w=391\" alt=\"\" class=\"wp-image-5478\" style=\"width:298px;height:155px\" \/><\/figure> <\/div>   <div class=\"wp-block-column is-layout-flow wp-block-column-is-layout-flow\">\n<h4 class=\"wp-block-heading has-text-align-center\">Centro Auditivo<\/h4>   \n<p class=\"has-text-align-center\">Direcci\u00f3n 1, 111 00 Ciudad<br>+00 000 00 00 00<br>welcome@hearing.com<br>www.phonak.com<\/p> <\/div>   <div class=\"wp-block-column is-layout-flow wp-block-column-is-layout-flow\">\n<figure class=\"wp-block-image aligncenter size-large is-resized\"><img decoding=\"async\" src=\"https:\/\/intl.phonak.com\/main-english\/wp-content\/uploads\/sites\/3\/2023\/04\/Approved-icon_no-text.png?w=591\" alt=\"\" class=\"wp-image-6632\" style=\"width:-5px;height:-5px\" \/><\/figure> <\/div> <\/div>   \n<div style=\"height:66px\" aria-hidden=\"true\" class=\"wp-block-spacer\"><\/div>   <div class=\"wp-block-columns is-layout-flex wp-container-core-columns-is-layout-9d6595d7 wp-block-columns-is-layout-flex\">\n<div class=\"wp-block-column is-layout-flow wp-block-column-is-layout-flow\">\n<figure class=\"wp-block-image aligncenter size-large is-resized\"><img decoding=\"async\" src=\"https:\/\/intl.phonak.com\/main-english\/wp-content\/uploads\/sites\/3\/2022\/03\/Ped-center-Phonak-logo.jpg?w=391\" alt=\"\" class=\"wp-image-5478\" style=\"width:290px;height:149px\" \/><\/figure> <\/div>   <div class=\"wp-block-column is-layout-flow wp-block-column-is-layout-flow\">\n<h4 class=\"wp-block-heading has-text-align-center\">Centro Auditivo<\/h4>   \n<p class=\"has-text-align-center\">Direcci\u00f3n 1, 111 00 Ciudad<br>+00 000 00 00 00<br>welcome@hearing.com<br>www.phonak.com<\/p> <\/div>   <div class=\"wp-block-column is-layout-flow wp-block-column-is-layout-flow\">\n<figure class=\"wp-block-image aligncenter size-full is-resized\"><img decoding=\"async\" src=\"https:\/\/intl.phonak.com\/main-english\/wp-content\/uploads\/sites\/3\/2023\/04\/Approved-icon_no-text.png\" alt=\"\" class=\"wp-image-6632\" style=\"width:-19px;height:-19px\" \/><\/figure> <\/div> <\/div>   \n<div style=\"height:32px\" aria-hidden=\"true\" class=\"wp-block-spacer\"><\/div>   \n<h3 class=\"wp-block-heading has-text-align-center has-blue-color has-text-color\">Visitar un centro auditivo pedi\u00e1trico aprobado por primera vez<\/h3>   \n<p class=\"has-text-align-center\">Todos los centros auditivos pedi\u00e1tricos aprobados brindan servicios de alta calidad, que incluyen:<\/p>   \n<div style=\"height:55px\" aria-hidden=\"true\" class=\"wp-block-spacer\"><\/div>   <div class=\"wp-block-columns is-layout-flex wp-container-core-columns-is-layout-9d6595d7 wp-block-columns-is-layout-flex\">\n<div class=\"wp-block-column is-layout-flow wp-block-column-is-layout-flow\">\n<h5 class=\"wp-block-heading has-text-align-center has-blue-color has-text-color\">Asesoramiento sobre la capacidad auditiva de los ni\u00f1os<\/h5>   \n<p class=\"has-text-align-center\">Nuestros audi\u00f3logos son expertos en el cuidado de la audici\u00f3n pedi\u00e1trica. <\/p> <\/div>   <div class=\"wp-block-column is-layout-flow wp-block-column-is-layout-flow\">\n<h5 class=\"wp-block-heading has-text-align-center has-blue-color has-text-color\">Pruebas de audici\u00f3n hechas para ni\u00f1os<\/h5>   \n<p class=\"has-text-align-center\">Utilizamos pruebas de audici\u00f3n y m\u00e9todos desarrollados espec\u00edficamente para ni\u00f1os.<\/p> <\/div>   <div class=\"wp-block-column is-layout-flow wp-block-column-is-layout-flow\">\n<h5 class=\"wp-block-heading has-text-align-center has-blue-color has-text-color\">Selecci\u00f3n de aud\u00edfonos y accesorios<\/h5>   \n<p class=\"has-text-align-center\">Nuestros expertos le asesorar\u00e1n sobre qu\u00e9 tipos de aud\u00edfonos y accesorios son los m\u00e1s adecuados para su hijo.<\/p> <\/div> <\/div>   \n<div style=\"height:61px\" aria-hidden=\"true\" class=\"wp-block-spacer\"><\/div>   <div class=\"wp-block-columns is-layout-flex wp-container-core-columns-is-layout-9d6595d7 wp-block-columns-is-layout-flex\">\n<div class=\"wp-block-column is-layout-flow wp-block-column-is-layout-flow\">\n<h5 class=\"wp-block-heading has-text-align-center has-blue-color has-text-color\">Asesoramiento en materia de asistencia educativa y financiera<\/h5>   \n<p class=\"has-text-align-center\">Podemos ofrecer orientaci\u00f3n y asesoramiento sobre asistencia educativa y financiera para aud\u00edfonos y accesorios.<\/p> <\/div>   <div class=\"wp-block-column is-layout-flow wp-block-column-is-layout-flow\">\n<h5 class=\"wp-block-heading has-text-align-center has-blue-color has-text-color\">Consejos pr\u00e1cticos de comunicaci\u00f3n <br><\/h5>   \n<p class=\"has-text-align-center\">P\u00eddale a su audi\u00f3logo consejos pr\u00e1cticos sobre c\u00f3mo mejorar el habla de su hijo.<\/p> <\/div>   <div class=\"wp-block-column is-layout-flow wp-block-column-is-layout-flow\">\n<h5 class=\"wp-block-heading has-text-align-center has-blue-color has-text-color\">Monitoreo regular<br><\/h5>   \n<p class=\"has-text-align-center\">Dado que los ni\u00f1os est\u00e1n creciendo continuamente, es importante realizar controles auditivos regulares. Su audi\u00f3logo le dir\u00e1 m\u00e1s.<\/p> <\/div> <\/div>   \n<div style=\"height:71px\" aria-hidden=\"true\" class=\"wp-block-spacer\"><\/div>   \n<div class=\"wp-block-group alignfull is-style-default has-light-grey-background-color has-background is-layout-flow wp-block-group-is-layout-flow\">\n\t<div class=\"wp-block-pho-product-selection \">\n\t\t<div class=\"grid-x grid-padding-x grid-padding-y\">\n\n\t\t\t\t\t\t\t<div class=\"cell\">\n\t\t\t\t\t<h2 class=\"text-center\">Descubra las soluciones auditivas pedi\u00e1tricas<\/h2>\n\t\t\t\t<\/div>\n\t\t\t\t\n\t\t\t\t<div class=\"cell medium-6 large-4 flex-container\">\n\t\t\t\t\t\n<article id=\"post-20\" class=\"product-card post-20 pho_products type-pho_products status-publish has-post-thumbnail hentry pho_product_type-ninos-y-adolescentes pho_product_type-potencia pho_product_category-pediatrico pho_product_platforms-lumity\">\n\t\t<a class=\"flex-container flex-dir-column align-justify align-top\" href=\"https:\/\/intl.phonak.com\/es-do\/producto\/phonak-sky-lumity\/\">\n\t\t<div class=\"product-card-content-wrapper\">\n\t\t\t\n\t\t\t\t<div class=\"product-image-wrapper\">\n\t\t\t\t\t<img loading=\"lazy\" decoding=\"async\" width=\"600\" height=\"600\" src=\"https:\/\/intl.phonak.com\/es-do\/wp-content\/uploads\/sites\/44\/2023\/10\/PH_Packshot_Love-Sky-L-Hook_M8-1-1.png?w=600\" class=\"attachment-post-thumbnail size-post-thumbnail wp-post-image\" alt=\"Phonak Sky Lumity\" srcset=\"https:\/\/intl.phonak.com\/es-do\/wp-content\/uploads\/sites\/44\/2023\/10\/PH_Packshot_Love-Sky-L-Hook_M8-1-1.png 600w, https:\/\/intl.phonak.com\/es-do\/wp-content\/uploads\/sites\/44\/2023\/10\/PH_Packshot_Love-Sky-L-Hook_M8-1-1.png?resize=150,150 150w, https:\/\/intl.phonak.com\/es-do\/wp-content\/uploads\/sites\/44\/2023\/10\/PH_Packshot_Love-Sky-L-Hook_M8-1-1.png?resize=300,300 300w\" sizes=\"auto, (max-width: 600px) 100vw, 600px\" \/>\t\t\t\t<\/div>\n\n\t\t\t\t<h3 class=\"entry-title\">Phonak Sky\u2122 Lumity<\/h3><p>La opci\u00f3n pedi\u00e1trica, equipada con la tecnolog\u00eda Lumity m\u00e1s reciente. Cuenta con una amplia gama de combinaciones de color pedi\u00e1tricas para que los ni\u00f1os puedan aceptar su singularidad.<\/p>\n\t\t<\/div>\n\t\t<div class=\"wp-block-button\">\n\t\t\t<div class=\"wp-block-button__link\">Leer m\u00e1s<\/div>\n\t\t<\/div>\n\t<\/a>\n<\/article><!-- #post-20 -->\n\t\t\t\t<\/div>\n\n\t\t\t\t\n\t\t\t\t<div class=\"cell medium-6 large-4 flex-container\">\n\t\t\t\t\t\n<article id=\"post-38\" class=\"product-card post-38 pho_products type-pho_products status-publish has-post-thumbnail hentry pho_product_type-bimodal pho_product_type-ninos-y-adolescentes pho_product_type-potencia pho_product_category-audifonos pho_product_category-pediatrico pho_product_platforms-marvel\">\n\t\t<a class=\"flex-container flex-dir-column align-justify align-top\" href=\"https:\/\/intl.phonak.com\/es-do\/producto\/phonak-sky-link-m\/\">\n\t\t<div class=\"product-card-content-wrapper\">\n\t\t\t\n\t\t\t\t<div class=\"product-image-wrapper\">\n\t\t\t\t\t<img loading=\"lazy\" decoding=\"async\" width=\"1024\" height=\"1024\" src=\"https:\/\/intl.phonak.com\/es-do\/wp-content\/uploads\/sites\/44\/2022\/02\/PH_Packshot_Love_Sky_Link_M_Hook_R2_050-0802-Q3-e1654235126717.png?w=1024\" class=\"attachment-post-thumbnail size-post-thumbnail wp-post-image\" alt=\"Phonak Sky Link M pair\" srcset=\"https:\/\/intl.phonak.com\/es-do\/wp-content\/uploads\/sites\/44\/2022\/02\/PH_Packshot_Love_Sky_Link_M_Hook_R2_050-0802-Q3-e1654235126717.png 1200w, https:\/\/intl.phonak.com\/es-do\/wp-content\/uploads\/sites\/44\/2022\/02\/PH_Packshot_Love_Sky_Link_M_Hook_R2_050-0802-Q3-e1654235126717.png?resize=150,150 150w, https:\/\/intl.phonak.com\/es-do\/wp-content\/uploads\/sites\/44\/2022\/02\/PH_Packshot_Love_Sky_Link_M_Hook_R2_050-0802-Q3-e1654235126717.png?resize=300,300 300w, https:\/\/intl.phonak.com\/es-do\/wp-content\/uploads\/sites\/44\/2022\/02\/PH_Packshot_Love_Sky_Link_M_Hook_R2_050-0802-Q3-e1654235126717.png?resize=768,768 768w, https:\/\/intl.phonak.com\/es-do\/wp-content\/uploads\/sites\/44\/2022\/02\/PH_Packshot_Love_Sky_Link_M_Hook_R2_050-0802-Q3-e1654235126717.png?resize=1024,1024 1024w\" sizes=\"auto, (max-width: 1024px) 100vw, 1024px\" \/>\t\t\t\t<\/div>\n\n\t\t\t\t<h3 class=\"entry-title\">Phonak Sky\u2122 Link M<\/h3><p>Sky\u2122 Link M se puede combinar con un procesador de sonido pedi\u00e1trico Advanced Bionics (AB), lo que lo convierte en una soluci\u00f3n verdaderamente bimodal.<\/p>\n\t\t<\/div>\n\t\t<div class=\"wp-block-button\">\n\t\t\t<div class=\"wp-block-button__link\">Leer m\u00e1s<\/div>\n\t\t<\/div>\n\t<\/a>\n<\/article><!-- #post-38 -->\n\t\t\t\t<\/div>\n\n\t\t\t\t\n\t\t\t\t<div class=\"cell medium-6 large-4 flex-container\">\n\t\t\t\t\t\n<article id=\"post-76\" class=\"product-card post-76 pho_products type-pho_products status-publish has-post-thumbnail hentry pho_product_type-roger pho_product_category-microfonos-roger pho_product_platforms-roger\">\n\t\t<a class=\"flex-container flex-dir-column align-justify align-top\" href=\"https:\/\/intl.phonak.com\/es-do\/producto\/roger-on\/\">\n\t\t<div class=\"product-card-content-wrapper\">\n\t\t\t\n\t\t\t\t<div class=\"product-image-wrapper\">\n\t\t\t\t\t<img loading=\"lazy\" decoding=\"async\" width=\"600\" height=\"600\" src=\"https:\/\/intl.phonak.com\/es-do\/wp-content\/uploads\/sites\/44\/2021\/11\/PH_Packshot_Roger_On_front_perspective_056-3010-P7-2.png?w=600\" class=\"attachment-post-thumbnail size-post-thumbnail wp-post-image\" alt=\"Roger On\" srcset=\"https:\/\/intl.phonak.com\/es-do\/wp-content\/uploads\/sites\/44\/2021\/11\/PH_Packshot_Roger_On_front_perspective_056-3010-P7-2.png 600w, https:\/\/intl.phonak.com\/es-do\/wp-content\/uploads\/sites\/44\/2021\/11\/PH_Packshot_Roger_On_front_perspective_056-3010-P7-2.png?resize=150,150 150w, https:\/\/intl.phonak.com\/es-do\/wp-content\/uploads\/sites\/44\/2021\/11\/PH_Packshot_Roger_On_front_perspective_056-3010-P7-2.png?resize=300,300 300w\" sizes=\"auto, (max-width: 600px) 100vw, 600px\" \/>\t\t\t\t<\/div>\n\n\t\t\t\t<h3 class=\"entry-title\">Roger On\u2122<\/h3><p>Micr\u00f3fono vers\u00e1til dise\u00f1ado para que las conversaciones sean m\u00e1s n\u00edtidas en ambientes sonoros dif\u00edciles y en constante cambio. Ofrece sonido est\u00e9reo y reconoce la direcci\u00f3n de la que proceden los sonidos.<\/p>\n\t\t<\/div>\n\t\t<div class=\"wp-block-button\">\n\t\t\t<div class=\"wp-block-button__link\">Leer m\u00e1s<\/div>\n\t\t<\/div>\n\t<\/a>\n<\/article><!-- #post-76 -->\n\t\t\t\t<\/div>\n\n\t\t\t\t\n\t\t<\/div>\n\t<\/div>\n\n\t<\/div>   <div style=\"height:100px\" aria-hidden=\"true\" class=\"wp-block-spacer\"><\/div>   \n<div class=\"wp-block-media-text is-stacked-on-mobile cta-block\" style=\"grid-template-columns:35% auto\"><figure class=\"wp-block-media-text__media\"><img decoding=\"async\" src=\"https:\/\/intl.phonak.com\/main-english\/wp-content\/uploads\/sites\/3\/2021\/11\/cta-image.jpg?w=401\" alt=\"\" class=\"wp-image-6738 size-full\"\/><\/figure><div class=\"wp-block-media-text__content\">\n<div class=\"wp-block-create-block-icon-selector\"><i class=\"fal fa-map-marker-alt\"><\/i><\/div>\n\n\n\n<h3 class=\"wp-block-heading\">Expertos en audici\u00f3n cerca de usted <\/h3>\n\n\n\n<p>Los profesionales de la salud auditiva pueden ayudarle a tomar la decisi\u00f3n perfecta para usted. Tendr\u00e1n en cuenta sus necesidades auditivas, su presupuesto, su estilo de vida y sus preferencias auditivas individuales. <\/p>\n\n\n\n<div class=\"wp-block-buttons is-layout-flex wp-block-buttons-is-layout-flex\">\n<div class=\"wp-block-button is-style-marker-green\"><a class=\"wp-block-button__link wp-element-button\" href=\"https:\/\/intl.phonak.com\/es-do\/encontrar-un-experto\/\">Encontrar un experto<\/a><\/div>\n<\/div>\n<\/div><\/div>\n","protected":false},"excerpt":{"rendered":"<p>Un centro auditivo pedi\u00e1trico aprobado por Phonak International es una certificaci\u00f3n internacional que se otorga a los centros l\u00edderes que&#8230;<\/p>\n","protected":false},"author":14,"featured_media":0,"parent":0,"menu_order":0,"comment_status":"closed","ping_status":"closed","template":"","meta":{"_acf_changed":false,"inline_featured_image":false,"footnotes":""},"class_list":["post-245","page","type-page","status-publish","hentry"],"acf":[],"yoast_head":"<!-- This site is optimized with the Yoast SEO plugin v26.9 - https:\/\/yoast.com\/product\/yoast-seo-wordpress\/ -->\n<title>Centro Pedi\u00e1trico - Phonak - Rep\u00fablica Dominicana<\/title>\n<meta name=\"robots\" content=\"index, follow, max-snippet:-1, max-image-preview:large, max-video-preview:-1\" \/>\n<link rel=\"canonical\" href=\"https:\/\/intl.phonak.com\/main-spanish\/centro-pediatrico\/\" \/>\n<meta property=\"og:locale\" content=\"es_ES\" \/>\n<meta property=\"og:type\" content=\"article\" \/>\n<meta property=\"og:title\" content=\"Centro Pedi\u00e1trico - Phonak - Rep\u00fablica Dominicana\" \/>\n<meta property=\"og:description\" content=\"Un centro auditivo pedi\u00e1trico aprobado por Phonak International es una certificaci\u00f3n internacional que se otorga a los centros l\u00edderes que...\" \/>\n<meta property=\"og:url\" content=\"https:\/\/intl.phonak.com\/es-do\/centro-pediatrico\/\" \/>\n<meta property=\"og:site_name\" content=\"Phonak - Rep\u00fablica Dominicana\" \/>\n<meta property=\"article:modified_time\" content=\"2024-05-29T20:11:14+00:00\" \/>\n<meta property=\"og:image\" content=\"https:\/\/intl.phonak.com\/main-english\/wp-content\/uploads\/sites\/3\/2022\/03\/Banner-Ped-center.jpg\" \/>\n<meta name=\"twitter:card\" content=\"summary_large_image\" \/>\n<meta name=\"twitter:label1\" content=\"Est. reading time\" \/>\n\t<meta name=\"twitter:data1\" content=\"3 minutos\" \/>\n<script type=\"application\/ld+json\" class=\"yoast-schema-graph\">{\"@context\":\"https:\/\/schema.org\",\"@graph\":[{\"@type\":\"WebPage\",\"@id\":\"https:\/\/intl.phonak.com\/es-do\/centro-pediatrico\/\",\"url\":\"https:\/\/intl.phonak.com\/es-do\/centro-pediatrico\/\",\"name\":\"Centro Pedi\u00e1trico - Phonak - Rep\u00fablica Dominicana\",\"isPartOf\":{\"@id\":\"https:\/\/intl.phonak.com\/es-do\/#website\"},\"primaryImageOfPage\":{\"@id\":\"https:\/\/intl.phonak.com\/es-do\/centro-pediatrico\/#primaryimage\"},\"image\":{\"@id\":\"https:\/\/intl.phonak.com\/es-do\/centro-pediatrico\/#primaryimage\"},\"thumbnailUrl\":\"https:\/\/intl.phonak.com\/main-english\/wp-content\/uploads\/sites\/3\/2022\/03\/Banner-Ped-center.jpg\",\"datePublished\":\"2022-03-07T11:51:55+00:00\",\"dateModified\":\"2024-05-29T20:11:14+00:00\",\"breadcrumb\":{\"@id\":\"https:\/\/intl.phonak.com\/es-do\/centro-pediatrico\/#breadcrumb\"},\"inLanguage\":\"es\",\"potentialAction\":[{\"@type\":\"ReadAction\",\"target\":[\"https:\/\/intl.phonak.com\/es-do\/centro-pediatrico\/\"]}]},{\"@type\":\"ImageObject\",\"inLanguage\":\"es\",\"@id\":\"https:\/\/intl.phonak.com\/es-do\/centro-pediatrico\/#primaryimage\",\"url\":\"https:\/\/intl.phonak.com\/main-english\/wp-content\/uploads\/sites\/3\/2022\/03\/Banner-Ped-center.jpg\",\"contentUrl\":\"https:\/\/intl.phonak.com\/main-english\/wp-content\/uploads\/sites\/3\/2022\/03\/Banner-Ped-center.jpg\"},{\"@type\":\"BreadcrumbList\",\"@id\":\"https:\/\/intl.phonak.com\/es-do\/centro-pediatrico\/#breadcrumb\",\"itemListElement\":[{\"@type\":\"ListItem\",\"position\":1,\"name\":\"Home\",\"item\":\"https:\/\/intl.phonak.com\/es-do\/\"},{\"@type\":\"ListItem\",\"position\":2,\"name\":\"Centro Pedi\u00e1trico\"}]},{\"@type\":\"WebSite\",\"@id\":\"https:\/\/intl.phonak.com\/es-do\/#website\",\"url\":\"https:\/\/intl.phonak.com\/es-do\/\",\"name\":\"Phonak - Rep\u00fablica Dominicana\",\"description\":\"Comprometidos con el cambio de vidas\",\"potentialAction\":[{\"@type\":\"SearchAction\",\"target\":{\"@type\":\"EntryPoint\",\"urlTemplate\":\"https:\/\/intl.phonak.com\/es-do\/?s={search_term_string}\"},\"query-input\":{\"@type\":\"PropertyValueSpecification\",\"valueRequired\":true,\"valueName\":\"search_term_string\"}}],\"inLanguage\":\"es\"}]}<\/script>\n<!-- \/ Yoast SEO plugin. -->","yoast_head_json":{"title":"Centro Pedi\u00e1trico - Phonak - Rep\u00fablica Dominicana","robots":{"index":"index","follow":"follow","max-snippet":"max-snippet:-1","max-image-preview":"max-image-preview:large","max-video-preview":"max-video-preview:-1"},"canonical":"https:\/\/intl.phonak.com\/main-spanish\/centro-pediatrico\/","og_locale":"es_ES","og_type":"article","og_title":"Centro Pedi\u00e1trico - Phonak - Rep\u00fablica Dominicana","og_description":"Un centro auditivo pedi\u00e1trico aprobado por Phonak International es una certificaci\u00f3n internacional que se otorga a los centros l\u00edderes que...","og_url":"https:\/\/intl.phonak.com\/es-do\/centro-pediatrico\/","og_site_name":"Phonak - Rep\u00fablica Dominicana","article_modified_time":"2024-05-29T20:11:14+00:00","og_image":[{"url":"https:\/\/intl.phonak.com\/main-english\/wp-content\/uploads\/sites\/3\/2022\/03\/Banner-Ped-center.jpg","type":"","width":"","height":""}],"twitter_card":"summary_large_image","twitter_misc":{"Est. reading time":"3 minutos"},"schema":{"@context":"https:\/\/schema.org","@graph":[{"@type":"WebPage","@id":"https:\/\/intl.phonak.com\/es-do\/centro-pediatrico\/","url":"https:\/\/intl.phonak.com\/es-do\/centro-pediatrico\/","name":"Centro Pedi\u00e1trico - Phonak - Rep\u00fablica Dominicana","isPartOf":{"@id":"https:\/\/intl.phonak.com\/es-do\/#website"},"primaryImageOfPage":{"@id":"https:\/\/intl.phonak.com\/es-do\/centro-pediatrico\/#primaryimage"},"image":{"@id":"https:\/\/intl.phonak.com\/es-do\/centro-pediatrico\/#primaryimage"},"thumbnailUrl":"https:\/\/intl.phonak.com\/main-english\/wp-content\/uploads\/sites\/3\/2022\/03\/Banner-Ped-center.jpg","datePublished":"2022-03-07T11:51:55+00:00","dateModified":"2024-05-29T20:11:14+00:00","breadcrumb":{"@id":"https:\/\/intl.phonak.com\/es-do\/centro-pediatrico\/#breadcrumb"},"inLanguage":"es","potentialAction":[{"@type":"ReadAction","target":["https:\/\/intl.phonak.com\/es-do\/centro-pediatrico\/"]}]},{"@type":"ImageObject","inLanguage":"es","@id":"https:\/\/intl.phonak.com\/es-do\/centro-pediatrico\/#primaryimage","url":"https:\/\/intl.phonak.com\/main-english\/wp-content\/uploads\/sites\/3\/2022\/03\/Banner-Ped-center.jpg","contentUrl":"https:\/\/intl.phonak.com\/main-english\/wp-content\/uploads\/sites\/3\/2022\/03\/Banner-Ped-center.jpg"},{"@type":"BreadcrumbList","@id":"https:\/\/intl.phonak.com\/es-do\/centro-pediatrico\/#breadcrumb","itemListElement":[{"@type":"ListItem","position":1,"name":"Home","item":"https:\/\/intl.phonak.com\/es-do\/"},{"@type":"ListItem","position":2,"name":"Centro Pedi\u00e1trico"}]},{"@type":"WebSite","@id":"https:\/\/intl.phonak.com\/es-do\/#website","url":"https:\/\/intl.phonak.com\/es-do\/","name":"Phonak - Rep\u00fablica Dominicana","description":"Comprometidos con el cambio de vidas","potentialAction":[{"@type":"SearchAction","target":{"@type":"EntryPoint","urlTemplate":"https:\/\/intl.phonak.com\/es-do\/?s={search_term_string}"},"query-input":{"@type":"PropertyValueSpecification","valueRequired":true,"valueName":"search_term_string"}}],"inLanguage":"es"}]}},"jetpack_sharing_enabled":true,"distributor_meta":false,"distributor_terms":false,"distributor_media":false,"distributor_original_site_name":"Phonak - Rep\u00fablica Dominicana","distributor_original_site_url":"https:\/\/intl.phonak.com\/es-do","push-errors":false,"_links":{"self":[{"href":"https:\/\/intl.phonak.com\/es-do\/wp-json\/wp\/v2\/pages\/245","targetHints":{"allow":["GET"]}}],"collection":[{"href":"https:\/\/intl.phonak.com\/es-do\/wp-json\/wp\/v2\/pages"}],"about":[{"href":"https:\/\/intl.phonak.com\/es-do\/wp-json\/wp\/v2\/types\/page"}],"author":[{"embeddable":true,"href":"https:\/\/intl.phonak.com\/es-do\/wp-json\/wp\/v2\/users\/14"}],"replies":[{"embeddable":true,"href":"https:\/\/intl.phonak.com\/es-do\/wp-json\/wp\/v2\/comments?post=245"}],"version-history":[{"count":3,"href":"https:\/\/intl.phonak.com\/es-do\/wp-json\/wp\/v2\/pages\/245\/revisions"}],"predecessor-version":[{"id":370,"href":"https:\/\/intl.phonak.com\/es-do\/wp-json\/wp\/v2\/pages\/245\/revisions\/370"}],"wp:attachment":[{"href":"https:\/\/intl.phonak.com\/es-do\/wp-json\/wp\/v2\/media?parent=245"}],"curies":[{"name":"wp","href":"https:\/\/api.w.org\/{rel}","templated":true}]}}