{"id":277,"date":"2021-11-17T17:36:12","date_gmt":"2021-11-17T17:36:12","guid":{"rendered":"https:\/\/intl.phonak.com\/es-co\/accesorios\/"},"modified":"2024-05-30T00:46:52","modified_gmt":"2024-05-30T00:46:52","slug":"accesorios","status":"publish","type":"page","link":"https:\/\/intl.phonak.com\/es-co\/soluciones\/accesorios\/","title":{"rendered":"Accesorios"},"content":{"rendered":"\n<div class=\"wp-block-cover alignfull is-light\"><span aria-hidden=\"true\" class=\"wp-block-cover__background has-white-background-color has-background-dim\"><\/span><img decoding=\"async\" class=\"wp-block-cover__image-background wp-image-4764\" alt=\"\" src=\"https:\/\/intl.phonak.com\/main-english\/wp-content\/uploads\/sites\/3\/2022\/02\/Banner-accessories.jpg\" style=\"object-position:48% 21%\" data-object-fit=\"cover\" data-object-position=\"48% 21%\"\/><div class=\"wp-block-cover__inner-container is-layout-flow wp-block-cover-is-layout-flow\">\n<h1 class=\"wp-block-heading has-text-align-center has-dark-grey-color has-text-color\" id=\"boosting-performance\">Aumento del rendimiento<\/h1>\n\n\n\n<p class=\"has-text-align-center has-dark-grey-color has-text-color has-lead-font-size\">Saca el m\u00e1ximo partido a sus aud\u00edfonos y mant\u00e9ngase conectado<\/p>\n<\/div><\/div>\n\n\n\n<div class=\"wp-block-group is-style-align-small is-layout-flow wp-block-group-is-layout-flow\" style=\"padding-top:0px\">\n<h2 class=\"wp-block-heading has-text-align-center\" id=\"better-communication-with-wireless-accessories\">Mejor comunicaci\u00f3n con accesorios inal\u00e1mbricos<\/h2>\n\n\n\n<p class=\"has-text-align-center\">Los accesorios inal\u00e1mbricos de Phonak son complementos \u00fatiles que se conectan a sus aud\u00edfonos para ayudarle a o\u00edr m\u00e1s en situaciones dif\u00edciles. Oye mejor en entornos ruidosos o a distancia, durante las llamadas telef\u00f3nicas, en clase y cuando escucha la televisi\u00f3n y multimedia. O bien, acceda f\u00e1cilmente a la configuraci\u00f3n de su aud\u00edfono con un mando a distancia de Phonak.<\/p>\n<\/div>\n\n\n\n<div\n\tclass=\"wp-block-phonak-products is-forntend alignwide\"\n\tdata-attributes=\"{&quot;categories&quot;:&quot;23&quot;,&quot;align&quot;:&quot;wide&quot;,&quot;perPage&quot;:10,&quot;showPagination&quot;:true,&quot;showFilter&quot;:true,&quot;enabledFilters&quot;:[&quot;platforms&quot;,&quot;categories&quot;,&quot;productTypes&quot;],&quot;defaultPlatforms&quot;:[],&quot;defaultCategories&quot;:[],&quot;defaultProductTypes&quot;:[]}\"\n\tdata-locale=\"es_ES\">\n<\/div>\n\n\n\n<div class=\"wp-block-media-text is-stacked-on-mobile cta-block\" style=\"grid-template-columns:35% auto\"><figure class=\"wp-block-media-text__media\"><img decoding=\"async\" src=\"https:\/\/intl.phonak.com\/main-english\/wp-content\/uploads\/sites\/3\/2021\/11\/cta-image.jpg?w=401\" alt=\"\" class=\"wp-image-6738 size-full\"\/><\/figure><div class=\"wp-block-media-text__content\">\n<div class=\"wp-block-create-block-icon-selector\"><i class=\"fal fa-map-marker-alt\"><\/i><\/div>\n\n\n\n<h3 class=\"wp-block-heading\">Expertos en audici\u00f3n cerca de usted <\/h3>\n\n\n\n<p>Los profesionales de la salud auditiva pueden ayudarle a tomar la decisi\u00f3n perfecta para usted. Tendr\u00e1n en cuenta sus necesidades auditivas, su presupuesto, su estilo de vida y sus preferencias auditivas individuales. <\/p>\n\n\n\n<div class=\"wp-block-buttons is-layout-flex wp-block-buttons-is-layout-flex\">\n<div class=\"wp-block-button is-style-marker-green\"><a class=\"wp-block-button__link wp-element-button\" href=\"https:\/\/intl.phonak.com\/es-co\/encontrar-un-experto\/\">Encontrar un experto<\/a><\/div>\n<\/div>\n<\/div><\/div>\n","protected":false},"excerpt":{"rendered":"<p>Mejor comunicaci\u00f3n con accesorios inal\u00e1mbricos Los accesorios inal\u00e1mbricos de Phonak son complementos \u00fatiles que se conectan a sus aud\u00edfonos para&#8230;<\/p>\n","protected":false},"author":5,"featured_media":0,"parent":240,"menu_order":0,"comment_status":"closed","ping_status":"closed","template":"","meta":{"_acf_changed":false,"inline_featured_image":false,"footnotes":""},"class_list":["post-277","page","type-page","status-publish","hentry"],"acf":[],"yoast_head":"<!-- This site is optimized with the Yoast SEO plugin v26.9 - https:\/\/yoast.com\/product\/yoast-seo-wordpress\/ -->\n<title>Accesorios - Phonak - Colombia<\/title>\n<meta name=\"robots\" content=\"index, follow, max-snippet:-1, max-image-preview:large, max-video-preview:-1\" \/>\n<link rel=\"canonical\" href=\"https:\/\/intl.phonak.com\/main-spanish\/soluciones\/accesorios\/\" \/>\n<meta property=\"og:locale\" content=\"es_ES\" \/>\n<meta property=\"og:type\" content=\"article\" \/>\n<meta property=\"og:title\" content=\"Accesorios - Phonak - Colombia\" \/>\n<meta property=\"og:description\" content=\"Mejor comunicaci\u00f3n con accesorios inal\u00e1mbricos Los accesorios inal\u00e1mbricos de Phonak son complementos \u00fatiles que se conectan a sus aud\u00edfonos para...\" \/>\n<meta property=\"og:url\" content=\"https:\/\/intl.phonak.com\/es-co\/soluciones\/accesorios\/\" \/>\n<meta property=\"og:site_name\" content=\"Phonak - Colombia\" \/>\n<meta property=\"article:modified_time\" content=\"2024-05-30T00:46:52+00:00\" \/>\n<meta property=\"og:image\" content=\"https:\/\/intl.phonak.com\/main-english\/wp-content\/uploads\/sites\/3\/2022\/02\/Banner-accessories.jpg\" \/>\n<meta name=\"twitter:card\" content=\"summary_large_image\" \/>\n<meta name=\"twitter:label1\" content=\"Est. reading time\" \/>\n\t<meta name=\"twitter:data1\" content=\"1 minuto\" \/>\n<script type=\"application\/ld+json\" class=\"yoast-schema-graph\">{\"@context\":\"https:\/\/schema.org\",\"@graph\":[{\"@type\":\"WebPage\",\"@id\":\"https:\/\/intl.phonak.com\/es-co\/soluciones\/accesorios\/\",\"url\":\"https:\/\/intl.phonak.com\/es-co\/soluciones\/accesorios\/\",\"name\":\"Accesorios - Phonak - Colombia\",\"isPartOf\":{\"@id\":\"https:\/\/intl.phonak.com\/es-co\/#website\"},\"primaryImageOfPage\":{\"@id\":\"https:\/\/intl.phonak.com\/es-co\/soluciones\/accesorios\/#primaryimage\"},\"image\":{\"@id\":\"https:\/\/intl.phonak.com\/es-co\/soluciones\/accesorios\/#primaryimage\"},\"thumbnailUrl\":\"https:\/\/intl.phonak.com\/main-english\/wp-content\/uploads\/sites\/3\/2022\/02\/Banner-accessories.jpg\",\"datePublished\":\"2021-11-17T17:36:12+00:00\",\"dateModified\":\"2024-05-30T00:46:52+00:00\",\"breadcrumb\":{\"@id\":\"https:\/\/intl.phonak.com\/es-co\/soluciones\/accesorios\/#breadcrumb\"},\"inLanguage\":\"es\",\"potentialAction\":[{\"@type\":\"ReadAction\",\"target\":[\"https:\/\/intl.phonak.com\/es-co\/soluciones\/accesorios\/\"]}]},{\"@type\":\"ImageObject\",\"inLanguage\":\"es\",\"@id\":\"https:\/\/intl.phonak.com\/es-co\/soluciones\/accesorios\/#primaryimage\",\"url\":\"https:\/\/intl.phonak.com\/main-english\/wp-content\/uploads\/sites\/3\/2022\/02\/Banner-accessories.jpg\",\"contentUrl\":\"https:\/\/intl.phonak.com\/main-english\/wp-content\/uploads\/sites\/3\/2022\/02\/Banner-accessories.jpg\"},{\"@type\":\"BreadcrumbList\",\"@id\":\"https:\/\/intl.phonak.com\/es-co\/soluciones\/accesorios\/#breadcrumb\",\"itemListElement\":[{\"@type\":\"ListItem\",\"position\":1,\"name\":\"Home\",\"item\":\"https:\/\/intl.phonak.com\/es-co\/\"},{\"@type\":\"ListItem\",\"position\":2,\"name\":\"Accesorios\"}]},{\"@type\":\"WebSite\",\"@id\":\"https:\/\/intl.phonak.com\/es-co\/#website\",\"url\":\"https:\/\/intl.phonak.com\/es-co\/\",\"name\":\"Phonak - Colombia\",\"description\":\"Comprometidos con el cambio de vidas\",\"potentialAction\":[{\"@type\":\"SearchAction\",\"target\":{\"@type\":\"EntryPoint\",\"urlTemplate\":\"https:\/\/intl.phonak.com\/es-co\/?s={search_term_string}\"},\"query-input\":{\"@type\":\"PropertyValueSpecification\",\"valueRequired\":true,\"valueName\":\"search_term_string\"}}],\"inLanguage\":\"es\"}]}<\/script>\n<!-- \/ Yoast SEO plugin. -->","yoast_head_json":{"title":"Accesorios - Phonak - Colombia","robots":{"index":"index","follow":"follow","max-snippet":"max-snippet:-1","max-image-preview":"max-image-preview:large","max-video-preview":"max-video-preview:-1"},"canonical":"https:\/\/intl.phonak.com\/main-spanish\/soluciones\/accesorios\/","og_locale":"es_ES","og_type":"article","og_title":"Accesorios - Phonak - Colombia","og_description":"Mejor comunicaci\u00f3n con accesorios inal\u00e1mbricos Los accesorios inal\u00e1mbricos de Phonak son complementos \u00fatiles que se conectan a sus aud\u00edfonos para...","og_url":"https:\/\/intl.phonak.com\/es-co\/soluciones\/accesorios\/","og_site_name":"Phonak - Colombia","article_modified_time":"2024-05-30T00:46:52+00:00","og_image":[{"url":"https:\/\/intl.phonak.com\/main-english\/wp-content\/uploads\/sites\/3\/2022\/02\/Banner-accessories.jpg","type":"","width":"","height":""}],"twitter_card":"summary_large_image","twitter_misc":{"Est. reading time":"1 minuto"},"schema":{"@context":"https:\/\/schema.org","@graph":[{"@type":"WebPage","@id":"https:\/\/intl.phonak.com\/es-co\/soluciones\/accesorios\/","url":"https:\/\/intl.phonak.com\/es-co\/soluciones\/accesorios\/","name":"Accesorios - Phonak - Colombia","isPartOf":{"@id":"https:\/\/intl.phonak.com\/es-co\/#website"},"primaryImageOfPage":{"@id":"https:\/\/intl.phonak.com\/es-co\/soluciones\/accesorios\/#primaryimage"},"image":{"@id":"https:\/\/intl.phonak.com\/es-co\/soluciones\/accesorios\/#primaryimage"},"thumbnailUrl":"https:\/\/intl.phonak.com\/main-english\/wp-content\/uploads\/sites\/3\/2022\/02\/Banner-accessories.jpg","datePublished":"2021-11-17T17:36:12+00:00","dateModified":"2024-05-30T00:46:52+00:00","breadcrumb":{"@id":"https:\/\/intl.phonak.com\/es-co\/soluciones\/accesorios\/#breadcrumb"},"inLanguage":"es","potentialAction":[{"@type":"ReadAction","target":["https:\/\/intl.phonak.com\/es-co\/soluciones\/accesorios\/"]}]},{"@type":"ImageObject","inLanguage":"es","@id":"https:\/\/intl.phonak.com\/es-co\/soluciones\/accesorios\/#primaryimage","url":"https:\/\/intl.phonak.com\/main-english\/wp-content\/uploads\/sites\/3\/2022\/02\/Banner-accessories.jpg","contentUrl":"https:\/\/intl.phonak.com\/main-english\/wp-content\/uploads\/sites\/3\/2022\/02\/Banner-accessories.jpg"},{"@type":"BreadcrumbList","@id":"https:\/\/intl.phonak.com\/es-co\/soluciones\/accesorios\/#breadcrumb","itemListElement":[{"@type":"ListItem","position":1,"name":"Home","item":"https:\/\/intl.phonak.com\/es-co\/"},{"@type":"ListItem","position":2,"name":"Accesorios"}]},{"@type":"WebSite","@id":"https:\/\/intl.phonak.com\/es-co\/#website","url":"https:\/\/intl.phonak.com\/es-co\/","name":"Phonak - Colombia","description":"Comprometidos con el cambio de vidas","potentialAction":[{"@type":"SearchAction","target":{"@type":"EntryPoint","urlTemplate":"https:\/\/intl.phonak.com\/es-co\/?s={search_term_string}"},"query-input":{"@type":"PropertyValueSpecification","valueRequired":true,"valueName":"search_term_string"}}],"inLanguage":"es"}]}},"jetpack_sharing_enabled":true,"distributor_meta":false,"distributor_terms":false,"distributor_media":false,"distributor_original_site_name":"Phonak - Colombia","distributor_original_site_url":"https:\/\/intl.phonak.com\/es-co","push-errors":false,"_links":{"self":[{"href":"https:\/\/intl.phonak.com\/es-co\/wp-json\/wp\/v2\/pages\/277","targetHints":{"allow":["GET"]}}],"collection":[{"href":"https:\/\/intl.phonak.com\/es-co\/wp-json\/wp\/v2\/pages"}],"about":[{"href":"https:\/\/intl.phonak.com\/es-co\/wp-json\/wp\/v2\/types\/page"}],"author":[{"embeddable":true,"href":"https:\/\/intl.phonak.com\/es-co\/wp-json\/wp\/v2\/users\/5"}],"replies":[{"embeddable":true,"href":"https:\/\/intl.phonak.com\/es-co\/wp-json\/wp\/v2\/comments?post=277"}],"version-history":[{"count":5,"href":"https:\/\/intl.phonak.com\/es-co\/wp-json\/wp\/v2\/pages\/277\/revisions"}],"predecessor-version":[{"id":441,"href":"https:\/\/intl.phonak.com\/es-co\/wp-json\/wp\/v2\/pages\/277\/revisions\/441"}],"up":[{"embeddable":true,"href":"https:\/\/intl.phonak.com\/es-co\/wp-json\/wp\/v2\/pages\/240"}],"wp:attachment":[{"href":"https:\/\/intl.phonak.com\/es-co\/wp-json\/wp\/v2\/media?parent=277"}],"curies":[{"name":"wp","href":"https:\/\/api.w.org\/{rel}","templated":true}]}}