{"id":229,"date":"2024-04-15T14:30:59","date_gmt":"2024-04-15T14:30:59","guid":{"rendered":"https:\/\/intl.phonak.com\/es-co\/gracias\/"},"modified":"2024-06-04T09:42:27","modified_gmt":"2024-06-04T09:42:27","slug":"gracias","status":"publish","type":"page","link":"https:\/\/intl.phonak.com\/es-co\/gracias\/","title":{"rendered":"Gracias"},"content":{"rendered":"\n<div class=\"wp-block-cover alignfull is-light\"><span aria-hidden=\"true\" class=\"wp-block-cover__background has-white-background-color has-background-dim-40 has-background-dim\"><\/span><img decoding=\"async\" class=\"wp-block-cover__image-background wp-image-5299\" alt=\"\" src=\"https:\/\/dev-intl.phonak.com\/main-spanish\/wp-content\/uploads\/sites\/3\/2022\/03\/Banner-Contact-us.jpg\" style=\"object-position:53% 74%\" data-object-fit=\"cover\" data-object-position=\"53% 74%\"\/><div class=\"wp-block-cover__inner-container is-layout-flow wp-block-cover-is-layout-flow\">\n<h1 class=\"wp-block-heading has-text-align-center has-dark-grey-color has-text-color\" id=\"contact-us\">Contacto<\/h1>\n\n\n\n<p class=\"has-text-align-center margin-bottom-0 has-dark-grey-color has-text-color has-lead-font-size\">P\u00f3ngase en contacto con Phonak para cualquier consulta, <\/p>\n\n\n\n<p class=\"has-text-align-center margin-bottom-0 has-dark-grey-color has-text-color has-lead-font-size\">atenci\u00f3n al cliente o consultas profesionales.<\/p>\n<\/div><\/div>\n\n\n\n<div class=\"wp-block-group is-style-align-small is-layout-flow wp-block-group-is-layout-flow\">\n<h3 class=\"wp-block-heading has-text-align-center\">Muchas Gracias por ponerse en contacto con nosotros.<\/h3>\n\n\n\n<p class=\"has-text-align-center\">En breve nuestro distribuidor se pondr\u00e1 en contacto con usted.<br>Para cualquier duda, por favor, env\u00edar un e-mail a <a href=\"mailto:america.latina@phonak.com\">america.latina@phonak.com<\/a><\/p>\n<\/div>\n\n\n\n<div style=\"height:69px\" aria-hidden=\"true\" class=\"wp-block-spacer\"><\/div>\n\n\n\n<div class=\"wp-block-media-text is-stacked-on-mobile cta-block\" style=\"grid-template-columns:35% auto\"><figure class=\"wp-block-media-text__media\"><img decoding=\"async\" src=\"https:\/\/intl.phonak.com\/main-english\/wp-content\/uploads\/sites\/3\/2021\/10\/phonak-marvel-rechargeable.jpeg?w=1024\" alt=\"\" class=\"wp-image-60 size-full\"\/><\/figure><div class=\"wp-block-media-text__content\">\n<h3 class=\"wp-block-heading\">Gu\u00edas de usuario &amp; soporte para aplicaciones de tel\u00e9fonos inteligentes<\/h3>\n\n\n\n<p>Encuentre y descargue gu\u00edas de usuario y aplicaciones gratuitas para tel\u00e9fonos inteligentes para su producto Phonak.<\/p>\n\n\n\n<div class=\"wp-block-buttons is-layout-flex wp-block-buttons-is-layout-flex\">\n<div class=\"wp-block-button is-style-default\"><a class=\"wp-block-button__link wp-element-button\" href=\"https:\/\/intl.phonak.com\/es-co\/solutions\/downloads\/\">Descargas<\/a><\/div>\n<\/div>\n<\/div><\/div>\n\n\n\n<div class=\"wp-block-media-text is-stacked-on-mobile cta-block\" style=\"grid-template-columns:35% auto\"><figure class=\"wp-block-media-text__media\"><img decoding=\"async\" src=\"https:\/\/intl.phonak.com\/main-english\/wp-content\/uploads\/sites\/3\/2021\/11\/cta-image.jpg?w=401\" alt=\"\" class=\"wp-image-6738 size-full\"\/><\/figure><div class=\"wp-block-media-text__content\">\n<div class=\"wp-block-create-block-icon-selector\"><i class=\"fal fa-map-marker-alt\"><\/i><\/div>\n\n\n\n<h3 class=\"wp-block-heading\">Expertos en audici\u00f3n cerca de usted<\/h3>\n\n\n\n<p>Los profesionales de la salud auditiva pueden ayudarle a tomar la decisi\u00f3n perfecta para usted. Tendr\u00e1n en cuenta sus necesidades auditivas, su presupuesto, su estilo de vida y sus preferencias auditivas individuales.<\/p>\n\n\n\n<div class=\"wp-block-buttons is-layout-flex wp-block-buttons-is-layout-flex\">\n<div class=\"wp-block-button is-style-marker-green\"><a class=\"wp-block-button__link wp-element-button\" href=\"https:\/\/intl.phonak.com\/es-co\/encontrar-un-experto\/\">Encontrar un experto<\/a><\/div>\n<\/div>\n<\/div><\/div>\n\n\n\n<div class=\"wp-block-group alignfull has-light-grey-background-color has-background is-layout-flow wp-block-group-is-layout-flow\">\n<div class=\"wp-block-group is-style-align-small is-layout-flow wp-block-group-is-layout-flow\">\n<h2 class=\"wp-block-heading has-text-align-center\" id=\"phonak-for-professionals\">Phonak para profesionales<\/h2>\n\n\n\n<p class=\"has-text-align-center\">\u00bfEspecialista en audici\u00f3n? Trabaje con Phonak, conozca nuestra tecnolog\u00eda, <br>aud\u00edfonos y accesorios.<\/p>\n\n\n\n<p class=\"has-text-align-center\">Unirse nuestra red profesional.<\/p>\n\n\n\n<div class=\"wp-block-buttons is-horizontal is-content-justification-center is-layout-flex wp-container-core-buttons-is-layout-499968f5 wp-block-buttons-is-layout-flex\">\n<div class=\"wp-block-button\"><a class=\"wp-block-button__link wp-element-button\" href=\"https:\/\/www.phonak.com\/es-es\/profesionales\/innovaciones\">M\u00e1s informaci\u00f3n<\/a><\/div>\n<\/div>\n<\/div>\n<\/div>\n\n\n\n<h3 class=\"wp-block-heading\"><\/h3>\n","protected":false},"excerpt":{"rendered":"<p>Muchas Gracias por ponerse en contacto con nosotros. En breve nuestro distribuidor se pondr\u00e1 en contacto con usted.Para cualquier duda,&#8230;<\/p>\n","protected":false},"author":42,"featured_media":0,"parent":0,"menu_order":0,"comment_status":"closed","ping_status":"closed","template":"","meta":{"_acf_changed":false,"inline_featured_image":false,"footnotes":""},"class_list":["post-229","page","type-page","status-publish","hentry"],"acf":[],"yoast_head":"<!-- This site is optimized with the Yoast SEO plugin v26.9 - https:\/\/yoast.com\/product\/yoast-seo-wordpress\/ -->\n<title>Gracias - Phonak - Colombia<\/title>\n<meta name=\"robots\" content=\"index, follow, max-snippet:-1, max-image-preview:large, max-video-preview:-1\" \/>\n<link rel=\"canonical\" href=\"https:\/\/intl.phonak.com\/main-spanish\/gracias\/\" \/>\n<meta property=\"og:locale\" content=\"es_ES\" \/>\n<meta property=\"og:type\" content=\"article\" \/>\n<meta property=\"og:title\" content=\"Gracias - Phonak - Colombia\" \/>\n<meta property=\"og:description\" content=\"Muchas Gracias por ponerse en contacto con nosotros. En breve nuestro distribuidor se pondr\u00e1 en contacto con usted.Para cualquier duda,...\" \/>\n<meta property=\"og:url\" content=\"https:\/\/intl.phonak.com\/es-co\/gracias\/\" \/>\n<meta property=\"og:site_name\" content=\"Phonak - Colombia\" \/>\n<meta property=\"article:modified_time\" content=\"2024-06-04T09:42:27+00:00\" \/>\n<meta property=\"og:image\" content=\"https:\/\/dev-intl.phonak.com\/main-spanish\/wp-content\/uploads\/sites\/3\/2022\/03\/Banner-Contact-us.jpg\" \/>\n<meta name=\"twitter:card\" content=\"summary_large_image\" \/>\n<meta name=\"twitter:label1\" content=\"Est. reading time\" \/>\n\t<meta name=\"twitter:data1\" content=\"1 minuto\" \/>\n<script type=\"application\/ld+json\" class=\"yoast-schema-graph\">{\"@context\":\"https:\/\/schema.org\",\"@graph\":[{\"@type\":\"WebPage\",\"@id\":\"https:\/\/intl.phonak.com\/es-co\/gracias\/\",\"url\":\"https:\/\/intl.phonak.com\/es-co\/gracias\/\",\"name\":\"Gracias - Phonak - Colombia\",\"isPartOf\":{\"@id\":\"https:\/\/intl.phonak.com\/es-co\/#website\"},\"primaryImageOfPage\":{\"@id\":\"https:\/\/intl.phonak.com\/es-co\/gracias\/#primaryimage\"},\"image\":{\"@id\":\"https:\/\/intl.phonak.com\/es-co\/gracias\/#primaryimage\"},\"thumbnailUrl\":\"https:\/\/dev-intl.phonak.com\/main-spanish\/wp-content\/uploads\/sites\/3\/2022\/03\/Banner-Contact-us.jpg\",\"datePublished\":\"2024-04-15T14:30:59+00:00\",\"dateModified\":\"2024-06-04T09:42:27+00:00\",\"breadcrumb\":{\"@id\":\"https:\/\/intl.phonak.com\/es-co\/gracias\/#breadcrumb\"},\"inLanguage\":\"es\",\"potentialAction\":[{\"@type\":\"ReadAction\",\"target\":[\"https:\/\/intl.phonak.com\/es-co\/gracias\/\"]}]},{\"@type\":\"ImageObject\",\"inLanguage\":\"es\",\"@id\":\"https:\/\/intl.phonak.com\/es-co\/gracias\/#primaryimage\",\"url\":\"https:\/\/dev-intl.phonak.com\/main-spanish\/wp-content\/uploads\/sites\/3\/2022\/03\/Banner-Contact-us.jpg\",\"contentUrl\":\"https:\/\/dev-intl.phonak.com\/main-spanish\/wp-content\/uploads\/sites\/3\/2022\/03\/Banner-Contact-us.jpg\"},{\"@type\":\"BreadcrumbList\",\"@id\":\"https:\/\/intl.phonak.com\/es-co\/gracias\/#breadcrumb\",\"itemListElement\":[{\"@type\":\"ListItem\",\"position\":1,\"name\":\"Home\",\"item\":\"https:\/\/intl.phonak.com\/es-co\/\"},{\"@type\":\"ListItem\",\"position\":2,\"name\":\"Gracias\"}]},{\"@type\":\"WebSite\",\"@id\":\"https:\/\/intl.phonak.com\/es-co\/#website\",\"url\":\"https:\/\/intl.phonak.com\/es-co\/\",\"name\":\"Phonak - Colombia\",\"description\":\"Comprometidos con el cambio de vidas\",\"potentialAction\":[{\"@type\":\"SearchAction\",\"target\":{\"@type\":\"EntryPoint\",\"urlTemplate\":\"https:\/\/intl.phonak.com\/es-co\/?s={search_term_string}\"},\"query-input\":{\"@type\":\"PropertyValueSpecification\",\"valueRequired\":true,\"valueName\":\"search_term_string\"}}],\"inLanguage\":\"es\"}]}<\/script>\n<!-- \/ Yoast SEO plugin. -->","yoast_head_json":{"title":"Gracias - Phonak - Colombia","robots":{"index":"index","follow":"follow","max-snippet":"max-snippet:-1","max-image-preview":"max-image-preview:large","max-video-preview":"max-video-preview:-1"},"canonical":"https:\/\/intl.phonak.com\/main-spanish\/gracias\/","og_locale":"es_ES","og_type":"article","og_title":"Gracias - Phonak - Colombia","og_description":"Muchas Gracias por ponerse en contacto con nosotros. En breve nuestro distribuidor se pondr\u00e1 en contacto con usted.Para cualquier duda,...","og_url":"https:\/\/intl.phonak.com\/es-co\/gracias\/","og_site_name":"Phonak - Colombia","article_modified_time":"2024-06-04T09:42:27+00:00","og_image":[{"url":"https:\/\/dev-intl.phonak.com\/main-spanish\/wp-content\/uploads\/sites\/3\/2022\/03\/Banner-Contact-us.jpg","type":"","width":"","height":""}],"twitter_card":"summary_large_image","twitter_misc":{"Est. reading time":"1 minuto"},"schema":{"@context":"https:\/\/schema.org","@graph":[{"@type":"WebPage","@id":"https:\/\/intl.phonak.com\/es-co\/gracias\/","url":"https:\/\/intl.phonak.com\/es-co\/gracias\/","name":"Gracias - Phonak - Colombia","isPartOf":{"@id":"https:\/\/intl.phonak.com\/es-co\/#website"},"primaryImageOfPage":{"@id":"https:\/\/intl.phonak.com\/es-co\/gracias\/#primaryimage"},"image":{"@id":"https:\/\/intl.phonak.com\/es-co\/gracias\/#primaryimage"},"thumbnailUrl":"https:\/\/dev-intl.phonak.com\/main-spanish\/wp-content\/uploads\/sites\/3\/2022\/03\/Banner-Contact-us.jpg","datePublished":"2024-04-15T14:30:59+00:00","dateModified":"2024-06-04T09:42:27+00:00","breadcrumb":{"@id":"https:\/\/intl.phonak.com\/es-co\/gracias\/#breadcrumb"},"inLanguage":"es","potentialAction":[{"@type":"ReadAction","target":["https:\/\/intl.phonak.com\/es-co\/gracias\/"]}]},{"@type":"ImageObject","inLanguage":"es","@id":"https:\/\/intl.phonak.com\/es-co\/gracias\/#primaryimage","url":"https:\/\/dev-intl.phonak.com\/main-spanish\/wp-content\/uploads\/sites\/3\/2022\/03\/Banner-Contact-us.jpg","contentUrl":"https:\/\/dev-intl.phonak.com\/main-spanish\/wp-content\/uploads\/sites\/3\/2022\/03\/Banner-Contact-us.jpg"},{"@type":"BreadcrumbList","@id":"https:\/\/intl.phonak.com\/es-co\/gracias\/#breadcrumb","itemListElement":[{"@type":"ListItem","position":1,"name":"Home","item":"https:\/\/intl.phonak.com\/es-co\/"},{"@type":"ListItem","position":2,"name":"Gracias"}]},{"@type":"WebSite","@id":"https:\/\/intl.phonak.com\/es-co\/#website","url":"https:\/\/intl.phonak.com\/es-co\/","name":"Phonak - Colombia","description":"Comprometidos con el cambio de vidas","potentialAction":[{"@type":"SearchAction","target":{"@type":"EntryPoint","urlTemplate":"https:\/\/intl.phonak.com\/es-co\/?s={search_term_string}"},"query-input":{"@type":"PropertyValueSpecification","valueRequired":true,"valueName":"search_term_string"}}],"inLanguage":"es"}]}},"jetpack_sharing_enabled":true,"distributor_meta":false,"distributor_terms":false,"distributor_media":false,"distributor_original_site_name":"Phonak - Colombia","distributor_original_site_url":"https:\/\/intl.phonak.com\/es-co","push-errors":false,"_links":{"self":[{"href":"https:\/\/intl.phonak.com\/es-co\/wp-json\/wp\/v2\/pages\/229","targetHints":{"allow":["GET"]}}],"collection":[{"href":"https:\/\/intl.phonak.com\/es-co\/wp-json\/wp\/v2\/pages"}],"about":[{"href":"https:\/\/intl.phonak.com\/es-co\/wp-json\/wp\/v2\/types\/page"}],"author":[{"embeddable":true,"href":"https:\/\/intl.phonak.com\/es-co\/wp-json\/wp\/v2\/users\/42"}],"replies":[{"embeddable":true,"href":"https:\/\/intl.phonak.com\/es-co\/wp-json\/wp\/v2\/comments?post=229"}],"version-history":[{"count":14,"href":"https:\/\/intl.phonak.com\/es-co\/wp-json\/wp\/v2\/pages\/229\/revisions"}],"predecessor-version":[{"id":569,"href":"https:\/\/intl.phonak.com\/es-co\/wp-json\/wp\/v2\/pages\/229\/revisions\/569"}],"wp:attachment":[{"href":"https:\/\/intl.phonak.com\/es-co\/wp-json\/wp\/v2\/media?parent=229"}],"curies":[{"name":"wp","href":"https:\/\/api.w.org\/{rel}","templated":true}]}}