{"id":888,"date":"2021-10-26T15:19:51","date_gmt":"2021-10-26T15:19:51","guid":{"rendered":"https:\/\/intl.phonak.com\/es-cl\/acerca-de-phonak\/"},"modified":"2024-07-31T13:28:31","modified_gmt":"2024-07-31T13:28:31","slug":"acerca-de-phonak","status":"publish","type":"page","link":"https:\/\/intl.phonak.com\/es-cl\/acerca-de-phonak\/","title":{"rendered":"Acerca de Phonak"},"content":{"rendered":"\n<div class=\"wp-block-cover alignfull is-light\"><span aria-hidden=\"true\" class=\"wp-block-cover__background has-white-background-color has-background-dim-10 has-background-dim\"><\/span><img decoding=\"async\" class=\"wp-block-cover__image-background wp-image-6573\" alt=\"\" src=\"https:\/\/intl.phonak.com\/es-cl\/wp-content\/uploads\/sites\/3\/2023\/03\/Banner-gray.jpg\" data-object-fit=\"cover\"\/><div class=\"wp-block-cover__inner-container is-layout-flow wp-block-cover-is-layout-flow\">\n<h1 class=\"wp-block-heading has-text-align-center has-dark-grey-color has-text-color\" id=\"about-us\">Acerca de Phonak<\/h1>\n\n\n\n<h6 class=\"wp-block-heading has-text-align-center\">Centro Audiol\u00f3gico Integral S.A. junto con Phonak<\/h6>\n<\/div><\/div>\n\n\n\n<div class=\"wp-block-group is-style-align-small is-layout-flow wp-block-group-is-layout-flow\" style=\"padding-top:0px;padding-bottom:0px\">\n<p class=\"has-text-align-center has-lead-font-size\">Centro Audiol\u00f3gico Integral S.A. consolida su cooperaci\u00f3n a lo largo de los a\u00f1os con Phonak<\/p>\n\n\n\t<div class=\"wp-block-phonak-about wp-block-phonak-partner-details\">\n\t\t<div class=\"partner-details-wrapper grid-x align-middle align-justify\">\n\t\t\t\t\t\t\t\t<div class=\"partner\">\n\t\t\t\t\t\t\t\t\t\t\t\t\t<div class=\"partner-logo\">\n\t\t\t\t\t\t\t\t<img decoding=\"async\" src=\"https:\/\/intl.phonak.com\/es-cl\/wp-content\/uploads\/sites\/56\/2024\/06\/audiologico.jpg\" alt=\"Centro Audiol\u00f3gico Integral S.A.\" \/>\n\t\t\t\t\t\t\t<\/div>\n\t\t\t\t\t\t\t\t\t\t\t\t<div class=\"partner-details-content\">\n\t\t\t\t\t\t\t\t\t\t\t\t\t\t\t<h4 class=\"partner-name\">Centro Audiol\u00f3gico Integral S.A.<\/h4>\n\t\t\t\t\t\t\t\t\t\t\t\t\t\t\t\t\t\t\t\t<\/div>\n\t\t\t\t\t\t<div class=\"grid-x align-middle align-justify\">\n\t\t\t\t\t\t\t<div class=\"cell small-12\">\n\t\t\t\t\t\t\t\t\t\t\t\t\t\t\t\t\t<div class=\"wp-block-phonak-about__text\"><p>Seg\u00fan el II Estudio Nacional de Discapacidad (1) realizado en Chile el a\u00f1o 2015, en nuestro pa\u00eds las personas con discapacidad alcanzan un 16,7%, lo que supone 2.836.818 personas. Las hipoacusias en la poblaci\u00f3n adulta alcanzan el 31,4%, mientras que en ni\u00f1os de entre 2 a 17 a\u00f1os supone un 6%.<\/p>\n<p>Ahora bien, la prevalencia de hipoacusias en ni\u00f1os aumenta con la edad, en donde las hipoacusias perinatales alcanzan de 5 a 10 por cada 1.000 nacidos vivos. Esto se debe, a que se incorporan causas como hipoacusias de conducci\u00f3n y sensorioneurales de inicio tard\u00edo o progresivo, as\u00ed como tambi\u00e9n los des\u00f3rdenes en el procesamiento auditivo. Adem\u00e1s, la incidencia de hipoacusia neonatal bilateral fluct\u00faa entre 0,6 y 1,4 por 1.000 reci\u00e9n nacidos vivos; mientras que la hipoacusia sensorioneural (HSN) bilateral profunda, es la tercera causa de discapacidad, con una incidencia de entre 1 y 3 por cada 1.000 nacidos vivos (2).<\/p>\n<p>A ra\u00edz de lo anterior, el compromiso entre PHONAK (marca mundialmente reconocida) y Centro Audiol\u00f3gico Integral, es brindar soluciones auditivas acorde a las caracter\u00edsticas audiol\u00f3gicas y personales de cada usuario, a trav\u00e9s del grupo de profesionales especializados y capacitados, laboratorio de moldes, servicio t\u00e9cnico, equipamiento necesario para realizar ex\u00e1menes de audiometr\u00eda, an\u00e1lisis electroac\u00fastico de aud\u00edfonos y verificaci\u00f3n de adaptaci\u00f3n a trav\u00e9s de medici\u00f3n de o\u00eddo real (REM).<\/p>\n<p>1) II Estudio Nacional de Discapacidad 2015 [Internet]. Santiago: Feyser Ltda.; 2016 [consultado el 24 de febrero de 2023]. 137 p. ISBN: 978-956-8441-06-7. Disponible en: https:\/\/biblioteca.digital.gob.cl\/handle\/123456789\/1386<br \/>\n2) Ministerio de Salud. Plan Nacional de Salud Auditiva y Cuidados de Oi\u0301do para Chile [Internet]. 2022. Disponible en: https:\/\/www.minsal.cl\/minsal-presenta-el-plan-nacional-de-salud-auditiva-y-cuidado-del-oido-2021-2030\/<\/p>\n <\/div>\n\t\t\t\t\t\t\t\t\t\t\t\t\t\t\t<\/div>\n\t\t\t\t\t\t<\/div>\n\t\t\t\t\t<\/div><!-- .partner -->\n\t\t\t\t\t<\/div><!-- .partner-details-wrapper -->\n\t<\/div><!-- .wp-block-phonak-about -->\n<\/div>\n\n\n\n\n\n<div class=\"wp-block-media-text is-stacked-on-mobile cta-block\" style=\"grid-template-columns:35% auto\"><figure class=\"wp-block-media-text__media\"><img decoding=\"async\" src=\"https:\/\/intl.phonak.com\/main-english\/wp-content\/uploads\/sites\/3\/2021\/11\/cta-image.jpg?w=401\" alt=\"\" class=\"wp-image-6738 size-full\"\/><\/figure><div class=\"wp-block-media-text__content\">\n<div class=\"wp-block-create-block-icon-selector\"><i class=\"fal fa-map-marker-alt\"><\/i><\/div>\n\n\n\n<h3 class=\"wp-block-heading\">Expertos en audici\u00f3n cerca de usted <\/h3>\n\n\n\n<p>Los profesionales de la salud auditiva pueden ayudarle a tomar la decisi\u00f3n perfecta para usted. Tendr\u00e1n en cuenta sus necesidades auditivas, su presupuesto, su estilo de vida y sus preferencias auditivas individuales. <\/p>\n\n\n\n<div class=\"wp-block-buttons is-layout-flex wp-block-buttons-is-layout-flex\">\n<div class=\"wp-block-button is-style-marker-green\"><a class=\"wp-block-button__link wp-element-button\" href=\"https:\/\/intl.phonak.com\/es-cl\/encontrar-un-experto\/\">Encontrar un experto<\/a><\/div>\n<\/div>\n<\/div><\/div>\n","protected":false},"excerpt":{"rendered":"<p>consolida su cooperaci\u00f3n a lo largo de los a\u00f1os con Phonak<\/p>\n","protected":false},"author":5,"featured_media":0,"parent":0,"menu_order":0,"comment_status":"closed","ping_status":"closed","template":"","meta":{"_acf_changed":false,"inline_featured_image":false,"footnotes":""},"class_list":["post-888","page","type-page","status-publish","hentry"],"acf":[],"yoast_head":"<!-- This site is optimized with the Yoast SEO plugin v26.9 - https:\/\/yoast.com\/product\/yoast-seo-wordpress\/ -->\n<title>Acerca de Phonak - Phonak - Chile<\/title>\n<meta name=\"robots\" content=\"index, follow, max-snippet:-1, max-image-preview:large, max-video-preview:-1\" \/>\n<link rel=\"canonical\" href=\"https:\/\/intl.phonak.com\/main-spanish\/acerca-de-phonak\/\" \/>\n<meta property=\"og:locale\" content=\"es_ES\" \/>\n<meta property=\"og:type\" content=\"article\" \/>\n<meta property=\"og:title\" content=\"Acerca de Phonak - Phonak - Chile\" \/>\n<meta property=\"og:description\" content=\"consolida su cooperaci\u00f3n a lo largo de los a\u00f1os con Phonak\" \/>\n<meta property=\"og:url\" content=\"https:\/\/intl.phonak.com\/es-cl\/acerca-de-phonak\/\" \/>\n<meta property=\"og:site_name\" content=\"Phonak - Chile\" \/>\n<meta property=\"article:modified_time\" content=\"2024-07-31T13:28:31+00:00\" \/>\n<meta property=\"og:image\" content=\"https:\/\/intl.phonak.com\/es-cl\/wp-content\/uploads\/sites\/3\/2023\/03\/Banner-gray.jpg\" \/>\n<meta name=\"twitter:card\" content=\"summary_large_image\" \/>\n<meta name=\"twitter:label1\" content=\"Est. reading time\" \/>\n\t<meta name=\"twitter:data1\" content=\"1 minuto\" \/>\n<script type=\"application\/ld+json\" class=\"yoast-schema-graph\">{\"@context\":\"https:\/\/schema.org\",\"@graph\":[{\"@type\":\"WebPage\",\"@id\":\"https:\/\/intl.phonak.com\/es-cl\/acerca-de-phonak\/\",\"url\":\"https:\/\/intl.phonak.com\/es-cl\/acerca-de-phonak\/\",\"name\":\"Acerca de Phonak - Phonak - Chile\",\"isPartOf\":{\"@id\":\"https:\/\/intl.phonak.com\/es-cl\/#website\"},\"primaryImageOfPage\":{\"@id\":\"https:\/\/intl.phonak.com\/es-cl\/acerca-de-phonak\/#primaryimage\"},\"image\":{\"@id\":\"https:\/\/intl.phonak.com\/es-cl\/acerca-de-phonak\/#primaryimage\"},\"thumbnailUrl\":\"https:\/\/intl.phonak.com\/es-cl\/wp-content\/uploads\/sites\/3\/2023\/03\/Banner-gray.jpg\",\"datePublished\":\"2021-10-26T15:19:51+00:00\",\"dateModified\":\"2024-07-31T13:28:31+00:00\",\"breadcrumb\":{\"@id\":\"https:\/\/intl.phonak.com\/es-cl\/acerca-de-phonak\/#breadcrumb\"},\"inLanguage\":\"es\",\"potentialAction\":[{\"@type\":\"ReadAction\",\"target\":[\"https:\/\/intl.phonak.com\/es-cl\/acerca-de-phonak\/\"]}]},{\"@type\":\"ImageObject\",\"inLanguage\":\"es\",\"@id\":\"https:\/\/intl.phonak.com\/es-cl\/acerca-de-phonak\/#primaryimage\",\"url\":\"\",\"contentUrl\":\"\"},{\"@type\":\"BreadcrumbList\",\"@id\":\"https:\/\/intl.phonak.com\/es-cl\/acerca-de-phonak\/#breadcrumb\",\"itemListElement\":[{\"@type\":\"ListItem\",\"position\":1,\"name\":\"Home\",\"item\":\"https:\/\/intl.phonak.com\/es-cl\/\"},{\"@type\":\"ListItem\",\"position\":2,\"name\":\"Acerca de Phonak\"}]},{\"@type\":\"WebSite\",\"@id\":\"https:\/\/intl.phonak.com\/es-cl\/#website\",\"url\":\"https:\/\/intl.phonak.com\/es-cl\/\",\"name\":\"Phonak - Chile\",\"description\":\"Comprometidos con el cambio de vidas\",\"potentialAction\":[{\"@type\":\"SearchAction\",\"target\":{\"@type\":\"EntryPoint\",\"urlTemplate\":\"https:\/\/intl.phonak.com\/es-cl\/?s={search_term_string}\"},\"query-input\":{\"@type\":\"PropertyValueSpecification\",\"valueRequired\":true,\"valueName\":\"search_term_string\"}}],\"inLanguage\":\"es\"}]}<\/script>\n<!-- \/ Yoast SEO plugin. -->","yoast_head_json":{"title":"Acerca de Phonak - Phonak - Chile","robots":{"index":"index","follow":"follow","max-snippet":"max-snippet:-1","max-image-preview":"max-image-preview:large","max-video-preview":"max-video-preview:-1"},"canonical":"https:\/\/intl.phonak.com\/main-spanish\/acerca-de-phonak\/","og_locale":"es_ES","og_type":"article","og_title":"Acerca de Phonak - Phonak - Chile","og_description":"consolida su cooperaci\u00f3n a lo largo de los a\u00f1os con Phonak","og_url":"https:\/\/intl.phonak.com\/es-cl\/acerca-de-phonak\/","og_site_name":"Phonak - Chile","article_modified_time":"2024-07-31T13:28:31+00:00","og_image":[{"url":"https:\/\/intl.phonak.com\/es-cl\/wp-content\/uploads\/sites\/3\/2023\/03\/Banner-gray.jpg","type":"","width":"","height":""}],"twitter_card":"summary_large_image","twitter_misc":{"Est. reading time":"1 minuto"},"schema":{"@context":"https:\/\/schema.org","@graph":[{"@type":"WebPage","@id":"https:\/\/intl.phonak.com\/es-cl\/acerca-de-phonak\/","url":"https:\/\/intl.phonak.com\/es-cl\/acerca-de-phonak\/","name":"Acerca de Phonak - Phonak - Chile","isPartOf":{"@id":"https:\/\/intl.phonak.com\/es-cl\/#website"},"primaryImageOfPage":{"@id":"https:\/\/intl.phonak.com\/es-cl\/acerca-de-phonak\/#primaryimage"},"image":{"@id":"https:\/\/intl.phonak.com\/es-cl\/acerca-de-phonak\/#primaryimage"},"thumbnailUrl":"https:\/\/intl.phonak.com\/es-cl\/wp-content\/uploads\/sites\/3\/2023\/03\/Banner-gray.jpg","datePublished":"2021-10-26T15:19:51+00:00","dateModified":"2024-07-31T13:28:31+00:00","breadcrumb":{"@id":"https:\/\/intl.phonak.com\/es-cl\/acerca-de-phonak\/#breadcrumb"},"inLanguage":"es","potentialAction":[{"@type":"ReadAction","target":["https:\/\/intl.phonak.com\/es-cl\/acerca-de-phonak\/"]}]},{"@type":"ImageObject","inLanguage":"es","@id":"https:\/\/intl.phonak.com\/es-cl\/acerca-de-phonak\/#primaryimage","url":"","contentUrl":""},{"@type":"BreadcrumbList","@id":"https:\/\/intl.phonak.com\/es-cl\/acerca-de-phonak\/#breadcrumb","itemListElement":[{"@type":"ListItem","position":1,"name":"Home","item":"https:\/\/intl.phonak.com\/es-cl\/"},{"@type":"ListItem","position":2,"name":"Acerca de Phonak"}]},{"@type":"WebSite","@id":"https:\/\/intl.phonak.com\/es-cl\/#website","url":"https:\/\/intl.phonak.com\/es-cl\/","name":"Phonak - Chile","description":"Comprometidos con el cambio de vidas","potentialAction":[{"@type":"SearchAction","target":{"@type":"EntryPoint","urlTemplate":"https:\/\/intl.phonak.com\/es-cl\/?s={search_term_string}"},"query-input":{"@type":"PropertyValueSpecification","valueRequired":true,"valueName":"search_term_string"}}],"inLanguage":"es"}]}},"jetpack_sharing_enabled":true,"distributor_meta":false,"distributor_terms":false,"distributor_media":false,"distributor_original_site_name":"Phonak - Chile","distributor_original_site_url":"https:\/\/intl.phonak.com\/es-cl","push-errors":false,"_links":{"self":[{"href":"https:\/\/intl.phonak.com\/es-cl\/wp-json\/wp\/v2\/pages\/888","targetHints":{"allow":["GET"]}}],"collection":[{"href":"https:\/\/intl.phonak.com\/es-cl\/wp-json\/wp\/v2\/pages"}],"about":[{"href":"https:\/\/intl.phonak.com\/es-cl\/wp-json\/wp\/v2\/types\/page"}],"author":[{"embeddable":true,"href":"https:\/\/intl.phonak.com\/es-cl\/wp-json\/wp\/v2\/users\/5"}],"replies":[{"embeddable":true,"href":"https:\/\/intl.phonak.com\/es-cl\/wp-json\/wp\/v2\/comments?post=888"}],"version-history":[{"count":8,"href":"https:\/\/intl.phonak.com\/es-cl\/wp-json\/wp\/v2\/pages\/888\/revisions"}],"predecessor-version":[{"id":896,"href":"https:\/\/intl.phonak.com\/es-cl\/wp-json\/wp\/v2\/pages\/888\/revisions\/896"}],"wp:attachment":[{"href":"https:\/\/intl.phonak.com\/es-cl\/wp-json\/wp\/v2\/media?parent=888"}],"curies":[{"name":"wp","href":"https:\/\/api.w.org\/{rel}","templated":true}]}}