{"id":280,"date":"2021-11-16T21:23:26","date_gmt":"2021-11-16T21:23:26","guid":{"rendered":"https:\/\/intl.phonak.com\/es-bo\/?page_id=280"},"modified":"2025-11-26T08:01:18","modified_gmt":"2025-11-26T08:01:18","slug":"descargas","status":"publish","type":"page","link":"https:\/\/intl.phonak.com\/es-bo\/soluciones\/descargas\/","title":{"rendered":"Descargas"},"content":{"rendered":"\n<div class=\"wp-block-group alignfull has-light-grey-background-color has-background is-layout-flow wp-block-group-is-layout-flow\">\n<div class=\"wp-block-create-block-mobile-apps\"><h2 class=\"text-center margin-bottom-0\">Download mobile apps<\/h2><div class=\"mobile-apps-wrapper\"><div class=\"grid-x grid-padding-x\">\n<div class=\"wp-block-pho-app cell small-12 large-3\"><div class=\"mobile-app\"><img decoding=\"async\" src=\"https:\/\/intl.phonak.com\/es-bo\/wp-content\/uploads\/sites\/3\/2022\/07\/myphonak-app-round-corners-icon.png\" alt=\"App Logo\" class=\"mobile-app-logo\"\/><p class=\"text-center\">myPhonak app<\/p><div class=\"flex-container align-justify\"><div class=\"text-center mobile-app-store mobile-app-store_android\"><img decoding=\"async\" src=\"data:image\/svg+xml;base64,PD94bWwgdmVyc2lvbj0iMS4wIj8+CjxzdmcgeG1sbnM9Imh0dHA6Ly93d3cudzMub3JnLzIwMDAvc3ZnIiB4bWxuczp4bGluaz0iaHR0cDovL3d3dy53My5vcmcvMTk5OS94bGluayIgdmlld0JveD0iLTE0NyAtNzAgMjk0IDM0NSI+CjxnIGZpbGw9IiNhNGM2MzkiPgo8dXNlIHN0cm9rZS13aWR0aD0iMTQuNCIgeGxpbms6aHJlZj0iI2IiIHN0cm9rZT0iI0ZGRiIvPgo8dXNlIHhsaW5rOmhyZWY9IiNhIiB0cmFuc2Zvcm09InNjYWxlKC0xLDEpIi8+CjxnIGlkPSJhIiBzdHJva2U9IiNGRkYiIHN0cm9rZS13aWR0aD0iNy4yIj4KPHJlY3Qgcng9IjYuNSIgdHJhbnNmb3JtPSJyb3RhdGUoMjkpIiBoZWlnaHQ9Ijg2IiB3aWR0aD0iMTMiIHk9Ii04NiIgeD0iMTQiLz4KPHJlY3QgaWQ9ImMiIHJ4PSIyNCIgaGVpZ2h0PSIxMzMiIHdpZHRoPSI0OCIgeT0iNDEiIHg9Ii0xNDMiLz4KPHVzZSB5PSI5NyIgeD0iODUiIHhsaW5rOmhyZWY9IiNjIi8+CjwvZz4KPGcgaWQ9ImIiPgo8ZWxsaXBzZSBjeT0iNDEiIHJ4PSI5MSIgcnk9Ijg0Ii8+CjxyZWN0IHJ4PSIyMiIgaGVpZ2h0PSIxODIiIHdpZHRoPSIxODIiIHk9IjIwIiB4PSItOTEiLz4KPC9nPgo8L2c+CjxnIHN0cm9rZT0iI0ZGRiIgc3Ryb2tlLXdpZHRoPSI3LjIiIGZpbGw9IiNGRkYiPgo8cGF0aCBkPSJtLTk1IDQ0LjVoMTkwIi8+PGNpcmNsZSBjeD0iLTQyIiByPSI0Ii8+PGNpcmNsZSBjeD0iNDIiIHI9IjQiLz4KPC9nPgo8L3N2Zz4=\" alt=\"Android Icon\"\/><a href=\"https:\/\/play.google.com\/store\/apps\/details?id=com.sonova.phonak.dsapp\" target=\"__blank\" rel=\"noopener\">Android<\/a><\/div><div class=\"text-center mobile-app-store mobile-app-store_apple\"><img decoding=\"async\" src=\"data:image\/svg+xml;base64,PD94bWwgdmVyc2lvbj0iMS4wIiBlbmNvZGluZz0iaXNvLTg4NTktMSI\/Pg0KPCEtLSBHZW5lcmF0b3I6IEFkb2JlIElsbHVzdHJhdG9yIDE2LjAuMCwgU1ZHIEV4cG9ydCBQbHVnLUluIC4gU1ZHIFZlcnNpb246IDYuMDAgQnVpbGQgMCkgIC0tPg0KPCFET0NUWVBFIHN2ZyBQVUJMSUMgIi0vL1czQy8vRFREIFNWRyAxLjEvL0VOIiAiaHR0cDovL3d3dy53My5vcmcvR3JhcGhpY3MvU1ZHLzEuMS9EVEQvc3ZnMTEuZHRkIj4NCjxzdmcgdmVyc2lvbj0iMS4xIiBpZD0iQ2FwYV8xIiB4bWxucz0iaHR0cDovL3d3dy53My5vcmcvMjAwMC9zdmciIHhtbG5zOnhsaW5rPSJodHRwOi8vd3d3LnczLm9yZy8xOTk5L3hsaW5rIiB4PSIwcHgiIHk9IjBweCINCgkgd2lkdGg9IjQ3NS4wODhweCIgaGVpZ2h0PSI0NzUuMDg4cHgiIHZpZXdCb3g9IjAgMCA0NzUuMDg4IDQ3NS4wODgiIHN0eWxlPSJlbmFibGUtYmFja2dyb3VuZDpuZXcgMCAwIDQ3NS4wODggNDc1LjA4ODsiDQoJIHhtbDpzcGFjZT0icHJlc2VydmUiPg0KPGc+DQoJPGc+DQoJCTxwYXRoIGQ9Ik0zOTEuMjksMzEwLjkxYy0xMy4xMzUtMTguODQyLTE5LjY5OC00MC4wNy0xOS42OTgtNjMuNjY2YzAtMjEuNTA4LDYuMTk0LTQxLjIxMywxOC41NTYtNTkuMTAyDQoJCQljNi42NjItOS43MDcsMTcuNTE0LTIwLjkzNCwzMi41NTEtMzMuNjg5Yy05Ljg5Ni0xMi4xNzgtMTkuNzkzLTIxLjY5NS0yOS42OTctMjguNTQ5Yy0xNy44OTEtMTIuMzctMzguMTY0LTE4LjU1NS02MC44MTItMTguNTU1DQoJCQljLTEzLjUxMSwwLTI5Ljk3OSwzLjIzNC00OS4zODksOS43MWMtMTguNjU0LDYuNDcxLTMyLjI2NSw5LjcxLTQwLjgyNiw5LjcxYy02LjQ3NSwwLTE5LjYwNi0yLjg1My0zOS40MDEtOC41NjYNCgkJCWMtMTkuOTg1LTUuNzExLTM2LjgzMS04LjU2NC01MC41MzUtOC41NjRjLTMyLjczOCwwLTU5Ljc2NiwxMy43MDYtODEuMDgzLDQxLjExMmMtMjEuNTA4LDI3Ljc5LTMyLjI2NCw2My4zODItMzIuMjY0LDEwNi43OA0KCQkJYzAsNDYuMDYyLDEzLjk5Myw5My45MjgsNDEuOTcxLDE0My42MDdjMjguMzU4LDQ5LjI5Nyw1Ny4wMDUsNzMuOTQ5LDg1LjkzNiw3My45NDljOS43MDcsMCwyMi4yNy0zLjIzNywzNy42ODUtOS43MDgNCgkJCWMxNS40Mi02LjI3NiwyOC45MzMtOS40MjEsNDAuNTQ1LTkuNDIxYzEyLjM2OCwwLDI2Ljc0MSwzLjA0NSw0My4xMDksOS4xMzNjMTcuMzE5LDYuMDg1LDMwLjY0Niw5LjEzMSwzOS45NzEsOS4xMzENCgkJCWMyNC4zNjIsMCw0OC44MjQtMTguNjU0LDczLjM3NC01NS45NTljMTUuOTg1LTIzLjc5MSwyNy42OTItNDcuNTgyLDM1LjExNS03MS4zNzZDNDE5LjQ1OCwzNDEuNzQ0LDQwNC40MjQsMzI5Ljc1MywzOTEuMjksMzEwLjkxDQoJCQl6Ii8+DQoJCTxwYXRoIGQ9Ik0yOTQuMjEzLDkwLjIxOWMxMS45OTQtMTEuOTkxLDIwLjg0NC0yNS4xMjYsMjYuNTU2LTM5LjM5OWM1LjUxNy0xNC4yNzUsOC4yNzEtMjcuMjIsOC4yNzEtMzguODMyDQoJCQljMC0wLjc1OS0wLjA0MS0xLjcxMi0wLjE0NC0yLjg1NWMtMC4wODYtMS4xNDItMC4xMzctMi4wOTEtMC4xMzctMi44NTNjLTAuMTkyLTAuNTcyLTAuNDI4LTEuNjE5LTAuNzEyLTMuMTQNCgkJCWMtMC4yODQtMS41MjEtMC41MjEtMi41NjgtMC43MTYtMy4xNGMtMzMuNDk5LDcuODA4LTU3LjI5LDIxLjg5Mi03MS4zNzYsNDIuMjU5Yy0xNC4yNzEsMjAuNTU3LTIxLjY5OCw0NS4wMTMtMjIuMjcsNzMuMzczDQoJCQljMTIuNzUzLTEuMTQzLDIyLjY0Ni0yLjc1OCwyOS42OTItNC44NTNDMjczLjY2MywxMDcuMzUyLDI4My45MjksMTAwLjQ5NywyOTQuMjEzLDkwLjIxOXoiLz4NCgk8L2c+DQo8L2c+DQo8Zz4NCjwvZz4NCjxnPg0KPC9nPg0KPGc+DQo8L2c+DQo8Zz4NCjwvZz4NCjxnPg0KPC9nPg0KPGc+DQo8L2c+DQo8Zz4NCjwvZz4NCjxnPg0KPC9nPg0KPGc+DQo8L2c+DQo8Zz4NCjwvZz4NCjxnPg0KPC9nPg0KPGc+DQo8L2c+DQo8Zz4NCjwvZz4NCjxnPg0KPC9nPg0KPGc+DQo8L2c+DQo8L3N2Zz4NCg==\" alt=\"Apple Icon\"\/><a href=\"https:\/\/apps.apple.com\/us\/app\/myphonak\/id1332662924\" target=\"__blank\" rel=\"noopener\">iOS<\/a><\/div><\/div><\/div><\/div>\n\n\n\n<div class=\"wp-block-pho-app cell small-12 large-3\"><div class=\"mobile-app\"><img decoding=\"async\" src=\"https:\/\/intl.phonak.com\/es-bo\/wp-content\/uploads\/sites\/3\/2022\/02\/myphonak-junior-app-round-corners.png\" alt=\"App Logo\" class=\"mobile-app-logo\"\/><p class=\"text-center\">myPhonak Junior app<\/p><div class=\"flex-container align-justify\"><div class=\"text-center mobile-app-store mobile-app-store_android\"><img decoding=\"async\" src=\"data:image\/svg+xml;base64,PD94bWwgdmVyc2lvbj0iMS4wIj8+CjxzdmcgeG1sbnM9Imh0dHA6Ly93d3cudzMub3JnLzIwMDAvc3ZnIiB4bWxuczp4bGluaz0iaHR0cDovL3d3dy53My5vcmcvMTk5OS94bGluayIgdmlld0JveD0iLTE0NyAtNzAgMjk0IDM0NSI+CjxnIGZpbGw9IiNhNGM2MzkiPgo8dXNlIHN0cm9rZS13aWR0aD0iMTQuNCIgeGxpbms6aHJlZj0iI2IiIHN0cm9rZT0iI0ZGRiIvPgo8dXNlIHhsaW5rOmhyZWY9IiNhIiB0cmFuc2Zvcm09InNjYWxlKC0xLDEpIi8+CjxnIGlkPSJhIiBzdHJva2U9IiNGRkYiIHN0cm9rZS13aWR0aD0iNy4yIj4KPHJlY3Qgcng9IjYuNSIgdHJhbnNmb3JtPSJyb3RhdGUoMjkpIiBoZWlnaHQ9Ijg2IiB3aWR0aD0iMTMiIHk9Ii04NiIgeD0iMTQiLz4KPHJlY3QgaWQ9ImMiIHJ4PSIyNCIgaGVpZ2h0PSIxMzMiIHdpZHRoPSI0OCIgeT0iNDEiIHg9Ii0xNDMiLz4KPHVzZSB5PSI5NyIgeD0iODUiIHhsaW5rOmhyZWY9IiNjIi8+CjwvZz4KPGcgaWQ9ImIiPgo8ZWxsaXBzZSBjeT0iNDEiIHJ4PSI5MSIgcnk9Ijg0Ii8+CjxyZWN0IHJ4PSIyMiIgaGVpZ2h0PSIxODIiIHdpZHRoPSIxODIiIHk9IjIwIiB4PSItOTEiLz4KPC9nPgo8L2c+CjxnIHN0cm9rZT0iI0ZGRiIgc3Ryb2tlLXdpZHRoPSI3LjIiIGZpbGw9IiNGRkYiPgo8cGF0aCBkPSJtLTk1IDQ0LjVoMTkwIi8+PGNpcmNsZSBjeD0iLTQyIiByPSI0Ii8+PGNpcmNsZSBjeD0iNDIiIHI9IjQiLz4KPC9nPgo8L3N2Zz4=\" alt=\"Android Icon\"\/><a href=\"https:\/\/play.google.com\/store\/apps\/details?id=com.sonova.phonak.junior&#038;hl=en&#038;gl=US\" target=\"__blank\" rel=\"noopener\">Android<\/a><\/div><div class=\"text-center mobile-app-store mobile-app-store_apple\"><img decoding=\"async\" src=\"data:image\/svg+xml;base64,PD94bWwgdmVyc2lvbj0iMS4wIiBlbmNvZGluZz0iaXNvLTg4NTktMSI\/Pg0KPCEtLSBHZW5lcmF0b3I6IEFkb2JlIElsbHVzdHJhdG9yIDE2LjAuMCwgU1ZHIEV4cG9ydCBQbHVnLUluIC4gU1ZHIFZlcnNpb246IDYuMDAgQnVpbGQgMCkgIC0tPg0KPCFET0NUWVBFIHN2ZyBQVUJMSUMgIi0vL1czQy8vRFREIFNWRyAxLjEvL0VOIiAiaHR0cDovL3d3dy53My5vcmcvR3JhcGhpY3MvU1ZHLzEuMS9EVEQvc3ZnMTEuZHRkIj4NCjxzdmcgdmVyc2lvbj0iMS4xIiBpZD0iQ2FwYV8xIiB4bWxucz0iaHR0cDovL3d3dy53My5vcmcvMjAwMC9zdmciIHhtbG5zOnhsaW5rPSJodHRwOi8vd3d3LnczLm9yZy8xOTk5L3hsaW5rIiB4PSIwcHgiIHk9IjBweCINCgkgd2lkdGg9IjQ3NS4wODhweCIgaGVpZ2h0PSI0NzUuMDg4cHgiIHZpZXdCb3g9IjAgMCA0NzUuMDg4IDQ3NS4wODgiIHN0eWxlPSJlbmFibGUtYmFja2dyb3VuZDpuZXcgMCAwIDQ3NS4wODggNDc1LjA4ODsiDQoJIHhtbDpzcGFjZT0icHJlc2VydmUiPg0KPGc+DQoJPGc+DQoJCTxwYXRoIGQ9Ik0zOTEuMjksMzEwLjkxYy0xMy4xMzUtMTguODQyLTE5LjY5OC00MC4wNy0xOS42OTgtNjMuNjY2YzAtMjEuNTA4LDYuMTk0LTQxLjIxMywxOC41NTYtNTkuMTAyDQoJCQljNi42NjItOS43MDcsMTcuNTE0LTIwLjkzNCwzMi41NTEtMzMuNjg5Yy05Ljg5Ni0xMi4xNzgtMTkuNzkzLTIxLjY5NS0yOS42OTctMjguNTQ5Yy0xNy44OTEtMTIuMzctMzguMTY0LTE4LjU1NS02MC44MTItMTguNTU1DQoJCQljLTEzLjUxMSwwLTI5Ljk3OSwzLjIzNC00OS4zODksOS43MWMtMTguNjU0LDYuNDcxLTMyLjI2NSw5LjcxLTQwLjgyNiw5LjcxYy02LjQ3NSwwLTE5LjYwNi0yLjg1My0zOS40MDEtOC41NjYNCgkJCWMtMTkuOTg1LTUuNzExLTM2LjgzMS04LjU2NC01MC41MzUtOC41NjRjLTMyLjczOCwwLTU5Ljc2NiwxMy43MDYtODEuMDgzLDQxLjExMmMtMjEuNTA4LDI3Ljc5LTMyLjI2NCw2My4zODItMzIuMjY0LDEwNi43OA0KCQkJYzAsNDYuMDYyLDEzLjk5Myw5My45MjgsNDEuOTcxLDE0My42MDdjMjguMzU4LDQ5LjI5Nyw1Ny4wMDUsNzMuOTQ5LDg1LjkzNiw3My45NDljOS43MDcsMCwyMi4yNy0zLjIzNywzNy42ODUtOS43MDgNCgkJCWMxNS40Mi02LjI3NiwyOC45MzMtOS40MjEsNDAuNTQ1LTkuNDIxYzEyLjM2OCwwLDI2Ljc0MSwzLjA0NSw0My4xMDksOS4xMzNjMTcuMzE5LDYuMDg1LDMwLjY0Niw5LjEzMSwzOS45NzEsOS4xMzENCgkJCWMyNC4zNjIsMCw0OC44MjQtMTguNjU0LDczLjM3NC01NS45NTljMTUuOTg1LTIzLjc5MSwyNy42OTItNDcuNTgyLDM1LjExNS03MS4zNzZDNDE5LjQ1OCwzNDEuNzQ0LDQwNC40MjQsMzI5Ljc1MywzOTEuMjksMzEwLjkxDQoJCQl6Ii8+DQoJCTxwYXRoIGQ9Ik0yOTQuMjEzLDkwLjIxOWMxMS45OTQtMTEuOTkxLDIwLjg0NC0yNS4xMjYsMjYuNTU2LTM5LjM5OWM1LjUxNy0xNC4yNzUsOC4yNzEtMjcuMjIsOC4yNzEtMzguODMyDQoJCQljMC0wLjc1OS0wLjA0MS0xLjcxMi0wLjE0NC0yLjg1NWMtMC4wODYtMS4xNDItMC4xMzctMi4wOTEtMC4xMzctMi44NTNjLTAuMTkyLTAuNTcyLTAuNDI4LTEuNjE5LTAuNzEyLTMuMTQNCgkJCWMtMC4yODQtMS41MjEtMC41MjEtMi41NjgtMC43MTYtMy4xNGMtMzMuNDk5LDcuODA4LTU3LjI5LDIxLjg5Mi03MS4zNzYsNDIuMjU5Yy0xNC4yNzEsMjAuNTU3LTIxLjY5OCw0NS4wMTMtMjIuMjcsNzMuMzczDQoJCQljMTIuNzUzLTEuMTQzLDIyLjY0Ni0yLjc1OCwyOS42OTItNC44NTNDMjczLjY2MywxMDcuMzUyLDI4My45MjksMTAwLjQ5NywyOTQuMjEzLDkwLjIxOXoiLz4NCgk8L2c+DQo8L2c+DQo8Zz4NCjwvZz4NCjxnPg0KPC9nPg0KPGc+DQo8L2c+DQo8Zz4NCjwvZz4NCjxnPg0KPC9nPg0KPGc+DQo8L2c+DQo8Zz4NCjwvZz4NCjxnPg0KPC9nPg0KPGc+DQo8L2c+DQo8Zz4NCjwvZz4NCjxnPg0KPC9nPg0KPGc+DQo8L2c+DQo8Zz4NCjwvZz4NCjxnPg0KPC9nPg0KPGc+DQo8L2c+DQo8L3N2Zz4NCg==\" alt=\"Apple Icon\"\/><a href=\"https:\/\/apps.apple.com\/us\/app\/myphonak-junior\/id1541313920\" target=\"__blank\" rel=\"noopener\">iOS<\/a><\/div><\/div><\/div><\/div>\n\n\n\n<div class=\"wp-block-pho-app cell small-12 large-3\"><div class=\"mobile-app\"><img decoding=\"async\" src=\"https:\/\/intl.phonak.com\/es-bo\/wp-content\/uploads\/sites\/3\/2022\/02\/PH_Icon_myRogerMic_App_rounded-corners.png\" alt=\"App Logo\" class=\"mobile-app-logo\"\/><p class=\"text-center\">myRogerMic app<\/p><div class=\"flex-container align-justify\"><div class=\"text-center mobile-app-store mobile-app-store_android\"><img decoding=\"async\" src=\"data:image\/svg+xml;base64,PD94bWwgdmVyc2lvbj0iMS4wIj8+CjxzdmcgeG1sbnM9Imh0dHA6Ly93d3cudzMub3JnLzIwMDAvc3ZnIiB4bWxuczp4bGluaz0iaHR0cDovL3d3dy53My5vcmcvMTk5OS94bGluayIgdmlld0JveD0iLTE0NyAtNzAgMjk0IDM0NSI+CjxnIGZpbGw9IiNhNGM2MzkiPgo8dXNlIHN0cm9rZS13aWR0aD0iMTQuNCIgeGxpbms6aHJlZj0iI2IiIHN0cm9rZT0iI0ZGRiIvPgo8dXNlIHhsaW5rOmhyZWY9IiNhIiB0cmFuc2Zvcm09InNjYWxlKC0xLDEpIi8+CjxnIGlkPSJhIiBzdHJva2U9IiNGRkYiIHN0cm9rZS13aWR0aD0iNy4yIj4KPHJlY3Qgcng9IjYuNSIgdHJhbnNmb3JtPSJyb3RhdGUoMjkpIiBoZWlnaHQ9Ijg2IiB3aWR0aD0iMTMiIHk9Ii04NiIgeD0iMTQiLz4KPHJlY3QgaWQ9ImMiIHJ4PSIyNCIgaGVpZ2h0PSIxMzMiIHdpZHRoPSI0OCIgeT0iNDEiIHg9Ii0xNDMiLz4KPHVzZSB5PSI5NyIgeD0iODUiIHhsaW5rOmhyZWY9IiNjIi8+CjwvZz4KPGcgaWQ9ImIiPgo8ZWxsaXBzZSBjeT0iNDEiIHJ4PSI5MSIgcnk9Ijg0Ii8+CjxyZWN0IHJ4PSIyMiIgaGVpZ2h0PSIxODIiIHdpZHRoPSIxODIiIHk9IjIwIiB4PSItOTEiLz4KPC9nPgo8L2c+CjxnIHN0cm9rZT0iI0ZGRiIgc3Ryb2tlLXdpZHRoPSI3LjIiIGZpbGw9IiNGRkYiPgo8cGF0aCBkPSJtLTk1IDQ0LjVoMTkwIi8+PGNpcmNsZSBjeD0iLTQyIiByPSI0Ii8+PGNpcmNsZSBjeD0iNDIiIHI9IjQiLz4KPC9nPgo8L3N2Zz4=\" alt=\"Android Icon\"\/><a href=\"https:\/\/play.google.com\/store\/apps\/details?id=com.sonova.roger.myrogermic&#038;hl=en&#038;gl=US\" target=\"__blank\" rel=\"noopener\">Android<\/a><\/div><div class=\"text-center mobile-app-store mobile-app-store_apple\"><img decoding=\"async\" src=\"data:image\/svg+xml;base64,PD94bWwgdmVyc2lvbj0iMS4wIiBlbmNvZGluZz0iaXNvLTg4NTktMSI\/Pg0KPCEtLSBHZW5lcmF0b3I6IEFkb2JlIElsbHVzdHJhdG9yIDE2LjAuMCwgU1ZHIEV4cG9ydCBQbHVnLUluIC4gU1ZHIFZlcnNpb246IDYuMDAgQnVpbGQgMCkgIC0tPg0KPCFET0NUWVBFIHN2ZyBQVUJMSUMgIi0vL1czQy8vRFREIFNWRyAxLjEvL0VOIiAiaHR0cDovL3d3dy53My5vcmcvR3JhcGhpY3MvU1ZHLzEuMS9EVEQvc3ZnMTEuZHRkIj4NCjxzdmcgdmVyc2lvbj0iMS4xIiBpZD0iQ2FwYV8xIiB4bWxucz0iaHR0cDovL3d3dy53My5vcmcvMjAwMC9zdmciIHhtbG5zOnhsaW5rPSJodHRwOi8vd3d3LnczLm9yZy8xOTk5L3hsaW5rIiB4PSIwcHgiIHk9IjBweCINCgkgd2lkdGg9IjQ3NS4wODhweCIgaGVpZ2h0PSI0NzUuMDg4cHgiIHZpZXdCb3g9IjAgMCA0NzUuMDg4IDQ3NS4wODgiIHN0eWxlPSJlbmFibGUtYmFja2dyb3VuZDpuZXcgMCAwIDQ3NS4wODggNDc1LjA4ODsiDQoJIHhtbDpzcGFjZT0icHJlc2VydmUiPg0KPGc+DQoJPGc+DQoJCTxwYXRoIGQ9Ik0zOTEuMjksMzEwLjkxYy0xMy4xMzUtMTguODQyLTE5LjY5OC00MC4wNy0xOS42OTgtNjMuNjY2YzAtMjEuNTA4LDYuMTk0LTQxLjIxMywxOC41NTYtNTkuMTAyDQoJCQljNi42NjItOS43MDcsMTcuNTE0LTIwLjkzNCwzMi41NTEtMzMuNjg5Yy05Ljg5Ni0xMi4xNzgtMTkuNzkzLTIxLjY5NS0yOS42OTctMjguNTQ5Yy0xNy44OTEtMTIuMzctMzguMTY0LTE4LjU1NS02MC44MTItMTguNTU1DQoJCQljLTEzLjUxMSwwLTI5Ljk3OSwzLjIzNC00OS4zODksOS43MWMtMTguNjU0LDYuNDcxLTMyLjI2NSw5LjcxLTQwLjgyNiw5LjcxYy02LjQ3NSwwLTE5LjYwNi0yLjg1My0zOS40MDEtOC41NjYNCgkJCWMtMTkuOTg1LTUuNzExLTM2LjgzMS04LjU2NC01MC41MzUtOC41NjRjLTMyLjczOCwwLTU5Ljc2NiwxMy43MDYtODEuMDgzLDQxLjExMmMtMjEuNTA4LDI3Ljc5LTMyLjI2NCw2My4zODItMzIuMjY0LDEwNi43OA0KCQkJYzAsNDYuMDYyLDEzLjk5Myw5My45MjgsNDEuOTcxLDE0My42MDdjMjguMzU4LDQ5LjI5Nyw1Ny4wMDUsNzMuOTQ5LDg1LjkzNiw3My45NDljOS43MDcsMCwyMi4yNy0zLjIzNywzNy42ODUtOS43MDgNCgkJCWMxNS40Mi02LjI3NiwyOC45MzMtOS40MjEsNDAuNTQ1LTkuNDIxYzEyLjM2OCwwLDI2Ljc0MSwzLjA0NSw0My4xMDksOS4xMzNjMTcuMzE5LDYuMDg1LDMwLjY0Niw5LjEzMSwzOS45NzEsOS4xMzENCgkJCWMyNC4zNjIsMCw0OC44MjQtMTguNjU0LDczLjM3NC01NS45NTljMTUuOTg1LTIzLjc5MSwyNy42OTItNDcuNTgyLDM1LjExNS03MS4zNzZDNDE5LjQ1OCwzNDEuNzQ0LDQwNC40MjQsMzI5Ljc1MywzOTEuMjksMzEwLjkxDQoJCQl6Ii8+DQoJCTxwYXRoIGQ9Ik0yOTQuMjEzLDkwLjIxOWMxMS45OTQtMTEuOTkxLDIwLjg0NC0yNS4xMjYsMjYuNTU2LTM5LjM5OWM1LjUxNy0xNC4yNzUsOC4yNzEtMjcuMjIsOC4yNzEtMzguODMyDQoJCQljMC0wLjc1OS0wLjA0MS0xLjcxMi0wLjE0NC0yLjg1NWMtMC4wODYtMS4xNDItMC4xMzctMi4wOTEtMC4xMzctMi44NTNjLTAuMTkyLTAuNTcyLTAuNDI4LTEuNjE5LTAuNzEyLTMuMTQNCgkJCWMtMC4yODQtMS41MjEtMC41MjEtMi41NjgtMC43MTYtMy4xNGMtMzMuNDk5LDcuODA4LTU3LjI5LDIxLjg5Mi03MS4zNzYsNDIuMjU5Yy0xNC4yNzEsMjAuNTU3LTIxLjY5OCw0NS4wMTMtMjIuMjcsNzMuMzczDQoJCQljMTIuNzUzLTEuMTQzLDIyLjY0Ni0yLjc1OCwyOS42OTItNC44NTNDMjczLjY2MywxMDcuMzUyLDI4My45MjksMTAwLjQ5NywyOTQuMjEzLDkwLjIxOXoiLz4NCgk8L2c+DQo8L2c+DQo8Zz4NCjwvZz4NCjxnPg0KPC9nPg0KPGc+DQo8L2c+DQo8Zz4NCjwvZz4NCjxnPg0KPC9nPg0KPGc+DQo8L2c+DQo8Zz4NCjwvZz4NCjxnPg0KPC9nPg0KPGc+DQo8L2c+DQo8Zz4NCjwvZz4NCjxnPg0KPC9nPg0KPGc+DQo8L2c+DQo8Zz4NCjwvZz4NCjxnPg0KPC9nPg0KPGc+DQo8L2c+DQo8L3N2Zz4NCg==\" alt=\"Apple Icon\"\/><a href=\"https:\/\/apps.apple.com\/ch\/app\/myrogermic\/id1542183025\" target=\"__blank\" rel=\"noopener\">iOS<\/a><\/div><\/div><\/div><\/div>\n<\/div><\/div><\/div>\n<\/div>\n\n\n\n<div\n\tclass=\"wp-block-phonak-downloads is-forntend alignwide\"\n\tdata-attributes=\"{&quot;align&quot;:&quot;wide&quot;,&quot;perPage&quot;:10,&quot;showPagination&quot;:true,&quot;showFilter&quot;:true,&quot;enabledFilters&quot;:{&quot;platforms&quot;:true,&quot;docTypes&quot;:true,&quot;languages&quot;:true},&quot;showSearch&quot;:true,&quot;defaultPlatforms&quot;:[],&quot;defaultDocTypes&quot;:[],&quot;defaultLanguage&quot;:[]}\">\n<\/div>\n\n\n\n<div class=\"wp-block-group alignfull has-green-200-background-color has-background is-layout-flow wp-block-group-is-layout-flow\">\n<h2 class=\"wp-block-heading has-text-align-center\" id=\"contact-us\">Contacto<\/h2>\n\n\n\n<p class=\"has-text-align-center is-style-align-small\">Un aud\u00edologo puede ayudarle a tomar la decisi\u00f3n perfecta para usted. Tendr\u00e1n en cuenta sus necesidades auditivas, su presupuesto, su estilo de vida y sus preferencias auditivas individuales.<\/p>\n\n\n\n<div class=\"wp-block-buttons is-horizontal is-content-justification-center is-layout-flex wp-container-core-buttons-is-layout-499968f5 wp-block-buttons-is-layout-flex\">\n<div class=\"wp-block-button is-style-secondary\"><a class=\"wp-block-button__link wp-element-button\" href=\"https:\/\/intl.phonak.com\/es-bo\/contact\/\">Contacto<\/a><\/div>\n<\/div>\n<\/div>\n","protected":false},"excerpt":{"rendered":"<p>Contacto Un aud\u00edologo puede ayudarle a tomar la decisi\u00f3n perfecta para usted. Tendr\u00e1n en cuenta sus necesidades auditivas, su presupuesto,&#8230;<\/p>\n","protected":false},"author":5,"featured_media":0,"parent":240,"menu_order":0,"comment_status":"closed","ping_status":"closed","template":"","meta":{"_acf_changed":false,"inline_featured_image":false,"footnotes":""},"class_list":["post-280","page","type-page","status-publish","hentry"],"acf":[],"yoast_head":"<!-- This site is optimized with the Yoast SEO plugin v26.9 - https:\/\/yoast.com\/product\/yoast-seo-wordpress\/ -->\n<title>Descargas - Phonak - Bolivia<\/title>\n<meta name=\"robots\" content=\"index, follow, max-snippet:-1, max-image-preview:large, max-video-preview:-1\" \/>\n<link rel=\"canonical\" href=\"https:\/\/intl.phonak.com\/main-spanish\/soluciones\/descargas\/\" \/>\n<meta property=\"og:locale\" content=\"es_ES\" \/>\n<meta property=\"og:type\" content=\"article\" \/>\n<meta property=\"og:title\" content=\"Descargas - Phonak - Bolivia\" \/>\n<meta property=\"og:description\" content=\"Contacto Un aud\u00edologo puede ayudarle a tomar la decisi\u00f3n perfecta para usted. Tendr\u00e1n en cuenta sus necesidades auditivas, su presupuesto,...\" \/>\n<meta property=\"og:url\" content=\"https:\/\/intl.phonak.com\/es-bo\/soluciones\/descargas\/\" \/>\n<meta property=\"og:site_name\" content=\"Phonak - Bolivia\" \/>\n<meta property=\"article:modified_time\" content=\"2025-11-26T08:01:18+00:00\" \/>\n<meta property=\"og:image\" content=\"https:\/\/intl.phonak.com\/es-bo\/wp-content\/uploads\/sites\/3\/2022\/07\/myphonak-app-round-corners-icon.png\" \/>\n<meta name=\"twitter:card\" content=\"summary_large_image\" \/>\n<meta name=\"twitter:label1\" content=\"Est. reading time\" \/>\n\t<meta name=\"twitter:data1\" content=\"3 minutos\" \/>\n<script type=\"application\/ld+json\" class=\"yoast-schema-graph\">{\"@context\":\"https:\/\/schema.org\",\"@graph\":[{\"@type\":\"WebPage\",\"@id\":\"https:\/\/intl.phonak.com\/es-bo\/soluciones\/descargas\/\",\"url\":\"https:\/\/intl.phonak.com\/es-bo\/soluciones\/descargas\/\",\"name\":\"Descargas - Phonak - Bolivia\",\"isPartOf\":{\"@id\":\"https:\/\/intl.phonak.com\/es-bo\/#website\"},\"primaryImageOfPage\":{\"@id\":\"https:\/\/intl.phonak.com\/es-bo\/soluciones\/descargas\/#primaryimage\"},\"image\":{\"@id\":\"https:\/\/intl.phonak.com\/es-bo\/soluciones\/descargas\/#primaryimage\"},\"thumbnailUrl\":\"https:\/\/intl.phonak.com\/es-bo\/wp-content\/uploads\/sites\/3\/2022\/07\/myphonak-app-round-corners-icon.png\",\"datePublished\":\"2021-11-16T21:23:26+00:00\",\"dateModified\":\"2025-11-26T08:01:18+00:00\",\"breadcrumb\":{\"@id\":\"https:\/\/intl.phonak.com\/es-bo\/soluciones\/descargas\/#breadcrumb\"},\"inLanguage\":\"es\",\"potentialAction\":[{\"@type\":\"ReadAction\",\"target\":[\"https:\/\/intl.phonak.com\/es-bo\/soluciones\/descargas\/\"]}]},{\"@type\":\"ImageObject\",\"inLanguage\":\"es\",\"@id\":\"https:\/\/intl.phonak.com\/es-bo\/soluciones\/descargas\/#primaryimage\",\"url\":\"https:\/\/intl.phonak.com\/es-bo\/wp-content\/uploads\/sites\/3\/2022\/07\/myphonak-app-round-corners-icon.png\",\"contentUrl\":\"https:\/\/intl.phonak.com\/es-bo\/wp-content\/uploads\/sites\/3\/2022\/07\/myphonak-app-round-corners-icon.png\"},{\"@type\":\"BreadcrumbList\",\"@id\":\"https:\/\/intl.phonak.com\/es-bo\/soluciones\/descargas\/#breadcrumb\",\"itemListElement\":[{\"@type\":\"ListItem\",\"position\":1,\"name\":\"Home\",\"item\":\"https:\/\/intl.phonak.com\/es-bo\/\"},{\"@type\":\"ListItem\",\"position\":2,\"name\":\"Soluciones\",\"item\":\"https:\/\/intl.phonak.com\/es-bo\/soluciones\/\"},{\"@type\":\"ListItem\",\"position\":3,\"name\":\"Descargas\"}]},{\"@type\":\"WebSite\",\"@id\":\"https:\/\/intl.phonak.com\/es-bo\/#website\",\"url\":\"https:\/\/intl.phonak.com\/es-bo\/\",\"name\":\"Phonak - Bolivia\",\"description\":\"Comprometidos con el cambio de vidas\",\"potentialAction\":[{\"@type\":\"SearchAction\",\"target\":{\"@type\":\"EntryPoint\",\"urlTemplate\":\"https:\/\/intl.phonak.com\/es-bo\/?s={search_term_string}\"},\"query-input\":{\"@type\":\"PropertyValueSpecification\",\"valueRequired\":true,\"valueName\":\"search_term_string\"}}],\"inLanguage\":\"es\"}]}<\/script>\n<!-- \/ Yoast SEO plugin. -->","yoast_head_json":{"title":"Descargas - Phonak - Bolivia","robots":{"index":"index","follow":"follow","max-snippet":"max-snippet:-1","max-image-preview":"max-image-preview:large","max-video-preview":"max-video-preview:-1"},"canonical":"https:\/\/intl.phonak.com\/main-spanish\/soluciones\/descargas\/","og_locale":"es_ES","og_type":"article","og_title":"Descargas - Phonak - Bolivia","og_description":"Contacto Un aud\u00edologo puede ayudarle a tomar la decisi\u00f3n perfecta para usted. Tendr\u00e1n en cuenta sus necesidades auditivas, su presupuesto,...","og_url":"https:\/\/intl.phonak.com\/es-bo\/soluciones\/descargas\/","og_site_name":"Phonak - Bolivia","article_modified_time":"2025-11-26T08:01:18+00:00","og_image":[{"url":"https:\/\/intl.phonak.com\/es-bo\/wp-content\/uploads\/sites\/3\/2022\/07\/myphonak-app-round-corners-icon.png","type":"","width":"","height":""}],"twitter_card":"summary_large_image","twitter_misc":{"Est. reading time":"3 minutos"},"schema":{"@context":"https:\/\/schema.org","@graph":[{"@type":"WebPage","@id":"https:\/\/intl.phonak.com\/es-bo\/soluciones\/descargas\/","url":"https:\/\/intl.phonak.com\/es-bo\/soluciones\/descargas\/","name":"Descargas - Phonak - Bolivia","isPartOf":{"@id":"https:\/\/intl.phonak.com\/es-bo\/#website"},"primaryImageOfPage":{"@id":"https:\/\/intl.phonak.com\/es-bo\/soluciones\/descargas\/#primaryimage"},"image":{"@id":"https:\/\/intl.phonak.com\/es-bo\/soluciones\/descargas\/#primaryimage"},"thumbnailUrl":"https:\/\/intl.phonak.com\/es-bo\/wp-content\/uploads\/sites\/3\/2022\/07\/myphonak-app-round-corners-icon.png","datePublished":"2021-11-16T21:23:26+00:00","dateModified":"2025-11-26T08:01:18+00:00","breadcrumb":{"@id":"https:\/\/intl.phonak.com\/es-bo\/soluciones\/descargas\/#breadcrumb"},"inLanguage":"es","potentialAction":[{"@type":"ReadAction","target":["https:\/\/intl.phonak.com\/es-bo\/soluciones\/descargas\/"]}]},{"@type":"ImageObject","inLanguage":"es","@id":"https:\/\/intl.phonak.com\/es-bo\/soluciones\/descargas\/#primaryimage","url":"https:\/\/intl.phonak.com\/es-bo\/wp-content\/uploads\/sites\/3\/2022\/07\/myphonak-app-round-corners-icon.png","contentUrl":"https:\/\/intl.phonak.com\/es-bo\/wp-content\/uploads\/sites\/3\/2022\/07\/myphonak-app-round-corners-icon.png"},{"@type":"BreadcrumbList","@id":"https:\/\/intl.phonak.com\/es-bo\/soluciones\/descargas\/#breadcrumb","itemListElement":[{"@type":"ListItem","position":1,"name":"Home","item":"https:\/\/intl.phonak.com\/es-bo\/"},{"@type":"ListItem","position":2,"name":"Soluciones","item":"https:\/\/intl.phonak.com\/es-bo\/soluciones\/"},{"@type":"ListItem","position":3,"name":"Descargas"}]},{"@type":"WebSite","@id":"https:\/\/intl.phonak.com\/es-bo\/#website","url":"https:\/\/intl.phonak.com\/es-bo\/","name":"Phonak - Bolivia","description":"Comprometidos con el cambio de vidas","potentialAction":[{"@type":"SearchAction","target":{"@type":"EntryPoint","urlTemplate":"https:\/\/intl.phonak.com\/es-bo\/?s={search_term_string}"},"query-input":{"@type":"PropertyValueSpecification","valueRequired":true,"valueName":"search_term_string"}}],"inLanguage":"es"}]}},"jetpack_sharing_enabled":true,"distributor_meta":false,"distributor_terms":false,"distributor_media":false,"distributor_original_site_name":"Phonak - Bolivia","distributor_original_site_url":"https:\/\/intl.phonak.com\/es-bo","push-errors":false,"_links":{"self":[{"href":"https:\/\/intl.phonak.com\/es-bo\/wp-json\/wp\/v2\/pages\/280","targetHints":{"allow":["GET"]}}],"collection":[{"href":"https:\/\/intl.phonak.com\/es-bo\/wp-json\/wp\/v2\/pages"}],"about":[{"href":"https:\/\/intl.phonak.com\/es-bo\/wp-json\/wp\/v2\/types\/page"}],"author":[{"embeddable":true,"href":"https:\/\/intl.phonak.com\/es-bo\/wp-json\/wp\/v2\/users\/5"}],"replies":[{"embeddable":true,"href":"https:\/\/intl.phonak.com\/es-bo\/wp-json\/wp\/v2\/comments?post=280"}],"version-history":[{"count":7,"href":"https:\/\/intl.phonak.com\/es-bo\/wp-json\/wp\/v2\/pages\/280\/revisions"}],"predecessor-version":[{"id":1349,"href":"https:\/\/intl.phonak.com\/es-bo\/wp-json\/wp\/v2\/pages\/280\/revisions\/1349"}],"up":[{"embeddable":true,"href":"https:\/\/intl.phonak.com\/es-bo\/wp-json\/wp\/v2\/pages\/240"}],"wp:attachment":[{"href":"https:\/\/intl.phonak.com\/es-bo\/wp-json\/wp\/v2\/media?parent=280"}],"curies":[{"name":"wp","href":"https:\/\/api.w.org\/{rel}","templated":true}]}}