{"id":238,"date":"2024-05-30T14:53:19","date_gmt":"2024-05-30T14:53:19","guid":{"rendered":"https:\/\/intl.phonak.com\/es-bo\/?page_id=238"},"modified":"2024-05-30T14:53:20","modified_gmt":"2024-05-30T14:53:20","slug":"roger-para-la-educacion","status":"publish","type":"page","link":"https:\/\/intl.phonak.com\/es-bo\/soluciones\/roger-para-la-educacion\/","title":{"rendered":"Roger para educaci\u00f3n"},"content":{"rendered":"\n<div class=\"wp-block-cover alignfull is-light\" style=\"min-height:430px;aspect-ratio:unset;\"><span aria-hidden=\"true\" class=\"wp-block-cover__background has-white-background-color has-background-dim\"><\/span><img decoding=\"async\" class=\"wp-block-cover__image-background wp-image-5658\" alt=\"\" src=\"https:\/\/intl.phonak.com\/main-english\/wp-content\/uploads\/sites\/3\/2022\/03\/Banner-roger-for-education.jpg\" style=\"object-position:96% 70%\" data-object-fit=\"cover\" data-object-position=\"96% 70%\"\/><div class=\"wp-block-cover__inner-container is-layout-flow wp-block-cover-is-layout-flow\">\n<h1 class=\"wp-block-heading has-text-align-center has-dark-grey-color has-text-color\" id=\"why-hearing-health-matters\">La comprensi\u00f3n en el aula<\/h1>\n\n\n\n<p class=\"has-text-align-center has-dark-grey-color has-text-color has-lead-font-size\">La mejora de la audici\u00f3n y la comprensi\u00f3n en un sal\u00f3n de clases marca una diferencia positiva en la educaci\u00f3n de su hijo<\/p>\n<\/div><\/div>\n\n\n\n<h2 class=\"wp-block-heading has-text-align-center\">Participaci\u00f3n activa en las aulas modernas<\/h2>\n\n\n\n<p class=\"has-text-align-center\">Para todos los ni\u00f1os, especialmente aquellos con dificultades auditivas, es importante o\u00edr bien en la escuela. Las clases son un lugar din\u00e1mico destinado al aprendizaje de las asignaturas y la interacci\u00f3n. Para que todos los alumnos puedan participar al m\u00e1ximo, deben ser capaces de o\u00edr tanto lo que dice el profesor y el resto de los compa\u00f1eros, como el contenido multimedia que se reproduce en clase. Con Roger para educaci\u00f3n, hay una soluci\u00f3n para cada situaci\u00f3n.<\/p>\n\n\n\n<div style=\"height:68px\" aria-hidden=\"true\" class=\"wp-block-spacer\"><\/div>\n\n\n<div class=\"brightcove-block\">\t\t<!-- Start of Brightcove Player -->\n\t\t\t\t\t\t<div style=\"display: block; position: relative; min-width: 0px; max-width: 640px;\">\n\t\t\t\t\t<div style=\"padding-top: 56%; \">\n\t\t\t\t\t\t<video-js\n\t\t\t\t\t\t\t\tid=\"5477196692001\"\n\t\t\t\t\t\t\t\tdata-video-id=\"5477196692001\" data-account=\"753371577001\"\n\t\t\t\t\t\t\t\tdata-player=\"bvzyxMKLBm\"\n\t\t\t\t\t\t\t\tdata-usage=\"cms:WordPress:6.8.5:2.8.8:javascript\"\n\t\t\t\t\t\t\t\tdata-embed=\"default\" class=\"video-js\"\n\t\t\t\t\t\t\t\tdata-application-id=\"\"\n\t\t\t\t\t\t\t\tcontrols   \t\t\t\t\t\t\t\tstyle=\"width: 100%; height: 100%; position: absolute; top: 0; bottom: 0; right: 0; left: 0;\">\n\t\t\t\t\t\t<\/video-js>\n\n\t\t\t\t\t\t<script src=\"https:\/\/players.brightcove.net\/753371577001\/bvzyxMKLBm_default\/index.min.js\"><\/script> \t\t\t\t\t<\/div>\n\t\t\t\t<\/div>\n\t\t\t\t\t\t<!-- End of Brightcove Player -->\n\t\t<\/div>\n\n\n<div style=\"height:58px\" aria-hidden=\"true\" class=\"wp-block-spacer\"><\/div>\n\n\n\n<p class=\"has-text-align-center\">Un aula moderna se compone de muchos elementos que crean un entorno de aprendizaje din\u00e1mico. Desde<br>el trabajo entre pares y las conferencias hasta las actividades que incluyen diversas formas de multimedia, es un lugar<br>dise\u00f1ado para que tanto los estudiantes como los profesores participen, se comprometan, discutan e interact\u00faen realmente.<\/p>\n\n\n\n<p class=\"has-text-align-center\"><br>Con el fin de mantenerse al d\u00eda con los entornos de aprendizaje que cambian r\u00e1pidamente, la cartera de Roger para educaci\u00f3n ofrece<br>varias soluciones intuitivas y f\u00e1ciles de usar, dise\u00f1adas espec\u00edficamente para cualquier lecci\u00f3n. Tanto los estudiantes como los profesores<br>tienen ahora la oportunidad de dominar diversas actividades modernas en el aula con facilidad.<\/p>\n\n\n\n<div style=\"height:76px\" aria-hidden=\"true\" class=\"wp-block-spacer\"><\/div>\n\n\n\n<div class=\"wp-block-columns is-layout-flex wp-container-core-columns-is-layout-9d6595d7 wp-block-columns-is-layout-flex\">\n<div class=\"wp-block-column is-layout-flow wp-block-column-is-layout-flow\">\n<figure class=\"wp-block-image aligncenter size-large is-resized\"><img decoding=\"async\" src=\"https:\/\/intl.phonak.com\/main-english\/wp-content\/uploads\/sites\/3\/2022\/03\/Roger-for-education.jpg?w=1024\" alt=\"\" class=\"wp-image-5666\"\/><\/figure>\n<\/div>\n\n\n\n<div class=\"wp-block-column is-layout-flow wp-block-column-is-layout-flow\">\n<figure class=\"wp-block-image aligncenter size-large is-resized\"><img decoding=\"async\" src=\"https:\/\/intl.phonak.com\/main-english\/wp-content\/uploads\/sites\/3\/2022\/03\/Roger-for-education-05.jpg?w=1024\" alt=\"\" class=\"wp-image-5668\"\/><\/figure>\n<\/div>\n\n\n\n<div class=\"wp-block-column is-layout-flow wp-block-column-is-layout-flow\">\n<figure class=\"wp-block-image aligncenter size-large is-resized\"><img decoding=\"async\" src=\"https:\/\/intl.phonak.com\/main-english\/wp-content\/uploads\/sites\/3\/2023\/12\/Visual_PH_Pic_RogerOn-highereducationnogreen_02.jpg?w=1024\" alt=\"Lecture\" class=\"wp-image-7318\"\/><\/figure>\n<\/div>\n<\/div>\n\n\n\n<div class=\"wp-block-columns is-layout-flex wp-container-core-columns-is-layout-9d6595d7 wp-block-columns-is-layout-flex\">\n<div class=\"wp-block-column is-layout-flow wp-block-column-is-layout-flow\">\n<h5 class=\"wp-block-heading has-text-align-center has-blue-color has-text-color\">Modo de micr\u00f3fono autom\u00e1tico<\/h5>\n\n\n\n<p class=\"has-text-align-center\">Los ajustes totalmente autom\u00e1ticos del micr\u00f3fono permiten un uso \u00f3ptimo con una intervenci\u00f3n m\u00ednima por parte de los estudiantes o profesores. El modo de micr\u00f3fono adecuado se elige autom\u00e1ticamente en funci\u00f3n de la orientaci\u00f3n del dispositivo. Esto hace que sea f\u00e1cil de usar en el d\u00eda a d\u00eda para profesores y estudiantes.<\/p>\n<\/div>\n\n\n\n<div class=\"wp-block-column is-layout-flow wp-block-column-is-layout-flow\">\n<h5 class=\"wp-block-heading has-text-align-center has-blue-color has-text-color\">Indicador luminoso intuitivo<\/h5>\n\n\n\n<p class=\"has-text-align-center\">Roger cuenta con un concepto de indicador luminoso en todos los dispositivos que es claramente visible y f\u00e1cil de entender tanto para los estudiantes como para los profesores. Las luces indicadoras confirman el estado operativo de cada dispositivo, ya sea encendido, apagado, cargando, silenciado o siendo utilizado con varias personas hablando en una red.<\/p>\n<\/div>\n\n\n\n<div class=\"wp-block-column is-layout-flow wp-block-column-is-layout-flow\">\n<h5 class=\"wp-block-heading has-text-align-center has-blue-color has-text-color\">Conexi\u00f3n con un solo toque<\/h5>\n\n\n\n<p class=\"has-text-align-center\">Conectar micr\u00f3fonos y receptores nunca ha sido tan f\u00e1cil. Simplemente coloque el Roger Touchscreen Mic cerca de un receptor u otro dispositivo Roger y toque &#8216;Conectar&#8217;.<\/p>\n<\/div>\n<\/div>\n\n\n\n<div style=\"height:44px\" aria-hidden=\"true\" class=\"wp-block-spacer\"><\/div>\n\n\n\n<div style=\"height:36px\" aria-hidden=\"true\" class=\"wp-block-spacer\"><\/div>\n\n\n\n<h2 class=\"wp-block-heading has-text-align-center\">El portafolio SoundField de Roger para educaci\u00f3n<\/h2>\n\n\n\n<div style=\"height:36px\" aria-hidden=\"true\" class=\"wp-block-spacer\"><\/div>\n\n\n\n<p class=\"has-text-align-center\">Con un amplio portafolio de productos que incluye una gama de micr\u00f3fonos y altavoces Roger entre los que elegir, se pueden superar los retos de escucha en el aula. Los ni\u00f1os pueden simplemente aprender, y los maestros ense\u00f1an, sin l\u00edmites.<\/p>\n\n\n\n<div style=\"height:36px\" aria-hidden=\"true\" class=\"wp-block-spacer\"><\/div>\n\n\n\n<figure class=\"wp-block-image aligncenter size-large is-style-default\"><img decoding=\"async\" src=\"https:\/\/intl.phonak.com\/main-english\/wp-content\/uploads\/sites\/3\/2022\/03\/Roger_SoundField_for_eduction.jpg?w=1024\" alt=\"\" class=\"wp-image-5657\"\/><\/figure>\n\n\n\n<div style=\"height:38px\" aria-hidden=\"true\" class=\"wp-block-spacer\"><\/div>\n\n\n\n<div class=\"wp-block-group alignfull is-style-default has-light-grey-background-color has-background is-layout-flow wp-block-group-is-layout-flow\">\n\t<div class=\"wp-block-pho-product-selection \">\n\t\t<div class=\"grid-x grid-padding-x grid-padding-y\">\n\n\t\t\t\t\t\t\t<div class=\"cell\">\n\t\t\t\t\t<h2 class=\"text-center\">Productos<\/h2>\n\t\t\t\t<\/div>\n\t\t\t\t\n\t\t\t\t<div class=\"cell medium-6 large-4 flex-container\">\n\t\t\t\t\t\n<article id=\"post-91\" class=\"product-card post-91 pho_products type-pho_products status-publish has-post-thumbnail hentry pho_product_type-roger pho_product_category-microfonos-roger pho_product_platforms-roger\">\n\t\t<a class=\"flex-container flex-dir-column align-justify align-top\" href=\"https:\/\/intl.phonak.com\/es-bo\/producto\/roger-touchscreen-mic\/\">\n\t\t<div class=\"product-card-content-wrapper\">\n\t\t\t\n\t\t\t\t<div class=\"product-image-wrapper\">\n\t\t\t\t\t<img loading=\"lazy\" decoding=\"async\" width=\"600\" height=\"600\" src=\"https:\/\/intl.phonak.com\/es-bo\/wp-content\/uploads\/sites\/54\/2021\/11\/Packshot_Roger_Touchscreen_Mic_Standing_Perspective_052-3297-P5_ec01d6.png?w=600\" class=\"attachment-post-thumbnail size-post-thumbnail wp-post-image\" alt=\"\" srcset=\"https:\/\/intl.phonak.com\/es-bo\/wp-content\/uploads\/sites\/54\/2021\/11\/Packshot_Roger_Touchscreen_Mic_Standing_Perspective_052-3297-P5_ec01d6.png 600w, https:\/\/intl.phonak.com\/es-bo\/wp-content\/uploads\/sites\/54\/2021\/11\/Packshot_Roger_Touchscreen_Mic_Standing_Perspective_052-3297-P5_ec01d6.png?resize=150,150 150w, https:\/\/intl.phonak.com\/es-bo\/wp-content\/uploads\/sites\/54\/2021\/11\/Packshot_Roger_Touchscreen_Mic_Standing_Perspective_052-3297-P5_ec01d6.png?resize=300,300 300w\" sizes=\"auto, (max-width: 600px) 100vw, 600px\" \/>\t\t\t\t<\/div>\n\n\t\t\t\t<h3 class=\"entry-title\">Roger Touchscreen Mic<\/h3><p>Micr\u00f3fono sencillo e intuitivo para que el profesor lo lleve o lo coloque sobre una mesa para captar el discurso de un grupo de alumnos.<\/p>\n\t\t<\/div>\n\t\t<div class=\"wp-block-button\">\n\t\t\t<div class=\"wp-block-button__link\">Leer m\u00e1s<\/div>\n\t\t<\/div>\n\t<\/a>\n<\/article><!-- #post-91 -->\n\t\t\t\t<\/div>\n\n\t\t\t\t\n\t\t\t\t<div class=\"cell medium-6 large-4 flex-container\">\n\t\t\t\t\t\n<article id=\"post-103\" class=\"product-card post-103 pho_products type-pho_products status-publish has-post-thumbnail hentry pho_product_type-roger pho_product_category-microfonos-roger pho_product_platforms-roger\">\n\t\t<a class=\"flex-container flex-dir-column align-justify align-top\" href=\"https:\/\/intl.phonak.com\/es-bo\/producto\/roger-pass-around\/\">\n\t\t<div class=\"product-card-content-wrapper\">\n\t\t\t\n\t\t\t\t<div class=\"product-image-wrapper\">\n\t\t\t\t\t<img loading=\"lazy\" decoding=\"async\" width=\"600\" height=\"600\" src=\"https:\/\/intl.phonak.com\/es-bo\/wp-content\/uploads\/sites\/54\/2021\/11\/Packshot_Roger_Pass-around_Standing_Perspective_052-3261-P5_16e845.png?w=600\" class=\"attachment-post-thumbnail size-post-thumbnail wp-post-image\" alt=\"\" srcset=\"https:\/\/intl.phonak.com\/es-bo\/wp-content\/uploads\/sites\/54\/2021\/11\/Packshot_Roger_Pass-around_Standing_Perspective_052-3261-P5_16e845.png 600w, https:\/\/intl.phonak.com\/es-bo\/wp-content\/uploads\/sites\/54\/2021\/11\/Packshot_Roger_Pass-around_Standing_Perspective_052-3261-P5_16e845.png?resize=150,150 150w, https:\/\/intl.phonak.com\/es-bo\/wp-content\/uploads\/sites\/54\/2021\/11\/Packshot_Roger_Pass-around_Standing_Perspective_052-3261-P5_16e845.png?resize=300,300 300w\" sizes=\"auto, (max-width: 600px) 100vw, 600px\" \/>\t\t\t\t<\/div>\n\n\t\t\t\t<h3 class=\"entry-title\">Roger Pass-around<\/h3><p>Micr\u00f3fono de estudiante que se puede pasar de un lado a otro, lo que permite que el ni\u00f1o con p\u00e9rdida auditiva escuche.<\/p>\n\t\t<\/div>\n\t\t<div class=\"wp-block-button\">\n\t\t\t<div class=\"wp-block-button__link\">Leer m\u00e1s<\/div>\n\t\t<\/div>\n\t<\/a>\n<\/article><!-- #post-103 -->\n\t\t\t\t<\/div>\n\n\t\t\t\t\n\t\t\t\t<div class=\"cell medium-6 large-4 flex-container\">\n\t\t\t\t\t\n<article id=\"post-100\" class=\"product-card post-100 pho_products type-pho_products status-publish has-post-thumbnail hentry pho_product_type-roger pho_product_category-microfonos-roger pho_product_platforms-roger\">\n\t\t<a class=\"flex-container flex-dir-column align-justify align-top\" href=\"https:\/\/intl.phonak.com\/es-bo\/producto\/roger-multimedia-hub\/\">\n\t\t<div class=\"product-card-content-wrapper\">\n\t\t\t\n\t\t\t\t<div class=\"product-image-wrapper\">\n\t\t\t\t\t<img loading=\"lazy\" decoding=\"async\" width=\"600\" height=\"600\" src=\"https:\/\/intl.phonak.com\/es-bo\/wp-content\/uploads\/sites\/54\/2021\/11\/Packshot_Roger_Multimedia_Hub_Standing_Perspective_052-3299-P5_d8672a.png?w=600\" class=\"attachment-post-thumbnail size-post-thumbnail wp-post-image\" alt=\"\" srcset=\"https:\/\/intl.phonak.com\/es-bo\/wp-content\/uploads\/sites\/54\/2021\/11\/Packshot_Roger_Multimedia_Hub_Standing_Perspective_052-3299-P5_d8672a.png 600w, https:\/\/intl.phonak.com\/es-bo\/wp-content\/uploads\/sites\/54\/2021\/11\/Packshot_Roger_Multimedia_Hub_Standing_Perspective_052-3299-P5_d8672a.png?resize=150,150 150w, https:\/\/intl.phonak.com\/es-bo\/wp-content\/uploads\/sites\/54\/2021\/11\/Packshot_Roger_Multimedia_Hub_Standing_Perspective_052-3299-P5_d8672a.png?resize=300,300 300w\" sizes=\"auto, (max-width: 600px) 100vw, 600px\" \/>\t\t\t\t<\/div>\n\n\t\t\t\t<h3 class=\"entry-title\">Roger Multimedia Hub<\/h3><p>Transmisor que se puede utilizar en una red Roger y se puede conectar a cualquier dispositivo multimedia utilizado en un aula. <\/p>\n\t\t<\/div>\n\t\t<div class=\"wp-block-button\">\n\t\t\t<div class=\"wp-block-button__link\">Leer m\u00e1s<\/div>\n\t\t<\/div>\n\t<\/a>\n<\/article><!-- #post-100 -->\n\t\t\t\t<\/div>\n\n\t\t\t\t\n\t\t<\/div>\n\t<\/div>\n\n\t\n\n\n<div class=\"wp-block-buttons is-content-justification-center is-layout-flex wp-container-core-buttons-is-layout-16018d1d wp-block-buttons-is-layout-flex\">\n<div class=\"wp-block-button\"><a class=\"wp-block-button__link wp-element-button\" href=\"https:\/\/intl.phonak.com\/main-english\/solutions\/products\/\">Todos los productos<\/a><\/div>\n<\/div>\n<\/div>\n\n\n\n<div class=\"wp-block-media-text is-stacked-on-mobile cta-block\" style=\"grid-template-columns:35% auto\"><figure class=\"wp-block-media-text__media\"><img decoding=\"async\" src=\"https:\/\/intl.phonak.com\/main-english\/wp-content\/uploads\/sites\/3\/2021\/11\/cta-image.jpg?w=401\" alt=\"\" class=\"wp-image-6738 size-full\"\/><\/figure><div class=\"wp-block-media-text__content\">\n<div class=\"wp-block-create-block-icon-selector\"><i class=\"fal fa-map-marker-alt\"><\/i><\/div>\n\n\n\n<h3 class=\"wp-block-heading\">Expertos en audici\u00f3n cerca de usted <\/h3>\n\n\n\n<p>Los profesionales de la salud auditiva pueden ayudarle a tomar la decisi\u00f3n perfecta para usted. Tendr\u00e1n en cuenta sus necesidades auditivas, su presupuesto, su estilo de vida y sus preferencias auditivas individuales. <\/p>\n\n\n\n<div class=\"wp-block-buttons is-layout-flex wp-block-buttons-is-layout-flex\">\n<div class=\"wp-block-button is-style-marker-green\"><a class=\"wp-block-button__link wp-element-button\" href=\"https:\/\/intl.phonak.com\/es-bo\/encontrar-un-experto\/\">Encontrar un experto<\/a><\/div>\n<\/div>\n<\/div><\/div>\n","protected":false},"excerpt":{"rendered":"<p>Participaci\u00f3n activa en las aulas modernas Para todos los ni\u00f1os, especialmente aquellos con dificultades auditivas, es importante o\u00edr bien en&#8230;<\/p>\n","protected":false},"author":14,"featured_media":0,"parent":240,"menu_order":0,"comment_status":"closed","ping_status":"closed","template":"","meta":{"_acf_changed":false,"inline_featured_image":false,"footnotes":""},"class_list":["post-238","page","type-page","status-publish","hentry"],"acf":[],"yoast_head":"<!-- This site is optimized with the Yoast SEO plugin v26.9 - https:\/\/yoast.com\/product\/yoast-seo-wordpress\/ -->\n<title>Roger para educaci\u00f3n - Phonak - Bolivia<\/title>\n<meta name=\"robots\" content=\"index, follow, max-snippet:-1, max-image-preview:large, max-video-preview:-1\" \/>\n<link rel=\"canonical\" href=\"https:\/\/intl.phonak.com\/main-spanish\/soluciones\/roger-para-la-educacion\/\" \/>\n<meta property=\"og:locale\" content=\"es_ES\" \/>\n<meta property=\"og:type\" content=\"article\" \/>\n<meta property=\"og:title\" content=\"Roger para educaci\u00f3n - Phonak - Bolivia\" \/>\n<meta property=\"og:description\" content=\"Participaci\u00f3n activa en las aulas modernas Para todos los ni\u00f1os, especialmente aquellos con dificultades auditivas, es importante o\u00edr bien en...\" \/>\n<meta property=\"og:url\" content=\"https:\/\/intl.phonak.com\/es-bo\/soluciones\/roger-para-la-educacion\/\" \/>\n<meta property=\"og:site_name\" content=\"Phonak - Bolivia\" \/>\n<meta property=\"article:modified_time\" content=\"2024-05-30T14:53:20+00:00\" \/>\n<meta property=\"og:image\" content=\"https:\/\/intl.phonak.com\/main-english\/wp-content\/uploads\/sites\/3\/2022\/03\/Banner-roger-for-education.jpg\" \/>\n<meta name=\"twitter:card\" content=\"summary_large_image\" \/>\n<meta name=\"twitter:label1\" content=\"Est. reading time\" \/>\n\t<meta name=\"twitter:data1\" content=\"3 minutos\" \/>\n<script type=\"application\/ld+json\" class=\"yoast-schema-graph\">{\"@context\":\"https:\/\/schema.org\",\"@graph\":[{\"@type\":\"WebPage\",\"@id\":\"https:\/\/intl.phonak.com\/es-bo\/?page_id=238\",\"url\":\"https:\/\/intl.phonak.com\/es-bo\/?page_id=238\",\"name\":\"Roger para educaci\u00f3n - Phonak - Bolivia\",\"isPartOf\":{\"@id\":\"https:\/\/intl.phonak.com\/es-bo\/#website\"},\"primaryImageOfPage\":{\"@id\":\"https:\/\/intl.phonak.com\/es-bo\/?page_id=238#primaryimage\"},\"image\":{\"@id\":\"https:\/\/intl.phonak.com\/es-bo\/?page_id=238#primaryimage\"},\"thumbnailUrl\":\"https:\/\/intl.phonak.com\/main-english\/wp-content\/uploads\/sites\/3\/2022\/03\/Banner-roger-for-education.jpg\",\"datePublished\":\"2024-05-30T14:53:19+00:00\",\"dateModified\":\"2024-05-30T14:53:20+00:00\",\"breadcrumb\":{\"@id\":\"https:\/\/intl.phonak.com\/es-bo\/?page_id=238#breadcrumb\"},\"inLanguage\":\"es\",\"potentialAction\":[{\"@type\":\"ReadAction\",\"target\":[\"https:\/\/intl.phonak.com\/es-bo\/?page_id=238\"]}]},{\"@type\":\"ImageObject\",\"inLanguage\":\"es\",\"@id\":\"https:\/\/intl.phonak.com\/es-bo\/?page_id=238#primaryimage\",\"url\":\"https:\/\/intl.phonak.com\/main-english\/wp-content\/uploads\/sites\/3\/2022\/03\/Banner-roger-for-education.jpg\",\"contentUrl\":\"https:\/\/intl.phonak.com\/main-english\/wp-content\/uploads\/sites\/3\/2022\/03\/Banner-roger-for-education.jpg\"},{\"@type\":\"BreadcrumbList\",\"@id\":\"https:\/\/intl.phonak.com\/es-bo\/?page_id=238#breadcrumb\",\"itemListElement\":[{\"@type\":\"ListItem\",\"position\":1,\"name\":\"Home\",\"item\":\"https:\/\/intl.phonak.com\/es-bo\/\"},{\"@type\":\"ListItem\",\"position\":2,\"name\":\"Roger para educaci\u00f3n\"}]},{\"@type\":\"WebSite\",\"@id\":\"https:\/\/intl.phonak.com\/es-bo\/#website\",\"url\":\"https:\/\/intl.phonak.com\/es-bo\/\",\"name\":\"Phonak - Bolivia\",\"description\":\"Comprometidos con el cambio de vidas\",\"potentialAction\":[{\"@type\":\"SearchAction\",\"target\":{\"@type\":\"EntryPoint\",\"urlTemplate\":\"https:\/\/intl.phonak.com\/es-bo\/?s={search_term_string}\"},\"query-input\":{\"@type\":\"PropertyValueSpecification\",\"valueRequired\":true,\"valueName\":\"search_term_string\"}}],\"inLanguage\":\"es\"}]}<\/script>\n<!-- \/ Yoast SEO plugin. -->","yoast_head_json":{"title":"Roger para educaci\u00f3n - Phonak - Bolivia","robots":{"index":"index","follow":"follow","max-snippet":"max-snippet:-1","max-image-preview":"max-image-preview:large","max-video-preview":"max-video-preview:-1"},"canonical":"https:\/\/intl.phonak.com\/main-spanish\/soluciones\/roger-para-la-educacion\/","og_locale":"es_ES","og_type":"article","og_title":"Roger para educaci\u00f3n - Phonak - Bolivia","og_description":"Participaci\u00f3n activa en las aulas modernas Para todos los ni\u00f1os, especialmente aquellos con dificultades auditivas, es importante o\u00edr bien en...","og_url":"https:\/\/intl.phonak.com\/es-bo\/soluciones\/roger-para-la-educacion\/","og_site_name":"Phonak - Bolivia","article_modified_time":"2024-05-30T14:53:20+00:00","og_image":[{"url":"https:\/\/intl.phonak.com\/main-english\/wp-content\/uploads\/sites\/3\/2022\/03\/Banner-roger-for-education.jpg","type":"","width":"","height":""}],"twitter_card":"summary_large_image","twitter_misc":{"Est. reading time":"3 minutos"},"schema":{"@context":"https:\/\/schema.org","@graph":[{"@type":"WebPage","@id":"https:\/\/intl.phonak.com\/es-bo\/?page_id=238","url":"https:\/\/intl.phonak.com\/es-bo\/?page_id=238","name":"Roger para educaci\u00f3n - Phonak - Bolivia","isPartOf":{"@id":"https:\/\/intl.phonak.com\/es-bo\/#website"},"primaryImageOfPage":{"@id":"https:\/\/intl.phonak.com\/es-bo\/?page_id=238#primaryimage"},"image":{"@id":"https:\/\/intl.phonak.com\/es-bo\/?page_id=238#primaryimage"},"thumbnailUrl":"https:\/\/intl.phonak.com\/main-english\/wp-content\/uploads\/sites\/3\/2022\/03\/Banner-roger-for-education.jpg","datePublished":"2024-05-30T14:53:19+00:00","dateModified":"2024-05-30T14:53:20+00:00","breadcrumb":{"@id":"https:\/\/intl.phonak.com\/es-bo\/?page_id=238#breadcrumb"},"inLanguage":"es","potentialAction":[{"@type":"ReadAction","target":["https:\/\/intl.phonak.com\/es-bo\/?page_id=238"]}]},{"@type":"ImageObject","inLanguage":"es","@id":"https:\/\/intl.phonak.com\/es-bo\/?page_id=238#primaryimage","url":"https:\/\/intl.phonak.com\/main-english\/wp-content\/uploads\/sites\/3\/2022\/03\/Banner-roger-for-education.jpg","contentUrl":"https:\/\/intl.phonak.com\/main-english\/wp-content\/uploads\/sites\/3\/2022\/03\/Banner-roger-for-education.jpg"},{"@type":"BreadcrumbList","@id":"https:\/\/intl.phonak.com\/es-bo\/?page_id=238#breadcrumb","itemListElement":[{"@type":"ListItem","position":1,"name":"Home","item":"https:\/\/intl.phonak.com\/es-bo\/"},{"@type":"ListItem","position":2,"name":"Roger para educaci\u00f3n"}]},{"@type":"WebSite","@id":"https:\/\/intl.phonak.com\/es-bo\/#website","url":"https:\/\/intl.phonak.com\/es-bo\/","name":"Phonak - Bolivia","description":"Comprometidos con el cambio de vidas","potentialAction":[{"@type":"SearchAction","target":{"@type":"EntryPoint","urlTemplate":"https:\/\/intl.phonak.com\/es-bo\/?s={search_term_string}"},"query-input":{"@type":"PropertyValueSpecification","valueRequired":true,"valueName":"search_term_string"}}],"inLanguage":"es"}]}},"jetpack_sharing_enabled":true,"distributor_meta":false,"distributor_terms":false,"distributor_media":false,"distributor_original_site_name":"Phonak - Bolivia","distributor_original_site_url":"https:\/\/intl.phonak.com\/es-bo","push-errors":false,"_links":{"self":[{"href":"https:\/\/intl.phonak.com\/es-bo\/wp-json\/wp\/v2\/pages\/238","targetHints":{"allow":["GET"]}}],"collection":[{"href":"https:\/\/intl.phonak.com\/es-bo\/wp-json\/wp\/v2\/pages"}],"about":[{"href":"https:\/\/intl.phonak.com\/es-bo\/wp-json\/wp\/v2\/types\/page"}],"author":[{"embeddable":true,"href":"https:\/\/intl.phonak.com\/es-bo\/wp-json\/wp\/v2\/users\/14"}],"replies":[{"embeddable":true,"href":"https:\/\/intl.phonak.com\/es-bo\/wp-json\/wp\/v2\/comments?post=238"}],"version-history":[{"count":3,"href":"https:\/\/intl.phonak.com\/es-bo\/wp-json\/wp\/v2\/pages\/238\/revisions"}],"predecessor-version":[{"id":367,"href":"https:\/\/intl.phonak.com\/es-bo\/wp-json\/wp\/v2\/pages\/238\/revisions\/367"}],"up":[{"embeddable":true,"href":"https:\/\/intl.phonak.com\/es-bo\/wp-json\/wp\/v2\/pages\/240"}],"wp:attachment":[{"href":"https:\/\/intl.phonak.com\/es-bo\/wp-json\/wp\/v2\/media?parent=238"}],"curies":[{"name":"wp","href":"https:\/\/api.w.org\/{rel}","templated":true}]}}