{"id":227,"date":"2024-05-21T15:42:49","date_gmt":"2024-05-21T15:42:49","guid":{"rendered":"https:\/\/intl.phonak.com\/es-bo\/?page_id=227"},"modified":"2024-05-30T14:49:22","modified_gmt":"2024-05-30T14:49:22","slug":"condiciones-de-uso","status":"publish","type":"page","link":"https:\/\/intl.phonak.com\/es-bo\/condiciones-de-uso\/","title":{"rendered":"Condiciones de uso"},"content":{"rendered":"\n<h2 class=\"wp-block-heading\">Condiciones de uso<\/h2>\n\n\n\n<p><strong>I. Aceptaci\u00f3n<\/strong><br>Este sitio web opera bajo la propiedad y administraci\u00f3n de Sonova AG. Al acceder al Sitio y navegar por \u00e9l, est\u00e1 aceptando estas Condiciones de uso.<\/p>\n\n\n\n<p><strong>II. Descargo de responsabilidad de garant\u00edas<\/strong><br>Nos esforzamos por proporcionar informaci\u00f3n actualizada y precisa, y seguiremos haci\u00e9ndolo. Sin embargo, no podemos garantizar ni nos responsabilizamos, de forma expresa o impl\u00edcita, de que la informaci\u00f3n que contiene el presente documento o a la que se hace referencia en \u00e9l sea precisa o completa. Adem\u00e1s, Sonova no se responsabiliza de forma alguna de cualquier da\u00f1o directo, indirecto, accidental, consecuente o punitivo acaecido como resultado del uso, el acceso o la incapacidad para utilizar esta informaci\u00f3n. Por otra parte, Sonova no se responsabiliza de los posibles errores u emisiones en el contenido del presente documento. Esto aplica especialmente a las referencias que se hacen a productos y servicios suministrados por Sonova AG. La informaci\u00f3n de este sitio web puede contener imprecisiones o errores tipogr\u00e1ficos. Sonova tambi\u00e9n puede llevar a cabo mejoras y\/o modificaciones en los productos y\/o programas que se describen en esta informaci\u00f3n sin notificaci\u00f3n previa. Sonova no se responsabiliza de las posibles consecuencias de dichas modificaciones.<\/p>\n\n\n\n<p>La informaci\u00f3n que Sonova publica en Internet puede contener referencias o referencias cruzadas a productos, programas o servicios de Sonova, ilustrados o descritos, que no podr\u00edan no anunciarse o no estar disponibles en su pa\u00eds. Dichas referencias no implican que Sonova tenga intenci\u00f3n de anunciar dichos productos, programas o servicios en su pa\u00eds. Para obtener m\u00e1s informaci\u00f3n, consulte con su persona de contacto de Sonova.<\/p>\n\n\n\n<p>Usted debe tomar las medidas necesarias para asegurarse de que el software y los programas que utilice no contengan virus, troyanos, gusanos u otros elementos de naturaleza destructiva. En ning\u00fan caso se responsabilizar\u00e1 Sonova de cualesquiera da\u00f1os directos, indirectos, especiales o consecuentes en cualesquiera partes, acaecidos como consecuencia del uso del presente sitio web, incluidos, entre otros, p\u00e9rdidas de beneficios, interrupci\u00f3n del negocio, p\u00e9rdida de programas u otros datos en los sistemas de gesti\u00f3n de informaci\u00f3n, etc., incluso si Sonova advirti\u00f3 previamente del riesgo de acaecimiento de dichos da\u00f1os.<\/p>\n\n\n\n<p><strong>III. Enlaces<\/strong><br>Es posible que el sitio web muestre contenido de terceros accesible. Sonova no se responsabiliza de dicho contenido. Adem\u00e1s, el presente sitio web proporciona enlaces o referencias a otros sitios web no afiliados a Sonova. Sonova no se responsabiliza de dicho contenido ni de ning\u00fan da\u00f1o que acaeciera como consecuencia del acceso del usuario a dicho sitio. Los enlaces a otros sitios se incluyen en nuestro sitio web por comodidad.<\/p>\n\n\n\n<p><strong>IV. Derechos de autor<\/strong><br>Todo el contenido del presente sitio web de Sonova est\u00e1 sujeto a derechos reservados de autor. Puede navegar libremente por el sitio, pero solo puede acceder, descargarse o utilizar la informaci\u00f3n de este sitio, incluidos el texto, las im\u00e1genes y los v\u00eddeos (la \u201cInformaci\u00f3n\u201d) con fines no comerciales. Est\u00e1 prohibida la distribuci\u00f3n, modificaci\u00f3n, transmisi\u00f3n, reutilizaci\u00f3n, republicaci\u00f3n o uso de la Informaci\u00f3n con fines comerciales sin una autorizaci\u00f3n previa, por escrito, de Sonova AG. Deber\u00e1 conservar y reproducir cada uno de los avisos de derechos de autor u otros avisos de derechos de propiedad en toda la Informaci\u00f3n que descargue.<\/p>\n\n\n\n<p>Deber\u00e1 asumir que todo o que vea o lea en el presente Sitio est\u00e1 sujeto a derechos de autor, a menos que se especifique lo contrario, y no puede utilizarse excepto siguiendo las especificaciones de las presentes Condiciones o del Sitio sin autorizaci\u00f3n previa, por escrito, de Sonova AG.<\/p>\n\n\n\n<p><strong>V. Marcas registradas<\/strong><br>Deber\u00e1 asumir que todos los nombres y productos que aparecen en el Sitio, independientemente de si se muestran en tipograf\u00eda grande, cursiva o con el s\u00edmbolo de marca registrada, son marcas registradas de Sonova AG y otras partes. No se le confiere ni se le otorga ning\u00fan tipo de licencia o derecho en relaci\u00f3n con dichas marcas comerciales.<\/p>\n\n\n\n<p><strong>VI. Revisiones<\/strong><br>Sonova AG puede revisar las presentes Condiciones en cualquier momento mediante la actualizaci\u00f3n de esta publicaci\u00f3n. Dichas revisiones son vinculantes, por lo que deber\u00e1 consultar esta p\u00e1gina con regularidad para revisar las Condiciones que le vinculan en cada momento.<\/p>\n\n\n\n<p>Fecha de entrada en vigor: 05\/07\/2015<\/p>\n\n\n\n<p>Fecha de \u00faltima modificaci\u00f3n: 05\/07\/2015<\/p>\n","protected":false},"excerpt":{"rendered":"<p>Condiciones de uso I. Aceptaci\u00f3nEste sitio web opera bajo la propiedad y administraci\u00f3n de Sonova AG. Al acceder al Sitio&#8230;<\/p>\n","protected":false},"author":42,"featured_media":0,"parent":0,"menu_order":0,"comment_status":"closed","ping_status":"closed","template":"","meta":{"_acf_changed":false,"inline_featured_image":false,"footnotes":""},"class_list":["post-227","page","type-page","status-publish","hentry"],"acf":[],"yoast_head":"<!-- This site is optimized with the Yoast SEO plugin v26.9 - https:\/\/yoast.com\/product\/yoast-seo-wordpress\/ -->\n<title>Condiciones de uso - Phonak - Bolivia<\/title>\n<meta name=\"robots\" content=\"index, follow, max-snippet:-1, max-image-preview:large, max-video-preview:-1\" \/>\n<link rel=\"canonical\" href=\"https:\/\/intl.phonak.com\/main-spanish\/condiciones-de-uso\/\" \/>\n<meta property=\"og:locale\" content=\"es_ES\" \/>\n<meta property=\"og:type\" content=\"article\" \/>\n<meta property=\"og:title\" content=\"Condiciones de uso - Phonak - Bolivia\" \/>\n<meta property=\"og:description\" content=\"Condiciones de uso I. Aceptaci\u00f3nEste sitio web opera bajo la propiedad y administraci\u00f3n de Sonova AG. Al acceder al Sitio...\" \/>\n<meta property=\"og:url\" content=\"https:\/\/intl.phonak.com\/es-bo\/condiciones-de-uso\/\" \/>\n<meta property=\"og:site_name\" content=\"Phonak - Bolivia\" \/>\n<meta property=\"article:modified_time\" content=\"2024-05-30T14:49:22+00:00\" \/>\n<meta name=\"twitter:card\" content=\"summary_large_image\" \/>\n<meta name=\"twitter:label1\" content=\"Est. reading time\" \/>\n\t<meta name=\"twitter:data1\" content=\"4 minutos\" \/>\n<script type=\"application\/ld+json\" class=\"yoast-schema-graph\">{\"@context\":\"https:\/\/schema.org\",\"@graph\":[{\"@type\":\"WebPage\",\"@id\":\"https:\/\/intl.phonak.com\/es-bo\/condiciones-de-uso\/\",\"url\":\"https:\/\/intl.phonak.com\/es-bo\/condiciones-de-uso\/\",\"name\":\"Condiciones de uso - Phonak - Bolivia\",\"isPartOf\":{\"@id\":\"https:\/\/intl.phonak.com\/es-bo\/#website\"},\"datePublished\":\"2024-05-21T15:42:49+00:00\",\"dateModified\":\"2024-05-30T14:49:22+00:00\",\"breadcrumb\":{\"@id\":\"https:\/\/intl.phonak.com\/es-bo\/condiciones-de-uso\/#breadcrumb\"},\"inLanguage\":\"es\",\"potentialAction\":[{\"@type\":\"ReadAction\",\"target\":[\"https:\/\/intl.phonak.com\/es-bo\/condiciones-de-uso\/\"]}]},{\"@type\":\"BreadcrumbList\",\"@id\":\"https:\/\/intl.phonak.com\/es-bo\/condiciones-de-uso\/#breadcrumb\",\"itemListElement\":[{\"@type\":\"ListItem\",\"position\":1,\"name\":\"Home\",\"item\":\"https:\/\/intl.phonak.com\/es-bo\/\"},{\"@type\":\"ListItem\",\"position\":2,\"name\":\"Condiciones de uso\"}]},{\"@type\":\"WebSite\",\"@id\":\"https:\/\/intl.phonak.com\/es-bo\/#website\",\"url\":\"https:\/\/intl.phonak.com\/es-bo\/\",\"name\":\"Phonak - Bolivia\",\"description\":\"Comprometidos con el cambio de vidas\",\"potentialAction\":[{\"@type\":\"SearchAction\",\"target\":{\"@type\":\"EntryPoint\",\"urlTemplate\":\"https:\/\/intl.phonak.com\/es-bo\/?s={search_term_string}\"},\"query-input\":{\"@type\":\"PropertyValueSpecification\",\"valueRequired\":true,\"valueName\":\"search_term_string\"}}],\"inLanguage\":\"es\"}]}<\/script>\n<!-- \/ Yoast SEO plugin. -->","yoast_head_json":{"title":"Condiciones de uso - Phonak - Bolivia","robots":{"index":"index","follow":"follow","max-snippet":"max-snippet:-1","max-image-preview":"max-image-preview:large","max-video-preview":"max-video-preview:-1"},"canonical":"https:\/\/intl.phonak.com\/main-spanish\/condiciones-de-uso\/","og_locale":"es_ES","og_type":"article","og_title":"Condiciones de uso - Phonak - Bolivia","og_description":"Condiciones de uso I. Aceptaci\u00f3nEste sitio web opera bajo la propiedad y administraci\u00f3n de Sonova AG. Al acceder al Sitio...","og_url":"https:\/\/intl.phonak.com\/es-bo\/condiciones-de-uso\/","og_site_name":"Phonak - Bolivia","article_modified_time":"2024-05-30T14:49:22+00:00","twitter_card":"summary_large_image","twitter_misc":{"Est. reading time":"4 minutos"},"schema":{"@context":"https:\/\/schema.org","@graph":[{"@type":"WebPage","@id":"https:\/\/intl.phonak.com\/es-bo\/condiciones-de-uso\/","url":"https:\/\/intl.phonak.com\/es-bo\/condiciones-de-uso\/","name":"Condiciones de uso - Phonak - Bolivia","isPartOf":{"@id":"https:\/\/intl.phonak.com\/es-bo\/#website"},"datePublished":"2024-05-21T15:42:49+00:00","dateModified":"2024-05-30T14:49:22+00:00","breadcrumb":{"@id":"https:\/\/intl.phonak.com\/es-bo\/condiciones-de-uso\/#breadcrumb"},"inLanguage":"es","potentialAction":[{"@type":"ReadAction","target":["https:\/\/intl.phonak.com\/es-bo\/condiciones-de-uso\/"]}]},{"@type":"BreadcrumbList","@id":"https:\/\/intl.phonak.com\/es-bo\/condiciones-de-uso\/#breadcrumb","itemListElement":[{"@type":"ListItem","position":1,"name":"Home","item":"https:\/\/intl.phonak.com\/es-bo\/"},{"@type":"ListItem","position":2,"name":"Condiciones de uso"}]},{"@type":"WebSite","@id":"https:\/\/intl.phonak.com\/es-bo\/#website","url":"https:\/\/intl.phonak.com\/es-bo\/","name":"Phonak - Bolivia","description":"Comprometidos con el cambio de vidas","potentialAction":[{"@type":"SearchAction","target":{"@type":"EntryPoint","urlTemplate":"https:\/\/intl.phonak.com\/es-bo\/?s={search_term_string}"},"query-input":{"@type":"PropertyValueSpecification","valueRequired":true,"valueName":"search_term_string"}}],"inLanguage":"es"}]}},"jetpack_sharing_enabled":true,"distributor_meta":false,"distributor_terms":false,"distributor_media":false,"distributor_original_site_name":"Phonak - Bolivia","distributor_original_site_url":"https:\/\/intl.phonak.com\/es-bo","push-errors":false,"_links":{"self":[{"href":"https:\/\/intl.phonak.com\/es-bo\/wp-json\/wp\/v2\/pages\/227","targetHints":{"allow":["GET"]}}],"collection":[{"href":"https:\/\/intl.phonak.com\/es-bo\/wp-json\/wp\/v2\/pages"}],"about":[{"href":"https:\/\/intl.phonak.com\/es-bo\/wp-json\/wp\/v2\/types\/page"}],"author":[{"embeddable":true,"href":"https:\/\/intl.phonak.com\/es-bo\/wp-json\/wp\/v2\/users\/42"}],"replies":[{"embeddable":true,"href":"https:\/\/intl.phonak.com\/es-bo\/wp-json\/wp\/v2\/comments?post=227"}],"version-history":[{"count":1,"href":"https:\/\/intl.phonak.com\/es-bo\/wp-json\/wp\/v2\/pages\/227\/revisions"}],"predecessor-version":[{"id":228,"href":"https:\/\/intl.phonak.com\/es-bo\/wp-json\/wp\/v2\/pages\/227\/revisions\/228"}],"wp:attachment":[{"href":"https:\/\/intl.phonak.com\/es-bo\/wp-json\/wp\/v2\/media?parent=227"}],"curies":[{"name":"wp","href":"https:\/\/api.w.org\/{rel}","templated":true}]}}