{"id":251,"date":"2022-02-10T17:50:56","date_gmt":"2022-02-10T17:50:56","guid":{"rendered":"https:\/\/intl.phonak.com\/es-ar\/examinador-de-audicion\/"},"modified":"2024-06-11T12:35:26","modified_gmt":"2024-06-11T12:35:26","slug":"test-auditivo-online","status":"publish","type":"page","link":"https:\/\/intl.phonak.com\/es-ar\/test-auditivo-online\/","title":{"rendered":"Test auditivo online"},"content":{"rendered":"\n<div style=\"height:64px\" aria-hidden=\"true\" class=\"wp-block-spacer\"><\/div>\n\n\n\n<figure class=\"wp-block-image aligncenter size-large\"><img decoding=\"async\" src=\"https:\/\/intl.phonak.com\/main-english\/wp-content\/uploads\/sites\/3\/2022\/02\/eScreener.jpg?w=550\" alt=\"Hearing screener\" class=\"wp-image-4464\"\/><\/figure>\n\n\n\n<div class=\"wp-block-group is-style-align-small is-layout-flow wp-block-group-is-layout-flow\" style=\"padding-top:0px\">\n<div style=\"height:28px\" aria-hidden=\"true\" class=\"wp-block-spacer\"><\/div>\n\n\n\n<h2 class=\"wp-block-heading has-text-align-center\" id=\"take-our-five-minute-online-hearing-test\">Realice nuestra test auditivo online 3 minutos<\/h2>\n\n\n\n<div class=\"wp-block-buttons is-layout-flex wp-block-buttons-is-layout-flex\">\n<div class=\"wp-block-button aligncenter\"><a class=\"wp-block-button__link wp-element-button\" href=\"https:\/\/hearing-screener.beyondhearing.org\/phonak\/t5LE0m\/welcome?Brand=Phonak&#038;Country=CA&#038;Language=EN\" target=\"_blank\" rel=\"noreferrer noopener\">Revisa su audici\u00f3n<\/a><\/div>\n<\/div>\n\n\n\n<div style=\"height:62px\" aria-hidden=\"true\" class=\"wp-block-spacer\"><\/div>\n\n\n\n<p class=\"has-text-align-center\">A veces no notamos la p\u00e9rdida auditiva hasta que comienza a afectar nuestro estilo de vida. Tener dificultades para escuchar a los compa\u00f1eros de trabajo, amigos o familiares, o perderse un sonido, puede significar perderse la historia completa.<\/p>\n\n\n\n<p class=\"has-text-align-center\">Complete la prueba de audici\u00f3n en l\u00ednea de Phonak desde la comodidad de su hogar. Un audi\u00f3logo analizar\u00e1 estos resultados con usted y evaluar\u00e1 su candidatura para un aud\u00edfono. Otras citas, incluida una evaluaci\u00f3n diagn\u00f3stica completa, adaptaciones y ajustes de aud\u00edfonos, se pueden realizar en el consultorio del audi\u00f3logo virtualmente. Con alternativas digitales a las visitas presenciales, puede acceder a todos sus servicios de audici\u00f3n que se adapten a sus necesidades individuales con el mismo acceso a la experiencia profesional y personalizada.<\/p>\n\n\n\n<p class=\"has-text-align-center\">Si desea realizar una prueba de audici\u00f3n en su \u00e1rea, por favor <a href=\"https:\/\/intl.phonak.com\/main-english\/find-an-expert\/\">Encuentre un especialista<\/a> en audici\u00f3n cerca de usted.<\/p>\n<\/div>\n\n\n\n<div class=\"wp-block-group alignfull has-light-grey-background-color has-background is-layout-flow wp-block-group-is-layout-flow\">\n<h3 class=\"wp-block-heading has-text-align-center has-blue-color has-text-color\" id=\"how-to-get-the-most-out-of-this-test\">C\u00f3mo sacar el m\u00e1ximo partido a esta prueba<\/h3>\n\n\n\n<div class=\"wp-block-group is-style-align-small is-layout-flow wp-block-group-is-layout-flow\"><div class=\"wp-list-block\">\n<ul class=\"wp-block-list\">\n<li>Aseg\u00farese de estar en un \u00e1rea tranquila antes de comenzar el test auditivo<\/li>\n\n\n\n<li>Use auriculares en lugar de altavoces integrados y ajuste el volumen de su dispositivo al 50%<\/li>\n<\/ul>\n<\/div><\/div>\n<\/div>\n\n\n\n<div style=\"height:47px\" aria-hidden=\"true\" class=\"wp-block-spacer\"><\/div>\n\n\n\n<h3 class=\"wp-block-heading has-text-align-center has-blue-color has-text-color\" id=\"how-the-online-hearing-test-works\">C\u00f3mo funciona la prueba de audici\u00f3n en l\u00ednea<\/h3>\n\n\n\n<div class=\"wp-block-media-text alignwide is-stacked-on-mobile\"><figure class=\"wp-block-media-text__media\"><img decoding=\"async\" src=\"https:\/\/intl.phonak.com\/main-english\/wp-content\/uploads\/sites\/3\/2022\/02\/Screener.jpg?w=550\" alt=\"Hearing screener\" class=\"wp-image-4525 size-full\"\/><\/figure><div class=\"wp-block-media-text__content\"><div class=\"wp-list-block\">\n<ul class=\"wp-block-list\">\n<li>La primera parte de la prueba determina qu\u00e9 tan bien puede o\u00edr en diferentes niveles de frecuencia. Escuchar\u00e1 una serie de tonos en diferentes tonos y se le pedir\u00e1 que ajuste el volumen hasta que pueda escuchar el sonido<\/li>\n\n\n\n<li>En la segunda parte de la prueba, le haremos una serie de preguntas sobre su capacidad para o\u00edr en situaciones auditivas dif\u00edciles<\/li>\n\n\n\n<li>Despu\u00e9s de eso, se le presentar\u00e1 el resultado de su prueba de audici\u00f3n y orientaci\u00f3n sobre qu\u00e9 hacer a continuaci\u00f3n si encontramos signos de p\u00e9rdida auditiva<\/li>\n<\/ul>\n<\/div><\/div><\/div>\n\n\n\n<div class=\"wp-block-group alignfull is-style-default has-light-grey-background-color has-background is-layout-flow wp-block-group-is-layout-flow\">\n<div class=\"wp-block-group is-style-align-small is-layout-flow wp-block-group-is-layout-flow\">\n<h3 class=\"wp-block-heading has-blue-color has-text-color\" id=\"what-to-expect-at-your-first-appointment-1\">Qu\u00e9 esperar de la primera consulta<\/h3>\n<\/div>\n\n\n\n<p class=\"has-text-align-center\">Nos preocupamos por su audici\u00f3n y los problemas que su p\u00e9rdida auditiva puede haber presentado en sus vidas. Cuente con nosotros para ayudarle. La p\u00e9rdida de audici\u00f3n es natural y no hay nada que temer. Con una soluci\u00f3n moderna de Phonak, podemos ayudarle a o\u00edr mejor de nuevo.<\/p>\n\n\n\n<p class=\"has-text-align-center\"><\/p>\n<\/div>\n\n\n\n<div style=\"height:52px\" aria-hidden=\"true\" class=\"wp-block-spacer\"><\/div>\n\n\n\n<h3 class=\"wp-block-heading has-text-align-center has-blue-color has-text-color\" id=\"i-have-a-hearing-loss-what-comes-next\">Tengo una p\u00e9rdida auditiva, \u00bfqu\u00e9 viene despu\u00e9s?<\/h3>\n\n\n\n<div style=\"height:37px\" aria-hidden=\"true\" class=\"wp-block-spacer\"><\/div>\n\n\n\n<div class=\"wp-block-columns is-layout-flex wp-container-core-columns-is-layout-9d6595d7 wp-block-columns-is-layout-flex\">\n<div class=\"wp-block-column is-layout-flow wp-block-column-is-layout-flow\">\n<h4 class=\"wp-block-heading\">1) Usted habla, nosotros escuchamos<\/h4>\n\n\n\n<p>Su viaje comienza con una visita a un profesional de la audici\u00f3n, que est\u00e1 ah\u00ed para guiarle hacia la opci\u00f3n correcta para usted. Usted habla de su audici\u00f3n, de c\u00f3mo ha cambiado, de los retos a los que te enfrentas y nosotros le escuchamos.<\/p>\n<\/div>\n\n\n\n<div class=\"wp-block-column is-layout-flow wp-block-column-is-layout-flow\">\n<h4 class=\"wp-block-heading\">2) Test auditivo<\/h4>\n\n\n\n<p>Despu\u00e9s de que haya compartido sus experiencias, hacemos una prueba para ver qu\u00e9 est\u00e1 escuchando. Una prueba de audici\u00f3n es tan f\u00e1cil como sentarse y escuchar. Una vez completados, tomamos esos resultados, los emparejamos con sus desaf\u00edos para asegurarnos de que nuestros datos coincidan con sus experiencias y hacemos recomendaciones sobre lo que es mejor para usted.<\/p>\n<\/div>\n\n\n\n<div class=\"wp-block-column is-layout-flow wp-block-column-is-layout-flow\">\n<h4 class=\"wp-block-heading\">3) USTED decide<\/h4>\n\n\n\n<p>Nosotros presentamos nuestros hallazgos y damos recomendaciones basadas en lo que nos ha dicho. En \u00faltima instancia, USTED puede tomar las decisiones sobre qu\u00e9 opci\u00f3n se adapta mejor a su vida. Cosas como su familia, su trabajo y su vida social son cosas que debe tener en cuenta antes de decidirse a asegurarse de que la soluci\u00f3n que elija sea la adecuada para todos los aspectos de su vida.<\/p>\n<\/div>\n<\/div>\n\n\n\n<div style=\"height:50px\" aria-hidden=\"true\" class=\"wp-block-spacer\"><\/div>\n\n\n\n<div class=\"wp-block-media-text is-stacked-on-mobile cta-block\" style=\"grid-template-columns:35% auto\"><figure class=\"wp-block-media-text__media\"><img decoding=\"async\" src=\"https:\/\/intl.phonak.com\/main-english\/wp-content\/uploads\/sites\/3\/2021\/11\/cta-image.jpg?w=401\" alt=\"\" class=\"wp-image-6738 size-full\"\/><\/figure><div class=\"wp-block-media-text__content\">\n<div class=\"wp-block-create-block-icon-selector\"><i class=\"fal fa-map-marker-alt\"><\/i><\/div>\n\n\n\n<h3 class=\"wp-block-heading\">Expertos en audici\u00f3n cerca de usted <\/h3>\n\n\n\n<p>Los profesionales de la salud auditiva pueden ayudarle a tomar la decisi\u00f3n perfecta para usted. Tendr\u00e1n en cuenta sus necesidades auditivas, su presupuesto, su estilo de vida y sus preferencias auditivas individuales. <\/p>\n\n\n\n<div class=\"wp-block-buttons is-layout-flex wp-block-buttons-is-layout-flex\">\n<div class=\"wp-block-button is-style-marker-green\"><a class=\"wp-block-button__link wp-element-button\" href=\"https:\/\/intl.phonak.com\/es-ar\/encontrar-un-experto\/\">Encontrar un experto<\/a><\/div>\n<\/div>\n<\/div><\/div>\n","protected":false},"excerpt":{"rendered":"<p>Realice nuestra test auditivo online minutos A veces no notamos la p\u00e9rdida auditiva hasta que comienza a afectar nuestro estilo&#8230;<\/p>\n","protected":false},"author":14,"featured_media":0,"parent":0,"menu_order":0,"comment_status":"closed","ping_status":"closed","template":"","meta":{"_acf_changed":false,"inline_featured_image":false,"footnotes":""},"class_list":["post-251","page","type-page","status-publish","hentry"],"acf":[],"yoast_head":"<!-- This site is optimized with the Yoast SEO plugin v26.9 - https:\/\/yoast.com\/product\/yoast-seo-wordpress\/ -->\n<title>Test auditivo online - Phonak - Argentina<\/title>\n<meta name=\"robots\" content=\"index, follow, max-snippet:-1, max-image-preview:large, max-video-preview:-1\" \/>\n<link rel=\"canonical\" href=\"https:\/\/intl.phonak.com\/main-spanish\/test-auditivo-online\/\" \/>\n<meta property=\"og:locale\" content=\"es_ES\" \/>\n<meta property=\"og:type\" content=\"article\" \/>\n<meta property=\"og:title\" content=\"Test auditivo online - Phonak - Argentina\" \/>\n<meta property=\"og:description\" content=\"Realice nuestra test auditivo online minutos A veces no notamos la p\u00e9rdida auditiva hasta que comienza a afectar nuestro estilo...\" \/>\n<meta property=\"og:url\" content=\"https:\/\/intl.phonak.com\/es-ar\/test-auditivo-online\/\" \/>\n<meta property=\"og:site_name\" content=\"Phonak - Argentina\" \/>\n<meta property=\"article:modified_time\" content=\"2024-06-11T12:35:26+00:00\" \/>\n<meta property=\"og:image\" content=\"https:\/\/intl.phonak.com\/main-english\/wp-content\/uploads\/sites\/3\/2022\/02\/eScreener.jpg?w=550\" \/>\n<meta name=\"twitter:card\" content=\"summary_large_image\" \/>\n<meta name=\"twitter:label1\" content=\"Est. reading time\" \/>\n\t<meta name=\"twitter:data1\" content=\"3 minutos\" \/>\n<script type=\"application\/ld+json\" class=\"yoast-schema-graph\">{\"@context\":\"https:\/\/schema.org\",\"@graph\":[{\"@type\":\"WebPage\",\"@id\":\"https:\/\/intl.phonak.com\/es-ar\/examinador-de-audicion\/\",\"url\":\"https:\/\/intl.phonak.com\/es-ar\/examinador-de-audicion\/\",\"name\":\"Test auditivo online - Phonak - Argentina\",\"isPartOf\":{\"@id\":\"https:\/\/intl.phonak.com\/es-ar\/#website\"},\"primaryImageOfPage\":{\"@id\":\"https:\/\/intl.phonak.com\/es-ar\/examinador-de-audicion\/#primaryimage\"},\"image\":{\"@id\":\"https:\/\/intl.phonak.com\/es-ar\/examinador-de-audicion\/#primaryimage\"},\"thumbnailUrl\":\"https:\/\/intl.phonak.com\/main-english\/wp-content\/uploads\/sites\/3\/2022\/02\/eScreener.jpg?w=550\",\"datePublished\":\"2022-02-10T17:50:56+00:00\",\"dateModified\":\"2024-06-11T12:35:26+00:00\",\"breadcrumb\":{\"@id\":\"https:\/\/intl.phonak.com\/es-ar\/examinador-de-audicion\/#breadcrumb\"},\"inLanguage\":\"es\",\"potentialAction\":[{\"@type\":\"ReadAction\",\"target\":[\"https:\/\/intl.phonak.com\/es-ar\/examinador-de-audicion\/\"]}]},{\"@type\":\"ImageObject\",\"inLanguage\":\"es\",\"@id\":\"https:\/\/intl.phonak.com\/es-ar\/examinador-de-audicion\/#primaryimage\",\"url\":\"https:\/\/intl.phonak.com\/main-english\/wp-content\/uploads\/sites\/3\/2022\/02\/eScreener.jpg?w=550\",\"contentUrl\":\"https:\/\/intl.phonak.com\/main-english\/wp-content\/uploads\/sites\/3\/2022\/02\/eScreener.jpg?w=550\"},{\"@type\":\"BreadcrumbList\",\"@id\":\"https:\/\/intl.phonak.com\/es-ar\/examinador-de-audicion\/#breadcrumb\",\"itemListElement\":[{\"@type\":\"ListItem\",\"position\":1,\"name\":\"Home\",\"item\":\"https:\/\/intl.phonak.com\/es-ar\/\"},{\"@type\":\"ListItem\",\"position\":2,\"name\":\"Test auditivo online\"}]},{\"@type\":\"WebSite\",\"@id\":\"https:\/\/intl.phonak.com\/es-ar\/#website\",\"url\":\"https:\/\/intl.phonak.com\/es-ar\/\",\"name\":\"Phonak - Argentina\",\"description\":\"Comprometidos con el cambio de vidas\",\"potentialAction\":[{\"@type\":\"SearchAction\",\"target\":{\"@type\":\"EntryPoint\",\"urlTemplate\":\"https:\/\/intl.phonak.com\/es-ar\/?s={search_term_string}\"},\"query-input\":{\"@type\":\"PropertyValueSpecification\",\"valueRequired\":true,\"valueName\":\"search_term_string\"}}],\"inLanguage\":\"es\"}]}<\/script>\n<!-- \/ Yoast SEO plugin. -->","yoast_head_json":{"title":"Test auditivo online - Phonak - Argentina","robots":{"index":"index","follow":"follow","max-snippet":"max-snippet:-1","max-image-preview":"max-image-preview:large","max-video-preview":"max-video-preview:-1"},"canonical":"https:\/\/intl.phonak.com\/main-spanish\/test-auditivo-online\/","og_locale":"es_ES","og_type":"article","og_title":"Test auditivo online - Phonak - Argentina","og_description":"Realice nuestra test auditivo online minutos A veces no notamos la p\u00e9rdida auditiva hasta que comienza a afectar nuestro estilo...","og_url":"https:\/\/intl.phonak.com\/es-ar\/test-auditivo-online\/","og_site_name":"Phonak - Argentina","article_modified_time":"2024-06-11T12:35:26+00:00","og_image":[{"url":"https:\/\/intl.phonak.com\/main-english\/wp-content\/uploads\/sites\/3\/2022\/02\/eScreener.jpg?w=550","type":"","width":"","height":""}],"twitter_card":"summary_large_image","twitter_misc":{"Est. reading time":"3 minutos"},"schema":{"@context":"https:\/\/schema.org","@graph":[{"@type":"WebPage","@id":"https:\/\/intl.phonak.com\/es-ar\/examinador-de-audicion\/","url":"https:\/\/intl.phonak.com\/es-ar\/examinador-de-audicion\/","name":"Test auditivo online - Phonak - Argentina","isPartOf":{"@id":"https:\/\/intl.phonak.com\/es-ar\/#website"},"primaryImageOfPage":{"@id":"https:\/\/intl.phonak.com\/es-ar\/examinador-de-audicion\/#primaryimage"},"image":{"@id":"https:\/\/intl.phonak.com\/es-ar\/examinador-de-audicion\/#primaryimage"},"thumbnailUrl":"https:\/\/intl.phonak.com\/main-english\/wp-content\/uploads\/sites\/3\/2022\/02\/eScreener.jpg?w=550","datePublished":"2022-02-10T17:50:56+00:00","dateModified":"2024-06-11T12:35:26+00:00","breadcrumb":{"@id":"https:\/\/intl.phonak.com\/es-ar\/examinador-de-audicion\/#breadcrumb"},"inLanguage":"es","potentialAction":[{"@type":"ReadAction","target":["https:\/\/intl.phonak.com\/es-ar\/examinador-de-audicion\/"]}]},{"@type":"ImageObject","inLanguage":"es","@id":"https:\/\/intl.phonak.com\/es-ar\/examinador-de-audicion\/#primaryimage","url":"https:\/\/intl.phonak.com\/main-english\/wp-content\/uploads\/sites\/3\/2022\/02\/eScreener.jpg?w=550","contentUrl":"https:\/\/intl.phonak.com\/main-english\/wp-content\/uploads\/sites\/3\/2022\/02\/eScreener.jpg?w=550"},{"@type":"BreadcrumbList","@id":"https:\/\/intl.phonak.com\/es-ar\/examinador-de-audicion\/#breadcrumb","itemListElement":[{"@type":"ListItem","position":1,"name":"Home","item":"https:\/\/intl.phonak.com\/es-ar\/"},{"@type":"ListItem","position":2,"name":"Test auditivo online"}]},{"@type":"WebSite","@id":"https:\/\/intl.phonak.com\/es-ar\/#website","url":"https:\/\/intl.phonak.com\/es-ar\/","name":"Phonak - Argentina","description":"Comprometidos con el cambio de vidas","potentialAction":[{"@type":"SearchAction","target":{"@type":"EntryPoint","urlTemplate":"https:\/\/intl.phonak.com\/es-ar\/?s={search_term_string}"},"query-input":{"@type":"PropertyValueSpecification","valueRequired":true,"valueName":"search_term_string"}}],"inLanguage":"es"}]}},"jetpack_sharing_enabled":true,"distributor_meta":false,"distributor_terms":false,"distributor_media":false,"distributor_original_site_name":"Phonak - Argentina","distributor_original_site_url":"https:\/\/intl.phonak.com\/es-ar","push-errors":false,"_links":{"self":[{"href":"https:\/\/intl.phonak.com\/es-ar\/wp-json\/wp\/v2\/pages\/251","targetHints":{"allow":["GET"]}}],"collection":[{"href":"https:\/\/intl.phonak.com\/es-ar\/wp-json\/wp\/v2\/pages"}],"about":[{"href":"https:\/\/intl.phonak.com\/es-ar\/wp-json\/wp\/v2\/types\/page"}],"author":[{"embeddable":true,"href":"https:\/\/intl.phonak.com\/es-ar\/wp-json\/wp\/v2\/users\/14"}],"replies":[{"embeddable":true,"href":"https:\/\/intl.phonak.com\/es-ar\/wp-json\/wp\/v2\/comments?post=251"}],"version-history":[{"count":5,"href":"https:\/\/intl.phonak.com\/es-ar\/wp-json\/wp\/v2\/pages\/251\/revisions"}],"predecessor-version":[{"id":692,"href":"https:\/\/intl.phonak.com\/es-ar\/wp-json\/wp\/v2\/pages\/251\/revisions\/692"}],"wp:attachment":[{"href":"https:\/\/intl.phonak.com\/es-ar\/wp-json\/wp\/v2\/media?parent=251"}],"curies":[{"name":"wp","href":"https:\/\/api.w.org\/{rel}","templated":true}]}}