{"id":501,"date":"2021-10-26T15:19:51","date_gmt":"2021-10-26T15:19:51","guid":{"rendered":"https:\/\/intl.phonak.com\/cz-cz\/about\/"},"modified":"2025-12-01T16:13:32","modified_gmt":"2025-12-01T16:13:32","slug":"o-nas","status":"publish","type":"page","link":"https:\/\/intl.phonak.com\/cz-cz\/o-nas\/","title":{"rendered":"O\u00a0n\u00e1s"},"content":{"rendered":"\n<div class=\"wp-block-cover alignfull is-light\"><img decoding=\"async\" class=\"wp-block-cover__image-background wp-image-9298 size-large\" alt=\"\" src=\"https:\/\/intl.phonak.com\/cz-cz\/wp-content\/uploads\/sites\/3\/2025\/07\/About-us-banner.jpg?w=1024\" data-object-fit=\"cover\"\/><span aria-hidden=\"true\" class=\"wp-block-cover__background has-white-background-color has-background-dim-10 has-background-dim\"><\/span><div class=\"wp-block-cover__inner-container is-layout-flow wp-block-cover-is-layout-flow\">\n<h1 class=\"wp-block-heading has-text-align-center has-dark-grey-color has-text-color\" id=\"about-us\">O\u00a0n\u00e1s<\/h1>\n\n\n\n<h6 class=\"wp-block-heading has-text-align-center\">REJA spol. s\u00a0r. o. spole\u010dn\u011b s\u00a0Phonakem<\/h6>\n<\/div><\/div>\n\n\n\n<div class=\"wp-block-group is-style-align-small is-layout-flow wp-block-group-is-layout-flow\" style=\"padding-top:0px;padding-bottom:0px\">\n<p class=\"has-text-align-center has-lead-font-size\">Phonak buduje dlouhodob\u00e1 partnerstv\u00ed<\/p>\n\n\n\t<div class=\"wp-block-phonak-about wp-block-phonak-partner-details\">\n\t\t<div class=\"partner-details-wrapper grid-x align-middle align-justify\">\n\t\t\t\t\t\t\t\t<div class=\"partner\">\n\t\t\t\t\t\t\t\t\t\t\t\t\t<div class=\"partner-logo\">\n\t\t\t\t\t\t\t\t<img decoding=\"async\" src=\"https:\/\/intl.phonak.com\/cz-cz\/wp-content\/uploads\/sites\/63\/2025\/07\/Picture1.png\" alt=\"REJA spol. s\u00a0r. o.\" \/>\n\t\t\t\t\t\t\t<\/div>\n\t\t\t\t\t\t\t\t\t\t\t\t<div class=\"partner-details-content\">\n\t\t\t\t\t\t\t\t\t\t\t\t\t\t\t<h4 class=\"partner-name\">REJA spol. s\u00a0r. o.<\/h4>\n\t\t\t\t\t\t\t\t\t\t\t\t\t\t\t\t\t\t\t\t<\/div>\n\t\t\t\t\t\t<div class=\"grid-x align-middle align-justify\">\n\t\t\t\t\t\t\t<div class=\"cell small-12\">\n\t\t\t\t\t\t\t\t\t\t\t\t\t\t\t\t\t<div class=\"wp-block-phonak-about__text\"><p>Zna\u010dku Phonak v\u00a0\u010cesk\u00e9 republice reprezentuje v\u00edce ne\u017e 15 let lok\u00e1ln\u00ed distributor &#8211; spole\u010dnost REJA. Sluchadla Phonak jsou distribuov\u00e1na do ordinac\u00ed odborn\u00fdch l\u00e9ka\u0159\u016f, foniatr\u016f a\u00a0nemocnic v\u00a0\u010cesk\u00e9 republice.<\/p>\n<p>Odborn\u011b vy\u0161kolen\u00fd zku\u0161en\u00fd person\u00e1l v\u00a0z\u00e1zem\u00ed 12 vlastn\u00edch pobo\u010dek, vybaven\u00fdch modern\u00edm diagnostick\u00fdm za\u0159\u00edzen\u00edm, poskytuje nadstandardn\u00ed individu\u00e1ln\u00ed poradenskou a\u00a0konzulta\u010dn\u00ed \u010dinnost pro klienty v\u0161ech v\u011bkov\u00fdch skupin, kte\u0159\u00ed se pot\u00fdkaj\u00ed s\u00a0nedosl\u00fdchavost\u00ed. Na\u0161\u00edm c\u00edlem je naj\u00edt komplexn\u00ed \u0159e\u0161en\u00ed pro srozumitelnost poslechu v\u00a0ka\u017ed\u00e9 poslechov\u00e9 situaci, v\u010detn\u011b doporu\u010den\u00ed p\u0159\u00edslu\u0161enstv\u00ed sluchadla pro poslech televize, telefonov\u00e1n\u00ed, nebo \u0161koln\u00ed \u010di pracovn\u00ed prost\u0159ed\u00ed. Samoz\u0159ejmost\u00ed je poskytov\u00e1n\u00ed servisn\u00edch slu\u017eeb pro sluchadla Phonak a\u00a0jejich p\u0159\u00edslu\u0161enstv\u00ed.<\/p>\n <\/div>\n\t\t\t\t\t\t\t\t\t\t\t\t\t\t\t<\/div>\n\t\t\t\t\t\t<\/div>\n\t\t\t\t\t<\/div><!-- .partner -->\n\t\t\t\t\t<\/div><!-- .partner-details-wrapper -->\n\t<\/div><!-- .wp-block-phonak-about -->\n<\/div>\n\n\n\n\n\n<div class=\"wp-block-media-text is-stacked-on-mobile cta-block\" style=\"grid-template-columns:35% auto\"><figure class=\"wp-block-media-text__media\"><img decoding=\"async\" src=\"https:\/\/intl.phonak.com\/main-english\/wp-content\/uploads\/sites\/3\/2021\/11\/cta-image.jpg?w=401\" alt=\"\" class=\"wp-image-6738 size-full\"\/><\/figure><div class=\"wp-block-media-text__content\">\n<div class=\"wp-block-create-block-icon-selector\"><i class=\"fal fa-map-marker-alt\"><\/i><\/div>   \n<h3 class=\"wp-block-heading\">Odborn\u00edci ve va\u0161em okol\u00ed<\/h3>   <p>V\u00e1mi vybran\u00fd odborn\u00edk v\u00e1m pom\u016f\u017ee u\u010dinit v\u00fdb\u011br, kter\u00fd je pro v\u00e1s ide\u00e1ln\u00ed. Zohledn\u00ed va\u0161e sluchov\u00e9 pot\u0159eby, finan\u010dn\u00ed mo\u017enosti, \u017eivotn\u00ed styl a\u00a0individu\u00e1ln\u00ed poslechov\u00e9 preference. <\/p>   <div class=\"wp-block-buttons is-layout-flex wp-block-buttons-is-layout-flex\">\n<div class=\"wp-block-button is-style-marker-green\"><a class=\"wp-block-button__link wp-element-button\" href=\"https:\/\/intl.phonak.com\/cz-cz\/najit-odbornika\/\">Vyhledat odborn\u00edka<\/a><\/div>\n<\/div>\n<\/div><\/div> ","protected":false},"excerpt":{"rendered":"<p>Phonak buduje dlouhodob\u00e1 partnerstv\u00ed<\/p>\n","protected":false},"author":5,"featured_media":0,"parent":0,"menu_order":0,"comment_status":"closed","ping_status":"closed","template":"","meta":{"_acf_changed":false,"inline_featured_image":false,"footnotes":""},"class_list":["post-501","page","type-page","status-publish","hentry"],"acf":[],"yoast_head":"<!-- This site is optimized with the Yoast SEO plugin v26.9 - https:\/\/yoast.com\/product\/yoast-seo-wordpress\/ -->\n<title>O n\u00e1s - Phonak - Czech Republic<\/title>\n<meta name=\"robots\" content=\"index, follow, max-snippet:-1, max-image-preview:large, max-video-preview:-1\" \/>\n<link rel=\"canonical\" href=\"https:\/\/intl.phonak.com\/main-english\/about\/\" \/>\n<meta property=\"og:locale\" content=\"cs_CZ\" \/>\n<meta property=\"og:type\" content=\"article\" \/>\n<meta property=\"og:title\" content=\"O n\u00e1s - Phonak - Czech Republic\" \/>\n<meta property=\"og:description\" content=\"Phonak buduje dlouhodob\u00e1 partnerstv\u00ed\" \/>\n<meta property=\"og:url\" content=\"https:\/\/intl.phonak.com\/cz-cz\/o-nas\/\" \/>\n<meta property=\"og:site_name\" content=\"Phonak - Czech Republic\" \/>\n<meta property=\"article:modified_time\" content=\"2025-12-01T16:13:32+00:00\" \/>\n<meta name=\"twitter:card\" content=\"summary_large_image\" \/>\n<meta name=\"twitter:label1\" content=\"Est. reading time\" \/>\n\t<meta name=\"twitter:data1\" content=\"1 minute\" \/>\n<script type=\"application\/ld+json\" class=\"yoast-schema-graph\">{\"@context\":\"https:\/\/schema.org\",\"@graph\":[{\"@type\":\"WebPage\",\"@id\":\"https:\/\/intl.phonak.com\/cz-cz\/o-nas\/\",\"url\":\"https:\/\/intl.phonak.com\/cz-cz\/o-nas\/\",\"name\":\"O n\u00e1s - Phonak - Czech Republic\",\"isPartOf\":{\"@id\":\"https:\/\/intl.phonak.com\/cz-cz\/#website\"},\"primaryImageOfPage\":{\"@id\":\"https:\/\/intl.phonak.com\/cz-cz\/o-nas\/#primaryimage\"},\"image\":{\"@id\":\"https:\/\/intl.phonak.com\/cz-cz\/o-nas\/#primaryimage\"},\"thumbnailUrl\":\"https:\/\/intl.phonak.com\/cz-cz\/wp-content\/uploads\/sites\/3\/2025\/07\/About-us-banner.jpg?w=1024\",\"datePublished\":\"2021-10-26T15:19:51+00:00\",\"dateModified\":\"2025-12-01T16:13:32+00:00\",\"breadcrumb\":{\"@id\":\"https:\/\/intl.phonak.com\/cz-cz\/o-nas\/#breadcrumb\"},\"inLanguage\":\"cs-CZ\",\"potentialAction\":[{\"@type\":\"ReadAction\",\"target\":[\"https:\/\/intl.phonak.com\/cz-cz\/o-nas\/\"]}]},{\"@type\":\"ImageObject\",\"inLanguage\":\"cs-CZ\",\"@id\":\"https:\/\/intl.phonak.com\/cz-cz\/o-nas\/#primaryimage\",\"url\":\"\",\"contentUrl\":\"\"},{\"@type\":\"BreadcrumbList\",\"@id\":\"https:\/\/intl.phonak.com\/cz-cz\/o-nas\/#breadcrumb\",\"itemListElement\":[{\"@type\":\"ListItem\",\"position\":1,\"name\":\"Home\",\"item\":\"https:\/\/intl.phonak.com\/cz-cz\/\"},{\"@type\":\"ListItem\",\"position\":2,\"name\":\"O\u00a0n\u00e1s\"}]},{\"@type\":\"WebSite\",\"@id\":\"https:\/\/intl.phonak.com\/cz-cz\/#website\",\"url\":\"https:\/\/intl.phonak.com\/cz-cz\/\",\"name\":\"Phonak - Czech Republic\",\"description\":\"Committed to changing lives\",\"publisher\":{\"@id\":\"https:\/\/intl.phonak.com\/cz-cz\/#organization\"},\"potentialAction\":[{\"@type\":\"SearchAction\",\"target\":{\"@type\":\"EntryPoint\",\"urlTemplate\":\"https:\/\/intl.phonak.com\/cz-cz\/?s={search_term_string}\"},\"query-input\":{\"@type\":\"PropertyValueSpecification\",\"valueRequired\":true,\"valueName\":\"search_term_string\"}}],\"inLanguage\":\"cs-CZ\"},{\"@type\":\"Organization\",\"@id\":\"https:\/\/intl.phonak.com\/cz-cz\/#organization\",\"name\":\"Phonak - Czech Republic\",\"url\":\"https:\/\/intl.phonak.com\/cz-cz\/\",\"logo\":{\"@type\":\"ImageObject\",\"inLanguage\":\"cs-CZ\",\"@id\":\"https:\/\/intl.phonak.com\/cz-cz\/#\/schema\/logo\/image\/\",\"url\":\"https:\/\/intl.phonak.com\/cz-cz\/wp-content\/uploads\/sites\/63\/2025\/06\/logo-phonak.svg\",\"contentUrl\":\"https:\/\/intl.phonak.com\/cz-cz\/wp-content\/uploads\/sites\/63\/2025\/06\/logo-phonak.svg\",\"caption\":\"Phonak - Czech Republic\"},\"image\":{\"@id\":\"https:\/\/intl.phonak.com\/cz-cz\/#\/schema\/logo\/image\/\"}}]}<\/script>\n<!-- \/ Yoast SEO plugin. -->","yoast_head_json":{"title":"O n\u00e1s - Phonak - Czech Republic","robots":{"index":"index","follow":"follow","max-snippet":"max-snippet:-1","max-image-preview":"max-image-preview:large","max-video-preview":"max-video-preview:-1"},"canonical":"https:\/\/intl.phonak.com\/main-english\/about\/","og_locale":"cs_CZ","og_type":"article","og_title":"O n\u00e1s - Phonak - Czech Republic","og_description":"Phonak buduje dlouhodob\u00e1 partnerstv\u00ed","og_url":"https:\/\/intl.phonak.com\/cz-cz\/o-nas\/","og_site_name":"Phonak - Czech Republic","article_modified_time":"2025-12-01T16:13:32+00:00","twitter_card":"summary_large_image","twitter_misc":{"Est. reading time":"1 minute"},"schema":{"@context":"https:\/\/schema.org","@graph":[{"@type":"WebPage","@id":"https:\/\/intl.phonak.com\/cz-cz\/o-nas\/","url":"https:\/\/intl.phonak.com\/cz-cz\/o-nas\/","name":"O n\u00e1s - Phonak - Czech Republic","isPartOf":{"@id":"https:\/\/intl.phonak.com\/cz-cz\/#website"},"primaryImageOfPage":{"@id":"https:\/\/intl.phonak.com\/cz-cz\/o-nas\/#primaryimage"},"image":{"@id":"https:\/\/intl.phonak.com\/cz-cz\/o-nas\/#primaryimage"},"thumbnailUrl":"https:\/\/intl.phonak.com\/cz-cz\/wp-content\/uploads\/sites\/3\/2025\/07\/About-us-banner.jpg?w=1024","datePublished":"2021-10-26T15:19:51+00:00","dateModified":"2025-12-01T16:13:32+00:00","breadcrumb":{"@id":"https:\/\/intl.phonak.com\/cz-cz\/o-nas\/#breadcrumb"},"inLanguage":"cs-CZ","potentialAction":[{"@type":"ReadAction","target":["https:\/\/intl.phonak.com\/cz-cz\/o-nas\/"]}]},{"@type":"ImageObject","inLanguage":"cs-CZ","@id":"https:\/\/intl.phonak.com\/cz-cz\/o-nas\/#primaryimage","url":"","contentUrl":""},{"@type":"BreadcrumbList","@id":"https:\/\/intl.phonak.com\/cz-cz\/o-nas\/#breadcrumb","itemListElement":[{"@type":"ListItem","position":1,"name":"Home","item":"https:\/\/intl.phonak.com\/cz-cz\/"},{"@type":"ListItem","position":2,"name":"O\u00a0n\u00e1s"}]},{"@type":"WebSite","@id":"https:\/\/intl.phonak.com\/cz-cz\/#website","url":"https:\/\/intl.phonak.com\/cz-cz\/","name":"Phonak - Czech Republic","description":"Committed to changing lives","publisher":{"@id":"https:\/\/intl.phonak.com\/cz-cz\/#organization"},"potentialAction":[{"@type":"SearchAction","target":{"@type":"EntryPoint","urlTemplate":"https:\/\/intl.phonak.com\/cz-cz\/?s={search_term_string}"},"query-input":{"@type":"PropertyValueSpecification","valueRequired":true,"valueName":"search_term_string"}}],"inLanguage":"cs-CZ"},{"@type":"Organization","@id":"https:\/\/intl.phonak.com\/cz-cz\/#organization","name":"Phonak - Czech Republic","url":"https:\/\/intl.phonak.com\/cz-cz\/","logo":{"@type":"ImageObject","inLanguage":"cs-CZ","@id":"https:\/\/intl.phonak.com\/cz-cz\/#\/schema\/logo\/image\/","url":"https:\/\/intl.phonak.com\/cz-cz\/wp-content\/uploads\/sites\/63\/2025\/06\/logo-phonak.svg","contentUrl":"https:\/\/intl.phonak.com\/cz-cz\/wp-content\/uploads\/sites\/63\/2025\/06\/logo-phonak.svg","caption":"Phonak - Czech Republic"},"image":{"@id":"https:\/\/intl.phonak.com\/cz-cz\/#\/schema\/logo\/image\/"}}]}},"jetpack_sharing_enabled":true,"distributor_meta":false,"distributor_terms":false,"distributor_media":false,"distributor_original_site_name":"Phonak - Czech Republic","distributor_original_site_url":"https:\/\/intl.phonak.com\/cz-cz","push-errors":false,"_links":{"self":[{"href":"https:\/\/intl.phonak.com\/cz-cz\/wp-json\/wp\/v2\/pages\/501","targetHints":{"allow":["GET"]}}],"collection":[{"href":"https:\/\/intl.phonak.com\/cz-cz\/wp-json\/wp\/v2\/pages"}],"about":[{"href":"https:\/\/intl.phonak.com\/cz-cz\/wp-json\/wp\/v2\/types\/page"}],"author":[{"embeddable":true,"href":"https:\/\/intl.phonak.com\/cz-cz\/wp-json\/wp\/v2\/users\/5"}],"replies":[{"embeddable":true,"href":"https:\/\/intl.phonak.com\/cz-cz\/wp-json\/wp\/v2\/comments?post=501"}],"version-history":[{"count":19,"href":"https:\/\/intl.phonak.com\/cz-cz\/wp-json\/wp\/v2\/pages\/501\/revisions"}],"predecessor-version":[{"id":1467,"href":"https:\/\/intl.phonak.com\/cz-cz\/wp-json\/wp\/v2\/pages\/501\/revisions\/1467"}],"wp:attachment":[{"href":"https:\/\/intl.phonak.com\/cz-cz\/wp-json\/wp\/v2\/media?parent=501"}],"curies":[{"name":"wp","href":"https:\/\/api.w.org\/{rel}","templated":true}]}}