{"id":483,"date":"2021-11-18T16:56:57","date_gmt":"2021-11-18T16:56:57","guid":{"rendered":"https:\/\/intl.phonak.com\/cz-cz\/pediatric-solutions\/"},"modified":"2025-10-28T08:17:49","modified_gmt":"2025-10-28T08:17:49","slug":"pro-deti","status":"publish","type":"page","link":"https:\/\/intl.phonak.com\/cz-cz\/reseni\/pro-deti\/","title":{"rendered":"\u0158e\u0161en\u00ed pro d\u011bti"},"content":{"rendered":"\n<div class=\"wp-block-cover alignfull is-light\"><img decoding=\"async\" class=\"wp-block-cover__image-background wp-image-6552\" alt=\"\" src=\"https:\/\/intl.phonak.com\/cz-cz\/wp-content\/uploads\/sites\/3\/2023\/02\/PH_Pic_generic_kids_01.png\" data-object-fit=\"cover\"\/><span aria-hidden=\"true\" class=\"wp-block-cover__background has-white-background-color has-background-dim\"><\/span><div class=\"wp-block-cover__inner-container is-layout-flow wp-block-cover-is-layout-flow\">\n<h1 class=\"wp-block-heading has-text-align-center has-dark-grey-color has-text-color\" id=\"discover-your-child-s-hearing\">Zjist\u011bte v\u00edce o\u00a0sluchu va\u0161eho d\u00edt\u011bte<\/h1>\n\n\n\n<p class=\"has-text-align-center has-dark-grey-color has-text-color has-lead-font-size\">D\u011btsk\u00e1 sluchadla pro ka\u017edou v\u011bkovou kategorii<\/p>\n<\/div><\/div>\n\n\n\n<div style=\"height:21px\" aria-hidden=\"true\" class=\"wp-block-spacer\"><\/div>\n\n\n\n<h2 class=\"wp-block-heading has-text-align-center\">Poslechov\u00e1 \u0159e\u0161en\u00ed pro d\u011bti a\u00a0teenagery<\/h2>\n\n\n\n<p class=\"has-text-align-center is-style-default\">Ka\u017ed\u00e9 d\u00edt\u011b je jedine\u010dn\u00e9, stejn\u011b jako jeho poslechov\u00e9 pot\u0159eby.  Se \u0161irokou \u0161k\u00e1lou sluchadel Phonak a\u00a0p\u0159\u00edslu\u0161enstv\u00ed pro bezdr\u00e1tovou komunikaci m\u00e1me technologick\u00e9 \u0159e\u0161en\u00ed pro d\u00edt\u011b v\u00a0ka\u017ed\u00e9m v\u011bku.<\/p>\n\n\n\n<p class=\"has-text-align-center\">Zaji\u0161t\u011bn\u00ed p\u0159\u00edstupu k\u00a0\u0161irok\u00e9 \u0161k\u00e1le slov a\u00a0bohat\u00e9 konverzaci je pro v\u00fdvoj d\u00edt\u011bte a\u00a0teenagera zcela z\u00e1sadn\u00ed. Rozhovory s\u00a0bl\u00edzk\u00fdmi \u2013 a\u0165 u\u017e u\u00a0ve\u010de\u0159e, venku nebo v\u00a0aut\u011b \u2013 pat\u0159\u00ed k\u00a0nejz\u00e1sadn\u011bj\u0161\u00edm ingredienc\u00edm jazykov\u00e9ho v\u00fdvoje.<\/p>\n\n\n\n<p class=\"has-text-align-center\">Vytvo\u0159en\u00ed jazykov\u011b bohat\u00e9ho prost\u0159ed\u00ed pro d\u011bti se ztr\u00e1tou sluchu znamen\u00e1 maximalizovat ka\u017edou p\u0159\u00edle\u017eitost k\u00a0interakci a\u00a0sluchadla pro d\u011bti, kter\u00e1 jsou navr\u017eena pro pohodln\u00e9 no\u0161en\u00ed po cel\u00fd den, pom\u00e1haj\u00ed d\u011btem a\u00a0teenager\u016fm se ztr\u00e1tou sluchu vyt\u011b\u017eit maximum z\u00a0oboustrann\u00e9 interakce s\u00a0okol\u00edm, kterou maj\u00ed k\u00a0dispozici v\u00a0proudu neust\u00e1le se m\u011bn\u00edc\u00edch situac\u00ed.<\/p>\n\n\n\n<div style=\"height:53px\" aria-hidden=\"true\" class=\"wp-block-spacer\"><\/div>\n\n\n\n<div class=\"wp-block-media-text has-media-on-the-right is-stacked-on-mobile\"><div class=\"wp-block-media-text__content\">\n<h3 class=\"wp-block-heading has-blue-color has-text-color\">Kojenci a\u00a0batolata<\/h3>\n\n\n\n<p>Pro d\u011bti v\u00a0t\u00e9to v\u011bkov\u00e9 skupin\u011b je z\u00e1sadn\u00ed co nejv\u00edce stimulovat sluch. Proto by m\u011bly sluchadla nosit po cel\u00fd den. Kojenci a\u00a0batolata obvykle nos\u00ed z\u00e1v\u011bsn\u00e1 sluchadla, proto\u017ee poskytuj\u00ed nejlep\u0161\u00ed komfort, stabilitu a\u00a0bezpe\u010dnostn\u00ed prvky pro tuto v\u011bkovou skupinu.<\/p>\n\n\n\n<h5 class=\"wp-block-heading\"><strong>Vy\u0161et\u0159en\u00ed sluchu u\u00a0d\u011bt\u00ed<\/strong><\/h5>\n\n\n\n<p>Sluch novorozenc\u016f je mo\u017en\u00e9 testovat kr\u00e1tce po jejich narozen\u00ed. \u010c\u00edm d\u0159\u00edve je ztr\u00e1ta sluchu odhalena, t\u00edm d\u0159\u00edve je mo\u017en\u00e9 vhodnou kompenzac\u00ed zas\u00e1hnout, co\u017e je kl\u00ed\u010dov\u00e9 pro v\u00fdvoj \u0159e\u010di a\u00a0jazyka va\u0161eho d\u00edt\u011bte.<\/p>\n<\/div><figure class=\"wp-block-media-text__media\"><img decoding=\"async\" src=\"https:\/\/intl.phonak.com\/cz-cz\/wp-content\/uploads\/sites\/3\/2023\/12\/Visual_Sky-L-PR_ChildAndMomExhibitionBackdropCropped.jpg?w=592\" alt=\"Mom and daughter \" class=\"wp-image-7305 size-full\"\/><\/figure><\/div>\n\n\n\n<div class=\"wp-block-media-text is-stacked-on-mobile\"><figure class=\"wp-block-media-text__media\"><img decoding=\"async\" src=\"https:\/\/intl.phonak.com\/cz-cz\/wp-content\/uploads\/sites\/3\/2023\/12\/Visual_Sky-L-UP_Kid.jpg?w=592\" alt=\"Kids\" class=\"wp-image-7308 size-full\"\/><\/figure><div class=\"wp-block-media-text__content\">\n<h3 class=\"wp-block-heading has-blue-color has-text-color\">\u0160kol\u00e1ci<\/h3>\n\n\n\n<p>D\u011bti se v\u00a0tomto v\u011bku za\u010d\u00ednaj\u00ed v\u00edce osamostat\u0148ovat a\u00a0jsou vystavov\u00e1ny slo\u017eit\u011bj\u0161\u00edm komunika\u010dn\u00edm situac\u00edm. Aby va\u0161e d\u00edt\u011b l\u00e9pe rozum\u011blo u\u010diteli nebo v\u00e1s sly\u0161elo, kdy\u017e na n\u011bj vol\u00e1te, m\u016f\u017eete vyu\u017e\u00edt speci\u00e1ln\u00ed bezdr\u00e1tov\u00e1 komunika\u010dn\u00ed za\u0159\u00edzen\u00ed. Mo\u017enost r\u016fznobarevn\u00fdch kombinac\u00ed va\u0161emu d\u00edt\u011bti no\u0161en\u00ed sluchadel zp\u0159\u00edjemn\u00ed.<\/p>\n<\/div><\/div>\n\n\n\n<div class=\"wp-block-media-text has-media-on-the-right is-stacked-on-mobile\"><div class=\"wp-block-media-text__content\">\n<h3 class=\"wp-block-heading has-blue-color has-text-color\">Teenage\u0159i<\/h3>\n\n\n\n<p>V\u00e1\u0161 teenager chce b\u00fdt jako ka\u017ed\u00fd jin\u00fd teenager: sportovat, poslouchat hudbu, tr\u00e1vit \u010das s\u00a0kamar\u00e1dy, ukazovat svou jedine\u010dnost prost\u0159ednictv\u00edm m\u00f3dy nebo \u00fa\u010desu atd. To v\u0161e m\u016f\u017ee va\u0161e dosp\u00edvaj\u00edc\u00ed d\u00edt\u011b d\u011blat d\u00edky bezdr\u00e1tov\u00e9mu p\u0159\u00edslu\u0161enstv\u00ed, kter\u00e9 propoj\u00ed sluchadla s\u00a0mp3 p\u0159ehr\u00e1va\u010dem, mobilem, tabletem nebo televiz\u00ed. Snadno tak usly\u0161\u00ed tren\u00e9ra nebo kamar\u00e1dy, dokonce i\u00a0na d\u00e1lku nebo v\u00a0hlu\u010dn\u00e9m prost\u0159ed\u00ed.<\/p>\n<\/div><figure class=\"wp-block-media-text__media\"><img decoding=\"async\" src=\"https:\/\/intl.phonak.com\/cz-cz\/wp-content\/uploads\/sites\/3\/2023\/12\/Visual_Audeo-L-RL_Teen-1-1-Converstations-in-Loud-1.jpg?w=592\" alt=\"Teenagers\" class=\"wp-image-7310 size-full\"\/><\/figure><\/div>\n\n\n\n<div style=\"height:39px\" aria-hidden=\"true\" class=\"wp-block-spacer\"><\/div>\n\n\n\n<div class=\"wp-block-media-text is-stacked-on-mobile\"><figure class=\"wp-block-media-text__media\"><img decoding=\"async\" src=\"https:\/\/intl.phonak.com\/cz-cz\/wp-content\/uploads\/sites\/3\/2022\/03\/Roger-Ped-accessories-RGB.jpg?w=1024\" alt=\"\" class=\"wp-image-5309 size-full\"\/><\/figure><div class=\"wp-block-media-text__content\">\n<h3 class=\"wp-block-heading has-blue-color has-text-color\" id=\"meet-roger\">Seznamte se s\u00a0Rogerem pro modern\u00ed v\u00fduku<\/h3>\n\n\n\n<p>Mnoho situac\u00ed p\u0159edstavuje pro poslech velkou v\u00fdzvu, a\u00a0proto i\u00a0ta nejmodern\u011bj\u0161\u00ed sluchadla n\u011bkdy vy\u017eaduj\u00ed podporu. S\u00a0na\u0161\u00edm bezdr\u00e1tov\u00fdm p\u0159\u00edslu\u0161enstv\u00edm se va\u0161e d\u00edt\u011b jednodu\u0161e p\u0159ipoj\u00ed k\u00a0modern\u00edm technologi\u00edm, jako jsou chytr\u00e9 telefony, za\u0159\u00edzen\u00ed s\u00a0Bluetooth\u00ae, MP3 p\u0159ehr\u00e1va\u010de nebo televizory, a\u00a0m\u016f\u017ee tak snadn\u011bji komunikovat.<\/p>\n\n\n\n<p><a href=\"https:\/\/intl.phonak.com\/cz-cz\/reseni\/roger-do-skoly\/\">P\u0159e\u010dt\u011bte si v\u00edce o\u00a0za\u0159\u00edzen\u00edch Roger pro modern\u00ed v\u00fduku<\/a><\/p>\n<\/div><\/div>\n\n\n\n<div class=\"wp-block-group alignfull has-light-grey-background-color has-background is-layout-flow wp-block-group-is-layout-flow\">\n\t<div class=\"wp-block-pho-product-selection \">\n\t\t<div class=\"grid-x grid-padding-x grid-padding-y\">\n\n\t\t\t\t\t\t\t<div class=\"cell\">\n\t\t\t\t\t<h2 class=\"text-center\">Produkty<\/h2>\n\t\t\t\t<\/div>\n\t\t\t\t\n\t\t\t\t<div class=\"cell medium-6 large-4 flex-container\">\n\t\t\t\t\t\n<article id=\"post-36\" class=\"product-card post-36 pho_products type-pho_products status-publish has-post-thumbnail hentry pho_product_type-deti-a-teenageri pho_product_type-nejsilnejsi-vykon pho_product_category-deti pho_product_category-sluchadla pho_product_platforms-lumity\">\n\t\t<a class=\"flex-container flex-dir-column align-justify align-top\" href=\"https:\/\/intl.phonak.com\/cz-cz\/produkty\/phonak-sky-lumity\/\">\n\t\t<div class=\"product-card-content-wrapper\">\n\t\t\t\n\t\t\t\t<div class=\"product-image-wrapper\">\n\t\t\t\t\t<img loading=\"lazy\" decoding=\"async\" width=\"600\" height=\"600\" src=\"https:\/\/intl.phonak.com\/cz-cz\/wp-content\/uploads\/sites\/63\/2023\/10\/PH_Packshot_Audeo-I-Sphere-xReceiver_050-1029-P7.png?w=600\" class=\"attachment-post-thumbnail size-post-thumbnail wp-post-image\" alt=\"Phonak Aud\u00e9o Sphere Infinio\" srcset=\"https:\/\/intl.phonak.com\/cz-cz\/wp-content\/uploads\/sites\/63\/2023\/10\/PH_Packshot_Audeo-I-Sphere-xReceiver_050-1029-P7.png 600w, https:\/\/intl.phonak.com\/cz-cz\/wp-content\/uploads\/sites\/63\/2023\/10\/PH_Packshot_Audeo-I-Sphere-xReceiver_050-1029-P7.png?resize=150,150 150w, https:\/\/intl.phonak.com\/cz-cz\/wp-content\/uploads\/sites\/63\/2023\/10\/PH_Packshot_Audeo-I-Sphere-xReceiver_050-1029-P7.png?resize=300,300 300w\" sizes=\"auto, (max-width: 600px) 100vw, 600px\" \/>\t\t\t\t<\/div>\n\n\t\t\t\t<h3 class=\"entry-title\">Phonak Sky\u2122 Lumity<\/h3><p>\u0158e\u0161en\u00ed pro d\u011bti vybaven\u00e9 nejnov\u011bj\u0161\u00ed technologi\u00ed Lumity. Nab\u00edz\u00ed \u0161irokou \u0161k\u00e1lu barevn\u00fdch kombinac\u00ed pro d\u011bti, kter\u00e9 podtrhnou jejich osobnost.<\/p>\n\t\t<\/div>\n\t\t<div class=\"wp-block-button\">\n\t\t\t<div class=\"wp-block-button__link\">\u010c\u00edst d\u00e1le<\/div>\n\t\t<\/div>\n\t<\/a>\n<\/article><!-- #post-36 -->\n\t\t\t\t<\/div>\n\n\t\t\t\t\n\t\t\t\t<div class=\"cell medium-6 large-4 flex-container\">\n\t\t\t\t\t\n<article id=\"post-16\" class=\"product-card post-16 pho_products type-pho_products status-publish has-post-thumbnail hentry pho_product_type-jednostranna-hluchota pho_product_category-sluchadla pho_product_platforms-infinio\">\n\t\t<a class=\"flex-container flex-dir-column align-justify align-top\" href=\"https:\/\/intl.phonak.com\/cz-cz\/produkty\/phonak-cros-infinio\/\">\n\t\t<div class=\"product-card-content-wrapper\">\n\t\t\t\n\t\t\t\t<div class=\"product-image-wrapper\">\n\t\t\t\t\t<img loading=\"lazy\" decoding=\"async\" width=\"600\" height=\"600\" src=\"https:\/\/intl.phonak.com\/cz-cz\/wp-content\/uploads\/sites\/63\/2025\/06\/PH_Packshot_CROS-I-R_050-1043-P5.png?w=600\" class=\"attachment-post-thumbnail size-post-thumbnail wp-post-image\" alt=\"Phonak CROS Infinio\" srcset=\"https:\/\/intl.phonak.com\/cz-cz\/wp-content\/uploads\/sites\/63\/2025\/06\/PH_Packshot_CROS-I-R_050-1043-P5.png 600w, https:\/\/intl.phonak.com\/cz-cz\/wp-content\/uploads\/sites\/63\/2025\/06\/PH_Packshot_CROS-I-R_050-1043-P5.png?resize=150,150 150w, https:\/\/intl.phonak.com\/cz-cz\/wp-content\/uploads\/sites\/63\/2025\/06\/PH_Packshot_CROS-I-R_050-1043-P5.png?resize=300,300 300w\" sizes=\"auto, (max-width: 600px) 100vw, 600px\" \/>\t\t\t\t<\/div>\n\n\t\t\t\t<h3 class=\"entry-title\">Phonak CROS Infinio<\/h3><p>Na\u0161e \u0159e\u0161en\u00ed na platform\u011b Infinio pro osoby s\u00a0jednostrannou hluchotou.<\/p>\n\t\t<\/div>\n\t\t<div class=\"wp-block-button\">\n\t\t\t<div class=\"wp-block-button__link\">\u010c\u00edst d\u00e1le<\/div>\n\t\t<\/div>\n\t<\/a>\n<\/article><!-- #post-16 -->\n\t\t\t\t<\/div>\n\n\t\t\t\t\n\t\t<\/div>\n\t<\/div>\n\n\t\n\n\n<div class=\"wp-block-buttons is-content-justification-center is-layout-flex wp-container-core-buttons-is-layout-16018d1d wp-block-buttons-is-layout-flex\">\n<div class=\"wp-block-button\"><a class=\"wp-block-button__link wp-element-button\" href=\"https:\/\/intl.phonak.com\/cz-cz\/reseni\/produkty\/\">V\u0161echny produkty<\/a><\/div>\n<\/div>\n<\/div>\n\n\n\n<div class=\"wp-block-media-text is-stacked-on-mobile cta-block\" style=\"grid-template-columns:35% auto\"><figure class=\"wp-block-media-text__media\"><img decoding=\"async\" src=\"https:\/\/intl.phonak.com\/main-english\/wp-content\/uploads\/sites\/3\/2021\/11\/cta-image.jpg?w=401\" alt=\"\" class=\"wp-image-6738 size-full\"\/><\/figure><div class=\"wp-block-media-text__content\">\n<div class=\"wp-block-create-block-icon-selector\"><i class=\"fal fa-map-marker-alt\"><\/i><\/div>   \n<h3 class=\"wp-block-heading\">Odborn\u00edci ve va\u0161em okol\u00ed<\/h3>   <p>V\u00e1mi vybran\u00fd odborn\u00edk v\u00e1m pom\u016f\u017ee u\u010dinit v\u00fdb\u011br, kter\u00fd je pro v\u00e1s ide\u00e1ln\u00ed. Zohledn\u00ed va\u0161e sluchov\u00e9 pot\u0159eby, finan\u010dn\u00ed mo\u017enosti, \u017eivotn\u00ed styl a\u00a0individu\u00e1ln\u00ed poslechov\u00e9 preference. <\/p>   <div class=\"wp-block-buttons is-layout-flex wp-block-buttons-is-layout-flex\">\n<div class=\"wp-block-button is-style-marker-green\"><a class=\"wp-block-button__link wp-element-button\" href=\"https:\/\/intl.phonak.com\/cz-cz\/najit-odbornika\/\">Vyhledat odborn\u00edka<\/a><\/div>\n<\/div>\n<\/div><\/div> ","protected":false},"excerpt":{"rendered":"<p>Poslechov\u00e1 \u0159e\u0161en\u00ed pro d\u011bti a\u00a0teenagery Ka\u017ed\u00e9 d\u00edt\u011b je jedine\u010dn\u00e9, stejn\u011b jako jeho poslechov\u00e9 pot\u0159eby. Se \u0161irokou \u0161k\u00e1lou sluchadel Phonak a\u00a0p\u0159\u00edslu\u0161enstv\u00ed&#8230;<\/p>\n","protected":false},"author":5,"featured_media":0,"parent":443,"menu_order":0,"comment_status":"closed","ping_status":"closed","template":"","meta":{"_acf_changed":false,"inline_featured_image":false,"footnotes":""},"class_list":["post-483","page","type-page","status-publish","hentry"],"acf":[],"yoast_head":"<!-- This site is optimized with the Yoast SEO plugin v26.9 - https:\/\/yoast.com\/product\/yoast-seo-wordpress\/ -->\n<title>\u0158e\u0161en\u00ed pro d\u011bti - Phonak - Czech Republic<\/title>\n<meta name=\"robots\" content=\"index, follow, max-snippet:-1, max-image-preview:large, max-video-preview:-1\" \/>\n<link rel=\"canonical\" href=\"https:\/\/intl.phonak.com\/main-english\/solutions\/pediatric-solutions\/\" \/>\n<meta property=\"og:locale\" content=\"cs_CZ\" \/>\n<meta property=\"og:type\" content=\"article\" \/>\n<meta property=\"og:title\" content=\"\u0158e\u0161en\u00ed pro d\u011bti - Phonak - Czech Republic\" \/>\n<meta property=\"og:description\" content=\"Poslechov\u00e1 \u0159e\u0161en\u00ed pro d\u011bti a\u00a0teenagery Ka\u017ed\u00e9 d\u00edt\u011b je jedine\u010dn\u00e9, stejn\u011b jako jeho poslechov\u00e9 pot\u0159eby. Se \u0161irokou \u0161k\u00e1lou sluchadel Phonak a\u00a0p\u0159\u00edslu\u0161enstv\u00ed...\" \/>\n<meta property=\"og:url\" content=\"https:\/\/intl.phonak.com\/cz-cz\/reseni\/pro-deti\/\" \/>\n<meta property=\"og:site_name\" content=\"Phonak - Czech Republic\" \/>\n<meta property=\"article:modified_time\" content=\"2025-10-28T08:17:49+00:00\" \/>\n<meta name=\"twitter:card\" content=\"summary_large_image\" \/>\n<meta name=\"twitter:label1\" content=\"Est. reading time\" \/>\n\t<meta name=\"twitter:data1\" content=\"4 minutes\" \/>\n<script type=\"application\/ld+json\" class=\"yoast-schema-graph\">{\"@context\":\"https:\/\/schema.org\",\"@graph\":[{\"@type\":\"WebPage\",\"@id\":\"https:\/\/intl.phonak.com\/cz-cz\/reseni\/pro-deti\/\",\"url\":\"https:\/\/intl.phonak.com\/cz-cz\/reseni\/pro-deti\/\",\"name\":\"\u0158e\u0161en\u00ed pro d\u011bti - Phonak - Czech Republic\",\"isPartOf\":{\"@id\":\"https:\/\/intl.phonak.com\/cz-cz\/#website\"},\"primaryImageOfPage\":{\"@id\":\"https:\/\/intl.phonak.com\/cz-cz\/reseni\/pro-deti\/#primaryimage\"},\"image\":{\"@id\":\"https:\/\/intl.phonak.com\/cz-cz\/reseni\/pro-deti\/#primaryimage\"},\"thumbnailUrl\":\"https:\/\/intl.phonak.com\/cz-cz\/wp-content\/uploads\/sites\/3\/2023\/02\/PH_Pic_generic_kids_01.png\",\"datePublished\":\"2021-11-18T16:56:57+00:00\",\"dateModified\":\"2025-10-28T08:17:49+00:00\",\"breadcrumb\":{\"@id\":\"https:\/\/intl.phonak.com\/cz-cz\/reseni\/pro-deti\/#breadcrumb\"},\"inLanguage\":\"cs-CZ\",\"potentialAction\":[{\"@type\":\"ReadAction\",\"target\":[\"https:\/\/intl.phonak.com\/cz-cz\/reseni\/pro-deti\/\"]}]},{\"@type\":\"ImageObject\",\"inLanguage\":\"cs-CZ\",\"@id\":\"https:\/\/intl.phonak.com\/cz-cz\/reseni\/pro-deti\/#primaryimage\",\"url\":\"\",\"contentUrl\":\"\"},{\"@type\":\"BreadcrumbList\",\"@id\":\"https:\/\/intl.phonak.com\/cz-cz\/reseni\/pro-deti\/#breadcrumb\",\"itemListElement\":[{\"@type\":\"ListItem\",\"position\":1,\"name\":\"Home\",\"item\":\"https:\/\/intl.phonak.com\/cz-cz\/\"},{\"@type\":\"ListItem\",\"position\":2,\"name\":\"\u0158e\u0161en\u00ed\",\"item\":\"https:\/\/intl.phonak.com\/cz-cz\/reseni\/\"},{\"@type\":\"ListItem\",\"position\":3,\"name\":\"\u0158e\u0161en\u00ed pro d\u011bti\"}]},{\"@type\":\"WebSite\",\"@id\":\"https:\/\/intl.phonak.com\/cz-cz\/#website\",\"url\":\"https:\/\/intl.phonak.com\/cz-cz\/\",\"name\":\"Phonak - Czech Republic\",\"description\":\"Committed to changing lives\",\"publisher\":{\"@id\":\"https:\/\/intl.phonak.com\/cz-cz\/#organization\"},\"potentialAction\":[{\"@type\":\"SearchAction\",\"target\":{\"@type\":\"EntryPoint\",\"urlTemplate\":\"https:\/\/intl.phonak.com\/cz-cz\/?s={search_term_string}\"},\"query-input\":{\"@type\":\"PropertyValueSpecification\",\"valueRequired\":true,\"valueName\":\"search_term_string\"}}],\"inLanguage\":\"cs-CZ\"},{\"@type\":\"Organization\",\"@id\":\"https:\/\/intl.phonak.com\/cz-cz\/#organization\",\"name\":\"Phonak - Czech Republic\",\"url\":\"https:\/\/intl.phonak.com\/cz-cz\/\",\"logo\":{\"@type\":\"ImageObject\",\"inLanguage\":\"cs-CZ\",\"@id\":\"https:\/\/intl.phonak.com\/cz-cz\/#\/schema\/logo\/image\/\",\"url\":\"https:\/\/intl.phonak.com\/cz-cz\/wp-content\/uploads\/sites\/63\/2025\/06\/logo-phonak.svg\",\"contentUrl\":\"https:\/\/intl.phonak.com\/cz-cz\/wp-content\/uploads\/sites\/63\/2025\/06\/logo-phonak.svg\",\"caption\":\"Phonak - Czech Republic\"},\"image\":{\"@id\":\"https:\/\/intl.phonak.com\/cz-cz\/#\/schema\/logo\/image\/\"}}]}<\/script>\n<!-- \/ Yoast SEO plugin. -->","yoast_head_json":{"title":"\u0158e\u0161en\u00ed pro d\u011bti - Phonak - Czech Republic","robots":{"index":"index","follow":"follow","max-snippet":"max-snippet:-1","max-image-preview":"max-image-preview:large","max-video-preview":"max-video-preview:-1"},"canonical":"https:\/\/intl.phonak.com\/main-english\/solutions\/pediatric-solutions\/","og_locale":"cs_CZ","og_type":"article","og_title":"\u0158e\u0161en\u00ed pro d\u011bti - Phonak - Czech Republic","og_description":"Poslechov\u00e1 \u0159e\u0161en\u00ed pro d\u011bti a\u00a0teenagery Ka\u017ed\u00e9 d\u00edt\u011b je jedine\u010dn\u00e9, stejn\u011b jako jeho poslechov\u00e9 pot\u0159eby. Se \u0161irokou \u0161k\u00e1lou sluchadel Phonak a\u00a0p\u0159\u00edslu\u0161enstv\u00ed...","og_url":"https:\/\/intl.phonak.com\/cz-cz\/reseni\/pro-deti\/","og_site_name":"Phonak - Czech Republic","article_modified_time":"2025-10-28T08:17:49+00:00","twitter_card":"summary_large_image","twitter_misc":{"Est. reading time":"4 minutes"},"schema":{"@context":"https:\/\/schema.org","@graph":[{"@type":"WebPage","@id":"https:\/\/intl.phonak.com\/cz-cz\/reseni\/pro-deti\/","url":"https:\/\/intl.phonak.com\/cz-cz\/reseni\/pro-deti\/","name":"\u0158e\u0161en\u00ed pro d\u011bti - Phonak - Czech Republic","isPartOf":{"@id":"https:\/\/intl.phonak.com\/cz-cz\/#website"},"primaryImageOfPage":{"@id":"https:\/\/intl.phonak.com\/cz-cz\/reseni\/pro-deti\/#primaryimage"},"image":{"@id":"https:\/\/intl.phonak.com\/cz-cz\/reseni\/pro-deti\/#primaryimage"},"thumbnailUrl":"https:\/\/intl.phonak.com\/cz-cz\/wp-content\/uploads\/sites\/3\/2023\/02\/PH_Pic_generic_kids_01.png","datePublished":"2021-11-18T16:56:57+00:00","dateModified":"2025-10-28T08:17:49+00:00","breadcrumb":{"@id":"https:\/\/intl.phonak.com\/cz-cz\/reseni\/pro-deti\/#breadcrumb"},"inLanguage":"cs-CZ","potentialAction":[{"@type":"ReadAction","target":["https:\/\/intl.phonak.com\/cz-cz\/reseni\/pro-deti\/"]}]},{"@type":"ImageObject","inLanguage":"cs-CZ","@id":"https:\/\/intl.phonak.com\/cz-cz\/reseni\/pro-deti\/#primaryimage","url":"","contentUrl":""},{"@type":"BreadcrumbList","@id":"https:\/\/intl.phonak.com\/cz-cz\/reseni\/pro-deti\/#breadcrumb","itemListElement":[{"@type":"ListItem","position":1,"name":"Home","item":"https:\/\/intl.phonak.com\/cz-cz\/"},{"@type":"ListItem","position":2,"name":"\u0158e\u0161en\u00ed","item":"https:\/\/intl.phonak.com\/cz-cz\/reseni\/"},{"@type":"ListItem","position":3,"name":"\u0158e\u0161en\u00ed pro d\u011bti"}]},{"@type":"WebSite","@id":"https:\/\/intl.phonak.com\/cz-cz\/#website","url":"https:\/\/intl.phonak.com\/cz-cz\/","name":"Phonak - Czech Republic","description":"Committed to changing lives","publisher":{"@id":"https:\/\/intl.phonak.com\/cz-cz\/#organization"},"potentialAction":[{"@type":"SearchAction","target":{"@type":"EntryPoint","urlTemplate":"https:\/\/intl.phonak.com\/cz-cz\/?s={search_term_string}"},"query-input":{"@type":"PropertyValueSpecification","valueRequired":true,"valueName":"search_term_string"}}],"inLanguage":"cs-CZ"},{"@type":"Organization","@id":"https:\/\/intl.phonak.com\/cz-cz\/#organization","name":"Phonak - Czech Republic","url":"https:\/\/intl.phonak.com\/cz-cz\/","logo":{"@type":"ImageObject","inLanguage":"cs-CZ","@id":"https:\/\/intl.phonak.com\/cz-cz\/#\/schema\/logo\/image\/","url":"https:\/\/intl.phonak.com\/cz-cz\/wp-content\/uploads\/sites\/63\/2025\/06\/logo-phonak.svg","contentUrl":"https:\/\/intl.phonak.com\/cz-cz\/wp-content\/uploads\/sites\/63\/2025\/06\/logo-phonak.svg","caption":"Phonak - Czech Republic"},"image":{"@id":"https:\/\/intl.phonak.com\/cz-cz\/#\/schema\/logo\/image\/"}}]}},"jetpack_sharing_enabled":true,"distributor_meta":false,"distributor_terms":false,"distributor_media":false,"distributor_original_site_name":"Phonak - Czech Republic","distributor_original_site_url":"https:\/\/intl.phonak.com\/cz-cz","push-errors":false,"_links":{"self":[{"href":"https:\/\/intl.phonak.com\/cz-cz\/wp-json\/wp\/v2\/pages\/483","targetHints":{"allow":["GET"]}}],"collection":[{"href":"https:\/\/intl.phonak.com\/cz-cz\/wp-json\/wp\/v2\/pages"}],"about":[{"href":"https:\/\/intl.phonak.com\/cz-cz\/wp-json\/wp\/v2\/types\/page"}],"author":[{"embeddable":true,"href":"https:\/\/intl.phonak.com\/cz-cz\/wp-json\/wp\/v2\/users\/5"}],"replies":[{"embeddable":true,"href":"https:\/\/intl.phonak.com\/cz-cz\/wp-json\/wp\/v2\/comments?post=483"}],"version-history":[{"count":17,"href":"https:\/\/intl.phonak.com\/cz-cz\/wp-json\/wp\/v2\/pages\/483\/revisions"}],"predecessor-version":[{"id":1197,"href":"https:\/\/intl.phonak.com\/cz-cz\/wp-json\/wp\/v2\/pages\/483\/revisions\/1197"}],"up":[{"embeddable":true,"href":"https:\/\/intl.phonak.com\/cz-cz\/wp-json\/wp\/v2\/pages\/443"}],"wp:attachment":[{"href":"https:\/\/intl.phonak.com\/cz-cz\/wp-json\/wp\/v2\/media?parent=483"}],"curies":[{"name":"wp","href":"https:\/\/api.w.org\/{rel}","templated":true}]}}