{"id":477,"date":"2021-11-29T21:39:57","date_gmt":"2021-11-29T21:39:57","guid":{"rendered":"https:\/\/intl.phonak.com\/cz-cz\/go-to-a-hearing-expert\/"},"modified":"2025-10-28T07:51:07","modified_gmt":"2025-10-28T07:51:07","slug":"navsteva-u-odbornika","status":"publish","type":"page","link":"https:\/\/intl.phonak.com\/cz-cz\/ztrata-sluchu\/navsteva-u-odbornika\/","title":{"rendered":"Obra\u0165te se na odborn\u00edka"},"content":{"rendered":"\n<div class=\"wp-block-cover alignfull\"><img decoding=\"async\" class=\"wp-block-cover__image-background wp-image-7280\" alt=\"HCP fitting a Client\" src=\"https:\/\/intl.phonak.com\/cz-cz\/wp-content\/uploads\/sites\/3\/2023\/12\/Hearing-banner_HCPFittingClient_01-1.jpg\" data-object-fit=\"cover\"\/><span aria-hidden=\"true\" class=\"wp-block-cover__background has-light-grey-background-color has-background-dim-60 has-background-dim\"><\/span><div class=\"wp-block-cover__inner-container is-layout-flow wp-block-cover-is-layout-flow\">\n<h1 class=\"wp-block-heading has-text-align-center has-grey-500-color has-text-color\" id=\"your-first-appointment-with-a-hearing-expert\">Va\u0161e prvn\u00ed n\u00e1v\u0161t\u011bva u\u00a0odborn\u00edka<\/h1>\n\n\n\n<p class=\"has-text-align-center has-grey-500-color has-text-color has-lead-font-size\">Pravideln\u00e9 testy sluchu v\u00e1m pomohou v\u010das rozpoznat ztr\u00e1tu sluchu. <br>Kdy naposledy jste si nechali vy\u0161et\u0159it sluch?<\/p>\n\n\n\n<div class=\"wp-block-buttons is-horizontal is-content-justification-center is-layout-flex wp-container-core-buttons-is-layout-499968f5 wp-block-buttons-is-layout-flex\">\n<div class=\"wp-block-button is-style-marker-green\"><a class=\"wp-block-button__link wp-element-button\" href=\"https:\/\/intl.phonak.com\/cz-cz\/najit-odbornika\/\">Vyhledat odborn\u00edka<\/a><\/div>\n<\/div>\n<\/div><\/div>\n\n\n\n<div class=\"wp-block-group is-style-align-small is-layout-flow wp-block-group-is-layout-flow\" style=\"padding-top:0px\">\n<h2 class=\"wp-block-heading has-text-align-center\" id=\"what-to-expect\">Co m\u016f\u017eete o\u010dek\u00e1vat<\/h2>\n\n\n\n<p class=\"has-text-align-center\">Pravd\u011bpodobn\u011b jste u\u017e p\u0159em\u00fd\u0161leli, co se bude d\u00edt v\u00a0pr\u016fb\u011bhu odborn\u00e9 konzultace. R\u00e1di bychom v\u00e1s uklidnili a\u00a0nast\u00ednili, co m\u016f\u017eete na va\u0161\u00ed prvn\u00ed n\u00e1v\u0161t\u011bv\u011b o\u010dek\u00e1vat. <\/p>\n\n\n\n<h3 class=\"wp-block-heading has-blue-color has-text-color\" id=\"1-plan-enough-time\">1. Napl\u00e1nujte si dostatek \u010dasu<\/h3>\n\n\n\n<p class=\"has-text-align-left\">Va\u0161e prvn\u00ed n\u00e1v\u0161t\u011bva bude trvat zhruba hodinu. Pokud chcete, m\u016f\u017eete po\u017e\u00e1dat n\u011bkoho z\u00a0rodiny nebo p\u0159\u00edtele, aby v\u00e1s doprov\u00e1zel. Mnoho lid\u00ed se tak c\u00edt\u00ed jist\u011bj\u0161\u00ed. Doprovod je u\u017eite\u010dn\u00fd zejm\u00e9na v\u00a0p\u0159\u00edpad\u011b, kdy\u017e existuj\u00ed komplikace v\u00a0komunikaci.<\/p>\n\n\n\n<h3 class=\"wp-block-heading has-blue-color has-text-color\" id=\"2-ear-examination\">2. Vy\u0161et\u0159en\u00ed sluchu<\/h3>\n\n\n\n<p>Odborn\u00edk &#8211; audiolog, poskytovatel sluchadel nebo ORL specialista &#8211; vy\u0161et\u0159\u00ed va\u0161e u\u0161i. P\u0159edev\u0161\u00edm zkontroluje, zda-li se nejedn\u00e1 o\u00a0probl\u00e9m nadm\u011brn\u00e9 tvorby mazu nebo u\u0161n\u00ed infekce.<\/p>\n\n\n\n<h3 class=\"wp-block-heading has-blue-color has-text-color\" id=\"3-hearing-test\">3. Test sluchu<\/h3>\n\n\n\n<p>Po vy\u0161et\u0159en\u00ed odborn\u00edk provede test sluchu. Nasad\u00edte si sluch\u00e1tka, do kter\u00fdch v\u00e1m odborn\u00edk bude postupn\u011b p\u0159ehr\u00e1vat sled t\u00f3n\u016f, z\u00a0nich\u017e n\u011bkter\u00e9 budou hlasit\u00e9 a\u00a0jin\u00e9 velmi tich\u00e9. Va\u0161\u00edm \u00fakolem bude mu d\u00e1t znamen\u00ed nebo stisknout tla\u010d\u00edtko v\u00a0okam\u017eiku, kdy t\u00f3n usly\u0161\u00edte. Na z\u00e1klad\u011b vy\u0161et\u0159en\u00ed a\u00a0poslechov\u00e9ho testu v\u00e1m odborn\u00edk bude moci sd\u011blit v\u00edce o\u00a0stavu va\u0161eho sluchu a\u00a0sluchov\u00e9 ztr\u00e1t\u011b.<\/p>\n\n\n\n<h3 class=\"wp-block-heading has-blue-color has-text-color\" id=\"selection-of-hearing-solutions-1\">4. V\u00fdb\u011br poslechov\u00fdch \u0159e\u0161en\u00ed<\/h3>\n\n\n\n<p>Na konci n\u00e1v\u0161t\u011bvy v\u00e1m odborn\u00edk vysv\u011btl\u00ed v\u0161echny mo\u017enosti, kter\u00e9 m\u00e1te k\u00a0dispozici, chcete-li si zlep\u0161it sv\u016fj sluch. Sezn\u00e1m\u00ed v\u00e1s s\u00a0nab\u00eddkou sluchadel vhodn\u00fdch pro va\u0161i ztr\u00e1tu sluchu. Vysv\u011btl\u00ed v\u00e1m rozd\u00edly mezi jednotliv\u00fdmi v\u00fdrobky a\u00a0jejich p\u0159\u00ednos.<\/p>\n\n\n\n<p>Nyn\u00ed je ide\u00e1ln\u00ed chv\u00edle mu polo\u017eit v\u0161echny p\u0159\u00edpadn\u00e9 ot\u00e1zky a\u00a0poskytnout co nejv\u00edce informac\u00ed. \u010c\u00edm v\u00edce informac\u00ed od v\u00e1s odborn\u00edk z\u00edsk\u00e1, t\u00edm lep\u0161\u00ed pomoci se v\u00e1m dostane. Proto je vhodn\u00e9 si p\u0159ed va\u0161\u00ed n\u00e1v\u0161t\u011bvou promyslet situace, ve kter\u00fdch m\u00e1te probl\u00e9my s\u00a0poslechem (na rodinn\u00fdch oslav\u00e1ch, na porad\u00e1ch, v\u00a0hlu\u010dn\u00e9m prost\u0159ed\u00ed, p\u0159i sledov\u00e1n\u00ed televize, telefonov\u00e1n\u00ed, poslechu hudby atd.) &nbsp;<\/p>\n\n\n\n<div style=\"height:35px\" aria-hidden=\"true\" class=\"wp-block-spacer\"><\/div>\n<\/div>\n\n\n\n<div class=\"wp-block-group alignfull has-light-grey-background-color has-background is-layout-flow wp-block-group-is-layout-flow\">\n<div class=\"wp-block-group is-style-align-small is-layout-flow wp-block-group-is-layout-flow\">\n<p class=\"has-text-align-center is-style-default\"><strong>DAL\u0160\u00cd KROK:<\/strong><\/p>\n\n\n\n<h3 class=\"wp-block-heading has-text-align-center\" id=\"customization-of-your-new-hearing-aid-1\">Nastaven\u00ed va\u0161eho nov\u00e9ho sluchadla na m\u00edru<\/h3>\n\n\n\n<p class=\"has-text-align-center is-style-default\">Phonak je sv\u011btov\u00fdm l\u00eddrem v\u00a0oblasti poslechov\u00fdch \u0159e\u0161en\u00ed. D\u00edky na\u0161emu neust\u00e1l\u00e9mu \u00fasil\u00ed nal\u00e9zat nov\u00e1 \u0159e\u0161en\u00ed se n\u00e1m da\u0159\u00ed dosahovat jednoho z\u00a0nejvy\u0161\u0161\u00edch pod\u00edl\u016f inovac\u00ed v\u00a0odv\u011btv\u00ed. <\/p>\n\n\n\n<p class=\"has-text-align-center\"><a href=\"https:\/\/intl.phonak.com\/cz-cz\/reseni\/sluchadla\/\">Dal\u0161\u00ed informace o\u00a0sluchadlech Phonak<\/a><\/p>\n\n\n\n<p class=\"has-text-align-center is-style-default\">Sluchadla Phonak&nbsp;lze nastavit na m\u00edru tak, aby vyhovovala va\u0161im pot\u0159eb\u00e1m, je v\u0161ak t\u0159eba je optimalizovat, abyste si mohli b\u00fdt jisti, \u017ee budete v\u017edy v\u00a0obraze bez ohledu na to, v\u00a0jak\u00e9m prost\u0159ed\u00ed se nach\u00e1z\u00edte.<\/p>\n\n\n\n<p class=\"has-text-align-center\"><a href=\"https:\/\/intl.phonak.com\/cz-cz\/ztrata-sluchu\/personifikace-sluchadla\/\">Zjist\u011bte v\u00edce o\u00a0nastaven\u00ed sluchadel na m\u00edru<\/a><\/p>\n<\/div>\n<\/div>\n\n\n\n<div class=\"wp-block-media-text is-stacked-on-mobile cta-block\" style=\"grid-template-columns:35% auto\"><figure class=\"wp-block-media-text__media\"><img decoding=\"async\" src=\"https:\/\/intl.phonak.com\/main-english\/wp-content\/uploads\/sites\/3\/2021\/11\/cta-image.jpg?w=401\" alt=\"\" class=\"wp-image-6738 size-full\"\/><\/figure><div class=\"wp-block-media-text__content\">\n<div class=\"wp-block-create-block-icon-selector\"><i class=\"fal fa-map-marker-alt\"><\/i><\/div>   \n<h3 class=\"wp-block-heading\">Odborn\u00edci ve va\u0161em okol\u00ed<\/h3>   <p>V\u00e1mi vybran\u00fd odborn\u00edk v\u00e1m pom\u016f\u017ee u\u010dinit v\u00fdb\u011br, kter\u00fd je pro v\u00e1s ide\u00e1ln\u00ed. Zohledn\u00ed va\u0161e sluchov\u00e9 pot\u0159eby, finan\u010dn\u00ed mo\u017enosti, \u017eivotn\u00ed styl a\u00a0individu\u00e1ln\u00ed poslechov\u00e9 preference. <\/p>   <div class=\"wp-block-buttons is-layout-flex wp-block-buttons-is-layout-flex\">\n<div class=\"wp-block-button is-style-marker-green\"><a class=\"wp-block-button__link wp-element-button\" href=\"https:\/\/intl.phonak.com\/cz-cz\/najit-odbornika\/\">Vyhledat odborn\u00edka<\/a><\/div>\n<\/div>\n<\/div><\/div> ","protected":false},"excerpt":{"rendered":"<p>Co m\u016f\u017eete o\u010dek\u00e1vat Pravd\u011bpodobn\u011b jste u\u017e p\u0159em\u00fd\u0161leli, co se bude d\u00edt v\u00a0pr\u016fb\u011bhu odborn\u00e9 konzultace. R\u00e1di bychom v\u00e1s uklidnili a\u00a0nast\u00ednili, co&#8230;<\/p>\n","protected":false},"author":5,"featured_media":0,"parent":455,"menu_order":0,"comment_status":"closed","ping_status":"closed","template":"","meta":{"_acf_changed":false,"inline_featured_image":false,"footnotes":""},"class_list":["post-477","page","type-page","status-publish","hentry"],"acf":[],"yoast_head":"<!-- This site is optimized with the Yoast SEO plugin v26.9 - https:\/\/yoast.com\/product\/yoast-seo-wordpress\/ -->\n<title>Obra\u0165te se na odborn\u00edka - Phonak - Czech Republic<\/title>\n<meta name=\"robots\" content=\"index, follow, max-snippet:-1, max-image-preview:large, max-video-preview:-1\" \/>\n<link rel=\"canonical\" href=\"https:\/\/intl.phonak.com\/main-english\/hearing-loss\/go-to-a-hearing-expert\/\" \/>\n<meta property=\"og:locale\" content=\"cs_CZ\" \/>\n<meta property=\"og:type\" content=\"article\" \/>\n<meta property=\"og:title\" content=\"Obra\u0165te se na odborn\u00edka - Phonak - Czech Republic\" \/>\n<meta property=\"og:description\" content=\"Co m\u016f\u017eete o\u010dek\u00e1vat Pravd\u011bpodobn\u011b jste u\u017e p\u0159em\u00fd\u0161leli, co se bude d\u00edt v\u00a0pr\u016fb\u011bhu odborn\u00e9 konzultace. R\u00e1di bychom v\u00e1s uklidnili a\u00a0nast\u00ednili, co...\" \/>\n<meta property=\"og:url\" content=\"https:\/\/intl.phonak.com\/cz-cz\/ztrata-sluchu\/navsteva-u-odbornika\/\" \/>\n<meta property=\"og:site_name\" content=\"Phonak - Czech Republic\" \/>\n<meta property=\"article:modified_time\" content=\"2025-10-28T07:51:07+00:00\" \/>\n<meta name=\"twitter:card\" content=\"summary_large_image\" \/>\n<meta name=\"twitter:label1\" content=\"Est. reading time\" \/>\n\t<meta name=\"twitter:data1\" content=\"3 minutes\" \/>\n<script type=\"application\/ld+json\" class=\"yoast-schema-graph\">{\"@context\":\"https:\/\/schema.org\",\"@graph\":[{\"@type\":\"WebPage\",\"@id\":\"https:\/\/intl.phonak.com\/cz-cz\/ztrata-sluchu\/navsteva-u-odbornika\/\",\"url\":\"https:\/\/intl.phonak.com\/cz-cz\/ztrata-sluchu\/navsteva-u-odbornika\/\",\"name\":\"Obra\u0165te se na odborn\u00edka - Phonak - Czech Republic\",\"isPartOf\":{\"@id\":\"https:\/\/intl.phonak.com\/cz-cz\/#website\"},\"primaryImageOfPage\":{\"@id\":\"https:\/\/intl.phonak.com\/cz-cz\/ztrata-sluchu\/navsteva-u-odbornika\/#primaryimage\"},\"image\":{\"@id\":\"https:\/\/intl.phonak.com\/cz-cz\/ztrata-sluchu\/navsteva-u-odbornika\/#primaryimage\"},\"thumbnailUrl\":\"https:\/\/intl.phonak.com\/cz-cz\/wp-content\/uploads\/sites\/3\/2023\/12\/Hearing-banner_HCPFittingClient_01-1.jpg\",\"datePublished\":\"2021-11-29T21:39:57+00:00\",\"dateModified\":\"2025-10-28T07:51:07+00:00\",\"breadcrumb\":{\"@id\":\"https:\/\/intl.phonak.com\/cz-cz\/ztrata-sluchu\/navsteva-u-odbornika\/#breadcrumb\"},\"inLanguage\":\"cs-CZ\",\"potentialAction\":[{\"@type\":\"ReadAction\",\"target\":[\"https:\/\/intl.phonak.com\/cz-cz\/ztrata-sluchu\/navsteva-u-odbornika\/\"]}]},{\"@type\":\"ImageObject\",\"inLanguage\":\"cs-CZ\",\"@id\":\"https:\/\/intl.phonak.com\/cz-cz\/ztrata-sluchu\/navsteva-u-odbornika\/#primaryimage\",\"url\":\"\",\"contentUrl\":\"\"},{\"@type\":\"BreadcrumbList\",\"@id\":\"https:\/\/intl.phonak.com\/cz-cz\/ztrata-sluchu\/navsteva-u-odbornika\/#breadcrumb\",\"itemListElement\":[{\"@type\":\"ListItem\",\"position\":1,\"name\":\"Home\",\"item\":\"https:\/\/intl.phonak.com\/cz-cz\/\"},{\"@type\":\"ListItem\",\"position\":2,\"name\":\"Ztr\u00e1ta sluchu\",\"item\":\"https:\/\/intl.phonak.com\/cz-cz\/ztrata-sluchu\/\"},{\"@type\":\"ListItem\",\"position\":3,\"name\":\"Obra\u0165te se na odborn\u00edka\"}]},{\"@type\":\"WebSite\",\"@id\":\"https:\/\/intl.phonak.com\/cz-cz\/#website\",\"url\":\"https:\/\/intl.phonak.com\/cz-cz\/\",\"name\":\"Phonak - Czech Republic\",\"description\":\"Committed to changing lives\",\"publisher\":{\"@id\":\"https:\/\/intl.phonak.com\/cz-cz\/#organization\"},\"potentialAction\":[{\"@type\":\"SearchAction\",\"target\":{\"@type\":\"EntryPoint\",\"urlTemplate\":\"https:\/\/intl.phonak.com\/cz-cz\/?s={search_term_string}\"},\"query-input\":{\"@type\":\"PropertyValueSpecification\",\"valueRequired\":true,\"valueName\":\"search_term_string\"}}],\"inLanguage\":\"cs-CZ\"},{\"@type\":\"Organization\",\"@id\":\"https:\/\/intl.phonak.com\/cz-cz\/#organization\",\"name\":\"Phonak - Czech Republic\",\"url\":\"https:\/\/intl.phonak.com\/cz-cz\/\",\"logo\":{\"@type\":\"ImageObject\",\"inLanguage\":\"cs-CZ\",\"@id\":\"https:\/\/intl.phonak.com\/cz-cz\/#\/schema\/logo\/image\/\",\"url\":\"https:\/\/intl.phonak.com\/cz-cz\/wp-content\/uploads\/sites\/63\/2025\/06\/logo-phonak.svg\",\"contentUrl\":\"https:\/\/intl.phonak.com\/cz-cz\/wp-content\/uploads\/sites\/63\/2025\/06\/logo-phonak.svg\",\"caption\":\"Phonak - Czech Republic\"},\"image\":{\"@id\":\"https:\/\/intl.phonak.com\/cz-cz\/#\/schema\/logo\/image\/\"}}]}<\/script>\n<!-- \/ Yoast SEO plugin. -->","yoast_head_json":{"title":"Obra\u0165te se na odborn\u00edka - Phonak - Czech Republic","robots":{"index":"index","follow":"follow","max-snippet":"max-snippet:-1","max-image-preview":"max-image-preview:large","max-video-preview":"max-video-preview:-1"},"canonical":"https:\/\/intl.phonak.com\/main-english\/hearing-loss\/go-to-a-hearing-expert\/","og_locale":"cs_CZ","og_type":"article","og_title":"Obra\u0165te se na odborn\u00edka - Phonak - Czech Republic","og_description":"Co m\u016f\u017eete o\u010dek\u00e1vat Pravd\u011bpodobn\u011b jste u\u017e p\u0159em\u00fd\u0161leli, co se bude d\u00edt v\u00a0pr\u016fb\u011bhu odborn\u00e9 konzultace. R\u00e1di bychom v\u00e1s uklidnili a\u00a0nast\u00ednili, co...","og_url":"https:\/\/intl.phonak.com\/cz-cz\/ztrata-sluchu\/navsteva-u-odbornika\/","og_site_name":"Phonak - Czech Republic","article_modified_time":"2025-10-28T07:51:07+00:00","twitter_card":"summary_large_image","twitter_misc":{"Est. reading time":"3 minutes"},"schema":{"@context":"https:\/\/schema.org","@graph":[{"@type":"WebPage","@id":"https:\/\/intl.phonak.com\/cz-cz\/ztrata-sluchu\/navsteva-u-odbornika\/","url":"https:\/\/intl.phonak.com\/cz-cz\/ztrata-sluchu\/navsteva-u-odbornika\/","name":"Obra\u0165te se na odborn\u00edka - Phonak - Czech Republic","isPartOf":{"@id":"https:\/\/intl.phonak.com\/cz-cz\/#website"},"primaryImageOfPage":{"@id":"https:\/\/intl.phonak.com\/cz-cz\/ztrata-sluchu\/navsteva-u-odbornika\/#primaryimage"},"image":{"@id":"https:\/\/intl.phonak.com\/cz-cz\/ztrata-sluchu\/navsteva-u-odbornika\/#primaryimage"},"thumbnailUrl":"https:\/\/intl.phonak.com\/cz-cz\/wp-content\/uploads\/sites\/3\/2023\/12\/Hearing-banner_HCPFittingClient_01-1.jpg","datePublished":"2021-11-29T21:39:57+00:00","dateModified":"2025-10-28T07:51:07+00:00","breadcrumb":{"@id":"https:\/\/intl.phonak.com\/cz-cz\/ztrata-sluchu\/navsteva-u-odbornika\/#breadcrumb"},"inLanguage":"cs-CZ","potentialAction":[{"@type":"ReadAction","target":["https:\/\/intl.phonak.com\/cz-cz\/ztrata-sluchu\/navsteva-u-odbornika\/"]}]},{"@type":"ImageObject","inLanguage":"cs-CZ","@id":"https:\/\/intl.phonak.com\/cz-cz\/ztrata-sluchu\/navsteva-u-odbornika\/#primaryimage","url":"","contentUrl":""},{"@type":"BreadcrumbList","@id":"https:\/\/intl.phonak.com\/cz-cz\/ztrata-sluchu\/navsteva-u-odbornika\/#breadcrumb","itemListElement":[{"@type":"ListItem","position":1,"name":"Home","item":"https:\/\/intl.phonak.com\/cz-cz\/"},{"@type":"ListItem","position":2,"name":"Ztr\u00e1ta sluchu","item":"https:\/\/intl.phonak.com\/cz-cz\/ztrata-sluchu\/"},{"@type":"ListItem","position":3,"name":"Obra\u0165te se na odborn\u00edka"}]},{"@type":"WebSite","@id":"https:\/\/intl.phonak.com\/cz-cz\/#website","url":"https:\/\/intl.phonak.com\/cz-cz\/","name":"Phonak - Czech Republic","description":"Committed to changing lives","publisher":{"@id":"https:\/\/intl.phonak.com\/cz-cz\/#organization"},"potentialAction":[{"@type":"SearchAction","target":{"@type":"EntryPoint","urlTemplate":"https:\/\/intl.phonak.com\/cz-cz\/?s={search_term_string}"},"query-input":{"@type":"PropertyValueSpecification","valueRequired":true,"valueName":"search_term_string"}}],"inLanguage":"cs-CZ"},{"@type":"Organization","@id":"https:\/\/intl.phonak.com\/cz-cz\/#organization","name":"Phonak - Czech Republic","url":"https:\/\/intl.phonak.com\/cz-cz\/","logo":{"@type":"ImageObject","inLanguage":"cs-CZ","@id":"https:\/\/intl.phonak.com\/cz-cz\/#\/schema\/logo\/image\/","url":"https:\/\/intl.phonak.com\/cz-cz\/wp-content\/uploads\/sites\/63\/2025\/06\/logo-phonak.svg","contentUrl":"https:\/\/intl.phonak.com\/cz-cz\/wp-content\/uploads\/sites\/63\/2025\/06\/logo-phonak.svg","caption":"Phonak - Czech Republic"},"image":{"@id":"https:\/\/intl.phonak.com\/cz-cz\/#\/schema\/logo\/image\/"}}]}},"jetpack_sharing_enabled":true,"distributor_meta":false,"distributor_terms":false,"distributor_media":false,"distributor_original_site_name":"Phonak - Czech Republic","distributor_original_site_url":"https:\/\/intl.phonak.com\/cz-cz","push-errors":false,"_links":{"self":[{"href":"https:\/\/intl.phonak.com\/cz-cz\/wp-json\/wp\/v2\/pages\/477","targetHints":{"allow":["GET"]}}],"collection":[{"href":"https:\/\/intl.phonak.com\/cz-cz\/wp-json\/wp\/v2\/pages"}],"about":[{"href":"https:\/\/intl.phonak.com\/cz-cz\/wp-json\/wp\/v2\/types\/page"}],"author":[{"embeddable":true,"href":"https:\/\/intl.phonak.com\/cz-cz\/wp-json\/wp\/v2\/users\/5"}],"replies":[{"embeddable":true,"href":"https:\/\/intl.phonak.com\/cz-cz\/wp-json\/wp\/v2\/comments?post=477"}],"version-history":[{"count":10,"href":"https:\/\/intl.phonak.com\/cz-cz\/wp-json\/wp\/v2\/pages\/477\/revisions"}],"predecessor-version":[{"id":1184,"href":"https:\/\/intl.phonak.com\/cz-cz\/wp-json\/wp\/v2\/pages\/477\/revisions\/1184"}],"up":[{"embeddable":true,"href":"https:\/\/intl.phonak.com\/cz-cz\/wp-json\/wp\/v2\/pages\/455"}],"wp:attachment":[{"href":"https:\/\/intl.phonak.com\/cz-cz\/wp-json\/wp\/v2\/media?parent=477"}],"curies":[{"name":"wp","href":"https:\/\/api.w.org\/{rel}","templated":true}]}}