{"id":474,"date":"2021-11-30T14:36:50","date_gmt":"2021-11-30T14:36:50","guid":{"rendered":"https:\/\/intl.phonak.com\/cz-cz\/hearing-aid-customization\/"},"modified":"2025-11-03T12:22:38","modified_gmt":"2025-11-03T12:22:38","slug":"personifikace-sluchadla","status":"publish","type":"page","link":"https:\/\/intl.phonak.com\/cz-cz\/ztrata-sluchu\/personifikace-sluchadla\/","title":{"rendered":"P\u0159izp\u016fsoben\u00ed sluchadla"},"content":{"rendered":"\n<div class=\"wp-block-cover alignfull is-light\"><img decoding=\"async\" class=\"wp-block-cover__image-background wp-image-5329\" alt=\"\" src=\"https:\/\/intl.phonak.com\/cz-cz\/wp-content\/uploads\/sites\/3\/2022\/03\/Banner-01.jpg\" style=\"object-position:16% 56%\" data-object-fit=\"cover\" data-object-position=\"16% 56%\"\/><span aria-hidden=\"true\" class=\"wp-block-cover__background has-light-grey-background-color has-background-dim\"><\/span><div class=\"wp-block-cover__inner-container is-layout-flow wp-block-cover-is-layout-flow\">\n<h1 class=\"wp-block-heading has-text-align-center has-dark-grey-color has-text-color\" id=\"your-personal-hearing-aid\">Sluchadlo na m\u00edru<\/h1>\n\n\n\n<p class=\"has-text-align-center margin-bottom-0 is-style-default has-dark-grey-color has-text-color has-lead-font-size\">Nastaven\u00ed sluchadla prob\u00edh\u00e1 v\u00a0n\u011bkolika kroc\u00edch, aby se p\u0159izp\u016fsobilo va\u0161\u00ed ztr\u00e1t\u011b sluchu, tvaru va\u0161eho ucha a\u00a0sluchov\u00fdm n\u00e1vyk\u016fm.<\/p>\n<\/div><\/div>\n\n\n\n<div class=\"wp-block-group is-style-align-small is-layout-flow wp-block-group-is-layout-flow\" style=\"padding-top:0px\">\n<h3 class=\"wp-block-heading has-text-align-center has-blue-color has-text-color\" id=\"get-to-know-your-hearing-aid\">Seznamte se sv\u00fdm sluchadlem<\/h3>\n\n\n\n<p class=\"has-text-align-center\">Odborn\u00edk v\u00e1m poskytne podrobn\u00e9 pokyny k\u00a0pou\u017e\u00edv\u00e1n\u00ed sluchadla: jak ho nasadit, ovl\u00e1dat a\u00a0jak pracovat s\u00a0hlasitost\u00ed. Tak\u00e9 v\u00e1m vysv\u011btl\u00ed \u00fadr\u017ebu sluchadla &#8211; jak vym\u011bnit baterie, jak ho \u010distit a\u00a0vysu\u0161it. Na z\u00e1v\u011br se dozv\u00edte, jak sluchadlo reaguje v\u00a0r\u016fzn\u00fdch poslechov\u00fdch situac\u00edch. Nyn\u00ed si m\u016f\u017eete sv\u00e1 nov\u00e1 sluchadla odn\u00e9st dom\u016f.<\/p>\n<\/div>\n\n\n\n<div class=\"wp-block-group alignfull has-light-grey-background-color has-background is-layout-flow wp-block-group-is-layout-flow\">\n<div class=\"wp-block-group is-style-align-small is-layout-flow wp-block-group-is-layout-flow\">\n<h3 class=\"wp-block-heading has-text-align-center has-blue-color has-text-color\" id=\"first-days-with-your-new-hearing-aid\">Prvn\u00ed dny s\u00a0nov\u00fdm sluchadlem<\/h3>\n\n\n\n<p class=\"has-text-align-center\">B\u011bhem prvn\u00edch n\u011bkolika dn\u016f byste se m\u011bli sezn\u00e1mit se sv\u00fdm nov\u00fdm sluchadlem. Zpo\u010d\u00e1tku byste jej m\u011bli nosit n\u011bkolik hodin denn\u011b v\u00a0prost\u0159ed\u00ed, kter\u00e9 zn\u00e1te.  N\u011bkter\u00e9 v\u011bci se v\u00e1m v\u00a0t\u00e9to dob\u011b mohou zd\u00e1t zvl\u00e1\u0161tn\u00ed. Nejlep\u0161\u00edm zp\u016fsobem, jak prozkoumat nov\u00fd sluchov\u00fd vjem, je mluvit s\u00a0lidmi nebo sledovat televizi. V\u00e1\u0161 vlastn\u00ed hlas v\u00e1m m\u016f\u017ee zn\u00edt zvl\u00e1\u0161tn\u011b nebo p\u0159\u00edli\u0161 hlasit\u011b, proto\u017ee jste si mo\u017en\u00e1 zvykli mluvit hlasit\u011bji, abyste sly\u0161eli sv\u016fj hlas. Procvi\u010dujte si mluvit ti\u0161eji. Zaznamen\u00e1vejte si sv\u00e9 zku\u0161enosti \u2013 pom\u016f\u017ee to odborn\u00edkovi p\u0159i dolad\u011bn\u00ed va\u0161\u00ed pom\u016fcky.<\/p>\n\n\n\n<p class=\"has-text-align-center\"><a href=\"https:\/\/intl.phonak.com\/cz-cz\/ztrata-sluchu\/videonavody-k-udrzbe-sluchadel\/\">Dal\u0161\u00ed podporu a\u00a0informace najdete v\u00a0na\u0161ich vide\u00edch o\u00a0\u00fadr\u017eb\u011b sluchadel.<\/a><\/p>\n<\/div>\n<\/div>\n\n\n\n<div class=\"wp-block-group is-style-align-small is-layout-flow wp-block-group-is-layout-flow\">\n<h3 class=\"wp-block-heading has-text-align-center has-blue-color has-text-color\" id=\"final-adjustment-by-your-hearing-care-professional\">Kone\u010dn\u00e9 nastaven\u00ed provede v\u00e1\u0161 audiolog<\/h3>\n\n\n\n<p class=\"has-text-align-center\">Nyn\u00ed budete m\u00edt p\u0159\u00edle\u017eitost prodiskutovat sv\u00e9 prvn\u00ed zku\u0161enosti se sv\u00fdm audiologem. Va\u0161e sluchadlo bude pot\u00e9 upraveno tak, aby vyhovovalo va\u0161im specifick\u00fdm pot\u0159eb\u00e1m. Specialista zodpov\u00ed v\u0161echny va\u0161e dotazy a\u00a0poskytne v\u00e1m obecn\u00e9 rady. P\u0159i t\u00e9to n\u00e1v\u0161t\u011bv\u011b v\u00e1m sluchadlo dolad\u00edme tak, aby v\u00e1m co nejl\u00e9pe sed\u011blo a\u00a0pomohlo v\u00e1m l\u00e9pe rozum\u011bt \u0159e\u010di.<\/p>\n\n\n\n<p class=\"has-text-align-center\">Nyn\u00ed za\u010dne f\u00e1ze, kdy se v\u00e1m bude kvalita \u017eivota ka\u017ed\u00fd den o\u00a0n\u011bco zlep\u0161ovat. Pokra\u010dujte v\u00a0pou\u017e\u00edv\u00e1n\u00ed sluchadla n\u011bkolik hodin denn\u011b. Nesp\u011bchejte. Nau\u010d\u00edte se sluchadlo co nejl\u00e9pe pou\u017e\u00edvat a\u00a0brzy ocen\u00edte v\u0161echny jeho v\u00fdhody.<\/p>\n\n\n\n<div class=\"wp-block-buttons is-horizontal is-content-justification-center is-layout-flex wp-container-core-buttons-is-layout-499968f5 wp-block-buttons-is-layout-flex\">\n<div class=\"wp-block-button is-style-download\"><a class=\"wp-block-button__link wp-element-button\" href=\"https:\/\/intl.phonak.com\/cz-cz\/wp-content\/uploads\/sites\/3\/2024\/10\/PH_Pamphlet_ReviveYourHearingPreviewIntl_94x210_EN_028-0776-02.pdf\" target=\"_blank\" rel=\"noreferrer noopener\">O\u017eivte sv\u016fj sluch<\/a><\/div>\n<\/div>\n<\/div>\n\n\n\n<p class=\"has-text-align-center\"><a href=\"https:\/\/intl.phonak.com\/cz-cz\/reseni\/\">Zjist\u011bte mo\u017enosti \u0159e\u0161en\u00ed ztr\u00e1tu sluchu<\/a><\/p>\n\n\n\n<div class=\"wp-block-media-text is-stacked-on-mobile cta-block\" style=\"grid-template-columns:35% auto\"><figure class=\"wp-block-media-text__media\"><img decoding=\"async\" src=\"https:\/\/intl.phonak.com\/main-english\/wp-content\/uploads\/sites\/3\/2021\/11\/cta-image.jpg?w=401\" alt=\"\" class=\"wp-image-6738 size-full\"\/><\/figure><div class=\"wp-block-media-text__content\">\n<div class=\"wp-block-create-block-icon-selector\"><i class=\"fal fa-map-marker-alt\"><\/i><\/div>   \n<h3 class=\"wp-block-heading\">Odborn\u00edci ve va\u0161em okol\u00ed<\/h3>   <p>V\u00e1mi vybran\u00fd odborn\u00edk v\u00e1m pom\u016f\u017ee u\u010dinit v\u00fdb\u011br, kter\u00fd je pro v\u00e1s ide\u00e1ln\u00ed. Zohledn\u00ed va\u0161e sluchov\u00e9 pot\u0159eby, finan\u010dn\u00ed mo\u017enosti, \u017eivotn\u00ed styl a\u00a0individu\u00e1ln\u00ed poslechov\u00e9 preference. <\/p>   <div class=\"wp-block-buttons is-layout-flex wp-block-buttons-is-layout-flex\">\n<div class=\"wp-block-button is-style-marker-green\"><a class=\"wp-block-button__link wp-element-button\" href=\"https:\/\/intl.phonak.com\/cz-cz\/najit-odbornika\/\">Vyhledat odborn\u00edka<\/a><\/div>\n<\/div>\n<\/div><\/div> ","protected":false},"excerpt":{"rendered":"<p>Seznamte se sv\u00fdm sluchadlem Odborn\u00edk v\u00e1m poskytne podrobn\u00e9 pokyny k\u00a0pou\u017e\u00edv\u00e1n\u00ed sluchadla: jak ho nasadit, ovl\u00e1dat a\u00a0jak pracovat s\u00a0hlasitost\u00ed. Tak\u00e9 v\u00e1m&#8230;<\/p>\n","protected":false},"author":5,"featured_media":0,"parent":455,"menu_order":0,"comment_status":"closed","ping_status":"closed","template":"","meta":{"_acf_changed":false,"inline_featured_image":false,"footnotes":""},"class_list":["post-474","page","type-page","status-publish","hentry"],"acf":[],"yoast_head":"<!-- This site is optimized with the Yoast SEO plugin v26.9 - https:\/\/yoast.com\/product\/yoast-seo-wordpress\/ -->\n<title>P\u0159izp\u016fsoben\u00ed sluchadla - Phonak - Czech Republic<\/title>\n<meta name=\"robots\" content=\"index, follow, max-snippet:-1, max-image-preview:large, max-video-preview:-1\" \/>\n<link rel=\"canonical\" href=\"https:\/\/intl.phonak.com\/main-english\/hearing-loss\/hearing-aid-customization\/\" \/>\n<meta property=\"og:locale\" content=\"cs_CZ\" \/>\n<meta property=\"og:type\" content=\"article\" \/>\n<meta property=\"og:title\" content=\"P\u0159izp\u016fsoben\u00ed sluchadla - Phonak - Czech Republic\" \/>\n<meta property=\"og:description\" content=\"Seznamte se sv\u00fdm sluchadlem Odborn\u00edk v\u00e1m poskytne podrobn\u00e9 pokyny k\u00a0pou\u017e\u00edv\u00e1n\u00ed sluchadla: jak ho nasadit, ovl\u00e1dat a\u00a0jak pracovat s\u00a0hlasitost\u00ed. Tak\u00e9 v\u00e1m...\" \/>\n<meta property=\"og:url\" content=\"https:\/\/intl.phonak.com\/cz-cz\/ztrata-sluchu\/personifikace-sluchadla\/\" \/>\n<meta property=\"og:site_name\" content=\"Phonak - Czech Republic\" \/>\n<meta property=\"article:modified_time\" content=\"2025-11-03T12:22:38+00:00\" \/>\n<meta name=\"twitter:card\" content=\"summary_large_image\" \/>\n<meta name=\"twitter:label1\" content=\"Est. reading time\" \/>\n\t<meta name=\"twitter:data1\" content=\"3 minutes\" \/>\n<script type=\"application\/ld+json\" class=\"yoast-schema-graph\">{\"@context\":\"https:\/\/schema.org\",\"@graph\":[{\"@type\":\"WebPage\",\"@id\":\"https:\/\/intl.phonak.com\/cz-cz\/ztrata-sluchu\/personifikace-sluchadla\/\",\"url\":\"https:\/\/intl.phonak.com\/cz-cz\/ztrata-sluchu\/personifikace-sluchadla\/\",\"name\":\"P\u0159izp\u016fsoben\u00ed sluchadla - Phonak - Czech Republic\",\"isPartOf\":{\"@id\":\"https:\/\/intl.phonak.com\/cz-cz\/#website\"},\"primaryImageOfPage\":{\"@id\":\"https:\/\/intl.phonak.com\/cz-cz\/ztrata-sluchu\/personifikace-sluchadla\/#primaryimage\"},\"image\":{\"@id\":\"https:\/\/intl.phonak.com\/cz-cz\/ztrata-sluchu\/personifikace-sluchadla\/#primaryimage\"},\"thumbnailUrl\":\"https:\/\/intl.phonak.com\/cz-cz\/wp-content\/uploads\/sites\/3\/2022\/03\/Banner-01.jpg\",\"datePublished\":\"2021-11-30T14:36:50+00:00\",\"dateModified\":\"2025-11-03T12:22:38+00:00\",\"breadcrumb\":{\"@id\":\"https:\/\/intl.phonak.com\/cz-cz\/ztrata-sluchu\/personifikace-sluchadla\/#breadcrumb\"},\"inLanguage\":\"cs-CZ\",\"potentialAction\":[{\"@type\":\"ReadAction\",\"target\":[\"https:\/\/intl.phonak.com\/cz-cz\/ztrata-sluchu\/personifikace-sluchadla\/\"]}]},{\"@type\":\"ImageObject\",\"inLanguage\":\"cs-CZ\",\"@id\":\"https:\/\/intl.phonak.com\/cz-cz\/ztrata-sluchu\/personifikace-sluchadla\/#primaryimage\",\"url\":\"\",\"contentUrl\":\"\"},{\"@type\":\"BreadcrumbList\",\"@id\":\"https:\/\/intl.phonak.com\/cz-cz\/ztrata-sluchu\/personifikace-sluchadla\/#breadcrumb\",\"itemListElement\":[{\"@type\":\"ListItem\",\"position\":1,\"name\":\"Home\",\"item\":\"https:\/\/intl.phonak.com\/cz-cz\/\"},{\"@type\":\"ListItem\",\"position\":2,\"name\":\"Ztr\u00e1ta sluchu\",\"item\":\"https:\/\/intl.phonak.com\/cz-cz\/ztrata-sluchu\/\"},{\"@type\":\"ListItem\",\"position\":3,\"name\":\"P\u0159izp\u016fsoben\u00ed sluchadla\"}]},{\"@type\":\"WebSite\",\"@id\":\"https:\/\/intl.phonak.com\/cz-cz\/#website\",\"url\":\"https:\/\/intl.phonak.com\/cz-cz\/\",\"name\":\"Phonak - Czech Republic\",\"description\":\"Committed to changing lives\",\"publisher\":{\"@id\":\"https:\/\/intl.phonak.com\/cz-cz\/#organization\"},\"potentialAction\":[{\"@type\":\"SearchAction\",\"target\":{\"@type\":\"EntryPoint\",\"urlTemplate\":\"https:\/\/intl.phonak.com\/cz-cz\/?s={search_term_string}\"},\"query-input\":{\"@type\":\"PropertyValueSpecification\",\"valueRequired\":true,\"valueName\":\"search_term_string\"}}],\"inLanguage\":\"cs-CZ\"},{\"@type\":\"Organization\",\"@id\":\"https:\/\/intl.phonak.com\/cz-cz\/#organization\",\"name\":\"Phonak - Czech Republic\",\"url\":\"https:\/\/intl.phonak.com\/cz-cz\/\",\"logo\":{\"@type\":\"ImageObject\",\"inLanguage\":\"cs-CZ\",\"@id\":\"https:\/\/intl.phonak.com\/cz-cz\/#\/schema\/logo\/image\/\",\"url\":\"https:\/\/intl.phonak.com\/cz-cz\/wp-content\/uploads\/sites\/63\/2025\/06\/logo-phonak.svg\",\"contentUrl\":\"https:\/\/intl.phonak.com\/cz-cz\/wp-content\/uploads\/sites\/63\/2025\/06\/logo-phonak.svg\",\"caption\":\"Phonak - Czech Republic\"},\"image\":{\"@id\":\"https:\/\/intl.phonak.com\/cz-cz\/#\/schema\/logo\/image\/\"}}]}<\/script>\n<!-- \/ Yoast SEO plugin. -->","yoast_head_json":{"title":"P\u0159izp\u016fsoben\u00ed sluchadla - Phonak - Czech Republic","robots":{"index":"index","follow":"follow","max-snippet":"max-snippet:-1","max-image-preview":"max-image-preview:large","max-video-preview":"max-video-preview:-1"},"canonical":"https:\/\/intl.phonak.com\/main-english\/hearing-loss\/hearing-aid-customization\/","og_locale":"cs_CZ","og_type":"article","og_title":"P\u0159izp\u016fsoben\u00ed sluchadla - Phonak - Czech Republic","og_description":"Seznamte se sv\u00fdm sluchadlem Odborn\u00edk v\u00e1m poskytne podrobn\u00e9 pokyny k\u00a0pou\u017e\u00edv\u00e1n\u00ed sluchadla: jak ho nasadit, ovl\u00e1dat a\u00a0jak pracovat s\u00a0hlasitost\u00ed. Tak\u00e9 v\u00e1m...","og_url":"https:\/\/intl.phonak.com\/cz-cz\/ztrata-sluchu\/personifikace-sluchadla\/","og_site_name":"Phonak - Czech Republic","article_modified_time":"2025-11-03T12:22:38+00:00","twitter_card":"summary_large_image","twitter_misc":{"Est. reading time":"3 minutes"},"schema":{"@context":"https:\/\/schema.org","@graph":[{"@type":"WebPage","@id":"https:\/\/intl.phonak.com\/cz-cz\/ztrata-sluchu\/personifikace-sluchadla\/","url":"https:\/\/intl.phonak.com\/cz-cz\/ztrata-sluchu\/personifikace-sluchadla\/","name":"P\u0159izp\u016fsoben\u00ed sluchadla - Phonak - Czech Republic","isPartOf":{"@id":"https:\/\/intl.phonak.com\/cz-cz\/#website"},"primaryImageOfPage":{"@id":"https:\/\/intl.phonak.com\/cz-cz\/ztrata-sluchu\/personifikace-sluchadla\/#primaryimage"},"image":{"@id":"https:\/\/intl.phonak.com\/cz-cz\/ztrata-sluchu\/personifikace-sluchadla\/#primaryimage"},"thumbnailUrl":"https:\/\/intl.phonak.com\/cz-cz\/wp-content\/uploads\/sites\/3\/2022\/03\/Banner-01.jpg","datePublished":"2021-11-30T14:36:50+00:00","dateModified":"2025-11-03T12:22:38+00:00","breadcrumb":{"@id":"https:\/\/intl.phonak.com\/cz-cz\/ztrata-sluchu\/personifikace-sluchadla\/#breadcrumb"},"inLanguage":"cs-CZ","potentialAction":[{"@type":"ReadAction","target":["https:\/\/intl.phonak.com\/cz-cz\/ztrata-sluchu\/personifikace-sluchadla\/"]}]},{"@type":"ImageObject","inLanguage":"cs-CZ","@id":"https:\/\/intl.phonak.com\/cz-cz\/ztrata-sluchu\/personifikace-sluchadla\/#primaryimage","url":"","contentUrl":""},{"@type":"BreadcrumbList","@id":"https:\/\/intl.phonak.com\/cz-cz\/ztrata-sluchu\/personifikace-sluchadla\/#breadcrumb","itemListElement":[{"@type":"ListItem","position":1,"name":"Home","item":"https:\/\/intl.phonak.com\/cz-cz\/"},{"@type":"ListItem","position":2,"name":"Ztr\u00e1ta sluchu","item":"https:\/\/intl.phonak.com\/cz-cz\/ztrata-sluchu\/"},{"@type":"ListItem","position":3,"name":"P\u0159izp\u016fsoben\u00ed sluchadla"}]},{"@type":"WebSite","@id":"https:\/\/intl.phonak.com\/cz-cz\/#website","url":"https:\/\/intl.phonak.com\/cz-cz\/","name":"Phonak - Czech Republic","description":"Committed to changing lives","publisher":{"@id":"https:\/\/intl.phonak.com\/cz-cz\/#organization"},"potentialAction":[{"@type":"SearchAction","target":{"@type":"EntryPoint","urlTemplate":"https:\/\/intl.phonak.com\/cz-cz\/?s={search_term_string}"},"query-input":{"@type":"PropertyValueSpecification","valueRequired":true,"valueName":"search_term_string"}}],"inLanguage":"cs-CZ"},{"@type":"Organization","@id":"https:\/\/intl.phonak.com\/cz-cz\/#organization","name":"Phonak - Czech Republic","url":"https:\/\/intl.phonak.com\/cz-cz\/","logo":{"@type":"ImageObject","inLanguage":"cs-CZ","@id":"https:\/\/intl.phonak.com\/cz-cz\/#\/schema\/logo\/image\/","url":"https:\/\/intl.phonak.com\/cz-cz\/wp-content\/uploads\/sites\/63\/2025\/06\/logo-phonak.svg","contentUrl":"https:\/\/intl.phonak.com\/cz-cz\/wp-content\/uploads\/sites\/63\/2025\/06\/logo-phonak.svg","caption":"Phonak - Czech Republic"},"image":{"@id":"https:\/\/intl.phonak.com\/cz-cz\/#\/schema\/logo\/image\/"}}]}},"jetpack_sharing_enabled":true,"distributor_meta":false,"distributor_terms":false,"distributor_media":false,"distributor_original_site_name":"Phonak - Czech Republic","distributor_original_site_url":"https:\/\/intl.phonak.com\/cz-cz","push-errors":false,"_links":{"self":[{"href":"https:\/\/intl.phonak.com\/cz-cz\/wp-json\/wp\/v2\/pages\/474","targetHints":{"allow":["GET"]}}],"collection":[{"href":"https:\/\/intl.phonak.com\/cz-cz\/wp-json\/wp\/v2\/pages"}],"about":[{"href":"https:\/\/intl.phonak.com\/cz-cz\/wp-json\/wp\/v2\/types\/page"}],"author":[{"embeddable":true,"href":"https:\/\/intl.phonak.com\/cz-cz\/wp-json\/wp\/v2\/users\/5"}],"replies":[{"embeddable":true,"href":"https:\/\/intl.phonak.com\/cz-cz\/wp-json\/wp\/v2\/comments?post=474"}],"version-history":[{"count":29,"href":"https:\/\/intl.phonak.com\/cz-cz\/wp-json\/wp\/v2\/pages\/474\/revisions"}],"predecessor-version":[{"id":1320,"href":"https:\/\/intl.phonak.com\/cz-cz\/wp-json\/wp\/v2\/pages\/474\/revisions\/1320"}],"up":[{"embeddable":true,"href":"https:\/\/intl.phonak.com\/cz-cz\/wp-json\/wp\/v2\/pages\/455"}],"wp:attachment":[{"href":"https:\/\/intl.phonak.com\/cz-cz\/wp-json\/wp\/v2\/media?parent=474"}],"curies":[{"name":"wp","href":"https:\/\/api.w.org\/{rel}","templated":true}]}}