{"id":471,"date":"2021-11-30T15:12:48","date_gmt":"2021-11-30T15:12:48","guid":{"rendered":"https:\/\/intl.phonak.com\/cz-cz\/hearing-aid-styles\/"},"modified":"2025-10-28T08:04:02","modified_gmt":"2025-10-28T08:04:02","slug":"typy-sluchadel","status":"publish","type":"page","link":"https:\/\/intl.phonak.com\/cz-cz\/reseni\/typy-sluchadel\/","title":{"rendered":"Typy sluchadel"},"content":{"rendered":"\n<div class=\"wp-block-cover alignfull is-light\"><img decoding=\"async\" class=\"wp-block-cover__image-background wp-image-4536\" alt=\"Hearing aid styles\" src=\"https:\/\/intl.phonak.com\/cz-cz\/wp-content\/uploads\/sites\/3\/2022\/02\/Banner-hearing-aid-styles.jpg\" data-object-fit=\"cover\"\/><span aria-hidden=\"true\" class=\"wp-block-cover__background has-white-background-color has-background-dim\"><\/span><div class=\"wp-block-cover__inner-container is-layout-flow wp-block-cover-is-layout-flow\">\n<h1 class=\"wp-block-heading has-text-align-center has-dark-grey-color has-text-color\" id=\"phonak-hearing-aid-styles\">Typy sluchadel Phonak<\/h1>\n\n\n\n<p class=\"has-text-align-center margin-bottom-0 has-dark-grey-color has-text-color has-lead-font-size\">Komfortn\u011b ve spojen\u00ed<\/p>\n<\/div><\/div>\n\n\n\n<div class=\"wp-block-group is-style-align-small is-layout-flow wp-block-group-is-layout-flow\" style=\"padding-top:0px\">\n<h2 class=\"wp-block-heading has-text-align-center\" id=\"discover-the-style-that-fits-perfect-to-you\">Vyberte styl, kter\u00fd v\u00e1m dokonale padne<\/h2>\n\n\n\n<p class=\"has-text-align-center\">Modern\u00ed sluchadla nab\u00edzej\u00ed \u0161irokou \u0161k\u00e1lu funkc\u00ed a\u00a0rozmanitosti. V\u00e1mi vybran\u00fd odborn\u00edk v\u00e1m pom\u016f\u017ee u\u010dinit v\u00fdb\u011br, kter\u00fd je pro v\u00e1s ide\u00e1ln\u00ed. Zohledn\u00ed va\u0161e sluchov\u00e9 pot\u0159eby, finan\u010dn\u00ed mo\u017enosti, \u017eivotn\u00ed styl a\u00a0individu\u00e1ln\u00ed poslechov\u00e9 preference.<\/p>\n<\/div>\n\n\n\n<div class=\"wp-block-columns is-layout-flex wp-container-core-columns-is-layout-9d6595d7 wp-block-columns-is-layout-flex\">\n<div class=\"wp-block-column is-layout-flow wp-block-column-is-layout-flow\">\n<figure class=\"wp-block-image size-large is-resized is-style-default\"><img decoding=\"async\" src=\"https:\/\/intl.phonak.com\/wp-content\/uploads\/2021\/11\/custom-products.jpeg?w=292\" alt=\"\" class=\"wp-image-2201\" style=\"width:289px;height:221px\"\/><\/figure>\n\n\n\n<h4 class=\"wp-block-heading\" id=\"custom-products-ite\">Zak\u00e1zkov\u00e1 sluchadla (ITE)<\/h4>\n\n\n\n<p>Tato sluchadla jsou speci\u00e1ln\u011b vyrobena na m\u00edru podle tvaru va\u0161eho zvukovodu, aby v\u00e1m poskytla maxim\u00e1ln\u00ed u\u017eitek a\u00a0nejvy\u0161\u0161\u00ed mo\u017en\u00fd u\u017eivatelsk\u00fd komfort. Jsou k\u00a0dispozici v\u00a0mnoha odst\u00ednech pleti, jsou diskr\u00e9tn\u00ed a\u00a0velmi efektivn\u00ed. Nejmen\u0161\u00ed modely tohoto typu um\u00edst\u011bn\u00e9 zcela ve zvukovodu jsou prakticky neviditeln\u00e9. Tato sluchadla jsou vhodn\u00e1 pro m\u00edrnou a\u017e t\u011b\u017ekou ztr\u00e1tu sluchu.<\/p>\n\n\n\n<p class=\"has-text-align-left\"><strong>Dostupn\u00e1 sluchadla:<\/strong><\/p>\n\n\n\n<p><strong><a href=\"https:\/\/intl.phonak.com\/cz-cz\/produkty\/phonak-virto-infinio\/\">Virto<\/a><\/strong><\/p>\n<\/div>\n\n\n\n<div class=\"wp-block-column is-layout-flow wp-block-column-is-layout-flow\">\n<figure class=\"wp-block-image size-large is-style-not-rounded\"><img decoding=\"async\" src=\"https:\/\/intl.phonak.com\/wp-content\/uploads\/2021\/11\/receiver-in-canal.jpeg?w=292\" alt=\"\" class=\"wp-image-2202\"\/><\/figure>\n\n\n\n<h4 class=\"wp-block-heading\" id=\"receiver-in-canal-ric\">S\u00a0reproduktorem ve zvukovodu (RIC)<\/h4>\n\n\n\n<p>Tato sluchadla jsou men\u0161\u00ed ne\u017e standardn\u00ed z\u00e1v\u011bsn\u00e9 modely (BTE) a\u00a0jsou vhodn\u00e1 pro m\u00edrnou a\u017e t\u011b\u017ekou ztr\u00e1tu sluchu. Lze je pohodln\u011b nosit za uchem. Tyto modely jsou k\u00a0dispozici v\u00a0mnoha r\u016fzn\u00fdch barv\u00e1ch, stylech a\u00a0proveden\u00edch.<\/p>\n\n\n\n<p><strong>Dostupn\u00e1 sluchadla:<\/strong><\/p>\n\n\n\n<p><strong><a href=\"https:\/\/intl.phonak.com\/cz-cz\/produkty\/phonak-audeo-infinio\/\">Aud\u00e9o<\/a> <\/strong><\/p>\n<\/div>\n\n\n\n<div class=\"wp-block-column is-layout-flow wp-block-column-is-layout-flow\">\n<figure class=\"wp-block-image size-large is-style-not-rounded\"><img decoding=\"async\" src=\"https:\/\/intl.phonak.com\/wp-content\/uploads\/2021\/11\/behind-the-ear.jpeg?w=292\" alt=\"\" class=\"wp-image-2200\"\/><\/figure>\n\n\n\n<h4 class=\"wp-block-heading\" id=\"behind-the-ear-bte\">Z\u00e1v\u011bsn\u00e1 sluchadla (BTE)<\/h4>\n\n\n\n<p>Z\u00e1v\u011bsn\u00e1 sluchadla jsou vhodn\u00e1 pro v\u0161echny stupn\u011b ztr\u00e1ty sluchu a, jak n\u00e1zev napov\u00edd\u00e1, lze je nosit pohodln\u011b zav\u011b\u0161en\u00e9 za uchem. Tyto modely jsou k\u00a0dispozici v\u00a0mnoha r\u016fzn\u00fdch barv\u00e1ch, stylech a\u00a0proveden\u00edch.<\/p>\n\n\n\n<p><strong>Dostupn\u00e1 sluchadla:<\/strong><\/p>\n\n\n\n<p><strong><a href=\"https:\/\/intl.phonak.com\/cz-cz\/produkty\/phonak-naida-lumity\/\">Na\u00edda<\/a><\/strong> <strong>| <strong><a href=\"https:\/\/intl.phonak.com\/cz-cz\/produkty\/phonak-sky-lumity\/\">Sky<\/a> <\/strong><\/strong><\/p>\n<\/div>\n<\/div>\n\n\n\n<div class=\"wp-block-group alignfull has-light-grey-background-color has-background is-layout-flow wp-block-group-is-layout-flow\">\n<div class=\"wp-block-group is-style-align-small is-layout-flow wp-block-group-is-layout-flow\">\n<h3 class=\"wp-block-heading has-text-align-center\" id=\"get-professional-help-1\">Z\u00edskejte odbornou pomoc<\/h3>\n\n\n\n<p class=\"has-text-align-center\">Modern\u00ed sluchadla nab\u00edzej\u00ed \u0161irokou \u0161k\u00e1lu funkc\u00ed a\u00a0rozmanitosti. V\u00e1mi vybran\u00fd odborn\u00edk v\u00e1m pom\u016f\u017ee u\u010dinit v\u00fdb\u011br, kter\u00fd je pro v\u00e1s ide\u00e1ln\u00ed. Zohledn\u00ed va\u0161e sluchov\u00e9 pot\u0159eby, finan\u010dn\u00ed mo\u017enosti, \u017eivotn\u00ed styl a\u00a0individu\u00e1ln\u00ed poslechov\u00e9 preference.<\/p>\n<\/div>\n<\/div>\n\n\n\n<div style=\"height:24px\" aria-hidden=\"true\" class=\"wp-block-spacer\"><\/div>\n\n\n\n<p class=\"has-text-align-center\"><a href=\"https:\/\/intl.phonak.com\/cz-cz\/reseni\/sluchadla\/\">Prozkoumejte mo\u017enosti sluchadel<\/a><\/p>\n\n\n\n<div style=\"height:28px\" aria-hidden=\"true\" class=\"wp-block-spacer\"><\/div>\n\n\n\n<div class=\"wp-block-media-text is-stacked-on-mobile cta-block\" style=\"grid-template-columns:35% auto\"><figure class=\"wp-block-media-text__media\"><img decoding=\"async\" src=\"https:\/\/intl.phonak.com\/main-english\/wp-content\/uploads\/sites\/3\/2021\/11\/cta-image.jpg?w=401\" alt=\"\" class=\"wp-image-6738 size-full\"\/><\/figure><div class=\"wp-block-media-text__content\">\n<div class=\"wp-block-create-block-icon-selector\"><i class=\"fal fa-map-marker-alt\"><\/i><\/div>   \n<h3 class=\"wp-block-heading\">Odborn\u00edci ve va\u0161em okol\u00ed<\/h3>   <p>V\u00e1mi vybran\u00fd odborn\u00edk v\u00e1m pom\u016f\u017ee u\u010dinit v\u00fdb\u011br, kter\u00fd je pro v\u00e1s ide\u00e1ln\u00ed. Zohledn\u00ed va\u0161e sluchov\u00e9 pot\u0159eby, finan\u010dn\u00ed mo\u017enosti, \u017eivotn\u00ed styl a\u00a0individu\u00e1ln\u00ed poslechov\u00e9 preference. <\/p>   <div class=\"wp-block-buttons is-layout-flex wp-block-buttons-is-layout-flex\">\n<div class=\"wp-block-button is-style-marker-green\"><a class=\"wp-block-button__link wp-element-button\" href=\"https:\/\/intl.phonak.com\/cz-cz\/najit-odbornika\/\">Vyhledat odborn\u00edka<\/a><\/div>\n<\/div>\n<\/div><\/div> ","protected":false},"excerpt":{"rendered":"<p>Vyberte styl, kter\u00fd v\u00e1m dokonale padne Modern\u00ed sluchadla nab\u00edzej\u00ed \u0161irokou \u0161k\u00e1lu funkc\u00ed a\u00a0rozmanitosti. V\u00e1mi vybran\u00fd odborn\u00edk v\u00e1m pom\u016f\u017ee u\u010dinit v\u00fdb\u011br,&#8230;<\/p>\n","protected":false},"author":5,"featured_media":0,"parent":443,"menu_order":0,"comment_status":"closed","ping_status":"closed","template":"","meta":{"_acf_changed":false,"inline_featured_image":false,"footnotes":""},"class_list":["post-471","page","type-page","status-publish","hentry"],"acf":[],"yoast_head":"<!-- This site is optimized with the Yoast SEO plugin v26.9 - https:\/\/yoast.com\/product\/yoast-seo-wordpress\/ -->\n<title>Typy sluchadel - Phonak - Czech Republic<\/title>\n<meta name=\"robots\" content=\"index, follow, max-snippet:-1, max-image-preview:large, max-video-preview:-1\" \/>\n<link rel=\"canonical\" href=\"https:\/\/intl.phonak.com\/cz-cz\/reseni\/typy-sluchadel\/\" \/>\n<meta property=\"og:locale\" content=\"cs_CZ\" \/>\n<meta property=\"og:type\" content=\"article\" \/>\n<meta property=\"og:title\" content=\"Typy sluchadel - Phonak - Czech Republic\" \/>\n<meta property=\"og:description\" content=\"Vyberte styl, kter\u00fd v\u00e1m dokonale padne Modern\u00ed sluchadla nab\u00edzej\u00ed \u0161irokou \u0161k\u00e1lu funkc\u00ed a\u00a0rozmanitosti. V\u00e1mi vybran\u00fd odborn\u00edk v\u00e1m pom\u016f\u017ee u\u010dinit v\u00fdb\u011br,...\" \/>\n<meta property=\"og:url\" content=\"https:\/\/intl.phonak.com\/cz-cz\/reseni\/typy-sluchadel\/\" \/>\n<meta property=\"og:site_name\" content=\"Phonak - Czech Republic\" \/>\n<meta property=\"article:modified_time\" content=\"2025-10-28T08:04:02+00:00\" \/>\n<meta name=\"twitter:card\" content=\"summary_large_image\" \/>\n<meta name=\"twitter:label1\" content=\"Est. reading time\" \/>\n\t<meta name=\"twitter:data1\" content=\"3 minutes\" \/>\n<script type=\"application\/ld+json\" class=\"yoast-schema-graph\">{\"@context\":\"https:\/\/schema.org\",\"@graph\":[{\"@type\":\"WebPage\",\"@id\":\"https:\/\/intl.phonak.com\/cz-cz\/reseni\/typy-sluchadel\/\",\"url\":\"https:\/\/intl.phonak.com\/cz-cz\/reseni\/typy-sluchadel\/\",\"name\":\"Typy sluchadel - Phonak - Czech Republic\",\"isPartOf\":{\"@id\":\"https:\/\/intl.phonak.com\/cz-cz\/#website\"},\"primaryImageOfPage\":{\"@id\":\"https:\/\/intl.phonak.com\/cz-cz\/reseni\/typy-sluchadel\/#primaryimage\"},\"image\":{\"@id\":\"https:\/\/intl.phonak.com\/cz-cz\/reseni\/typy-sluchadel\/#primaryimage\"},\"thumbnailUrl\":\"https:\/\/intl.phonak.com\/cz-cz\/wp-content\/uploads\/sites\/3\/2022\/02\/Banner-hearing-aid-styles.jpg\",\"datePublished\":\"2021-11-30T15:12:48+00:00\",\"dateModified\":\"2025-10-28T08:04:02+00:00\",\"breadcrumb\":{\"@id\":\"https:\/\/intl.phonak.com\/cz-cz\/reseni\/typy-sluchadel\/#breadcrumb\"},\"inLanguage\":\"cs-CZ\",\"potentialAction\":[{\"@type\":\"ReadAction\",\"target\":[\"https:\/\/intl.phonak.com\/cz-cz\/reseni\/typy-sluchadel\/\"]}]},{\"@type\":\"ImageObject\",\"inLanguage\":\"cs-CZ\",\"@id\":\"https:\/\/intl.phonak.com\/cz-cz\/reseni\/typy-sluchadel\/#primaryimage\",\"url\":\"\",\"contentUrl\":\"\"},{\"@type\":\"BreadcrumbList\",\"@id\":\"https:\/\/intl.phonak.com\/cz-cz\/reseni\/typy-sluchadel\/#breadcrumb\",\"itemListElement\":[{\"@type\":\"ListItem\",\"position\":1,\"name\":\"Home\",\"item\":\"https:\/\/intl.phonak.com\/cz-cz\/\"},{\"@type\":\"ListItem\",\"position\":2,\"name\":\"\u0158e\u0161en\u00ed\",\"item\":\"https:\/\/intl.phonak.com\/cz-cz\/reseni\/\"},{\"@type\":\"ListItem\",\"position\":3,\"name\":\"Typy sluchadel\"}]},{\"@type\":\"WebSite\",\"@id\":\"https:\/\/intl.phonak.com\/cz-cz\/#website\",\"url\":\"https:\/\/intl.phonak.com\/cz-cz\/\",\"name\":\"Phonak - Czech Republic\",\"description\":\"Committed to changing lives\",\"publisher\":{\"@id\":\"https:\/\/intl.phonak.com\/cz-cz\/#organization\"},\"potentialAction\":[{\"@type\":\"SearchAction\",\"target\":{\"@type\":\"EntryPoint\",\"urlTemplate\":\"https:\/\/intl.phonak.com\/cz-cz\/?s={search_term_string}\"},\"query-input\":{\"@type\":\"PropertyValueSpecification\",\"valueRequired\":true,\"valueName\":\"search_term_string\"}}],\"inLanguage\":\"cs-CZ\"},{\"@type\":\"Organization\",\"@id\":\"https:\/\/intl.phonak.com\/cz-cz\/#organization\",\"name\":\"Phonak - Czech Republic\",\"url\":\"https:\/\/intl.phonak.com\/cz-cz\/\",\"logo\":{\"@type\":\"ImageObject\",\"inLanguage\":\"cs-CZ\",\"@id\":\"https:\/\/intl.phonak.com\/cz-cz\/#\/schema\/logo\/image\/\",\"url\":\"https:\/\/intl.phonak.com\/cz-cz\/wp-content\/uploads\/sites\/63\/2025\/06\/logo-phonak.svg\",\"contentUrl\":\"https:\/\/intl.phonak.com\/cz-cz\/wp-content\/uploads\/sites\/63\/2025\/06\/logo-phonak.svg\",\"caption\":\"Phonak - Czech Republic\"},\"image\":{\"@id\":\"https:\/\/intl.phonak.com\/cz-cz\/#\/schema\/logo\/image\/\"}}]}<\/script>\n<!-- \/ Yoast SEO plugin. -->","yoast_head_json":{"title":"Typy sluchadel - Phonak - Czech Republic","robots":{"index":"index","follow":"follow","max-snippet":"max-snippet:-1","max-image-preview":"max-image-preview:large","max-video-preview":"max-video-preview:-1"},"canonical":"https:\/\/intl.phonak.com\/cz-cz\/reseni\/typy-sluchadel\/","og_locale":"cs_CZ","og_type":"article","og_title":"Typy sluchadel - Phonak - Czech Republic","og_description":"Vyberte styl, kter\u00fd v\u00e1m dokonale padne Modern\u00ed sluchadla nab\u00edzej\u00ed \u0161irokou \u0161k\u00e1lu funkc\u00ed a\u00a0rozmanitosti. V\u00e1mi vybran\u00fd odborn\u00edk v\u00e1m pom\u016f\u017ee u\u010dinit v\u00fdb\u011br,...","og_url":"https:\/\/intl.phonak.com\/cz-cz\/reseni\/typy-sluchadel\/","og_site_name":"Phonak - Czech Republic","article_modified_time":"2025-10-28T08:04:02+00:00","twitter_card":"summary_large_image","twitter_misc":{"Est. reading time":"3 minutes"},"schema":{"@context":"https:\/\/schema.org","@graph":[{"@type":"WebPage","@id":"https:\/\/intl.phonak.com\/cz-cz\/reseni\/typy-sluchadel\/","url":"https:\/\/intl.phonak.com\/cz-cz\/reseni\/typy-sluchadel\/","name":"Typy sluchadel - Phonak - Czech Republic","isPartOf":{"@id":"https:\/\/intl.phonak.com\/cz-cz\/#website"},"primaryImageOfPage":{"@id":"https:\/\/intl.phonak.com\/cz-cz\/reseni\/typy-sluchadel\/#primaryimage"},"image":{"@id":"https:\/\/intl.phonak.com\/cz-cz\/reseni\/typy-sluchadel\/#primaryimage"},"thumbnailUrl":"https:\/\/intl.phonak.com\/cz-cz\/wp-content\/uploads\/sites\/3\/2022\/02\/Banner-hearing-aid-styles.jpg","datePublished":"2021-11-30T15:12:48+00:00","dateModified":"2025-10-28T08:04:02+00:00","breadcrumb":{"@id":"https:\/\/intl.phonak.com\/cz-cz\/reseni\/typy-sluchadel\/#breadcrumb"},"inLanguage":"cs-CZ","potentialAction":[{"@type":"ReadAction","target":["https:\/\/intl.phonak.com\/cz-cz\/reseni\/typy-sluchadel\/"]}]},{"@type":"ImageObject","inLanguage":"cs-CZ","@id":"https:\/\/intl.phonak.com\/cz-cz\/reseni\/typy-sluchadel\/#primaryimage","url":"","contentUrl":""},{"@type":"BreadcrumbList","@id":"https:\/\/intl.phonak.com\/cz-cz\/reseni\/typy-sluchadel\/#breadcrumb","itemListElement":[{"@type":"ListItem","position":1,"name":"Home","item":"https:\/\/intl.phonak.com\/cz-cz\/"},{"@type":"ListItem","position":2,"name":"\u0158e\u0161en\u00ed","item":"https:\/\/intl.phonak.com\/cz-cz\/reseni\/"},{"@type":"ListItem","position":3,"name":"Typy sluchadel"}]},{"@type":"WebSite","@id":"https:\/\/intl.phonak.com\/cz-cz\/#website","url":"https:\/\/intl.phonak.com\/cz-cz\/","name":"Phonak - Czech Republic","description":"Committed to changing lives","publisher":{"@id":"https:\/\/intl.phonak.com\/cz-cz\/#organization"},"potentialAction":[{"@type":"SearchAction","target":{"@type":"EntryPoint","urlTemplate":"https:\/\/intl.phonak.com\/cz-cz\/?s={search_term_string}"},"query-input":{"@type":"PropertyValueSpecification","valueRequired":true,"valueName":"search_term_string"}}],"inLanguage":"cs-CZ"},{"@type":"Organization","@id":"https:\/\/intl.phonak.com\/cz-cz\/#organization","name":"Phonak - Czech Republic","url":"https:\/\/intl.phonak.com\/cz-cz\/","logo":{"@type":"ImageObject","inLanguage":"cs-CZ","@id":"https:\/\/intl.phonak.com\/cz-cz\/#\/schema\/logo\/image\/","url":"https:\/\/intl.phonak.com\/cz-cz\/wp-content\/uploads\/sites\/63\/2025\/06\/logo-phonak.svg","contentUrl":"https:\/\/intl.phonak.com\/cz-cz\/wp-content\/uploads\/sites\/63\/2025\/06\/logo-phonak.svg","caption":"Phonak - Czech Republic"},"image":{"@id":"https:\/\/intl.phonak.com\/cz-cz\/#\/schema\/logo\/image\/"}}]}},"jetpack_sharing_enabled":true,"distributor_meta":false,"distributor_terms":false,"distributor_media":false,"distributor_original_site_name":"Phonak - Czech Republic","distributor_original_site_url":"https:\/\/intl.phonak.com\/cz-cz","push-errors":false,"_links":{"self":[{"href":"https:\/\/intl.phonak.com\/cz-cz\/wp-json\/wp\/v2\/pages\/471","targetHints":{"allow":["GET"]}}],"collection":[{"href":"https:\/\/intl.phonak.com\/cz-cz\/wp-json\/wp\/v2\/pages"}],"about":[{"href":"https:\/\/intl.phonak.com\/cz-cz\/wp-json\/wp\/v2\/types\/page"}],"author":[{"embeddable":true,"href":"https:\/\/intl.phonak.com\/cz-cz\/wp-json\/wp\/v2\/users\/5"}],"replies":[{"embeddable":true,"href":"https:\/\/intl.phonak.com\/cz-cz\/wp-json\/wp\/v2\/comments?post=471"}],"version-history":[{"count":9,"href":"https:\/\/intl.phonak.com\/cz-cz\/wp-json\/wp\/v2\/pages\/471\/revisions"}],"predecessor-version":[{"id":1194,"href":"https:\/\/intl.phonak.com\/cz-cz\/wp-json\/wp\/v2\/pages\/471\/revisions\/1194"}],"up":[{"embeddable":true,"href":"https:\/\/intl.phonak.com\/cz-cz\/wp-json\/wp\/v2\/pages\/443"}],"wp:attachment":[{"href":"https:\/\/intl.phonak.com\/cz-cz\/wp-json\/wp\/v2\/media?parent=471"}],"curies":[{"name":"wp","href":"https:\/\/api.w.org\/{rel}","templated":true}]}}