{"id":467,"date":"2021-12-01T18:05:35","date_gmt":"2021-12-01T18:05:35","guid":{"rendered":"https:\/\/intl.phonak.com\/cz-cz\/sitemap\/"},"modified":"2025-09-11T10:27:21","modified_gmt":"2025-09-11T10:27:21","slug":"mapa-stranek","status":"publish","type":"page","link":"https:\/\/intl.phonak.com\/cz-cz\/mapa-stranek\/","title":{"rendered":"Mapa str\u00e1nek"},"content":{"rendered":"<div class=\"sitemap\">\n\t<ul>\n\t<li class=\"page_item page-item-504\"><a href=\"https:\/\/intl.phonak.com\/cz-cz\/\">Dom\u016f<\/a><\/li>\n<li class=\"page_item page-item-498\"><a href=\"https:\/\/intl.phonak.com\/cz-cz\/kontakt\/\">Kontaktujte n\u00e1s<\/a><\/li>\n<li class=\"page_item page-item-467\"><a href=\"https:\/\/intl.phonak.com\/cz-cz\/mapa-stranek\/\">Mapa str\u00e1nek<\/a><\/li>\n<li class=\"page_item page-item-1309\"><a href=\"https:\/\/intl.phonak.com\/cz-cz\/novinky\/\">Novinky<\/a><\/li>\n<li class=\"page_item page-item-501\"><a href=\"https:\/\/intl.phonak.com\/cz-cz\/o-nas\/\">O\u00a0n\u00e1s<\/a><\/li>\n<li class=\"page_item page-item-461\"><a href=\"https:\/\/intl.phonak.com\/cz-cz\/ochrana-sluchu\/\">Ochrana sluchu<\/a><\/li>\n<li class=\"page_item page-item-458\"><a href=\"https:\/\/intl.phonak.com\/cz-cz\/test-sluchu\/\">Online test sluchu<\/a><\/li>\n<li class=\"page_item page-item-438\"><a href=\"https:\/\/intl.phonak.com\/cz-cz\/prohlaseni-o-ochrane-osobnich-udaju\/\">Ozn\u00e1men\u00ed o\u00a0ochran\u011b osobn\u00edch \u00fadaj\u016f<\/a><\/li>\n<li class=\"page_item page-item-436\"><a href=\"https:\/\/intl.phonak.com\/cz-cz\/predvolby-soukromi\/\">Ozn\u00e1men\u00ed o\u00a0ochran\u011b soukrom\u00ed<\/a><\/li>\n<li class=\"page_item page-item-1471\"><a href=\"https:\/\/intl.phonak.com\/cz-cz\/phonak-target\/\">Phonak Target<\/a><\/li>\n<li class=\"page_item page-item-434\"><a href=\"https:\/\/intl.phonak.com\/cz-cz\/podminky-pouziti\/\">Podm\u00ednky pou\u017e\u00edv\u00e1n\u00ed<\/a><\/li>\n<li class=\"page_item page-item-443 page_item_has_children\"><a href=\"https:\/\/intl.phonak.com\/cz-cz\/reseni\/\">\u0158e\u0161en\u00ed<\/a>\n<ul class='children'>\n\t<li class=\"page_item page-item-486\"><a href=\"https:\/\/intl.phonak.com\/cz-cz\/reseni\/prislusenstvi\/\">P\u0159\u00edslu\u0161enstv\u00ed<\/a><\/li>\n\t<li class=\"page_item page-item-492\"><a href=\"https:\/\/intl.phonak.com\/cz-cz\/reseni\/produkty\/\">Produkty<\/a><\/li>\n\t<li class=\"page_item page-item-483\"><a href=\"https:\/\/intl.phonak.com\/cz-cz\/reseni\/pro-deti\/\">\u0158e\u0161en\u00ed pro d\u011bti<\/a><\/li>\n\t<li class=\"page_item page-item-440\"><a href=\"https:\/\/intl.phonak.com\/cz-cz\/reseni\/roger-do-skoly\/\">Roger\u2122 pro modern\u00ed v\u00fduku<\/a><\/li>\n\t<li class=\"page_item page-item-465\"><a href=\"https:\/\/intl.phonak.com\/cz-cz\/reseni\/sluchadla\/\">Sluchadla<\/a><\/li>\n\t<li class=\"page_item page-item-490\"><a href=\"https:\/\/intl.phonak.com\/cz-cz\/reseni\/ke-stazeni\/\">Soubory ke sta\u017een\u00ed<\/a><\/li>\n\t<li class=\"page_item page-item-446\"><a href=\"https:\/\/intl.phonak.com\/cz-cz\/reseni\/technologie-roger\/\">Technologie Roger\u2122<\/a><\/li>\n\t<li class=\"page_item page-item-471\"><a href=\"https:\/\/intl.phonak.com\/cz-cz\/reseni\/typy-sluchadel\/\">Typy sluchadel<\/a><\/li>\n<\/ul>\n<\/li>\n<li class=\"page_item page-item-496\"><a href=\"https:\/\/intl.phonak.com\/cz-cz\/najit-odbornika\/\">Vyhledat odborn\u00edka<\/a><\/li>\n<li class=\"page_item page-item-469\"><a href=\"https:\/\/intl.phonak.com\/cz-cz\/zasady-ochrany-osobnich-udaju\/\">Z\u00e1sady ochrany osobn\u00edch \u00fadaj\u016f<\/a><\/li>\n<li class=\"page_item page-item-432\"><a href=\"https:\/\/intl.phonak.com\/cz-cz\/web-privacy-cookie-policy\/\">Z\u00e1sady ochrany osobn\u00edch \u00fadaj\u016f a\u00a0pou\u017e\u00edv\u00e1n\u00ed soubor\u016f cookie na internetov\u00e9 str\u00e1nce<\/a><\/li>\n<li class=\"page_item page-item-455 page_item_has_children\"><a href=\"https:\/\/intl.phonak.com\/cz-cz\/ztrata-sluchu\/\">Ztr\u00e1ta sluchu<\/a>\n<ul class='children'>\n\t<li class=\"page_item page-item-477\"><a href=\"https:\/\/intl.phonak.com\/cz-cz\/ztrata-sluchu\/navsteva-u-odbornika\/\">Obra\u0165te se na odborn\u00edka<\/a><\/li>\n\t<li class=\"page_item page-item-452\"><a href=\"https:\/\/intl.phonak.com\/cz-cz\/ztrata-sluchu\/dobre-slyset-znamena-lepe-zit\/\">Phonak L\u00e9pe sly\u0161et, l\u00e9pe \u017e\u00edt\u2122<\/a><\/li>\n\t<li class=\"page_item page-item-480\"><a href=\"https:\/\/intl.phonak.com\/cz-cz\/ztrata-sluchu\/priciny-ztraty-sluchu\/\">P\u0159\u00ed\u010diny ztr\u00e1ty sluchu<\/a><\/li>\n\t<li class=\"page_item page-item-474\"><a href=\"https:\/\/intl.phonak.com\/cz-cz\/ztrata-sluchu\/personifikace-sluchadla\/\">P\u0159izp\u016fsoben\u00ed sluchadla<\/a><\/li>\n\t<li class=\"page_item page-item-702\"><a href=\"https:\/\/intl.phonak.com\/cz-cz\/ztrata-sluchu\/videonavody-k-udrzbe-sluchadel\/\">Videon\u00e1vody k\u00a0\u00fadr\u017eb\u011b sluchadel<\/a><\/li>\n<\/ul>\n<\/li>\n\t<\/ul>\n<\/div>\n\n\n\n<div style=\"height:40px\" aria-hidden=\"true\" class=\"wp-block-spacer\"><\/div>\n","protected":false},"excerpt":{"rendered":"","protected":false},"author":5,"featured_media":0,"parent":0,"menu_order":0,"comment_status":"closed","ping_status":"closed","template":"","meta":{"_acf_changed":false,"inline_featured_image":false,"footnotes":""},"class_list":["post-467","page","type-page","status-publish","hentry"],"acf":[],"yoast_head":"<!-- This site is optimized with the Yoast SEO plugin v26.9 - https:\/\/yoast.com\/product\/yoast-seo-wordpress\/ -->\n<title>Mapa str\u00e1nek - Phonak - Czech Republic<\/title>\n<meta name=\"robots\" content=\"index, follow, max-snippet:-1, max-image-preview:large, max-video-preview:-1\" \/>\n<link rel=\"canonical\" href=\"https:\/\/intl.phonak.com\/main-english\/sitemap\/\" \/>\n<meta property=\"og:locale\" content=\"cs_CZ\" \/>\n<meta property=\"og:type\" content=\"article\" \/>\n<meta property=\"og:title\" content=\"Mapa str\u00e1nek - Phonak - Czech Republic\" \/>\n<meta property=\"og:url\" content=\"https:\/\/intl.phonak.com\/cz-cz\/mapa-stranek\/\" \/>\n<meta property=\"og:site_name\" content=\"Phonak - Czech Republic\" \/>\n<meta property=\"article:modified_time\" content=\"2025-09-11T10:27:21+00:00\" \/>\n<meta name=\"twitter:card\" content=\"summary_large_image\" \/>\n<script type=\"application\/ld+json\" class=\"yoast-schema-graph\">{\"@context\":\"https:\/\/schema.org\",\"@graph\":[{\"@type\":\"WebPage\",\"@id\":\"https:\/\/intl.phonak.com\/cz-cz\/mapa-stranek\/\",\"url\":\"https:\/\/intl.phonak.com\/cz-cz\/mapa-stranek\/\",\"name\":\"Mapa str\u00e1nek - Phonak - Czech Republic\",\"isPartOf\":{\"@id\":\"https:\/\/intl.phonak.com\/cz-cz\/#website\"},\"datePublished\":\"2021-12-01T18:05:35+00:00\",\"dateModified\":\"2025-09-11T10:27:21+00:00\",\"breadcrumb\":{\"@id\":\"https:\/\/intl.phonak.com\/cz-cz\/mapa-stranek\/#breadcrumb\"},\"inLanguage\":\"cs-CZ\",\"potentialAction\":[{\"@type\":\"ReadAction\",\"target\":[\"https:\/\/intl.phonak.com\/cz-cz\/mapa-stranek\/\"]}]},{\"@type\":\"BreadcrumbList\",\"@id\":\"https:\/\/intl.phonak.com\/cz-cz\/mapa-stranek\/#breadcrumb\",\"itemListElement\":[{\"@type\":\"ListItem\",\"position\":1,\"name\":\"Home\",\"item\":\"https:\/\/intl.phonak.com\/cz-cz\/\"},{\"@type\":\"ListItem\",\"position\":2,\"name\":\"Sitemap\"}]},{\"@type\":\"WebSite\",\"@id\":\"https:\/\/intl.phonak.com\/cz-cz\/#website\",\"url\":\"https:\/\/intl.phonak.com\/cz-cz\/\",\"name\":\"Phonak - Czech Republic\",\"description\":\"Committed to changing lives\",\"publisher\":{\"@id\":\"https:\/\/intl.phonak.com\/cz-cz\/#organization\"},\"potentialAction\":[{\"@type\":\"SearchAction\",\"target\":{\"@type\":\"EntryPoint\",\"urlTemplate\":\"https:\/\/intl.phonak.com\/cz-cz\/?s={search_term_string}\"},\"query-input\":{\"@type\":\"PropertyValueSpecification\",\"valueRequired\":true,\"valueName\":\"search_term_string\"}}],\"inLanguage\":\"cs-CZ\"},{\"@type\":\"Organization\",\"@id\":\"https:\/\/intl.phonak.com\/cz-cz\/#organization\",\"name\":\"Phonak - Czech Republic\",\"url\":\"https:\/\/intl.phonak.com\/cz-cz\/\",\"logo\":{\"@type\":\"ImageObject\",\"inLanguage\":\"cs-CZ\",\"@id\":\"https:\/\/intl.phonak.com\/cz-cz\/#\/schema\/logo\/image\/\",\"url\":\"https:\/\/intl.phonak.com\/cz-cz\/wp-content\/uploads\/sites\/63\/2025\/06\/logo-phonak.svg\",\"contentUrl\":\"https:\/\/intl.phonak.com\/cz-cz\/wp-content\/uploads\/sites\/63\/2025\/06\/logo-phonak.svg\",\"caption\":\"Phonak - Czech Republic\"},\"image\":{\"@id\":\"https:\/\/intl.phonak.com\/cz-cz\/#\/schema\/logo\/image\/\"}}]}<\/script>\n<!-- \/ Yoast SEO plugin. -->","yoast_head_json":{"title":"Mapa str\u00e1nek - Phonak - Czech Republic","robots":{"index":"index","follow":"follow","max-snippet":"max-snippet:-1","max-image-preview":"max-image-preview:large","max-video-preview":"max-video-preview:-1"},"canonical":"https:\/\/intl.phonak.com\/main-english\/sitemap\/","og_locale":"cs_CZ","og_type":"article","og_title":"Mapa str\u00e1nek - Phonak - Czech Republic","og_url":"https:\/\/intl.phonak.com\/cz-cz\/mapa-stranek\/","og_site_name":"Phonak - Czech Republic","article_modified_time":"2025-09-11T10:27:21+00:00","twitter_card":"summary_large_image","schema":{"@context":"https:\/\/schema.org","@graph":[{"@type":"WebPage","@id":"https:\/\/intl.phonak.com\/cz-cz\/mapa-stranek\/","url":"https:\/\/intl.phonak.com\/cz-cz\/mapa-stranek\/","name":"Mapa str\u00e1nek - Phonak - Czech Republic","isPartOf":{"@id":"https:\/\/intl.phonak.com\/cz-cz\/#website"},"datePublished":"2021-12-01T18:05:35+00:00","dateModified":"2025-09-11T10:27:21+00:00","breadcrumb":{"@id":"https:\/\/intl.phonak.com\/cz-cz\/mapa-stranek\/#breadcrumb"},"inLanguage":"cs-CZ","potentialAction":[{"@type":"ReadAction","target":["https:\/\/intl.phonak.com\/cz-cz\/mapa-stranek\/"]}]},{"@type":"BreadcrumbList","@id":"https:\/\/intl.phonak.com\/cz-cz\/mapa-stranek\/#breadcrumb","itemListElement":[{"@type":"ListItem","position":1,"name":"Home","item":"https:\/\/intl.phonak.com\/cz-cz\/"},{"@type":"ListItem","position":2,"name":"Sitemap"}]},{"@type":"WebSite","@id":"https:\/\/intl.phonak.com\/cz-cz\/#website","url":"https:\/\/intl.phonak.com\/cz-cz\/","name":"Phonak - Czech Republic","description":"Committed to changing lives","publisher":{"@id":"https:\/\/intl.phonak.com\/cz-cz\/#organization"},"potentialAction":[{"@type":"SearchAction","target":{"@type":"EntryPoint","urlTemplate":"https:\/\/intl.phonak.com\/cz-cz\/?s={search_term_string}"},"query-input":{"@type":"PropertyValueSpecification","valueRequired":true,"valueName":"search_term_string"}}],"inLanguage":"cs-CZ"},{"@type":"Organization","@id":"https:\/\/intl.phonak.com\/cz-cz\/#organization","name":"Phonak - Czech Republic","url":"https:\/\/intl.phonak.com\/cz-cz\/","logo":{"@type":"ImageObject","inLanguage":"cs-CZ","@id":"https:\/\/intl.phonak.com\/cz-cz\/#\/schema\/logo\/image\/","url":"https:\/\/intl.phonak.com\/cz-cz\/wp-content\/uploads\/sites\/63\/2025\/06\/logo-phonak.svg","contentUrl":"https:\/\/intl.phonak.com\/cz-cz\/wp-content\/uploads\/sites\/63\/2025\/06\/logo-phonak.svg","caption":"Phonak - Czech Republic"},"image":{"@id":"https:\/\/intl.phonak.com\/cz-cz\/#\/schema\/logo\/image\/"}}]}},"jetpack_sharing_enabled":true,"distributor_meta":false,"distributor_terms":false,"distributor_media":false,"distributor_original_site_name":"Phonak - Czech Republic","distributor_original_site_url":"https:\/\/intl.phonak.com\/cz-cz","push-errors":false,"_links":{"self":[{"href":"https:\/\/intl.phonak.com\/cz-cz\/wp-json\/wp\/v2\/pages\/467","targetHints":{"allow":["GET"]}}],"collection":[{"href":"https:\/\/intl.phonak.com\/cz-cz\/wp-json\/wp\/v2\/pages"}],"about":[{"href":"https:\/\/intl.phonak.com\/cz-cz\/wp-json\/wp\/v2\/types\/page"}],"author":[{"embeddable":true,"href":"https:\/\/intl.phonak.com\/cz-cz\/wp-json\/wp\/v2\/users\/5"}],"replies":[{"embeddable":true,"href":"https:\/\/intl.phonak.com\/cz-cz\/wp-json\/wp\/v2\/comments?post=467"}],"version-history":[{"count":2,"href":"https:\/\/intl.phonak.com\/cz-cz\/wp-json\/wp\/v2\/pages\/467\/revisions"}],"predecessor-version":[{"id":1097,"href":"https:\/\/intl.phonak.com\/cz-cz\/wp-json\/wp\/v2\/pages\/467\/revisions\/1097"}],"wp:attachment":[{"href":"https:\/\/intl.phonak.com\/cz-cz\/wp-json\/wp\/v2\/media?parent=467"}],"curies":[{"name":"wp","href":"https:\/\/api.w.org\/{rel}","templated":true}]}}