{"id":458,"date":"2022-02-10T17:50:56","date_gmt":"2022-02-10T17:50:56","guid":{"rendered":"https:\/\/intl.phonak.com\/cz-cz\/hearing-screener\/"},"modified":"2025-11-03T13:10:47","modified_gmt":"2025-11-03T13:10:47","slug":"test-sluchu","status":"publish","type":"page","link":"https:\/\/intl.phonak.com\/cz-cz\/test-sluchu\/","title":{"rendered":"Online test sluchu"},"content":{"rendered":"\n<div style=\"height:64px\" aria-hidden=\"true\" class=\"wp-block-spacer\"><\/div>\n\n\n\n<figure class=\"wp-block-image aligncenter size-large\"><img decoding=\"async\" src=\"https:\/\/intl.phonak.com\/cz-cz\/wp-content\/uploads\/sites\/3\/2022\/02\/eScreener.jpg?w=550\" alt=\"Hearing screener\" class=\"wp-image-4464\"\/><\/figure>\n\n\n\n<div class=\"wp-block-group is-style-align-small is-layout-flow wp-block-group-is-layout-flow\" style=\"padding-top:0px\">\n<div style=\"height:28px\" aria-hidden=\"true\" class=\"wp-block-spacer\"><\/div>\n\n\n\n<h2 class=\"wp-block-heading has-text-align-center\" id=\"take-our-five-minute-online-hearing-test\">Ud\u011blejte si n\u00e1\u0161 3minutov\u00fd online test sluchu.<\/h2>\n\n\n\n<div class=\"wp-block-buttons is-layout-flex wp-block-buttons-is-layout-flex\">\n<div class=\"wp-block-button aligncenter\"><a class=\"wp-block-button__link wp-element-button\" href=\"https:\/\/hearing-screener.beyondhearing.org\/HFeZdU\/welcome\" target=\"_blank\" rel=\"noreferrer noopener\">Otestujte si sluch<\/a><\/div>\n<\/div>\n\n\n\n<div style=\"height:62px\" aria-hidden=\"true\" class=\"wp-block-spacer\"><\/div>\n\n\n\n<p class=\"has-text-align-center\">N\u011bkdy si ztr\u00e1ty sluchu v\u0161imneme a\u017e pot\u00e9, co za\u010dne ovliv\u0148ovat n\u00e1\u0161 ka\u017edodenn\u00ed \u017eivot.  Pokud nesly\u0161\u00edte \u010d\u00e1st konverzace se sv\u00fdmi bl\u00edzk\u00fdmi, kamar\u00e1dy nebo kolegy, je snadn\u00e9 ztratit podstatu toho, o\u00a0\u010dem mluv\u00ed.<\/p>\n\n\n\n<p class=\"has-text-align-center\">Ud\u011blejte si online test sluchu od Phonaku z\u00a0pohodl\u00ed sv\u00e9ho domova. Odborn\u00edk s\u00a0v\u00e1mi pot\u00e9 probere tyto v\u00fdsledky a\u00a0posoud\u00ed va\u0161i pot\u0159ebu pro kompenzaci sluchu sluchadly. Dal\u0161\u00ed sch\u016fzky, v\u010detn\u011b kompletn\u00edho diagnostick\u00e9ho vy\u0161et\u0159en\u00ed, nastaven\u00ed a\u00a0jemn\u00e9ho lad\u011bn\u00ed sluchadel, lze prov\u00e9st v\u00a0ordinaci odborn\u00edka &#8211; poskytovatele sluchadel, anebo virtu\u00e1ln\u011b. D\u00edky digit\u00e1ln\u00edm alternativ\u00e1m osobn\u00edch n\u00e1v\u0161t\u011bv m\u00e1te p\u0159\u00edstup ke slu\u017eb\u00e1m p\u00e9\u010de o\u00a0sluch, aby mohly vyhov\u011bt va\u0161im individu\u00e1ln\u00edm pot\u0159eb\u00e1m, ve stejn\u00e9 kvalit\u011b p\u0159\u00edstupu k\u00a0profesion\u00e1ln\u00edm a\u00a0personalizovan\u00fdm odborn\u00fdm znalostem.<\/p>\n\n\n\n<p class=\"has-text-align-center\">Pokud byste si rad\u011bji cht\u011bli nechat vy\u0161et\u0159it sluch ve va\u0161\u00ed oblasti,  <a href=\"https:\/\/intl.phonak.com\/cz-cz\/najit-odbornika\/\">najd\u011bte si pros\u00edm odborn\u00edka<\/a> na p\u00e9\u010di o\u00a0sluch ve sv\u00e9m okol\u00ed.<\/p>\n<\/div>\n\n\n\n<div class=\"wp-block-group alignfull has-light-grey-background-color has-background is-layout-flow wp-block-group-is-layout-flow\">\n<h3 class=\"wp-block-heading has-text-align-center has-blue-color has-text-color\" id=\"how-to-get-the-most-out-of-this-test\">Jak nejl\u00e9pe vyu\u017e\u00edt tento test<\/h3>\n\n\n\n<div class=\"wp-block-group is-style-align-small is-layout-flow wp-block-group-is-layout-flow\"><div class=\"wp-list-block\">\n<ul class=\"wp-block-list\">\n<li>P\u0159ed zah\u00e1jen\u00edm testu sluchu se ujist\u011bte, \u017ee jste v\u00a0tich\u00e9m prost\u0159ed\u00ed<\/li>\n\n\n\n<li style=\"letter-spacing:-0.1px\">M\u00edsto vestav\u011bn\u00fdch reproduktor\u016f pou\u017eijte sluch\u00e1tka a\u00a0nastavte hlasitost za\u0159\u00edzen\u00ed na 50 %<\/li>\n<\/ul>\n<\/div><\/div>\n<\/div>\n\n\n\n<div style=\"height:47px\" aria-hidden=\"true\" class=\"wp-block-spacer\"><\/div>\n\n\n\n<h3 class=\"wp-block-heading has-text-align-center has-blue-color has-text-color\" id=\"how-the-online-hearing-test-works\">Jak funguje online test sluchu<\/h3>\n\n\n\n<div class=\"wp-block-media-text alignwide is-stacked-on-mobile\"><figure class=\"wp-block-media-text__media\"><img decoding=\"async\" src=\"https:\/\/intl.phonak.com\/cz-cz\/wp-content\/uploads\/sites\/3\/2022\/02\/Screener.jpg?w=550\" alt=\"Hearing screener\" class=\"wp-image-4525 size-full\"\/><\/figure><div class=\"wp-block-media-text__content\"><div class=\"wp-list-block\">\n<ul class=\"wp-block-list\">\n<li>Prvn\u00ed \u010d\u00e1st testu ur\u010duje, jak dob\u0159e sly\u0161\u00edte na r\u016fzn\u00fdch frekven\u010dn\u00edch \u00farovn\u00edch. Usly\u0161\u00edte \u0159adu t\u00f3n\u016f v\u00a0r\u016fzn\u00fdch v\u00fd\u0161k\u00e1ch a\u00a0budete po\u017e\u00e1d\u00e1ni, abyste upravovali hlasitost, dokud zvuk neusly\u0161\u00edte.<\/li>\n\n\n\n<li>V\u00a0druh\u00e9 \u010d\u00e1sti testu se v\u00e1s zept\u00e1me na \u0159adu ot\u00e1zek t\u00fdkaj\u00edc\u00edch se va\u0161\u00ed schopnosti sly\u0161et v\u00a0n\u00e1ro\u010dn\u00fdch poslechov\u00fdch situac\u00edch.<\/li>\n\n\n\n<li>Pot\u00e9 v\u00e1m bude sd\u011blen v\u00fdsledek testu sluchu a\u00a0pokyny, co d\u011blat d\u00e1le, pokud se objev\u00ed p\u0159\u00edznaky ztr\u00e1ty sluchu.<\/li>\n<\/ul>\n<\/div><\/div><\/div>\n\n\n\n<div class=\"wp-block-group alignfull is-style-default has-light-grey-background-color has-background is-layout-flow wp-block-group-is-layout-flow\">\n<div class=\"wp-block-group is-style-align-small is-layout-flow wp-block-group-is-layout-flow\">\n<h3 class=\"wp-block-heading has-blue-color has-text-color\" id=\"what-to-expect-at-your-first-appointment-1\">Co v\u00e1s \u010dek\u00e1 p\u0159i prvn\u00ed n\u00e1v\u0161t\u011bv\u011b<\/h3>\n<\/div>\n\n\n\n<p class=\"has-text-align-center\">Z\u00e1le\u017e\u00ed n\u00e1m na va\u0161em sluchu a\u00a0na probl\u00e9mech, kter\u00e9 m\u016f\u017ee ztr\u00e1ta sluchu p\u0159edstavovat ve va\u0161em \u017eivot\u011b. Jsme tu, abychom v\u00e1m pomohli. Ztr\u00e1ta sluchu je p\u0159irozen\u00e1 a\u00a0nen\u00ed se \u010deho b\u00e1t. S\u00a0modern\u00edm \u0159e\u0161en\u00edm zna\u010dky Phonak v\u00e1m m\u016f\u017eeme pomoci znovu sly\u0161et l\u00e9pe.<\/p>\n\n\n\n<p class=\"has-text-align-center\"><\/p>\n<\/div>\n\n\n\n<div style=\"height:52px\" aria-hidden=\"true\" class=\"wp-block-spacer\"><\/div>\n\n\n\n<h3 class=\"wp-block-heading has-text-align-center has-blue-color has-text-color\" id=\"i-have-a-hearing-loss-what-comes-next\">M\u00e1m ztr\u00e1tu sluchu, co bude n\u00e1sledovat?<\/h3>\n\n\n\n<div style=\"height:37px\" aria-hidden=\"true\" class=\"wp-block-spacer\"><\/div>\n\n\n\n<div class=\"wp-block-columns is-layout-flex wp-container-core-columns-is-layout-9d6595d7 wp-block-columns-is-layout-flex\">\n<div class=\"wp-block-column is-layout-flow wp-block-column-is-layout-flow\">\n<h4 class=\"wp-block-heading\">1) Vy mluv\u00edte, my naslouch\u00e1me<\/h4>\n\n\n\n<p>Va\u0161e cesta za\u010d\u00edn\u00e1 n\u00e1v\u0161t\u011bvou odborn\u00edka; je tu od toho, aby v\u00e1s navedl na v\u00fdb\u011br spr\u00e1vn\u00e9ho \u0159e\u0161en\u00ed p\u0159\u00edmo pro v\u00e1s. My v\u00e1m naslouch\u00e1me, zat\u00edmco vy hovo\u0159\u00edte o\u00a0sv\u00e9m sluchu, o\u00a0tom, jak se zm\u011bnil, a\u00a0s\u00a0jak\u00fdmi probl\u00e9my se pot\u00fdk\u00e1te.<\/p>\n<\/div>\n\n\n\n<div class=\"wp-block-column is-layout-flow wp-block-column-is-layout-flow\">\n<h4 class=\"wp-block-heading\">2) Test sluchu<\/h4>\n\n\n\n<p>Pot\u00e9, co se pod\u011bl\u00edte o\u00a0sv\u00e9 zku\u0161enosti, otestujeme, co sly\u0161\u00edte. Vy\u0161et\u0159en\u00ed sluchu je stejn\u011b snadn\u00e9 jako si sednout a\u00a0poslouchat. Jakmile budou v\u00fdsledky hotov\u00e9, porovn\u00e1me je s\u00a0va\u0161imi probl\u00e9my. T\u00edm si potvrd\u00edme, \u017ee se data shoduj\u00ed s\u00a0va\u0161imi zku\u0161enostmi. N\u00e1sledn\u011b v\u00e1m doporu\u010d\u00edme nejlep\u0161\u00ed \u0159e\u0161en\u00ed.<\/p>\n<\/div>\n\n\n\n<div class=\"wp-block-column is-layout-flow wp-block-column-is-layout-flow\">\n<h4 class=\"wp-block-heading\">3) VY se rozhodnete<\/h4>\n\n\n\n<p>V\u00fdsledky vyhodnot\u00edme a\u00a0na z\u00e1klad\u011b informac\u00ed, kter\u00e9 jste n\u00e1m poskytli, v\u00e1m doporu\u010d\u00edme pro v\u00e1s nejvhodn\u011bj\u0161\u00ed \u0159e\u0161en\u00ed. Nakonec VY rozhodujete o\u00a0tom, kter\u00e1 mo\u017enost bude nejl\u00e9pe vyhovovat va\u0161emu \u017eivotu. P\u0159i rozhodov\u00e1n\u00ed byste m\u011bli vz\u00edt v\u00a0\u00favahu v\u0161echny aspekty sv\u00e9ho \u017eivota, jako je rodina, pr\u00e1ce a\u00a0spole\u010densk\u00fd \u017eivot. Jen tak si zajist\u00edte, \u017ee zvolen\u00e9 \u0159e\u0161en\u00ed bude pro v\u00e1s to nejvhodn\u011bj\u0161\u00ed.<\/p>\n<\/div>\n<\/div>\n\n\n\n<div style=\"height:50px\" aria-hidden=\"true\" class=\"wp-block-spacer\"><\/div>\n\n\n\n<div class=\"wp-block-media-text is-stacked-on-mobile cta-block\" style=\"grid-template-columns:35% auto\"><figure class=\"wp-block-media-text__media\"><img decoding=\"async\" src=\"https:\/\/intl.phonak.com\/main-english\/wp-content\/uploads\/sites\/3\/2021\/11\/cta-image.jpg?w=401\" alt=\"\" class=\"wp-image-6738 size-full\"\/><\/figure><div class=\"wp-block-media-text__content\">\n<div class=\"wp-block-create-block-icon-selector\"><i class=\"fal fa-map-marker-alt\"><\/i><\/div>   \n<h3 class=\"wp-block-heading\">Odborn\u00edci ve va\u0161em okol\u00ed<\/h3>   <p>V\u00e1mi vybran\u00fd odborn\u00edk v\u00e1m pom\u016f\u017ee u\u010dinit v\u00fdb\u011br, kter\u00fd je pro v\u00e1s ide\u00e1ln\u00ed. Zohledn\u00ed va\u0161e sluchov\u00e9 pot\u0159eby, finan\u010dn\u00ed mo\u017enosti, \u017eivotn\u00ed styl a\u00a0individu\u00e1ln\u00ed poslechov\u00e9 preference. <\/p>   <div class=\"wp-block-buttons is-layout-flex wp-block-buttons-is-layout-flex\">\n<div class=\"wp-block-button is-style-marker-green\"><a class=\"wp-block-button__link wp-element-button\" href=\"https:\/\/intl.phonak.com\/cz-cz\/najit-odbornika\/\">Vyhledat odborn\u00edka<\/a><\/div>\n<\/div>\n<\/div><\/div> ","protected":false},"excerpt":{"rendered":"<p>Ud\u011blejte si n\u00e1\u0161 minutov\u00fd online test sluchu. N\u011bkdy si ztr\u00e1ty sluchu v\u0161imneme a\u017e pot\u00e9, co za\u010dne ovliv\u0148ovat n\u00e1\u0161 ka\u017edodenn\u00ed \u017eivot&#8230;.<\/p>\n","protected":false},"author":14,"featured_media":0,"parent":0,"menu_order":0,"comment_status":"closed","ping_status":"closed","template":"","meta":{"_acf_changed":false,"inline_featured_image":false,"footnotes":""},"class_list":["post-458","page","type-page","status-publish","hentry"],"acf":[],"yoast_head":"<!-- This site is optimized with the Yoast SEO plugin v26.9 - https:\/\/yoast.com\/product\/yoast-seo-wordpress\/ -->\n<title>Online test sluchu - Phonak - Czech Republic<\/title>\n<meta name=\"robots\" content=\"index, follow, max-snippet:-1, max-image-preview:large, max-video-preview:-1\" \/>\n<link rel=\"canonical\" href=\"https:\/\/intl.phonak.com\/main-english\/hearing-screener\/\" \/>\n<meta property=\"og:locale\" content=\"cs_CZ\" \/>\n<meta property=\"og:type\" content=\"article\" \/>\n<meta property=\"og:title\" content=\"Online test sluchu - Phonak - Czech Republic\" \/>\n<meta property=\"og:description\" content=\"Ud\u011blejte si n\u00e1\u0161 minutov\u00fd online test sluchu. N\u011bkdy si ztr\u00e1ty sluchu v\u0161imneme a\u017e pot\u00e9, co za\u010dne ovliv\u0148ovat n\u00e1\u0161 ka\u017edodenn\u00ed \u017eivot....\" \/>\n<meta property=\"og:url\" content=\"https:\/\/intl.phonak.com\/cz-cz\/test-sluchu\/\" \/>\n<meta property=\"og:site_name\" content=\"Phonak - Czech Republic\" \/>\n<meta property=\"article:modified_time\" content=\"2025-11-03T13:10:47+00:00\" \/>\n<meta name=\"twitter:card\" content=\"summary_large_image\" \/>\n<meta name=\"twitter:label1\" content=\"Est. reading time\" \/>\n\t<meta name=\"twitter:data1\" content=\"4 minutes\" \/>\n<script type=\"application\/ld+json\" class=\"yoast-schema-graph\">{\"@context\":\"https:\/\/schema.org\",\"@graph\":[{\"@type\":\"WebPage\",\"@id\":\"https:\/\/intl.phonak.com\/cz-cz\/test-sluchu\/\",\"url\":\"https:\/\/intl.phonak.com\/cz-cz\/test-sluchu\/\",\"name\":\"Online test sluchu - Phonak - Czech Republic\",\"isPartOf\":{\"@id\":\"https:\/\/intl.phonak.com\/cz-cz\/#website\"},\"primaryImageOfPage\":{\"@id\":\"https:\/\/intl.phonak.com\/cz-cz\/test-sluchu\/#primaryimage\"},\"image\":{\"@id\":\"https:\/\/intl.phonak.com\/cz-cz\/test-sluchu\/#primaryimage\"},\"thumbnailUrl\":\"https:\/\/intl.phonak.com\/cz-cz\/wp-content\/uploads\/sites\/3\/2022\/02\/eScreener.jpg?w=550\",\"datePublished\":\"2022-02-10T17:50:56+00:00\",\"dateModified\":\"2025-11-03T13:10:47+00:00\",\"breadcrumb\":{\"@id\":\"https:\/\/intl.phonak.com\/cz-cz\/test-sluchu\/#breadcrumb\"},\"inLanguage\":\"cs-CZ\",\"potentialAction\":[{\"@type\":\"ReadAction\",\"target\":[\"https:\/\/intl.phonak.com\/cz-cz\/test-sluchu\/\"]}]},{\"@type\":\"ImageObject\",\"inLanguage\":\"cs-CZ\",\"@id\":\"https:\/\/intl.phonak.com\/cz-cz\/test-sluchu\/#primaryimage\",\"url\":\"\",\"contentUrl\":\"\"},{\"@type\":\"BreadcrumbList\",\"@id\":\"https:\/\/intl.phonak.com\/cz-cz\/test-sluchu\/#breadcrumb\",\"itemListElement\":[{\"@type\":\"ListItem\",\"position\":1,\"name\":\"Home\",\"item\":\"https:\/\/intl.phonak.com\/cz-cz\/\"},{\"@type\":\"ListItem\",\"position\":2,\"name\":\"Online test sluchu\"}]},{\"@type\":\"WebSite\",\"@id\":\"https:\/\/intl.phonak.com\/cz-cz\/#website\",\"url\":\"https:\/\/intl.phonak.com\/cz-cz\/\",\"name\":\"Phonak - Czech Republic\",\"description\":\"Committed to changing lives\",\"publisher\":{\"@id\":\"https:\/\/intl.phonak.com\/cz-cz\/#organization\"},\"potentialAction\":[{\"@type\":\"SearchAction\",\"target\":{\"@type\":\"EntryPoint\",\"urlTemplate\":\"https:\/\/intl.phonak.com\/cz-cz\/?s={search_term_string}\"},\"query-input\":{\"@type\":\"PropertyValueSpecification\",\"valueRequired\":true,\"valueName\":\"search_term_string\"}}],\"inLanguage\":\"cs-CZ\"},{\"@type\":\"Organization\",\"@id\":\"https:\/\/intl.phonak.com\/cz-cz\/#organization\",\"name\":\"Phonak - Czech Republic\",\"url\":\"https:\/\/intl.phonak.com\/cz-cz\/\",\"logo\":{\"@type\":\"ImageObject\",\"inLanguage\":\"cs-CZ\",\"@id\":\"https:\/\/intl.phonak.com\/cz-cz\/#\/schema\/logo\/image\/\",\"url\":\"https:\/\/intl.phonak.com\/cz-cz\/wp-content\/uploads\/sites\/63\/2025\/06\/logo-phonak.svg\",\"contentUrl\":\"https:\/\/intl.phonak.com\/cz-cz\/wp-content\/uploads\/sites\/63\/2025\/06\/logo-phonak.svg\",\"caption\":\"Phonak - Czech Republic\"},\"image\":{\"@id\":\"https:\/\/intl.phonak.com\/cz-cz\/#\/schema\/logo\/image\/\"}}]}<\/script>\n<!-- \/ Yoast SEO plugin. -->","yoast_head_json":{"title":"Online test sluchu - Phonak - Czech Republic","robots":{"index":"index","follow":"follow","max-snippet":"max-snippet:-1","max-image-preview":"max-image-preview:large","max-video-preview":"max-video-preview:-1"},"canonical":"https:\/\/intl.phonak.com\/main-english\/hearing-screener\/","og_locale":"cs_CZ","og_type":"article","og_title":"Online test sluchu - Phonak - Czech Republic","og_description":"Ud\u011blejte si n\u00e1\u0161 minutov\u00fd online test sluchu. N\u011bkdy si ztr\u00e1ty sluchu v\u0161imneme a\u017e pot\u00e9, co za\u010dne ovliv\u0148ovat n\u00e1\u0161 ka\u017edodenn\u00ed \u017eivot....","og_url":"https:\/\/intl.phonak.com\/cz-cz\/test-sluchu\/","og_site_name":"Phonak - Czech Republic","article_modified_time":"2025-11-03T13:10:47+00:00","twitter_card":"summary_large_image","twitter_misc":{"Est. reading time":"4 minutes"},"schema":{"@context":"https:\/\/schema.org","@graph":[{"@type":"WebPage","@id":"https:\/\/intl.phonak.com\/cz-cz\/test-sluchu\/","url":"https:\/\/intl.phonak.com\/cz-cz\/test-sluchu\/","name":"Online test sluchu - Phonak - Czech Republic","isPartOf":{"@id":"https:\/\/intl.phonak.com\/cz-cz\/#website"},"primaryImageOfPage":{"@id":"https:\/\/intl.phonak.com\/cz-cz\/test-sluchu\/#primaryimage"},"image":{"@id":"https:\/\/intl.phonak.com\/cz-cz\/test-sluchu\/#primaryimage"},"thumbnailUrl":"https:\/\/intl.phonak.com\/cz-cz\/wp-content\/uploads\/sites\/3\/2022\/02\/eScreener.jpg?w=550","datePublished":"2022-02-10T17:50:56+00:00","dateModified":"2025-11-03T13:10:47+00:00","breadcrumb":{"@id":"https:\/\/intl.phonak.com\/cz-cz\/test-sluchu\/#breadcrumb"},"inLanguage":"cs-CZ","potentialAction":[{"@type":"ReadAction","target":["https:\/\/intl.phonak.com\/cz-cz\/test-sluchu\/"]}]},{"@type":"ImageObject","inLanguage":"cs-CZ","@id":"https:\/\/intl.phonak.com\/cz-cz\/test-sluchu\/#primaryimage","url":"","contentUrl":""},{"@type":"BreadcrumbList","@id":"https:\/\/intl.phonak.com\/cz-cz\/test-sluchu\/#breadcrumb","itemListElement":[{"@type":"ListItem","position":1,"name":"Home","item":"https:\/\/intl.phonak.com\/cz-cz\/"},{"@type":"ListItem","position":2,"name":"Online test sluchu"}]},{"@type":"WebSite","@id":"https:\/\/intl.phonak.com\/cz-cz\/#website","url":"https:\/\/intl.phonak.com\/cz-cz\/","name":"Phonak - Czech Republic","description":"Committed to changing lives","publisher":{"@id":"https:\/\/intl.phonak.com\/cz-cz\/#organization"},"potentialAction":[{"@type":"SearchAction","target":{"@type":"EntryPoint","urlTemplate":"https:\/\/intl.phonak.com\/cz-cz\/?s={search_term_string}"},"query-input":{"@type":"PropertyValueSpecification","valueRequired":true,"valueName":"search_term_string"}}],"inLanguage":"cs-CZ"},{"@type":"Organization","@id":"https:\/\/intl.phonak.com\/cz-cz\/#organization","name":"Phonak - Czech Republic","url":"https:\/\/intl.phonak.com\/cz-cz\/","logo":{"@type":"ImageObject","inLanguage":"cs-CZ","@id":"https:\/\/intl.phonak.com\/cz-cz\/#\/schema\/logo\/image\/","url":"https:\/\/intl.phonak.com\/cz-cz\/wp-content\/uploads\/sites\/63\/2025\/06\/logo-phonak.svg","contentUrl":"https:\/\/intl.phonak.com\/cz-cz\/wp-content\/uploads\/sites\/63\/2025\/06\/logo-phonak.svg","caption":"Phonak - Czech Republic"},"image":{"@id":"https:\/\/intl.phonak.com\/cz-cz\/#\/schema\/logo\/image\/"}}]}},"jetpack_sharing_enabled":true,"distributor_meta":false,"distributor_terms":false,"distributor_media":false,"distributor_original_site_name":"Phonak - Czech Republic","distributor_original_site_url":"https:\/\/intl.phonak.com\/cz-cz","push-errors":false,"_links":{"self":[{"href":"https:\/\/intl.phonak.com\/cz-cz\/wp-json\/wp\/v2\/pages\/458","targetHints":{"allow":["GET"]}}],"collection":[{"href":"https:\/\/intl.phonak.com\/cz-cz\/wp-json\/wp\/v2\/pages"}],"about":[{"href":"https:\/\/intl.phonak.com\/cz-cz\/wp-json\/wp\/v2\/types\/page"}],"author":[{"embeddable":true,"href":"https:\/\/intl.phonak.com\/cz-cz\/wp-json\/wp\/v2\/users\/14"}],"replies":[{"embeddable":true,"href":"https:\/\/intl.phonak.com\/cz-cz\/wp-json\/wp\/v2\/comments?post=458"}],"version-history":[{"count":10,"href":"https:\/\/intl.phonak.com\/cz-cz\/wp-json\/wp\/v2\/pages\/458\/revisions"}],"predecessor-version":[{"id":1331,"href":"https:\/\/intl.phonak.com\/cz-cz\/wp-json\/wp\/v2\/pages\/458\/revisions\/1331"}],"wp:attachment":[{"href":"https:\/\/intl.phonak.com\/cz-cz\/wp-json\/wp\/v2\/media?parent=458"}],"curies":[{"name":"wp","href":"https:\/\/api.w.org\/{rel}","templated":true}]}}