{"id":455,"date":"2021-11-18T15:12:00","date_gmt":"2021-11-18T15:12:00","guid":{"rendered":"https:\/\/intl.phonak.com\/cz-cz\/hearing-loss\/"},"modified":"2025-10-28T07:46:30","modified_gmt":"2025-10-28T07:46:30","slug":"ztrata-sluchu","status":"publish","type":"page","link":"https:\/\/intl.phonak.com\/cz-cz\/ztrata-sluchu\/","title":{"rendered":"Ztr\u00e1ta sluchu"},"content":{"rendered":"\n<div class=\"wp-block-cover alignfull\"><img decoding=\"async\" class=\"wp-block-cover__image-background wp-image-4769\" alt=\"\" src=\"https:\/\/intl.phonak.com\/cz-cz\/wp-content\/uploads\/sites\/3\/2022\/02\/Banner-hearing-loss.jpg\" style=\"object-position:56% 51%\" data-object-fit=\"cover\" data-object-position=\"56% 51%\"\/><span aria-hidden=\"true\" class=\"wp-block-cover__background has-light-grey-background-color has-background-dim-60 has-background-dim\"><\/span><div class=\"wp-block-cover__inner-container is-layout-flow wp-block-cover-is-layout-flow\">\n<h1 class=\"wp-block-heading has-text-align-center has-grey-500-color has-text-color\" id=\"signs-of-hearing-loss-1\">Zn\u00e1mky ztr\u00e1ty sluchu<\/h1>\n\n\n\n<p class=\"has-text-align-center has-grey-500-color has-text-color has-lead-font-size\">Jak zjistit ztr\u00e1tu sluchu<\/p>\n<\/div><\/div>\n\n\n\n<h2 class=\"wp-block-heading has-text-align-center\" id=\"what-are-the-signs-and-symptoms-of-hearing-loss\">Jak\u00e9 jsou p\u0159\u00edznaky ztr\u00e1ty sluchu?<\/h2>\n\n\n\n<p class=\"has-text-align-center\">Na\u0161e u\u0161i jsou neust\u00e1le v\u00a0pozoru, stejn\u011b jako zvuky, kter\u00e9 n\u00e1s obklopuj\u00ed. Zvon\u011bn\u00ed mobil\u016f, lid\u00e9 v\u00a0hovoru, \u0161t\u011bkot ps\u016f, hluk dopravy, cvrlik\u00e1n\u00ed pt\u00e1k\u016f \u2013 tolik se toho kolem n\u00e1s neust\u00e1le d\u011bje. N\u00e1\u0161 mozek n\u00e1m pom\u00e1h\u00e1 identifikovat a\u00a0interpretovat r\u016fzn\u00e9 zvuky a\u00a0soust\u0159edit se na ty, kter\u00e9 chceme sly\u0161et. Dok\u00e1\u017ee okam\u017eit\u011b rozpoznat hlas milovan\u00e9 osoby nebo v\u00e1m umo\u017en\u00ed v\u00a0naprost\u00e9 tichosti \u010d\u00edst knihu, ani\u017e by se nechal ru\u0161it zvuky prob\u00edhaj\u00edc\u00ed v\u00a0pozad\u00ed.<\/p>\n\n\n\n<p class=\"has-text-align-center\">Ale n\u011bkdy to tak nefunguje. N\u011bkdy n\u00e1\u0161 mozek nedok\u00e1\u017ee zvuk identifikovat, proto\u017ee ho na\u0161e u\u0161i nesly\u0161\u00ed.<\/p>\n\n\n\n<p class=\"has-text-align-center\">Uv\u011bdomujete si zvuky, kter\u00e9 nesly\u0161\u00edte?<\/p>\n\n\n\n<div style=\"height:60px\" aria-hidden=\"true\" class=\"wp-block-spacer\"><\/div>\n\n\n\n<h3 class=\"wp-block-heading has-text-align-center has-blue-color has-text-color\" id=\"signs-of-hearing-loss\">Zn\u00e1mky ztr\u00e1ty sluchu<\/h3>\n\n\n\n<p class=\"has-text-align-center\">Ztr\u00e1ta sluchu neznamen\u00e1 pouze to, \u017ee m\u00e1te probl\u00e9my sly\u0161et tich\u00e9 zvuky. Zejm\u00e9na u\u00a0ztr\u00e1ty sluchu, kter\u00e1 souvis\u00ed s\u00a0v\u011bkem, b\u00fdv\u00e1 \u010dasto jako prvn\u00ed ovlivn\u011bna schopnost sly\u0161et vysok\u00e9 frekvence. \u010clov\u011bk, kter\u00fd se pot\u00fdk\u00e1 se ztr\u00e1tou sluch, \u010dasto nejprve p\u0159estane dob\u0159e sly\u0161et cvrlik\u00e1n\u00ed pt\u00e1k\u016f a\u00a0\u017eensk\u00e9 nebo d\u011btsk\u00e9 hlasy. Ztr\u00e1ta sluchu tak\u00e9 sni\u017euje schopnost sly\u0161et ur\u010dit\u00e9 souhl\u00e1sky v\u00a0\u0159e\u010di, co\u017e m\u016f\u017ee lidem se ztr\u00e1tou sluchu zt\u011b\u017eovat porozum\u011bn\u00ed prob\u00edhaj\u00edc\u00ed konverzace. P\u0159i ztr\u00e1t\u011b sluchu, jej\u00ed\u017e p\u0159\u00ed\u010dina a\u00a0typ se li\u0161\u00ed, m\u016f\u017eete m\u00edt pot\u00ed\u017ee sly\u0161et st\u0159edn\u00ed a\u00a0n\u00edzk\u00e9 frekvence, nebo dokonce v\u0161echny frekvence najednou. Dal\u0161\u00edm p\u0159\u00edznakem ztr\u00e1ty sluchu m\u016f\u017ee b\u00fdt tinitus.<\/p>\n\n\n\n<div style=\"height:64px\" aria-hidden=\"true\" class=\"wp-block-spacer\"><\/div>\n\n\n\n<h3 class=\"wp-block-heading has-text-align-center has-blue-color has-text-color\" id=\"take-the-first-step-1\">Je to znamen\u00ed<\/h3>\n\n\n\n<p class=\"has-text-align-left\"><strong>N\u00e1sleduj\u00edc\u00ed ot\u00e1zky v\u00e1m pomohou zjistit, zda vykazujete p\u0159\u00edznaky ztr\u00e1ty sluchu:<\/strong><\/p>\n\n\n\n<div class=\"wp-block-columns is-layout-flex wp-container-core-columns-is-layout-9d6595d7 wp-block-columns-is-layout-flex\">\n<div class=\"wp-block-column is-layout-flow wp-block-column-is-layout-flow\" style=\"flex-basis:66.66%\"><div class=\"wp-list-block\">\n<ul class=\"wp-block-list\">\n<li>M\u00e1te pocit, \u017ee lid\u00e9 okolo v\u00e1s mumlaj\u00ed?<\/li>\n\n\n\n<li>Mus\u00edte si zesilovat televizi nebo r\u00e1dio?<\/li>\n\n\n\n<li>P\u0159ipad\u00e1 v\u00e1m snaz\u0161\u00ed porozum\u011bt mu\u017esk\u00e9mu hlasu ne\u017e \u017eensk\u00e9mu nebo d\u011btsk\u00e9mu hlasu?<\/li>\n\n\n\n<li>M\u00e1te probl\u00e9my sly\u0161et domovn\u00ed zvonek nebo kdy\u017e zvon\u00ed telefon?<\/li>\n\n\n\n<li>Jste-li ve skupin\u011b nebo v\u00a0p\u0159epln\u011bn\u00e9 restauraci, m\u00e1te pot\u00ed\u017ee soust\u0159edit se na konverzaci?<\/li>\n\n\n\n<li>Omezujete sv\u00e9 spole\u010densk\u00e9 aktivity, proto\u017ee je pro v\u00e1s obt\u00ed\u017en\u00e9 rozum\u011bt a\u00a0komunikovat?<\/li>\n\n\n\n<li>Upozornil v\u00e1s n\u011bkdo z\u00a0va\u0161ich bl\u00edzk\u00fdch na to, \u017ee mo\u017en\u00e1 m\u00e1te probl\u00e9m se sluchem?<\/li>\n<\/ul>\n<\/div><\/div>\n\n\n\n<div class=\"wp-block-column is-vertically-aligned-center is-layout-flow wp-block-column-is-layout-flow\" style=\"flex-basis:33.33%\">\n<figure class=\"wp-block-image size-large\"><img decoding=\"async\" src=\"https:\/\/intl.phonak.com\/cz-cz\/wp-content\/uploads\/sites\/3\/2023\/12\/Hearing-loss_GenericIndoorsPC_01.jpg?w=329\" alt=\"Happy couple\" class=\"wp-image-7274\"\/><\/figure>\n\n\n\n<p><\/p>\n<\/div>\n<\/div>\n\n\n\n<div class=\"wp-block-group alignfull has-light-grey-background-color has-background is-layout-flow wp-block-group-is-layout-flow\">\n<div class=\"wp-block-group is-style-align-small is-layout-flow wp-block-group-is-layout-flow\">\n<p class=\"has-text-align-center\">Pokud jste na jednu nebo v\u00edce ot\u00e1zek odpov\u011bd\u011bli \u201e<strong>ano<\/strong>&#8220;, doporu\u010dujeme v\u00e1m, abyste si nechali vy\u0161et\u0159it sluch odborn\u00edkem. Pomoc\u00ed na\u0161eho vyhled\u00e1va\u010de si m\u016f\u017eete vyhledat certifikovan\u00e9ho audiologa, odborn\u00edka nebo ordinaci ve va\u0161em okol\u00ed.<\/p>\n\n\n\n<p><\/p>\n\n\n\n<p class=\"has-text-align-center\">Vyzkou\u0161ejte n\u00e1\u0161 online test sluchu a\u00a0okam\u017eit\u011b si ov\u011b\u0159te sv\u00e9 sluchov\u00e9 schopnosti.<\/p>\n\n\n\n<div class=\"wp-block-buttons is-layout-flex wp-block-buttons-is-layout-flex\">\n<div class=\"wp-block-button aligncenter\"><a class=\"wp-block-button__link wp-element-button\" href=\"https:\/\/hearing-screener.beyondhearing.org\/HFeZdU\/welcome\" target=\"_blank\" rel=\"noreferrer noopener\">Online test sluchu<\/a><\/div>\n<\/div>\n<\/div>\n<\/div>\n\n\n\n<div style=\"height:55px\" aria-hidden=\"true\" class=\"wp-block-spacer\"><\/div>\n\n\n\n<p class=\"has-text-align-center\"><a href=\"https:\/\/intl.phonak.com\/cz-cz\/ztrata-sluchu\/dobre-slyset-znamena-lepe-zit\/\">Zjist\u011bte, pro\u010d je dobr\u00fd sluch z\u00e1sadn\u00ed pro va\u0161i celkovou pohodu<\/a><\/p>\n\n\n\n<div style=\"height:55px\" aria-hidden=\"true\" class=\"wp-block-spacer\"><\/div>\n\n\n\n<div class=\"wp-block-media-text is-stacked-on-mobile cta-block\" style=\"grid-template-columns:35% auto\"><figure class=\"wp-block-media-text__media\"><img decoding=\"async\" src=\"https:\/\/intl.phonak.com\/main-english\/wp-content\/uploads\/sites\/3\/2021\/11\/cta-image.jpg?w=401\" alt=\"\" class=\"wp-image-6738 size-full\"\/><\/figure><div class=\"wp-block-media-text__content\">\n<div class=\"wp-block-create-block-icon-selector\"><i class=\"fal fa-map-marker-alt\"><\/i><\/div>   \n<h3 class=\"wp-block-heading\">Odborn\u00edci ve va\u0161em okol\u00ed<\/h3>   <p>V\u00e1mi vybran\u00fd odborn\u00edk v\u00e1m pom\u016f\u017ee u\u010dinit v\u00fdb\u011br, kter\u00fd je pro v\u00e1s ide\u00e1ln\u00ed. Zohledn\u00ed va\u0161e sluchov\u00e9 pot\u0159eby, finan\u010dn\u00ed mo\u017enosti, \u017eivotn\u00ed styl a\u00a0individu\u00e1ln\u00ed poslechov\u00e9 preference. <\/p>   <div class=\"wp-block-buttons is-layout-flex wp-block-buttons-is-layout-flex\">\n<div class=\"wp-block-button is-style-marker-green\"><a class=\"wp-block-button__link wp-element-button\" href=\"https:\/\/intl.phonak.com\/cz-cz\/najit-odbornika\/\">Vyhledat odborn\u00edka<\/a><\/div>\n<\/div>\n<\/div><\/div> ","protected":false},"excerpt":{"rendered":"<p>Jak\u00e9 jsou p\u0159\u00edznaky ztr\u00e1ty sluchu? Na\u0161e u\u0161i jsou neust\u00e1le v\u00a0pozoru, stejn\u011b jako zvuky, kter\u00e9 n\u00e1s obklopuj\u00ed. Zvon\u011bn\u00ed mobil\u016f, lid\u00e9 v\u00a0hovoru,&#8230;<\/p>\n","protected":false},"author":5,"featured_media":0,"parent":0,"menu_order":0,"comment_status":"closed","ping_status":"closed","template":"","meta":{"_acf_changed":false,"inline_featured_image":false,"footnotes":""},"class_list":["post-455","page","type-page","status-publish","hentry"],"acf":[],"yoast_head":"<!-- This site is optimized with the Yoast SEO plugin v26.9 - https:\/\/yoast.com\/product\/yoast-seo-wordpress\/ -->\n<title>Ztr\u00e1ta sluchu - Phonak - Czech Republic<\/title>\n<meta name=\"robots\" content=\"index, follow, max-snippet:-1, max-image-preview:large, max-video-preview:-1\" \/>\n<link rel=\"canonical\" href=\"https:\/\/intl.phonak.com\/main-english\/hearing-loss\/\" \/>\n<meta property=\"og:locale\" content=\"cs_CZ\" \/>\n<meta property=\"og:type\" content=\"article\" \/>\n<meta property=\"og:title\" content=\"Ztr\u00e1ta sluchu - Phonak - Czech Republic\" \/>\n<meta property=\"og:description\" content=\"Jak\u00e9 jsou p\u0159\u00edznaky ztr\u00e1ty sluchu? Na\u0161e u\u0161i jsou neust\u00e1le v\u00a0pozoru, stejn\u011b jako zvuky, kter\u00e9 n\u00e1s obklopuj\u00ed. Zvon\u011bn\u00ed mobil\u016f, lid\u00e9 v\u00a0hovoru,...\" \/>\n<meta property=\"og:url\" content=\"https:\/\/intl.phonak.com\/cz-cz\/ztrata-sluchu\/\" \/>\n<meta property=\"og:site_name\" content=\"Phonak - Czech Republic\" \/>\n<meta property=\"article:modified_time\" content=\"2025-10-28T07:46:30+00:00\" \/>\n<meta name=\"twitter:card\" content=\"summary_large_image\" \/>\n<meta name=\"twitter:label1\" content=\"Est. reading time\" \/>\n\t<meta name=\"twitter:data1\" content=\"3 minutes\" \/>\n<script type=\"application\/ld+json\" class=\"yoast-schema-graph\">{\"@context\":\"https:\/\/schema.org\",\"@graph\":[{\"@type\":\"WebPage\",\"@id\":\"https:\/\/intl.phonak.com\/cz-cz\/ztrata-sluchu\/\",\"url\":\"https:\/\/intl.phonak.com\/cz-cz\/ztrata-sluchu\/\",\"name\":\"Ztr\u00e1ta sluchu - Phonak - Czech Republic\",\"isPartOf\":{\"@id\":\"https:\/\/intl.phonak.com\/cz-cz\/#website\"},\"primaryImageOfPage\":{\"@id\":\"https:\/\/intl.phonak.com\/cz-cz\/ztrata-sluchu\/#primaryimage\"},\"image\":{\"@id\":\"https:\/\/intl.phonak.com\/cz-cz\/ztrata-sluchu\/#primaryimage\"},\"thumbnailUrl\":\"https:\/\/intl.phonak.com\/cz-cz\/wp-content\/uploads\/sites\/3\/2022\/02\/Banner-hearing-loss.jpg\",\"datePublished\":\"2021-11-18T15:12:00+00:00\",\"dateModified\":\"2025-10-28T07:46:30+00:00\",\"breadcrumb\":{\"@id\":\"https:\/\/intl.phonak.com\/cz-cz\/ztrata-sluchu\/#breadcrumb\"},\"inLanguage\":\"cs-CZ\",\"potentialAction\":[{\"@type\":\"ReadAction\",\"target\":[\"https:\/\/intl.phonak.com\/cz-cz\/ztrata-sluchu\/\"]}]},{\"@type\":\"ImageObject\",\"inLanguage\":\"cs-CZ\",\"@id\":\"https:\/\/intl.phonak.com\/cz-cz\/ztrata-sluchu\/#primaryimage\",\"url\":\"\",\"contentUrl\":\"\"},{\"@type\":\"BreadcrumbList\",\"@id\":\"https:\/\/intl.phonak.com\/cz-cz\/ztrata-sluchu\/#breadcrumb\",\"itemListElement\":[{\"@type\":\"ListItem\",\"position\":1,\"name\":\"Home\",\"item\":\"https:\/\/intl.phonak.com\/cz-cz\/\"},{\"@type\":\"ListItem\",\"position\":2,\"name\":\"Ztr\u00e1ta sluchu\"}]},{\"@type\":\"WebSite\",\"@id\":\"https:\/\/intl.phonak.com\/cz-cz\/#website\",\"url\":\"https:\/\/intl.phonak.com\/cz-cz\/\",\"name\":\"Phonak - Czech Republic\",\"description\":\"Committed to changing lives\",\"publisher\":{\"@id\":\"https:\/\/intl.phonak.com\/cz-cz\/#organization\"},\"potentialAction\":[{\"@type\":\"SearchAction\",\"target\":{\"@type\":\"EntryPoint\",\"urlTemplate\":\"https:\/\/intl.phonak.com\/cz-cz\/?s={search_term_string}\"},\"query-input\":{\"@type\":\"PropertyValueSpecification\",\"valueRequired\":true,\"valueName\":\"search_term_string\"}}],\"inLanguage\":\"cs-CZ\"},{\"@type\":\"Organization\",\"@id\":\"https:\/\/intl.phonak.com\/cz-cz\/#organization\",\"name\":\"Phonak - Czech Republic\",\"url\":\"https:\/\/intl.phonak.com\/cz-cz\/\",\"logo\":{\"@type\":\"ImageObject\",\"inLanguage\":\"cs-CZ\",\"@id\":\"https:\/\/intl.phonak.com\/cz-cz\/#\/schema\/logo\/image\/\",\"url\":\"https:\/\/intl.phonak.com\/cz-cz\/wp-content\/uploads\/sites\/63\/2025\/06\/logo-phonak.svg\",\"contentUrl\":\"https:\/\/intl.phonak.com\/cz-cz\/wp-content\/uploads\/sites\/63\/2025\/06\/logo-phonak.svg\",\"caption\":\"Phonak - Czech Republic\"},\"image\":{\"@id\":\"https:\/\/intl.phonak.com\/cz-cz\/#\/schema\/logo\/image\/\"}}]}<\/script>\n<!-- \/ Yoast SEO plugin. -->","yoast_head_json":{"title":"Ztr\u00e1ta sluchu - Phonak - Czech Republic","robots":{"index":"index","follow":"follow","max-snippet":"max-snippet:-1","max-image-preview":"max-image-preview:large","max-video-preview":"max-video-preview:-1"},"canonical":"https:\/\/intl.phonak.com\/main-english\/hearing-loss\/","og_locale":"cs_CZ","og_type":"article","og_title":"Ztr\u00e1ta sluchu - Phonak - Czech Republic","og_description":"Jak\u00e9 jsou p\u0159\u00edznaky ztr\u00e1ty sluchu? Na\u0161e u\u0161i jsou neust\u00e1le v\u00a0pozoru, stejn\u011b jako zvuky, kter\u00e9 n\u00e1s obklopuj\u00ed. Zvon\u011bn\u00ed mobil\u016f, lid\u00e9 v\u00a0hovoru,...","og_url":"https:\/\/intl.phonak.com\/cz-cz\/ztrata-sluchu\/","og_site_name":"Phonak - Czech Republic","article_modified_time":"2025-10-28T07:46:30+00:00","twitter_card":"summary_large_image","twitter_misc":{"Est. reading time":"3 minutes"},"schema":{"@context":"https:\/\/schema.org","@graph":[{"@type":"WebPage","@id":"https:\/\/intl.phonak.com\/cz-cz\/ztrata-sluchu\/","url":"https:\/\/intl.phonak.com\/cz-cz\/ztrata-sluchu\/","name":"Ztr\u00e1ta sluchu - Phonak - Czech Republic","isPartOf":{"@id":"https:\/\/intl.phonak.com\/cz-cz\/#website"},"primaryImageOfPage":{"@id":"https:\/\/intl.phonak.com\/cz-cz\/ztrata-sluchu\/#primaryimage"},"image":{"@id":"https:\/\/intl.phonak.com\/cz-cz\/ztrata-sluchu\/#primaryimage"},"thumbnailUrl":"https:\/\/intl.phonak.com\/cz-cz\/wp-content\/uploads\/sites\/3\/2022\/02\/Banner-hearing-loss.jpg","datePublished":"2021-11-18T15:12:00+00:00","dateModified":"2025-10-28T07:46:30+00:00","breadcrumb":{"@id":"https:\/\/intl.phonak.com\/cz-cz\/ztrata-sluchu\/#breadcrumb"},"inLanguage":"cs-CZ","potentialAction":[{"@type":"ReadAction","target":["https:\/\/intl.phonak.com\/cz-cz\/ztrata-sluchu\/"]}]},{"@type":"ImageObject","inLanguage":"cs-CZ","@id":"https:\/\/intl.phonak.com\/cz-cz\/ztrata-sluchu\/#primaryimage","url":"","contentUrl":""},{"@type":"BreadcrumbList","@id":"https:\/\/intl.phonak.com\/cz-cz\/ztrata-sluchu\/#breadcrumb","itemListElement":[{"@type":"ListItem","position":1,"name":"Home","item":"https:\/\/intl.phonak.com\/cz-cz\/"},{"@type":"ListItem","position":2,"name":"Ztr\u00e1ta sluchu"}]},{"@type":"WebSite","@id":"https:\/\/intl.phonak.com\/cz-cz\/#website","url":"https:\/\/intl.phonak.com\/cz-cz\/","name":"Phonak - Czech Republic","description":"Committed to changing lives","publisher":{"@id":"https:\/\/intl.phonak.com\/cz-cz\/#organization"},"potentialAction":[{"@type":"SearchAction","target":{"@type":"EntryPoint","urlTemplate":"https:\/\/intl.phonak.com\/cz-cz\/?s={search_term_string}"},"query-input":{"@type":"PropertyValueSpecification","valueRequired":true,"valueName":"search_term_string"}}],"inLanguage":"cs-CZ"},{"@type":"Organization","@id":"https:\/\/intl.phonak.com\/cz-cz\/#organization","name":"Phonak - Czech Republic","url":"https:\/\/intl.phonak.com\/cz-cz\/","logo":{"@type":"ImageObject","inLanguage":"cs-CZ","@id":"https:\/\/intl.phonak.com\/cz-cz\/#\/schema\/logo\/image\/","url":"https:\/\/intl.phonak.com\/cz-cz\/wp-content\/uploads\/sites\/63\/2025\/06\/logo-phonak.svg","contentUrl":"https:\/\/intl.phonak.com\/cz-cz\/wp-content\/uploads\/sites\/63\/2025\/06\/logo-phonak.svg","caption":"Phonak - Czech Republic"},"image":{"@id":"https:\/\/intl.phonak.com\/cz-cz\/#\/schema\/logo\/image\/"}}]}},"jetpack_sharing_enabled":true,"distributor_meta":false,"distributor_terms":false,"distributor_media":false,"distributor_original_site_name":"Phonak - Czech Republic","distributor_original_site_url":"https:\/\/intl.phonak.com\/cz-cz","push-errors":false,"_links":{"self":[{"href":"https:\/\/intl.phonak.com\/cz-cz\/wp-json\/wp\/v2\/pages\/455","targetHints":{"allow":["GET"]}}],"collection":[{"href":"https:\/\/intl.phonak.com\/cz-cz\/wp-json\/wp\/v2\/pages"}],"about":[{"href":"https:\/\/intl.phonak.com\/cz-cz\/wp-json\/wp\/v2\/types\/page"}],"author":[{"embeddable":true,"href":"https:\/\/intl.phonak.com\/cz-cz\/wp-json\/wp\/v2\/users\/5"}],"replies":[{"embeddable":true,"href":"https:\/\/intl.phonak.com\/cz-cz\/wp-json\/wp\/v2\/comments?post=455"}],"version-history":[{"count":8,"href":"https:\/\/intl.phonak.com\/cz-cz\/wp-json\/wp\/v2\/pages\/455\/revisions"}],"predecessor-version":[{"id":1179,"href":"https:\/\/intl.phonak.com\/cz-cz\/wp-json\/wp\/v2\/pages\/455\/revisions\/1179"}],"wp:attachment":[{"href":"https:\/\/intl.phonak.com\/cz-cz\/wp-json\/wp\/v2\/media?parent=455"}],"curies":[{"name":"wp","href":"https:\/\/api.w.org\/{rel}","templated":true}]}}