{"id":452,"date":"2022-02-10T21:54:30","date_gmt":"2022-02-10T21:54:30","guid":{"rendered":"https:\/\/intl.phonak.com\/cz-cz\/phonak-well-hearing-is-well-being\/"},"modified":"2025-10-28T07:48:17","modified_gmt":"2025-10-28T07:48:17","slug":"dobre-slyset-znamena-lepe-zit","status":"publish","type":"page","link":"https:\/\/intl.phonak.com\/cz-cz\/ztrata-sluchu\/dobre-slyset-znamena-lepe-zit\/","title":{"rendered":"Phonak L\u00e9pe sly\u0161et, l\u00e9pe \u017e\u00edt\u2122"},"content":{"rendered":"\n<div class=\"wp-block-cover alignfull is-light\" style=\"min-height:430px;aspect-ratio:unset;\"><img decoding=\"async\" class=\"wp-block-cover__image-background wp-image-7289\" alt=\"Well-Hearing is Well-Being\" src=\"https:\/\/intl.phonak.com\/cz-cz\/wp-content\/uploads\/sites\/3\/2023\/12\/WHWB-banner_ComputeGame-OptionB.jpg\" data-object-fit=\"cover\"\/><span aria-hidden=\"true\" class=\"wp-block-cover__background has-white-background-color has-background-dim\"><\/span><div class=\"wp-block-cover__inner-container is-layout-flow wp-block-cover-is-layout-flow\">\n<h1 class=\"wp-block-heading has-text-align-center\" id=\"why-hearing-health-matters\">Pro\u010d je d\u016fle\u017eit\u00e9 pe\u010dovat o\u00a0sv\u016fj sluch<\/h1>\n\n\n\n<p class=\"has-text-align-center has-grey-500-color has-text-color has-lead-font-size\">Dob\u0159e sly\u0161et je kl\u00ed\u010dem k\u00a0tomu, abyste mohli \u017e\u00edt \u017eivot, jak\u00fd chcete<\/p>\n\n\n\n<div class=\"wp-block-buttons is-horizontal is-content-justification-center is-layout-flex wp-container-core-buttons-is-layout-499968f5 wp-block-buttons-is-layout-flex\">\n<div class=\"wp-block-button is-style-download\"><a class=\"wp-block-button__link wp-element-button\" href=\"https:\/\/intl.phonak.com\/cz-cz\/wp-content\/uploads\/sites\/3\/2022\/02\/PH_WHWB_Leaflet_148x210_EN_V1.00_028-2136-02.pdf\" target=\"_blank\" rel=\"noreferrer noopener\">St\u00e1hnout bro\u017euru<\/a><\/div>\n<\/div>\n<\/div><\/div>\n\n\n\n<div class=\"wp-block-media-text has-media-on-the-right is-stacked-on-mobile\"><div class=\"wp-block-media-text__content\">\n<p>Ve Phonaku v\u011b\u0159\u00edme, \u017ee dob\u0159e sly\u0161et napom\u00e1h\u00e1 k\u00a0celkov\u00e9 osobn\u00ed pohod\u011b a\u00a0je nezbytn\u00e9 pro plnohodnotn\u00fd \u017eivot.<\/p>\n\n\n\n<p>P\u0159ib\u00fdvaj\u00edc\u00ed d\u016fkazy potvrzuj\u00ed, \u017ee kompenzace ztr\u00e1ty sluchu m\u016f\u017ee m\u00edt pozitivn\u00ed vliv na va\u0161i soci\u00e1ln\u00ed, emocion\u00e1ln\u00ed, kognitivn\u00ed a\u00a0fyzickou pohodu.<sup>1<\/sup><\/p>\n<\/div><figure class=\"wp-block-media-text__media\"><img decoding=\"async\" src=\"https:\/\/intl.phonak.com\/cz-cz\/wp-content\/uploads\/sites\/3\/2023\/03\/WHWB-wheel-neutral.jpg\" alt=\"\" class=\"wp-image-6565 size-full\"\/><\/figure><\/div>\n\n\n\n<div class=\"wp-block-media-text is-stacked-on-mobile\"><figure class=\"wp-block-media-text__media\"><img decoding=\"async\" src=\"https:\/\/intl.phonak.com\/cz-cz\/wp-content\/uploads\/sites\/3\/2023\/12\/Visual_WHWB_Restaurant_02_592x396-with-icon.jpg?w=592\" alt=\"Social-Emotional well-being\" class=\"wp-image-7300 size-full\"\/><\/figure><div class=\"wp-block-media-text__content\">\n<h4 class=\"wp-block-heading has-text-align-left has-blue-color has-text-color\" id=\"social-emotional-well-being\">Soci\u00e1ln\u00ed a\u00a0emo\u010dn\u00ed zdrav\u00ed<\/h4>\n\n\n\n<p>Dobr\u00fd sluch n\u00e1m umo\u017e\u0148uje b\u00fdt spole\u010densky aktivn\u00ed, setk\u00e1vat se s\u00a0ostatn\u00edmi a\u00a0efektivn\u011b komunikovat \u2013 bez omezen\u00ed.<\/p>\n\n\n\n<p>Pou\u017e\u00edv\u00e1n\u00ed sluchadel m\u016f\u017ee zlep\u0161it kvalitu va\u0161eho \u017eivota, soci\u00e1ln\u00ed interakci a\u00a0spokojenost ve vztaz\u00edch jak v\u00e1s tak i\u00a0pro va\u0161e bl\u00edzk\u00e9.<sup>2<\/sup><\/p>\n<\/div><\/div>\n\n\n\n<div class=\"wp-block-media-text has-media-on-the-right is-stacked-on-mobile\"><div class=\"wp-block-media-text__content\">\n<h4 class=\"wp-block-heading has-blue-color has-text-color\" id=\"cognitive-well-being\">Kognitivn\u00ed pohoda<\/h4>\n\n\n\n<p>Mozek hraje kl\u00ed\u010dovou roli p\u0159i poslechu a\u00a0porozum\u011bn\u00ed \u0159e\u010di \u2013 je proto d\u016fle\u017eit\u00e9 udr\u017eovat jeho stimulaci.<\/p>\n\n\n\n<p>V\u00a0tento moment p\u0159ich\u00e1zej\u00ed na \u0159adu sluchadla. Pou\u017e\u00edv\u00e1n\u00ed sluchadel je spojeno se zlep\u0161en\u00edm pam\u011bti<sup>3<\/sup>&nbsp;a bylo prok\u00e1z\u00e1no, \u017ee usnad\u0148uje poslech.<sup>4<\/sup><\/p>\n<\/div><figure class=\"wp-block-media-text__media\"><img decoding=\"async\" src=\"https:\/\/intl.phonak.com\/cz-cz\/wp-content\/uploads\/sites\/3\/2023\/12\/WHWB-Cognitive-Dimension-Office-OptionB_592x396-with-icon.jpg?w=592\" alt=\"Cognitive well-being\" class=\"wp-image-7302 size-full\"\/><\/figure><\/div>\n\n\n\n<div class=\"wp-block-media-text is-stacked-on-mobile\"><figure class=\"wp-block-media-text__media\"><img decoding=\"async\" src=\"https:\/\/intl.phonak.com\/cz-cz\/wp-content\/uploads\/sites\/3\/2023\/12\/Visual_WHWB-ActivityOutdoors_01_592x396-with-icon.jpg?w=592\" alt=\"Physical well-being\" class=\"wp-image-7303 size-full\"\/><\/figure><div class=\"wp-block-media-text__content\">\n<h4 class=\"wp-block-heading has-blue-color has-text-color\" id=\"physical-well-being\">Fyzick\u00e1 pohoda<\/h4>\n\n\n\n<p>D\u00edky spr\u00e1vn\u00e9mu \u0159e\u0161en\u00ed pro v\u00e1\u0161 sluch budete dob\u0159e vybaveni pro r\u016fzn\u00e9 situace, ve kter\u00fdch pot\u0159ebujete dob\u0159e sly\u0161et.<\/p>\n\n\n\n<p>Dobr\u00fd sluch v\u00e1m poskytuje v\u011bt\u0161\u00ed pov\u011bdom\u00ed o\u00a0prost\u0159ed\u00ed, ve kter\u00e9m se pohybujete, a\u00a0podporuje pocit bezpe\u010d\u00ed a\u00a0d\u016fv\u011bry.<\/p>\n<\/div><\/div>\n\n\n\n<p><\/p>\n\n\n\n<p class=\"is-style-default has-small-font-size\">Pozn\u00e1mky<br>1. Vercammen, C., Ferguson, M., Kramer, S.E., et al. (2020). L\u00e9pe sly\u0161et, l\u00e9pe \u017e\u00edt.&nbsp;<em>Hearing Review<\/em>, 27(3), 18-22.<br>2. Kamil RJ, Lin FR. The Effects of Hearing Impairment in Older Adults on Communication Partners:&nbsp;<em>Systematick\u00fd p\u0159ehled<\/em>. J Am Acad Audiol. 2015; 26(2):155-182.<br>3. Karawani, H., Jenkins, K., &amp; Anderson, S. (2018). Restoration of sensory input may improve cognitive and neural function.&nbsp;<em>Neuropsychologie<\/em>, 114, 203\u2013213.<br>4. Winneke, A., Schulte, M., Vormann, M., Latzel, M. (2018). Spatial noise processing in hearing aids modulates neural markers linked to listening effort: EEG studie.&nbsp;<em>AudiologyOnline<\/em>, \u010dl\u00e1nek 23858.<\/p>\n\n\n\n<div style=\"height:38px\" aria-hidden=\"true\" class=\"wp-block-spacer\"><\/div>\n\n\n\n<p class=\"has-text-align-center is-style-default\"><a href=\"https:\/\/intl.phonak.com\/cz-cz\/ztrata-sluchu\/priciny-ztraty-sluchu\/\">Zjist\u011bte, co je p\u0159\u00ed\u010dinou ztr\u00e1ty sluchu<\/a><\/p>\n\n\n\n<div style=\"height:42px\" aria-hidden=\"true\" class=\"wp-block-spacer\"><\/div>\n\n\n\n<div class=\"wp-block-media-text is-stacked-on-mobile cta-block\" style=\"grid-template-columns:35% auto\"><figure class=\"wp-block-media-text__media\"><img decoding=\"async\" src=\"https:\/\/intl.phonak.com\/main-english\/wp-content\/uploads\/sites\/3\/2021\/11\/cta-image.jpg?w=401\" alt=\"\" class=\"wp-image-6738 size-full\"\/><\/figure><div class=\"wp-block-media-text__content\">\n<div class=\"wp-block-create-block-icon-selector\"><i class=\"fal fa-map-marker-alt\"><\/i><\/div>   \n<h3 class=\"wp-block-heading\">Odborn\u00edci ve va\u0161em okol\u00ed<\/h3>   <p>V\u00e1mi vybran\u00fd odborn\u00edk v\u00e1m pom\u016f\u017ee u\u010dinit v\u00fdb\u011br, kter\u00fd je pro v\u00e1s ide\u00e1ln\u00ed. Zohledn\u00ed va\u0161e sluchov\u00e9 pot\u0159eby, finan\u010dn\u00ed mo\u017enosti, \u017eivotn\u00ed styl a\u00a0individu\u00e1ln\u00ed poslechov\u00e9 preference. <\/p>   <div class=\"wp-block-buttons is-layout-flex wp-block-buttons-is-layout-flex\">\n<div class=\"wp-block-button is-style-marker-green\"><a class=\"wp-block-button__link wp-element-button\" href=\"https:\/\/intl.phonak.com\/cz-cz\/najit-odbornika\/\">Vyhledat odborn\u00edka<\/a><\/div>\n<\/div>\n<\/div><\/div> ","protected":false},"excerpt":{"rendered":"<p>Ve Phonaku v\u011b\u0159\u00edme, \u017ee dob\u0159e sly\u0161et napom\u00e1h\u00e1 k\u00a0celkov\u00e9 osobn\u00ed pohod\u011b a\u00a0je nezbytn\u00e9 pro plnohodnotn\u00fd \u017eivot. P\u0159ib\u00fdvaj\u00edc\u00ed d\u016fkazy potvrzuj\u00ed, \u017ee kompenzace&#8230;<\/p>\n","protected":false},"author":14,"featured_media":0,"parent":455,"menu_order":0,"comment_status":"closed","ping_status":"closed","template":"","meta":{"_acf_changed":false,"inline_featured_image":false,"footnotes":""},"class_list":["post-452","page","type-page","status-publish","hentry"],"acf":[],"yoast_head":"<!-- This site is optimized with the Yoast SEO plugin v26.9 - https:\/\/yoast.com\/product\/yoast-seo-wordpress\/ -->\n<title>Phonak L\u00e9pe sly\u0161et, l\u00e9pe \u017e\u00edt\u2122 - Phonak - Czech Republic<\/title>\n<meta name=\"robots\" content=\"index, follow, max-snippet:-1, max-image-preview:large, max-video-preview:-1\" \/>\n<link rel=\"canonical\" href=\"https:\/\/intl.phonak.com\/main-english\/hearing-loss\/phonak-well-hearing-is-well-being\/\" \/>\n<meta property=\"og:locale\" content=\"cs_CZ\" \/>\n<meta property=\"og:type\" content=\"article\" \/>\n<meta property=\"og:title\" content=\"Phonak L\u00e9pe sly\u0161et, l\u00e9pe \u017e\u00edt\u2122 - Phonak - Czech Republic\" \/>\n<meta property=\"og:description\" content=\"Ve Phonaku v\u011b\u0159\u00edme, \u017ee dob\u0159e sly\u0161et napom\u00e1h\u00e1 k\u00a0celkov\u00e9 osobn\u00ed pohod\u011b a\u00a0je nezbytn\u00e9 pro plnohodnotn\u00fd \u017eivot. P\u0159ib\u00fdvaj\u00edc\u00ed d\u016fkazy potvrzuj\u00ed, \u017ee kompenzace...\" \/>\n<meta property=\"og:url\" content=\"https:\/\/intl.phonak.com\/cz-cz\/ztrata-sluchu\/dobre-slyset-znamena-lepe-zit\/\" \/>\n<meta property=\"og:site_name\" content=\"Phonak - Czech Republic\" \/>\n<meta property=\"article:modified_time\" content=\"2025-10-28T07:48:17+00:00\" \/>\n<meta name=\"twitter:card\" content=\"summary_large_image\" \/>\n<meta name=\"twitter:label1\" content=\"Est. reading time\" \/>\n\t<meta name=\"twitter:data1\" content=\"5 minutes\" \/>\n<script type=\"application\/ld+json\" class=\"yoast-schema-graph\">{\"@context\":\"https:\/\/schema.org\",\"@graph\":[{\"@type\":\"WebPage\",\"@id\":\"https:\/\/intl.phonak.com\/cz-cz\/ztrata-sluchu\/dobre-slyset-znamena-lepe-zit\/\",\"url\":\"https:\/\/intl.phonak.com\/cz-cz\/ztrata-sluchu\/dobre-slyset-znamena-lepe-zit\/\",\"name\":\"Phonak L\u00e9pe sly\u0161et, l\u00e9pe \u017e\u00edt\u2122 - Phonak - Czech Republic\",\"isPartOf\":{\"@id\":\"https:\/\/intl.phonak.com\/cz-cz\/#website\"},\"primaryImageOfPage\":{\"@id\":\"https:\/\/intl.phonak.com\/cz-cz\/ztrata-sluchu\/dobre-slyset-znamena-lepe-zit\/#primaryimage\"},\"image\":{\"@id\":\"https:\/\/intl.phonak.com\/cz-cz\/ztrata-sluchu\/dobre-slyset-znamena-lepe-zit\/#primaryimage\"},\"thumbnailUrl\":\"https:\/\/intl.phonak.com\/cz-cz\/wp-content\/uploads\/sites\/3\/2023\/12\/WHWB-banner_ComputeGame-OptionB.jpg\",\"datePublished\":\"2022-02-10T21:54:30+00:00\",\"dateModified\":\"2025-10-28T07:48:17+00:00\",\"breadcrumb\":{\"@id\":\"https:\/\/intl.phonak.com\/cz-cz\/ztrata-sluchu\/dobre-slyset-znamena-lepe-zit\/#breadcrumb\"},\"inLanguage\":\"cs-CZ\",\"potentialAction\":[{\"@type\":\"ReadAction\",\"target\":[\"https:\/\/intl.phonak.com\/cz-cz\/ztrata-sluchu\/dobre-slyset-znamena-lepe-zit\/\"]}]},{\"@type\":\"ImageObject\",\"inLanguage\":\"cs-CZ\",\"@id\":\"https:\/\/intl.phonak.com\/cz-cz\/ztrata-sluchu\/dobre-slyset-znamena-lepe-zit\/#primaryimage\",\"url\":\"\",\"contentUrl\":\"\"},{\"@type\":\"BreadcrumbList\",\"@id\":\"https:\/\/intl.phonak.com\/cz-cz\/ztrata-sluchu\/dobre-slyset-znamena-lepe-zit\/#breadcrumb\",\"itemListElement\":[{\"@type\":\"ListItem\",\"position\":1,\"name\":\"Home\",\"item\":\"https:\/\/intl.phonak.com\/cz-cz\/\"},{\"@type\":\"ListItem\",\"position\":2,\"name\":\"Ztr\u00e1ta sluchu\",\"item\":\"https:\/\/intl.phonak.com\/cz-cz\/ztrata-sluchu\/\"},{\"@type\":\"ListItem\",\"position\":3,\"name\":\"Phonak L\u00e9pe sly\u0161et, l\u00e9pe \u017e\u00edt\u2122\"}]},{\"@type\":\"WebSite\",\"@id\":\"https:\/\/intl.phonak.com\/cz-cz\/#website\",\"url\":\"https:\/\/intl.phonak.com\/cz-cz\/\",\"name\":\"Phonak - Czech Republic\",\"description\":\"Committed to changing lives\",\"publisher\":{\"@id\":\"https:\/\/intl.phonak.com\/cz-cz\/#organization\"},\"potentialAction\":[{\"@type\":\"SearchAction\",\"target\":{\"@type\":\"EntryPoint\",\"urlTemplate\":\"https:\/\/intl.phonak.com\/cz-cz\/?s={search_term_string}\"},\"query-input\":{\"@type\":\"PropertyValueSpecification\",\"valueRequired\":true,\"valueName\":\"search_term_string\"}}],\"inLanguage\":\"cs-CZ\"},{\"@type\":\"Organization\",\"@id\":\"https:\/\/intl.phonak.com\/cz-cz\/#organization\",\"name\":\"Phonak - Czech Republic\",\"url\":\"https:\/\/intl.phonak.com\/cz-cz\/\",\"logo\":{\"@type\":\"ImageObject\",\"inLanguage\":\"cs-CZ\",\"@id\":\"https:\/\/intl.phonak.com\/cz-cz\/#\/schema\/logo\/image\/\",\"url\":\"https:\/\/intl.phonak.com\/cz-cz\/wp-content\/uploads\/sites\/63\/2025\/06\/logo-phonak.svg\",\"contentUrl\":\"https:\/\/intl.phonak.com\/cz-cz\/wp-content\/uploads\/sites\/63\/2025\/06\/logo-phonak.svg\",\"caption\":\"Phonak - Czech Republic\"},\"image\":{\"@id\":\"https:\/\/intl.phonak.com\/cz-cz\/#\/schema\/logo\/image\/\"}}]}<\/script>\n<!-- \/ Yoast SEO plugin. -->","yoast_head_json":{"title":"Phonak L\u00e9pe sly\u0161et, l\u00e9pe \u017e\u00edt\u2122 - Phonak - Czech Republic","robots":{"index":"index","follow":"follow","max-snippet":"max-snippet:-1","max-image-preview":"max-image-preview:large","max-video-preview":"max-video-preview:-1"},"canonical":"https:\/\/intl.phonak.com\/main-english\/hearing-loss\/phonak-well-hearing-is-well-being\/","og_locale":"cs_CZ","og_type":"article","og_title":"Phonak L\u00e9pe sly\u0161et, l\u00e9pe \u017e\u00edt\u2122 - Phonak - Czech Republic","og_description":"Ve Phonaku v\u011b\u0159\u00edme, \u017ee dob\u0159e sly\u0161et napom\u00e1h\u00e1 k\u00a0celkov\u00e9 osobn\u00ed pohod\u011b a\u00a0je nezbytn\u00e9 pro plnohodnotn\u00fd \u017eivot. P\u0159ib\u00fdvaj\u00edc\u00ed d\u016fkazy potvrzuj\u00ed, \u017ee kompenzace...","og_url":"https:\/\/intl.phonak.com\/cz-cz\/ztrata-sluchu\/dobre-slyset-znamena-lepe-zit\/","og_site_name":"Phonak - Czech Republic","article_modified_time":"2025-10-28T07:48:17+00:00","twitter_card":"summary_large_image","twitter_misc":{"Est. reading time":"5 minutes"},"schema":{"@context":"https:\/\/schema.org","@graph":[{"@type":"WebPage","@id":"https:\/\/intl.phonak.com\/cz-cz\/ztrata-sluchu\/dobre-slyset-znamena-lepe-zit\/","url":"https:\/\/intl.phonak.com\/cz-cz\/ztrata-sluchu\/dobre-slyset-znamena-lepe-zit\/","name":"Phonak L\u00e9pe sly\u0161et, l\u00e9pe \u017e\u00edt\u2122 - Phonak - Czech Republic","isPartOf":{"@id":"https:\/\/intl.phonak.com\/cz-cz\/#website"},"primaryImageOfPage":{"@id":"https:\/\/intl.phonak.com\/cz-cz\/ztrata-sluchu\/dobre-slyset-znamena-lepe-zit\/#primaryimage"},"image":{"@id":"https:\/\/intl.phonak.com\/cz-cz\/ztrata-sluchu\/dobre-slyset-znamena-lepe-zit\/#primaryimage"},"thumbnailUrl":"https:\/\/intl.phonak.com\/cz-cz\/wp-content\/uploads\/sites\/3\/2023\/12\/WHWB-banner_ComputeGame-OptionB.jpg","datePublished":"2022-02-10T21:54:30+00:00","dateModified":"2025-10-28T07:48:17+00:00","breadcrumb":{"@id":"https:\/\/intl.phonak.com\/cz-cz\/ztrata-sluchu\/dobre-slyset-znamena-lepe-zit\/#breadcrumb"},"inLanguage":"cs-CZ","potentialAction":[{"@type":"ReadAction","target":["https:\/\/intl.phonak.com\/cz-cz\/ztrata-sluchu\/dobre-slyset-znamena-lepe-zit\/"]}]},{"@type":"ImageObject","inLanguage":"cs-CZ","@id":"https:\/\/intl.phonak.com\/cz-cz\/ztrata-sluchu\/dobre-slyset-znamena-lepe-zit\/#primaryimage","url":"","contentUrl":""},{"@type":"BreadcrumbList","@id":"https:\/\/intl.phonak.com\/cz-cz\/ztrata-sluchu\/dobre-slyset-znamena-lepe-zit\/#breadcrumb","itemListElement":[{"@type":"ListItem","position":1,"name":"Home","item":"https:\/\/intl.phonak.com\/cz-cz\/"},{"@type":"ListItem","position":2,"name":"Ztr\u00e1ta sluchu","item":"https:\/\/intl.phonak.com\/cz-cz\/ztrata-sluchu\/"},{"@type":"ListItem","position":3,"name":"Phonak L\u00e9pe sly\u0161et, l\u00e9pe \u017e\u00edt\u2122"}]},{"@type":"WebSite","@id":"https:\/\/intl.phonak.com\/cz-cz\/#website","url":"https:\/\/intl.phonak.com\/cz-cz\/","name":"Phonak - Czech Republic","description":"Committed to changing lives","publisher":{"@id":"https:\/\/intl.phonak.com\/cz-cz\/#organization"},"potentialAction":[{"@type":"SearchAction","target":{"@type":"EntryPoint","urlTemplate":"https:\/\/intl.phonak.com\/cz-cz\/?s={search_term_string}"},"query-input":{"@type":"PropertyValueSpecification","valueRequired":true,"valueName":"search_term_string"}}],"inLanguage":"cs-CZ"},{"@type":"Organization","@id":"https:\/\/intl.phonak.com\/cz-cz\/#organization","name":"Phonak - Czech Republic","url":"https:\/\/intl.phonak.com\/cz-cz\/","logo":{"@type":"ImageObject","inLanguage":"cs-CZ","@id":"https:\/\/intl.phonak.com\/cz-cz\/#\/schema\/logo\/image\/","url":"https:\/\/intl.phonak.com\/cz-cz\/wp-content\/uploads\/sites\/63\/2025\/06\/logo-phonak.svg","contentUrl":"https:\/\/intl.phonak.com\/cz-cz\/wp-content\/uploads\/sites\/63\/2025\/06\/logo-phonak.svg","caption":"Phonak - Czech Republic"},"image":{"@id":"https:\/\/intl.phonak.com\/cz-cz\/#\/schema\/logo\/image\/"}}]}},"jetpack_sharing_enabled":true,"distributor_meta":false,"distributor_terms":false,"distributor_media":false,"distributor_original_site_name":"Phonak - Czech Republic","distributor_original_site_url":"https:\/\/intl.phonak.com\/cz-cz","push-errors":false,"_links":{"self":[{"href":"https:\/\/intl.phonak.com\/cz-cz\/wp-json\/wp\/v2\/pages\/452","targetHints":{"allow":["GET"]}}],"collection":[{"href":"https:\/\/intl.phonak.com\/cz-cz\/wp-json\/wp\/v2\/pages"}],"about":[{"href":"https:\/\/intl.phonak.com\/cz-cz\/wp-json\/wp\/v2\/types\/page"}],"author":[{"embeddable":true,"href":"https:\/\/intl.phonak.com\/cz-cz\/wp-json\/wp\/v2\/users\/14"}],"replies":[{"embeddable":true,"href":"https:\/\/intl.phonak.com\/cz-cz\/wp-json\/wp\/v2\/comments?post=452"}],"version-history":[{"count":9,"href":"https:\/\/intl.phonak.com\/cz-cz\/wp-json\/wp\/v2\/pages\/452\/revisions"}],"predecessor-version":[{"id":1181,"href":"https:\/\/intl.phonak.com\/cz-cz\/wp-json\/wp\/v2\/pages\/452\/revisions\/1181"}],"up":[{"embeddable":true,"href":"https:\/\/intl.phonak.com\/cz-cz\/wp-json\/wp\/v2\/pages\/455"}],"wp:attachment":[{"href":"https:\/\/intl.phonak.com\/cz-cz\/wp-json\/wp\/v2\/media?parent=452"}],"curies":[{"name":"wp","href":"https:\/\/api.w.org\/{rel}","templated":true}]}}