{"id":443,"date":"2021-11-17T21:17:45","date_gmt":"2021-11-17T21:17:45","guid":{"rendered":"https:\/\/intl.phonak.com\/cz-cz\/solutions\/"},"modified":"2026-02-04T08:17:14","modified_gmt":"2026-02-04T08:17:14","slug":"reseni","status":"publish","type":"page","link":"https:\/\/intl.phonak.com\/cz-cz\/reseni\/","title":{"rendered":"\u0158e\u0161en\u00ed"},"content":{"rendered":"\n<div class=\"wp-block-cover alignfull is-light\"><img decoding=\"async\" class=\"wp-block-cover__image-background wp-image-4530\" alt=\"Solutions\" src=\"https:\/\/intl.phonak.com\/cz-cz\/wp-content\/uploads\/sites\/3\/2022\/02\/Banner-solutions.jpg\" style=\"object-position:77% 33%\" data-object-fit=\"cover\" data-object-position=\"77% 33%\"\/><span aria-hidden=\"true\" class=\"wp-block-cover__background has-light-grey-background-color has-background-dim\"><\/span><div class=\"wp-block-cover__inner-container is-layout-flow wp-block-cover-is-layout-flow\">\n<h1 class=\"wp-block-heading has-text-align-center has-dark-grey-color has-text-color\" id=\"signs-of-hearing-loss-1\">Dokonale sed\u00ed<\/h1>\n\n\n\n<p class=\"has-text-align-center has-dark-grey-color has-text-color has-lead-font-size\">\u0158e\u0161en\u00ed pro ka\u017edou situaci<\/p>\n<\/div><\/div>\n\n\n\n<h2 class=\"wp-block-heading has-text-align-center\" id=\"simplifying-life-with-a-brilliant-solution\">Zjednodu\u0161en\u00ed \u017eivota d\u00edky skv\u011bl\u00e9mu \u0159e\u0161en\u00ed<\/h2>\n\n\n\n<p class=\"has-text-align-center\">Svobodn\u011b vyrazit kamkoli si p\u0159ejete bez omezen\u00ed spojen\u00fdch se ztr\u00e1tou sluchu je d\u016fle\u017eit\u00e1 pro napln\u011bn\u00fd \u017eivot. P\u0159esn\u011b na to se zam\u011b\u0159ujeme p\u0159i v\u00fdvoji nov\u00fdch technologi\u00ed pro sluchadla a\u00a0p\u0159\u00edslu\u0161enstv\u00ed zna\u010dky Phonak.<\/p>\n\n\n\n<p class=\"has-text-align-center\">Na\u0161\u00edm c\u00edlem je vyv\u00edjet sluchadla, kter\u00e1 automaticky a\u00a0bez n\u00e1mahy zjednodu\u0161uj\u00ed \u017eivot a\u00a0z\u00e1rove\u0148 v\u00e1m poka\u017ed\u00e9 a\u00a0kdekoli poskytnou v\u00fdjime\u010dn\u00fd z\u00e1\u017eitek z\u00a0poslechu.<\/p>\n\n\n\n<p class=\"has-text-align-center\">Sluchadla u\u0161la v\u00a0posledn\u00edch letech dlouhou cestu. A\u0165 u\u017e je va\u0161e ztr\u00e1ta sluchu jak\u00e1koli \u2013 od zcela neznateln\u00e9 po hlubokou \u2013 sluchadla Phonak se mezi sebou v\u00fdrazn\u011b odli\u0161uj\u00ed velikost\u00ed a\u00a0rozsahem vybaven\u00ed funkcemi, aby se mohla zcela neznateln\u011b zapojit do va\u0161eho \u017eivota.<\/p>\n\n\n\n<div style=\"height:37px\" aria-hidden=\"true\" class=\"wp-block-spacer\"><\/div>\n\n\n\n\t<div class=\"wp-block-pho-product-selection wp-block-pho-product-selection\">\n\t\t<div class=\"grid-x grid-padding-x grid-padding-y\">\n\n\t\t\t\t\t\t\t<div class=\"cell\">\n\t\t\t\t\t<h2 class=\"text-center\">Prozkoumejte \u0159e\u0161en\u00ed<\/h2>\n\t\t\t\t<\/div>\n\t\t\t\t\n\t\t\t\t<div class=\"cell medium-6 large-4 flex-container\">\n\t\t\t\t\t\n<article id=\"post-6\" class=\"product-card post-6 pho_products type-pho_products status-publish has-post-thumbnail hentry pho_product_type-prvouzivatel pho_product_category-sluchadla pho_product_platforms-infinio\">\n\t\t<a class=\"flex-container flex-dir-column align-justify align-top\" href=\"https:\/\/intl.phonak.com\/cz-cz\/produkty\/phonak-audeo-sphere-infinio\/\">\n\t\t<div class=\"product-card-content-wrapper\">\n\t\t\t\n\t\t\t\t<div class=\"product-image-wrapper\">\n\t\t\t\t\t<img loading=\"lazy\" decoding=\"async\" width=\"1024\" height=\"1024\" src=\"https:\/\/intl.phonak.com\/cz-cz\/wp-content\/uploads\/sites\/63\/2026\/02\/PH_Packshot_Audeo-ISphereUltra-transparentIntl_1080x1080.png?w=1024\" class=\"attachment-post-thumbnail size-post-thumbnail wp-post-image\" alt=\"\" srcset=\"https:\/\/intl.phonak.com\/cz-cz\/wp-content\/uploads\/sites\/63\/2026\/02\/PH_Packshot_Audeo-ISphereUltra-transparentIntl_1080x1080.png 4500w, https:\/\/intl.phonak.com\/cz-cz\/wp-content\/uploads\/sites\/63\/2026\/02\/PH_Packshot_Audeo-ISphereUltra-transparentIntl_1080x1080.png?resize=150,150 150w, https:\/\/intl.phonak.com\/cz-cz\/wp-content\/uploads\/sites\/63\/2026\/02\/PH_Packshot_Audeo-ISphereUltra-transparentIntl_1080x1080.png?resize=300,300 300w, https:\/\/intl.phonak.com\/cz-cz\/wp-content\/uploads\/sites\/63\/2026\/02\/PH_Packshot_Audeo-ISphereUltra-transparentIntl_1080x1080.png?resize=768,768 768w, https:\/\/intl.phonak.com\/cz-cz\/wp-content\/uploads\/sites\/63\/2026\/02\/PH_Packshot_Audeo-ISphereUltra-transparentIntl_1080x1080.png?resize=1024,1024 1024w, https:\/\/intl.phonak.com\/cz-cz\/wp-content\/uploads\/sites\/63\/2026\/02\/PH_Packshot_Audeo-ISphereUltra-transparentIntl_1080x1080.png?resize=1536,1536 1536w, https:\/\/intl.phonak.com\/cz-cz\/wp-content\/uploads\/sites\/63\/2026\/02\/PH_Packshot_Audeo-ISphereUltra-transparentIntl_1080x1080.png?resize=2048,2048 2048w\" sizes=\"auto, (max-width: 1024px) 100vw, 1024px\" \/>\t\t\t\t<\/div>\n\n\t\t\t\t<h3 class=\"entry-title\">Phonak Aud\u00e9o Infinio (Ultra) Sphere\u2122<\/h3><p>Technologie Infinio Ultra Sphere v\u00e1m pom\u00e1h\u00e1 l\u00e9pe sly\u0161et i\u00a0v\u00a0t\u011bch nejn\u00e1ro\u010dn\u011bj\u0161\u00edch situac\u00edch. Um\u011bl\u00e1 inteligence v\u00a0re\u00e1ln\u00e9m \u010dase vylep\u0161uje \u0159e\u010d z\u00a0jak\u00e9hokoli sm\u011bru a\u00a0od v\u00edce lid\u00ed, \u010d\u00edm\u017e usnad\u0148uje porozum\u011bn\u00ed konverzac\u00edm v\u00a0hlu\u010dn\u00e9m prost\u0159ed\u00ed.<\/p>\n\t\t<\/div>\n\t\t<div class=\"wp-block-button\">\n\t\t\t<div class=\"wp-block-button__link\">\u010c\u00edst d\u00e1le<\/div>\n\t\t<\/div>\n\t<\/a>\n<\/article><!-- #post-6 -->\n\t\t\t\t<\/div>\n\n\t\t\t\t\n\t\t\t\t<div class=\"cell medium-6 large-4 flex-container\">\n\t\t\t\t\t\n<article id=\"post-12\" class=\"product-card post-12 pho_products type-pho_products status-publish has-post-thumbnail hentry pho_product_type-prvouzivatel pho_product_category-sluchadla pho_product_platforms-infinio\">\n\t\t<a class=\"flex-container flex-dir-column align-justify align-top\" href=\"https:\/\/intl.phonak.com\/cz-cz\/produkty\/phonak-audeo-infinio\/\">\n\t\t<div class=\"product-card-content-wrapper\">\n\t\t\t\n\t\t\t\t<div class=\"product-image-wrapper\">\n\t\t\t\t\t<img loading=\"lazy\" decoding=\"async\" width=\"1024\" height=\"1024\" src=\"https:\/\/intl.phonak.com\/cz-cz\/wp-content\/uploads\/sites\/63\/2026\/02\/PH_Packshot_Audeo-I-RUltra-transparentIntl_1080x1080.png?w=1024\" class=\"attachment-post-thumbnail size-post-thumbnail wp-post-image\" alt=\"\" srcset=\"https:\/\/intl.phonak.com\/cz-cz\/wp-content\/uploads\/sites\/63\/2026\/02\/PH_Packshot_Audeo-I-RUltra-transparentIntl_1080x1080.png 4500w, https:\/\/intl.phonak.com\/cz-cz\/wp-content\/uploads\/sites\/63\/2026\/02\/PH_Packshot_Audeo-I-RUltra-transparentIntl_1080x1080.png?resize=150,150 150w, https:\/\/intl.phonak.com\/cz-cz\/wp-content\/uploads\/sites\/63\/2026\/02\/PH_Packshot_Audeo-I-RUltra-transparentIntl_1080x1080.png?resize=300,300 300w, https:\/\/intl.phonak.com\/cz-cz\/wp-content\/uploads\/sites\/63\/2026\/02\/PH_Packshot_Audeo-I-RUltra-transparentIntl_1080x1080.png?resize=768,768 768w, https:\/\/intl.phonak.com\/cz-cz\/wp-content\/uploads\/sites\/63\/2026\/02\/PH_Packshot_Audeo-I-RUltra-transparentIntl_1080x1080.png?resize=1024,1024 1024w, https:\/\/intl.phonak.com\/cz-cz\/wp-content\/uploads\/sites\/63\/2026\/02\/PH_Packshot_Audeo-I-RUltra-transparentIntl_1080x1080.png?resize=1536,1536 1536w, https:\/\/intl.phonak.com\/cz-cz\/wp-content\/uploads\/sites\/63\/2026\/02\/PH_Packshot_Audeo-I-RUltra-transparentIntl_1080x1080.png?resize=2048,2048 2048w\" sizes=\"auto, (max-width: 1024px) 100vw, 1024px\" \/>\t\t\t\t<\/div>\n\n\t\t\t\t<h3 class=\"entry-title\">Phonak Aud\u00e9o\u2122 Infinio (Ultra) R<\/h3><p>A\u0165 u\u017e v\u00e1s \u017eivot zavede kamkoli, technologie Infinio Ultra R je mimo\u0159\u00e1dn\u011b adaptabiln\u00ed. S\u00a0opera\u010dn\u00edm syst\u00e9mem AutoSense OS 7.0 z\u00edsk\u00e1te jedine\u010dn\u011b personalizovan\u00e9, kombinovan\u00e9 poslechov\u00e9 programy a\u00a0optim\u00e1ln\u00ed zvuk s\u00a0vyu\u017eit\u00edm vysp\u011bl\u00e9 um\u011bl\u00e9 inteligence. A\u0165 u\u017e je v\u00e1\u0161 \u017eivotn\u00ed styl jak\u00fdkoli, technologie Ultra se v\u00e1m p\u0159izp\u016fsob\u00ed.<\/p>\n\t\t<\/div>\n\t\t<div class=\"wp-block-button\">\n\t\t\t<div class=\"wp-block-button__link\">\u010c\u00edst d\u00e1le<\/div>\n\t\t<\/div>\n\t<\/a>\n<\/article><!-- #post-12 -->\n\t\t\t\t<\/div>\n\n\t\t\t\t\n\t\t\t\t<div class=\"cell medium-6 large-4 flex-container\">\n\t\t\t\t\t\n<article id=\"post-20\" class=\"product-card post-20 pho_products type-pho_products status-publish has-post-thumbnail hentry pho_product_type-na-zakazku pho_product_type-prvouzivatel pho_product_category-sluchadla pho_product_platforms-infinio\">\n\t\t<a class=\"flex-container flex-dir-column align-justify align-top\" href=\"https:\/\/intl.phonak.com\/cz-cz\/produkty\/phonak-virto-infinio\/\">\n\t\t<div class=\"product-card-content-wrapper\">\n\t\t\t\n\t\t\t\t<div class=\"product-image-wrapper\">\n\t\t\t\t\t<img loading=\"lazy\" decoding=\"async\" width=\"1024\" height=\"1024\" src=\"https:\/\/intl.phonak.com\/cz-cz\/wp-content\/uploads\/sites\/63\/2024\/10\/PH_Packshot_Virto-I-10-NW-O_CIC-F22-S22-left-PB.png?w=1024\" class=\"attachment-post-thumbnail size-post-thumbnail wp-post-image\" alt=\"Phonak Virto I-10 NW O\" srcset=\"https:\/\/intl.phonak.com\/cz-cz\/wp-content\/uploads\/sites\/63\/2024\/10\/PH_Packshot_Virto-I-10-NW-O_CIC-F22-S22-left-PB.png 2750w, https:\/\/intl.phonak.com\/cz-cz\/wp-content\/uploads\/sites\/63\/2024\/10\/PH_Packshot_Virto-I-10-NW-O_CIC-F22-S22-left-PB.png?resize=150,150 150w, https:\/\/intl.phonak.com\/cz-cz\/wp-content\/uploads\/sites\/63\/2024\/10\/PH_Packshot_Virto-I-10-NW-O_CIC-F22-S22-left-PB.png?resize=300,300 300w, https:\/\/intl.phonak.com\/cz-cz\/wp-content\/uploads\/sites\/63\/2024\/10\/PH_Packshot_Virto-I-10-NW-O_CIC-F22-S22-left-PB.png?resize=768,768 768w, https:\/\/intl.phonak.com\/cz-cz\/wp-content\/uploads\/sites\/63\/2024\/10\/PH_Packshot_Virto-I-10-NW-O_CIC-F22-S22-left-PB.png?resize=1024,1024 1024w, https:\/\/intl.phonak.com\/cz-cz\/wp-content\/uploads\/sites\/63\/2024\/10\/PH_Packshot_Virto-I-10-NW-O_CIC-F22-S22-left-PB.png?resize=1536,1536 1536w, https:\/\/intl.phonak.com\/cz-cz\/wp-content\/uploads\/sites\/63\/2024\/10\/PH_Packshot_Virto-I-10-NW-O_CIC-F22-S22-left-PB.png?resize=2048,2048 2048w\" sizes=\"auto, (max-width: 1024px) 100vw, 1024px\" \/>\t\t\t\t<\/div>\n\n\t\t\t\t<h3 class=\"entry-title\">Phonak Virto\u2122 Infinio<\/h3><p>Sluchadla Virto Infinio jsou ur\u010dena pro u\u017eivatele, kte\u0159\u00ed up\u0159ednost\u0148uj\u00ed diskr\u00e9tn\u00ed \u0159e\u0161en\u00ed na m\u00edru. <\/p>\n\t\t<\/div>\n\t\t<div class=\"wp-block-button\">\n\t\t\t<div class=\"wp-block-button__link\">\u010c\u00edst d\u00e1le<\/div>\n\t\t<\/div>\n\t<\/a>\n<\/article><!-- #post-20 -->\n\t\t\t\t<\/div>\n\n\t\t\t\t\n\t\t<\/div>\n\t<\/div>\n\n\t\n\n\n<div style=\"height:25px\" aria-hidden=\"true\" class=\"wp-block-spacer\"><\/div>\n\n\n\n<p class=\"has-text-align-center\"><a href=\"https:\/\/intl.phonak.com\/cz-cz\/reseni\/typy-sluchadel\/\">Prozkoumejte sluchadla r\u016fzn\u00fdch typ\u016f<\/a><\/p>\n\n\n\n<div style=\"height:34px\" aria-hidden=\"true\" class=\"wp-block-spacer\"><\/div>\n\n\n\n<div class=\"wp-block-media-text is-stacked-on-mobile cta-block\" style=\"grid-template-columns:35% auto\"><figure class=\"wp-block-media-text__media\"><img decoding=\"async\" src=\"https:\/\/intl.phonak.com\/main-english\/wp-content\/uploads\/sites\/3\/2021\/11\/cta-image.jpg?w=401\" alt=\"\" class=\"wp-image-6738 size-full\"\/><\/figure><div class=\"wp-block-media-text__content\">\n<div class=\"wp-block-create-block-icon-selector\"><i class=\"fal fa-map-marker-alt\"><\/i><\/div>   \n<h3 class=\"wp-block-heading\">Odborn\u00edci ve va\u0161em okol\u00ed<\/h3>   <p>V\u00e1mi vybran\u00fd odborn\u00edk v\u00e1m pom\u016f\u017ee u\u010dinit v\u00fdb\u011br, kter\u00fd je pro v\u00e1s ide\u00e1ln\u00ed. Zohledn\u00ed va\u0161e sluchov\u00e9 pot\u0159eby, finan\u010dn\u00ed mo\u017enosti, \u017eivotn\u00ed styl a\u00a0individu\u00e1ln\u00ed poslechov\u00e9 preference. <\/p>   <div class=\"wp-block-buttons is-layout-flex wp-block-buttons-is-layout-flex\">\n<div class=\"wp-block-button is-style-marker-green\"><a class=\"wp-block-button__link wp-element-button\" href=\"https:\/\/intl.phonak.com\/cz-cz\/najit-odbornika\/\">Vyhledat odborn\u00edka<\/a><\/div>\n<\/div>\n<\/div><\/div> ","protected":false},"excerpt":{"rendered":"<p>Zjednodu\u0161en\u00ed \u017eivota d\u00edky skv\u011bl\u00e9mu \u0159e\u0161en\u00ed Svobodn\u011b vyrazit kamkoli si p\u0159ejete bez omezen\u00ed spojen\u00fdch se ztr\u00e1tou sluchu je d\u016fle\u017eit\u00e1 pro napln\u011bn\u00fd&#8230;<\/p>\n","protected":false},"author":5,"featured_media":0,"parent":0,"menu_order":0,"comment_status":"closed","ping_status":"closed","template":"","meta":{"_acf_changed":false,"inline_featured_image":false,"footnotes":""},"class_list":["post-443","page","type-page","status-publish","hentry"],"acf":[],"yoast_head":"<!-- This site is optimized with the Yoast SEO plugin v26.9 - https:\/\/yoast.com\/product\/yoast-seo-wordpress\/ -->\n<title>\u0158e\u0161en\u00ed - Phonak - Czech Republic<\/title>\n<meta name=\"robots\" content=\"index, follow, max-snippet:-1, max-image-preview:large, max-video-preview:-1\" \/>\n<link rel=\"canonical\" href=\"https:\/\/intl.phonak.com\/main-english\/solutions\/\" \/>\n<meta property=\"og:locale\" content=\"cs_CZ\" \/>\n<meta property=\"og:type\" content=\"article\" \/>\n<meta property=\"og:title\" content=\"\u0158e\u0161en\u00ed - Phonak - Czech Republic\" \/>\n<meta property=\"og:description\" content=\"Zjednodu\u0161en\u00ed \u017eivota d\u00edky skv\u011bl\u00e9mu \u0159e\u0161en\u00ed Svobodn\u011b vyrazit kamkoli si p\u0159ejete bez omezen\u00ed spojen\u00fdch se ztr\u00e1tou sluchu je d\u016fle\u017eit\u00e1 pro napln\u011bn\u00fd...\" \/>\n<meta property=\"og:url\" content=\"https:\/\/intl.phonak.com\/cz-cz\/reseni\/\" \/>\n<meta property=\"og:site_name\" content=\"Phonak - Czech Republic\" \/>\n<meta property=\"article:modified_time\" content=\"2026-02-04T08:17:14+00:00\" \/>\n<meta name=\"twitter:card\" content=\"summary_large_image\" \/>\n<meta name=\"twitter:label1\" content=\"Est. reading time\" \/>\n\t<meta name=\"twitter:data1\" content=\"2 minutes\" \/>\n<script type=\"application\/ld+json\" class=\"yoast-schema-graph\">{\"@context\":\"https:\/\/schema.org\",\"@graph\":[{\"@type\":\"WebPage\",\"@id\":\"https:\/\/intl.phonak.com\/cz-cz\/reseni\/\",\"url\":\"https:\/\/intl.phonak.com\/cz-cz\/reseni\/\",\"name\":\"\u0158e\u0161en\u00ed - Phonak - Czech Republic\",\"isPartOf\":{\"@id\":\"https:\/\/intl.phonak.com\/cz-cz\/#website\"},\"primaryImageOfPage\":{\"@id\":\"https:\/\/intl.phonak.com\/cz-cz\/reseni\/#primaryimage\"},\"image\":{\"@id\":\"https:\/\/intl.phonak.com\/cz-cz\/reseni\/#primaryimage\"},\"thumbnailUrl\":\"https:\/\/intl.phonak.com\/cz-cz\/wp-content\/uploads\/sites\/3\/2022\/02\/Banner-solutions.jpg\",\"datePublished\":\"2021-11-17T21:17:45+00:00\",\"dateModified\":\"2026-02-04T08:17:14+00:00\",\"breadcrumb\":{\"@id\":\"https:\/\/intl.phonak.com\/cz-cz\/reseni\/#breadcrumb\"},\"inLanguage\":\"cs-CZ\",\"potentialAction\":[{\"@type\":\"ReadAction\",\"target\":[\"https:\/\/intl.phonak.com\/cz-cz\/reseni\/\"]}]},{\"@type\":\"ImageObject\",\"inLanguage\":\"cs-CZ\",\"@id\":\"https:\/\/intl.phonak.com\/cz-cz\/reseni\/#primaryimage\",\"url\":\"\",\"contentUrl\":\"\"},{\"@type\":\"BreadcrumbList\",\"@id\":\"https:\/\/intl.phonak.com\/cz-cz\/reseni\/#breadcrumb\",\"itemListElement\":[{\"@type\":\"ListItem\",\"position\":1,\"name\":\"Home\",\"item\":\"https:\/\/intl.phonak.com\/cz-cz\/\"},{\"@type\":\"ListItem\",\"position\":2,\"name\":\"\u0158e\u0161en\u00ed\"}]},{\"@type\":\"WebSite\",\"@id\":\"https:\/\/intl.phonak.com\/cz-cz\/#website\",\"url\":\"https:\/\/intl.phonak.com\/cz-cz\/\",\"name\":\"Phonak - Czech Republic\",\"description\":\"Committed to changing lives\",\"publisher\":{\"@id\":\"https:\/\/intl.phonak.com\/cz-cz\/#organization\"},\"potentialAction\":[{\"@type\":\"SearchAction\",\"target\":{\"@type\":\"EntryPoint\",\"urlTemplate\":\"https:\/\/intl.phonak.com\/cz-cz\/?s={search_term_string}\"},\"query-input\":{\"@type\":\"PropertyValueSpecification\",\"valueRequired\":true,\"valueName\":\"search_term_string\"}}],\"inLanguage\":\"cs-CZ\"},{\"@type\":\"Organization\",\"@id\":\"https:\/\/intl.phonak.com\/cz-cz\/#organization\",\"name\":\"Phonak - Czech Republic\",\"url\":\"https:\/\/intl.phonak.com\/cz-cz\/\",\"logo\":{\"@type\":\"ImageObject\",\"inLanguage\":\"cs-CZ\",\"@id\":\"https:\/\/intl.phonak.com\/cz-cz\/#\/schema\/logo\/image\/\",\"url\":\"https:\/\/intl.phonak.com\/cz-cz\/wp-content\/uploads\/sites\/63\/2025\/06\/logo-phonak.svg\",\"contentUrl\":\"https:\/\/intl.phonak.com\/cz-cz\/wp-content\/uploads\/sites\/63\/2025\/06\/logo-phonak.svg\",\"caption\":\"Phonak - Czech Republic\"},\"image\":{\"@id\":\"https:\/\/intl.phonak.com\/cz-cz\/#\/schema\/logo\/image\/\"}}]}<\/script>\n<!-- \/ Yoast SEO plugin. -->","yoast_head_json":{"title":"\u0158e\u0161en\u00ed - Phonak - Czech Republic","robots":{"index":"index","follow":"follow","max-snippet":"max-snippet:-1","max-image-preview":"max-image-preview:large","max-video-preview":"max-video-preview:-1"},"canonical":"https:\/\/intl.phonak.com\/main-english\/solutions\/","og_locale":"cs_CZ","og_type":"article","og_title":"\u0158e\u0161en\u00ed - Phonak - Czech Republic","og_description":"Zjednodu\u0161en\u00ed \u017eivota d\u00edky skv\u011bl\u00e9mu \u0159e\u0161en\u00ed Svobodn\u011b vyrazit kamkoli si p\u0159ejete bez omezen\u00ed spojen\u00fdch se ztr\u00e1tou sluchu je d\u016fle\u017eit\u00e1 pro napln\u011bn\u00fd...","og_url":"https:\/\/intl.phonak.com\/cz-cz\/reseni\/","og_site_name":"Phonak - Czech Republic","article_modified_time":"2026-02-04T08:17:14+00:00","twitter_card":"summary_large_image","twitter_misc":{"Est. reading time":"2 minutes"},"schema":{"@context":"https:\/\/schema.org","@graph":[{"@type":"WebPage","@id":"https:\/\/intl.phonak.com\/cz-cz\/reseni\/","url":"https:\/\/intl.phonak.com\/cz-cz\/reseni\/","name":"\u0158e\u0161en\u00ed - Phonak - Czech Republic","isPartOf":{"@id":"https:\/\/intl.phonak.com\/cz-cz\/#website"},"primaryImageOfPage":{"@id":"https:\/\/intl.phonak.com\/cz-cz\/reseni\/#primaryimage"},"image":{"@id":"https:\/\/intl.phonak.com\/cz-cz\/reseni\/#primaryimage"},"thumbnailUrl":"https:\/\/intl.phonak.com\/cz-cz\/wp-content\/uploads\/sites\/3\/2022\/02\/Banner-solutions.jpg","datePublished":"2021-11-17T21:17:45+00:00","dateModified":"2026-02-04T08:17:14+00:00","breadcrumb":{"@id":"https:\/\/intl.phonak.com\/cz-cz\/reseni\/#breadcrumb"},"inLanguage":"cs-CZ","potentialAction":[{"@type":"ReadAction","target":["https:\/\/intl.phonak.com\/cz-cz\/reseni\/"]}]},{"@type":"ImageObject","inLanguage":"cs-CZ","@id":"https:\/\/intl.phonak.com\/cz-cz\/reseni\/#primaryimage","url":"","contentUrl":""},{"@type":"BreadcrumbList","@id":"https:\/\/intl.phonak.com\/cz-cz\/reseni\/#breadcrumb","itemListElement":[{"@type":"ListItem","position":1,"name":"Home","item":"https:\/\/intl.phonak.com\/cz-cz\/"},{"@type":"ListItem","position":2,"name":"\u0158e\u0161en\u00ed"}]},{"@type":"WebSite","@id":"https:\/\/intl.phonak.com\/cz-cz\/#website","url":"https:\/\/intl.phonak.com\/cz-cz\/","name":"Phonak - Czech Republic","description":"Committed to changing lives","publisher":{"@id":"https:\/\/intl.phonak.com\/cz-cz\/#organization"},"potentialAction":[{"@type":"SearchAction","target":{"@type":"EntryPoint","urlTemplate":"https:\/\/intl.phonak.com\/cz-cz\/?s={search_term_string}"},"query-input":{"@type":"PropertyValueSpecification","valueRequired":true,"valueName":"search_term_string"}}],"inLanguage":"cs-CZ"},{"@type":"Organization","@id":"https:\/\/intl.phonak.com\/cz-cz\/#organization","name":"Phonak - Czech Republic","url":"https:\/\/intl.phonak.com\/cz-cz\/","logo":{"@type":"ImageObject","inLanguage":"cs-CZ","@id":"https:\/\/intl.phonak.com\/cz-cz\/#\/schema\/logo\/image\/","url":"https:\/\/intl.phonak.com\/cz-cz\/wp-content\/uploads\/sites\/63\/2025\/06\/logo-phonak.svg","contentUrl":"https:\/\/intl.phonak.com\/cz-cz\/wp-content\/uploads\/sites\/63\/2025\/06\/logo-phonak.svg","caption":"Phonak - Czech Republic"},"image":{"@id":"https:\/\/intl.phonak.com\/cz-cz\/#\/schema\/logo\/image\/"}}]}},"jetpack_sharing_enabled":true,"distributor_meta":false,"distributor_terms":false,"distributor_media":false,"distributor_original_site_name":"Phonak - Czech Republic","distributor_original_site_url":"https:\/\/intl.phonak.com\/cz-cz","push-errors":false,"_links":{"self":[{"href":"https:\/\/intl.phonak.com\/cz-cz\/wp-json\/wp\/v2\/pages\/443","targetHints":{"allow":["GET"]}}],"collection":[{"href":"https:\/\/intl.phonak.com\/cz-cz\/wp-json\/wp\/v2\/pages"}],"about":[{"href":"https:\/\/intl.phonak.com\/cz-cz\/wp-json\/wp\/v2\/types\/page"}],"author":[{"embeddable":true,"href":"https:\/\/intl.phonak.com\/cz-cz\/wp-json\/wp\/v2\/users\/5"}],"replies":[{"embeddable":true,"href":"https:\/\/intl.phonak.com\/cz-cz\/wp-json\/wp\/v2\/comments?post=443"}],"version-history":[{"count":13,"href":"https:\/\/intl.phonak.com\/cz-cz\/wp-json\/wp\/v2\/pages\/443\/revisions"}],"predecessor-version":[{"id":1518,"href":"https:\/\/intl.phonak.com\/cz-cz\/wp-json\/wp\/v2\/pages\/443\/revisions\/1518"}],"wp:attachment":[{"href":"https:\/\/intl.phonak.com\/cz-cz\/wp-json\/wp\/v2\/media?parent=443"}],"curies":[{"name":"wp","href":"https:\/\/api.w.org\/{rel}","templated":true}]}}