{"id":438,"date":"2022-12-16T15:10:22","date_gmt":"2022-12-16T15:10:22","guid":{"rendered":"https:\/\/intl.phonak.com\/cz-cz\/privacy-notice\/"},"modified":"2026-02-03T15:33:37","modified_gmt":"2026-02-03T15:33:37","slug":"prohlaseni-o-ochrane-osobnich-udaju","status":"publish","type":"page","link":"https:\/\/intl.phonak.com\/cz-cz\/prohlaseni-o-ochrane-osobnich-udaju\/","title":{"rendered":"Ozn\u00e1men\u00ed o\u00a0ochran\u011b osobn\u00edch \u00fadaj\u016f"},"content":{"rendered":"\n<p id=\"block-3110c4d0-6c3e-4d55-8d38-129cb027a120\"><\/p>\n\n\n\n<p id=\"block-e56d30a9-ff57-4997-85c2-75b5ef2450eb\">Toto Ozn\u00e1men\u00ed o\u00a0ochran\u011b osobn\u00edch \u00fadaj\u016f popisuje, jak jsou shroma\u017e\u010fov\u00e1ny a\u00a0zpracov\u00e1v\u00e1ny va\u0161e osobn\u00ed \u00fadaje, v\u010detn\u011b citliv\u00fdch \u00fadaj\u016f, v\u00a0souvislosti s\u00a0Kontaktn\u00edm formul\u00e1\u0159em. V\u00a0t\u00e9to souvislosti se toto Ozn\u00e1men\u00ed o\u00a0ochran\u011b osobn\u00edch \u00fadaj\u016f vztahuje na zpracov\u00e1n\u00ed va\u0161ich osobn\u00edch \u00fadaj\u016f prov\u00e1d\u011bn\u00e9 prost\u0159ednictv\u00edm formul\u00e1\u0159e, kter\u00fd vypl\u0148ujete.<\/p>\n\n\n\n<p id=\"block-a3df515b-e1a3-4d69-a8f9-fd6a5dfd602e\">Zpracov\u00e1n\u00ed va\u0161ich osobn\u00edch \u00fadaj\u016f je v\u00a0souladu s\u00a0m\u00edstn\u00edmi po\u017eadavky na ochranu osobn\u00edch \u00fadaj\u016f v\u00a0souladu s\u00a0va\u0161\u00ed zem\u00ed, v\u010detn\u011b \u0161v\u00fdcarsk\u00e9ho feder\u00e1ln\u00edho z\u00e1kona o\u00a0ochran\u011b osobn\u00edch \u00fadaj\u016f (\u201eFDPA\u201c), na\u0159\u00edzen\u00ed Evropsk\u00e9ho parlamentu a\u00a0Rady (EU) 2016\/679 ze dne 27. dubna 2016 (\u201eGDPR\u201c) a\/nebo, podle pot\u0159eby, z\u00e1kona o\u00a0p\u0159enositelnosti a\u00a0odpov\u011bdnosti zdravotn\u00edho poji\u0161t\u011bn\u00ed z\u00a0roku 1996 (\u201eHIPAA\u201c) pro va\u0161e osobn\u00ed \u00fadaje kvalifikovan\u00e9 jako chr\u00e1n\u011bn\u00e9 zdravotn\u00ed informace.<\/p>\n\n\n\n<p id=\"block-1d87e0d9-df83-49dd-aaa9-7ee608294736\">Ozn\u00e1men\u00ed o\u00a0ochran\u011b osobn\u00edch \u00fadaj\u016f m\u016f\u017ee b\u00fdt \u010das od \u010dasu aktualizov\u00e1no. V\u00a0takov\u00e9m p\u0159\u00edpad\u011b v\u00e1s budeme informovat, \u017ee Ozn\u00e1men\u00ed o\u00a0ochran\u011b osobn\u00edch \u00fadaj\u016f bylo zm\u011bn\u011bno a\u00a0datum \u201eposledn\u00ed aktualizace\u201c v\u00a0horn\u00ed \u010d\u00e1sti tohoto dokumentu bude aktualizov\u00e1no. Doporu\u010dujeme v\u00e1m pravideln\u011b kontrolovat nejnov\u011bj\u0161\u00ed verzi Ozn\u00e1men\u00ed o\u00a0ochran\u011b osobn\u00edch \u00fadaj\u016f.<\/p>\n\n\n\n<p id=\"block-96a81fc1-3995-437b-a025-3900acfc3713\"><strong>1. KDO JSME<\/strong><\/p>\n\n\n\n<p id=\"block-5ec04ce4-ca54-430d-8742-940907142fc8\">Sonova AG, Laubisr\u00fctistrasse 28, 8712 St\u00e4fa, \u0160v\u00fdcarsko (<a href=\"http:\/\/www.sonova.com\/\">www.sonova.com<\/a>) (d\u00e1le jen \u201eSonova AG\u201c) p\u016fsob\u00ed jako spr\u00e1vce pro zpracov\u00e1n\u00ed uveden\u00e9 v\u00a0n\u00e1sleduj\u00edc\u00ed \u010d\u00e1sti.<\/p>\n\n\n\n<p id=\"block-4bcd26ae-20ae-4ab9-adef-a0bcbd2a5eb2\"><strong>2. OSOBN\u00cd \u00daDAJE, KTER\u00c9 OD V\u00c1S SHROMA\u017d\u010eUJEME A\u00a0PRO\u010c<\/strong><\/p>\n\n\n\n<p id=\"block-5381e53f-4ece-4513-b300-72951215d601\">Spole\u010dnost Sonova AG zpracov\u00e1v\u00e1 va\u0161e osobn\u00ed \u00fadaje a\/nebo osobn\u00ed \u00fadaje osoby, kterou zastupujete (kter\u00e9 jste s\u00a0n\u00e1mi sd\u00edleli po z\u00edsk\u00e1n\u00ed jej\u00edho informovan\u00e9ho souhlasu), tj.: titul, jm\u00e9no, p\u0159\u00edjmen\u00ed, e-mail, p\u0159edm\u011bt, zpr\u00e1va.&nbsp;<\/p>\n\n\n\n<p id=\"block-9d6808e7-302c-45ea-9296-ebf9f8a2f24b\">Pokud jde o\u00a0zpr\u00e1vu, kterou se chyst\u00e1te odeslat, vezm\u011bte pros\u00edm na v\u011bdom\u00ed, \u017ee v\u00e1\u0161 zadan\u00fd koment\u00e1\u0159 bude p\u0159eveden do prost\u00e9ho textu. Aby byla dodr\u017eena z\u00e1sada minimalizace \u00fadaj\u016f o\u00a0ochran\u011b osobn\u00edch \u00fadaj\u016f, zad\u00e1vejte pros\u00edm pouze nezbytn\u00e9 informace, kter\u00e9 pot\u0159ebujete vyj\u00e1d\u0159it pouze o\u00a0\u00fa\u010delu, pro kter\u00fd je n\u00e1stroj ur\u010den. Nezad\u00e1vejte pros\u00edm v\u00edce informac\u00ed, ne\u017e je nutn\u00e9, nebo zbyte\u010dn\u00e9 informace o\u00a0v\u00e1s nebo jin\u00e9 osob\u011b, nap\u0159\u00edklad o\u00a0zam\u011bstnanci nebo z\u00e1kazn\u00edkovi. Zva\u017ete to zejm\u00e9na v\u00a0p\u0159\u00edpad\u011b, \u017ee chcete zadat speci\u00e1ln\u00ed kategorii\/citliv\u00e9 \u00fadaje, co\u017e jsou jak\u00e9koli \u00fadaje odhaluj\u00edc\u00ed rasov\u00fd nebo etnick\u00fd p\u016fvod, politick\u00e9 n\u00e1zory, n\u00e1bo\u017eensk\u00e9 nebo filozofick\u00e9 p\u0159esv\u011bd\u010den\u00ed, \u010dlenstv\u00ed v\u00a0odborech, genetick\u00e9 \u00fadaje, biometrick\u00e9 \u00fadaje, \u00fadaje t\u00fdkaj\u00edc\u00ed se zdrav\u00ed, sexu\u00e1ln\u00edho \u017eivota nebo sexu\u00e1ln\u00ed orientace.&#8221;<\/p>\n\n\n\n<p id=\"block-6ef8b4dc-fbc7-4339-b081-42fdd5e72f92\">Vezm\u011bte pros\u00edm na v\u011bdom\u00ed, \u017ee v\u00fd\u0161e uveden\u00e9 osobn\u00ed \u00fadaje jsou zpracov\u00e1v\u00e1ny za \u00fa\u010delem zaji\u0161t\u011bn\u00ed toho, abyste vy nebo n\u011bkdo, koho zastupujete, byli \u0159\u00e1dn\u011b posouzeni, abychom mohli \u0159e\u0161it v\u00e1\u0161 po\u017eadavek a\u00a0poskytnout v\u00e1m odpov\u00eddaj\u00edc\u00ed podporu a\u00a0v\u00a0p\u0159\u00edpad\u011b pot\u0159eby doporu\u010den\u00e9 produkty\/slu\u017eby.<\/p>\n\n\n\n<p id=\"block-d694b16d-bb1d-4f2a-ba31-dab1778385dc\">Vezm\u011bte pros\u00edm na v\u011bdom\u00ed, \u017ee tento \u00fa\u010del je nezbytn\u00fd k\u00a0proveden\u00ed va\u0161eho po\u017eadavku v\u00a0r\u00e1mci pln\u011bn\u00ed smlouvy o\u00a0nav\u00e1z\u00e1n\u00ed kontaktu s\u00a0n\u00e1mi a\u00a0na\u0161imi d\u016fv\u011bryhodn\u00fdmi distributory. V\u00a0t\u00e9to souvislosti budete v\u00a0r\u00e1mci poskytnut\u00ed va\u0161ich kontaktn\u00edch \u00fadaj\u016f kontaktov\u00e1ni na\u0161\u00ed t\u0159et\u00ed stranou jednaj\u00edc\u00ed na\u0161\u00edm jm\u00e9nem n\u011bkolik dn\u00ed po odesl\u00e1n\u00ed va\u0161eho online formul\u00e1\u0159e. &nbsp;<\/p>\n\n\n\n<p id=\"block-107ecf70-8699-4e51-9212-2b3c45c196d4\"><strong>3. JAK SD\u00cdL\u00cdME VA\u0160E OSOBN\u00cd \u00daDAJE<\/strong><\/p>\n\n\n\n<p id=\"block-bf3f85e8-d40b-4cdc-946e-cf7d14df10bd\">Pou\u017e\u00edv\u00e1n\u00edm v\u00fd\u0161e uveden\u00e9 slu\u017eby mohou b\u00fdt va\u0161e osobn\u00ed \u00fadaje v\u00a0omezen\u00e9 m\u00ed\u0159e sd\u00edleny s\u00a0na\u0161imi obchodn\u00edmi partnery, jako jsou zdravotni\u010dt\u00ed specialist\u00e9, kte\u0159\u00ed jednaj\u00ed jako nez\u00e1visl\u00ed nebo spole\u010dn\u00ed spr\u00e1vci, poskytuj\u00ed v\u00e1mi po\u017eadovanou slu\u017ebu, kontaktuj\u00ed v\u00e1s, aby odpov\u011bd\u011bli na va\u0161i \u017e\u00e1dost; a\u00a0n\u00e1sleduj\u00edc\u00ed poskytovatel\u00e9 slu\u017eeb t\u0159et\u00edch stran jednaj\u00edc\u00ed jako zpracovatel\u00e9:<\/p>\n\n\n<div class=\"wp-list-block\">\n<ul id=\"block-47a21154-6aea-47d7-b9de-279ba3c17e2d\" class=\"wp-block-list\">\n<li>Trew Knowledge: v\u00fdvoj\u00e1\u0159 internetov\u00fdch str\u00e1nek,<\/li>\n\n\n\n<li>WordPress VIP: redak\u010dn\u00ed syst\u00e9m\/internetov\u00e1 platforma,<\/li>\n\n\n\n<li>Microsoft: spr\u00e1va a\u00a0\u00fadr\u017eba cloudov\u00e9 infrastruktury a\u00a0poskytov\u00e1n\u00ed technick\u00e9 podpory.<\/li>\n<\/ul>\n<\/div>\n\n\n<p id=\"block-d9424a7a-f94b-4d8a-8b17-41bc7dbc520a\">Va\u0161e osobn\u00ed \u00fadaje mohou b\u00fdt tak\u00e9 sd\u011bleny jin\u00fdm spole\u010dnostem v\u00a0na\u0161\u00ed skupin\u011b spole\u010dnost\u00ed, jako jsou na\u0161e dce\u0159in\u00e9 spole\u010dnosti, nebo jin\u00fdm organizac\u00edm a\u00a0ve\u0159ejn\u00fdm org\u00e1n\u016fm v\u010detn\u011b org\u00e1n\u016f \u010dinn\u00fdch v\u00a0trestn\u00edm \u0159\u00edzen\u00ed, jak to m\u016f\u017ee vy\u017eadovat z\u00e1kon.<\/p>\n\n\n\n<p id=\"block-8145bbcd-69e8-40f0-9111-3a95298b2a8f\">Ne\u017e zp\u0159\u00edstupn\u00edme jak\u00e9koli osobn\u00ed \u00fadaje jin\u00fdm ne\u017e v\u00fd\u0161e uveden\u00fdm t\u0159et\u00edm stran\u00e1m, v\u00fdslovn\u011b v\u00e1s po\u017e\u00e1d\u00e1me o\u00a0souhlas. Pokud jsme v\u0161ak ze z\u00e1kona povinni zve\u0159ejnit osobn\u00ed \u00fadaje bez va\u0161eho souhlasu, zp\u0159\u00edstupn\u00edme pouze osobn\u00ed \u00fadaje, kter\u00e9 jsou pro tento \u00fa\u010del nezbytn\u011b nutn\u00e9 k\u00a0pln\u011bn\u00ed na\u0161ich z\u00e1konn\u00fdch povinnost\u00ed.<\/p>\n\n\n\n<p id=\"block-e2ea32e7-a956-4300-9695-09d24ebba013\"><strong>4. MEZIN\u00c1RODN\u00cd P\u0158ED\u00c1V\u00c1N\u00cd OSOBN\u00cdCH \u00daDAJ\u016e<\/strong><\/p>\n\n\n\n<p id=\"block-72500bcf-8d04-47e8-b9d3-4df058b23228\">Vezm\u011bte pros\u00edm na v\u011bdom\u00ed, \u017ee n\u011bkter\u00e9 z\u00a0v\u00fd\u0161e uveden\u00fdch t\u0159et\u00edch stran se mohou nach\u00e1zet mimo va\u0161i zemi. Proto mohou b\u00fdt va\u0161e osobn\u00ed \u00fadaje p\u0159ed\u00e1v\u00e1ny do zem\u00ed, kter\u00e9 neposkytuj\u00ed stejnou \u00farove\u0148 ochrany osobn\u00edch \u00fadaj\u016f jako va\u0161e vlastn\u00ed zem\u011b. V\u00a0takov\u00fdch p\u0159\u00edpadech zavedeme adekv\u00e1tn\u00ed opat\u0159en\u00ed v\u010detn\u011b vhodn\u00fdch organiza\u010dn\u00edch, technick\u00fdch a\u00a0pr\u00e1vn\u00edch z\u00e1ruk, abychom \u0159\u00eddili p\u0159\u00edslu\u0161n\u00e9 p\u0159ed\u00e1v\u00e1n\u00ed a\u00a0zajistili, \u017ee je stanovena nezbytn\u00e1 \u00farove\u0148 ochrany podle platn\u00fdch z\u00e1kon\u016f. &nbsp;<\/p>\n\n\n\n<p id=\"block-533e1e30-9ef4-4e09-83f3-652b26c27011\"><strong>5. JAK DLOUHO UCHOV\u00c1V\u00c1ME VA\u0160E OSOBN\u00cd \u00daDAJE<\/strong><\/p>\n\n\n\n<p id=\"block-348682c7-3643-476c-a078-b6f347994d0c\">Osobn\u00ed \u00fadaje jsou vymaz\u00e1ny po 3 m\u011bs\u00edc\u00edch od ukon\u010den\u00ed na\u0161eho obchodn\u00edho kontaktu. V\u00a0p\u0159\u00edpad\u011b, \u017ee platn\u00e9 z\u00e1kony nebo jin\u00e9 p\u0159edpisy vy\u017eaduj\u00ed del\u0161\u00ed dobu uchov\u00e1v\u00e1n\u00ed, pou\u017eijeme del\u0161\u00ed dobu uchov\u00e1v\u00e1n\u00ed, abychom splnili na\u0161e z\u00e1konn\u00e9 povinnosti.<\/p>\n\n\n\n<p id=\"block-355074d9-2315-49f6-8b4f-bb2027139a72\">Krom\u011b toho budou va\u0161e osobn\u00ed \u00fadaje zpracov\u00e1van\u00e9 distributory (v\u010detn\u011b zdravotnick\u00fdch odborn\u00edk\u016f) uchov\u00e1v\u00e1ny v\u00a0souladu s\u00a0platn\u00fdmi z\u00e1kony. Dal\u0161\u00ed informace o\u00a0konkr\u00e9tn\u00ed dob\u011b uchov\u00e1v\u00e1n\u00ed v\u00e1m poskytne v\u00e1mi vybran\u00fd odborn\u00edk.<\/p>\n\n\n\n<p id=\"block-af4238c1-82d9-4b87-950a-7ea13455900f\"><strong>6. VA\u0160E PR\u00c1VA<\/strong><\/p>\n\n\n\n<p id=\"block-f63d6cd0-5a52-499d-9d2d-84666073602c\">Podle platn\u00fdch z\u00e1kon\u016f m\u016f\u017eete m\u00edt pr\u00e1vo po\u017e\u00e1dat o\u00a0p\u0159\u00edstup ke sv\u00fdm osobn\u00edm \u00fadaj\u016fm, jejich opravu, v\u00fdmaz nebo omezen\u00ed zpracov\u00e1n\u00ed. Krom\u011b toho m\u016f\u017eete vzn\u00e9st n\u00e1mitku proti zpracov\u00e1n\u00ed, po\u017e\u00e1dat o\u00a0p\u0159enositelnost \u00fadaj\u016f a\u00a0kdykoli odvolat sv\u016fj souhlas. V\u00a0z\u00e1vislosti na va\u0161\u00ed zemi m\u016f\u017eete m\u00edt dal\u0161\u00ed pr\u00e1va, jako je poskytnut\u00ed pokyn\u016f, jak by m\u011bly b\u00fdt va\u0161e osobn\u00ed \u00fadaje po \u00famrt\u00ed zpracov\u00e1ny. Podle z\u00e1kona HIPAA m\u016f\u017eete m\u00edt tak\u00e9 pr\u00e1vo po\u017e\u00e1dat o\u00a0vypo\u0159\u00e1d\u00e1n\u00ed zve\u0159ejn\u011bn\u00ed va\u0161ich osobn\u00edch \u00fadaj\u016f a\u00a0pr\u00e1vo obdr\u017eet pap\u00edrovou kopii tohoto ozn\u00e1men\u00ed na z\u00e1klad\u011b p\u00edsemn\u00e9 \u017e\u00e1dosti.<\/p>\n\n\n\n<p id=\"block-040fd872-a10c-401e-9d23-e9925f35b59a\">Sv\u00e9 pr\u00e1vo vzn\u00e9st n\u00e1mitku proti dal\u0161\u00edmu kontaktu m\u016f\u017eete uplatnit tak, \u017ee n\u00e1m o\u00a0tom d\u00e1te v\u011bd\u011bt kdykoli b\u011bhem hovoru pomoc\u00ed na\u0161eho \u201eodkazu pro odhl\u00e1\u0161en\u00ed\u201c, kter\u00fd je obsa\u017een v\u00a0na\u0161em e-mailu, nebo n\u00e1s kontaktujete na e-mailov\u00e9 adrese&nbsp;<a href=\"mailto:privacy@sonova.com\">privacy@sonova.com<\/a>. Po ov\u011b\u0159en\u00ed budou v\u00e1mi poskytnut\u00e9 osobn\u00ed \u00fadaje vymaz\u00e1ny ze seznam\u016f kontakt\u016f pou\u017e\u00edvan\u00fdch p\u0159idru\u017een\u00fdmi spole\u010dnostmi spole\u010dnosti Sonova a\u00a0t\u0159et\u00edmi stranami.<\/p>\n\n\n\n<p id=\"block-e17f8407-1be6-4178-b813-3435b39b5d41\">Vezm\u011bte pros\u00edm na v\u011bdom\u00ed, \u017ee uplatn\u011bn\u00ed t\u011bchto pr\u00e1v podl\u00e9h\u00e1 omezen\u00edm stanoven\u00fdm platn\u00fdmi pr\u00e1vn\u00edmi p\u0159edpisy.<\/p>\n\n\n\n<p id=\"block-94f85d78-fad6-479b-8e63-5dc84d7183e2\">Pokud se domn\u00edv\u00e1te, \u017ee zpracov\u00e1n\u00ed va\u0161ich osobn\u00edch \u00fadaj\u016f poru\u0161uje platn\u00e9 z\u00e1kony, m\u016f\u017eete tak\u00e9 podat st\u00ed\u017enost u\u00a0m\u00edstn\u00edho dozorov\u00e9ho \u00fa\u0159adu nebo p\u0159\u00edslu\u0161n\u00e9ho regula\u010dn\u00edho org\u00e1nu.<\/p>\n\n\n\n<p id=\"block-6e3d22c7-d924-4d86-a9d5-248990bfa7da\"><strong>7. JAK N\u00c1S M\u016e\u017dETE KONTAKTOVAT<\/strong><\/p>\n\n\n\n<p id=\"block-0199cf36-d52c-4ccd-bd03-5b4ad64ab128\">V\u00a0p\u0159\u00edpad\u011b dotaz\u016f t\u00fdkaj\u00edc\u00edch se tohoto ozn\u00e1men\u00ed o\u00a0ochran\u011b osobn\u00edch \u00fadaj\u016f nebo zpracov\u00e1n\u00ed va\u0161ich osobn\u00edch \u00fadaj\u016f kontaktujte n\u00e1\u0161 t\u00fdm pro ochranu osobn\u00edch \u00fadaj\u016f na e-mailov\u00e9 adrese<a href=\"mailto:privacy@sonova.com\"><\/a>&nbsp;privacy@sonova.com&nbsp;nebo +41 58 928 01 01.Posledn\u00ed aktualizace: duben 2022<\/p>\n","protected":false},"excerpt":{"rendered":"<p>Toto Ozn\u00e1men\u00ed o\u00a0ochran\u011b osobn\u00edch \u00fadaj\u016f popisuje, jak jsou shroma\u017e\u010fov\u00e1ny a\u00a0zpracov\u00e1v\u00e1ny va\u0161e osobn\u00ed \u00fadaje, v\u010detn\u011b citliv\u00fdch \u00fadaj\u016f, v\u00a0souvislosti s\u00a0Kontaktn\u00edm formul\u00e1\u0159em. V\u00a0t\u00e9to&#8230;<\/p>\n","protected":false},"author":4,"featured_media":0,"parent":0,"menu_order":0,"comment_status":"closed","ping_status":"closed","template":"","meta":{"_acf_changed":false,"inline_featured_image":false,"footnotes":""},"class_list":["post-438","page","type-page","status-publish","hentry"],"acf":[],"yoast_head":"<!-- This site is optimized with the Yoast SEO plugin v26.9 - https:\/\/yoast.com\/product\/yoast-seo-wordpress\/ -->\n<title>Ozn\u00e1men\u00ed o ochran\u011b osobn\u00edch \u00fadaj\u016f - Phonak - Czech Republic<\/title>\n<meta name=\"robots\" content=\"index, follow, max-snippet:-1, max-image-preview:large, max-video-preview:-1\" \/>\n<link rel=\"canonical\" href=\"https:\/\/intl.phonak.com\/main-english\/privacy-notice\/\" \/>\n<meta property=\"og:locale\" content=\"cs_CZ\" \/>\n<meta property=\"og:type\" content=\"article\" \/>\n<meta property=\"og:title\" content=\"Ozn\u00e1men\u00ed o ochran\u011b osobn\u00edch \u00fadaj\u016f - Phonak - Czech Republic\" \/>\n<meta property=\"og:description\" content=\"Toto Ozn\u00e1men\u00ed o\u00a0ochran\u011b osobn\u00edch \u00fadaj\u016f popisuje, jak jsou shroma\u017e\u010fov\u00e1ny a\u00a0zpracov\u00e1v\u00e1ny va\u0161e osobn\u00ed \u00fadaje, v\u010detn\u011b citliv\u00fdch \u00fadaj\u016f, v\u00a0souvislosti s\u00a0Kontaktn\u00edm formul\u00e1\u0159em. V\u00a0t\u00e9to...\" \/>\n<meta property=\"og:url\" content=\"https:\/\/intl.phonak.com\/cz-cz\/prohlaseni-o-ochrane-osobnich-udaju\/\" \/>\n<meta property=\"og:site_name\" content=\"Phonak - Czech Republic\" \/>\n<meta property=\"article:modified_time\" content=\"2026-02-03T15:33:37+00:00\" \/>\n<meta name=\"twitter:card\" content=\"summary_large_image\" \/>\n<meta name=\"twitter:label1\" content=\"Est. reading time\" \/>\n\t<meta name=\"twitter:data1\" content=\"6 minutes\" \/>\n<script type=\"application\/ld+json\" class=\"yoast-schema-graph\">{\"@context\":\"https:\/\/schema.org\",\"@graph\":[{\"@type\":\"WebPage\",\"@id\":\"https:\/\/intl.phonak.com\/cz-cz\/prohlaseni-o-ochrane-osobnich-udaju\/\",\"url\":\"https:\/\/intl.phonak.com\/cz-cz\/prohlaseni-o-ochrane-osobnich-udaju\/\",\"name\":\"Ozn\u00e1men\u00ed o ochran\u011b osobn\u00edch \u00fadaj\u016f - Phonak - Czech Republic\",\"isPartOf\":{\"@id\":\"https:\/\/intl.phonak.com\/cz-cz\/#website\"},\"datePublished\":\"2022-12-16T15:10:22+00:00\",\"dateModified\":\"2026-02-03T15:33:37+00:00\",\"breadcrumb\":{\"@id\":\"https:\/\/intl.phonak.com\/cz-cz\/prohlaseni-o-ochrane-osobnich-udaju\/#breadcrumb\"},\"inLanguage\":\"cs-CZ\",\"potentialAction\":[{\"@type\":\"ReadAction\",\"target\":[\"https:\/\/intl.phonak.com\/cz-cz\/prohlaseni-o-ochrane-osobnich-udaju\/\"]}]},{\"@type\":\"BreadcrumbList\",\"@id\":\"https:\/\/intl.phonak.com\/cz-cz\/prohlaseni-o-ochrane-osobnich-udaju\/#breadcrumb\",\"itemListElement\":[{\"@type\":\"ListItem\",\"position\":1,\"name\":\"Home\",\"item\":\"https:\/\/intl.phonak.com\/cz-cz\/\"},{\"@type\":\"ListItem\",\"position\":2,\"name\":\"Ozn\u00e1men\u00ed o\u00a0ochran\u011b osobn\u00edch \u00fadaj\u016f\"}]},{\"@type\":\"WebSite\",\"@id\":\"https:\/\/intl.phonak.com\/cz-cz\/#website\",\"url\":\"https:\/\/intl.phonak.com\/cz-cz\/\",\"name\":\"Phonak - Czech Republic\",\"description\":\"Committed to changing lives\",\"publisher\":{\"@id\":\"https:\/\/intl.phonak.com\/cz-cz\/#organization\"},\"potentialAction\":[{\"@type\":\"SearchAction\",\"target\":{\"@type\":\"EntryPoint\",\"urlTemplate\":\"https:\/\/intl.phonak.com\/cz-cz\/?s={search_term_string}\"},\"query-input\":{\"@type\":\"PropertyValueSpecification\",\"valueRequired\":true,\"valueName\":\"search_term_string\"}}],\"inLanguage\":\"cs-CZ\"},{\"@type\":\"Organization\",\"@id\":\"https:\/\/intl.phonak.com\/cz-cz\/#organization\",\"name\":\"Phonak - Czech Republic\",\"url\":\"https:\/\/intl.phonak.com\/cz-cz\/\",\"logo\":{\"@type\":\"ImageObject\",\"inLanguage\":\"cs-CZ\",\"@id\":\"https:\/\/intl.phonak.com\/cz-cz\/#\/schema\/logo\/image\/\",\"url\":\"https:\/\/intl.phonak.com\/cz-cz\/wp-content\/uploads\/sites\/63\/2025\/06\/logo-phonak.svg\",\"contentUrl\":\"https:\/\/intl.phonak.com\/cz-cz\/wp-content\/uploads\/sites\/63\/2025\/06\/logo-phonak.svg\",\"caption\":\"Phonak - Czech Republic\"},\"image\":{\"@id\":\"https:\/\/intl.phonak.com\/cz-cz\/#\/schema\/logo\/image\/\"}}]}<\/script>\n<!-- \/ Yoast SEO plugin. -->","yoast_head_json":{"title":"Ozn\u00e1men\u00ed o ochran\u011b osobn\u00edch \u00fadaj\u016f - Phonak - Czech Republic","robots":{"index":"index","follow":"follow","max-snippet":"max-snippet:-1","max-image-preview":"max-image-preview:large","max-video-preview":"max-video-preview:-1"},"canonical":"https:\/\/intl.phonak.com\/main-english\/privacy-notice\/","og_locale":"cs_CZ","og_type":"article","og_title":"Ozn\u00e1men\u00ed o ochran\u011b osobn\u00edch \u00fadaj\u016f - Phonak - Czech Republic","og_description":"Toto Ozn\u00e1men\u00ed o\u00a0ochran\u011b osobn\u00edch \u00fadaj\u016f popisuje, jak jsou shroma\u017e\u010fov\u00e1ny a\u00a0zpracov\u00e1v\u00e1ny va\u0161e osobn\u00ed \u00fadaje, v\u010detn\u011b citliv\u00fdch \u00fadaj\u016f, v\u00a0souvislosti s\u00a0Kontaktn\u00edm formul\u00e1\u0159em. V\u00a0t\u00e9to...","og_url":"https:\/\/intl.phonak.com\/cz-cz\/prohlaseni-o-ochrane-osobnich-udaju\/","og_site_name":"Phonak - Czech Republic","article_modified_time":"2026-02-03T15:33:37+00:00","twitter_card":"summary_large_image","twitter_misc":{"Est. reading time":"6 minutes"},"schema":{"@context":"https:\/\/schema.org","@graph":[{"@type":"WebPage","@id":"https:\/\/intl.phonak.com\/cz-cz\/prohlaseni-o-ochrane-osobnich-udaju\/","url":"https:\/\/intl.phonak.com\/cz-cz\/prohlaseni-o-ochrane-osobnich-udaju\/","name":"Ozn\u00e1men\u00ed o ochran\u011b osobn\u00edch \u00fadaj\u016f - Phonak - Czech Republic","isPartOf":{"@id":"https:\/\/intl.phonak.com\/cz-cz\/#website"},"datePublished":"2022-12-16T15:10:22+00:00","dateModified":"2026-02-03T15:33:37+00:00","breadcrumb":{"@id":"https:\/\/intl.phonak.com\/cz-cz\/prohlaseni-o-ochrane-osobnich-udaju\/#breadcrumb"},"inLanguage":"cs-CZ","potentialAction":[{"@type":"ReadAction","target":["https:\/\/intl.phonak.com\/cz-cz\/prohlaseni-o-ochrane-osobnich-udaju\/"]}]},{"@type":"BreadcrumbList","@id":"https:\/\/intl.phonak.com\/cz-cz\/prohlaseni-o-ochrane-osobnich-udaju\/#breadcrumb","itemListElement":[{"@type":"ListItem","position":1,"name":"Home","item":"https:\/\/intl.phonak.com\/cz-cz\/"},{"@type":"ListItem","position":2,"name":"Ozn\u00e1men\u00ed o\u00a0ochran\u011b osobn\u00edch \u00fadaj\u016f"}]},{"@type":"WebSite","@id":"https:\/\/intl.phonak.com\/cz-cz\/#website","url":"https:\/\/intl.phonak.com\/cz-cz\/","name":"Phonak - Czech Republic","description":"Committed to changing lives","publisher":{"@id":"https:\/\/intl.phonak.com\/cz-cz\/#organization"},"potentialAction":[{"@type":"SearchAction","target":{"@type":"EntryPoint","urlTemplate":"https:\/\/intl.phonak.com\/cz-cz\/?s={search_term_string}"},"query-input":{"@type":"PropertyValueSpecification","valueRequired":true,"valueName":"search_term_string"}}],"inLanguage":"cs-CZ"},{"@type":"Organization","@id":"https:\/\/intl.phonak.com\/cz-cz\/#organization","name":"Phonak - Czech Republic","url":"https:\/\/intl.phonak.com\/cz-cz\/","logo":{"@type":"ImageObject","inLanguage":"cs-CZ","@id":"https:\/\/intl.phonak.com\/cz-cz\/#\/schema\/logo\/image\/","url":"https:\/\/intl.phonak.com\/cz-cz\/wp-content\/uploads\/sites\/63\/2025\/06\/logo-phonak.svg","contentUrl":"https:\/\/intl.phonak.com\/cz-cz\/wp-content\/uploads\/sites\/63\/2025\/06\/logo-phonak.svg","caption":"Phonak - Czech Republic"},"image":{"@id":"https:\/\/intl.phonak.com\/cz-cz\/#\/schema\/logo\/image\/"}}]}},"jetpack_sharing_enabled":true,"distributor_meta":false,"distributor_terms":false,"distributor_media":false,"distributor_original_site_name":"Phonak - Czech Republic","distributor_original_site_url":"https:\/\/intl.phonak.com\/cz-cz","push-errors":false,"_links":{"self":[{"href":"https:\/\/intl.phonak.com\/cz-cz\/wp-json\/wp\/v2\/pages\/438","targetHints":{"allow":["GET"]}}],"collection":[{"href":"https:\/\/intl.phonak.com\/cz-cz\/wp-json\/wp\/v2\/pages"}],"about":[{"href":"https:\/\/intl.phonak.com\/cz-cz\/wp-json\/wp\/v2\/types\/page"}],"author":[{"embeddable":true,"href":"https:\/\/intl.phonak.com\/cz-cz\/wp-json\/wp\/v2\/users\/4"}],"replies":[{"embeddable":true,"href":"https:\/\/intl.phonak.com\/cz-cz\/wp-json\/wp\/v2\/comments?post=438"}],"version-history":[{"count":4,"href":"https:\/\/intl.phonak.com\/cz-cz\/wp-json\/wp\/v2\/pages\/438\/revisions"}],"predecessor-version":[{"id":1514,"href":"https:\/\/intl.phonak.com\/cz-cz\/wp-json\/wp\/v2\/pages\/438\/revisions\/1514"}],"wp:attachment":[{"href":"https:\/\/intl.phonak.com\/cz-cz\/wp-json\/wp\/v2\/media?parent=438"}],"curies":[{"name":"wp","href":"https:\/\/api.w.org\/{rel}","templated":true}]}}