{"id":436,"date":"2022-12-16T15:11:36","date_gmt":"2022-12-16T15:11:36","guid":{"rendered":"https:\/\/intl.phonak.com\/cz-cz\/cookie-privacy-notice\/"},"modified":"2026-02-03T15:34:41","modified_gmt":"2026-02-03T15:34:41","slug":"predvolby-soukromi","status":"publish","type":"page","link":"https:\/\/intl.phonak.com\/cz-cz\/predvolby-soukromi\/","title":{"rendered":"Ozn\u00e1men\u00ed o\u00a0ochran\u011b soukrom\u00ed"},"content":{"rendered":"\n<div class=\"wp-block-group is-style-align-small is-layout-flow wp-block-group-is-layout-flow\">\n<p><\/p>\n\n\n\n<p><strong>A. CO JSOU SOUBORY COOKIES A\u00a0JIN\u00c9 N\u00c1STROJE SLEDOV\u00c1N\u00cd?<\/strong><\/p>\n\n\n\n<p>Cookies jsou mal\u00e9 soubory ulo\u017een\u00e9 v\u011bt\u0161inou internetov\u00fdch prohl\u00ed\u017ee\u010d\u016f ke sledov\u00e1n\u00ed informac\u00ed o\u00a0n\u00e1v\u0161t\u011bvn\u00edc\u00edch a\u00a0umo\u017en\u011bn\u00ed spole\u010dnosti Sonova, aby jej\u00ed internetov\u00e1 nab\u00eddka byla pro v\u00e1s relevantn\u011bj\u0161\u00ed. Spole\u010dnost Sonova pou\u017e\u00edv\u00e1 b\u011bhem va\u0161\u00ed n\u00e1v\u0161t\u011bvy na\u0161ich internetov\u00fdch str\u00e1nek \u010dty\u0159i druhy soubor\u016f cookie. Doba jejich uchov\u00e1v\u00e1n\u00ed z\u00e1vis\u00ed na ka\u017ed\u00e9 zemi a\u00a0p\u0159\u00edslu\u0161n\u00fdch platn\u00fdch z\u00e1konech.<\/p>\n\n\n\n<p><strong>A.2 JAK\u00c9 SOUBORY COOKIE POU\u017d\u00cdV\u00c1ME A\u00a0PRO\u010c?<\/strong><\/p>\n\n\n<div class=\"wp-list-block\">\n<ul class=\"wp-block-list\">\n<li> Nezbytn\u011b nutn\u00e9 soubory cookie: tyto soubory cookie jsou pro n\u00e1s nezbytn\u00e9, abychom v\u00e1m mohli poskytnout z\u00e1kladn\u00ed funkce na\u0161ich internetov\u00fdch str\u00e1nek, a\u00a0nelze je v\u00a0na\u0161ich syst\u00e9mech vypnout.<\/li>\n\n\n\n<li>V\u00fdkonnostn\u00ed a\u00a0analytick\u00e9 soubory cookie: tyto soubory cookie n\u00e1m umo\u017e\u0148uj\u00ed po\u010d\u00edtat n\u00e1v\u0161t\u011bvy a\u00a0zdroje n\u00e1v\u0161t\u011bvnosti za \u00fa\u010delem m\u011b\u0159en\u00ed a\u00a0zlep\u0161ov\u00e1n\u00ed v\u00fdkonu na\u0161ich internetov\u00fdch str\u00e1nek.<\/li>\n\n\n\n<li>Funk\u010dn\u00ed soubory cookie: tyto soubory cookie se pou\u017e\u00edvaj\u00ed k\u00a0poskytov\u00e1n\u00ed vylep\u0161en\u00fdch funkc\u00ed a\u00a0personalizace b\u011bhem va\u0161\u00ed n\u00e1v\u0161t\u011bvy.<\/li>\n\n\n\n<li>C\u00edlen\u00e9 nebo reklamn\u00ed soubory cookie: tyto soubory cookie mohou b\u00fdt nastaveny prost\u0159ednictv\u00edm na\u0161ich internetov\u00fdch str\u00e1nek na\u0161imi reklamn\u00edmi partnery za \u00fa\u010delem vytvo\u0159en\u00ed profilu va\u0161ich z\u00e1jm\u016f a\u00a0navrhov\u00e1n\u00ed relevantn\u00edch reklam.<\/li>\n<\/ul>\n<\/div>\n\n\n<p>N\u011bkter\u00e9 soubory cookie pou\u017e\u00edvan\u00e9 na\u0161imi internetov\u00fdmi str\u00e1nkami nastavujeme my a\u00a0n\u011bkter\u00e9 nastavuj\u00ed t\u0159et\u00ed strany jm\u00e9nem spole\u010dnosti Sonova. N\u00ed\u017ee naleznete seznam v\u0161ech typ\u016f soubor\u016f cookie a\u00a0dal\u0161\u00edch sledovac\u00edch n\u00e1stroj\u016f pou\u017e\u00edvan\u00fdch touto internetovou str\u00e1nkou:<\/p>\n\n\n\n<figure class=\"wp-block-table has-legal-font-size\"><table><tbody><tr><td><strong>Hostitel<\/strong><\/td><td class=\"has-text-align-left\" data-align=\"left\"><strong>Soubory cookie nebo jin\u00e9 sledovac\u00ed n\u00e1stroje<\/strong><\/td><td><strong>Kategorie<\/strong><\/td><td><strong>\u017divotnost<\/strong><\/td><td><strong>Vlastn\u00ed nebo soubory cookie t\u0159et\u00edch stran<\/strong><\/td><\/tr><tr><td>intl.phonak.com<\/td><td class=\"has-text-align-left\" data-align=\"left\">wordpressuser_XXXXXXXXXXXXXXXXXXXXXXXXXXXXX, OptanonConsent, wordpress_test_cookie, wordpress_XXXXXXXXXXXXXXXXXXXXXXXXXXXX, wordpress_logged_in_XXXXXXXXXXXXXXXXXXXXXXXXXXX, jetpack_sso_original_request, wp-postpass_XXXXXXXXXXXXXXXXXXXXXXXXXXXX, wp-settings-, wordpress_sec_, jetpack_sso_redirect_to, wordpresspass_XXXXXXXXXXXXXXXXXXXXXXXXXXXX, OptanonAlertBoxClosed, wp-settings-time-X<\/td><td><\/td><td><\/td><td><\/td><\/tr><tr><td>phonak.com<\/td><td class=\"has-text-align-left\" data-align=\"left\">_ga_xxxxxxxxxx, _ga<\/td><td>V\u00fdkonnostn\u00ed soubory cookie<\/td><td>1 rok<\/td><td>Prvn\u00ed strana<\/td><\/tr><\/tbody><\/table><\/figure>\n\n\n\n<p> <strong>A.3 JAK SPRAVOVAT SOUBORY COOKIE?<\/strong><\/p>\n\n\n\n<p>Ka\u017ed\u00fd typ soubor\u016f cookie odr\u00e1\u017e\u00ed specifick\u00fd \u00fa\u010del, na na\u0161ich internetov\u00fdch str\u00e1nk\u00e1ch m\u016f\u017eete snadno odsouhlasit ka\u017ed\u00fd jednotliv\u00fd \u00fa\u010del. P\u0159ijet\u00edm v\u0161ech soubor\u016f cookie z\u00edsk\u00e1te pln\u011b personalizovanou internetovou zku\u0161enost. M\u00e1te mo\u017enost si vybrat, kter\u00e9 typy soubor\u016f cookie p\u0159ijmete nebo zablokujete, av\u0161ak m\u016f\u017ee to ovlivnit va\u0161i zku\u0161enost s\u00a0pou\u017e\u00edv\u00e1n\u00edm na\u0161ich str\u00e1nek a\u00a0slu\u017eeb, kter\u00e9 nab\u00edz\u00edme. Nicm\u00e9n\u011b, slu\u017ebu m\u016f\u017eete pou\u017e\u00edvat i\u00a0v\u00a0p\u0159\u00edpad\u011b odm\u00edtnut\u00ed souhlasu s\u00a0n\u011bkter\u00fdmi soubory cookie, krom\u011b t\u011bch, kter\u00e9 jsou nezbytn\u011b nutn\u00e9. Chcete-li odvolat nebo upravit sv\u016fj souhlas, klikn\u011bte sem.<\/p>\n\n\n\n<p>Pokud nem\u00e1te z\u00e1jem o\u00a0v\u00fdhody plynouc\u00ed z\u00a0na\u0161ich soubor\u016f cookie, funkce \u201eN\u00e1pov\u011bda\u201c ve va\u0161em prohl\u00ed\u017ee\u010di v\u00e1m poskytne pokyny, jak zabr\u00e1nit ukl\u00e1d\u00e1n\u00ed soubor\u016f cookie nebo jak smazat st\u00e1vaj\u00edc\u00ed soubory cookie. M\u016f\u017eete se tak\u00e9 dozv\u011bd\u011bt, jak zablokovat v\u0161echny nov\u00e9 soubory cookie ve va\u0161em prohl\u00ed\u017ee\u010di a\u00a0jak\u00e9 kroky konfigurace jsou nutn\u00e9 pro obdr\u017een\u00ed ozn\u00e1men\u00ed o\u00a0nov\u00fdch souborech cookie. V\u00a0ka\u017ed\u00e9m p\u0159\u00edpad\u011b bude va\u0161e volba (souhlas\/odm\u00edtnut\u00ed) uchov\u00e1na po dobu 6 m\u011bs\u00edc\u016f. Velmi u\u017eite\u010dn\u00e9 informace o\u00a0souborech cookies obecn\u011b jsou k\u00a0dispozici na t\u011bchto internetov\u00fdch str\u00e1nk\u00e1ch: <a href=\"http:\/\/www.allaboutcookies.org\/\" target=\"_blank\" rel=\"noreferrer noopener\">http:\/\/www.allaboutcookies.org<\/a> nebo <a href=\"https:\/\/cookiepedia.co.uk,\" target=\"_blank\" rel=\"noreferrer noopener\">https:\/\/cookiepedia.co.uk.<\/a><\/p>\n\n\n\n<p><strong>A.4 JAK N\u00c1S M\u016e\u017dETE KONTAKTOVAT?<\/strong><\/p>\n\n\n\n<p>V\u00a0p\u0159\u00edpad\u011b jak\u00fdchkoli dotaz\u016f, p\u0159ipom\u00ednek nebo obav t\u00fdkaj\u00edc\u00edch se t\u011bchto Z\u00e1sad nebo za \u00fa\u010delem uplatn\u011bn\u00ed va\u0161ich pr\u00e1v na ochranu soukrom\u00ed povolen\u00fdch platn\u00fdmi pr\u00e1vn\u00edmi p\u0159edpisy t\u00fdkaj\u00edc\u00edmi se Osobn\u00edch \u00fadaj\u016f se pros\u00edm obra\u0165te na na\u0161eho pov\u011b\u0159ence pro ochranu osobn\u00edch \u00fadaj\u016f na n\u00e1sleduj\u00edc\u00ed e-mailov\u00e9 adrese: <a href=\"mailto:privacy@sonova.com\">privacy@sonova.com<\/a>. Pro dal\u0161\u00ed informace se pros\u00edm pod\u00edvejte na na\u0161i <a href=\"https:\/\/intl.phonak.com\/cz-cz\/web-privacy-cookie-policy\/\">politiku internetov\u00fdch str\u00e1nek a\u00a0soubor\u016f cookie<\/a>.<\/p>\n\n\n\n<p>Platn\u00e9 od: leden 2025<\/p>\n<\/div>\n","protected":false},"excerpt":{"rendered":"<p>A. CO JSOU SOUBORY COOKIES A\u00a0JIN\u00c9 N\u00c1STROJE SLEDOV\u00c1N\u00cd? Cookies jsou mal\u00e9 soubory ulo\u017een\u00e9 v\u011bt\u0161inou internetov\u00fdch prohl\u00ed\u017ee\u010d\u016f ke sledov\u00e1n\u00ed informac\u00ed o\u00a0n\u00e1v\u0161t\u011bvn\u00edc\u00edch&#8230;<\/p>\n","protected":false},"author":4,"featured_media":0,"parent":0,"menu_order":0,"comment_status":"closed","ping_status":"closed","template":"","meta":{"_acf_changed":false,"inline_featured_image":false,"footnotes":""},"class_list":["post-436","page","type-page","status-publish","hentry"],"acf":[],"yoast_head":"<!-- This site is optimized with the Yoast SEO plugin v26.9 - https:\/\/yoast.com\/product\/yoast-seo-wordpress\/ -->\n<title>Ozn\u00e1men\u00ed o ochran\u011b soukrom\u00ed - Phonak - Czech Republic<\/title>\n<meta name=\"robots\" content=\"index, follow, max-snippet:-1, max-image-preview:large, max-video-preview:-1\" \/>\n<link rel=\"canonical\" href=\"https:\/\/intl.phonak.com\/main-english\/cookie-privacy-notice\/\" \/>\n<meta property=\"og:locale\" content=\"cs_CZ\" \/>\n<meta property=\"og:type\" content=\"article\" \/>\n<meta property=\"og:title\" content=\"Ozn\u00e1men\u00ed o ochran\u011b soukrom\u00ed - Phonak - Czech Republic\" \/>\n<meta property=\"og:description\" content=\"A. CO JSOU SOUBORY COOKIES A\u00a0JIN\u00c9 N\u00c1STROJE SLEDOV\u00c1N\u00cd? Cookies jsou mal\u00e9 soubory ulo\u017een\u00e9 v\u011bt\u0161inou internetov\u00fdch prohl\u00ed\u017ee\u010d\u016f ke sledov\u00e1n\u00ed informac\u00ed o\u00a0n\u00e1v\u0161t\u011bvn\u00edc\u00edch...\" \/>\n<meta property=\"og:url\" content=\"https:\/\/intl.phonak.com\/cz-cz\/predvolby-soukromi\/\" \/>\n<meta property=\"og:site_name\" content=\"Phonak - Czech Republic\" \/>\n<meta property=\"article:modified_time\" content=\"2026-02-03T15:34:41+00:00\" \/>\n<meta name=\"twitter:card\" content=\"summary_large_image\" \/>\n<meta name=\"twitter:label1\" content=\"Est. reading time\" \/>\n\t<meta name=\"twitter:data1\" content=\"3 minutes\" \/>\n<script type=\"application\/ld+json\" class=\"yoast-schema-graph\">{\"@context\":\"https:\/\/schema.org\",\"@graph\":[{\"@type\":\"WebPage\",\"@id\":\"https:\/\/intl.phonak.com\/cz-cz\/predvolby-soukromi\/\",\"url\":\"https:\/\/intl.phonak.com\/cz-cz\/predvolby-soukromi\/\",\"name\":\"Ozn\u00e1men\u00ed o ochran\u011b soukrom\u00ed - Phonak - Czech Republic\",\"isPartOf\":{\"@id\":\"https:\/\/intl.phonak.com\/cz-cz\/#website\"},\"datePublished\":\"2022-12-16T15:11:36+00:00\",\"dateModified\":\"2026-02-03T15:34:41+00:00\",\"breadcrumb\":{\"@id\":\"https:\/\/intl.phonak.com\/cz-cz\/predvolby-soukromi\/#breadcrumb\"},\"inLanguage\":\"cs-CZ\",\"potentialAction\":[{\"@type\":\"ReadAction\",\"target\":[\"https:\/\/intl.phonak.com\/cz-cz\/predvolby-soukromi\/\"]}]},{\"@type\":\"BreadcrumbList\",\"@id\":\"https:\/\/intl.phonak.com\/cz-cz\/predvolby-soukromi\/#breadcrumb\",\"itemListElement\":[{\"@type\":\"ListItem\",\"position\":1,\"name\":\"Home\",\"item\":\"https:\/\/intl.phonak.com\/cz-cz\/\"},{\"@type\":\"ListItem\",\"position\":2,\"name\":\"Ozn\u00e1men\u00ed o\u00a0ochran\u011b soukrom\u00ed\"}]},{\"@type\":\"WebSite\",\"@id\":\"https:\/\/intl.phonak.com\/cz-cz\/#website\",\"url\":\"https:\/\/intl.phonak.com\/cz-cz\/\",\"name\":\"Phonak - Czech Republic\",\"description\":\"Committed to changing lives\",\"publisher\":{\"@id\":\"https:\/\/intl.phonak.com\/cz-cz\/#organization\"},\"potentialAction\":[{\"@type\":\"SearchAction\",\"target\":{\"@type\":\"EntryPoint\",\"urlTemplate\":\"https:\/\/intl.phonak.com\/cz-cz\/?s={search_term_string}\"},\"query-input\":{\"@type\":\"PropertyValueSpecification\",\"valueRequired\":true,\"valueName\":\"search_term_string\"}}],\"inLanguage\":\"cs-CZ\"},{\"@type\":\"Organization\",\"@id\":\"https:\/\/intl.phonak.com\/cz-cz\/#organization\",\"name\":\"Phonak - Czech Republic\",\"url\":\"https:\/\/intl.phonak.com\/cz-cz\/\",\"logo\":{\"@type\":\"ImageObject\",\"inLanguage\":\"cs-CZ\",\"@id\":\"https:\/\/intl.phonak.com\/cz-cz\/#\/schema\/logo\/image\/\",\"url\":\"https:\/\/intl.phonak.com\/cz-cz\/wp-content\/uploads\/sites\/63\/2025\/06\/logo-phonak.svg\",\"contentUrl\":\"https:\/\/intl.phonak.com\/cz-cz\/wp-content\/uploads\/sites\/63\/2025\/06\/logo-phonak.svg\",\"caption\":\"Phonak - Czech Republic\"},\"image\":{\"@id\":\"https:\/\/intl.phonak.com\/cz-cz\/#\/schema\/logo\/image\/\"}}]}<\/script>\n<!-- \/ Yoast SEO plugin. -->","yoast_head_json":{"title":"Ozn\u00e1men\u00ed o ochran\u011b soukrom\u00ed - Phonak - Czech Republic","robots":{"index":"index","follow":"follow","max-snippet":"max-snippet:-1","max-image-preview":"max-image-preview:large","max-video-preview":"max-video-preview:-1"},"canonical":"https:\/\/intl.phonak.com\/main-english\/cookie-privacy-notice\/","og_locale":"cs_CZ","og_type":"article","og_title":"Ozn\u00e1men\u00ed o ochran\u011b soukrom\u00ed - Phonak - Czech Republic","og_description":"A. CO JSOU SOUBORY COOKIES A\u00a0JIN\u00c9 N\u00c1STROJE SLEDOV\u00c1N\u00cd? Cookies jsou mal\u00e9 soubory ulo\u017een\u00e9 v\u011bt\u0161inou internetov\u00fdch prohl\u00ed\u017ee\u010d\u016f ke sledov\u00e1n\u00ed informac\u00ed o\u00a0n\u00e1v\u0161t\u011bvn\u00edc\u00edch...","og_url":"https:\/\/intl.phonak.com\/cz-cz\/predvolby-soukromi\/","og_site_name":"Phonak - Czech Republic","article_modified_time":"2026-02-03T15:34:41+00:00","twitter_card":"summary_large_image","twitter_misc":{"Est. reading time":"3 minutes"},"schema":{"@context":"https:\/\/schema.org","@graph":[{"@type":"WebPage","@id":"https:\/\/intl.phonak.com\/cz-cz\/predvolby-soukromi\/","url":"https:\/\/intl.phonak.com\/cz-cz\/predvolby-soukromi\/","name":"Ozn\u00e1men\u00ed o ochran\u011b soukrom\u00ed - Phonak - Czech Republic","isPartOf":{"@id":"https:\/\/intl.phonak.com\/cz-cz\/#website"},"datePublished":"2022-12-16T15:11:36+00:00","dateModified":"2026-02-03T15:34:41+00:00","breadcrumb":{"@id":"https:\/\/intl.phonak.com\/cz-cz\/predvolby-soukromi\/#breadcrumb"},"inLanguage":"cs-CZ","potentialAction":[{"@type":"ReadAction","target":["https:\/\/intl.phonak.com\/cz-cz\/predvolby-soukromi\/"]}]},{"@type":"BreadcrumbList","@id":"https:\/\/intl.phonak.com\/cz-cz\/predvolby-soukromi\/#breadcrumb","itemListElement":[{"@type":"ListItem","position":1,"name":"Home","item":"https:\/\/intl.phonak.com\/cz-cz\/"},{"@type":"ListItem","position":2,"name":"Ozn\u00e1men\u00ed o\u00a0ochran\u011b soukrom\u00ed"}]},{"@type":"WebSite","@id":"https:\/\/intl.phonak.com\/cz-cz\/#website","url":"https:\/\/intl.phonak.com\/cz-cz\/","name":"Phonak - Czech Republic","description":"Committed to changing lives","publisher":{"@id":"https:\/\/intl.phonak.com\/cz-cz\/#organization"},"potentialAction":[{"@type":"SearchAction","target":{"@type":"EntryPoint","urlTemplate":"https:\/\/intl.phonak.com\/cz-cz\/?s={search_term_string}"},"query-input":{"@type":"PropertyValueSpecification","valueRequired":true,"valueName":"search_term_string"}}],"inLanguage":"cs-CZ"},{"@type":"Organization","@id":"https:\/\/intl.phonak.com\/cz-cz\/#organization","name":"Phonak - Czech Republic","url":"https:\/\/intl.phonak.com\/cz-cz\/","logo":{"@type":"ImageObject","inLanguage":"cs-CZ","@id":"https:\/\/intl.phonak.com\/cz-cz\/#\/schema\/logo\/image\/","url":"https:\/\/intl.phonak.com\/cz-cz\/wp-content\/uploads\/sites\/63\/2025\/06\/logo-phonak.svg","contentUrl":"https:\/\/intl.phonak.com\/cz-cz\/wp-content\/uploads\/sites\/63\/2025\/06\/logo-phonak.svg","caption":"Phonak - Czech Republic"},"image":{"@id":"https:\/\/intl.phonak.com\/cz-cz\/#\/schema\/logo\/image\/"}}]}},"jetpack_sharing_enabled":true,"distributor_meta":false,"distributor_terms":false,"distributor_media":false,"distributor_original_site_name":"Phonak - Czech Republic","distributor_original_site_url":"https:\/\/intl.phonak.com\/cz-cz","push-errors":false,"_links":{"self":[{"href":"https:\/\/intl.phonak.com\/cz-cz\/wp-json\/wp\/v2\/pages\/436","targetHints":{"allow":["GET"]}}],"collection":[{"href":"https:\/\/intl.phonak.com\/cz-cz\/wp-json\/wp\/v2\/pages"}],"about":[{"href":"https:\/\/intl.phonak.com\/cz-cz\/wp-json\/wp\/v2\/types\/page"}],"author":[{"embeddable":true,"href":"https:\/\/intl.phonak.com\/cz-cz\/wp-json\/wp\/v2\/users\/4"}],"replies":[{"embeddable":true,"href":"https:\/\/intl.phonak.com\/cz-cz\/wp-json\/wp\/v2\/comments?post=436"}],"version-history":[{"count":4,"href":"https:\/\/intl.phonak.com\/cz-cz\/wp-json\/wp\/v2\/pages\/436\/revisions"}],"predecessor-version":[{"id":1515,"href":"https:\/\/intl.phonak.com\/cz-cz\/wp-json\/wp\/v2\/pages\/436\/revisions\/1515"}],"wp:attachment":[{"href":"https:\/\/intl.phonak.com\/cz-cz\/wp-json\/wp\/v2\/media?parent=436"}],"curies":[{"name":"wp","href":"https:\/\/api.w.org\/{rel}","templated":true}]}}