{"id":434,"date":"2024-05-21T15:42:49","date_gmt":"2024-05-21T15:42:49","guid":{"rendered":"https:\/\/intl.phonak.com\/cz-cz\/terms-of-use\/"},"modified":"2026-02-03T15:28:29","modified_gmt":"2026-02-03T15:28:29","slug":"podminky-pouziti","status":"publish","type":"page","link":"https:\/\/intl.phonak.com\/cz-cz\/podminky-pouziti\/","title":{"rendered":"Podm\u00ednky pou\u017e\u00edv\u00e1n\u00ed"},"content":{"rendered":" <h2 class=\"wp-block-heading\">Podm\u00ednky pou\u017e\u00edv\u00e1n\u00ed<\/h2>   <p><strong>I. P\u0159ijmut\u00ed<\/strong> Tyto internetov\u00e9 str\u00e1nky vlastn\u00ed a\u00a0provozuje spole\u010dnost Sonova AG. P\u0159\u00edstupem na tyto str\u00e1nky a\u00a0jejich prohl\u00ed\u017een\u00edm p\u0159ij\u00edm\u00e1te tyto podm\u00ednky.<\/p>   <p><strong>II. Prohl\u00e1\u0161en\u00ed o\u00a0vylou\u010den\u00ed z\u00e1ruk<\/strong> Vynalo\u017eili jsme a\u00a0nad\u00e1le budeme vynakl\u00e1dat ve\u0161ker\u00e9 \u00fasil\u00ed na poskytov\u00e1n\u00ed p\u0159esn\u00fdch a\u00a0aktu\u00e1ln\u00edch informac\u00ed. Neposkytujeme v\u0161ak \u017e\u00e1dnou z\u00e1ruku ani prohl\u00e1\u0161en\u00ed, v\u00fdslovn\u00e9 ani implicitn\u00ed, \u017ee informace zde obsa\u017een\u00e9 nebo uveden\u00e9 jsou p\u0159esn\u00e9 nebo \u00fapln\u00e9. Spole\u010dnost Sonova nenese \u017e\u00e1dnou odpov\u011bdnost za p\u0159\u00edm\u00e9, nep\u0159\u00edm\u00e9, n\u00e1hodn\u00e9, n\u00e1sledn\u00e9 ani represivn\u00ed \u0161kody, kter\u00e9 by mohly vzniknout v\u00a0d\u016fsledku pou\u017eit\u00ed, p\u0159\u00edstupu nebo nemo\u017enosti pou\u017e\u00edt tyto informace. Spole\u010dnost Sonova nenese odpov\u011bdnost za p\u0159\u00edpadn\u00e9 chyby nebo opomenut\u00ed v\u00a0obsahu tohoto dokumentu. To plat\u00ed zejm\u00e9na pro jak\u00e9koli odkazy na produkty a\u00a0slu\u017eby dod\u00e1van\u00e9 spole\u010dnost\u00ed Sonova AG. Informace na t\u011bchto internetov\u00fdch str\u00e1nk\u00e1ch mohou obsahovat technick\u00e9 nep\u0159esnosti nebo typografick\u00e9 chyby. Spole\u010dnost Sonova m\u016f\u017ee tak\u00e9 kdykoli bez p\u0159edchoz\u00edho upozorn\u011bn\u00ed prov\u00e1d\u011bt vylep\u0161en\u00ed a\/nebo zm\u011bny produkt\u016f a\/nebo program\u016f popsan\u00fdch v\u00a0t\u011bchto informac\u00edch a\u00a0nebude \u017e\u00e1dn\u00fdm zp\u016fsobem odpov\u011bdn\u00e1 za mo\u017en\u00e9 d\u016fsledky takov\u00fdch zm\u011bn.<\/p>   <p>Informace, kter\u00e9 spole\u010dnost Sonova zve\u0159ej\u0148uje na internetu, mohou obsahovat odkazy nebo k\u0159\u00ed\u017eov\u00e9 odkazy na produkty, programy a\u00a0slu\u017eby spole\u010dnosti Sonova, ilustrovan\u00e9 nebo popsan\u00e9, kter\u00e9 nejsou ozn\u00e1meny nebo dostupn\u00e9 ve va\u0161\u00ed zemi. Takov\u00e9 odkazy neznamenaj\u00ed, \u017ee spole\u010dnost Sonova m\u00e1 v\u00a0\u00famyslu uv\u00e9st takov\u00e9 produkty, programy nebo slu\u017eby ve va\u0161\u00ed zemi. Dal\u0161\u00ed informace lze z\u00edskat od m\u00edstn\u00edho distributora spole\u010dnosti Sonova.<\/p>   <p>M\u011bli byste p\u0159ijmout opat\u0159en\u00ed k\u00a0zaji\u0161t\u011bn\u00ed toho, \u017ee software nebo data, kter\u00e1 si vyberete k\u00a0pou\u017eit\u00ed, neobsahuj\u00ed viry, trojsk\u00e9 kon\u011b a\u00a0jin\u00e9 destruktivn\u00ed prvky. Spole\u010dnost Sonova v\u00a0\u017e\u00e1dn\u00e9m p\u0159\u00edpad\u011b nenese odpov\u011bdnost v\u016f\u010di \u017e\u00e1dn\u00e9 stran\u011b za jak\u00e9koli p\u0159\u00edm\u00e9, nep\u0159\u00edm\u00e9, zvl\u00e1\u0161tn\u00ed nebo jin\u00e9 n\u00e1sledn\u00e9 \u0161kody zp\u016fsoben\u00e9 jak\u00fdmkoli pou\u017eit\u00edm t\u00e9to internetov\u00e9 str\u00e1nky, mimo jin\u00e9 v\u010detn\u011b jak\u00e9hokoli u\u0161l\u00e9ho zisku, p\u0159eru\u0161en\u00ed podnik\u00e1n\u00ed, ztr\u00e1ty program\u016f nebo jin\u00fdch dat ve va\u0161em syst\u00e9mu pro zpracov\u00e1n\u00ed informac\u00ed nebo jinak, a\u00a0to i\u00a0v\u00a0p\u0159\u00edpad\u011b, \u017ee jsme v\u00fdslovn\u011b upozornili na mo\u017enost takov\u00fdch \u0161kod.<\/p>   <p><strong>III. Odkazy<\/strong> Obsah t\u0159et\u00edch stran se m\u016f\u017ee objevit na t\u011bchto internetov\u00fdch str\u00e1nk\u00e1ch nebo m\u016f\u017ee b\u00fdt z\u00a0nich p\u0159\u00edstupn\u00fd. Spole\u010dnost Sonova nenese odpov\u011bdnost a\u00a0nep\u0159eb\u00edr\u00e1 \u017e\u00e1dnou odpov\u011bdnost za jak\u00fdkoli obsah t\u0159et\u00edch stran. Krom\u011b toho mohou tyto internetov\u00e9 str\u00e1nky obsahovat odkazy nebo reference na jin\u00e9 internetov\u00e9 str\u00e1nky, kter\u00e9 nejsou spojeny se spole\u010dnost\u00ed Sonova; spole\u010dnost Sonova v\u0161ak nenese odpov\u011bdnost za obsah t\u011bchto jin\u00fdch str\u00e1nek a\u00a0nenese odpov\u011bdnost za \u017e\u00e1dn\u00e9 \u0161kody nebo zran\u011bn\u00ed vypl\u00fdvaj\u00edc\u00ed z\u00a0p\u0159\u00edstupu u\u017eivatel\u016f na tyto str\u00e1nky. Odkazy na jin\u00e9 str\u00e1nky jsou poskytov\u00e1ny pouze pro komfort u\u017eivatel\u016f na\u0161ich internetov\u00fdch str\u00e1nek.<\/p>   <p><strong>IV. Autorsk\u00e1 pr\u00e1va<\/strong> Ve\u0161ker\u00fd obsah t\u011bchto internetov\u00fdch str\u00e1nek Sonova podl\u00e9h\u00e1 autorsk\u00fdm pr\u00e1v\u016fm se v\u0161emi vyhrazen\u00fdmi pr\u00e1vy. Str\u00e1nky si m\u016f\u017eete voln\u011b prohl\u00ed\u017eet, ale m\u016f\u017eete k\u00a0nim p\u0159istupovat, stahovat je nebo pou\u017e\u00edvat pouze informace z\u00a0nich v\u010detn\u011b textu, obr\u00e1zk\u016f, audia a\u00a0videa (d\u00e1le jen \u201eInformace\u201c) pro sv\u00e9 vlastn\u00ed nekomer\u010dn\u00ed pou\u017eit\u00ed. Informace nesm\u00edte distribuovat, upravovat, p\u0159en\u00e1\u0161et, znovu pou\u017e\u00edvat, p\u0159epos\u00edlat nebo pou\u017e\u00edvat pro komer\u010dn\u00ed \u00fa\u010dely bez p\u00edsemn\u00e9ho souhlasu spole\u010dnosti Sonova AG. Mus\u00edte zachovat a\u00a0reprodukovat ka\u017edou jednotlivou zm\u00ednku o\u00a0autorsk\u00fdch pr\u00e1vech nebo jinou zm\u00ednku o\u00a0vlastnick\u00fdch pr\u00e1vech obsa\u017eenou ve v\u0161ech sta\u017een\u00fdch informac\u00edch.<\/p>   <p>M\u011bli byste p\u0159edpokl\u00e1dat, \u017ee v\u0161e, co vid\u00edte nebo \u010dtete na t\u011bchto str\u00e1nk\u00e1ch, je chr\u00e1n\u011bno autorsk\u00fdmi pr\u00e1vy, pokud nen\u00ed uvedeno jinak, a\u00a0nesm\u00ed b\u00fdt pou\u017eito jinak, ne\u017e jak je uvedeno v\u00a0t\u011bchto podm\u00ednk\u00e1ch nebo v\u00a0textu na str\u00e1nk\u00e1ch bez p\u00edsemn\u00e9ho souhlasu spole\u010dnosti Sonova AG.<\/p>   <p><strong>V. Ochrann\u00e9 zn\u00e1mky<\/strong> M\u011bli byste p\u0159edpokl\u00e1dat, \u017ee v\u0161echny n\u00e1zvy produkt\u016f uveden\u00e9 na t\u011bchto str\u00e1nk\u00e1ch, a\u0165 u\u017e jsou uvedeny velk\u00fdm p\u00edsmem, kurz\u00edvou nebo se symbolem ochrann\u00e9 zn\u00e1mky, jsou ochrann\u00fdmi zn\u00e1mkami spole\u010dnosti Sonova AG nebo jin\u00fdch stran. \u017d\u00e1dn\u00e1 licence ani pr\u00e1vo k\u00a0t\u011bmto ochrann\u00fdm zn\u00e1mk\u00e1m v\u00e1m nen\u00ed ud\u011bleno ani prop\u016fj\u010deno.<\/p>   <p><strong>VI. Revize<\/strong> Spole\u010dnost Sonova AG m\u016f\u017ee tyto smluvn\u00ed podm\u00ednky kdykoli revidovat aktualizac\u00ed tohoto ozn\u00e1men\u00ed. M\u011bli byste p\u0159ijmout opat\u0159en\u00ed, kter\u00e1 zajist\u00ed, \u017ee software nebo data, je\u017e pou\u017e\u00edv\u00e1te, neobsahuj\u00ed viry, trojsk\u00e9 kon\u011b a\u00a0jin\u00e9 \u0161kodliv\u00e9 prvky.<\/p>   <p>Datum \u00fa\u010dinnosti: 05\/07\/2015<\/p>   <p>Datum posledn\u00ed aktualizace: 05\/07\/2015<\/p> ","protected":false},"excerpt":{"rendered":"<p>Podm\u00ednky pou\u017e\u00edv\u00e1n\u00ed I. P\u0159ijmut\u00ed Tyto internetov\u00e9 str\u00e1nky vlastn\u00ed a\u00a0provozuje spole\u010dnost Sonova AG. P\u0159\u00edstupem na tyto str\u00e1nky a\u00a0jejich prohl\u00ed\u017een\u00edm p\u0159ij\u00edm\u00e1te tyto&#8230;<\/p>\n","protected":false},"author":42,"featured_media":0,"parent":0,"menu_order":0,"comment_status":"closed","ping_status":"closed","template":"","meta":{"_acf_changed":false,"inline_featured_image":false,"footnotes":""},"class_list":["post-434","page","type-page","status-publish","hentry"],"acf":[],"yoast_head":"<!-- This site is optimized with the Yoast SEO plugin v26.9 - https:\/\/yoast.com\/product\/yoast-seo-wordpress\/ -->\n<title>Podm\u00ednky pou\u017e\u00edv\u00e1n\u00ed - Phonak - Czech Republic<\/title>\n<meta name=\"robots\" content=\"index, follow, max-snippet:-1, max-image-preview:large, max-video-preview:-1\" \/>\n<link rel=\"canonical\" href=\"https:\/\/intl.phonak.com\/main-english\/terms-of-use\/\" \/>\n<meta property=\"og:locale\" content=\"cs_CZ\" \/>\n<meta property=\"og:type\" content=\"article\" \/>\n<meta property=\"og:title\" content=\"Podm\u00ednky pou\u017e\u00edv\u00e1n\u00ed - Phonak - Czech Republic\" \/>\n<meta property=\"og:description\" content=\"Podm\u00ednky pou\u017e\u00edv\u00e1n\u00ed I. P\u0159ijmut\u00ed Tyto internetov\u00e9 str\u00e1nky vlastn\u00ed a\u00a0provozuje spole\u010dnost Sonova AG. P\u0159\u00edstupem na tyto str\u00e1nky a\u00a0jejich prohl\u00ed\u017een\u00edm p\u0159ij\u00edm\u00e1te tyto...\" \/>\n<meta property=\"og:url\" content=\"https:\/\/intl.phonak.com\/cz-cz\/podminky-pouziti\/\" \/>\n<meta property=\"og:site_name\" content=\"Phonak - Czech Republic\" \/>\n<meta property=\"article:modified_time\" content=\"2026-02-03T15:28:29+00:00\" \/>\n<meta name=\"twitter:card\" content=\"summary_large_image\" \/>\n<meta name=\"twitter:label1\" content=\"Est. reading time\" \/>\n\t<meta name=\"twitter:data1\" content=\"4 minutes\" \/>\n<script type=\"application\/ld+json\" class=\"yoast-schema-graph\">{\"@context\":\"https:\/\/schema.org\",\"@graph\":[{\"@type\":\"WebPage\",\"@id\":\"https:\/\/intl.phonak.com\/cz-cz\/podminky-pouziti\/\",\"url\":\"https:\/\/intl.phonak.com\/cz-cz\/podminky-pouziti\/\",\"name\":\"Podm\u00ednky pou\u017e\u00edv\u00e1n\u00ed - Phonak - Czech Republic\",\"isPartOf\":{\"@id\":\"https:\/\/intl.phonak.com\/cz-cz\/#website\"},\"datePublished\":\"2024-05-21T15:42:49+00:00\",\"dateModified\":\"2026-02-03T15:28:29+00:00\",\"breadcrumb\":{\"@id\":\"https:\/\/intl.phonak.com\/cz-cz\/podminky-pouziti\/#breadcrumb\"},\"inLanguage\":\"cs-CZ\",\"potentialAction\":[{\"@type\":\"ReadAction\",\"target\":[\"https:\/\/intl.phonak.com\/cz-cz\/podminky-pouziti\/\"]}]},{\"@type\":\"BreadcrumbList\",\"@id\":\"https:\/\/intl.phonak.com\/cz-cz\/podminky-pouziti\/#breadcrumb\",\"itemListElement\":[{\"@type\":\"ListItem\",\"position\":1,\"name\":\"Home\",\"item\":\"https:\/\/intl.phonak.com\/cz-cz\/\"},{\"@type\":\"ListItem\",\"position\":2,\"name\":\"Podm\u00ednky pou\u017e\u00edv\u00e1n\u00ed\"}]},{\"@type\":\"WebSite\",\"@id\":\"https:\/\/intl.phonak.com\/cz-cz\/#website\",\"url\":\"https:\/\/intl.phonak.com\/cz-cz\/\",\"name\":\"Phonak - Czech Republic\",\"description\":\"Committed to changing lives\",\"publisher\":{\"@id\":\"https:\/\/intl.phonak.com\/cz-cz\/#organization\"},\"potentialAction\":[{\"@type\":\"SearchAction\",\"target\":{\"@type\":\"EntryPoint\",\"urlTemplate\":\"https:\/\/intl.phonak.com\/cz-cz\/?s={search_term_string}\"},\"query-input\":{\"@type\":\"PropertyValueSpecification\",\"valueRequired\":true,\"valueName\":\"search_term_string\"}}],\"inLanguage\":\"cs-CZ\"},{\"@type\":\"Organization\",\"@id\":\"https:\/\/intl.phonak.com\/cz-cz\/#organization\",\"name\":\"Phonak - Czech Republic\",\"url\":\"https:\/\/intl.phonak.com\/cz-cz\/\",\"logo\":{\"@type\":\"ImageObject\",\"inLanguage\":\"cs-CZ\",\"@id\":\"https:\/\/intl.phonak.com\/cz-cz\/#\/schema\/logo\/image\/\",\"url\":\"https:\/\/intl.phonak.com\/cz-cz\/wp-content\/uploads\/sites\/63\/2025\/06\/logo-phonak.svg\",\"contentUrl\":\"https:\/\/intl.phonak.com\/cz-cz\/wp-content\/uploads\/sites\/63\/2025\/06\/logo-phonak.svg\",\"caption\":\"Phonak - Czech Republic\"},\"image\":{\"@id\":\"https:\/\/intl.phonak.com\/cz-cz\/#\/schema\/logo\/image\/\"}}]}<\/script>\n<!-- \/ Yoast SEO plugin. -->","yoast_head_json":{"title":"Podm\u00ednky pou\u017e\u00edv\u00e1n\u00ed - Phonak - Czech Republic","robots":{"index":"index","follow":"follow","max-snippet":"max-snippet:-1","max-image-preview":"max-image-preview:large","max-video-preview":"max-video-preview:-1"},"canonical":"https:\/\/intl.phonak.com\/main-english\/terms-of-use\/","og_locale":"cs_CZ","og_type":"article","og_title":"Podm\u00ednky pou\u017e\u00edv\u00e1n\u00ed - Phonak - Czech Republic","og_description":"Podm\u00ednky pou\u017e\u00edv\u00e1n\u00ed I. P\u0159ijmut\u00ed Tyto internetov\u00e9 str\u00e1nky vlastn\u00ed a\u00a0provozuje spole\u010dnost Sonova AG. P\u0159\u00edstupem na tyto str\u00e1nky a\u00a0jejich prohl\u00ed\u017een\u00edm p\u0159ij\u00edm\u00e1te tyto...","og_url":"https:\/\/intl.phonak.com\/cz-cz\/podminky-pouziti\/","og_site_name":"Phonak - Czech Republic","article_modified_time":"2026-02-03T15:28:29+00:00","twitter_card":"summary_large_image","twitter_misc":{"Est. reading time":"4 minutes"},"schema":{"@context":"https:\/\/schema.org","@graph":[{"@type":"WebPage","@id":"https:\/\/intl.phonak.com\/cz-cz\/podminky-pouziti\/","url":"https:\/\/intl.phonak.com\/cz-cz\/podminky-pouziti\/","name":"Podm\u00ednky pou\u017e\u00edv\u00e1n\u00ed - Phonak - Czech Republic","isPartOf":{"@id":"https:\/\/intl.phonak.com\/cz-cz\/#website"},"datePublished":"2024-05-21T15:42:49+00:00","dateModified":"2026-02-03T15:28:29+00:00","breadcrumb":{"@id":"https:\/\/intl.phonak.com\/cz-cz\/podminky-pouziti\/#breadcrumb"},"inLanguage":"cs-CZ","potentialAction":[{"@type":"ReadAction","target":["https:\/\/intl.phonak.com\/cz-cz\/podminky-pouziti\/"]}]},{"@type":"BreadcrumbList","@id":"https:\/\/intl.phonak.com\/cz-cz\/podminky-pouziti\/#breadcrumb","itemListElement":[{"@type":"ListItem","position":1,"name":"Home","item":"https:\/\/intl.phonak.com\/cz-cz\/"},{"@type":"ListItem","position":2,"name":"Podm\u00ednky pou\u017e\u00edv\u00e1n\u00ed"}]},{"@type":"WebSite","@id":"https:\/\/intl.phonak.com\/cz-cz\/#website","url":"https:\/\/intl.phonak.com\/cz-cz\/","name":"Phonak - Czech Republic","description":"Committed to changing lives","publisher":{"@id":"https:\/\/intl.phonak.com\/cz-cz\/#organization"},"potentialAction":[{"@type":"SearchAction","target":{"@type":"EntryPoint","urlTemplate":"https:\/\/intl.phonak.com\/cz-cz\/?s={search_term_string}"},"query-input":{"@type":"PropertyValueSpecification","valueRequired":true,"valueName":"search_term_string"}}],"inLanguage":"cs-CZ"},{"@type":"Organization","@id":"https:\/\/intl.phonak.com\/cz-cz\/#organization","name":"Phonak - Czech Republic","url":"https:\/\/intl.phonak.com\/cz-cz\/","logo":{"@type":"ImageObject","inLanguage":"cs-CZ","@id":"https:\/\/intl.phonak.com\/cz-cz\/#\/schema\/logo\/image\/","url":"https:\/\/intl.phonak.com\/cz-cz\/wp-content\/uploads\/sites\/63\/2025\/06\/logo-phonak.svg","contentUrl":"https:\/\/intl.phonak.com\/cz-cz\/wp-content\/uploads\/sites\/63\/2025\/06\/logo-phonak.svg","caption":"Phonak - Czech Republic"},"image":{"@id":"https:\/\/intl.phonak.com\/cz-cz\/#\/schema\/logo\/image\/"}}]}},"jetpack_sharing_enabled":true,"distributor_meta":false,"distributor_terms":false,"distributor_media":false,"distributor_original_site_name":"Phonak - Czech Republic","distributor_original_site_url":"https:\/\/intl.phonak.com\/cz-cz","push-errors":false,"_links":{"self":[{"href":"https:\/\/intl.phonak.com\/cz-cz\/wp-json\/wp\/v2\/pages\/434","targetHints":{"allow":["GET"]}}],"collection":[{"href":"https:\/\/intl.phonak.com\/cz-cz\/wp-json\/wp\/v2\/pages"}],"about":[{"href":"https:\/\/intl.phonak.com\/cz-cz\/wp-json\/wp\/v2\/types\/page"}],"author":[{"embeddable":true,"href":"https:\/\/intl.phonak.com\/cz-cz\/wp-json\/wp\/v2\/users\/42"}],"replies":[{"embeddable":true,"href":"https:\/\/intl.phonak.com\/cz-cz\/wp-json\/wp\/v2\/comments?post=434"}],"version-history":[{"count":3,"href":"https:\/\/intl.phonak.com\/cz-cz\/wp-json\/wp\/v2\/pages\/434\/revisions"}],"predecessor-version":[{"id":1511,"href":"https:\/\/intl.phonak.com\/cz-cz\/wp-json\/wp\/v2\/pages\/434\/revisions\/1511"}],"wp:attachment":[{"href":"https:\/\/intl.phonak.com\/cz-cz\/wp-json\/wp\/v2\/media?parent=434"}],"curies":[{"name":"wp","href":"https:\/\/api.w.org\/{rel}","templated":true}]}}