{"id":1309,"date":"2025-11-03T11:44:22","date_gmt":"2025-11-03T11:44:22","guid":{"rendered":"https:\/\/intl.phonak.com\/cz-cz\/?page_id=1309"},"modified":"2025-11-03T11:52:17","modified_gmt":"2025-11-03T11:52:17","slug":"novinky","status":"publish","type":"page","link":"https:\/\/intl.phonak.com\/cz-cz\/novinky\/","title":{"rendered":"Novinky"},"content":{"rendered":"\n<p><\/p>\n\n\n\n<p>Chceme zn\u00e1t v\u00e1\u0161 n\u00e1zor a\u00a0chceme, abyste znali n\u00e1\u0161. Jako l\u00eddr v\u00a0oblasti inovac\u00ed a\u00a0technologi\u00ed je spole\u010dnost Phonak zast\u00e1ncem proaktivn\u00ed, transparentn\u00ed a\u00a0v\u010dasn\u00e9 komunikace.<\/p>\n\n\n\n<p><\/p>\n\n\n\n<p>V\u00a0p\u0159\u00edpad\u011b jak\u00fdchkoli dotaz\u016f m\u00e9di\u00ed n\u00e1s nev\u00e1hejte kontaktovat:<br>Vztahy s\u00a0m\u00e9dii<br>Telefon: +41 58 928 01 01<br>E-mail: <a href=\"mediarelations@phonak.com\">mediarelations@phonak.com<\/a><br>Phonak AG Media Relations<br>Laubisr\u00fctistrasse 28<br>CH-8712 St\u00e4fa<br>\u0160v\u00fdcarsko<\/p>\n","protected":false},"excerpt":{"rendered":"<p>Chceme zn\u00e1t v\u00e1\u0161 n\u00e1zor a\u00a0chceme, abyste znali n\u00e1\u0161. Jako l\u00eddr v\u00a0oblasti inovac\u00ed a\u00a0technologi\u00ed je spole\u010dnost Phonak zast\u00e1ncem proaktivn\u00ed, transparentn\u00ed a\u00a0v\u010dasn\u00e9&#8230;<\/p>\n","protected":false},"author":14,"featured_media":0,"parent":0,"menu_order":0,"comment_status":"closed","ping_status":"closed","template":"","meta":{"_acf_changed":false,"inline_featured_image":false,"footnotes":""},"class_list":["post-1309","page","type-page","status-publish","hentry"],"acf":[],"yoast_head":"<!-- This site is optimized with the Yoast SEO plugin v26.9 - https:\/\/yoast.com\/product\/yoast-seo-wordpress\/ -->\n<title>Novinky - Phonak - Czech Republic<\/title>\n<meta name=\"robots\" content=\"index, follow, max-snippet:-1, max-image-preview:large, max-video-preview:-1\" \/>\n<link rel=\"canonical\" href=\"https:\/\/intl.phonak.com\/cz-cz\/novinky\/\" \/>\n<meta property=\"og:locale\" content=\"cs_CZ\" \/>\n<meta property=\"og:type\" content=\"article\" \/>\n<meta property=\"og:title\" content=\"Novinky - Phonak - Czech Republic\" \/>\n<meta property=\"og:description\" content=\"Chceme zn\u00e1t v\u00e1\u0161 n\u00e1zor a\u00a0chceme, abyste znali n\u00e1\u0161. Jako l\u00eddr v\u00a0oblasti inovac\u00ed a\u00a0technologi\u00ed je spole\u010dnost Phonak zast\u00e1ncem proaktivn\u00ed, transparentn\u00ed a\u00a0v\u010dasn\u00e9...\" \/>\n<meta property=\"og:url\" content=\"https:\/\/intl.phonak.com\/cz-cz\/novinky\/\" \/>\n<meta property=\"og:site_name\" content=\"Phonak - Czech Republic\" \/>\n<meta property=\"article:modified_time\" content=\"2025-11-03T11:52:17+00:00\" \/>\n<meta name=\"twitter:card\" content=\"summary_large_image\" \/>\n<meta name=\"twitter:label1\" content=\"Est. reading time\" \/>\n\t<meta name=\"twitter:data1\" content=\"1 minute\" \/>\n<script type=\"application\/ld+json\" class=\"yoast-schema-graph\">{\"@context\":\"https:\/\/schema.org\",\"@graph\":[{\"@type\":\"WebPage\",\"@id\":\"https:\/\/intl.phonak.com\/cz-cz\/novinky\/\",\"url\":\"https:\/\/intl.phonak.com\/cz-cz\/novinky\/\",\"name\":\"Novinky - Phonak - Czech Republic\",\"isPartOf\":{\"@id\":\"https:\/\/intl.phonak.com\/cz-cz\/#website\"},\"datePublished\":\"2025-11-03T11:44:22+00:00\",\"dateModified\":\"2025-11-03T11:52:17+00:00\",\"breadcrumb\":{\"@id\":\"https:\/\/intl.phonak.com\/cz-cz\/novinky\/#breadcrumb\"},\"inLanguage\":\"cs-CZ\",\"potentialAction\":[{\"@type\":\"ReadAction\",\"target\":[\"https:\/\/intl.phonak.com\/cz-cz\/novinky\/\"]}]},{\"@type\":\"BreadcrumbList\",\"@id\":\"https:\/\/intl.phonak.com\/cz-cz\/novinky\/#breadcrumb\",\"itemListElement\":[{\"@type\":\"ListItem\",\"position\":1,\"name\":\"Home\",\"item\":\"https:\/\/intl.phonak.com\/cz-cz\/\"},{\"@type\":\"ListItem\",\"position\":2,\"name\":\"Novinky\"}]},{\"@type\":\"WebSite\",\"@id\":\"https:\/\/intl.phonak.com\/cz-cz\/#website\",\"url\":\"https:\/\/intl.phonak.com\/cz-cz\/\",\"name\":\"Phonak - Czech Republic\",\"description\":\"Committed to changing lives\",\"publisher\":{\"@id\":\"https:\/\/intl.phonak.com\/cz-cz\/#organization\"},\"potentialAction\":[{\"@type\":\"SearchAction\",\"target\":{\"@type\":\"EntryPoint\",\"urlTemplate\":\"https:\/\/intl.phonak.com\/cz-cz\/?s={search_term_string}\"},\"query-input\":{\"@type\":\"PropertyValueSpecification\",\"valueRequired\":true,\"valueName\":\"search_term_string\"}}],\"inLanguage\":\"cs-CZ\"},{\"@type\":\"Organization\",\"@id\":\"https:\/\/intl.phonak.com\/cz-cz\/#organization\",\"name\":\"Phonak - Czech Republic\",\"url\":\"https:\/\/intl.phonak.com\/cz-cz\/\",\"logo\":{\"@type\":\"ImageObject\",\"inLanguage\":\"cs-CZ\",\"@id\":\"https:\/\/intl.phonak.com\/cz-cz\/#\/schema\/logo\/image\/\",\"url\":\"https:\/\/intl.phonak.com\/cz-cz\/wp-content\/uploads\/sites\/63\/2025\/06\/logo-phonak.svg\",\"contentUrl\":\"https:\/\/intl.phonak.com\/cz-cz\/wp-content\/uploads\/sites\/63\/2025\/06\/logo-phonak.svg\",\"caption\":\"Phonak - Czech Republic\"},\"image\":{\"@id\":\"https:\/\/intl.phonak.com\/cz-cz\/#\/schema\/logo\/image\/\"}}]}<\/script>\n<!-- \/ Yoast SEO plugin. -->","yoast_head_json":{"title":"Novinky - Phonak - Czech Republic","robots":{"index":"index","follow":"follow","max-snippet":"max-snippet:-1","max-image-preview":"max-image-preview:large","max-video-preview":"max-video-preview:-1"},"canonical":"https:\/\/intl.phonak.com\/cz-cz\/novinky\/","og_locale":"cs_CZ","og_type":"article","og_title":"Novinky - Phonak - Czech Republic","og_description":"Chceme zn\u00e1t v\u00e1\u0161 n\u00e1zor a\u00a0chceme, abyste znali n\u00e1\u0161. Jako l\u00eddr v\u00a0oblasti inovac\u00ed a\u00a0technologi\u00ed je spole\u010dnost Phonak zast\u00e1ncem proaktivn\u00ed, transparentn\u00ed a\u00a0v\u010dasn\u00e9...","og_url":"https:\/\/intl.phonak.com\/cz-cz\/novinky\/","og_site_name":"Phonak - Czech Republic","article_modified_time":"2025-11-03T11:52:17+00:00","twitter_card":"summary_large_image","twitter_misc":{"Est. reading time":"1 minute"},"schema":{"@context":"https:\/\/schema.org","@graph":[{"@type":"WebPage","@id":"https:\/\/intl.phonak.com\/cz-cz\/novinky\/","url":"https:\/\/intl.phonak.com\/cz-cz\/novinky\/","name":"Novinky - Phonak - Czech Republic","isPartOf":{"@id":"https:\/\/intl.phonak.com\/cz-cz\/#website"},"datePublished":"2025-11-03T11:44:22+00:00","dateModified":"2025-11-03T11:52:17+00:00","breadcrumb":{"@id":"https:\/\/intl.phonak.com\/cz-cz\/novinky\/#breadcrumb"},"inLanguage":"cs-CZ","potentialAction":[{"@type":"ReadAction","target":["https:\/\/intl.phonak.com\/cz-cz\/novinky\/"]}]},{"@type":"BreadcrumbList","@id":"https:\/\/intl.phonak.com\/cz-cz\/novinky\/#breadcrumb","itemListElement":[{"@type":"ListItem","position":1,"name":"Home","item":"https:\/\/intl.phonak.com\/cz-cz\/"},{"@type":"ListItem","position":2,"name":"Novinky"}]},{"@type":"WebSite","@id":"https:\/\/intl.phonak.com\/cz-cz\/#website","url":"https:\/\/intl.phonak.com\/cz-cz\/","name":"Phonak - Czech Republic","description":"Committed to changing lives","publisher":{"@id":"https:\/\/intl.phonak.com\/cz-cz\/#organization"},"potentialAction":[{"@type":"SearchAction","target":{"@type":"EntryPoint","urlTemplate":"https:\/\/intl.phonak.com\/cz-cz\/?s={search_term_string}"},"query-input":{"@type":"PropertyValueSpecification","valueRequired":true,"valueName":"search_term_string"}}],"inLanguage":"cs-CZ"},{"@type":"Organization","@id":"https:\/\/intl.phonak.com\/cz-cz\/#organization","name":"Phonak - Czech Republic","url":"https:\/\/intl.phonak.com\/cz-cz\/","logo":{"@type":"ImageObject","inLanguage":"cs-CZ","@id":"https:\/\/intl.phonak.com\/cz-cz\/#\/schema\/logo\/image\/","url":"https:\/\/intl.phonak.com\/cz-cz\/wp-content\/uploads\/sites\/63\/2025\/06\/logo-phonak.svg","contentUrl":"https:\/\/intl.phonak.com\/cz-cz\/wp-content\/uploads\/sites\/63\/2025\/06\/logo-phonak.svg","caption":"Phonak - Czech Republic"},"image":{"@id":"https:\/\/intl.phonak.com\/cz-cz\/#\/schema\/logo\/image\/"}}]}},"jetpack_sharing_enabled":true,"distributor_meta":false,"distributor_terms":false,"distributor_media":false,"distributor_original_site_name":"Phonak - Czech Republic","distributor_original_site_url":"https:\/\/intl.phonak.com\/cz-cz","push-errors":false,"_links":{"self":[{"href":"https:\/\/intl.phonak.com\/cz-cz\/wp-json\/wp\/v2\/pages\/1309","targetHints":{"allow":["GET"]}}],"collection":[{"href":"https:\/\/intl.phonak.com\/cz-cz\/wp-json\/wp\/v2\/pages"}],"about":[{"href":"https:\/\/intl.phonak.com\/cz-cz\/wp-json\/wp\/v2\/types\/page"}],"author":[{"embeddable":true,"href":"https:\/\/intl.phonak.com\/cz-cz\/wp-json\/wp\/v2\/users\/14"}],"replies":[{"embeddable":true,"href":"https:\/\/intl.phonak.com\/cz-cz\/wp-json\/wp\/v2\/comments?post=1309"}],"version-history":[{"count":3,"href":"https:\/\/intl.phonak.com\/cz-cz\/wp-json\/wp\/v2\/pages\/1309\/revisions"}],"predecessor-version":[{"id":1314,"href":"https:\/\/intl.phonak.com\/cz-cz\/wp-json\/wp\/v2\/pages\/1309\/revisions\/1314"}],"wp:attachment":[{"href":"https:\/\/intl.phonak.com\/cz-cz\/wp-json\/wp\/v2\/media?parent=1309"}],"curies":[{"name":"wp","href":"https:\/\/api.w.org\/{rel}","templated":true}]}}