{"id":401,"date":"2021-11-17T17:36:12","date_gmt":"2021-11-17T17:36:12","guid":{"rendered":"https:\/\/intl.phonak.com\/bs-ba\/accessories\/"},"modified":"2025-11-18T07:29:07","modified_gmt":"2025-11-18T07:29:07","slug":"dodaci","status":"publish","type":"page","link":"https:\/\/intl.phonak.com\/bs-ba\/rjesenja\/dodaci\/","title":{"rendered":"Dodaci"},"content":{"rendered":"\n<div class=\"wp-block-cover alignfull is-light\"><span aria-hidden=\"true\" class=\"wp-block-cover__background has-white-background-color has-background-dim\"><\/span><img decoding=\"async\" class=\"wp-block-cover__image-background wp-image-4764\" alt=\"\" src=\"https:\/\/intl.phonak.com\/bs-ba\/wp-content\/uploads\/sites\/3\/2022\/02\/Banner-accessories.jpg\" style=\"object-position:48% 21%\" data-object-fit=\"cover\" data-object-position=\"48% 21%\"\/><div class=\"wp-block-cover__inner-container is-layout-flow wp-block-cover-is-layout-flow\">\n<h1 class=\"wp-block-heading has-text-align-center has-dark-grey-color has-text-color\" id=\"boosting-performance\">Pove\u0107anje performansi<\/h1>   \n<p class=\"has-text-align-center has-dark-grey-color has-text-color has-lead-font-size\">Iskoristite maksimum iz va\u0161ih slu\u0161nih pomagala i ostanite povezani<\/p>\n<\/div><\/div>   \n<div class=\"wp-block-group is-style-align-small is-layout-flow wp-block-group-is-layout-flow\" style=\"padding-top:0px\">\n<h2 class=\"wp-block-heading has-text-align-center\" id=\"better-communication-with-wireless-accessories\">Bolja komunikacija s be\u017ei\u010dnim dodacima<\/h2>   \n<p class=\"has-text-align-center\">Phonak be\u017ei\u010dni dodaci su korisni dodaci koji se povezuju s va\u0161im slu\u0161nim aparatima kako bi vam pomogli da bolje \u010dujete u izazovnim situacijama. Bolje \u010dujte u buci ili na daljinu, tokom telefonskih poziva, u razredu i kada slu\u0161ate TV i multimediju. Ili jednostavno pristupite postavkama va\u0161eg slu\u0161nog aparata pomo\u0107u Phonak daljinskog upravlja\u010da.<\/p>\n<\/div>   \n<div\n\tclass=\"wp-block-phonak-products is-forntend alignwide\"\n\tdata-attributes=\"{&quot;categories&quot;:&quot;21&quot;,&quot;defaultPlatforms&quot;:[],&quot;align&quot;:&quot;wide&quot;,&quot;perPage&quot;:10,&quot;showPagination&quot;:true,&quot;showFilter&quot;:true,&quot;enabledFilters&quot;:[&quot;platforms&quot;,&quot;categories&quot;,&quot;productTypes&quot;],&quot;defaultCategories&quot;:[],&quot;defaultProductTypes&quot;:[]}\"\n\tdata-locale=\"bs_BS\">\n<\/div>\n\n\n\n<div class=\"wp-block-media-text is-stacked-on-mobile cta-block\" style=\"grid-template-columns:35% auto\"><figure class=\"wp-block-media-text__media\"><img decoding=\"async\" src=\"https:\/\/intl.phonak.com\/main-english\/wp-content\/uploads\/sites\/3\/2021\/11\/cta-image.jpg?w=401\" alt=\"\" class=\"wp-image-6738 size-full\"\/><\/figure><div class=\"wp-block-media-text__content\">\n<div class=\"wp-block-create-block-icon-selector\"><i class=\"fal fa-map-marker-alt\"><\/i><\/div>   \n<h3 class=\"wp-block-heading\">Stru\u010dnjaci za sluh blizu vas<\/h3>   <p>Stru\u010dnjaci za sluh mogu vam pomo\u0107i da napravite izbor koji je savr\u0161en za vas. Oni \u0107e razmotriti va\u0161e potrebe za sluhom, va\u0161 bud\u017eet, va\u0161 stil \u017eivota i va\u0161e individualne preferencije za sluh. <\/p>   <div class=\"wp-block-buttons is-layout-flex wp-block-buttons-is-layout-flex\">\n<div class=\"wp-block-button is-style-marker-green\"><a class=\"wp-block-button__link wp-element-button\" href=\"https:\/\/intl.phonak.com\/bs-ba\/pronadi-strucnjaka\/\">Prona\u0111i stru\u010dnjaka<\/a><\/div>\n<\/div>\n<\/div><\/div> ","protected":false},"excerpt":{"rendered":"<p>Bolja komunikacija s be\u017ei\u010dnim dodacima Phonak be\u017ei\u010dni dodaci su korisni dodaci koji se povezuju s va\u0161im slu\u0161nim aparatima kako bi&#8230;<\/p>\n","protected":false},"author":5,"featured_media":0,"parent":361,"menu_order":0,"comment_status":"closed","ping_status":"closed","template":"","meta":{"_acf_changed":false,"inline_featured_image":false,"footnotes":""},"class_list":["post-401","page","type-page","status-publish","hentry"],"acf":[],"yoast_head":"<!-- This site is optimized with the Yoast SEO plugin v26.9 - https:\/\/yoast.com\/product\/yoast-seo-wordpress\/ -->\n<title>Dodaci - Phonak - Bosna Hercegovina<\/title>\n<meta name=\"robots\" content=\"index, follow, max-snippet:-1, max-image-preview:large, max-video-preview:-1\" \/>\n<link rel=\"canonical\" href=\"https:\/\/intl.phonak.com\/main-english\/solutions\/accessories\/\" \/>\n<meta property=\"og:locale\" content=\"en_US\" \/>\n<meta property=\"og:type\" content=\"article\" \/>\n<meta property=\"og:title\" content=\"Dodaci - Phonak - Bosna Hercegovina\" \/>\n<meta property=\"og:description\" content=\"Bolja komunikacija s be\u017ei\u010dnim dodacima Phonak be\u017ei\u010dni dodaci su korisni dodaci koji se povezuju s va\u0161im slu\u0161nim aparatima kako bi...\" \/>\n<meta property=\"og:url\" content=\"https:\/\/intl.phonak.com\/bs-ba\/rjesenja\/dodaci\/\" \/>\n<meta property=\"og:site_name\" content=\"Phonak - Bosna Hercegovina\" \/>\n<meta property=\"article:modified_time\" content=\"2025-11-18T07:29:07+00:00\" \/>\n<meta name=\"twitter:card\" content=\"summary_large_image\" \/>\n<meta name=\"twitter:label1\" content=\"Est. reading time\" \/>\n\t<meta name=\"twitter:data1\" content=\"2 minutes\" \/>\n<script type=\"application\/ld+json\" class=\"yoast-schema-graph\">{\"@context\":\"https:\/\/schema.org\",\"@graph\":[{\"@type\":\"WebPage\",\"@id\":\"https:\/\/intl.phonak.com\/bs-ba\/rjesenja\/dodaci\/\",\"url\":\"https:\/\/intl.phonak.com\/bs-ba\/rjesenja\/dodaci\/\",\"name\":\"Dodaci - Phonak - Bosna Hercegovina\",\"isPartOf\":{\"@id\":\"https:\/\/intl.phonak.com\/bs-ba\/#website\"},\"primaryImageOfPage\":{\"@id\":\"https:\/\/intl.phonak.com\/bs-ba\/rjesenja\/dodaci\/#primaryimage\"},\"image\":{\"@id\":\"https:\/\/intl.phonak.com\/bs-ba\/rjesenja\/dodaci\/#primaryimage\"},\"thumbnailUrl\":\"https:\/\/intl.phonak.com\/bs-ba\/wp-content\/uploads\/sites\/3\/2022\/02\/Banner-accessories.jpg\",\"datePublished\":\"2021-11-17T17:36:12+00:00\",\"dateModified\":\"2025-11-18T07:29:07+00:00\",\"breadcrumb\":{\"@id\":\"https:\/\/intl.phonak.com\/bs-ba\/rjesenja\/dodaci\/#breadcrumb\"},\"inLanguage\":\"bs-BS\",\"potentialAction\":[{\"@type\":\"ReadAction\",\"target\":[\"https:\/\/intl.phonak.com\/bs-ba\/rjesenja\/dodaci\/\"]}]},{\"@type\":\"ImageObject\",\"inLanguage\":\"bs-BS\",\"@id\":\"https:\/\/intl.phonak.com\/bs-ba\/rjesenja\/dodaci\/#primaryimage\",\"url\":\"\",\"contentUrl\":\"\"},{\"@type\":\"BreadcrumbList\",\"@id\":\"https:\/\/intl.phonak.com\/bs-ba\/rjesenja\/dodaci\/#breadcrumb\",\"itemListElement\":[{\"@type\":\"ListItem\",\"position\":1,\"name\":\"Home\",\"item\":\"https:\/\/intl.phonak.com\/bs-ba\/\"},{\"@type\":\"ListItem\",\"position\":2,\"name\":\"Rje\u0161enja\",\"item\":\"https:\/\/intl.phonak.com\/bs-ba\/rjesenja\/\"},{\"@type\":\"ListItem\",\"position\":3,\"name\":\"Dodaci\"}]},{\"@type\":\"WebSite\",\"@id\":\"https:\/\/intl.phonak.com\/bs-ba\/#website\",\"url\":\"https:\/\/intl.phonak.com\/bs-ba\/\",\"name\":\"Phonak - Bosna Hercegovina\",\"description\":\"Posve\u0107eni promjeni \u017eivota\",\"publisher\":{\"@id\":\"https:\/\/intl.phonak.com\/bs-ba\/#organization\"},\"potentialAction\":[{\"@type\":\"SearchAction\",\"target\":{\"@type\":\"EntryPoint\",\"urlTemplate\":\"https:\/\/intl.phonak.com\/bs-ba\/?s={search_term_string}\"},\"query-input\":{\"@type\":\"PropertyValueSpecification\",\"valueRequired\":true,\"valueName\":\"search_term_string\"}}],\"inLanguage\":\"bs-BS\"},{\"@type\":\"Organization\",\"@id\":\"https:\/\/intl.phonak.com\/bs-ba\/#organization\",\"name\":\"Phonak - Bosna Hercegovina\",\"url\":\"https:\/\/intl.phonak.com\/bs-ba\/\",\"logo\":{\"@type\":\"ImageObject\",\"inLanguage\":\"bs-BS\",\"@id\":\"https:\/\/intl.phonak.com\/bs-ba\/#\/schema\/logo\/image\/\",\"url\":\"https:\/\/intl.phonak.com\/bs-ba\/wp-content\/uploads\/sites\/68\/2025\/07\/logo-phonak.svg\",\"contentUrl\":\"https:\/\/intl.phonak.com\/bs-ba\/wp-content\/uploads\/sites\/68\/2025\/07\/logo-phonak.svg\",\"caption\":\"Phonak - Bosna Hercegovina\"},\"image\":{\"@id\":\"https:\/\/intl.phonak.com\/bs-ba\/#\/schema\/logo\/image\/\"}}]}<\/script>\n<!-- \/ Yoast SEO plugin. -->","yoast_head_json":{"title":"Dodaci - Phonak - Bosna Hercegovina","robots":{"index":"index","follow":"follow","max-snippet":"max-snippet:-1","max-image-preview":"max-image-preview:large","max-video-preview":"max-video-preview:-1"},"canonical":"https:\/\/intl.phonak.com\/main-english\/solutions\/accessories\/","og_locale":"en_US","og_type":"article","og_title":"Dodaci - Phonak - Bosna Hercegovina","og_description":"Bolja komunikacija s be\u017ei\u010dnim dodacima Phonak be\u017ei\u010dni dodaci su korisni dodaci koji se povezuju s va\u0161im slu\u0161nim aparatima kako bi...","og_url":"https:\/\/intl.phonak.com\/bs-ba\/rjesenja\/dodaci\/","og_site_name":"Phonak - Bosna Hercegovina","article_modified_time":"2025-11-18T07:29:07+00:00","twitter_card":"summary_large_image","twitter_misc":{"Est. reading time":"2 minutes"},"schema":{"@context":"https:\/\/schema.org","@graph":[{"@type":"WebPage","@id":"https:\/\/intl.phonak.com\/bs-ba\/rjesenja\/dodaci\/","url":"https:\/\/intl.phonak.com\/bs-ba\/rjesenja\/dodaci\/","name":"Dodaci - Phonak - Bosna Hercegovina","isPartOf":{"@id":"https:\/\/intl.phonak.com\/bs-ba\/#website"},"primaryImageOfPage":{"@id":"https:\/\/intl.phonak.com\/bs-ba\/rjesenja\/dodaci\/#primaryimage"},"image":{"@id":"https:\/\/intl.phonak.com\/bs-ba\/rjesenja\/dodaci\/#primaryimage"},"thumbnailUrl":"https:\/\/intl.phonak.com\/bs-ba\/wp-content\/uploads\/sites\/3\/2022\/02\/Banner-accessories.jpg","datePublished":"2021-11-17T17:36:12+00:00","dateModified":"2025-11-18T07:29:07+00:00","breadcrumb":{"@id":"https:\/\/intl.phonak.com\/bs-ba\/rjesenja\/dodaci\/#breadcrumb"},"inLanguage":"bs-BS","potentialAction":[{"@type":"ReadAction","target":["https:\/\/intl.phonak.com\/bs-ba\/rjesenja\/dodaci\/"]}]},{"@type":"ImageObject","inLanguage":"bs-BS","@id":"https:\/\/intl.phonak.com\/bs-ba\/rjesenja\/dodaci\/#primaryimage","url":"","contentUrl":""},{"@type":"BreadcrumbList","@id":"https:\/\/intl.phonak.com\/bs-ba\/rjesenja\/dodaci\/#breadcrumb","itemListElement":[{"@type":"ListItem","position":1,"name":"Home","item":"https:\/\/intl.phonak.com\/bs-ba\/"},{"@type":"ListItem","position":2,"name":"Rje\u0161enja","item":"https:\/\/intl.phonak.com\/bs-ba\/rjesenja\/"},{"@type":"ListItem","position":3,"name":"Dodaci"}]},{"@type":"WebSite","@id":"https:\/\/intl.phonak.com\/bs-ba\/#website","url":"https:\/\/intl.phonak.com\/bs-ba\/","name":"Phonak - Bosna Hercegovina","description":"Posve\u0107eni promjeni \u017eivota","publisher":{"@id":"https:\/\/intl.phonak.com\/bs-ba\/#organization"},"potentialAction":[{"@type":"SearchAction","target":{"@type":"EntryPoint","urlTemplate":"https:\/\/intl.phonak.com\/bs-ba\/?s={search_term_string}"},"query-input":{"@type":"PropertyValueSpecification","valueRequired":true,"valueName":"search_term_string"}}],"inLanguage":"bs-BS"},{"@type":"Organization","@id":"https:\/\/intl.phonak.com\/bs-ba\/#organization","name":"Phonak - Bosna Hercegovina","url":"https:\/\/intl.phonak.com\/bs-ba\/","logo":{"@type":"ImageObject","inLanguage":"bs-BS","@id":"https:\/\/intl.phonak.com\/bs-ba\/#\/schema\/logo\/image\/","url":"https:\/\/intl.phonak.com\/bs-ba\/wp-content\/uploads\/sites\/68\/2025\/07\/logo-phonak.svg","contentUrl":"https:\/\/intl.phonak.com\/bs-ba\/wp-content\/uploads\/sites\/68\/2025\/07\/logo-phonak.svg","caption":"Phonak - Bosna Hercegovina"},"image":{"@id":"https:\/\/intl.phonak.com\/bs-ba\/#\/schema\/logo\/image\/"}}]}},"jetpack_sharing_enabled":true,"distributor_meta":false,"distributor_terms":false,"distributor_media":false,"distributor_original_site_name":"Phonak - Bosna Hercegovina","distributor_original_site_url":"https:\/\/intl.phonak.com\/bs-ba","push-errors":false,"_links":{"self":[{"href":"https:\/\/intl.phonak.com\/bs-ba\/wp-json\/wp\/v2\/pages\/401","targetHints":{"allow":["GET"]}}],"collection":[{"href":"https:\/\/intl.phonak.com\/bs-ba\/wp-json\/wp\/v2\/pages"}],"about":[{"href":"https:\/\/intl.phonak.com\/bs-ba\/wp-json\/wp\/v2\/types\/page"}],"author":[{"embeddable":true,"href":"https:\/\/intl.phonak.com\/bs-ba\/wp-json\/wp\/v2\/users\/5"}],"replies":[{"embeddable":true,"href":"https:\/\/intl.phonak.com\/bs-ba\/wp-json\/wp\/v2\/comments?post=401"}],"version-history":[{"count":9,"href":"https:\/\/intl.phonak.com\/bs-ba\/wp-json\/wp\/v2\/pages\/401\/revisions"}],"predecessor-version":[{"id":1008,"href":"https:\/\/intl.phonak.com\/bs-ba\/wp-json\/wp\/v2\/pages\/401\/revisions\/1008"}],"up":[{"embeddable":true,"href":"https:\/\/intl.phonak.com\/bs-ba\/wp-json\/wp\/v2\/pages\/361"}],"wp:attachment":[{"href":"https:\/\/intl.phonak.com\/bs-ba\/wp-json\/wp\/v2\/media?parent=401"}],"curies":[{"name":"wp","href":"https:\/\/api.w.org\/{rel}","templated":true}]}}