{"id":398,"date":"2021-11-18T16:56:57","date_gmt":"2021-11-18T16:56:57","guid":{"rendered":"https:\/\/intl.phonak.com\/bs-ba\/pediatric-solutions\/"},"modified":"2025-11-18T07:14:56","modified_gmt":"2025-11-18T07:14:56","slug":"pediatric-solutions","status":"publish","type":"page","link":"https:\/\/intl.phonak.com\/bs-ba\/rjesenja\/pediatric-solutions\/","title":{"rendered":"Pedijatrijska rje\u0161enja"},"content":{"rendered":"\n<div class=\"wp-block-cover alignfull is-light\"><img decoding=\"async\" class=\"wp-block-cover__image-background wp-image-6552\" alt=\"\" src=\"https:\/\/intl.phonak.com\/bs-ba\/wp-content\/uploads\/sites\/3\/2023\/02\/PH_Pic_generic_kids_01.png\" data-object-fit=\"cover\"\/><span aria-hidden=\"true\" class=\"wp-block-cover__background has-white-background-color has-background-dim-70 has-background-dim\"><\/span><div class=\"wp-block-cover__inner-container is-layout-flow wp-block-cover-is-layout-flow\">\n<h1 class=\"wp-block-heading has-text-align-center has-dark-grey-color has-text-color\" id=\"discover-your-child-s-hearing\">Otkrijte sluh va\u0161eg djeteta<\/h1>   \n<p class=\"has-text-align-center has-dark-grey-color has-text-color has-lead-font-size\">Pedijatrijska rje\u0161enja za sluh za svaku dob<\/p>\n<\/div><\/div>   \n<div style=\"height:21px\" aria-hidden=\"true\" class=\"wp-block-spacer\"><\/div>   \n<h2 class=\"wp-block-heading has-text-align-center\">Rje\u0161enja za sluh za djecu i tinejd\u017eere<\/h2>   \n<p class=\"has-text-align-center is-style-default\">Svako dijete je jedinstveno i tako su i njihove potrebe za slu\u0161anjem. Sa \u0161irokim spektrom Phonak slu\u0161nih aparata i be\u017ei\u010dnih komunikacijskih dodataka, postoji tehnolo\u0161ko rje\u0161enje za svaku dob djeteta.<\/p>   \n<p class=\"has-text-align-center\">Pristup rije\u010dima i razgovorima je od vitalnog zna\u010daja u razvoju djece i tinejd\u017eera. Razgovori s voljenima \u2014 za ve\u010derom, u parku, u autu \u2014 su me\u0111u najva\u017enijim sastojcima u oblikovanju razvoja jezika.<\/p>   \n<p class=\"has-text-align-center\">Izgradnja okru\u017eenja bogatog jezikom za djecu s gubitkom sluha zna\u010di maksimalno iskori\u0161tavanje svake prilike za interakciju, a slu\u0161ni aparati za djecu dizajnirani da se udobno nose cijeli dan poma\u017eu djeci i tinejd\u017eerima s gubitkom sluha da maksimalno iskoriste interakcije &#8220;serviranja i vra\u0107anja&#8221; dostupne kroz niz stalno promjenjivih situacija.<\/p>   \n<div style=\"height:53px\" aria-hidden=\"true\" class=\"wp-block-spacer\"><\/div>   \n<div class=\"wp-block-media-text has-media-on-the-right is-stacked-on-mobile\"><div class=\"wp-block-media-text__content\">\n<h3 class=\"wp-block-heading has-blue-color has-text-color\">Bebe i mala djeca<\/h3>   <p>Za ovu starosnu grupu, va\u017eno je pru\u017eiti stimulaciju sluha i da dijete nosi svoje slu\u0161ne aparate \u0161to je vi\u0161e mogu\u0107e. Dojen\u010dad i mala djeca obi\u010dno nose slu\u0161ne aparate iza uha jer pru\u017eaju najbolju udobnost, stabilnost i sigurnost za ovu dobnu skupinu.<\/p>   \n<h5 class=\"wp-block-heading\">Pregledi sluha za djecu     <\/h5>   <p>Sposobnost sluha mo\u017ee se testirati kod novoro\u0111enih beba ubrzo nakon ro\u0111enja. \u0160to se prije otkrije gubitak sluha, to je bolje, jer je odgovaraju\u0107a intervencija veoma va\u017ena za razvoj govora i jezika va\u0161eg djeteta.<\/p>\n<\/div><figure class=\"wp-block-media-text__media\"><img decoding=\"async\" src=\"https:\/\/intl.phonak.com\/bs-ba\/wp-content\/uploads\/sites\/3\/2023\/12\/Visual_Sky-L-PR_ChildAndMomExhibitionBackdropCropped.jpg?w=592\" alt=\"Mom and daughter \" class=\"wp-image-7305 size-full\"\/><\/figure><\/div>   \n<div class=\"wp-block-media-text is-stacked-on-mobile\"><figure class=\"wp-block-media-text__media\"><img decoding=\"async\" src=\"https:\/\/intl.phonak.com\/bs-ba\/wp-content\/uploads\/sites\/3\/2023\/12\/Visual_Sky-L-UP_Kid.jpg?w=592\" alt=\"Kids\" class=\"wp-image-7308 size-full\"\/><\/figure><div class=\"wp-block-media-text__content\">\n<h3 class=\"wp-block-heading has-blue-color has-text-color\">Djeca \u0161kolskog uzrasta<\/h3>   <p>Djeca po\u010dinju biti vi\u0161e samostalna i izlo\u017eena su slo\u017eenijim komunikacijskim situacijama u ovoj dobi. Da bi va\u0161em djetetu bilo lak\u0161e razumjeti \u0161ta u\u010ditelj govori ili vas \u010duti kada ga zovete, postoje be\u017ei\u010dni komunikacijski alati koji poma\u017eu. Razli\u010dite kombinacije boja \u010dine da je zabavno za va\u0161e dijete nositi svoje slu\u0161ne aparate.<\/p>\n<\/div><\/div>   \n<div class=\"wp-block-media-text has-media-on-the-right is-stacked-on-mobile\"><div class=\"wp-block-media-text__content\">\n<h3 class=\"wp-block-heading has-blue-color has-text-color\">Tinejd\u017eeri<\/h3>   <p>Va\u0161 tinejd\u017eer \u017eeli biti kao svaki drugi tinejd\u017eer: baviti se sportom, slu\u0161ati muziku, dru\u017eiti se s prijateljima, pokazati svoju jedinstvenost kroz modu ili frizure itd. Va\u0161 tinejd\u017eer mo\u017ee sve ovo zahvaljuju\u0107i be\u017ei\u010dnim dodacima koji povezuju slu\u0161ne aparate s mp3-plejerom, mobilnim telefonom, tabletom ili TV-om. \u010cuti trenera ili prijatelje, \u010dak i na daljinu ili u bu\u010dnim okru\u017eenjima, bit \u0107e lako.<\/p>\n<\/div><figure class=\"wp-block-media-text__media\"><img decoding=\"async\" src=\"https:\/\/intl.phonak.com\/bs-ba\/wp-content\/uploads\/sites\/3\/2023\/12\/Visual_Audeo-L-RL_Teen-1-1-Converstations-in-Loud-1.jpg?w=592\" alt=\"Teenagers\" class=\"wp-image-7310 size-full\"\/><\/figure><\/div>   \n<div style=\"height:39px\" aria-hidden=\"true\" class=\"wp-block-spacer\"><\/div>   \n<div class=\"wp-block-media-text is-stacked-on-mobile\"><figure class=\"wp-block-media-text__media\"><img decoding=\"async\" src=\"https:\/\/intl.phonak.com\/bs-ba\/wp-content\/uploads\/sites\/3\/2022\/03\/Roger-Ped-accessories-RGB.jpg?w=1024\" alt=\"\" class=\"wp-image-5309 size-full\"\/><\/figure><div class=\"wp-block-media-text__content\">\n<h3 class=\"wp-block-heading has-blue-color has-text-color\" id=\"meet-roger\">Upoznajte Roger za obrazovanje<\/h3>   <p>Mnoge situacije mogu predstavljati izazov za slu\u0161anje tako da ponekad \u010dak i najnaprednija tehnologija slu\u0161nih pomagala treba poja\u010danje. Sa na\u0161im be\u017ei\u010dnim dodacima, va\u0161e dijete mo\u017ee lak\u0161e komunicirati i povezati se s dana\u0161njom audio tehnologijom, kao \u0161to su pametni telefoni, Bluetooth\u00ae ure\u0111aji, MP3 playeri i televizori.<\/p>   <p><a href=\"https:\/\/intl.phonak.com\/bs-ba\/rjesenja\/roger-za-obrazovanje\/\">Pro\u010ditajte vi\u0161e o Roger za obrazovanje<\/a><\/p>\n<\/div><\/div>   \n<div class=\"wp-block-group alignfull has-light-grey-background-color has-background is-layout-flow wp-block-group-is-layout-flow\">\n\t<div class=\"wp-block-pho-product-selection \">\n\t\t<div class=\"grid-x grid-padding-x grid-padding-y\">\n\n\t\t\t\t\t\t\t<div class=\"cell\">\n\t\t\t\t\t<h2 class=\"text-center\">Proizvodi<\/h2>\n\t\t\t\t<\/div>\n\t\t\t\t\n\t\t\t\t<div class=\"cell medium-6 large-4 flex-container\">\n\t\t\t\t\t\n<article id=\"post-36\" class=\"product-card post-36 pho_products type-pho_products status-publish has-post-thumbnail hentry pho_product_type-djeca-i-tinejdzeri pho_product_type-snaga pho_product_category-pediatric pho_product_category-slusni-aparati pho_product_platforms-lumity\">\n\t\t<a class=\"flex-container flex-dir-column align-justify align-top\" href=\"https:\/\/intl.phonak.com\/bs-ba\/proizvodi\/phonak-sky-lumity\/\">\n\t\t<div class=\"product-card-content-wrapper\">\n\t\t\t\n\t\t\t\t<div class=\"product-image-wrapper\">\n\t\t\t\t\t<img loading=\"lazy\" decoding=\"async\" width=\"600\" height=\"600\" src=\"https:\/\/intl.phonak.com\/bs-ba\/wp-content\/uploads\/sites\/68\/2023\/10\/PH_Packshot_Audeo-I-Sphere-xReceiver_050-1029-P7.png?w=600\" class=\"attachment-post-thumbnail size-post-thumbnail wp-post-image\" alt=\"Phonak Aud\u00e9o Sphere Infinio\" srcset=\"https:\/\/intl.phonak.com\/bs-ba\/wp-content\/uploads\/sites\/68\/2023\/10\/PH_Packshot_Audeo-I-Sphere-xReceiver_050-1029-P7.png 600w, https:\/\/intl.phonak.com\/bs-ba\/wp-content\/uploads\/sites\/68\/2023\/10\/PH_Packshot_Audeo-I-Sphere-xReceiver_050-1029-P7.png?resize=150,150 150w, https:\/\/intl.phonak.com\/bs-ba\/wp-content\/uploads\/sites\/68\/2023\/10\/PH_Packshot_Audeo-I-Sphere-xReceiver_050-1029-P7.png?resize=300,300 300w\" sizes=\"auto, (max-width: 600px) 100vw, 600px\" \/>\t\t\t\t<\/div>\n\n\t\t\t\t<h3 class=\"entry-title\">Phonak Sky\u2122 Lumity<\/h3><p>Pedijatrijska opcija, opremljena najnovijom Lumity tehnologijom. Nudi \u0161irok izbor dje\u010dijih kombinacija boja kako bi djeca mogla izraziti svoju jedinstvenost.<\/p>\n\t\t<\/div>\n\t\t<div class=\"wp-block-button\">\n\t\t\t<div class=\"wp-block-button__link\">Pro\u010ditaj vi\u0161e<\/div>\n\t\t<\/div>\n\t<\/a>\n<\/article><!-- #post-36 -->\n\t\t\t\t<\/div>\n\n\t\t\t\t\n\t\t\t\t<div class=\"cell medium-6 large-4 flex-container\">\n\t\t\t\t\t\n<article id=\"post-24\" class=\"product-card post-24 pho_products type-pho_products status-publish has-post-thumbnail hentry pho_product_type-prvi-put pho_product_category-slusni-aparati pho_product_platforms-lumity\">\n\t\t<a class=\"flex-container flex-dir-column align-justify align-top\" href=\"https:\/\/intl.phonak.com\/bs-ba\/proizvodi\/phonak-audeo-lumity\/\">\n\t\t<div class=\"product-card-content-wrapper\">\n\t\t\t\n\t\t\t\t<div class=\"product-image-wrapper\">\n\t\t\t\t\t<img loading=\"lazy\" decoding=\"async\" width=\"600\" height=\"600\" src=\"https:\/\/intl.phonak.com\/bs-ba\/wp-content\/uploads\/sites\/68\/2024\/03\/PH_Packshot_Audeo-L-R-P8-Pair_WithoutReceiver.png?w=600\" class=\"attachment-post-thumbnail size-post-thumbnail wp-post-image\" alt=\"Phonak Aud\u00e9o Lumity pair\" srcset=\"https:\/\/intl.phonak.com\/bs-ba\/wp-content\/uploads\/sites\/68\/2024\/03\/PH_Packshot_Audeo-L-R-P8-Pair_WithoutReceiver.png 600w, https:\/\/intl.phonak.com\/bs-ba\/wp-content\/uploads\/sites\/68\/2024\/03\/PH_Packshot_Audeo-L-R-P8-Pair_WithoutReceiver.png?resize=150,150 150w, https:\/\/intl.phonak.com\/bs-ba\/wp-content\/uploads\/sites\/68\/2024\/03\/PH_Packshot_Audeo-L-R-P8-Pair_WithoutReceiver.png?resize=300,300 300w\" sizes=\"auto, (max-width: 600px) 100vw, 600px\" \/>\t\t\t\t<\/div>\n\n\t\t\t\t<h3 class=\"entry-title\">Phonak Aud\u00e9o\u2122 Lumity<\/h3><p>Idealno Lumity rje\u0161enje za one koji \u017eele diskretno RIC ku\u0107i\u0161te, sa najnaprednijom tehnologijom za one sa blagim do te\u0161kim gubitkom sluha. <\/p>\n\t\t<\/div>\n\t\t<div class=\"wp-block-button\">\n\t\t\t<div class=\"wp-block-button__link\">Pro\u010ditaj vi\u0161e<\/div>\n\t\t<\/div>\n\t<\/a>\n<\/article><!-- #post-24 -->\n\t\t\t\t<\/div>\n\n\t\t\t\t\n\t\t\t\t<div class=\"cell medium-6 large-4 flex-container\">\n\t\t\t\t\t\n<article id=\"post-40\" class=\"product-card post-40 pho_products type-pho_products status-publish has-post-thumbnail hentry pho_product_type-jednostrani-gubitak-sluha pho_product_category-slusni-aparati pho_product_platforms-lumity\">\n\t\t<a class=\"flex-container flex-dir-column align-justify align-top\" href=\"https:\/\/intl.phonak.com\/bs-ba\/proizvodi\/phonak-cros-lumity\/\">\n\t\t<div class=\"product-card-content-wrapper\">\n\t\t\t\n\t\t\t\t<div class=\"product-image-wrapper\">\n\t\t\t\t\t<img loading=\"lazy\" decoding=\"async\" width=\"600\" height=\"600\" src=\"https:\/\/intl.phonak.com\/bs-ba\/wp-content\/uploads\/sites\/68\/2023\/10\/PH_Packshot_CROS_L-R_050-1013-P5-1.png?w=600\" class=\"attachment-post-thumbnail size-post-thumbnail wp-post-image\" alt=\"Phonak CROS L-R\" srcset=\"https:\/\/intl.phonak.com\/bs-ba\/wp-content\/uploads\/sites\/68\/2023\/10\/PH_Packshot_CROS_L-R_050-1013-P5-1.png 600w, https:\/\/intl.phonak.com\/bs-ba\/wp-content\/uploads\/sites\/68\/2023\/10\/PH_Packshot_CROS_L-R_050-1013-P5-1.png?resize=150,150 150w, https:\/\/intl.phonak.com\/bs-ba\/wp-content\/uploads\/sites\/68\/2023\/10\/PH_Packshot_CROS_L-R_050-1013-P5-1.png?resize=300,300 300w\" sizes=\"auto, (max-width: 600px) 100vw, 600px\" \/>\t\t\t\t<\/div>\n\n\t\t\t\t<h3 class=\"entry-title\">Phonak CROS Lumity<\/h3><p>Na\u0161e rje\u0161enje na platformi Lumity za one sa jednostranim gubitkom sluha, sa opcijama CROS i BiCROS. <\/p>\n\t\t<\/div>\n\t\t<div class=\"wp-block-button\">\n\t\t\t<div class=\"wp-block-button__link\">Pro\u010ditaj vi\u0161e<\/div>\n\t\t<\/div>\n\t<\/a>\n<\/article><!-- #post-40 -->\n\t\t\t\t<\/div>\n\n\t\t\t\t\n\t\t<\/div>\n\t<\/div>\n\n\t\n\n\n<div class=\"wp-block-buttons is-content-justification-center is-layout-flex wp-container-core-buttons-is-layout-16018d1d wp-block-buttons-is-layout-flex\">\n<div class=\"wp-block-button\"><a class=\"wp-block-button__link wp-element-button\" href=\"https:\/\/intl.phonak.com\/bs-ba\/rjesenja\/slusni-aparati\/\">Svi proizvodi<\/a><\/div>\n<\/div>\n<\/div>   \n<div class=\"wp-block-media-text is-stacked-on-mobile cta-block\" style=\"grid-template-columns:35% auto\"><figure class=\"wp-block-media-text__media\"><img decoding=\"async\" src=\"https:\/\/intl.phonak.com\/main-english\/wp-content\/uploads\/sites\/3\/2021\/11\/cta-image.jpg?w=401\" alt=\"\" class=\"wp-image-6738 size-full\"\/><\/figure><div class=\"wp-block-media-text__content\">\n<div class=\"wp-block-create-block-icon-selector\"><i class=\"fal fa-map-marker-alt\"><\/i><\/div>   \n<h3 class=\"wp-block-heading\">Stru\u010dnjaci za sluh blizu vas<\/h3>   <p>Stru\u010dnjaci za sluh mogu vam pomo\u0107i da napravite izbor koji je savr\u0161en za vas. Oni \u0107e razmotriti va\u0161e potrebe za sluhom, va\u0161 bud\u017eet, va\u0161 stil \u017eivota i va\u0161e individualne preferencije za sluh. <\/p>   <div class=\"wp-block-buttons is-layout-flex wp-block-buttons-is-layout-flex\">\n<div class=\"wp-block-button is-style-marker-green\"><a class=\"wp-block-button__link wp-element-button\" href=\"https:\/\/intl.phonak.com\/bs-ba\/pronadi-strucnjaka\/\">Prona\u0111i stru\u010dnjaka<\/a><\/div>\n<\/div>\n<\/div><\/div> ","protected":false},"excerpt":{"rendered":"<p>Rje\u0161enja za sluh za djecu i tinejd\u017eere Svako dijete je jedinstveno i tako su i njihove potrebe za slu\u0161anjem. Sa&#8230;<\/p>\n","protected":false},"author":5,"featured_media":915,"parent":361,"menu_order":0,"comment_status":"closed","ping_status":"closed","template":"","meta":{"_acf_changed":false,"inline_featured_image":false,"footnotes":""},"class_list":["post-398","page","type-page","status-publish","has-post-thumbnail","hentry"],"acf":[],"yoast_head":"<!-- This site is optimized with the Yoast SEO plugin v26.9 - https:\/\/yoast.com\/product\/yoast-seo-wordpress\/ -->\n<title>Pedijatrijska rje\u0161enja - Phonak - Bosna Hercegovina<\/title>\n<meta name=\"robots\" content=\"index, follow, max-snippet:-1, max-image-preview:large, max-video-preview:-1\" \/>\n<link rel=\"canonical\" href=\"https:\/\/intl.phonak.com\/main-english\/solutions\/pediatric-solutions\/\" \/>\n<meta property=\"og:locale\" content=\"en_US\" \/>\n<meta property=\"og:type\" content=\"article\" \/>\n<meta property=\"og:title\" content=\"Pedijatrijska rje\u0161enja - Phonak - Bosna Hercegovina\" \/>\n<meta property=\"og:description\" content=\"Rje\u0161enja za sluh za djecu i tinejd\u017eere Svako dijete je jedinstveno i tako su i njihove potrebe za slu\u0161anjem. Sa...\" \/>\n<meta property=\"og:url\" content=\"https:\/\/intl.phonak.com\/bs-ba\/rjesenja\/pediatric-solutions\/\" \/>\n<meta property=\"og:site_name\" content=\"Phonak - Bosna Hercegovina\" \/>\n<meta property=\"article:modified_time\" content=\"2025-11-18T07:14:56+00:00\" \/>\n<meta property=\"og:image\" content=\"https:\/\/intl.phonak.com\/bs-ba\/wp-content\/uploads\/sites\/68\/2021\/11\/PH_Packshot_Audeo-I-Sphere-xReceiver_050-1029-P7-1.png\" \/>\n\t<meta property=\"og:image:width\" content=\"600\" \/>\n\t<meta property=\"og:image:height\" content=\"600\" \/>\n\t<meta property=\"og:image:type\" content=\"image\/png\" \/>\n<meta name=\"twitter:card\" content=\"summary_large_image\" \/>\n<meta name=\"twitter:label1\" content=\"Est. reading time\" \/>\n\t<meta name=\"twitter:data1\" content=\"7 minutes\" \/>\n<script type=\"application\/ld+json\" class=\"yoast-schema-graph\">{\"@context\":\"https:\/\/schema.org\",\"@graph\":[{\"@type\":\"WebPage\",\"@id\":\"https:\/\/intl.phonak.com\/bs-ba\/rjesenja\/pediatric-solutions\/\",\"url\":\"https:\/\/intl.phonak.com\/bs-ba\/rjesenja\/pediatric-solutions\/\",\"name\":\"Pedijatrijska rje\u0161enja - Phonak - Bosna Hercegovina\",\"isPartOf\":{\"@id\":\"https:\/\/intl.phonak.com\/bs-ba\/#website\"},\"primaryImageOfPage\":{\"@id\":\"https:\/\/intl.phonak.com\/bs-ba\/rjesenja\/pediatric-solutions\/#primaryimage\"},\"image\":{\"@id\":\"https:\/\/intl.phonak.com\/bs-ba\/rjesenja\/pediatric-solutions\/#primaryimage\"},\"thumbnailUrl\":\"https:\/\/intl.phonak.com\/bs-ba\/wp-content\/uploads\/sites\/68\/2021\/11\/PH_Packshot_Audeo-I-Sphere-xReceiver_050-1029-P7-1.png\",\"datePublished\":\"2021-11-18T16:56:57+00:00\",\"dateModified\":\"2025-11-18T07:14:56+00:00\",\"breadcrumb\":{\"@id\":\"https:\/\/intl.phonak.com\/bs-ba\/rjesenja\/pediatric-solutions\/#breadcrumb\"},\"inLanguage\":\"bs-BS\",\"potentialAction\":[{\"@type\":\"ReadAction\",\"target\":[\"https:\/\/intl.phonak.com\/bs-ba\/rjesenja\/pediatric-solutions\/\"]}]},{\"@type\":\"ImageObject\",\"inLanguage\":\"bs-BS\",\"@id\":\"https:\/\/intl.phonak.com\/bs-ba\/rjesenja\/pediatric-solutions\/#primaryimage\",\"url\":\"https:\/\/intl.phonak.com\/bs-ba\/wp-content\/uploads\/sites\/68\/2021\/11\/PH_Packshot_Audeo-I-Sphere-xReceiver_050-1029-P7-1.png\",\"contentUrl\":\"https:\/\/intl.phonak.com\/bs-ba\/wp-content\/uploads\/sites\/68\/2021\/11\/PH_Packshot_Audeo-I-Sphere-xReceiver_050-1029-P7-1.png\",\"width\":600,\"height\":600,\"caption\":\"Phonak Aud\u00e9o Sphere Infinio\"},{\"@type\":\"BreadcrumbList\",\"@id\":\"https:\/\/intl.phonak.com\/bs-ba\/rjesenja\/pediatric-solutions\/#breadcrumb\",\"itemListElement\":[{\"@type\":\"ListItem\",\"position\":1,\"name\":\"Home\",\"item\":\"https:\/\/intl.phonak.com\/bs-ba\/\"},{\"@type\":\"ListItem\",\"position\":2,\"name\":\"Rje\u0161enja\",\"item\":\"https:\/\/intl.phonak.com\/bs-ba\/rjesenja\/\"},{\"@type\":\"ListItem\",\"position\":3,\"name\":\"Pediatric solutions\"}]},{\"@type\":\"WebSite\",\"@id\":\"https:\/\/intl.phonak.com\/bs-ba\/#website\",\"url\":\"https:\/\/intl.phonak.com\/bs-ba\/\",\"name\":\"Phonak - Bosna Hercegovina\",\"description\":\"Posve\u0107eni promjeni \u017eivota\",\"publisher\":{\"@id\":\"https:\/\/intl.phonak.com\/bs-ba\/#organization\"},\"potentialAction\":[{\"@type\":\"SearchAction\",\"target\":{\"@type\":\"EntryPoint\",\"urlTemplate\":\"https:\/\/intl.phonak.com\/bs-ba\/?s={search_term_string}\"},\"query-input\":{\"@type\":\"PropertyValueSpecification\",\"valueRequired\":true,\"valueName\":\"search_term_string\"}}],\"inLanguage\":\"bs-BS\"},{\"@type\":\"Organization\",\"@id\":\"https:\/\/intl.phonak.com\/bs-ba\/#organization\",\"name\":\"Phonak - Bosna Hercegovina\",\"url\":\"https:\/\/intl.phonak.com\/bs-ba\/\",\"logo\":{\"@type\":\"ImageObject\",\"inLanguage\":\"bs-BS\",\"@id\":\"https:\/\/intl.phonak.com\/bs-ba\/#\/schema\/logo\/image\/\",\"url\":\"https:\/\/intl.phonak.com\/bs-ba\/wp-content\/uploads\/sites\/68\/2025\/07\/logo-phonak.svg\",\"contentUrl\":\"https:\/\/intl.phonak.com\/bs-ba\/wp-content\/uploads\/sites\/68\/2025\/07\/logo-phonak.svg\",\"caption\":\"Phonak - Bosna Hercegovina\"},\"image\":{\"@id\":\"https:\/\/intl.phonak.com\/bs-ba\/#\/schema\/logo\/image\/\"}}]}<\/script>\n<!-- \/ Yoast SEO plugin. -->","yoast_head_json":{"title":"Pedijatrijska rje\u0161enja - Phonak - Bosna Hercegovina","robots":{"index":"index","follow":"follow","max-snippet":"max-snippet:-1","max-image-preview":"max-image-preview:large","max-video-preview":"max-video-preview:-1"},"canonical":"https:\/\/intl.phonak.com\/main-english\/solutions\/pediatric-solutions\/","og_locale":"en_US","og_type":"article","og_title":"Pedijatrijska rje\u0161enja - Phonak - Bosna Hercegovina","og_description":"Rje\u0161enja za sluh za djecu i tinejd\u017eere Svako dijete je jedinstveno i tako su i njihove potrebe za slu\u0161anjem. Sa...","og_url":"https:\/\/intl.phonak.com\/bs-ba\/rjesenja\/pediatric-solutions\/","og_site_name":"Phonak - Bosna Hercegovina","article_modified_time":"2025-11-18T07:14:56+00:00","og_image":[{"width":600,"height":600,"url":"https:\/\/intl.phonak.com\/bs-ba\/wp-content\/uploads\/sites\/68\/2021\/11\/PH_Packshot_Audeo-I-Sphere-xReceiver_050-1029-P7-1.png","type":"image\/png"}],"twitter_card":"summary_large_image","twitter_misc":{"Est. reading time":"7 minutes"},"schema":{"@context":"https:\/\/schema.org","@graph":[{"@type":"WebPage","@id":"https:\/\/intl.phonak.com\/bs-ba\/rjesenja\/pediatric-solutions\/","url":"https:\/\/intl.phonak.com\/bs-ba\/rjesenja\/pediatric-solutions\/","name":"Pedijatrijska rje\u0161enja - Phonak - Bosna Hercegovina","isPartOf":{"@id":"https:\/\/intl.phonak.com\/bs-ba\/#website"},"primaryImageOfPage":{"@id":"https:\/\/intl.phonak.com\/bs-ba\/rjesenja\/pediatric-solutions\/#primaryimage"},"image":{"@id":"https:\/\/intl.phonak.com\/bs-ba\/rjesenja\/pediatric-solutions\/#primaryimage"},"thumbnailUrl":"https:\/\/intl.phonak.com\/bs-ba\/wp-content\/uploads\/sites\/68\/2021\/11\/PH_Packshot_Audeo-I-Sphere-xReceiver_050-1029-P7-1.png","datePublished":"2021-11-18T16:56:57+00:00","dateModified":"2025-11-18T07:14:56+00:00","breadcrumb":{"@id":"https:\/\/intl.phonak.com\/bs-ba\/rjesenja\/pediatric-solutions\/#breadcrumb"},"inLanguage":"bs-BS","potentialAction":[{"@type":"ReadAction","target":["https:\/\/intl.phonak.com\/bs-ba\/rjesenja\/pediatric-solutions\/"]}]},{"@type":"ImageObject","inLanguage":"bs-BS","@id":"https:\/\/intl.phonak.com\/bs-ba\/rjesenja\/pediatric-solutions\/#primaryimage","url":"https:\/\/intl.phonak.com\/bs-ba\/wp-content\/uploads\/sites\/68\/2021\/11\/PH_Packshot_Audeo-I-Sphere-xReceiver_050-1029-P7-1.png","contentUrl":"https:\/\/intl.phonak.com\/bs-ba\/wp-content\/uploads\/sites\/68\/2021\/11\/PH_Packshot_Audeo-I-Sphere-xReceiver_050-1029-P7-1.png","width":600,"height":600,"caption":"Phonak Aud\u00e9o Sphere Infinio"},{"@type":"BreadcrumbList","@id":"https:\/\/intl.phonak.com\/bs-ba\/rjesenja\/pediatric-solutions\/#breadcrumb","itemListElement":[{"@type":"ListItem","position":1,"name":"Home","item":"https:\/\/intl.phonak.com\/bs-ba\/"},{"@type":"ListItem","position":2,"name":"Rje\u0161enja","item":"https:\/\/intl.phonak.com\/bs-ba\/rjesenja\/"},{"@type":"ListItem","position":3,"name":"Pediatric solutions"}]},{"@type":"WebSite","@id":"https:\/\/intl.phonak.com\/bs-ba\/#website","url":"https:\/\/intl.phonak.com\/bs-ba\/","name":"Phonak - Bosna Hercegovina","description":"Posve\u0107eni promjeni \u017eivota","publisher":{"@id":"https:\/\/intl.phonak.com\/bs-ba\/#organization"},"potentialAction":[{"@type":"SearchAction","target":{"@type":"EntryPoint","urlTemplate":"https:\/\/intl.phonak.com\/bs-ba\/?s={search_term_string}"},"query-input":{"@type":"PropertyValueSpecification","valueRequired":true,"valueName":"search_term_string"}}],"inLanguage":"bs-BS"},{"@type":"Organization","@id":"https:\/\/intl.phonak.com\/bs-ba\/#organization","name":"Phonak - Bosna Hercegovina","url":"https:\/\/intl.phonak.com\/bs-ba\/","logo":{"@type":"ImageObject","inLanguage":"bs-BS","@id":"https:\/\/intl.phonak.com\/bs-ba\/#\/schema\/logo\/image\/","url":"https:\/\/intl.phonak.com\/bs-ba\/wp-content\/uploads\/sites\/68\/2025\/07\/logo-phonak.svg","contentUrl":"https:\/\/intl.phonak.com\/bs-ba\/wp-content\/uploads\/sites\/68\/2025\/07\/logo-phonak.svg","caption":"Phonak - Bosna Hercegovina"},"image":{"@id":"https:\/\/intl.phonak.com\/bs-ba\/#\/schema\/logo\/image\/"}}]}},"jetpack_sharing_enabled":true,"distributor_meta":false,"distributor_terms":false,"distributor_media":false,"distributor_original_site_name":"Phonak - Bosna Hercegovina","distributor_original_site_url":"https:\/\/intl.phonak.com\/bs-ba","push-errors":false,"_links":{"self":[{"href":"https:\/\/intl.phonak.com\/bs-ba\/wp-json\/wp\/v2\/pages\/398","targetHints":{"allow":["GET"]}}],"collection":[{"href":"https:\/\/intl.phonak.com\/bs-ba\/wp-json\/wp\/v2\/pages"}],"about":[{"href":"https:\/\/intl.phonak.com\/bs-ba\/wp-json\/wp\/v2\/types\/page"}],"author":[{"embeddable":true,"href":"https:\/\/intl.phonak.com\/bs-ba\/wp-json\/wp\/v2\/users\/5"}],"replies":[{"embeddable":true,"href":"https:\/\/intl.phonak.com\/bs-ba\/wp-json\/wp\/v2\/comments?post=398"}],"version-history":[{"count":16,"href":"https:\/\/intl.phonak.com\/bs-ba\/wp-json\/wp\/v2\/pages\/398\/revisions"}],"predecessor-version":[{"id":1004,"href":"https:\/\/intl.phonak.com\/bs-ba\/wp-json\/wp\/v2\/pages\/398\/revisions\/1004"}],"up":[{"embeddable":true,"href":"https:\/\/intl.phonak.com\/bs-ba\/wp-json\/wp\/v2\/pages\/361"}],"wp:featuredmedia":[{"embeddable":true,"href":"https:\/\/intl.phonak.com\/bs-ba\/wp-json\/wp\/v2\/media\/915"}],"wp:attachment":[{"href":"https:\/\/intl.phonak.com\/bs-ba\/wp-json\/wp\/v2\/media?parent=398"}],"curies":[{"name":"wp","href":"https:\/\/api.w.org\/{rel}","templated":true}]}}