{"id":392,"date":"2021-11-29T21:39:57","date_gmt":"2021-11-29T21:39:57","guid":{"rendered":"https:\/\/intl.phonak.com\/bs-ba\/go-to-a-hearing-expert\/"},"modified":"2025-11-17T16:39:24","modified_gmt":"2025-11-17T16:39:24","slug":"posjetite-strucnjaka-za-sluh","status":"publish","type":"page","link":"https:\/\/intl.phonak.com\/bs-ba\/gubitak-sluha\/posjetite-strucnjaka-za-sluh\/","title":{"rendered":"Idite kod stru\u010dnjaka za sluh"},"content":{"rendered":"\n<div class=\"wp-block-cover alignfull\"><span aria-hidden=\"true\" class=\"wp-block-cover__background has-light-grey-background-color has-background-dim-60 has-background-dim\"><\/span><img decoding=\"async\" class=\"wp-block-cover__image-background wp-image-7280\" alt=\"HCP fitting a Client\" src=\"https:\/\/intl.phonak.com\/bs-ba\/wp-content\/uploads\/sites\/3\/2023\/12\/Hearing-banner_HCPFittingClient_01-1.jpg\" data-object-fit=\"cover\"\/><div class=\"wp-block-cover__inner-container is-layout-flow wp-block-cover-is-layout-flow\">\n<h1 class=\"wp-block-heading has-text-align-center has-grey-500-color has-text-color\" id=\"your-first-appointment-with-a-hearing-expert\">Va\u0161 prvi sastanak sa stru\u010dnjakom za sluh.<\/h1>   \n<p class=\"has-text-align-center has-grey-500-color has-text-color has-lead-font-size\">Redovni testovi sluha poma\u017eu vam da rano prepoznate gubitak sluha. <br>Kada ste zadnji put testirali sluh?<\/p>   \n<div class=\"wp-block-buttons is-horizontal is-content-justification-center is-layout-flex wp-container-core-buttons-is-layout-499968f5 wp-block-buttons-is-layout-flex\">\n<div class=\"wp-block-button is-style-marker-green\"><a class=\"wp-block-button__link wp-element-button\" href=\"https:\/\/intl.phonak.com\/bs-ba\/pronadi-strucnjaka\/\">Prona\u0111i stru\u010dnjaka<\/a><\/div>\n<\/div>\n<\/div><\/div>   \n<div class=\"wp-block-group is-style-align-small is-layout-flow wp-block-group-is-layout-flow\" style=\"padding-top:0px\">\n<h2 class=\"wp-block-heading has-text-align-center\" id=\"what-to-expect\">\u0160ta o\u010dekivati<\/h2>   \n<p class=\"has-text-align-center\">Vjerovatno ste se ve\u0107 pitali \u0161ta \u0107e se desiti tokom konsultacije sa stru\u010dnjakom. Dopustite nam da vas umirimo i damo vam ideju o tome \u0161ta mo\u017eete o\u010dekivati na va\u0161em prvom sastanku. <\/p>   \n<h3 class=\"wp-block-heading has-blue-color has-text-color\" id=\"1-plan-enough-time\">1. Planirajte dovoljno vremena<\/h3>   \n<p class=\"has-text-align-left\">Va\u0161a prva posjeta \u0107e trajati oko sat vremena. Ako \u017eelite, mo\u017eete zamoliti ro\u0111aka ili prijatelja da vas prati. Mnogi ljudi se osje\u0107aju sigurnije na taj na\u010din. Prijateljsko lice pored vas je posebno korisno ako postoje problemi u komunikaciji.<\/p>   \n<h3 class=\"wp-block-heading has-blue-color has-text-color\" id=\"2-ear-examination\">2. Pregled uha<\/h3>   <p>Audiolog, prodava\u010d slu\u0161nih pomagala ili specijalista za ORL \u0107e pregledati va\u0161e u\u0161i. Ovo je da se provjeri za probleme poput prekomjernog voska ili infekcija uha.<\/p>   \n<h3 class=\"wp-block-heading has-blue-color has-text-color\" id=\"3-hearing-test\">3. Test sluha<\/h3>   <p>Nakon pregleda, audiolog, prodava\u010d slu\u0161nih pomagala ili specijalista ORL \u0107e obaviti test sluha. Bi\u0107e vam dati slu\u0161alice i stru\u010dnjak \u0107e pustiti niz tonova, neki od ovih tonova \u0107e biti glasni i lako \u010dujni, a neki \u0107e biti tihi i malo te\u017ee \u010dujni. Jedina stvar koju morate u\u010diniti je obavijestiti stru\u010dnjaka ili pritisnuti dugme kada \u010dujete ton. Nakon pregleda i testova sluha, stru\u010dnjak \u0107e vam mo\u0107i re\u0107i vi\u0161e o va\u0161em sluhu i gubitku sluha.<\/p>   \n<h3 class=\"wp-block-heading has-blue-color has-text-color\" id=\"selection-of-hearing-solutions-1\">4. Izbor slu\u0161nih rje\u0161enja<\/h3>   <p>Na kraju konsultacije, stru\u010dnjak \u0107e objasniti sve opcije dostupne vama kako biste povratili sluh. Bi\u0107e vam prikazan izbor slu\u0161nih pomagala koji su prikladni za va\u0161 gubitak sluha. Razlike i prednosti proizvoda \u0107e vam biti obja\u0161njene.<\/p>   <p>Sada je dobro vrijeme da postavite sva pitanja koja mo\u017eda imate i da stru\u010dnjaku date \u0161to vi\u0161e informacija. \u0160to vi\u0161e on ili ona zna o vama, to \u0107ete bolje pomo\u0107i dobiti. Stoga je preporu\u010dljivo razmisliti o situacijama u kojima imate pote\u0161ko\u0107a sa sluhom (tokom porodi\u010dnih okupljanja, tokom sastanaka, u bu\u010dnim okru\u017eenjima, dok gledate TV, razgovarate telefonom, slu\u0161ate muziku itd.) &nbsp;prije nego \u0161to do\u0111ete na termin.<\/p>   \n<div style=\"height:35px\" aria-hidden=\"true\" class=\"wp-block-spacer\"><\/div>\n<\/div>   \n<div class=\"wp-block-group alignfull has-light-grey-background-color has-background is-layout-flow wp-block-group-is-layout-flow\">\n<div class=\"wp-block-group is-style-align-small is-layout-flow wp-block-group-is-layout-flow\">\n<p class=\"has-text-align-center is-style-default\"><strong>SLJEDE\u0106I KORAK:<\/strong><\/p>   \n<h3 class=\"wp-block-heading has-text-align-center\" id=\"customization-of-your-new-hearing-aid-1\">Prilago\u0111avanje va\u0161eg novog slu\u0161nog aparata<\/h3>   \n<p class=\"has-text-align-center is-style-default\">Phonak je globalni lider u razvoju rje\u0161enja za sluh. Uz na\u0161e kontinuirane napore da prona\u0111emo nova rje\u0161enja, uspijevamo posti\u0107i jednu od najvi\u0161ih stopa inovacija u industriji. <\/p>   \n<p class=\"has-text-align-center\"><a href=\"https:\/\/intl.phonak.com\/bs-ba\/rjesenja\/slusni-aparati\/\">Saznajte vi\u0161e o Phonak slu\u0161nim aparatima<\/a><\/p>   \n<p class=\"has-text-align-center is-style-default\">Phonak&nbsp;slu\u0161ni aparati su prilagodljivi kako bi odgovarali va\u0161im potrebama, me\u0111utim, potrebno ih je optimizirati kako biste ostali povezani, bez obzira na va\u0161u lokaciju.<\/p>   \n<p class=\"has-text-align-center\"><a href=\"https:\/\/intl.phonak.com\/bs-ba\/gubitak-sluha\/prilagodavanje-slusnih-aparata\/\">Saznajte vi\u0161e o prilago\u0111avanju slu\u0161nih aparata<\/a><\/p>\n<\/div>\n<\/div>   \n<div class=\"wp-block-media-text is-stacked-on-mobile cta-block\" style=\"grid-template-columns:35% auto\"><figure class=\"wp-block-media-text__media\"><img decoding=\"async\" src=\"https:\/\/intl.phonak.com\/main-english\/wp-content\/uploads\/sites\/3\/2021\/11\/cta-image.jpg?w=401\" alt=\"\" class=\"wp-image-6738 size-full\"\/><\/figure><div class=\"wp-block-media-text__content\">\n<div class=\"wp-block-create-block-icon-selector\"><i class=\"fal fa-map-marker-alt\"><\/i><\/div>   \n<h3 class=\"wp-block-heading\">Stru\u010dnjaci za sluh blizu vas<\/h3>   <p>Stru\u010dnjaci za sluh mogu vam pomo\u0107i da napravite izbor koji je savr\u0161en za vas. Oni \u0107e razmotriti va\u0161e potrebe za sluhom, va\u0161 bud\u017eet, va\u0161 stil \u017eivota i va\u0161e individualne preferencije za sluh. <\/p>   <div class=\"wp-block-buttons is-layout-flex wp-block-buttons-is-layout-flex\">\n<div class=\"wp-block-button is-style-marker-green\"><a class=\"wp-block-button__link wp-element-button\" href=\"https:\/\/intl.phonak.com\/bs-ba\/pronadi-strucnjaka\/\">Prona\u0111i stru\u010dnjaka<\/a><\/div>\n<\/div>\n<\/div><\/div> ","protected":false},"excerpt":{"rendered":"<p>\u0160ta o\u010dekivati Vjerovatno ste se ve\u0107 pitali \u0161ta \u0107e se desiti tokom konsultacije sa stru\u010dnjakom. Dopustite nam da vas umirimo&#8230;<\/p>\n","protected":false},"author":5,"featured_media":0,"parent":344,"menu_order":0,"comment_status":"closed","ping_status":"closed","template":"","meta":{"_acf_changed":false,"inline_featured_image":false,"footnotes":""},"class_list":["post-392","page","type-page","status-publish","hentry"],"acf":[],"yoast_head":"<!-- This site is optimized with the Yoast SEO plugin v26.9 - https:\/\/yoast.com\/product\/yoast-seo-wordpress\/ -->\n<title>Idite kod stru\u010dnjaka za sluh - Phonak - Bosna Hercegovina<\/title>\n<meta name=\"robots\" content=\"index, follow, max-snippet:-1, max-image-preview:large, max-video-preview:-1\" \/>\n<link rel=\"canonical\" href=\"https:\/\/intl.phonak.com\/main-english\/hearing-loss\/go-to-a-hearing-expert\/\" \/>\n<meta property=\"og:locale\" content=\"en_US\" \/>\n<meta property=\"og:type\" content=\"article\" \/>\n<meta property=\"og:title\" content=\"Idite kod stru\u010dnjaka za sluh - Phonak - Bosna Hercegovina\" \/>\n<meta property=\"og:description\" content=\"\u0160ta o\u010dekivati Vjerovatno ste se ve\u0107 pitali \u0161ta \u0107e se desiti tokom konsultacije sa stru\u010dnjakom. Dopustite nam da vas umirimo...\" \/>\n<meta property=\"og:url\" content=\"https:\/\/intl.phonak.com\/bs-ba\/gubitak-sluha\/posjetite-strucnjaka-za-sluh\/\" \/>\n<meta property=\"og:site_name\" content=\"Phonak - Bosna Hercegovina\" \/>\n<meta property=\"article:modified_time\" content=\"2025-11-17T16:39:24+00:00\" \/>\n<meta name=\"twitter:card\" content=\"summary_large_image\" \/>\n<meta name=\"twitter:label1\" content=\"Est. reading time\" \/>\n\t<meta name=\"twitter:data1\" content=\"6 minutes\" \/>\n<script type=\"application\/ld+json\" class=\"yoast-schema-graph\">{\"@context\":\"https:\/\/schema.org\",\"@graph\":[{\"@type\":\"WebPage\",\"@id\":\"https:\/\/intl.phonak.com\/bs-ba\/gubitak-sluha\/posjetite-strucnjaka-za-sluh\/\",\"url\":\"https:\/\/intl.phonak.com\/bs-ba\/gubitak-sluha\/posjetite-strucnjaka-za-sluh\/\",\"name\":\"Idite kod stru\u010dnjaka za sluh - Phonak - Bosna Hercegovina\",\"isPartOf\":{\"@id\":\"https:\/\/intl.phonak.com\/bs-ba\/#website\"},\"primaryImageOfPage\":{\"@id\":\"https:\/\/intl.phonak.com\/bs-ba\/gubitak-sluha\/posjetite-strucnjaka-za-sluh\/#primaryimage\"},\"image\":{\"@id\":\"https:\/\/intl.phonak.com\/bs-ba\/gubitak-sluha\/posjetite-strucnjaka-za-sluh\/#primaryimage\"},\"thumbnailUrl\":\"https:\/\/intl.phonak.com\/bs-ba\/wp-content\/uploads\/sites\/3\/2023\/12\/Hearing-banner_HCPFittingClient_01-1.jpg\",\"datePublished\":\"2021-11-29T21:39:57+00:00\",\"dateModified\":\"2025-11-17T16:39:24+00:00\",\"breadcrumb\":{\"@id\":\"https:\/\/intl.phonak.com\/bs-ba\/gubitak-sluha\/posjetite-strucnjaka-za-sluh\/#breadcrumb\"},\"inLanguage\":\"bs-BS\",\"potentialAction\":[{\"@type\":\"ReadAction\",\"target\":[\"https:\/\/intl.phonak.com\/bs-ba\/gubitak-sluha\/posjetite-strucnjaka-za-sluh\/\"]}]},{\"@type\":\"ImageObject\",\"inLanguage\":\"bs-BS\",\"@id\":\"https:\/\/intl.phonak.com\/bs-ba\/gubitak-sluha\/posjetite-strucnjaka-za-sluh\/#primaryimage\",\"url\":\"\",\"contentUrl\":\"\"},{\"@type\":\"BreadcrumbList\",\"@id\":\"https:\/\/intl.phonak.com\/bs-ba\/gubitak-sluha\/posjetite-strucnjaka-za-sluh\/#breadcrumb\",\"itemListElement\":[{\"@type\":\"ListItem\",\"position\":1,\"name\":\"Home\",\"item\":\"https:\/\/intl.phonak.com\/bs-ba\/\"},{\"@type\":\"ListItem\",\"position\":2,\"name\":\"Gubitak sluha\",\"item\":\"https:\/\/intl.phonak.com\/bs-ba\/gubitak-sluha\/\"},{\"@type\":\"ListItem\",\"position\":3,\"name\":\"Posjetite stru\u010dnjaka za sluh\"}]},{\"@type\":\"WebSite\",\"@id\":\"https:\/\/intl.phonak.com\/bs-ba\/#website\",\"url\":\"https:\/\/intl.phonak.com\/bs-ba\/\",\"name\":\"Phonak - Bosna Hercegovina\",\"description\":\"Posve\u0107eni promjeni \u017eivota\",\"publisher\":{\"@id\":\"https:\/\/intl.phonak.com\/bs-ba\/#organization\"},\"potentialAction\":[{\"@type\":\"SearchAction\",\"target\":{\"@type\":\"EntryPoint\",\"urlTemplate\":\"https:\/\/intl.phonak.com\/bs-ba\/?s={search_term_string}\"},\"query-input\":{\"@type\":\"PropertyValueSpecification\",\"valueRequired\":true,\"valueName\":\"search_term_string\"}}],\"inLanguage\":\"bs-BS\"},{\"@type\":\"Organization\",\"@id\":\"https:\/\/intl.phonak.com\/bs-ba\/#organization\",\"name\":\"Phonak - Bosna Hercegovina\",\"url\":\"https:\/\/intl.phonak.com\/bs-ba\/\",\"logo\":{\"@type\":\"ImageObject\",\"inLanguage\":\"bs-BS\",\"@id\":\"https:\/\/intl.phonak.com\/bs-ba\/#\/schema\/logo\/image\/\",\"url\":\"https:\/\/intl.phonak.com\/bs-ba\/wp-content\/uploads\/sites\/68\/2025\/07\/logo-phonak.svg\",\"contentUrl\":\"https:\/\/intl.phonak.com\/bs-ba\/wp-content\/uploads\/sites\/68\/2025\/07\/logo-phonak.svg\",\"caption\":\"Phonak - Bosna Hercegovina\"},\"image\":{\"@id\":\"https:\/\/intl.phonak.com\/bs-ba\/#\/schema\/logo\/image\/\"}}]}<\/script>\n<!-- \/ Yoast SEO plugin. -->","yoast_head_json":{"title":"Idite kod stru\u010dnjaka za sluh - Phonak - Bosna Hercegovina","robots":{"index":"index","follow":"follow","max-snippet":"max-snippet:-1","max-image-preview":"max-image-preview:large","max-video-preview":"max-video-preview:-1"},"canonical":"https:\/\/intl.phonak.com\/main-english\/hearing-loss\/go-to-a-hearing-expert\/","og_locale":"en_US","og_type":"article","og_title":"Idite kod stru\u010dnjaka za sluh - Phonak - Bosna Hercegovina","og_description":"\u0160ta o\u010dekivati Vjerovatno ste se ve\u0107 pitali \u0161ta \u0107e se desiti tokom konsultacije sa stru\u010dnjakom. Dopustite nam da vas umirimo...","og_url":"https:\/\/intl.phonak.com\/bs-ba\/gubitak-sluha\/posjetite-strucnjaka-za-sluh\/","og_site_name":"Phonak - Bosna Hercegovina","article_modified_time":"2025-11-17T16:39:24+00:00","twitter_card":"summary_large_image","twitter_misc":{"Est. reading time":"6 minutes"},"schema":{"@context":"https:\/\/schema.org","@graph":[{"@type":"WebPage","@id":"https:\/\/intl.phonak.com\/bs-ba\/gubitak-sluha\/posjetite-strucnjaka-za-sluh\/","url":"https:\/\/intl.phonak.com\/bs-ba\/gubitak-sluha\/posjetite-strucnjaka-za-sluh\/","name":"Idite kod stru\u010dnjaka za sluh - Phonak - Bosna Hercegovina","isPartOf":{"@id":"https:\/\/intl.phonak.com\/bs-ba\/#website"},"primaryImageOfPage":{"@id":"https:\/\/intl.phonak.com\/bs-ba\/gubitak-sluha\/posjetite-strucnjaka-za-sluh\/#primaryimage"},"image":{"@id":"https:\/\/intl.phonak.com\/bs-ba\/gubitak-sluha\/posjetite-strucnjaka-za-sluh\/#primaryimage"},"thumbnailUrl":"https:\/\/intl.phonak.com\/bs-ba\/wp-content\/uploads\/sites\/3\/2023\/12\/Hearing-banner_HCPFittingClient_01-1.jpg","datePublished":"2021-11-29T21:39:57+00:00","dateModified":"2025-11-17T16:39:24+00:00","breadcrumb":{"@id":"https:\/\/intl.phonak.com\/bs-ba\/gubitak-sluha\/posjetite-strucnjaka-za-sluh\/#breadcrumb"},"inLanguage":"bs-BS","potentialAction":[{"@type":"ReadAction","target":["https:\/\/intl.phonak.com\/bs-ba\/gubitak-sluha\/posjetite-strucnjaka-za-sluh\/"]}]},{"@type":"ImageObject","inLanguage":"bs-BS","@id":"https:\/\/intl.phonak.com\/bs-ba\/gubitak-sluha\/posjetite-strucnjaka-za-sluh\/#primaryimage","url":"","contentUrl":""},{"@type":"BreadcrumbList","@id":"https:\/\/intl.phonak.com\/bs-ba\/gubitak-sluha\/posjetite-strucnjaka-za-sluh\/#breadcrumb","itemListElement":[{"@type":"ListItem","position":1,"name":"Home","item":"https:\/\/intl.phonak.com\/bs-ba\/"},{"@type":"ListItem","position":2,"name":"Gubitak sluha","item":"https:\/\/intl.phonak.com\/bs-ba\/gubitak-sluha\/"},{"@type":"ListItem","position":3,"name":"Posjetite stru\u010dnjaka za sluh"}]},{"@type":"WebSite","@id":"https:\/\/intl.phonak.com\/bs-ba\/#website","url":"https:\/\/intl.phonak.com\/bs-ba\/","name":"Phonak - Bosna Hercegovina","description":"Posve\u0107eni promjeni \u017eivota","publisher":{"@id":"https:\/\/intl.phonak.com\/bs-ba\/#organization"},"potentialAction":[{"@type":"SearchAction","target":{"@type":"EntryPoint","urlTemplate":"https:\/\/intl.phonak.com\/bs-ba\/?s={search_term_string}"},"query-input":{"@type":"PropertyValueSpecification","valueRequired":true,"valueName":"search_term_string"}}],"inLanguage":"bs-BS"},{"@type":"Organization","@id":"https:\/\/intl.phonak.com\/bs-ba\/#organization","name":"Phonak - Bosna Hercegovina","url":"https:\/\/intl.phonak.com\/bs-ba\/","logo":{"@type":"ImageObject","inLanguage":"bs-BS","@id":"https:\/\/intl.phonak.com\/bs-ba\/#\/schema\/logo\/image\/","url":"https:\/\/intl.phonak.com\/bs-ba\/wp-content\/uploads\/sites\/68\/2025\/07\/logo-phonak.svg","contentUrl":"https:\/\/intl.phonak.com\/bs-ba\/wp-content\/uploads\/sites\/68\/2025\/07\/logo-phonak.svg","caption":"Phonak - Bosna Hercegovina"},"image":{"@id":"https:\/\/intl.phonak.com\/bs-ba\/#\/schema\/logo\/image\/"}}]}},"jetpack_sharing_enabled":true,"distributor_meta":false,"distributor_terms":false,"distributor_media":false,"distributor_original_site_name":"Phonak - Bosna Hercegovina","distributor_original_site_url":"https:\/\/intl.phonak.com\/bs-ba","push-errors":false,"_links":{"self":[{"href":"https:\/\/intl.phonak.com\/bs-ba\/wp-json\/wp\/v2\/pages\/392","targetHints":{"allow":["GET"]}}],"collection":[{"href":"https:\/\/intl.phonak.com\/bs-ba\/wp-json\/wp\/v2\/pages"}],"about":[{"href":"https:\/\/intl.phonak.com\/bs-ba\/wp-json\/wp\/v2\/types\/page"}],"author":[{"embeddable":true,"href":"https:\/\/intl.phonak.com\/bs-ba\/wp-json\/wp\/v2\/users\/5"}],"replies":[{"embeddable":true,"href":"https:\/\/intl.phonak.com\/bs-ba\/wp-json\/wp\/v2\/comments?post=392"}],"version-history":[{"count":7,"href":"https:\/\/intl.phonak.com\/bs-ba\/wp-json\/wp\/v2\/pages\/392\/revisions"}],"predecessor-version":[{"id":991,"href":"https:\/\/intl.phonak.com\/bs-ba\/wp-json\/wp\/v2\/pages\/392\/revisions\/991"}],"up":[{"embeddable":true,"href":"https:\/\/intl.phonak.com\/bs-ba\/wp-json\/wp\/v2\/pages\/344"}],"wp:attachment":[{"href":"https:\/\/intl.phonak.com\/bs-ba\/wp-json\/wp\/v2\/media?parent=392"}],"curies":[{"name":"wp","href":"https:\/\/api.w.org\/{rel}","templated":true}]}}