{"id":389,"date":"2021-11-30T14:36:50","date_gmt":"2021-11-30T14:36:50","guid":{"rendered":"https:\/\/intl.phonak.com\/bs-ba\/hearing-aid-customization\/"},"modified":"2025-11-17T16:41:39","modified_gmt":"2025-11-17T16:41:39","slug":"prilagodavanje-slusnih-aparata","status":"publish","type":"page","link":"https:\/\/intl.phonak.com\/bs-ba\/gubitak-sluha\/prilagodavanje-slusnih-aparata\/","title":{"rendered":"Prilago\u0111avanje slu\u0161nog aparata"},"content":{"rendered":"\n<div class=\"wp-block-cover alignfull is-light\"><img decoding=\"async\" class=\"wp-block-cover__image-background wp-image-5329\" alt=\"\" src=\"https:\/\/intl.phonak.com\/bs-ba\/wp-content\/uploads\/sites\/3\/2022\/03\/Banner-01.jpg\" style=\"object-position:16% 56%\" data-object-fit=\"cover\" data-object-position=\"16% 56%\"\/><span aria-hidden=\"true\" class=\"wp-block-cover__background has-light-grey-background-color has-background-dim\"><\/span><div class=\"wp-block-cover__inner-container is-layout-flow wp-block-cover-is-layout-flow\">\n<h1 class=\"wp-block-heading has-text-align-center has-dark-grey-color has-text-color\" id=\"your-personal-hearing-aid\">Va\u0161e li\u010dno slu\u0161no pomagalo<\/h1>   \n<p class=\"has-text-align-center margin-bottom-0 is-style-default has-dark-grey-color has-text-color has-lead-font-size\">Pode\u0161avanje slu\u0161nog aparata se vr\u0161i u nekoliko koraka kako bi odgovaralo va\u0161em gubitku sluha, obliku uha i va\u0161im navikama slu\u0161anja.<\/p>\n<\/div><\/div>   \n<div class=\"wp-block-group is-style-align-small is-layout-flow wp-block-group-is-layout-flow\" style=\"padding-top:0px\">\n<h3 class=\"wp-block-heading has-text-align-center has-blue-color has-text-color\" id=\"get-to-know-your-hearing-aid\">Upoznajte svoj slu\u0161ni aparat<\/h3>   \n<p class=\"has-text-align-center\">Stru\u010dnjak za sluh \u0107e vam dati detaljna uputstva: Kako umetnuti ure\u0111aj, kako ga koristiti i kako kontrolisati ja\u010dinu zvuka. On ili ona \u0107e vam tako\u0111er objasniti odr\u017eavanje, kako zamijeniti baterije, \u010di\u0161\u0107enje i su\u0161enje ure\u0111aja. Na kraju, saznat \u0107ete vi\u0161e o tome kako va\u0161 slu\u0161ni aparat reaguje u razli\u010ditim situacijama slu\u0161anja. Sada mo\u017eete ponijeti svoje nove slu\u0161ne aparate ku\u0107i.<\/p>\n<\/div>   \n<div class=\"wp-block-group alignfull has-light-grey-background-color has-background is-layout-flow wp-block-group-is-layout-flow\">\n<div class=\"wp-block-group is-style-align-small is-layout-flow wp-block-group-is-layout-flow\">\n<h3 class=\"wp-block-heading has-text-align-center has-blue-color has-text-color\" id=\"first-days-with-your-new-hearing-aid\">Prvi dani s va\u0161im novim slu\u0161nim aparatom<\/h3>   \n<p class=\"has-text-align-center\">Tokom prvih nekoliko dana, trebali biste se upoznati sa svojim novim slu\u0161nim aparatom. U po\u010detku, trebali biste ga nositi nekoliko sati dnevno u poznatom okru\u017eenju. Neke stvari mogu izgledati \u010dudno za vas tokom ovog perioda. Najbolji na\u010din da istra\u017eite novi osje\u0107aj sluha je da razgovarate s ljudima ili gledate televiziju. Va\u0161 vlastiti glas mo\u017ee zvu\u010dati \u010dudno ili preglasno za vas, jer ste mo\u017eda razvili naviku da govorite preglasno kako biste \u010duli svoj vlastiti glas. Vje\u017ebajte govoriti ti\u0161e. Zapi\u0161ite svoja iskustva \u2013 to \u0107e pomo\u0107i va\u0161em stru\u010dnjaku za sluh da fino pode\u0161ava va\u0161 aparat.<\/p>   \n<p class=\"has-text-align-center\"><a href=\"https:\/\/intl.phonak.com\/bs-ba\/gubitak-sluha\/odrzavanje-slusnih-aparata\/\">Dobijte dodatnu podr\u0161ku iz na\u0161ih videozapisa o odr\u017eavanju slu\u0161nih pomagala<\/a><\/p>\n<\/div>\n<\/div>   \n<div class=\"wp-block-group is-style-align-small is-layout-flow wp-block-group-is-layout-flow\">\n<h3 class=\"wp-block-heading has-text-align-center has-blue-color has-text-color\" id=\"final-adjustment-by-your-hearing-care-professional\">Zavr\u0161no pode\u0161avanje od strane va\u0161eg stru\u010dnjaka za sluh<\/h3>   \n<p class=\"has-text-align-center\">Sada \u0107ete imati priliku razgovarati o svojim prvim iskustvima sa stru\u010dnjakom za sluh. Va\u0161 slu\u0161ni aparat \u0107e tada biti prilago\u0111en va\u0161im vrlo specifi\u010dnim potrebama. Specijalista \u0107e odgovoriti na sva va\u0161a pitanja i dati vam op\u0107e savjete. Va\u0161 slu\u0161ni aparat mo\u017ee biti pode\u0161en na ovom pregledu kako bi se dodatno pobolj\u0161ala va\u0161a udobnost i razumijevanje govora.<\/p>   \n<p class=\"has-text-align-center\">Sada \u0107ete u\u0107i u fazu u kojoj \u0107ete mo\u0107i povratiti malo kvaliteta \u017eivota svaki dan. Nastavite koristiti slu\u0161ni aparat nekoliko sati dnevno. Uzmi svoje vrijeme. Nau\u010dit \u0107ete kako najbolje iskoristiti svoj slu\u0161ni aparat i uskoro \u0107ete u\u017eivati u svim prednostima koje nudi.<\/p>   \n<div class=\"wp-block-buttons is-horizontal is-content-justification-center is-layout-flex wp-container-core-buttons-is-layout-499968f5 wp-block-buttons-is-layout-flex\">\n<div class=\"wp-block-button is-style-download\"><a class=\"wp-block-button__link wp-element-button\" href=\"https:\/\/intl.phonak.com\/bs-ba\/wp-content\/uploads\/sites\/3\/2024\/10\/PH_Pamphlet_ReviveYourHearingPreviewIntl_94x210_EN_028-0776-02.pdf\" target=\"_blank\" rel=\"noreferrer noopener\">O\u017eivite svoj sluh<\/a><\/div>\n<\/div>\n<\/div>   \n<p class=\"has-text-align-center\"><a href=\"https:\/\/intl.phonak.com\/bs-ba\/rjesenja\/\">Saznajte o rje\u0161enjima za sluh<\/a><\/p>   \n<div class=\"wp-block-media-text is-stacked-on-mobile cta-block\" style=\"grid-template-columns:35% auto\"><figure class=\"wp-block-media-text__media\"><img decoding=\"async\" src=\"https:\/\/intl.phonak.com\/main-english\/wp-content\/uploads\/sites\/3\/2021\/11\/cta-image.jpg?w=401\" alt=\"\" class=\"wp-image-6738 size-full\"\/><\/figure><div class=\"wp-block-media-text__content\">\n<div class=\"wp-block-create-block-icon-selector\"><i class=\"fal fa-map-marker-alt\"><\/i><\/div>   \n<h3 class=\"wp-block-heading\">Stru\u010dnjaci za sluh blizu vas<\/h3>   <p>Stru\u010dnjaci za sluh mogu vam pomo\u0107i da napravite izbor koji je savr\u0161en za vas. Oni \u0107e razmotriti va\u0161e potrebe za sluhom, va\u0161 bud\u017eet, va\u0161 stil \u017eivota i va\u0161e individualne preferencije za sluh. <\/p>   <div class=\"wp-block-buttons is-layout-flex wp-block-buttons-is-layout-flex\">\n<div class=\"wp-block-button is-style-marker-green\"><a class=\"wp-block-button__link wp-element-button\" href=\"https:\/\/intl.phonak.com\/bs-ba\/pronadi-strucnjaka\/\">Prona\u0111i stru\u010dnjaka<\/a><\/div>\n<\/div>\n<\/div><\/div> ","protected":false},"excerpt":{"rendered":"<p>Upoznajte svoj slu\u0161ni aparat Stru\u010dnjak za sluh \u0107e vam dati detaljna uputstva: Kako umetnuti ure\u0111aj, kako ga koristiti i kako&#8230;<\/p>\n","protected":false},"author":5,"featured_media":0,"parent":344,"menu_order":0,"comment_status":"closed","ping_status":"closed","template":"","meta":{"_acf_changed":false,"inline_featured_image":false,"footnotes":""},"class_list":["post-389","page","type-page","status-publish","hentry"],"acf":[],"yoast_head":"<!-- This site is optimized with the Yoast SEO plugin v26.9 - https:\/\/yoast.com\/product\/yoast-seo-wordpress\/ -->\n<title>Prilago\u0111avanje slu\u0161nog aparata - Phonak - Bosna Hercegovina<\/title>\n<meta name=\"robots\" content=\"index, follow, max-snippet:-1, max-image-preview:large, max-video-preview:-1\" \/>\n<link rel=\"canonical\" href=\"https:\/\/intl.phonak.com\/main-english\/hearing-loss\/hearing-aid-customization\/\" \/>\n<meta property=\"og:locale\" content=\"en_US\" \/>\n<meta property=\"og:type\" content=\"article\" \/>\n<meta property=\"og:title\" content=\"Prilago\u0111avanje slu\u0161nog aparata - Phonak - Bosna Hercegovina\" \/>\n<meta property=\"og:description\" content=\"Upoznajte svoj slu\u0161ni aparat Stru\u010dnjak za sluh \u0107e vam dati detaljna uputstva: Kako umetnuti ure\u0111aj, kako ga koristiti i kako...\" \/>\n<meta property=\"og:url\" content=\"https:\/\/intl.phonak.com\/bs-ba\/gubitak-sluha\/prilagodavanje-slusnih-aparata\/\" \/>\n<meta property=\"og:site_name\" content=\"Phonak - Bosna Hercegovina\" \/>\n<meta property=\"article:modified_time\" content=\"2025-11-17T16:41:39+00:00\" \/>\n<meta name=\"twitter:card\" content=\"summary_large_image\" \/>\n<meta name=\"twitter:label1\" content=\"Est. reading time\" \/>\n\t<meta name=\"twitter:data1\" content=\"5 minutes\" \/>\n<script type=\"application\/ld+json\" class=\"yoast-schema-graph\">{\"@context\":\"https:\/\/schema.org\",\"@graph\":[{\"@type\":\"WebPage\",\"@id\":\"https:\/\/intl.phonak.com\/bs-ba\/gubitak-sluha\/prilagodavanje-slusnih-aparata\/\",\"url\":\"https:\/\/intl.phonak.com\/bs-ba\/gubitak-sluha\/prilagodavanje-slusnih-aparata\/\",\"name\":\"Prilago\u0111avanje slu\u0161nog aparata - Phonak - Bosna Hercegovina\",\"isPartOf\":{\"@id\":\"https:\/\/intl.phonak.com\/bs-ba\/#website\"},\"primaryImageOfPage\":{\"@id\":\"https:\/\/intl.phonak.com\/bs-ba\/gubitak-sluha\/prilagodavanje-slusnih-aparata\/#primaryimage\"},\"image\":{\"@id\":\"https:\/\/intl.phonak.com\/bs-ba\/gubitak-sluha\/prilagodavanje-slusnih-aparata\/#primaryimage\"},\"thumbnailUrl\":\"https:\/\/intl.phonak.com\/bs-ba\/wp-content\/uploads\/sites\/3\/2022\/03\/Banner-01.jpg\",\"datePublished\":\"2021-11-30T14:36:50+00:00\",\"dateModified\":\"2025-11-17T16:41:39+00:00\",\"breadcrumb\":{\"@id\":\"https:\/\/intl.phonak.com\/bs-ba\/gubitak-sluha\/prilagodavanje-slusnih-aparata\/#breadcrumb\"},\"inLanguage\":\"bs-BS\",\"potentialAction\":[{\"@type\":\"ReadAction\",\"target\":[\"https:\/\/intl.phonak.com\/bs-ba\/gubitak-sluha\/prilagodavanje-slusnih-aparata\/\"]}]},{\"@type\":\"ImageObject\",\"inLanguage\":\"bs-BS\",\"@id\":\"https:\/\/intl.phonak.com\/bs-ba\/gubitak-sluha\/prilagodavanje-slusnih-aparata\/#primaryimage\",\"url\":\"\",\"contentUrl\":\"\"},{\"@type\":\"BreadcrumbList\",\"@id\":\"https:\/\/intl.phonak.com\/bs-ba\/gubitak-sluha\/prilagodavanje-slusnih-aparata\/#breadcrumb\",\"itemListElement\":[{\"@type\":\"ListItem\",\"position\":1,\"name\":\"Home\",\"item\":\"https:\/\/intl.phonak.com\/bs-ba\/\"},{\"@type\":\"ListItem\",\"position\":2,\"name\":\"Gubitak sluha\",\"item\":\"https:\/\/intl.phonak.com\/bs-ba\/gubitak-sluha\/\"},{\"@type\":\"ListItem\",\"position\":3,\"name\":\"Prilago\u0111avanje slu\u0161nih aparata\"}]},{\"@type\":\"WebSite\",\"@id\":\"https:\/\/intl.phonak.com\/bs-ba\/#website\",\"url\":\"https:\/\/intl.phonak.com\/bs-ba\/\",\"name\":\"Phonak - Bosna Hercegovina\",\"description\":\"Posve\u0107eni promjeni \u017eivota\",\"publisher\":{\"@id\":\"https:\/\/intl.phonak.com\/bs-ba\/#organization\"},\"potentialAction\":[{\"@type\":\"SearchAction\",\"target\":{\"@type\":\"EntryPoint\",\"urlTemplate\":\"https:\/\/intl.phonak.com\/bs-ba\/?s={search_term_string}\"},\"query-input\":{\"@type\":\"PropertyValueSpecification\",\"valueRequired\":true,\"valueName\":\"search_term_string\"}}],\"inLanguage\":\"bs-BS\"},{\"@type\":\"Organization\",\"@id\":\"https:\/\/intl.phonak.com\/bs-ba\/#organization\",\"name\":\"Phonak - Bosna Hercegovina\",\"url\":\"https:\/\/intl.phonak.com\/bs-ba\/\",\"logo\":{\"@type\":\"ImageObject\",\"inLanguage\":\"bs-BS\",\"@id\":\"https:\/\/intl.phonak.com\/bs-ba\/#\/schema\/logo\/image\/\",\"url\":\"https:\/\/intl.phonak.com\/bs-ba\/wp-content\/uploads\/sites\/68\/2025\/07\/logo-phonak.svg\",\"contentUrl\":\"https:\/\/intl.phonak.com\/bs-ba\/wp-content\/uploads\/sites\/68\/2025\/07\/logo-phonak.svg\",\"caption\":\"Phonak - Bosna Hercegovina\"},\"image\":{\"@id\":\"https:\/\/intl.phonak.com\/bs-ba\/#\/schema\/logo\/image\/\"}}]}<\/script>\n<!-- \/ Yoast SEO plugin. -->","yoast_head_json":{"title":"Prilago\u0111avanje slu\u0161nog aparata - Phonak - Bosna Hercegovina","robots":{"index":"index","follow":"follow","max-snippet":"max-snippet:-1","max-image-preview":"max-image-preview:large","max-video-preview":"max-video-preview:-1"},"canonical":"https:\/\/intl.phonak.com\/main-english\/hearing-loss\/hearing-aid-customization\/","og_locale":"en_US","og_type":"article","og_title":"Prilago\u0111avanje slu\u0161nog aparata - Phonak - Bosna Hercegovina","og_description":"Upoznajte svoj slu\u0161ni aparat Stru\u010dnjak za sluh \u0107e vam dati detaljna uputstva: Kako umetnuti ure\u0111aj, kako ga koristiti i kako...","og_url":"https:\/\/intl.phonak.com\/bs-ba\/gubitak-sluha\/prilagodavanje-slusnih-aparata\/","og_site_name":"Phonak - Bosna Hercegovina","article_modified_time":"2025-11-17T16:41:39+00:00","twitter_card":"summary_large_image","twitter_misc":{"Est. reading time":"5 minutes"},"schema":{"@context":"https:\/\/schema.org","@graph":[{"@type":"WebPage","@id":"https:\/\/intl.phonak.com\/bs-ba\/gubitak-sluha\/prilagodavanje-slusnih-aparata\/","url":"https:\/\/intl.phonak.com\/bs-ba\/gubitak-sluha\/prilagodavanje-slusnih-aparata\/","name":"Prilago\u0111avanje slu\u0161nog aparata - Phonak - Bosna Hercegovina","isPartOf":{"@id":"https:\/\/intl.phonak.com\/bs-ba\/#website"},"primaryImageOfPage":{"@id":"https:\/\/intl.phonak.com\/bs-ba\/gubitak-sluha\/prilagodavanje-slusnih-aparata\/#primaryimage"},"image":{"@id":"https:\/\/intl.phonak.com\/bs-ba\/gubitak-sluha\/prilagodavanje-slusnih-aparata\/#primaryimage"},"thumbnailUrl":"https:\/\/intl.phonak.com\/bs-ba\/wp-content\/uploads\/sites\/3\/2022\/03\/Banner-01.jpg","datePublished":"2021-11-30T14:36:50+00:00","dateModified":"2025-11-17T16:41:39+00:00","breadcrumb":{"@id":"https:\/\/intl.phonak.com\/bs-ba\/gubitak-sluha\/prilagodavanje-slusnih-aparata\/#breadcrumb"},"inLanguage":"bs-BS","potentialAction":[{"@type":"ReadAction","target":["https:\/\/intl.phonak.com\/bs-ba\/gubitak-sluha\/prilagodavanje-slusnih-aparata\/"]}]},{"@type":"ImageObject","inLanguage":"bs-BS","@id":"https:\/\/intl.phonak.com\/bs-ba\/gubitak-sluha\/prilagodavanje-slusnih-aparata\/#primaryimage","url":"","contentUrl":""},{"@type":"BreadcrumbList","@id":"https:\/\/intl.phonak.com\/bs-ba\/gubitak-sluha\/prilagodavanje-slusnih-aparata\/#breadcrumb","itemListElement":[{"@type":"ListItem","position":1,"name":"Home","item":"https:\/\/intl.phonak.com\/bs-ba\/"},{"@type":"ListItem","position":2,"name":"Gubitak sluha","item":"https:\/\/intl.phonak.com\/bs-ba\/gubitak-sluha\/"},{"@type":"ListItem","position":3,"name":"Prilago\u0111avanje slu\u0161nih aparata"}]},{"@type":"WebSite","@id":"https:\/\/intl.phonak.com\/bs-ba\/#website","url":"https:\/\/intl.phonak.com\/bs-ba\/","name":"Phonak - Bosna Hercegovina","description":"Posve\u0107eni promjeni \u017eivota","publisher":{"@id":"https:\/\/intl.phonak.com\/bs-ba\/#organization"},"potentialAction":[{"@type":"SearchAction","target":{"@type":"EntryPoint","urlTemplate":"https:\/\/intl.phonak.com\/bs-ba\/?s={search_term_string}"},"query-input":{"@type":"PropertyValueSpecification","valueRequired":true,"valueName":"search_term_string"}}],"inLanguage":"bs-BS"},{"@type":"Organization","@id":"https:\/\/intl.phonak.com\/bs-ba\/#organization","name":"Phonak - Bosna Hercegovina","url":"https:\/\/intl.phonak.com\/bs-ba\/","logo":{"@type":"ImageObject","inLanguage":"bs-BS","@id":"https:\/\/intl.phonak.com\/bs-ba\/#\/schema\/logo\/image\/","url":"https:\/\/intl.phonak.com\/bs-ba\/wp-content\/uploads\/sites\/68\/2025\/07\/logo-phonak.svg","contentUrl":"https:\/\/intl.phonak.com\/bs-ba\/wp-content\/uploads\/sites\/68\/2025\/07\/logo-phonak.svg","caption":"Phonak - Bosna Hercegovina"},"image":{"@id":"https:\/\/intl.phonak.com\/bs-ba\/#\/schema\/logo\/image\/"}}]}},"jetpack_sharing_enabled":true,"distributor_meta":false,"distributor_terms":false,"distributor_media":false,"distributor_original_site_name":"Phonak - Bosna Hercegovina","distributor_original_site_url":"https:\/\/intl.phonak.com\/bs-ba","push-errors":false,"_links":{"self":[{"href":"https:\/\/intl.phonak.com\/bs-ba\/wp-json\/wp\/v2\/pages\/389","targetHints":{"allow":["GET"]}}],"collection":[{"href":"https:\/\/intl.phonak.com\/bs-ba\/wp-json\/wp\/v2\/pages"}],"about":[{"href":"https:\/\/intl.phonak.com\/bs-ba\/wp-json\/wp\/v2\/types\/page"}],"author":[{"embeddable":true,"href":"https:\/\/intl.phonak.com\/bs-ba\/wp-json\/wp\/v2\/users\/5"}],"replies":[{"embeddable":true,"href":"https:\/\/intl.phonak.com\/bs-ba\/wp-json\/wp\/v2\/comments?post=389"}],"version-history":[{"count":7,"href":"https:\/\/intl.phonak.com\/bs-ba\/wp-json\/wp\/v2\/pages\/389\/revisions"}],"predecessor-version":[{"id":992,"href":"https:\/\/intl.phonak.com\/bs-ba\/wp-json\/wp\/v2\/pages\/389\/revisions\/992"}],"up":[{"embeddable":true,"href":"https:\/\/intl.phonak.com\/bs-ba\/wp-json\/wp\/v2\/pages\/344"}],"wp:attachment":[{"href":"https:\/\/intl.phonak.com\/bs-ba\/wp-json\/wp\/v2\/media?parent=389"}],"curies":[{"name":"wp","href":"https:\/\/api.w.org\/{rel}","templated":true}]}}