{"id":386,"date":"2021-11-30T15:12:48","date_gmt":"2021-11-30T15:12:48","guid":{"rendered":"https:\/\/intl.phonak.com\/bs-ba\/hearing-aid-styles\/"},"modified":"2026-02-16T13:27:03","modified_gmt":"2026-02-16T13:27:03","slug":"stilovi-slusnih-aparata","status":"publish","type":"page","link":"https:\/\/intl.phonak.com\/bs-ba\/rjesenja\/stilovi-slusnih-aparata\/","title":{"rendered":"Stilovi slu\u0161nih pomagala"},"content":{"rendered":"\n<div class=\"wp-block-cover alignfull is-light\"><img decoding=\"async\" class=\"wp-block-cover__image-background wp-image-4536\" alt=\"Hearing aid styles\" src=\"https:\/\/intl.phonak.com\/bs-ba\/wp-content\/uploads\/sites\/3\/2022\/02\/Banner-hearing-aid-styles.jpg\" data-object-fit=\"cover\"\/><span aria-hidden=\"true\" class=\"wp-block-cover__background has-white-background-color has-background-dim-70 has-background-dim\"><\/span><div class=\"wp-block-cover__inner-container is-layout-flow wp-block-cover-is-layout-flow\">\n<h1 class=\"wp-block-heading has-text-align-center has-dark-grey-color has-text-color\" id=\"phonak-hearing-aid-styles\">Stilovi slu\u0161nih pomagala Phonak<\/h1>\n\n\n\n<p class=\"has-text-align-center margin-bottom-0 has-dark-grey-color has-text-color has-lead-font-size\">Udobno povezan<\/p>\n<\/div><\/div>\n\n\n\n<div class=\"wp-block-group is-style-align-small is-layout-flow wp-block-group-is-layout-flow\" style=\"padding-top:0px\">\n<h2 class=\"wp-block-heading has-text-align-center\" id=\"discover-the-style-that-fits-perfect-to-you\">Otkrijte stil koji vam savr\u0161eno odgovara<\/h2>\n\n\n\n<p class=\"has-text-align-center\">Moderni slu\u0161ni aparati nude \u0161irok spektar funkcija i raznolikost. Va\u0161 stru\u010dnjak za sluh \u0107e vam pomo\u0107i da napravite izbor koji je savr\u0161en za vas. Oni \u0107e razmotriti va\u0161e potrebe za sluhom, va\u0161 bud\u017eet, va\u0161 stil \u017eivota i va\u0161e individualne preferencije za sluh.<\/p>\n<\/div>\n\n\n\n<div class=\"wp-block-columns is-layout-flex wp-container-core-columns-is-layout-9d6595d7 wp-block-columns-is-layout-flex\">\n<div class=\"wp-block-column is-layout-flow wp-block-column-is-layout-flow\">\n<figure class=\"wp-block-image size-large is-resized is-style-default\"><img decoding=\"async\" src=\"https:\/\/intl.phonak.com\/wp-content\/uploads\/2021\/11\/custom-products.jpeg?w=292\" alt=\"\" class=\"wp-image-2201\" style=\"width:289px;height:221px\"\/><\/figure>\n\n\n\n<h4 class=\"wp-block-heading\" id=\"custom-products-ite\">Prilago\u0111eni proizvodi (ITE)<\/h4>\n\n\n\n<p>Ovi modeli su napravljeni posebno da odgovaraju obliku va\u0161eg u\u0161nog kanala za maksimalnu korist i najbolju mogu\u0107u udobnost. Dostupni su u mnogim tonovima ko\u017ee, nenametljivi su i vrlo efikasni. Najmanji modeli se nalaze u va\u0161em u\u0161nom kanalu i gotovo su nevidljivi. Ovi modeli su pogodni za blagi do te\u0161ki gubitak sluha.<\/p>\n\n\n\n<p class=\"has-text-align-left\"><strong>Dostupni slu\u0161ni aparati:<\/strong><\/p>\n\n\n\n<p><strong><a href=\"https:\/\/intl.phonak.com\/bs-ba\/proizvodi\/phonak-virto-infinio\/\">Virto<\/a><\/strong><\/p>\n<\/div>\n\n\n\n<div class=\"wp-block-column is-layout-flow wp-block-column-is-layout-flow\">\n<figure class=\"wp-block-image size-large is-style-not-rounded\"><img decoding=\"async\" src=\"https:\/\/intl.phonak.com\/wp-content\/uploads\/2021\/11\/receiver-in-canal.jpeg?w=292\" alt=\"\" class=\"wp-image-2202\"\/><\/figure>\n\n\n\n<h4 class=\"wp-block-heading\" id=\"receiver-in-canal-ric\">Prijemnik-u-kanalu (RIC)<\/h4>\n\n\n\n<p>Ovi modeli su manji od standardnih BTE modela i dostupni su za blagi do te\u0161ki gubitak sluha. Mogu se udobno nositi iza uha. Ovi modeli su dostupni u mnogo razli\u010ditih boja, stilova i dizajna.<\/p>\n\n\n\n<p><strong>Dostupni slu\u0161ni aparati:<\/strong><\/p>\n\n\n\n<p><strong><a href=\"https:\/\/intl.phonak.com\/bs-ba\/proizvodi\/phonak-audeo-infinio\/\">Aud\u00e9o<\/a><\/strong><\/p>\n<\/div>\n\n\n\n<div class=\"wp-block-column is-layout-flow wp-block-column-is-layout-flow\">\n<figure class=\"wp-block-image size-large is-style-not-rounded\"><img decoding=\"async\" src=\"https:\/\/intl.phonak.com\/wp-content\/uploads\/2021\/11\/behind-the-ear.jpeg?w=292\" alt=\"\" class=\"wp-image-2200\"\/><\/figure>\n\n\n\n<h4 class=\"wp-block-heading\" id=\"behind-the-ear-bte\">Iza uha (BTE)<\/h4>\n\n\n\n<p>BTE modeli su dostupni za sve stepene gubitka sluha i, kao \u0161to ime sugeri\u0161e, mogu se udobno nositi iza uha. Ovi modeli su dostupni u mnogo razli\u010ditih boja, stilova i dizajna.<\/p>\n\n\n\n<p><strong>Dostupni slu\u0161ni aparati:<\/strong><\/p>\n\n\n\n<p><strong><a href=\"https:\/\/intl.phonak.com\/bs-ba\/proizvodi\/phonak-naida-lumity\/\">Na\u00edda<\/a><\/strong> <strong>| <strong><a href=\"https:\/\/intl.phonak.com\/bs-ba\/proizvodi\/phonak-sky-lumity\/\">Sky<\/a> <\/strong><\/strong><\/p>\n<\/div>\n<\/div>\n\n\n\n<div class=\"wp-block-group alignfull has-light-grey-background-color has-background is-layout-flow wp-block-group-is-layout-flow\">\n<div class=\"wp-block-group is-style-align-small is-layout-flow wp-block-group-is-layout-flow\">\n<h3 class=\"wp-block-heading has-text-align-center\" id=\"get-professional-help-1\">Dobijte profesionalnu pomo\u0107<\/h3>\n\n\n\n<p class=\"has-text-align-center\">Moderni slu\u0161ni aparati nude \u0161irok spektar funkcija i raznolikost. Va\u0161 stru\u010dnjak za sluh \u0107e vam pomo\u0107i da napravite izbor koji je savr\u0161en za vas. Oni \u0107e razmotriti va\u0161e potrebe za sluhom, va\u0161 bud\u017eet, va\u0161 stil \u017eivota i va\u0161e individualne preferencije za sluh.<\/p>\n<\/div>\n<\/div>\n\n\n\n<div style=\"height:24px\" aria-hidden=\"true\" class=\"wp-block-spacer\"><\/div>\n\n\n\n<p class=\"has-text-align-center\"><a href=\"https:\/\/intl.phonak.com\/bs-ba\/rjesenja\/slusni-aparati\/\">Istra\u017eite opcije slu\u0161nih pomagala<\/a><\/p>\n\n\n\n<div style=\"height:28px\" aria-hidden=\"true\" class=\"wp-block-spacer\"><\/div>\n\n\n\n<div class=\"wp-block-media-text is-stacked-on-mobile cta-block\" style=\"grid-template-columns:35% auto\"><figure class=\"wp-block-media-text__media\"><img decoding=\"async\" src=\"https:\/\/intl.phonak.com\/main-english\/wp-content\/uploads\/sites\/3\/2021\/11\/cta-image.jpg?w=401\" alt=\"\" class=\"wp-image-6738 size-full\"\/><\/figure><div class=\"wp-block-media-text__content\">\n<div class=\"wp-block-create-block-icon-selector\"><i class=\"fal fa-map-marker-alt\"><\/i><\/div>   \n<h3 class=\"wp-block-heading\">Stru\u010dnjaci za sluh blizu vas<\/h3>   <p>Stru\u010dnjaci za sluh mogu vam pomo\u0107i da napravite izbor koji je savr\u0161en za vas. Oni \u0107e razmotriti va\u0161e potrebe za sluhom, va\u0161 bud\u017eet, va\u0161 stil \u017eivota i va\u0161e individualne preferencije za sluh. <\/p>   <div class=\"wp-block-buttons is-layout-flex wp-block-buttons-is-layout-flex\">\n<div class=\"wp-block-button is-style-marker-green\"><a class=\"wp-block-button__link wp-element-button\" href=\"https:\/\/intl.phonak.com\/bs-ba\/pronadi-strucnjaka\/\">Prona\u0111i stru\u010dnjaka<\/a><\/div>\n<\/div>\n<\/div><\/div> ","protected":false},"excerpt":{"rendered":"<p>Otkrijte stil koji vam savr\u0161eno odgovara Moderni slu\u0161ni aparati nude \u0161irok spektar funkcija i raznolikost. Va\u0161 stru\u010dnjak za sluh \u0107e&#8230;<\/p>\n","protected":false},"author":5,"featured_media":908,"parent":361,"menu_order":0,"comment_status":"closed","ping_status":"closed","template":"","meta":{"_acf_changed":false,"inline_featured_image":false,"footnotes":""},"class_list":["post-386","page","type-page","status-publish","has-post-thumbnail","hentry"],"acf":[],"yoast_head":"<!-- This site is optimized with the Yoast SEO plugin v26.9 - https:\/\/yoast.com\/product\/yoast-seo-wordpress\/ -->\n<title>Stilovi slu\u0161nih pomagala - Phonak - Bosna Hercegovina<\/title>\n<meta name=\"robots\" content=\"index, follow, max-snippet:-1, max-image-preview:large, max-video-preview:-1\" \/>\n<link rel=\"canonical\" href=\"https:\/\/intl.phonak.com\/main-english\/solutions\/hearing-aid-styles\/\" \/>\n<meta property=\"og:locale\" content=\"en_US\" \/>\n<meta property=\"og:type\" content=\"article\" \/>\n<meta property=\"og:title\" content=\"Stilovi slu\u0161nih pomagala - Phonak - Bosna Hercegovina\" \/>\n<meta property=\"og:description\" content=\"Otkrijte stil koji vam savr\u0161eno odgovara Moderni slu\u0161ni aparati nude \u0161irok spektar funkcija i raznolikost. Va\u0161 stru\u010dnjak za sluh \u0107e...\" \/>\n<meta property=\"og:url\" content=\"https:\/\/intl.phonak.com\/bs-ba\/rjesenja\/stilovi-slusnih-aparata\/\" \/>\n<meta property=\"og:site_name\" content=\"Phonak - Bosna Hercegovina\" \/>\n<meta property=\"article:modified_time\" content=\"2026-02-16T13:27:03+00:00\" \/>\n<meta property=\"og:image\" content=\"https:\/\/intl.phonak.com\/bs-ba\/wp-content\/uploads\/sites\/68\/2021\/11\/PH_Packshot_Audeo-I-Sphere-xReceiver_050-1029-P7-3.png\" \/>\n\t<meta property=\"og:image:width\" content=\"600\" \/>\n\t<meta property=\"og:image:height\" content=\"600\" \/>\n\t<meta property=\"og:image:type\" content=\"image\/png\" \/>\n<meta name=\"twitter:card\" content=\"summary_large_image\" \/>\n<meta name=\"twitter:label1\" content=\"Est. reading time\" \/>\n\t<meta name=\"twitter:data1\" content=\"5 minutes\" \/>\n<script type=\"application\/ld+json\" class=\"yoast-schema-graph\">{\"@context\":\"https:\/\/schema.org\",\"@graph\":[{\"@type\":\"WebPage\",\"@id\":\"https:\/\/intl.phonak.com\/bs-ba\/rjesenja\/stilovi-slusnih-aparata\/\",\"url\":\"https:\/\/intl.phonak.com\/bs-ba\/rjesenja\/stilovi-slusnih-aparata\/\",\"name\":\"Stilovi slu\u0161nih pomagala - Phonak - Bosna Hercegovina\",\"isPartOf\":{\"@id\":\"https:\/\/intl.phonak.com\/bs-ba\/#website\"},\"primaryImageOfPage\":{\"@id\":\"https:\/\/intl.phonak.com\/bs-ba\/rjesenja\/stilovi-slusnih-aparata\/#primaryimage\"},\"image\":{\"@id\":\"https:\/\/intl.phonak.com\/bs-ba\/rjesenja\/stilovi-slusnih-aparata\/#primaryimage\"},\"thumbnailUrl\":\"https:\/\/intl.phonak.com\/bs-ba\/wp-content\/uploads\/sites\/68\/2021\/11\/PH_Packshot_Audeo-I-Sphere-xReceiver_050-1029-P7-3.png\",\"datePublished\":\"2021-11-30T15:12:48+00:00\",\"dateModified\":\"2026-02-16T13:27:03+00:00\",\"breadcrumb\":{\"@id\":\"https:\/\/intl.phonak.com\/bs-ba\/rjesenja\/stilovi-slusnih-aparata\/#breadcrumb\"},\"inLanguage\":\"bs-BS\",\"potentialAction\":[{\"@type\":\"ReadAction\",\"target\":[\"https:\/\/intl.phonak.com\/bs-ba\/rjesenja\/stilovi-slusnih-aparata\/\"]}]},{\"@type\":\"ImageObject\",\"inLanguage\":\"bs-BS\",\"@id\":\"https:\/\/intl.phonak.com\/bs-ba\/rjesenja\/stilovi-slusnih-aparata\/#primaryimage\",\"url\":\"https:\/\/intl.phonak.com\/bs-ba\/wp-content\/uploads\/sites\/68\/2021\/11\/PH_Packshot_Audeo-I-Sphere-xReceiver_050-1029-P7-3.png\",\"contentUrl\":\"https:\/\/intl.phonak.com\/bs-ba\/wp-content\/uploads\/sites\/68\/2021\/11\/PH_Packshot_Audeo-I-Sphere-xReceiver_050-1029-P7-3.png\",\"width\":600,\"height\":600,\"caption\":\"Phonak Aud\u00e9o Sphere Infinio\"},{\"@type\":\"BreadcrumbList\",\"@id\":\"https:\/\/intl.phonak.com\/bs-ba\/rjesenja\/stilovi-slusnih-aparata\/#breadcrumb\",\"itemListElement\":[{\"@type\":\"ListItem\",\"position\":1,\"name\":\"Home\",\"item\":\"https:\/\/intl.phonak.com\/bs-ba\/\"},{\"@type\":\"ListItem\",\"position\":2,\"name\":\"Rje\u0161enja\",\"item\":\"https:\/\/intl.phonak.com\/bs-ba\/rjesenja\/\"},{\"@type\":\"ListItem\",\"position\":3,\"name\":\"Stilovi slu\u0161nih pomagala\"}]},{\"@type\":\"WebSite\",\"@id\":\"https:\/\/intl.phonak.com\/bs-ba\/#website\",\"url\":\"https:\/\/intl.phonak.com\/bs-ba\/\",\"name\":\"Phonak - Bosna Hercegovina\",\"description\":\"Posve\u0107eni promjeni \u017eivota\",\"publisher\":{\"@id\":\"https:\/\/intl.phonak.com\/bs-ba\/#organization\"},\"potentialAction\":[{\"@type\":\"SearchAction\",\"target\":{\"@type\":\"EntryPoint\",\"urlTemplate\":\"https:\/\/intl.phonak.com\/bs-ba\/?s={search_term_string}\"},\"query-input\":{\"@type\":\"PropertyValueSpecification\",\"valueRequired\":true,\"valueName\":\"search_term_string\"}}],\"inLanguage\":\"bs-BS\"},{\"@type\":\"Organization\",\"@id\":\"https:\/\/intl.phonak.com\/bs-ba\/#organization\",\"name\":\"Phonak - Bosna Hercegovina\",\"url\":\"https:\/\/intl.phonak.com\/bs-ba\/\",\"logo\":{\"@type\":\"ImageObject\",\"inLanguage\":\"bs-BS\",\"@id\":\"https:\/\/intl.phonak.com\/bs-ba\/#\/schema\/logo\/image\/\",\"url\":\"https:\/\/intl.phonak.com\/bs-ba\/wp-content\/uploads\/sites\/68\/2025\/07\/logo-phonak.svg\",\"contentUrl\":\"https:\/\/intl.phonak.com\/bs-ba\/wp-content\/uploads\/sites\/68\/2025\/07\/logo-phonak.svg\",\"caption\":\"Phonak - Bosna Hercegovina\"},\"image\":{\"@id\":\"https:\/\/intl.phonak.com\/bs-ba\/#\/schema\/logo\/image\/\"}}]}<\/script>\n<!-- \/ Yoast SEO plugin. -->","yoast_head_json":{"title":"Stilovi slu\u0161nih pomagala - Phonak - Bosna Hercegovina","robots":{"index":"index","follow":"follow","max-snippet":"max-snippet:-1","max-image-preview":"max-image-preview:large","max-video-preview":"max-video-preview:-1"},"canonical":"https:\/\/intl.phonak.com\/main-english\/solutions\/hearing-aid-styles\/","og_locale":"en_US","og_type":"article","og_title":"Stilovi slu\u0161nih pomagala - Phonak - Bosna Hercegovina","og_description":"Otkrijte stil koji vam savr\u0161eno odgovara Moderni slu\u0161ni aparati nude \u0161irok spektar funkcija i raznolikost. Va\u0161 stru\u010dnjak za sluh \u0107e...","og_url":"https:\/\/intl.phonak.com\/bs-ba\/rjesenja\/stilovi-slusnih-aparata\/","og_site_name":"Phonak - Bosna Hercegovina","article_modified_time":"2026-02-16T13:27:03+00:00","og_image":[{"width":600,"height":600,"url":"https:\/\/intl.phonak.com\/bs-ba\/wp-content\/uploads\/sites\/68\/2021\/11\/PH_Packshot_Audeo-I-Sphere-xReceiver_050-1029-P7-3.png","type":"image\/png"}],"twitter_card":"summary_large_image","twitter_misc":{"Est. reading time":"5 minutes"},"schema":{"@context":"https:\/\/schema.org","@graph":[{"@type":"WebPage","@id":"https:\/\/intl.phonak.com\/bs-ba\/rjesenja\/stilovi-slusnih-aparata\/","url":"https:\/\/intl.phonak.com\/bs-ba\/rjesenja\/stilovi-slusnih-aparata\/","name":"Stilovi slu\u0161nih pomagala - Phonak - Bosna Hercegovina","isPartOf":{"@id":"https:\/\/intl.phonak.com\/bs-ba\/#website"},"primaryImageOfPage":{"@id":"https:\/\/intl.phonak.com\/bs-ba\/rjesenja\/stilovi-slusnih-aparata\/#primaryimage"},"image":{"@id":"https:\/\/intl.phonak.com\/bs-ba\/rjesenja\/stilovi-slusnih-aparata\/#primaryimage"},"thumbnailUrl":"https:\/\/intl.phonak.com\/bs-ba\/wp-content\/uploads\/sites\/68\/2021\/11\/PH_Packshot_Audeo-I-Sphere-xReceiver_050-1029-P7-3.png","datePublished":"2021-11-30T15:12:48+00:00","dateModified":"2026-02-16T13:27:03+00:00","breadcrumb":{"@id":"https:\/\/intl.phonak.com\/bs-ba\/rjesenja\/stilovi-slusnih-aparata\/#breadcrumb"},"inLanguage":"bs-BS","potentialAction":[{"@type":"ReadAction","target":["https:\/\/intl.phonak.com\/bs-ba\/rjesenja\/stilovi-slusnih-aparata\/"]}]},{"@type":"ImageObject","inLanguage":"bs-BS","@id":"https:\/\/intl.phonak.com\/bs-ba\/rjesenja\/stilovi-slusnih-aparata\/#primaryimage","url":"https:\/\/intl.phonak.com\/bs-ba\/wp-content\/uploads\/sites\/68\/2021\/11\/PH_Packshot_Audeo-I-Sphere-xReceiver_050-1029-P7-3.png","contentUrl":"https:\/\/intl.phonak.com\/bs-ba\/wp-content\/uploads\/sites\/68\/2021\/11\/PH_Packshot_Audeo-I-Sphere-xReceiver_050-1029-P7-3.png","width":600,"height":600,"caption":"Phonak Aud\u00e9o Sphere Infinio"},{"@type":"BreadcrumbList","@id":"https:\/\/intl.phonak.com\/bs-ba\/rjesenja\/stilovi-slusnih-aparata\/#breadcrumb","itemListElement":[{"@type":"ListItem","position":1,"name":"Home","item":"https:\/\/intl.phonak.com\/bs-ba\/"},{"@type":"ListItem","position":2,"name":"Rje\u0161enja","item":"https:\/\/intl.phonak.com\/bs-ba\/rjesenja\/"},{"@type":"ListItem","position":3,"name":"Stilovi slu\u0161nih pomagala"}]},{"@type":"WebSite","@id":"https:\/\/intl.phonak.com\/bs-ba\/#website","url":"https:\/\/intl.phonak.com\/bs-ba\/","name":"Phonak - Bosna Hercegovina","description":"Posve\u0107eni promjeni \u017eivota","publisher":{"@id":"https:\/\/intl.phonak.com\/bs-ba\/#organization"},"potentialAction":[{"@type":"SearchAction","target":{"@type":"EntryPoint","urlTemplate":"https:\/\/intl.phonak.com\/bs-ba\/?s={search_term_string}"},"query-input":{"@type":"PropertyValueSpecification","valueRequired":true,"valueName":"search_term_string"}}],"inLanguage":"bs-BS"},{"@type":"Organization","@id":"https:\/\/intl.phonak.com\/bs-ba\/#organization","name":"Phonak - Bosna Hercegovina","url":"https:\/\/intl.phonak.com\/bs-ba\/","logo":{"@type":"ImageObject","inLanguage":"bs-BS","@id":"https:\/\/intl.phonak.com\/bs-ba\/#\/schema\/logo\/image\/","url":"https:\/\/intl.phonak.com\/bs-ba\/wp-content\/uploads\/sites\/68\/2025\/07\/logo-phonak.svg","contentUrl":"https:\/\/intl.phonak.com\/bs-ba\/wp-content\/uploads\/sites\/68\/2025\/07\/logo-phonak.svg","caption":"Phonak - Bosna Hercegovina"},"image":{"@id":"https:\/\/intl.phonak.com\/bs-ba\/#\/schema\/logo\/image\/"}}]}},"jetpack_sharing_enabled":true,"distributor_meta":false,"distributor_terms":false,"distributor_media":false,"distributor_original_site_name":"Phonak - Bosna Hercegovina","distributor_original_site_url":"https:\/\/intl.phonak.com\/bs-ba","push-errors":false,"_links":{"self":[{"href":"https:\/\/intl.phonak.com\/bs-ba\/wp-json\/wp\/v2\/pages\/386","targetHints":{"allow":["GET"]}}],"collection":[{"href":"https:\/\/intl.phonak.com\/bs-ba\/wp-json\/wp\/v2\/pages"}],"about":[{"href":"https:\/\/intl.phonak.com\/bs-ba\/wp-json\/wp\/v2\/types\/page"}],"author":[{"embeddable":true,"href":"https:\/\/intl.phonak.com\/bs-ba\/wp-json\/wp\/v2\/users\/5"}],"replies":[{"embeddable":true,"href":"https:\/\/intl.phonak.com\/bs-ba\/wp-json\/wp\/v2\/comments?post=386"}],"version-history":[{"count":12,"href":"https:\/\/intl.phonak.com\/bs-ba\/wp-json\/wp\/v2\/pages\/386\/revisions"}],"predecessor-version":[{"id":1096,"href":"https:\/\/intl.phonak.com\/bs-ba\/wp-json\/wp\/v2\/pages\/386\/revisions\/1096"}],"up":[{"embeddable":true,"href":"https:\/\/intl.phonak.com\/bs-ba\/wp-json\/wp\/v2\/pages\/361"}],"wp:featuredmedia":[{"embeddable":true,"href":"https:\/\/intl.phonak.com\/bs-ba\/wp-json\/wp\/v2\/media\/908"}],"wp:attachment":[{"href":"https:\/\/intl.phonak.com\/bs-ba\/wp-json\/wp\/v2\/media?parent=386"}],"curies":[{"name":"wp","href":"https:\/\/api.w.org\/{rel}","templated":true}]}}