{"id":380,"date":"2021-12-02T15:55:10","date_gmt":"2021-12-02T15:55:10","guid":{"rendered":"https:\/\/intl.phonak.com\/bs-ba\/hearing-aids\/"},"modified":"2026-02-24T13:18:18","modified_gmt":"2026-02-24T13:18:18","slug":"slusni-aparati","status":"publish","type":"page","link":"https:\/\/intl.phonak.com\/bs-ba\/rjesenja\/slusni-aparati\/","title":{"rendered":"Slu\u0161ni aparati"},"content":{"rendered":"\n<div class=\"wp-block-cover alignfull is-light\"><img loading=\"lazy\" decoding=\"async\" width=\"3802\" height=\"860\" class=\"wp-block-cover__image-background wp-image-1099 size-large\" alt=\"\" src=\"https:\/\/intl.phonak.com\/bs-ba\/wp-content\/uploads\/sites\/68\/2026\/02\/Banner_Hearing-aids.jpg?w=1024\" data-object-fit=\"cover\" srcset=\"https:\/\/intl.phonak.com\/bs-ba\/wp-content\/uploads\/sites\/68\/2026\/02\/Banner_Hearing-aids.jpg 3802w, https:\/\/intl.phonak.com\/bs-ba\/wp-content\/uploads\/sites\/68\/2026\/02\/Banner_Hearing-aids.jpg?resize=300,68 300w, https:\/\/intl.phonak.com\/bs-ba\/wp-content\/uploads\/sites\/68\/2026\/02\/Banner_Hearing-aids.jpg?resize=768,174 768w, https:\/\/intl.phonak.com\/bs-ba\/wp-content\/uploads\/sites\/68\/2026\/02\/Banner_Hearing-aids.jpg?resize=1024,232 1024w, https:\/\/intl.phonak.com\/bs-ba\/wp-content\/uploads\/sites\/68\/2026\/02\/Banner_Hearing-aids.jpg?resize=1536,347 1536w, https:\/\/intl.phonak.com\/bs-ba\/wp-content\/uploads\/sites\/68\/2026\/02\/Banner_Hearing-aids.jpg?resize=2048,463 2048w\" sizes=\"auto, (max-width: 3802px) 100vw, 3802px\" \/><span aria-hidden=\"true\" class=\"wp-block-cover__background has-white-background-color has-background-dim-40 has-background-dim\"><\/span><div class=\"wp-block-cover__inner-container is-layout-flow wp-block-cover-is-layout-flow\">\n<h1 class=\"wp-block-heading has-text-align-center has-dark-grey-color has-text-color\" id=\"participate-fully-in-life\">U\u010destvujte u \u017eivotu u potpunosti<\/h1>\n\n\n\n<p class=\"has-text-align-center margin-bottom-0 has-dark-grey-color has-text-color has-lead-font-size\">U\u017eivajte u vi\u0161e magi\u010dnih trenutaka \u017eivota<\/p>\n<\/div><\/div>\n\n\n\n<div class=\"wp-block-group is-style-align-small is-layout-flow wp-block-group-is-layout-flow\" style=\"padding-top:0px\">\n<h2 class=\"wp-block-heading has-text-align-center\" id=\"phonak-hearing-aids-flexible-forms-colors-and-styles\">Phonak slu\u0161ni aparati &#8211; <\/h2>\n\n\n\n<h2 class=\"wp-block-heading has-text-align-center\" id=\"phonak-hearing-aids-flexible-forms-colors-and-styles\">fleksibilni oblici, boje i stilovi<\/h2>\n\n\n\n<p class=\"has-text-align-center\">Phonak ima pravi slu\u0161ni aparat za vas &#8211; bez obzira na va\u0161 tip gubitka sluha, stil \u017eivota, li\u010dne preferencije, va\u0161u dob ili va\u0161 bud\u017eet. Odlu\u010dili smo razviti izvanredna rje\u0161enja za sluh za svakoga. Vi\u0161e detalja o ovim proizvodima mo\u017eete prona\u0107i u nastavku ili mo\u017eete pitati svog stru\u010dnjaka za sluh.<\/p>\n<\/div>\n\n\n\n<div\n\tclass=\"wp-block-phonak-products is-forntend alignwide\"\n\tdata-attributes=\"{&quot;categories&quot;:&quot;3&quot;,&quot;perPage&quot;:&quot;9&quot;,&quot;defaultCategories&quot;:[3],&quot;align&quot;:&quot;wide&quot;,&quot;showPagination&quot;:true,&quot;showFilter&quot;:true,&quot;enabledFilters&quot;:[&quot;platforms&quot;,&quot;categories&quot;,&quot;productTypes&quot;],&quot;defaultPlatforms&quot;:[],&quot;defaultProductTypes&quot;:[]}\"\n\tdata-locale=\"bs_BS\">\n<\/div>\n","protected":false},"excerpt":{"rendered":"<p>Phonak slu\u0161ni aparati &#8211; fleksibilni oblici, boje i stilovi Phonak ima pravi slu\u0161ni aparat za vas &#8211; bez obzira na&#8230;<\/p>\n","protected":false},"author":5,"featured_media":912,"parent":361,"menu_order":0,"comment_status":"closed","ping_status":"closed","template":"","meta":{"_acf_changed":false,"inline_featured_image":false,"footnotes":""},"class_list":["post-380","page","type-page","status-publish","has-post-thumbnail","hentry"],"acf":[],"yoast_head":"<!-- This site is optimized with the Yoast SEO plugin v26.9 - https:\/\/yoast.com\/product\/yoast-seo-wordpress\/ -->\n<title>Slu\u0161ni aparati - Phonak - Bosna Hercegovina<\/title>\n<meta name=\"robots\" content=\"index, follow, max-snippet:-1, max-image-preview:large, max-video-preview:-1\" \/>\n<link rel=\"canonical\" href=\"https:\/\/intl.phonak.com\/main-english\/solutions\/hearing-aids\/\" \/>\n<meta property=\"og:locale\" content=\"en_US\" \/>\n<meta property=\"og:type\" content=\"article\" \/>\n<meta property=\"og:title\" content=\"Slu\u0161ni aparati - Phonak - Bosna Hercegovina\" \/>\n<meta property=\"og:description\" content=\"Phonak slu\u0161ni aparati &#8211; fleksibilni oblici, boje i stilovi Phonak ima pravi slu\u0161ni aparat za vas &#8211; bez obzira na...\" \/>\n<meta property=\"og:url\" content=\"https:\/\/intl.phonak.com\/bs-ba\/rjesenja\/slusni-aparati\/\" \/>\n<meta property=\"og:site_name\" content=\"Phonak - Bosna Hercegovina\" \/>\n<meta property=\"article:modified_time\" content=\"2026-02-24T13:18:18+00:00\" \/>\n<meta property=\"og:image\" content=\"https:\/\/intl.phonak.com\/bs-ba\/wp-content\/uploads\/sites\/68\/2021\/12\/PH_Packshot_Audeo-I-Sphere-xReceiver_050-1029-P7.png\" \/>\n\t<meta property=\"og:image:width\" content=\"600\" \/>\n\t<meta property=\"og:image:height\" content=\"600\" \/>\n\t<meta property=\"og:image:type\" content=\"image\/png\" \/>\n<meta name=\"twitter:card\" content=\"summary_large_image\" \/>\n<meta name=\"twitter:label1\" content=\"Est. reading time\" \/>\n\t<meta name=\"twitter:data1\" content=\"1 minute\" \/>\n<script type=\"application\/ld+json\" class=\"yoast-schema-graph\">{\"@context\":\"https:\/\/schema.org\",\"@graph\":[{\"@type\":\"WebPage\",\"@id\":\"https:\/\/intl.phonak.com\/bs-ba\/rjesenja\/slusni-aparati\/\",\"url\":\"https:\/\/intl.phonak.com\/bs-ba\/rjesenja\/slusni-aparati\/\",\"name\":\"Slu\u0161ni aparati - Phonak - Bosna Hercegovina\",\"isPartOf\":{\"@id\":\"https:\/\/intl.phonak.com\/bs-ba\/#website\"},\"primaryImageOfPage\":{\"@id\":\"https:\/\/intl.phonak.com\/bs-ba\/rjesenja\/slusni-aparati\/#primaryimage\"},\"image\":{\"@id\":\"https:\/\/intl.phonak.com\/bs-ba\/rjesenja\/slusni-aparati\/#primaryimage\"},\"thumbnailUrl\":\"https:\/\/intl.phonak.com\/bs-ba\/wp-content\/uploads\/sites\/68\/2021\/12\/PH_Packshot_Audeo-I-Sphere-xReceiver_050-1029-P7.png\",\"datePublished\":\"2021-12-02T15:55:10+00:00\",\"dateModified\":\"2026-02-24T13:18:18+00:00\",\"breadcrumb\":{\"@id\":\"https:\/\/intl.phonak.com\/bs-ba\/rjesenja\/slusni-aparati\/#breadcrumb\"},\"inLanguage\":\"bs-BS\",\"potentialAction\":[{\"@type\":\"ReadAction\",\"target\":[\"https:\/\/intl.phonak.com\/bs-ba\/rjesenja\/slusni-aparati\/\"]}]},{\"@type\":\"ImageObject\",\"inLanguage\":\"bs-BS\",\"@id\":\"https:\/\/intl.phonak.com\/bs-ba\/rjesenja\/slusni-aparati\/#primaryimage\",\"url\":\"https:\/\/intl.phonak.com\/bs-ba\/wp-content\/uploads\/sites\/68\/2021\/12\/PH_Packshot_Audeo-I-Sphere-xReceiver_050-1029-P7.png\",\"contentUrl\":\"https:\/\/intl.phonak.com\/bs-ba\/wp-content\/uploads\/sites\/68\/2021\/12\/PH_Packshot_Audeo-I-Sphere-xReceiver_050-1029-P7.png\",\"width\":600,\"height\":600,\"caption\":\"Phonak Aud\u00e9o Sphere Infinio\"},{\"@type\":\"BreadcrumbList\",\"@id\":\"https:\/\/intl.phonak.com\/bs-ba\/rjesenja\/slusni-aparati\/#breadcrumb\",\"itemListElement\":[{\"@type\":\"ListItem\",\"position\":1,\"name\":\"Home\",\"item\":\"https:\/\/intl.phonak.com\/bs-ba\/\"},{\"@type\":\"ListItem\",\"position\":2,\"name\":\"Rje\u0161enja\",\"item\":\"https:\/\/intl.phonak.com\/bs-ba\/rjesenja\/\"},{\"@type\":\"ListItem\",\"position\":3,\"name\":\"Slu\u0161ni aparati\"}]},{\"@type\":\"WebSite\",\"@id\":\"https:\/\/intl.phonak.com\/bs-ba\/#website\",\"url\":\"https:\/\/intl.phonak.com\/bs-ba\/\",\"name\":\"Phonak - Bosna Hercegovina\",\"description\":\"Posve\u0107eni promjeni \u017eivota\",\"publisher\":{\"@id\":\"https:\/\/intl.phonak.com\/bs-ba\/#organization\"},\"potentialAction\":[{\"@type\":\"SearchAction\",\"target\":{\"@type\":\"EntryPoint\",\"urlTemplate\":\"https:\/\/intl.phonak.com\/bs-ba\/?s={search_term_string}\"},\"query-input\":{\"@type\":\"PropertyValueSpecification\",\"valueRequired\":true,\"valueName\":\"search_term_string\"}}],\"inLanguage\":\"bs-BS\"},{\"@type\":\"Organization\",\"@id\":\"https:\/\/intl.phonak.com\/bs-ba\/#organization\",\"name\":\"Phonak - Bosna Hercegovina\",\"url\":\"https:\/\/intl.phonak.com\/bs-ba\/\",\"logo\":{\"@type\":\"ImageObject\",\"inLanguage\":\"bs-BS\",\"@id\":\"https:\/\/intl.phonak.com\/bs-ba\/#\/schema\/logo\/image\/\",\"url\":\"https:\/\/intl.phonak.com\/bs-ba\/wp-content\/uploads\/sites\/68\/2025\/07\/logo-phonak.svg\",\"contentUrl\":\"https:\/\/intl.phonak.com\/bs-ba\/wp-content\/uploads\/sites\/68\/2025\/07\/logo-phonak.svg\",\"caption\":\"Phonak - Bosna Hercegovina\"},\"image\":{\"@id\":\"https:\/\/intl.phonak.com\/bs-ba\/#\/schema\/logo\/image\/\"}}]}<\/script>\n<!-- \/ Yoast SEO plugin. -->","yoast_head_json":{"title":"Slu\u0161ni aparati - Phonak - Bosna Hercegovina","robots":{"index":"index","follow":"follow","max-snippet":"max-snippet:-1","max-image-preview":"max-image-preview:large","max-video-preview":"max-video-preview:-1"},"canonical":"https:\/\/intl.phonak.com\/main-english\/solutions\/hearing-aids\/","og_locale":"en_US","og_type":"article","og_title":"Slu\u0161ni aparati - Phonak - Bosna Hercegovina","og_description":"Phonak slu\u0161ni aparati &#8211; fleksibilni oblici, boje i stilovi Phonak ima pravi slu\u0161ni aparat za vas &#8211; bez obzira na...","og_url":"https:\/\/intl.phonak.com\/bs-ba\/rjesenja\/slusni-aparati\/","og_site_name":"Phonak - Bosna Hercegovina","article_modified_time":"2026-02-24T13:18:18+00:00","og_image":[{"width":600,"height":600,"url":"https:\/\/intl.phonak.com\/bs-ba\/wp-content\/uploads\/sites\/68\/2021\/12\/PH_Packshot_Audeo-I-Sphere-xReceiver_050-1029-P7.png","type":"image\/png"}],"twitter_card":"summary_large_image","twitter_misc":{"Est. reading time":"1 minute"},"schema":{"@context":"https:\/\/schema.org","@graph":[{"@type":"WebPage","@id":"https:\/\/intl.phonak.com\/bs-ba\/rjesenja\/slusni-aparati\/","url":"https:\/\/intl.phonak.com\/bs-ba\/rjesenja\/slusni-aparati\/","name":"Slu\u0161ni aparati - Phonak - Bosna Hercegovina","isPartOf":{"@id":"https:\/\/intl.phonak.com\/bs-ba\/#website"},"primaryImageOfPage":{"@id":"https:\/\/intl.phonak.com\/bs-ba\/rjesenja\/slusni-aparati\/#primaryimage"},"image":{"@id":"https:\/\/intl.phonak.com\/bs-ba\/rjesenja\/slusni-aparati\/#primaryimage"},"thumbnailUrl":"https:\/\/intl.phonak.com\/bs-ba\/wp-content\/uploads\/sites\/68\/2021\/12\/PH_Packshot_Audeo-I-Sphere-xReceiver_050-1029-P7.png","datePublished":"2021-12-02T15:55:10+00:00","dateModified":"2026-02-24T13:18:18+00:00","breadcrumb":{"@id":"https:\/\/intl.phonak.com\/bs-ba\/rjesenja\/slusni-aparati\/#breadcrumb"},"inLanguage":"bs-BS","potentialAction":[{"@type":"ReadAction","target":["https:\/\/intl.phonak.com\/bs-ba\/rjesenja\/slusni-aparati\/"]}]},{"@type":"ImageObject","inLanguage":"bs-BS","@id":"https:\/\/intl.phonak.com\/bs-ba\/rjesenja\/slusni-aparati\/#primaryimage","url":"https:\/\/intl.phonak.com\/bs-ba\/wp-content\/uploads\/sites\/68\/2021\/12\/PH_Packshot_Audeo-I-Sphere-xReceiver_050-1029-P7.png","contentUrl":"https:\/\/intl.phonak.com\/bs-ba\/wp-content\/uploads\/sites\/68\/2021\/12\/PH_Packshot_Audeo-I-Sphere-xReceiver_050-1029-P7.png","width":600,"height":600,"caption":"Phonak Aud\u00e9o Sphere Infinio"},{"@type":"BreadcrumbList","@id":"https:\/\/intl.phonak.com\/bs-ba\/rjesenja\/slusni-aparati\/#breadcrumb","itemListElement":[{"@type":"ListItem","position":1,"name":"Home","item":"https:\/\/intl.phonak.com\/bs-ba\/"},{"@type":"ListItem","position":2,"name":"Rje\u0161enja","item":"https:\/\/intl.phonak.com\/bs-ba\/rjesenja\/"},{"@type":"ListItem","position":3,"name":"Slu\u0161ni aparati"}]},{"@type":"WebSite","@id":"https:\/\/intl.phonak.com\/bs-ba\/#website","url":"https:\/\/intl.phonak.com\/bs-ba\/","name":"Phonak - Bosna Hercegovina","description":"Posve\u0107eni promjeni \u017eivota","publisher":{"@id":"https:\/\/intl.phonak.com\/bs-ba\/#organization"},"potentialAction":[{"@type":"SearchAction","target":{"@type":"EntryPoint","urlTemplate":"https:\/\/intl.phonak.com\/bs-ba\/?s={search_term_string}"},"query-input":{"@type":"PropertyValueSpecification","valueRequired":true,"valueName":"search_term_string"}}],"inLanguage":"bs-BS"},{"@type":"Organization","@id":"https:\/\/intl.phonak.com\/bs-ba\/#organization","name":"Phonak - Bosna Hercegovina","url":"https:\/\/intl.phonak.com\/bs-ba\/","logo":{"@type":"ImageObject","inLanguage":"bs-BS","@id":"https:\/\/intl.phonak.com\/bs-ba\/#\/schema\/logo\/image\/","url":"https:\/\/intl.phonak.com\/bs-ba\/wp-content\/uploads\/sites\/68\/2025\/07\/logo-phonak.svg","contentUrl":"https:\/\/intl.phonak.com\/bs-ba\/wp-content\/uploads\/sites\/68\/2025\/07\/logo-phonak.svg","caption":"Phonak - Bosna Hercegovina"},"image":{"@id":"https:\/\/intl.phonak.com\/bs-ba\/#\/schema\/logo\/image\/"}}]}},"jetpack_sharing_enabled":true,"distributor_meta":false,"distributor_terms":false,"distributor_media":false,"distributor_original_site_name":"Phonak - Bosna Hercegovina","distributor_original_site_url":"https:\/\/intl.phonak.com\/bs-ba","push-errors":false,"_links":{"self":[{"href":"https:\/\/intl.phonak.com\/bs-ba\/wp-json\/wp\/v2\/pages\/380","targetHints":{"allow":["GET"]}}],"collection":[{"href":"https:\/\/intl.phonak.com\/bs-ba\/wp-json\/wp\/v2\/pages"}],"about":[{"href":"https:\/\/intl.phonak.com\/bs-ba\/wp-json\/wp\/v2\/types\/page"}],"author":[{"embeddable":true,"href":"https:\/\/intl.phonak.com\/bs-ba\/wp-json\/wp\/v2\/users\/5"}],"replies":[{"embeddable":true,"href":"https:\/\/intl.phonak.com\/bs-ba\/wp-json\/wp\/v2\/comments?post=380"}],"version-history":[{"count":8,"href":"https:\/\/intl.phonak.com\/bs-ba\/wp-json\/wp\/v2\/pages\/380\/revisions"}],"predecessor-version":[{"id":1100,"href":"https:\/\/intl.phonak.com\/bs-ba\/wp-json\/wp\/v2\/pages\/380\/revisions\/1100"}],"up":[{"embeddable":true,"href":"https:\/\/intl.phonak.com\/bs-ba\/wp-json\/wp\/v2\/pages\/361"}],"wp:featuredmedia":[{"embeddable":true,"href":"https:\/\/intl.phonak.com\/bs-ba\/wp-json\/wp\/v2\/media\/912"}],"wp:attachment":[{"href":"https:\/\/intl.phonak.com\/bs-ba\/wp-json\/wp\/v2\/media?parent=380"}],"curies":[{"name":"wp","href":"https:\/\/api.w.org\/{rel}","templated":true}]}}