{"id":373,"date":"2022-02-10T17:50:56","date_gmt":"2022-02-10T17:50:56","guid":{"rendered":"https:\/\/intl.phonak.com\/bs-ba\/hearing-screener\/"},"modified":"2025-11-18T07:41:26","modified_gmt":"2025-11-18T07:41:26","slug":"test-sluha","status":"publish","type":"page","link":"https:\/\/intl.phonak.com\/bs-ba\/test-sluha\/","title":{"rendered":"Online test sluha"},"content":{"rendered":"\n<div style=\"height:64px\" aria-hidden=\"true\" class=\"wp-block-spacer\"><\/div>   \n<figure class=\"wp-block-image aligncenter size-large\"><img decoding=\"async\" src=\"https:\/\/intl.phonak.com\/bs-ba\/wp-content\/uploads\/sites\/3\/2022\/02\/eScreener.jpg?w=550\" alt=\"Hearing screener\" class=\"wp-image-4464\"\/><\/figure>   \n<div class=\"wp-block-group is-style-align-small is-layout-flow wp-block-group-is-layout-flow\" style=\"padding-top:0px\">\n<div style=\"height:28px\" aria-hidden=\"true\" class=\"wp-block-spacer\"><\/div>   \n<h2 class=\"wp-block-heading has-text-align-center\" id=\"take-our-five-minute-online-hearing-test\">Uzmite na\u0161 3 minutni online test sluha<\/h2>   <div class=\"wp-block-buttons is-layout-flex wp-block-buttons-is-layout-flex\">\n<div class=\"wp-block-button aligncenter\"><a class=\"wp-block-button__link wp-element-button\" href=\"https:\/\/hearing-screener.beyondhearing.org\/3K5KIY\" target=\"_blank\" rel=\"noreferrer noopener\">Provjerite svoj sluh<\/a><\/div>\n<\/div>   \n<div style=\"height:62px\" aria-hidden=\"true\" class=\"wp-block-spacer\"><\/div>   \n<p class=\"has-text-align-center\">Ponekad ne primijetimo gubitak sluha dok ne po\u010dne utjecati na na\u0161 na\u010din \u017eivota. Borba da \u010dujete kolege s posla, prijatelje ili porodicu, ili da propustite neki zvuk, mo\u017ee zna\u010diti da propu\u0161tate cijelu pri\u010du.<\/p>   \n<p class=\"has-text-align-center\">Zavr\u0161ite Phonak Online Test Sluha iz udobnosti vlastitog doma. Stru\u010dnjak za sluh \u0107e zatim razgovarati s vama o ovim rezultatima i procijeniti va\u0161u kandidaturu za slu\u0161ni aparat. Daljnji pregledi, uklju\u010duju\u0107i kompletan dijagnosti\u010dki pregled, pode\u0161avanje i prilago\u0111avanje slu\u0161nih pomagala, mogu se obaviti u uredu stru\u010dnjaka za sluh ili virtualno. Sa digitalnim alternativama za posjete licem u lice, mo\u017eete pristupiti svim uslugama njege sluha koje odgovaraju va\u0161im individualnim potrebama uz isti pristup profesionalnom i personaliziranom stru\u010dnom znanju.<\/p>   \n<p class=\"has-text-align-center\">Ako \u017eelite umjesto toga obaviti test sluha u va\u0161em podru\u010dju, molim vas <a href=\"https:\/\/intl.phonak.com\/bs-ba\/pronadi-strucnjaka\/\">prona\u0111ite stru\u010dnjaka za sluh<\/a> blizu vas.<\/p>\n<\/div>   \n<div class=\"wp-block-group alignfull has-light-grey-background-color has-background is-layout-flow wp-block-group-is-layout-flow\">\n<h3 class=\"wp-block-heading has-text-align-center has-blue-color has-text-color\" id=\"how-to-get-the-most-out-of-this-test\">Kako izvu\u0107i najvi\u0161e iz ovog testa<\/h3>   \n<div class=\"wp-block-group is-style-align-small is-layout-flow wp-block-group-is-layout-flow\"><div class=\"wp-list-block\">\n<ul class=\"wp-block-list\">\n<li>Pobrinite se da ste u tihom podru\u010dju prije nego \u0161to zapo\u010dnete test sluha<\/li>   <li>Koristite slu\u0161alice umjesto ugra\u0111enih zvu\u010dnika i postavite ja\u010dinu zvuka ure\u0111aja na 50%<\/li>\n<\/ul>\n<\/div><\/div>\n<\/div>   \n<div style=\"height:47px\" aria-hidden=\"true\" class=\"wp-block-spacer\"><\/div>   \n<h3 class=\"wp-block-heading has-text-align-center has-blue-color has-text-color\" id=\"how-the-online-hearing-test-works\">Kako funkcioni\u0161e online test sluha<\/h3>   \n<div class=\"wp-block-media-text alignwide is-stacked-on-mobile\"><figure class=\"wp-block-media-text__media\"><img decoding=\"async\" src=\"https:\/\/intl.phonak.com\/bs-ba\/wp-content\/uploads\/sites\/3\/2022\/02\/Screener.jpg?w=550\" alt=\"Hearing screener\" class=\"wp-image-4525 size-full\"\/><\/figure><div class=\"wp-block-media-text__content\"><div class=\"wp-list-block\">\n<ul class=\"wp-block-list\">\n<li>Prvi dio testa odre\u0111uje koliko dobro mo\u017eete \u010duti na razli\u010ditim frekvencijskim nivoima. \u010cu\u0107ete nekoliko tonova na razli\u010ditim visinama i od vas \u0107e se tra\u017eiti da prilagodite ja\u010dinu zvuka dok ne budete mogli \u010duti zvuk<\/li>   <li>U drugom dijelu testa, postavit \u0107emo vam nekoliko pitanja o va\u0161oj sposobnosti da \u010dujete u izazovnim situacijama slu\u0161anja<\/li>   <li>Nakon toga, bit \u0107e vam prikazani rezultati testa sluha i upute o tome \u0161ta dalje u\u010diniti ako primijetimo znakove gubitka sluha<\/li>\n<\/ul>\n<\/div><\/div><\/div>   \n<div class=\"wp-block-group alignfull is-style-default has-light-grey-background-color has-background is-layout-flow wp-block-group-is-layout-flow\">\n<div class=\"wp-block-group is-style-align-small is-layout-flow wp-block-group-is-layout-flow\">\n<h3 class=\"wp-block-heading has-blue-color has-text-color\" id=\"what-to-expect-at-your-first-appointment-1\">\u0160ta o\u010dekivati na va\u0161em prvom sastanku<\/h3>\n<\/div>   \n<p class=\"has-text-align-center\">Brinemo o va\u0161em sluhu i problemima koje gubitak sluha mo\u017ee prouzrokovati u va\u0161im \u017eivotima. Mi smo ovdje da pomognemo. Gubitak sluha je prirodan i nema \u010dega da se pla\u0161ite. Sa modernim rje\u0161enjem od Phonak, mo\u017eemo vam pomo\u0107i da ponovo bolje \u010dujete.<\/p>   \n<p class=\"has-text-align-center\"><\/p>\n<\/div>   \n<div style=\"height:52px\" aria-hidden=\"true\" class=\"wp-block-spacer\"><\/div>   \n<h3 class=\"wp-block-heading has-text-align-center has-blue-color has-text-color\" id=\"i-have-a-hearing-loss-what-comes-next\">Imam gubitak sluha, \u0161ta slijedi?<\/h3>   \n<div style=\"height:37px\" aria-hidden=\"true\" class=\"wp-block-spacer\"><\/div>   <div class=\"wp-block-columns is-layout-flex wp-container-core-columns-is-layout-9d6595d7 wp-block-columns-is-layout-flex\">\n<div class=\"wp-block-column is-layout-flow wp-block-column-is-layout-flow\">\n<h4 class=\"wp-block-heading\">1) Vi govorite, mi slu\u0161amo<\/h4>   <p>Va\u0161e putovanje po\u010dinje posjetom stru\u010dnjaku za sluh; oni su tu da vas vode do ispravne opcije za vas. Govori\u0161 o svom sluhu, kako se promijenio, s kojim izazovima se suo\u010dava\u0161 i mi slu\u0161amo.<\/p>\n<\/div>   <div class=\"wp-block-column is-layout-flow wp-block-column-is-layout-flow\">\n<h4 class=\"wp-block-heading\">2) Test sluha<\/h4>   <p>Nakon \u0161to podijelite svoja iskustva, testiramo da vidimo \u0161ta \u010dujete. Test sluha je jednostavan kao sjesti i slu\u0161ati. Kada zavr\u0161imo, uzimamo te rezultate, uparimo ih s va\u0161im izazovima kako bismo osigurali da na\u0161i podaci odgovaraju va\u0161im iskustvima, i dajemo preporuke o tome \u0161to je najbolje za vas.<\/p>\n<\/div>   <div class=\"wp-block-column is-layout-flow wp-block-column-is-layout-flow\">\n<h4 class=\"wp-block-heading\">3) VI odlu\u010dujete<\/h4>   <p>Izla\u017eemo na\u0161e nalaze i dajemo preporuke na osnovu onoga \u0161to ste nam rekli. Na kraju, VI donosite odluke o tome koja opcija najbolje odgovara va\u0161em \u017eivotu. Stvari poput va\u0161e porodice, posla i dru\u0161tvenog \u017eivota su sve stvari koje biste trebali uzeti u obzir prije nego \u0161to odlu\u010dite kako biste osigurali da je rje\u0161enje koje odaberete ispravno za sve aspekte va\u0161eg \u017eivota.<\/p>\n<\/div>\n<\/div>   \n<div style=\"height:50px\" aria-hidden=\"true\" class=\"wp-block-spacer\"><\/div>   \n<div class=\"wp-block-media-text is-stacked-on-mobile cta-block\" style=\"grid-template-columns:35% auto\"><figure class=\"wp-block-media-text__media\"><img decoding=\"async\" src=\"https:\/\/intl.phonak.com\/main-english\/wp-content\/uploads\/sites\/3\/2021\/11\/cta-image.jpg?w=401\" alt=\"\" class=\"wp-image-6738 size-full\"\/><\/figure><div class=\"wp-block-media-text__content\">\n<div class=\"wp-block-create-block-icon-selector\"><i class=\"fal fa-map-marker-alt\"><\/i><\/div>   \n<h3 class=\"wp-block-heading\">Stru\u010dnjaci za sluh blizu vas<\/h3>   <p>Stru\u010dnjaci za sluh mogu vam pomo\u0107i da napravite izbor koji je savr\u0161en za vas. Oni \u0107e razmotriti va\u0161e potrebe za sluhom, va\u0161 bud\u017eet, va\u0161 stil \u017eivota i va\u0161e individualne preferencije za sluh. <\/p>   <div class=\"wp-block-buttons is-layout-flex wp-block-buttons-is-layout-flex\">\n<div class=\"wp-block-button is-style-marker-green\"><a class=\"wp-block-button__link wp-element-button\" href=\"https:\/\/intl.phonak.com\/bs-ba\/pronadi-strucnjaka\/\">Prona\u0111i stru\u010dnjaka<\/a><\/div>\n<\/div>\n<\/div><\/div> ","protected":false},"excerpt":{"rendered":"<p>Uzmite na\u0161 minutni online test sluha Ponekad ne primijetimo gubitak sluha dok ne po\u010dne utjecati na na\u0161 na\u010din \u017eivota. Borba&#8230;<\/p>\n","protected":false},"author":14,"featured_media":0,"parent":0,"menu_order":0,"comment_status":"closed","ping_status":"closed","template":"","meta":{"_acf_changed":false,"inline_featured_image":false,"footnotes":""},"class_list":["post-373","page","type-page","status-publish","hentry"],"acf":[],"yoast_head":"<!-- This site is optimized with the Yoast SEO plugin v26.9 - https:\/\/yoast.com\/product\/yoast-seo-wordpress\/ -->\n<title>Online test sluha - Phonak - Bosna Hercegovina<\/title>\n<meta name=\"robots\" content=\"index, follow, max-snippet:-1, max-image-preview:large, max-video-preview:-1\" \/>\n<link rel=\"canonical\" href=\"https:\/\/intl.phonak.com\/main-english\/hearing-screener\/\" \/>\n<meta property=\"og:locale\" content=\"en_US\" \/>\n<meta property=\"og:type\" content=\"article\" \/>\n<meta property=\"og:title\" content=\"Online test sluha - Phonak - Bosna Hercegovina\" \/>\n<meta property=\"og:description\" content=\"Uzmite na\u0161 minutni online test sluha Ponekad ne primijetimo gubitak sluha dok ne po\u010dne utjecati na na\u0161 na\u010din \u017eivota. Borba...\" \/>\n<meta property=\"og:url\" content=\"https:\/\/intl.phonak.com\/bs-ba\/test-sluha\/\" \/>\n<meta property=\"og:site_name\" content=\"Phonak - Bosna Hercegovina\" \/>\n<meta property=\"article:modified_time\" content=\"2025-11-18T07:41:26+00:00\" \/>\n<meta name=\"twitter:card\" content=\"summary_large_image\" \/>\n<meta name=\"twitter:label1\" content=\"Est. reading time\" \/>\n\t<meta name=\"twitter:data1\" content=\"7 minutes\" \/>\n<script type=\"application\/ld+json\" class=\"yoast-schema-graph\">{\"@context\":\"https:\/\/schema.org\",\"@graph\":[{\"@type\":\"WebPage\",\"@id\":\"https:\/\/intl.phonak.com\/bs-ba\/test-sluha\/\",\"url\":\"https:\/\/intl.phonak.com\/bs-ba\/test-sluha\/\",\"name\":\"Online test sluha - Phonak - Bosna Hercegovina\",\"isPartOf\":{\"@id\":\"https:\/\/intl.phonak.com\/bs-ba\/#website\"},\"primaryImageOfPage\":{\"@id\":\"https:\/\/intl.phonak.com\/bs-ba\/test-sluha\/#primaryimage\"},\"image\":{\"@id\":\"https:\/\/intl.phonak.com\/bs-ba\/test-sluha\/#primaryimage\"},\"thumbnailUrl\":\"https:\/\/intl.phonak.com\/bs-ba\/wp-content\/uploads\/sites\/3\/2022\/02\/eScreener.jpg?w=550\",\"datePublished\":\"2022-02-10T17:50:56+00:00\",\"dateModified\":\"2025-11-18T07:41:26+00:00\",\"breadcrumb\":{\"@id\":\"https:\/\/intl.phonak.com\/bs-ba\/test-sluha\/#breadcrumb\"},\"inLanguage\":\"bs-BS\",\"potentialAction\":[{\"@type\":\"ReadAction\",\"target\":[\"https:\/\/intl.phonak.com\/bs-ba\/test-sluha\/\"]}]},{\"@type\":\"ImageObject\",\"inLanguage\":\"bs-BS\",\"@id\":\"https:\/\/intl.phonak.com\/bs-ba\/test-sluha\/#primaryimage\",\"url\":\"\",\"contentUrl\":\"\"},{\"@type\":\"BreadcrumbList\",\"@id\":\"https:\/\/intl.phonak.com\/bs-ba\/test-sluha\/#breadcrumb\",\"itemListElement\":[{\"@type\":\"ListItem\",\"position\":1,\"name\":\"Home\",\"item\":\"https:\/\/intl.phonak.com\/bs-ba\/\"},{\"@type\":\"ListItem\",\"position\":2,\"name\":\"Test sluha\"}]},{\"@type\":\"WebSite\",\"@id\":\"https:\/\/intl.phonak.com\/bs-ba\/#website\",\"url\":\"https:\/\/intl.phonak.com\/bs-ba\/\",\"name\":\"Phonak - Bosna Hercegovina\",\"description\":\"Posve\u0107eni promjeni \u017eivota\",\"publisher\":{\"@id\":\"https:\/\/intl.phonak.com\/bs-ba\/#organization\"},\"potentialAction\":[{\"@type\":\"SearchAction\",\"target\":{\"@type\":\"EntryPoint\",\"urlTemplate\":\"https:\/\/intl.phonak.com\/bs-ba\/?s={search_term_string}\"},\"query-input\":{\"@type\":\"PropertyValueSpecification\",\"valueRequired\":true,\"valueName\":\"search_term_string\"}}],\"inLanguage\":\"bs-BS\"},{\"@type\":\"Organization\",\"@id\":\"https:\/\/intl.phonak.com\/bs-ba\/#organization\",\"name\":\"Phonak - Bosna Hercegovina\",\"url\":\"https:\/\/intl.phonak.com\/bs-ba\/\",\"logo\":{\"@type\":\"ImageObject\",\"inLanguage\":\"bs-BS\",\"@id\":\"https:\/\/intl.phonak.com\/bs-ba\/#\/schema\/logo\/image\/\",\"url\":\"https:\/\/intl.phonak.com\/bs-ba\/wp-content\/uploads\/sites\/68\/2025\/07\/logo-phonak.svg\",\"contentUrl\":\"https:\/\/intl.phonak.com\/bs-ba\/wp-content\/uploads\/sites\/68\/2025\/07\/logo-phonak.svg\",\"caption\":\"Phonak - Bosna Hercegovina\"},\"image\":{\"@id\":\"https:\/\/intl.phonak.com\/bs-ba\/#\/schema\/logo\/image\/\"}}]}<\/script>\n<!-- \/ Yoast SEO plugin. -->","yoast_head_json":{"title":"Online test sluha - Phonak - Bosna Hercegovina","robots":{"index":"index","follow":"follow","max-snippet":"max-snippet:-1","max-image-preview":"max-image-preview:large","max-video-preview":"max-video-preview:-1"},"canonical":"https:\/\/intl.phonak.com\/main-english\/hearing-screener\/","og_locale":"en_US","og_type":"article","og_title":"Online test sluha - Phonak - Bosna Hercegovina","og_description":"Uzmite na\u0161 minutni online test sluha Ponekad ne primijetimo gubitak sluha dok ne po\u010dne utjecati na na\u0161 na\u010din \u017eivota. Borba...","og_url":"https:\/\/intl.phonak.com\/bs-ba\/test-sluha\/","og_site_name":"Phonak - Bosna Hercegovina","article_modified_time":"2025-11-18T07:41:26+00:00","twitter_card":"summary_large_image","twitter_misc":{"Est. reading time":"7 minutes"},"schema":{"@context":"https:\/\/schema.org","@graph":[{"@type":"WebPage","@id":"https:\/\/intl.phonak.com\/bs-ba\/test-sluha\/","url":"https:\/\/intl.phonak.com\/bs-ba\/test-sluha\/","name":"Online test sluha - Phonak - Bosna Hercegovina","isPartOf":{"@id":"https:\/\/intl.phonak.com\/bs-ba\/#website"},"primaryImageOfPage":{"@id":"https:\/\/intl.phonak.com\/bs-ba\/test-sluha\/#primaryimage"},"image":{"@id":"https:\/\/intl.phonak.com\/bs-ba\/test-sluha\/#primaryimage"},"thumbnailUrl":"https:\/\/intl.phonak.com\/bs-ba\/wp-content\/uploads\/sites\/3\/2022\/02\/eScreener.jpg?w=550","datePublished":"2022-02-10T17:50:56+00:00","dateModified":"2025-11-18T07:41:26+00:00","breadcrumb":{"@id":"https:\/\/intl.phonak.com\/bs-ba\/test-sluha\/#breadcrumb"},"inLanguage":"bs-BS","potentialAction":[{"@type":"ReadAction","target":["https:\/\/intl.phonak.com\/bs-ba\/test-sluha\/"]}]},{"@type":"ImageObject","inLanguage":"bs-BS","@id":"https:\/\/intl.phonak.com\/bs-ba\/test-sluha\/#primaryimage","url":"","contentUrl":""},{"@type":"BreadcrumbList","@id":"https:\/\/intl.phonak.com\/bs-ba\/test-sluha\/#breadcrumb","itemListElement":[{"@type":"ListItem","position":1,"name":"Home","item":"https:\/\/intl.phonak.com\/bs-ba\/"},{"@type":"ListItem","position":2,"name":"Test sluha"}]},{"@type":"WebSite","@id":"https:\/\/intl.phonak.com\/bs-ba\/#website","url":"https:\/\/intl.phonak.com\/bs-ba\/","name":"Phonak - Bosna Hercegovina","description":"Posve\u0107eni promjeni \u017eivota","publisher":{"@id":"https:\/\/intl.phonak.com\/bs-ba\/#organization"},"potentialAction":[{"@type":"SearchAction","target":{"@type":"EntryPoint","urlTemplate":"https:\/\/intl.phonak.com\/bs-ba\/?s={search_term_string}"},"query-input":{"@type":"PropertyValueSpecification","valueRequired":true,"valueName":"search_term_string"}}],"inLanguage":"bs-BS"},{"@type":"Organization","@id":"https:\/\/intl.phonak.com\/bs-ba\/#organization","name":"Phonak - Bosna Hercegovina","url":"https:\/\/intl.phonak.com\/bs-ba\/","logo":{"@type":"ImageObject","inLanguage":"bs-BS","@id":"https:\/\/intl.phonak.com\/bs-ba\/#\/schema\/logo\/image\/","url":"https:\/\/intl.phonak.com\/bs-ba\/wp-content\/uploads\/sites\/68\/2025\/07\/logo-phonak.svg","contentUrl":"https:\/\/intl.phonak.com\/bs-ba\/wp-content\/uploads\/sites\/68\/2025\/07\/logo-phonak.svg","caption":"Phonak - Bosna Hercegovina"},"image":{"@id":"https:\/\/intl.phonak.com\/bs-ba\/#\/schema\/logo\/image\/"}}]}},"jetpack_sharing_enabled":true,"distributor_meta":false,"distributor_terms":false,"distributor_media":false,"distributor_original_site_name":"Phonak - Bosna Hercegovina","distributor_original_site_url":"https:\/\/intl.phonak.com\/bs-ba","push-errors":false,"_links":{"self":[{"href":"https:\/\/intl.phonak.com\/bs-ba\/wp-json\/wp\/v2\/pages\/373","targetHints":{"allow":["GET"]}}],"collection":[{"href":"https:\/\/intl.phonak.com\/bs-ba\/wp-json\/wp\/v2\/pages"}],"about":[{"href":"https:\/\/intl.phonak.com\/bs-ba\/wp-json\/wp\/v2\/types\/page"}],"author":[{"embeddable":true,"href":"https:\/\/intl.phonak.com\/bs-ba\/wp-json\/wp\/v2\/users\/14"}],"replies":[{"embeddable":true,"href":"https:\/\/intl.phonak.com\/bs-ba\/wp-json\/wp\/v2\/comments?post=373"}],"version-history":[{"count":7,"href":"https:\/\/intl.phonak.com\/bs-ba\/wp-json\/wp\/v2\/pages\/373\/revisions"}],"predecessor-version":[{"id":1011,"href":"https:\/\/intl.phonak.com\/bs-ba\/wp-json\/wp\/v2\/pages\/373\/revisions\/1011"}],"wp:attachment":[{"href":"https:\/\/intl.phonak.com\/bs-ba\/wp-json\/wp\/v2\/media?parent=373"}],"curies":[{"name":"wp","href":"https:\/\/api.w.org\/{rel}","templated":true}]}}