{"id":356,"date":"2022-12-16T15:10:22","date_gmt":"2022-12-16T15:10:22","guid":{"rendered":"https:\/\/intl.phonak.com\/bs-ba\/privacy-notice\/"},"modified":"2025-11-25T10:48:36","modified_gmt":"2025-11-25T10:48:36","slug":"obavijest-o-privatnosti","status":"publish","type":"page","link":"https:\/\/intl.phonak.com\/bs-ba\/obavijest-o-privatnosti\/","title":{"rendered":"Obavijest o privatnosti"},"content":{"rendered":" <p id=\"block-3110c4d0-6c3e-4d55-8d38-129cb027a120\">Posljednje a\u017eurirano: April 2022<\/p>   <p id=\"block-e56d30a9-ff57-4997-85c2-75b5ef2450eb\">Ova Obavijest o privatnosti opisuje kako se va\u0161i li\u010dni podaci, uklju\u010duju\u0107i osjetljive podatke, prikupljaju i obra\u0111uju, u vezi sa Kontakt formom. U ovom kontekstu, ova Obavijest o privatnosti pokriva obradu va\u0161ih li\u010dnih podataka koja se vr\u0161i putem obrasca koji popunjavate<\/p>   <p id=\"block-a3df515b-e1a3-4d69-a8f9-fd6a5dfd602e\">Obrada va\u0161ih li\u010dnih podataka je u skladu, prema va\u0161oj zemlji, sa lokalnim zahtjevima za za\u0161titu podataka, uklju\u010duju\u0107i \u0160vicarski savezni zakon o za\u0161titi podataka (&#8220;FDPA&#8221;), Uredbu (EU) 2016\/679 Evropskog parlamenta i Vije\u0107a od 27. aprila 2016. (&#8220;GDPR&#8221;), i \/ ili, ako je primjenjivo, Zakon o prenosivosti i odgovornosti zdravstvenog osiguranja iz 1996. (&#8220;HIPAA&#8221;) za va\u0161e li\u010dne podatke kvalifikovane kao Za\u0161ti\u0107ene zdravstvene informacije.<\/p>   <p id=\"block-1d87e0d9-df83-49dd-aaa9-7ee608294736\">Ova Obavijest o privatnosti mo\u017ee biti a\u017eurirana s vremena na vrijeme. U ovom slu\u010daju, obavijestit \u0107emo vas da je ova Obavijest o privatnosti izmijenjena i datum &#8220;zadnje a\u017eurirano&#8221; na vrhu ovog dokumenta \u0107e biti izmijenjen. Preporu\u010dujemo da periodi\u010dno pregledate najnoviju verziju ove Obavijesti o privatnosti.<\/p>   <p id=\"block-96a81fc1-3995-437b-a025-3900acfc3713\"><strong>1. KO SMO MI<\/strong><\/p>   <p id=\"block-5ec04ce4-ca54-430d-8742-940907142fc8\">Sonova AG, Laubisr\u00fctistrasse 28, 8712 St\u00e4fa, \u0160vicarska<a href=\"http:\/\/www.sonova.com\/\">www.sonova.com<\/a>), (&#8220;Sonova AG&#8221;) djeluje kao Kontrolor za obradu navedenu u sljede\u0107em odjeljku.<\/p>   <p id=\"block-4bcd26ae-20ae-4ab9-adef-a0bcbd2a5eb2\"><strong>2. LI\u010cNI PODACI KOJE PRIKUPLJAMO OD VAS I ZA\u0160TO<\/strong><\/p>   <p id=\"block-5381e53f-4ece-4513-b300-72951215d601\">Sonova AG obra\u0111uje va\u0161e li\u010dne podatke i\/ili li\u010dne podatke osobe koju predstavljate (koje ste podijelili s nama nakon \u0161to ste dobili njihov informirani pristanak), tj.: titula, ime, prezime, email, predmet, poruka.&nbsp;<\/p>   <p id=\"block-9d6808e7-302c-45ea-9296-ebf9f8a2f24b\">\u0160to se ti\u010de poruke koju \u0107ete poslati, molimo vas da uzmete u obzir da \u0107e va\u0161 upisani komentar biti prenesen u obi\u010dan tekst. Kako bi se ispo\u0161tovao princip za\u0161tite podataka o minimizaciji podataka, molimo vas da unesete samo potrebne informacije koje trebate izraziti u vezi sa svrhom za koju je alat namijenjen.&nbsp; Molimo vas da ne unosite vi\u0161e informacija nego \u0161to je potrebno ili nepotrebne informacije o vama ili drugoj osobi, kao \u0161to su informacije o zaposleniku ili kupcu. Razmotrite ovo posebno kada \u017eelite unijeti podatke u posebnu kategoriju\/osjetljive podatke, \u0161to su svi podaci koji otkrivaju rasno ili etni\u010dko porijeklo, politi\u010dka mi\u0161ljenja, vjerska ili filozofska uvjerenja, \u010dlanstvo u sindikatu, genetske podatke, biometrijske podatke, podatke o zdravlju, seksualnom \u017eivotu ili seksualnoj orijentaciji.<\/p>   <p id=\"block-6ef8b4dc-fbc7-4339-b081-42fdd5e72f92\">Molimo vas da imate na umu da se li\u010dni podaci navedeni gore obra\u0111uju kako bi se osiguralo da vi ili neko koga zastupate bude pravilno procijenjen kako bi se obradio va\u0161 zahtjev i pru\u017eila odgovaraju\u0107a podr\u0161ka, te, ako je zatra\u017eeno, preporu\u010deni proizvodi \/ usluge.<\/p>   <p id=\"block-d694b16d-bb1d-4f2a-ba31-dab1778385dc\">Molimo vas da primijetite da je ova svrha neophodna za izvr\u0161enje va\u0161eg zahtjeva kao dio izvr\u0161enja ugovora kako biste stupili u kontakt s nama i na\u0161im pouzdanim distributerima. U tom pogledu, kao dio pru\u017eanja va\u0161ih kontakt podataka, kontaktirat \u0107e vas na\u0161a tre\u0107a strana koja djeluje u na\u0161e ime nekoliko dana nakon \u0161to po\u0161aljete va\u0161 online obrazac. &nbsp;<\/p>   <p id=\"block-107ecf70-8699-4e51-9212-2b3c45c196d4\"><strong>3. KAKO DIJELIMO VA\u0160E LI\u010cNE PODATKE<\/strong><\/p>   <p id=\"block-bf3f85e8-d40b-4cdc-946e-cf7d14df10bd\">Kori\u0161tenjem gore pomenute usluge va\u0161i li\u010dni podaci mogu biti podijeljeni u ograni\u010denom obimu s na\u0161im poslovnim partnerima kao \u0161to su HCP-ovi, koji djeluju kao nezavisni ili zajedni\u010dki kontrolori, pru\u017eaju\u0107i uslugu koju ste zatra\u017eili, kontaktiraju\u0107i vas da odgovore na va\u0161 zahtjev; i sljede\u0107im pru\u017eateljima usluga tre\u0107e strane koji djeluju kao procesori:<\/p>  <div class=\"wp-list-block\"> <ul class=\"wp-block-list\" id=\"block-47a21154-6aea-47d7-b9de-279ba3c17e2d\">\n<li>Trew Knowledge: developer web stranice<\/li>   <li>WordPress VIP: sistem za upravljanje sadr\u017eajem\/platforma za web stranice<\/li>   <li>Microsoft: upravljati i odr\u017eavati infrastrukturu oblaka i pru\u017eati tehni\u010dku podr\u0161ku.<\/li>\n<\/ul> <\/div>  <p id=\"block-d9424a7a-f94b-4d8a-8b17-41bc7dbc520a\">Va\u0161i li\u010dni podaci mogu biti otkriveni i drugim kompanijama u na\u0161oj grupi kompanija, kao \u0161to su na\u0161e podru\u017enice, ili drugim organizacijama i javnim tijelima, uklju\u010duju\u0107i agencije za provo\u0111enje zakona, kako to mo\u017ee biti zahtijevano zakonom.<\/p>   <p id=\"block-8145bbcd-69e8-40f0-9111-3a95298b2a8f\">Prije nego \u0161to otkrijemo bilo kakve li\u010dne podatke tre\u0107im stranama osim onih navedenih gore, izri\u010dito \u0107emo tra\u017eiti va\u0161 pristanak. Me\u0111utim, ako smo zakonski obavezni da otkrijemo li\u010dne podatke bez va\u0161eg pristanka, otkrit \u0107emo samo one li\u010dne podatke koji su strogo neophodni za tu svrhu kako bismo ispunili na\u0161e zakonske obaveze.<\/p>   <p id=\"block-e2ea32e7-a956-4300-9695-09d24ebba013\"><strong>4. ME\u0110UNARODNI PRIJENOSI LI\u010cNIH PODATAKA<\/strong><\/p>   <p id=\"block-72500bcf-8d04-47e8-b9d3-4df058b23228\">Molimo vas da imate na umu da neki od gore pomenutih tre\u0107ih strana mogu biti locirani izvan va\u0161e zemlje. Stoga, va\u0161i li\u010dni podaci mogu biti preneseni u zemlje koje ne pru\u017eaju isti nivo za\u0161tite li\u010dnih podataka kao va\u0161a vlastita zemlja. U takvim slu\u010dajevima, implementirat \u0107emo odgovaraju\u0107e mjere uklju\u010duju\u0107i odgovaraju\u0107e organizacione, tehni\u010dke i pravne za\u0161tite kako bismo upravljali relevantnim prijenosom i osigurali da se uspostavi potrebni nivo za\u0161tite prema va\u017ee\u0107em zakonu. &nbsp;<\/p>   <p id=\"block-533e1e30-9ef4-4e09-83f3-652b26c27011\"><strong>5. KOLIKO DUGO \u010cUVAMO VA\u0160E LI\u010cNE PODATKE<\/strong><\/p>   <p id=\"block-348682c7-3643-476c-a078-b6f347994d0c\">Li\u010dni podaci se bri\u0161u nakon 3 mjeseca od zavr\u0161etka na\u0161eg komercijalnog kontakta. U slu\u010daju da va\u017ee\u0107i zakon ili druge regulative zahtijevaju du\u017ei period zadr\u017eavanja, primijenit \u0107emo du\u017ei period zadr\u017eavanja kako bismo ispunili na\u0161e zakonske obaveze<\/p>   <p id=\"block-355074d9-2315-49f6-8b4f-bb2027139a72\">Pored toga, va\u0161i li\u010dni podaci koje obra\u0111uju distributeri (uklju\u010duju\u0107i HCP-ove) \u0107e biti zadr\u017eani u skladu sa va\u017ee\u0107im zakonima. Za vi\u0161e informacija o njihovim specifi\u010dnim periodima zadr\u017eavanja, molimo kontaktirajte va\u0161eg HCP.<\/p>   <p id=\"block-af4238c1-82d9-4b87-950a-7ea13455900f\"><strong>6. VA\u0160A PRAVNA PRAVA<\/strong><\/p>   <p id=\"block-f63d6cd0-5a52-499d-9d2d-84666073602c\">Prema va\u017ee\u0107em zakonu, mo\u017eda imate pravo zatra\u017eiti pristup, ispravku, brisanje va\u0161ih li\u010dnih podataka ili ograni\u010denje obrade. Osim toga, mo\u017eete se usprotiviti obradi, zatra\u017eiti prenos podataka i povu\u0107i svoj pristanak u bilo kojem trenutku. Prema va\u0161oj zemlji, mo\u017eda imate druga prava kao \u0161to su davanje uputstava o tome kako va\u0161i li\u010dni podaci trebaju biti obra\u0111eni posthumno. Prema HIPAA-i, tako\u0111er mo\u017eete imati pravo zatra\u017eiti izvje\u0161taj o otkrivanju va\u0161ih li\u010dnih podataka i pravo da primite papirnu kopiju ove obavijesti na pismeni zahtjev.<\/p>   <p id=\"block-040fd872-a10c-401e-9d23-e9925f35b59a\">Mo\u017eete iskoristiti svoje pravo da se usprotivite daljem kontaktu tako \u0161to \u0107ete nas obavijestiti u bilo kojem trenutku tokom poziva, koriste\u0107i na\u0161 &#8220;link za odjavu&#8221; sadr\u017ean u na\u0161em emailu, ili kontaktiranjem nas na&nbsp;<a href=\"mailto:privacy@sonova.com\">privacy@sonova.com<\/a>. Nakon validacije, li\u010dni podaci koje ste dostavili bit \u0107e izbrisani sa kontakt lista koje koriste Sonova-ine podru\u017enice i tre\u0107e strane.<\/p>   <p id=\"block-e17f8407-1be6-4178-b813-3435b39b5d41\">Molimo vas da imate na umu da je ostvarivanje takvih prava podlo\u017eno ograni\u010denjima predvi\u0111enim va\u017ee\u0107im zakonom.<\/p>   <p id=\"block-94f85d78-fad6-479b-8e63-5dc84d7183e2\">Ako smatrate da obrada va\u0161ih li\u010dnih podataka kr\u0161i va\u017ee\u0107i zakon, mo\u017eete podnijeti \u017ealbu lokalnom nadzornom organu ili nadle\u017enom regulatoru.&nbsp;<\/p>   <p id=\"block-6e3d22c7-d924-4d86-a9d5-248990bfa7da\"><strong>7. KAKO NAS KONTAKTIRATI<\/strong><\/p>   <p id=\"block-0199cf36-d52c-4ccd-bd03-5b4ad64ab128\">U slu\u010daju pitanja o ovoj Obavijesti o privatnosti ili obradi va\u0161ih li\u010dnih podataka, molimo kontaktirajte na\u0161 Tim za privatnost podataka na <a href=\"mailto:privacy@sonova.com\">privacy@sonova.com<\/a>\u00a0ili +41 58 928 01 01.<br><br>Posljednje a\u017eurirano: April 2022<\/p> ","protected":false},"excerpt":{"rendered":"<p>Posljednje a\u017eurirano: April 2022 Ova Obavijest o privatnosti opisuje kako se va\u0161i li\u010dni podaci, uklju\u010duju\u0107i osjetljive podatke, prikupljaju i obra\u0111uju,&#8230;<\/p>\n","protected":false},"author":4,"featured_media":0,"parent":0,"menu_order":0,"comment_status":"closed","ping_status":"closed","template":"","meta":{"_acf_changed":false,"inline_featured_image":false,"footnotes":""},"class_list":["post-356","page","type-page","status-publish","hentry"],"acf":[],"yoast_head":"<!-- This site is optimized with the Yoast SEO plugin v26.9 - https:\/\/yoast.com\/product\/yoast-seo-wordpress\/ -->\n<title>Obavijest o privatnosti - Phonak - Bosna Hercegovina<\/title>\n<meta name=\"robots\" content=\"index, follow, max-snippet:-1, max-image-preview:large, max-video-preview:-1\" \/>\n<link rel=\"canonical\" href=\"https:\/\/intl.phonak.com\/main-english\/privacy-notice\/\" \/>\n<meta property=\"og:locale\" content=\"en_US\" \/>\n<meta property=\"og:type\" content=\"article\" \/>\n<meta property=\"og:title\" content=\"Obavijest o privatnosti - Phonak - Bosna Hercegovina\" \/>\n<meta property=\"og:description\" content=\"Posljednje a\u017eurirano: April 2022 Ova Obavijest o privatnosti opisuje kako se va\u0161i li\u010dni podaci, uklju\u010duju\u0107i osjetljive podatke, prikupljaju i obra\u0111uju,...\" \/>\n<meta property=\"og:url\" content=\"https:\/\/intl.phonak.com\/bs-ba\/obavijest-o-privatnosti\/\" \/>\n<meta property=\"og:site_name\" content=\"Phonak - Bosna Hercegovina\" \/>\n<meta property=\"article:modified_time\" content=\"2025-11-25T10:48:36+00:00\" \/>\n<meta name=\"twitter:card\" content=\"summary_large_image\" \/>\n<meta name=\"twitter:label1\" content=\"Est. reading time\" \/>\n\t<meta name=\"twitter:data1\" content=\"6 minutes\" \/>\n<script type=\"application\/ld+json\" class=\"yoast-schema-graph\">{\"@context\":\"https:\/\/schema.org\",\"@graph\":[{\"@type\":\"WebPage\",\"@id\":\"https:\/\/intl.phonak.com\/bs-ba\/obavijest-o-privatnosti\/\",\"url\":\"https:\/\/intl.phonak.com\/bs-ba\/obavijest-o-privatnosti\/\",\"name\":\"Obavijest o privatnosti - Phonak - Bosna Hercegovina\",\"isPartOf\":{\"@id\":\"https:\/\/intl.phonak.com\/bs-ba\/#website\"},\"datePublished\":\"2022-12-16T15:10:22+00:00\",\"dateModified\":\"2025-11-25T10:48:36+00:00\",\"breadcrumb\":{\"@id\":\"https:\/\/intl.phonak.com\/bs-ba\/obavijest-o-privatnosti\/#breadcrumb\"},\"inLanguage\":\"bs-BS\",\"potentialAction\":[{\"@type\":\"ReadAction\",\"target\":[\"https:\/\/intl.phonak.com\/bs-ba\/obavijest-o-privatnosti\/\"]}]},{\"@type\":\"BreadcrumbList\",\"@id\":\"https:\/\/intl.phonak.com\/bs-ba\/obavijest-o-privatnosti\/#breadcrumb\",\"itemListElement\":[{\"@type\":\"ListItem\",\"position\":1,\"name\":\"Home\",\"item\":\"https:\/\/intl.phonak.com\/bs-ba\/\"},{\"@type\":\"ListItem\",\"position\":2,\"name\":\"Obavijest o privatnosti\"}]},{\"@type\":\"WebSite\",\"@id\":\"https:\/\/intl.phonak.com\/bs-ba\/#website\",\"url\":\"https:\/\/intl.phonak.com\/bs-ba\/\",\"name\":\"Phonak - Bosna Hercegovina\",\"description\":\"Posve\u0107eni promjeni \u017eivota\",\"publisher\":{\"@id\":\"https:\/\/intl.phonak.com\/bs-ba\/#organization\"},\"potentialAction\":[{\"@type\":\"SearchAction\",\"target\":{\"@type\":\"EntryPoint\",\"urlTemplate\":\"https:\/\/intl.phonak.com\/bs-ba\/?s={search_term_string}\"},\"query-input\":{\"@type\":\"PropertyValueSpecification\",\"valueRequired\":true,\"valueName\":\"search_term_string\"}}],\"inLanguage\":\"bs-BS\"},{\"@type\":\"Organization\",\"@id\":\"https:\/\/intl.phonak.com\/bs-ba\/#organization\",\"name\":\"Phonak - Bosna Hercegovina\",\"url\":\"https:\/\/intl.phonak.com\/bs-ba\/\",\"logo\":{\"@type\":\"ImageObject\",\"inLanguage\":\"bs-BS\",\"@id\":\"https:\/\/intl.phonak.com\/bs-ba\/#\/schema\/logo\/image\/\",\"url\":\"https:\/\/intl.phonak.com\/bs-ba\/wp-content\/uploads\/sites\/68\/2025\/07\/logo-phonak.svg\",\"contentUrl\":\"https:\/\/intl.phonak.com\/bs-ba\/wp-content\/uploads\/sites\/68\/2025\/07\/logo-phonak.svg\",\"caption\":\"Phonak - Bosna Hercegovina\"},\"image\":{\"@id\":\"https:\/\/intl.phonak.com\/bs-ba\/#\/schema\/logo\/image\/\"}}]}<\/script>\n<!-- \/ Yoast SEO plugin. -->","yoast_head_json":{"title":"Obavijest o privatnosti - Phonak - Bosna Hercegovina","robots":{"index":"index","follow":"follow","max-snippet":"max-snippet:-1","max-image-preview":"max-image-preview:large","max-video-preview":"max-video-preview:-1"},"canonical":"https:\/\/intl.phonak.com\/main-english\/privacy-notice\/","og_locale":"en_US","og_type":"article","og_title":"Obavijest o privatnosti - Phonak - Bosna Hercegovina","og_description":"Posljednje a\u017eurirano: April 2022 Ova Obavijest o privatnosti opisuje kako se va\u0161i li\u010dni podaci, uklju\u010duju\u0107i osjetljive podatke, prikupljaju i obra\u0111uju,...","og_url":"https:\/\/intl.phonak.com\/bs-ba\/obavijest-o-privatnosti\/","og_site_name":"Phonak - Bosna Hercegovina","article_modified_time":"2025-11-25T10:48:36+00:00","twitter_card":"summary_large_image","twitter_misc":{"Est. reading time":"6 minutes"},"schema":{"@context":"https:\/\/schema.org","@graph":[{"@type":"WebPage","@id":"https:\/\/intl.phonak.com\/bs-ba\/obavijest-o-privatnosti\/","url":"https:\/\/intl.phonak.com\/bs-ba\/obavijest-o-privatnosti\/","name":"Obavijest o privatnosti - Phonak - Bosna Hercegovina","isPartOf":{"@id":"https:\/\/intl.phonak.com\/bs-ba\/#website"},"datePublished":"2022-12-16T15:10:22+00:00","dateModified":"2025-11-25T10:48:36+00:00","breadcrumb":{"@id":"https:\/\/intl.phonak.com\/bs-ba\/obavijest-o-privatnosti\/#breadcrumb"},"inLanguage":"bs-BS","potentialAction":[{"@type":"ReadAction","target":["https:\/\/intl.phonak.com\/bs-ba\/obavijest-o-privatnosti\/"]}]},{"@type":"BreadcrumbList","@id":"https:\/\/intl.phonak.com\/bs-ba\/obavijest-o-privatnosti\/#breadcrumb","itemListElement":[{"@type":"ListItem","position":1,"name":"Home","item":"https:\/\/intl.phonak.com\/bs-ba\/"},{"@type":"ListItem","position":2,"name":"Obavijest o privatnosti"}]},{"@type":"WebSite","@id":"https:\/\/intl.phonak.com\/bs-ba\/#website","url":"https:\/\/intl.phonak.com\/bs-ba\/","name":"Phonak - Bosna Hercegovina","description":"Posve\u0107eni promjeni \u017eivota","publisher":{"@id":"https:\/\/intl.phonak.com\/bs-ba\/#organization"},"potentialAction":[{"@type":"SearchAction","target":{"@type":"EntryPoint","urlTemplate":"https:\/\/intl.phonak.com\/bs-ba\/?s={search_term_string}"},"query-input":{"@type":"PropertyValueSpecification","valueRequired":true,"valueName":"search_term_string"}}],"inLanguage":"bs-BS"},{"@type":"Organization","@id":"https:\/\/intl.phonak.com\/bs-ba\/#organization","name":"Phonak - Bosna Hercegovina","url":"https:\/\/intl.phonak.com\/bs-ba\/","logo":{"@type":"ImageObject","inLanguage":"bs-BS","@id":"https:\/\/intl.phonak.com\/bs-ba\/#\/schema\/logo\/image\/","url":"https:\/\/intl.phonak.com\/bs-ba\/wp-content\/uploads\/sites\/68\/2025\/07\/logo-phonak.svg","contentUrl":"https:\/\/intl.phonak.com\/bs-ba\/wp-content\/uploads\/sites\/68\/2025\/07\/logo-phonak.svg","caption":"Phonak - Bosna Hercegovina"},"image":{"@id":"https:\/\/intl.phonak.com\/bs-ba\/#\/schema\/logo\/image\/"}}]}},"jetpack_sharing_enabled":true,"distributor_meta":false,"distributor_terms":false,"distributor_media":false,"distributor_original_site_name":"Phonak - Bosna Hercegovina","distributor_original_site_url":"https:\/\/intl.phonak.com\/bs-ba","push-errors":false,"_links":{"self":[{"href":"https:\/\/intl.phonak.com\/bs-ba\/wp-json\/wp\/v2\/pages\/356","targetHints":{"allow":["GET"]}}],"collection":[{"href":"https:\/\/intl.phonak.com\/bs-ba\/wp-json\/wp\/v2\/pages"}],"about":[{"href":"https:\/\/intl.phonak.com\/bs-ba\/wp-json\/wp\/v2\/types\/page"}],"author":[{"embeddable":true,"href":"https:\/\/intl.phonak.com\/bs-ba\/wp-json\/wp\/v2\/users\/4"}],"replies":[{"embeddable":true,"href":"https:\/\/intl.phonak.com\/bs-ba\/wp-json\/wp\/v2\/comments?post=356"}],"version-history":[{"count":3,"href":"https:\/\/intl.phonak.com\/bs-ba\/wp-json\/wp\/v2\/pages\/356\/revisions"}],"predecessor-version":[{"id":1075,"href":"https:\/\/intl.phonak.com\/bs-ba\/wp-json\/wp\/v2\/pages\/356\/revisions\/1075"}],"wp:attachment":[{"href":"https:\/\/intl.phonak.com\/bs-ba\/wp-json\/wp\/v2\/media?parent=356"}],"curies":[{"name":"wp","href":"https:\/\/api.w.org\/{rel}","templated":true}]}}