{"id":354,"date":"2022-12-16T15:11:36","date_gmt":"2022-12-16T15:11:36","guid":{"rendered":"https:\/\/intl.phonak.com\/bs-ba\/cookie-privacy-notice\/"},"modified":"2025-11-25T11:06:30","modified_gmt":"2025-11-25T11:06:30","slug":"obavijest-o-kolacicima","status":"publish","type":"page","link":"https:\/\/intl.phonak.com\/bs-ba\/obavijest-o-kolacicima\/","title":{"rendered":"Obavijest o privatnosti kola\u010di\u0107a"},"content":{"rendered":"\n<div class=\"wp-block-group is-style-align-small is-layout-flow wp-block-group-is-layout-flow\">\n<p>Va\u017ei od: Januar 2025<\/p>   <p><strong>A. \u0160TA SU KOLA\u010cI\u0106I I DRUGI ALATI ZA PRA\u0106ENJE?<\/strong><\/p>   <p>Kola\u010di\u0107i su male datoteke koje ve\u0107ina internet pretra\u017eiva\u010da pohranjuje kako bi pratila informacije o posjetiteljima i omogu\u0107ila Sonovi da svoju web ponudu u\u010dini relevantnijom za vas. Tokom va\u0161e posjete na\u0161oj web stranici, Sonova koristi \u010detiri vrste kola\u010di\u0107a. Njihov period zadr\u017eavanja zavisi od svake zemlje i relevantnog primjenjivog zakona.<\/p>   <p><strong>A.2 KOJE KOLA\u010cI\u0106E KORISTIMO I ZA\u0160TO?<\/strong><\/p>  <div class=\"wp-list-block\"> <ul class=\"wp-block-list\">\n<li> Strogo potrebni kola\u010di\u0107i: ovi kola\u010di\u0107i su neophodni da bismo vam pru\u017eili osnovne funkcionalnosti na\u0161e web stranice i ne mogu se isklju\u010diti u na\u0161im sistemima.<\/li>   <li>Kola\u010di\u0107i za performanse i analitiku: ovi kola\u010di\u0107i nam omogu\u0107avaju da brojimo posjete i izvore prometa kako bismo izmjerili i pobolj\u0161ali performanse na\u0161e web stranice.<\/li>   <li>Funkcionalni kola\u010di\u0107i: ovi kola\u010di\u0107i se koriste za pru\u017eanje pobolj\u0161ane funkcionalnosti i personalizacije tokom va\u0161e posjete.<\/li>   <li>Ciljanje ili reklamni kola\u010di\u0107i: ovi kola\u010di\u0107i mogu biti postavljeni putem na\u0161e web stranice od strane na\u0161ih reklamnih partnera kako bi izgradili profil va\u0161ih interesa i predlo\u017eili relevantne reklame.<\/li>\n<\/ul> <\/div>  <p>Neke od kola\u010di\u0107a koje koriste na\u0161e web stranice postavljamo mi, a neke postavljaju tre\u0107e strane u ime Sonove. Molimo prona\u0111ite ispod listu svih kola\u010di\u0107a i drugih alata za pra\u0107enje koje koristi ova web stranica:<\/p>   \n<figure class=\"wp-block-table has-legal-font-size\"><table><tbody><tr><td><strong>Doma\u0107in<\/strong><\/td><td class=\"has-text-align-left\" data-align=\"left\"><strong>Kola\u010di\u0107i ili drugi alati za pra\u0107enje<\/strong><\/td><td><strong>Kategorija<\/strong><\/td><td><strong>\u017divotni vijek<\/strong><\/td><td><strong>Tre\u0107i ili vlastiti kola\u010di\u0107<\/strong><\/td><\/tr><tr><td>intl.phonak.com<\/td><td class=\"has-text-align-left\" data-align=\"left\">wordpressuser_XXXXXXXXXXXXXXXXXXXXXXXXXXXXX, OptanonConsent, wordpress_test_cookie, wordpress_XXXXXXXXXXXXXXXXXXXXXXXXXXXX, wordpress_logged_in_XXXXXXXXXXXXXXXXXXXXXXXXXXX, jetpack_sso_original_request, wp-postpass_XXXXXXXXXXXXXXXXXXXXXXXXXXXX, wp-settings-, wordpress_sec_, jetpack_sso_redirect_to, wordpresspass_XXXXXXXXXXXXXXXXXXXXXXXXXXXX, OptanonAlertBoxClosed, wp-settings-time-X<\/td><td><\/td><td><\/td><td><\/td><\/tr><tr><td>phonak.com<\/td><td class=\"has-text-align-left\" data-align=\"left\">_ga_xxxxxxxxxx, _ga<\/td><td>Kola\u010di\u0107i za performanse<\/td><td>1 godina<\/td><td>Prva strana<\/td><\/tr><\/tbody><\/table><\/figure>   <p><br><strong>A.3 KAKO UPRAVLJATI KOLA\u010cI\u0106IMA?<\/strong><\/p>   <p>Svaka vrsta kola\u010di\u0107a odra\u017eava odre\u0111enu svrhu, na na\u0161oj web stranici mo\u017eete lako pristati na svaku svrhu. Prihvatanjem svih kola\u010di\u0107a, ima\u0107ete potpuno personalizovano web iskustvo. Dozvoljavamo vam da izaberete koje vrste kola\u010di\u0107a prihvatate ili blokirate, ali to mo\u017ee uticati na va\u0161e iskustvo na web stranici i usluge koje nudimo. Ipak, mo\u017eete koristiti uslugu \u010dak i u slu\u010daju odbijanja pristanka na neke kola\u010di\u0107e, osim za strogo potrebne kola\u010di\u0107e.<br><br>Da biste povukli ili izmijenili svoj pristanak kliknite ovdje.<\/p>   <p>Ako niste zainteresovani za prednosti na\u0161ih kola\u010di\u0107a, funkcija &#8220;Pomo\u0107&#8221; va\u0161eg pretra\u017eiva\u010da mo\u017ee pru\u017eiti upute o tome kako sprije\u010diti kola\u010di\u0107e ili izbrisati postoje\u0107e kola\u010di\u0107e. Tako\u0111er, mo\u017eete nau\u010diti kako blokirati sve nove kola\u010di\u0107e na va\u0161em pretra\u017eiva\u010du i koji koraci konfiguracije su potrebni da biste primili obavijest o novim kola\u010di\u0107ima.<br><br>U svakom slu\u010daju, va\u0161 izbor (pristanak\/odbijanje) \u0107e biti \u010duvan na period od 6 mjeseci. <br><br>Vrlo korisne informacije o Kola\u010di\u0107ima op\u0107enito mogu se prona\u0107i na ovim web stranicama: <a href=\"http:\/\/www.allaboutcookies.org\/\" target=\"_blank\" rel=\"noreferrer noopener\">http:\/\/www.allaboutcookies.org\/<\/a> ili <a href=\"https:\/\/cookiepedia.co.uk\" target=\"_blank\" rel=\"noreferrer noopener\">https:\/\/cookiepedia.co.uk<\/a><\/p>   <p><strong>A.4 KAKO NAS KONTAKTIRATI?<\/strong><\/p>   <p>Za sva pitanja, komentare ili zabrinutosti u vezi s ovom Politikom, ili kako biste ostvarili svoja prava na privatnost dozvoljena va\u017ee\u0107im zakonom u vezi s li\u010dnim podacima, molimo kontaktirajte na\u0161eg slu\u017ebenika za za\u0161titu podataka na sljede\u0107u e-mail adresu: <a href=\"mailto:privacy@sonova.com\">privacy@sonova.com<\/a>.<br>Za dodatne informacije molimo konzultirajte na\u0161 <a href=\"https:\/\/intl.phonak.com\/bs-ba\/web-privacy-cookie-policy\/\">politika weba i kola\u010di\u0107a<\/a>.<\/p>   <p>Va\u017ei od: Januar 2025<\/p>\n<\/div> ","protected":false},"excerpt":{"rendered":"<p>Va\u017ei od: Januar 2025 A. \u0160TA SU KOLA\u010cI\u0106I I DRUGI ALATI ZA PRA\u0106ENJE? Kola\u010di\u0107i su male datoteke koje ve\u0107ina internet&#8230;<\/p>\n","protected":false},"author":4,"featured_media":0,"parent":0,"menu_order":0,"comment_status":"closed","ping_status":"closed","template":"","meta":{"_acf_changed":false,"inline_featured_image":false,"footnotes":""},"class_list":["post-354","page","type-page","status-publish","hentry"],"acf":[],"yoast_head":"<!-- This site is optimized with the Yoast SEO plugin v26.9 - https:\/\/yoast.com\/product\/yoast-seo-wordpress\/ -->\n<title>Obavijest o privatnosti kola\u010di\u0107a - Phonak - Bosna Hercegovina<\/title>\n<meta name=\"robots\" content=\"index, follow, max-snippet:-1, max-image-preview:large, max-video-preview:-1\" \/>\n<link rel=\"canonical\" href=\"https:\/\/intl.phonak.com\/main-english\/cookie-privacy-notice\/\" \/>\n<meta property=\"og:locale\" content=\"en_US\" \/>\n<meta property=\"og:type\" content=\"article\" \/>\n<meta property=\"og:title\" content=\"Obavijest o privatnosti kola\u010di\u0107a - Phonak - Bosna Hercegovina\" \/>\n<meta property=\"og:description\" content=\"Va\u017ei od: Januar 2025 A. \u0160TA SU KOLA\u010cI\u0106I I DRUGI ALATI ZA PRA\u0106ENJE? Kola\u010di\u0107i su male datoteke koje ve\u0107ina internet...\" \/>\n<meta property=\"og:url\" content=\"https:\/\/intl.phonak.com\/bs-ba\/obavijest-o-kolacicima\/\" \/>\n<meta property=\"og:site_name\" content=\"Phonak - Bosna Hercegovina\" \/>\n<meta property=\"article:modified_time\" content=\"2025-11-25T11:06:30+00:00\" \/>\n<meta name=\"twitter:card\" content=\"summary_large_image\" \/>\n<meta name=\"twitter:label1\" content=\"Est. reading time\" \/>\n\t<meta name=\"twitter:data1\" content=\"3 minutes\" \/>\n<script type=\"application\/ld+json\" class=\"yoast-schema-graph\">{\"@context\":\"https:\/\/schema.org\",\"@graph\":[{\"@type\":\"WebPage\",\"@id\":\"https:\/\/intl.phonak.com\/bs-ba\/obavijest-o-kolacicima\/\",\"url\":\"https:\/\/intl.phonak.com\/bs-ba\/obavijest-o-kolacicima\/\",\"name\":\"Obavijest o privatnosti kola\u010di\u0107a - Phonak - Bosna Hercegovina\",\"isPartOf\":{\"@id\":\"https:\/\/intl.phonak.com\/bs-ba\/#website\"},\"datePublished\":\"2022-12-16T15:11:36+00:00\",\"dateModified\":\"2025-11-25T11:06:30+00:00\",\"breadcrumb\":{\"@id\":\"https:\/\/intl.phonak.com\/bs-ba\/obavijest-o-kolacicima\/#breadcrumb\"},\"inLanguage\":\"bs-BS\",\"potentialAction\":[{\"@type\":\"ReadAction\",\"target\":[\"https:\/\/intl.phonak.com\/bs-ba\/obavijest-o-kolacicima\/\"]}]},{\"@type\":\"BreadcrumbList\",\"@id\":\"https:\/\/intl.phonak.com\/bs-ba\/obavijest-o-kolacicima\/#breadcrumb\",\"itemListElement\":[{\"@type\":\"ListItem\",\"position\":1,\"name\":\"Home\",\"item\":\"https:\/\/intl.phonak.com\/bs-ba\/\"},{\"@type\":\"ListItem\",\"position\":2,\"name\":\"Obavijest o kola\u010di\u0107ima\"}]},{\"@type\":\"WebSite\",\"@id\":\"https:\/\/intl.phonak.com\/bs-ba\/#website\",\"url\":\"https:\/\/intl.phonak.com\/bs-ba\/\",\"name\":\"Phonak - Bosna Hercegovina\",\"description\":\"Posve\u0107eni promjeni \u017eivota\",\"publisher\":{\"@id\":\"https:\/\/intl.phonak.com\/bs-ba\/#organization\"},\"potentialAction\":[{\"@type\":\"SearchAction\",\"target\":{\"@type\":\"EntryPoint\",\"urlTemplate\":\"https:\/\/intl.phonak.com\/bs-ba\/?s={search_term_string}\"},\"query-input\":{\"@type\":\"PropertyValueSpecification\",\"valueRequired\":true,\"valueName\":\"search_term_string\"}}],\"inLanguage\":\"bs-BS\"},{\"@type\":\"Organization\",\"@id\":\"https:\/\/intl.phonak.com\/bs-ba\/#organization\",\"name\":\"Phonak - Bosna Hercegovina\",\"url\":\"https:\/\/intl.phonak.com\/bs-ba\/\",\"logo\":{\"@type\":\"ImageObject\",\"inLanguage\":\"bs-BS\",\"@id\":\"https:\/\/intl.phonak.com\/bs-ba\/#\/schema\/logo\/image\/\",\"url\":\"https:\/\/intl.phonak.com\/bs-ba\/wp-content\/uploads\/sites\/68\/2025\/07\/logo-phonak.svg\",\"contentUrl\":\"https:\/\/intl.phonak.com\/bs-ba\/wp-content\/uploads\/sites\/68\/2025\/07\/logo-phonak.svg\",\"caption\":\"Phonak - Bosna Hercegovina\"},\"image\":{\"@id\":\"https:\/\/intl.phonak.com\/bs-ba\/#\/schema\/logo\/image\/\"}}]}<\/script>\n<!-- \/ Yoast SEO plugin. -->","yoast_head_json":{"title":"Obavijest o privatnosti kola\u010di\u0107a - Phonak - Bosna Hercegovina","robots":{"index":"index","follow":"follow","max-snippet":"max-snippet:-1","max-image-preview":"max-image-preview:large","max-video-preview":"max-video-preview:-1"},"canonical":"https:\/\/intl.phonak.com\/main-english\/cookie-privacy-notice\/","og_locale":"en_US","og_type":"article","og_title":"Obavijest o privatnosti kola\u010di\u0107a - Phonak - Bosna Hercegovina","og_description":"Va\u017ei od: Januar 2025 A. \u0160TA SU KOLA\u010cI\u0106I I DRUGI ALATI ZA PRA\u0106ENJE? Kola\u010di\u0107i su male datoteke koje ve\u0107ina internet...","og_url":"https:\/\/intl.phonak.com\/bs-ba\/obavijest-o-kolacicima\/","og_site_name":"Phonak - Bosna Hercegovina","article_modified_time":"2025-11-25T11:06:30+00:00","twitter_card":"summary_large_image","twitter_misc":{"Est. reading time":"3 minutes"},"schema":{"@context":"https:\/\/schema.org","@graph":[{"@type":"WebPage","@id":"https:\/\/intl.phonak.com\/bs-ba\/obavijest-o-kolacicima\/","url":"https:\/\/intl.phonak.com\/bs-ba\/obavijest-o-kolacicima\/","name":"Obavijest o privatnosti kola\u010di\u0107a - Phonak - Bosna Hercegovina","isPartOf":{"@id":"https:\/\/intl.phonak.com\/bs-ba\/#website"},"datePublished":"2022-12-16T15:11:36+00:00","dateModified":"2025-11-25T11:06:30+00:00","breadcrumb":{"@id":"https:\/\/intl.phonak.com\/bs-ba\/obavijest-o-kolacicima\/#breadcrumb"},"inLanguage":"bs-BS","potentialAction":[{"@type":"ReadAction","target":["https:\/\/intl.phonak.com\/bs-ba\/obavijest-o-kolacicima\/"]}]},{"@type":"BreadcrumbList","@id":"https:\/\/intl.phonak.com\/bs-ba\/obavijest-o-kolacicima\/#breadcrumb","itemListElement":[{"@type":"ListItem","position":1,"name":"Home","item":"https:\/\/intl.phonak.com\/bs-ba\/"},{"@type":"ListItem","position":2,"name":"Obavijest o kola\u010di\u0107ima"}]},{"@type":"WebSite","@id":"https:\/\/intl.phonak.com\/bs-ba\/#website","url":"https:\/\/intl.phonak.com\/bs-ba\/","name":"Phonak - Bosna Hercegovina","description":"Posve\u0107eni promjeni \u017eivota","publisher":{"@id":"https:\/\/intl.phonak.com\/bs-ba\/#organization"},"potentialAction":[{"@type":"SearchAction","target":{"@type":"EntryPoint","urlTemplate":"https:\/\/intl.phonak.com\/bs-ba\/?s={search_term_string}"},"query-input":{"@type":"PropertyValueSpecification","valueRequired":true,"valueName":"search_term_string"}}],"inLanguage":"bs-BS"},{"@type":"Organization","@id":"https:\/\/intl.phonak.com\/bs-ba\/#organization","name":"Phonak - Bosna Hercegovina","url":"https:\/\/intl.phonak.com\/bs-ba\/","logo":{"@type":"ImageObject","inLanguage":"bs-BS","@id":"https:\/\/intl.phonak.com\/bs-ba\/#\/schema\/logo\/image\/","url":"https:\/\/intl.phonak.com\/bs-ba\/wp-content\/uploads\/sites\/68\/2025\/07\/logo-phonak.svg","contentUrl":"https:\/\/intl.phonak.com\/bs-ba\/wp-content\/uploads\/sites\/68\/2025\/07\/logo-phonak.svg","caption":"Phonak - Bosna Hercegovina"},"image":{"@id":"https:\/\/intl.phonak.com\/bs-ba\/#\/schema\/logo\/image\/"}}]}},"jetpack_sharing_enabled":true,"distributor_meta":false,"distributor_terms":false,"distributor_media":false,"distributor_original_site_name":"Phonak - Bosna Hercegovina","distributor_original_site_url":"https:\/\/intl.phonak.com\/bs-ba","push-errors":false,"_links":{"self":[{"href":"https:\/\/intl.phonak.com\/bs-ba\/wp-json\/wp\/v2\/pages\/354","targetHints":{"allow":["GET"]}}],"collection":[{"href":"https:\/\/intl.phonak.com\/bs-ba\/wp-json\/wp\/v2\/pages"}],"about":[{"href":"https:\/\/intl.phonak.com\/bs-ba\/wp-json\/wp\/v2\/types\/page"}],"author":[{"embeddable":true,"href":"https:\/\/intl.phonak.com\/bs-ba\/wp-json\/wp\/v2\/users\/4"}],"replies":[{"embeddable":true,"href":"https:\/\/intl.phonak.com\/bs-ba\/wp-json\/wp\/v2\/comments?post=354"}],"version-history":[{"count":4,"href":"https:\/\/intl.phonak.com\/bs-ba\/wp-json\/wp\/v2\/pages\/354\/revisions"}],"predecessor-version":[{"id":1077,"href":"https:\/\/intl.phonak.com\/bs-ba\/wp-json\/wp\/v2\/pages\/354\/revisions\/1077"}],"wp:attachment":[{"href":"https:\/\/intl.phonak.com\/bs-ba\/wp-json\/wp\/v2\/media?parent=354"}],"curies":[{"name":"wp","href":"https:\/\/api.w.org\/{rel}","templated":true}]}}